{"id":104363,"date":"2024-10-09T11:24:28","date_gmt":"2024-10-09T09:24:28","guid":{"rendered":"https:\/\/univet.hu\/?page_id=104363"},"modified":"2026-02-26T15:28:38","modified_gmt":"2026-02-26T14:28:38","slug":"job-fair-2025","status":"publish","type":"page","link":"https:\/\/univet.hu\/allasborze\/en\/","title":{"rendered":"Job Fair 2026"},"content":{"rendered":"<p>Thank you for attending our 9th Job Fair! Click here for the Photo gallery:<\/p> <p>\u200b<a href=\"https:\/\/allatorvosiegyetem.sharepoint.com\/:f:\/s\/kommunikacio\/IgCTaSzr1g93TYyhpxyMChhYAYs7XhW9wbs8KsFxeufTHJA?e=lzfkZ8\">JobFair 2026<\/a><\/p> <p>\u200b\u200b<\/p> <p><strong>Hope to see you in 2027!<\/strong><\/p> <hr \/> <p>&nbsp;<\/p> <p>We hope to welcome you soon to our annual UNIVET Job fair!<\/p> <p><strong>Date:<\/strong> 2026. February 12th \u2013 10 AM \u2013 4 PM<\/p> <p><strong>Venue:<\/strong> University of Veterinary Medicine Budapest, Main Hall (Hungary, 1078-Budapest, Istv\u00e1n str. 2)<\/p> <p><span class=\"emphasis\">Registration for Exhibitors is CLOSED.<\/span><\/p> <p>&nbsp;<\/p> <h4><span style=\"color: #ff0000\">We are thrilled to invite you to a workshop hosted by Tierarzt Plus Partner.<\/span><\/h4> <p><strong>Kick-start your vet career with practical insights and real-life case studies<\/strong><\/p> <p><a href=\"https:\/\/univet.hu\/allasborze\/wp-content\/uploads\/sites\/2\/2026\/01\/tierartzplus.png\"><img loading=\"lazy\" decoding=\"async\" class=\"alignleft size-full wp-image-173390\" src=\"https:\/\/univet.hu\/allasborze\/wp-content\/uploads\/sites\/2\/2026\/01\/tierartzplus.png\" alt=\"\" width=\"225\" height=\"225\" srcset=\"https:\/\/univet.hu\/allasborze\/wp-content\/uploads\/sites\/2\/2026\/01\/tierartzplus.png 225w, https:\/\/univet.hu\/allasborze\/wp-content\/uploads\/sites\/2\/2026\/01\/tierartzplus-150x150.png 150w\" sizes=\"auto, (max-width: 225px) 100vw, 225px\" \/><\/a>Their goal is to provide you with a transparent look into the veterinary profession and equip you with the practical confidence you need for your first day in a clinic.<\/p> <p><strong>When?<\/strong> 11:30AM &#8211; 12th February 2026<\/p> <p><strong>Where?<\/strong> Building H &#8211; Tolnay S\u00e1ndor Lecture Hall<\/p> <p><strong>Registration link:<\/strong> <a href=\"https:\/\/www.tierarztpluspartner.de\/elevate-your-veterinary-future\/\">https:\/\/www.tierarztpluspartner.de\/elevate-your-veterinary-future\/<\/a><\/p> <p>&nbsp;<\/p> <p><strong>About Tierarzt Plus Partner<\/strong><\/p> <p>Tierarzt Plus Partner is a leading network of more than 100 small animal clinics across Germany. We focus on empowering veterinarians by handling the administrative parts\u2014like HR, Marketing, and Finance\u2014so our teams can focus entirely on high-quality medicine and patient care. We are committed to fostering a supportive environment that preserves the unique culture and local identity of every clinic within our network. Furthermore, we promote professional growth through our dedicated Graduate and Internship Programs and a strong system of expert knowledge-sharing.<\/p> <p>&nbsp;<\/p> <p><a href=\"https:\/\/univet.hu\/allasborze\/wp-content\/uploads\/sites\/2\/2026\/02\/Allasborze-program-A4-260130-ok-1.png\"><img loading=\"lazy\" decoding=\"async\" class=\"aligncenter size-large wp-image-173421\" src=\"https:\/\/univet.hu\/allasborze\/wp-content\/uploads\/sites\/2\/2026\/02\/Allasborze-program-A4-260130-ok-1-724x1024.png\" alt=\"\" width=\"724\" height=\"1024\" srcset=\"https:\/\/univet.hu\/allasborze\/wp-content\/uploads\/sites\/2\/2026\/02\/Allasborze-program-A4-260130-ok-1-724x1024.png 724w, https:\/\/univet.hu\/allasborze\/wp-content\/uploads\/sites\/2\/2026\/02\/Allasborze-program-A4-260130-ok-1-226x320.png 226w, https:\/\/univet.hu\/allasborze\/wp-content\/uploads\/sites\/2\/2026\/02\/Allasborze-program-A4-260130-ok-1-768x1086.png 768w, https:\/\/univet.hu\/allasborze\/wp-content\/uploads\/sites\/2\/2026\/02\/Allasborze-program-A4-260130-ok-1-1086x1536.png 1086w, https:\/\/univet.hu\/allasborze\/wp-content\/uploads\/sites\/2\/2026\/02\/Allasborze-program-A4-260130-ok-1-1448x2048.png 1448w, https:\/\/univet.hu\/allasborze\/wp-content\/uploads\/sites\/2\/2026\/02\/Allasborze-program-A4-260130-ok-1.png 1654w\" sizes=\"auto, (max-width: 724px) 100vw, 724px\" \/><\/a><\/p> <p>&nbsp;<\/p> <p><strong>Event Contact:<\/strong><\/p> <p>University of Veterinary Medicine Budapest<br \/> Communications Department<br \/> Address: 1078 Budapest, Istv\u00e1n u. 2.<br \/> Phone: +36 1 478 4100 \/ 8362 &#8211; Email: <a class=\"decrypt\" rel=\"sfoef{wfozAvojwfu\/iv\" href=\"javascript:void(0);\">[Click to see email]<\/a><\/p>","protected":false},"excerpt":{"rendered":"<p>Thank you for attending our 9th Job Fair! Click here for the Photo gallery: \u200bJobFair 2026 \u200b\u200b Hope to see you in 2027! &nbsp; We hope to welcome you soon to our annual UNIVET Job fair! Date: 2026. February 12th \u2013 10 AM \u2013 4 PM Venue: University of Veterinary Medicine Budapest, Main Hall (Hungary,<\/p>\n","protected":false},"author":2518,"featured_media":0,"parent":0,"menu_order":0,"comment_status":"closed","ping_status":"closed","template":"","meta":{"_acf_changed":false,"footnotes":""},"categories":[],"tags":[],"class_list":["post-104363","page","type-page","status-publish","hentry"],"acf":[],"yoast_head":"<!-- This site is optimized with the Yoast SEO plugin v27.2 - https:\/\/yoast.com\/product\/yoast-seo-wordpress\/ -->\n<title>Job Fair 2026 - \u00c1ll\u00e1sb\u00f6rze<\/title>\n<meta name=\"robots\" content=\"index, follow, max-snippet:-1, max-image-preview:large, max-video-preview:-1\" \/>\n<link rel=\"canonical\" href=\"https:\/\/univet.hu\/allasborze\/en\/\" \/>\n<meta property=\"og:locale\" content=\"en_US\" \/>\n<meta property=\"og:type\" content=\"article\" \/>\n<meta property=\"og:title\" content=\"Job Fair 2026 - \u00c1ll\u00e1sb\u00f6rze\" \/>\n<meta property=\"og:description\" content=\"Thank you for attending our 9th Job Fair! Click here for the Photo gallery: \u200bJobFair 2026 \u200b\u200b Hope to see you in 2027! &nbsp; We hope to welcome you soon to our annual UNIVET Job fair! Date: 2026. February 12th \u2013 10 AM \u2013 4 PM Venue: University of Veterinary Medicine Budapest, Main Hall (Hungary,\" \/>\n<meta property=\"og:url\" content=\"https:\/\/univet.hu\/allasborze\/en\/\" \/>\n<meta property=\"og:site_name\" content=\"\u00c1ll\u00e1sb\u00f6rze\" \/>\n<meta property=\"article:modified_time\" content=\"2026-02-26T14:28:38+00:00\" \/>\n<meta property=\"og:image\" content=\"https:\/\/univet.hu\/allasborze\/wp-content\/uploads\/sites\/2\/2026\/01\/tierartzplus.png\" \/>\n\t<meta property=\"og:image:width\" content=\"225\" \/>\n\t<meta property=\"og:image:height\" content=\"225\" \/>\n\t<meta property=\"og:image:type\" content=\"image\/png\" \/>\n<meta name=\"twitter:card\" content=\"summary_large_image\" \/>\n<meta name=\"twitter:label1\" content=\"Est. reading time\" \/>\n\t<meta name=\"twitter:data1\" content=\"2 minutes\" \/>\n<script type=\"application\/ld+json\" class=\"yoast-schema-graph\">{\"@context\":\"https:\/\/schema.org\",\"@graph\":[{\"@type\":\"WebPage\",\"@id\":\"https:\/\/univet.hu\/allasborze\/en\/\",\"url\":\"https:\/\/univet.hu\/allasborze\/en\/\",\"name\":\"Job Fair 2026 - \u00c1ll\u00e1sb\u00f6rze\",\"isPartOf\":{\"@id\":\"https:\/\/univet.hu\/allasborze\/#website\"},\"primaryImageOfPage\":{\"@id\":\"https:\/\/univet.hu\/allasborze\/en\/#primaryimage\"},\"image\":{\"@id\":\"https:\/\/univet.hu\/allasborze\/en\/#primaryimage\"},\"thumbnailUrl\":\"https:\/\/univet.hu\/allasborze\/wp-content\/uploads\/sites\/2\/2026\/01\/tierartzplus.png\",\"datePublished\":\"2024-10-09T09:24:28+00:00\",\"dateModified\":\"2026-02-26T14:28:38+00:00\",\"breadcrumb\":{\"@id\":\"https:\/\/univet.hu\/allasborze\/en\/#breadcrumb\"},\"inLanguage\":\"en-US\",\"potentialAction\":[{\"@type\":\"ReadAction\",\"target\":[\"https:\/\/univet.hu\/allasborze\/en\/\"]}]},{\"@type\":\"ImageObject\",\"inLanguage\":\"en-US\",\"@id\":\"https:\/\/univet.hu\/allasborze\/en\/#primaryimage\",\"url\":\"https:\/\/univet.hu\/allasborze\/wp-content\/uploads\/sites\/2\/2026\/01\/tierartzplus.png\",\"contentUrl\":\"https:\/\/univet.hu\/allasborze\/wp-content\/uploads\/sites\/2\/2026\/01\/tierartzplus.png\"},{\"@type\":\"BreadcrumbList\",\"@id\":\"https:\/\/univet.hu\/allasborze\/en\/#breadcrumb\",\"itemListElement\":[{\"@type\":\"ListItem\",\"position\":1,\"name\":\"Kezd\u0151lap\",\"item\":\"https:\/\/univet.hu\/allasborze\/en\/\"},{\"@type\":\"ListItem\",\"position\":2,\"name\":\"Job Fair 2026\"}]},{\"@type\":\"WebSite\",\"@id\":\"https:\/\/univet.hu\/allasborze\/#website\",\"url\":\"https:\/\/univet.hu\/allasborze\/\",\"name\":\"\u00c1ll\u00e1sb\u00f6rze\",\"description\":\"\",\"potentialAction\":[{\"@type\":\"SearchAction\",\"target\":{\"@type\":\"EntryPoint\",\"urlTemplate\":\"https:\/\/univet.hu\/allasborze\/?s={search_term_string}\"},\"query-input\":{\"@type\":\"PropertyValueSpecification\",\"valueRequired\":true,\"valueName\":\"search_term_string\"}}],\"inLanguage\":\"en-US\"}]}<\/script>\n<!-- \/ Yoast SEO plugin. -->","yoast_head_json":{"title":"Job Fair 2026 - \u00c1ll\u00e1sb\u00f6rze","robots":{"index":"index","follow":"follow","max-snippet":"max-snippet:-1","max-image-preview":"max-image-preview:large","max-video-preview":"max-video-preview:-1"},"canonical":"https:\/\/univet.hu\/allasborze\/en\/","og_locale":"en_US","og_type":"article","og_title":"Job Fair 2026 - \u00c1ll\u00e1sb\u00f6rze","og_description":"Thank you for attending our 9th Job Fair! Click here for the Photo gallery: \u200bJobFair 2026 \u200b\u200b Hope to see you in 2027! &nbsp; We hope to welcome you soon to our annual UNIVET Job fair! Date: 2026. February 12th \u2013 10 AM \u2013 4 PM Venue: University of Veterinary Medicine Budapest, Main Hall (Hungary,","og_url":"https:\/\/univet.hu\/allasborze\/en\/","og_site_name":"\u00c1ll\u00e1sb\u00f6rze","article_modified_time":"2026-02-26T14:28:38+00:00","og_image":[{"width":225,"height":225,"url":"https:\/\/univet.hu\/allasborze\/wp-content\/uploads\/sites\/2\/2026\/01\/tierartzplus.png","type":"image\/png"}],"twitter_card":"summary_large_image","twitter_misc":{"Est. reading time":"2 minutes"},"schema":{"@context":"https:\/\/schema.org","@graph":[{"@type":"WebPage","@id":"https:\/\/univet.hu\/allasborze\/en\/","url":"https:\/\/univet.hu\/allasborze\/en\/","name":"Job Fair 2026 - \u00c1ll\u00e1sb\u00f6rze","isPartOf":{"@id":"https:\/\/univet.hu\/allasborze\/#website"},"primaryImageOfPage":{"@id":"https:\/\/univet.hu\/allasborze\/en\/#primaryimage"},"image":{"@id":"https:\/\/univet.hu\/allasborze\/en\/#primaryimage"},"thumbnailUrl":"https:\/\/univet.hu\/allasborze\/wp-content\/uploads\/sites\/2\/2026\/01\/tierartzplus.png","datePublished":"2024-10-09T09:24:28+00:00","dateModified":"2026-02-26T14:28:38+00:00","breadcrumb":{"@id":"https:\/\/univet.hu\/allasborze\/en\/#breadcrumb"},"inLanguage":"en-US","potentialAction":[{"@type":"ReadAction","target":["https:\/\/univet.hu\/allasborze\/en\/"]}]},{"@type":"ImageObject","inLanguage":"en-US","@id":"https:\/\/univet.hu\/allasborze\/en\/#primaryimage","url":"https:\/\/univet.hu\/allasborze\/wp-content\/uploads\/sites\/2\/2026\/01\/tierartzplus.png","contentUrl":"https:\/\/univet.hu\/allasborze\/wp-content\/uploads\/sites\/2\/2026\/01\/tierartzplus.png"},{"@type":"BreadcrumbList","@id":"https:\/\/univet.hu\/allasborze\/en\/#breadcrumb","itemListElement":[{"@type":"ListItem","position":1,"name":"Kezd\u0151lap","item":"https:\/\/univet.hu\/allasborze\/en\/"},{"@type":"ListItem","position":2,"name":"Job Fair 2026"}]},{"@type":"WebSite","@id":"https:\/\/univet.hu\/allasborze\/#website","url":"https:\/\/univet.hu\/allasborze\/","name":"\u00c1ll\u00e1sb\u00f6rze","description":"","potentialAction":[{"@type":"SearchAction","target":{"@type":"EntryPoint","urlTemplate":"https:\/\/univet.hu\/allasborze\/?s={search_term_string}"},"query-input":{"@type":"PropertyValueSpecification","valueRequired":true,"valueName":"search_term_string"}}],"inLanguage":"en-US"}]}},"_links":{"self":[{"href":"https:\/\/univet.hu\/allasborze\/en\/wp-json\/wp\/v2\/pages\/104363","targetHints":{"allow":["GET"]}}],"collection":[{"href":"https:\/\/univet.hu\/allasborze\/en\/wp-json\/wp\/v2\/pages"}],"about":[{"href":"https:\/\/univet.hu\/allasborze\/en\/wp-json\/wp\/v2\/types\/page"}],"author":[{"embeddable":true,"href":"https:\/\/univet.hu\/allasborze\/en\/wp-json\/wp\/v2\/users\/2518"}],"replies":[{"embeddable":true,"href":"https:\/\/univet.hu\/allasborze\/en\/wp-json\/wp\/v2\/comments?post=104363"}],"version-history":[{"count":5,"href":"https:\/\/univet.hu\/allasborze\/en\/wp-json\/wp\/v2\/pages\/104363\/revisions"}],"predecessor-version":[{"id":173540,"href":"https:\/\/univet.hu\/allasborze\/en\/wp-json\/wp\/v2\/pages\/104363\/revisions\/173540"}],"wp:attachment":[{"href":"https:\/\/univet.hu\/allasborze\/en\/wp-json\/wp\/v2\/media?parent=104363"}],"wp:term":[{"taxonomy":"category","embeddable":true,"href":"https:\/\/univet.hu\/allasborze\/en\/wp-json\/wp\/v2\/categories?post=104363"},{"taxonomy":"post_tag","embeddable":true,"href":"https:\/\/univet.hu\/allasborze\/en\/wp-json\/wp\/v2\/tags?post=104363"}],"curies":[{"name":"wp","href":"https:\/\/api.w.org\/{rel}","templated":true}]}}