{"id":172613,"date":"2025-01-07T13:43:55","date_gmt":"2025-01-07T12:43:55","guid":{"rendered":"https:\/\/univet.hu\/?page_id=172613"},"modified":"2026-02-04T12:50:14","modified_gmt":"2026-02-04T11:50:14","slug":"job-offers","status":"publish","type":"page","link":"https:\/\/univet.hu\/allasborze\/en\/job-fair-2025\/job-offers\/","title":{"rendered":"Job offers"},"content":{"rendered":"<p><em>We are constantly updating our website.<\/em><\/p> <p><strong>IVC evidensia job offers &#8211; Germany:<\/strong><\/p> <p><a href=\"https:\/\/univet.hu\/allasborze\/wp-content\/uploads\/sites\/2\/2026\/02\/Zahnteilkunde_Stommeln.pdf\">Zahnteilkunde_Stommeln<\/a><\/p> <p><a href=\"https:\/\/univet.hu\/allasborze\/wp-content\/uploads\/sites\/2\/2026\/02\/Chirurgie_Stadtsteinach.pdf\">Chirurgie_Stadtsteinach<\/a><\/p> <p><a href=\"https:\/\/univet.hu\/allasborze\/wp-content\/uploads\/sites\/2\/2026\/02\/Diplomate_ECVN_Stommeln.pdf\">Diplomate_ECVN_Stommeln<\/a><\/p> <p><a href=\"https:\/\/univet.hu\/allasborze\/wp-content\/uploads\/sites\/2\/2026\/02\/Kleintiere_Bad_Segeberg.pdf\">Kleintiere_Bad_Segeberg<\/a><\/p> <p><a href=\"https:\/\/univet.hu\/allasborze\/wp-content\/uploads\/sites\/2\/2026\/02\/Kleintiere_Brackwede.pdf\">Kleintiere_Brackwede<\/a><\/p> <p><a href=\"https:\/\/univet.hu\/allasborze\/wp-content\/uploads\/sites\/2\/2026\/02\/Kleintiere_Chirurgie_Erfurt.pdf\">Kleintiere_Chirurgie_Erfurt<\/a><\/p> <p><a href=\"https:\/\/univet.hu\/allasborze\/wp-content\/uploads\/sites\/2\/2026\/02\/Kleintiere_Kelheim.pdf\">Kleintiere_Kelheim<\/a><\/p> <p><a href=\"https:\/\/univet.hu\/allasborze\/wp-content\/uploads\/sites\/2\/2026\/02\/Kleintiere_Lich.pdf\">Kleintiere_Lich<\/a><\/p> <p><a href=\"https:\/\/univet.hu\/allasborze\/wp-content\/uploads\/sites\/2\/2026\/02\/Kleintiere_Stadtsteinach.pdf\">Kleintiere_Stadtsteinach<\/a><\/p> <p><a href=\"https:\/\/univet.hu\/allasborze\/wp-content\/uploads\/sites\/2\/2026\/02\/Kleintiere_Stommeln.pdf\">Kleintiere_Stommeln<\/a><\/p> <p><a href=\"https:\/\/univet.hu\/allasborze\/wp-content\/uploads\/sites\/2\/2026\/02\/Kleintiere_Trier.pdf\">Kleintiere_Trier<\/a><\/p> <p><a href=\"https:\/\/univet.hu\/allasborze\/wp-content\/uploads\/sites\/2\/2026\/02\/Kleintiere_Wittenberg.pdf\">Kleintiere_Wittenberg<\/a><\/p> <p><a href=\"https:\/\/univet.hu\/allasborze\/wp-content\/uploads\/sites\/2\/2026\/02\/Nachtdienst_Norderstedt.pdf\">Nachtdienst_Norderstedt<\/a><\/p> <p><a href=\"https:\/\/univet.hu\/allasborze\/wp-content\/uploads\/sites\/2\/2026\/02\/Notfallambulanz__Berlin.pdf\">Notfallambulanz__Berlin<\/a><\/p> <p><a href=\"https:\/\/univet.hu\/allasborze\/wp-content\/uploads\/sites\/2\/2026\/02\/Ophthalmologie_Munchen.pdf\">Ophthalmologie_M\u00fcnchen<\/a><\/p> <p><a href=\"https:\/\/univet.hu\/allasborze\/wp-content\/uploads\/sites\/2\/2026\/02\/Pferde_Reichenberg.pdf\">Pferde_Reichenberg<\/a><\/p> <p><a href=\"https:\/\/univet.hu\/allasborze\/wp-content\/uploads\/sites\/2\/2026\/02\/SOL_Schwabach.pdf\">SOL_Schwabach<\/a><\/p> <p><a href=\"https:\/\/univet.hu\/allasborze\/wp-content\/uploads\/sites\/2\/2026\/02\/Weichteilchirurgie_Norderstedt.pdf\">Weichteilchirurgie_Norderstedt<\/a><\/p> <p><a href=\"https:\/\/univet.hu\/allasborze\/wp-content\/uploads\/sites\/2\/2026\/02\/Wochenenddienst_Norderstedt.pdf\">Wochenenddienst_Norderstedt<\/a><\/p> <p><a href=\"https:\/\/univet.hu\/allasborze\/wp-content\/uploads\/sites\/2\/2026\/02\/Zahnheilkunde_Stadtsteinach.pdf\">Zahnheilkunde_Stadtsteinach<\/a><\/p> <p><a href=\"https:\/\/univet.hu\/allasborze\/wp-content\/uploads\/sites\/2\/2026\/02\/Assistenz_Kalbach.pdf\">Assistenz_Kalbach<\/a><\/p> <p><a href=\"https:\/\/univet.hu\/allasborze\/wp-content\/uploads\/sites\/2\/2026\/02\/Assistenz_Weiterbildung_Chirurgie_Stommeln.pdf\">Assistenz_Weiterbildung_Chirurgie_Stommeln<\/a><\/p> <p><a href=\"https:\/\/univet.hu\/allasborze\/wp-content\/uploads\/sites\/2\/2026\/02\/Chirurgie_Dental_Wenzenbach.pdf\">Chirurgie_Dental_Wenzenbach<\/a><\/p> <p><a href=\"https:\/\/univet.hu\/allasborze\/wp-content\/uploads\/sites\/2\/2026\/02\/Chirurgie_Rendsburg.pdf\">Chirurgie_Rendsburg<\/a><\/p> <p>&nbsp;<\/p> <p><strong>More international job offers:<\/strong><\/p> <p><a href=\"https:\/\/univet.hu\/allasborze\/wp-content\/uploads\/sites\/2\/2026\/01\/WEK-Tierarzt-1.pdf\" target=\"_blank\" rel=\"noopener\">Tierarzt\/-arztin f\u00fcr Gefl\u00fcgel\/schwein gesuch &#8211; VEK Tierarzt Praxis, Visbek, Germany,\u00a0<\/a> <a href=\"https:\/\/univet.hu\/allasborze\/wp-content\/uploads\/sites\/2\/2026\/01\/Veterinary-Job-WEK-Tierarzt.pdf\">Veterinary Job &#8211; 5th-year graduating students\u00a0<\/a><\/p> <p><a href=\"https:\/\/univet.hu\/allasborze\/wp-content\/uploads\/sites\/2\/2025\/12\/Student-Brand-Ambassador-m_w_d-Tierarzt-Plus-Partner.pdf\">Student Brand Ambassador (m_w_d) &#8211; Tierarzt Plus Partner<\/a><\/p> <p><a href=\"https:\/\/univet.hu\/allasborze\/wp-content\/uploads\/sites\/2\/2025\/12\/Stellenanzeige.pdf\">Tierarzt &#8211; Nutztierpraxis &#8211; Austria<\/a><\/p> <p><a href=\"https:\/\/univet.hu\/allasborze\/wp-content\/uploads\/sites\/2\/2025\/06\/Stellenanzeige-KT-06_2025-Kleintiermediziner_in_Physio_06_25.pdf\" target=\"_blank\" rel=\"noopener\">Stellenausschreibung \u201eKleintiermedizinerIn&#8221; mit physiotherapeutischer Ausbildung &#8211; PFI DR. VET &#8211; Die Tier\u00e4rzte OG, Austria<\/a><\/p> <p><a href=\"https:\/\/univet.hu\/allasborze\/wp-content\/uploads\/sites\/2\/2025\/06\/Stellenanzeige-KT-06_2025-Kleintiermediziner_mit-Erfahrung_16_06_25.pdf\" target=\"_blank\" rel=\"noopener\">Stellenausschreibung \u201eKleintiermedizinerIn mit Erfahrung\u201c &#8211; PFI DR. VET &#8211; Die Tier\u00e4rzte OG, Austria<\/a><\/p> <p><a href=\"https:\/\/univet.hu\/allasborze\/wp-content\/uploads\/sites\/2\/2025\/03\/Stellenanzeige-KT_02_2025_TFA_mit_ErfahrungVZ_TZ.pdf\" target=\"_blank\" rel=\"noopener\"> Stellenausschreibung \u201eTFA\/TierarzthelferIn mit Erfahrung\u201c (m\/w\/d) Voll- oder Teilzeit &#8211; PFI DR. VET &#8211; Die Tier\u00e4rzte OG, Austria<\/a><\/p> <p><a href=\"https:\/\/univet.hu\/allasborze\/wp-content\/uploads\/sites\/2\/2025\/03\/Stellenanzeige-KT-02_2025-Kleintiermediziner_in_Physio_03_25.pdf\" target=\"_blank\" rel=\"noopener\">Stellenausschreibung \u201eKleintiermedizinerIn\u201c (m\/w\/d) &#8211; Die Tier\u00e4rzte OG, Austria<\/a><\/p> <p><a href=\"https:\/\/univet.hu\/allasborze\/wp-content\/uploads\/sites\/2\/2025\/03\/Stellenanzeige-KT-02_2025-Kleintiermediziner_in.pdf\" target=\"_blank\" rel=\"noopener\">Stellenausschreibung \u201eKleintiermedizinerIn\u201c (m\/w\/d) &#8211; Die Tier\u00e4rzte OG, Austria<\/a><\/p> <p><a href=\"https:\/\/univet.hu\/allasborze\/wp-content\/uploads\/sites\/2\/2025\/02\/Externship-Advert.pdf\">Externship Advert &#8211; Veterinary undergraduate students (4th\/5th year) interested in equine reproduction and foal medicine &#8211; Twenlows Stud Farm<\/a><\/p> <p>&nbsp;<\/p>","protected":false},"excerpt":{"rendered":"<p>We are constantly updating our website. IVC evidensia job offers &#8211; Germany: Zahnteilkunde_Stommeln Chirurgie_Stadtsteinach Diplomate_ECVN_Stommeln Kleintiere_Bad_Segeberg Kleintiere_Brackwede Kleintiere_Chirurgie_Erfurt Kleintiere_Kelheim Kleintiere_Lich Kleintiere_Stadtsteinach Kleintiere_Stommeln Kleintiere_Trier Kleintiere_Wittenberg Nachtdienst_Norderstedt Notfallambulanz__Berlin Ophthalmologie_M\u00fcnchen Pferde_Reichenberg SOL_Schwabach Weichteilchirurgie_Norderstedt Wochenenddienst_Norderstedt Zahnheilkunde_Stadtsteinach Assistenz_Kalbach Assistenz_Weiterbildung_Chirurgie_Stommeln Chirurgie_Dental_Wenzenbach Chirurgie_Rendsburg &nbsp; More international job offers: Tierarzt\/-arztin f\u00fcr Gefl\u00fcgel\/schwein gesuch &#8211; VEK Tierarzt Praxis, Visbek, Germany,\u00a0 Veterinary Job &#8211; 5th-year<\/p>\n","protected":false},"author":2518,"featured_media":0,"parent":104363,"menu_order":0,"comment_status":"open","ping_status":"open","template":"","meta":{"_acf_changed":false,"footnotes":""},"categories":[],"tags":[],"class_list":["post-172613","page","type-page","status-publish","hentry"],"acf":[],"yoast_head":"<!-- This site is optimized with the Yoast SEO plugin v27.2 - https:\/\/yoast.com\/product\/yoast-seo-wordpress\/ -->\n<title>Job offers - \u00c1ll\u00e1sb\u00f6rze<\/title>\n<meta name=\"robots\" content=\"index, follow, max-snippet:-1, max-image-preview:large, max-video-preview:-1\" \/>\n<link rel=\"canonical\" href=\"https:\/\/univet.hu\/allasborze\/en\/job-fair-2025\/job-offers\/\" \/>\n<meta property=\"og:locale\" content=\"en_US\" \/>\n<meta property=\"og:type\" content=\"article\" \/>\n<meta property=\"og:title\" content=\"Job offers - \u00c1ll\u00e1sb\u00f6rze\" \/>\n<meta property=\"og:description\" content=\"We are constantly updating our website. IVC evidensia job offers &#8211; Germany: Zahnteilkunde_Stommeln Chirurgie_Stadtsteinach Diplomate_ECVN_Stommeln Kleintiere_Bad_Segeberg Kleintiere_Brackwede Kleintiere_Chirurgie_Erfurt Kleintiere_Kelheim Kleintiere_Lich Kleintiere_Stadtsteinach Kleintiere_Stommeln Kleintiere_Trier Kleintiere_Wittenberg Nachtdienst_Norderstedt Notfallambulanz__Berlin Ophthalmologie_M\u00fcnchen Pferde_Reichenberg SOL_Schwabach Weichteilchirurgie_Norderstedt Wochenenddienst_Norderstedt Zahnheilkunde_Stadtsteinach Assistenz_Kalbach Assistenz_Weiterbildung_Chirurgie_Stommeln Chirurgie_Dental_Wenzenbach Chirurgie_Rendsburg &nbsp; More international job offers: Tierarzt\/-arztin f\u00fcr Gefl\u00fcgel\/schwein gesuch &#8211; VEK Tierarzt Praxis, Visbek, Germany,\u00a0 Veterinary Job &#8211; 5th-year\" \/>\n<meta property=\"og:url\" content=\"https:\/\/univet.hu\/allasborze\/en\/job-fair-2025\/job-offers\/\" \/>\n<meta property=\"og:site_name\" content=\"\u00c1ll\u00e1sb\u00f6rze\" \/>\n<meta property=\"article:modified_time\" content=\"2026-02-04T11:50:14+00:00\" \/>\n<meta name=\"twitter:card\" content=\"summary_large_image\" \/>\n<meta name=\"twitter:label1\" content=\"Est. reading time\" \/>\n\t<meta name=\"twitter:data1\" content=\"1 minute\" \/>\n<script type=\"application\/ld+json\" class=\"yoast-schema-graph\">{\"@context\":\"https:\/\/schema.org\",\"@graph\":[{\"@type\":\"WebPage\",\"@id\":\"https:\/\/univet.hu\/allasborze\/en\/job-fair-2025\/job-offers\/\",\"url\":\"https:\/\/univet.hu\/allasborze\/en\/job-fair-2025\/job-offers\/\",\"name\":\"Job offers - \u00c1ll\u00e1sb\u00f6rze\",\"isPartOf\":{\"@id\":\"https:\/\/univet.hu\/allasborze\/#website\"},\"datePublished\":\"2025-01-07T12:43:55+00:00\",\"dateModified\":\"2026-02-04T11:50:14+00:00\",\"breadcrumb\":{\"@id\":\"https:\/\/univet.hu\/allasborze\/en\/job-fair-2025\/job-offers\/#breadcrumb\"},\"inLanguage\":\"en-US\",\"potentialAction\":[{\"@type\":\"ReadAction\",\"target\":[\"https:\/\/univet.hu\/allasborze\/en\/job-fair-2025\/job-offers\/\"]}]},{\"@type\":\"BreadcrumbList\",\"@id\":\"https:\/\/univet.hu\/allasborze\/en\/job-fair-2025\/job-offers\/#breadcrumb\",\"itemListElement\":[{\"@type\":\"ListItem\",\"position\":1,\"name\":\"Kezd\u0151lap\",\"item\":\"https:\/\/univet.hu\/allasborze\/en\/\"},{\"@type\":\"ListItem\",\"position\":2,\"name\":\"Job Fair 2026\",\"item\":\"https:\/\/univet.hu\/allasborze\/en\/\"},{\"@type\":\"ListItem\",\"position\":3,\"name\":\"Job offers\"}]},{\"@type\":\"WebSite\",\"@id\":\"https:\/\/univet.hu\/allasborze\/#website\",\"url\":\"https:\/\/univet.hu\/allasborze\/\",\"name\":\"\u00c1ll\u00e1sb\u00f6rze\",\"description\":\"\",\"potentialAction\":[{\"@type\":\"SearchAction\",\"target\":{\"@type\":\"EntryPoint\",\"urlTemplate\":\"https:\/\/univet.hu\/allasborze\/?s={search_term_string}\"},\"query-input\":{\"@type\":\"PropertyValueSpecification\",\"valueRequired\":true,\"valueName\":\"search_term_string\"}}],\"inLanguage\":\"en-US\"}]}<\/script>\n<!-- \/ Yoast SEO plugin. -->","yoast_head_json":{"title":"Job offers - \u00c1ll\u00e1sb\u00f6rze","robots":{"index":"index","follow":"follow","max-snippet":"max-snippet:-1","max-image-preview":"max-image-preview:large","max-video-preview":"max-video-preview:-1"},"canonical":"https:\/\/univet.hu\/allasborze\/en\/job-fair-2025\/job-offers\/","og_locale":"en_US","og_type":"article","og_title":"Job offers - \u00c1ll\u00e1sb\u00f6rze","og_description":"We are constantly updating our website. IVC evidensia job offers &#8211; Germany: Zahnteilkunde_Stommeln Chirurgie_Stadtsteinach Diplomate_ECVN_Stommeln Kleintiere_Bad_Segeberg Kleintiere_Brackwede Kleintiere_Chirurgie_Erfurt Kleintiere_Kelheim Kleintiere_Lich Kleintiere_Stadtsteinach Kleintiere_Stommeln Kleintiere_Trier Kleintiere_Wittenberg Nachtdienst_Norderstedt Notfallambulanz__Berlin Ophthalmologie_M\u00fcnchen Pferde_Reichenberg SOL_Schwabach Weichteilchirurgie_Norderstedt Wochenenddienst_Norderstedt Zahnheilkunde_Stadtsteinach Assistenz_Kalbach Assistenz_Weiterbildung_Chirurgie_Stommeln Chirurgie_Dental_Wenzenbach Chirurgie_Rendsburg &nbsp; More international job offers: Tierarzt\/-arztin f\u00fcr Gefl\u00fcgel\/schwein gesuch &#8211; VEK Tierarzt Praxis, Visbek, Germany,\u00a0 Veterinary Job &#8211; 5th-year","og_url":"https:\/\/univet.hu\/allasborze\/en\/job-fair-2025\/job-offers\/","og_site_name":"\u00c1ll\u00e1sb\u00f6rze","article_modified_time":"2026-02-04T11:50:14+00:00","twitter_card":"summary_large_image","twitter_misc":{"Est. reading time":"1 minute"},"schema":{"@context":"https:\/\/schema.org","@graph":[{"@type":"WebPage","@id":"https:\/\/univet.hu\/allasborze\/en\/job-fair-2025\/job-offers\/","url":"https:\/\/univet.hu\/allasborze\/en\/job-fair-2025\/job-offers\/","name":"Job offers - \u00c1ll\u00e1sb\u00f6rze","isPartOf":{"@id":"https:\/\/univet.hu\/allasborze\/#website"},"datePublished":"2025-01-07T12:43:55+00:00","dateModified":"2026-02-04T11:50:14+00:00","breadcrumb":{"@id":"https:\/\/univet.hu\/allasborze\/en\/job-fair-2025\/job-offers\/#breadcrumb"},"inLanguage":"en-US","potentialAction":[{"@type":"ReadAction","target":["https:\/\/univet.hu\/allasborze\/en\/job-fair-2025\/job-offers\/"]}]},{"@type":"BreadcrumbList","@id":"https:\/\/univet.hu\/allasborze\/en\/job-fair-2025\/job-offers\/#breadcrumb","itemListElement":[{"@type":"ListItem","position":1,"name":"Kezd\u0151lap","item":"https:\/\/univet.hu\/allasborze\/en\/"},{"@type":"ListItem","position":2,"name":"Job Fair 2026","item":"https:\/\/univet.hu\/allasborze\/en\/"},{"@type":"ListItem","position":3,"name":"Job offers"}]},{"@type":"WebSite","@id":"https:\/\/univet.hu\/allasborze\/#website","url":"https:\/\/univet.hu\/allasborze\/","name":"\u00c1ll\u00e1sb\u00f6rze","description":"","potentialAction":[{"@type":"SearchAction","target":{"@type":"EntryPoint","urlTemplate":"https:\/\/univet.hu\/allasborze\/?s={search_term_string}"},"query-input":{"@type":"PropertyValueSpecification","valueRequired":true,"valueName":"search_term_string"}}],"inLanguage":"en-US"}]}},"_links":{"self":[{"href":"https:\/\/univet.hu\/allasborze\/en\/wp-json\/wp\/v2\/pages\/172613","targetHints":{"allow":["GET"]}}],"collection":[{"href":"https:\/\/univet.hu\/allasborze\/en\/wp-json\/wp\/v2\/pages"}],"about":[{"href":"https:\/\/univet.hu\/allasborze\/en\/wp-json\/wp\/v2\/types\/page"}],"author":[{"embeddable":true,"href":"https:\/\/univet.hu\/allasborze\/en\/wp-json\/wp\/v2\/users\/2518"}],"replies":[{"embeddable":true,"href":"https:\/\/univet.hu\/allasborze\/en\/wp-json\/wp\/v2\/comments?post=172613"}],"version-history":[{"count":5,"href":"https:\/\/univet.hu\/allasborze\/en\/wp-json\/wp\/v2\/pages\/172613\/revisions"}],"predecessor-version":[{"id":173504,"href":"https:\/\/univet.hu\/allasborze\/en\/wp-json\/wp\/v2\/pages\/172613\/revisions\/173504"}],"up":[{"embeddable":true,"href":"https:\/\/univet.hu\/allasborze\/en\/wp-json\/wp\/v2\/pages\/104363"}],"wp:attachment":[{"href":"https:\/\/univet.hu\/allasborze\/en\/wp-json\/wp\/v2\/media?parent=172613"}],"wp:term":[{"taxonomy":"category","embeddable":true,"href":"https:\/\/univet.hu\/allasborze\/en\/wp-json\/wp\/v2\/categories?post=172613"},{"taxonomy":"post_tag","embeddable":true,"href":"https:\/\/univet.hu\/allasborze\/en\/wp-json\/wp\/v2\/tags?post=172613"}],"curies":[{"name":"wp","href":"https:\/\/api.w.org\/{rel}","templated":true}]}}