{"id":61397,"date":"2021-01-19T09:52:27","date_gmt":"2021-01-19T08:52:27","guid":{"rendered":"https:\/\/univet.hu\/?page_id=61397"},"modified":"2025-01-10T13:55:10","modified_gmt":"2025-01-10T12:55:10","slug":"for-exhibitors","status":"publish","type":"page","link":"https:\/\/univet.hu\/allasborze\/en\/job-fair-2021\/for-exhibitors\/","title":{"rendered":"For Exhibitors"},"content":{"rendered":"<p>We hope to welcome you among our exhibitors on the IV. UNIVET Job Fair 2021, held at the University of Veterinary Medicine Budapest on\u00a0<strong>18th February 2021 <\/strong>completely ONLINE.<\/p> <p><span class=\"emphasis\">Great opportunity to meet with our students, recent graduates and share your job offers!<\/span><\/p> <p><strong>Exhibitors\u2019 participation in UNIVET Job Fair 2021 is free of charge!<\/strong><\/p> <p>&nbsp;<\/p> <p>If you are interested in our Job Fair 2021, please register for the event on the following link:\u00a0<a href=\"https:\/\/indico.univet.hu\/event\/73\/\">https:\/\/indico.univet.hu\/event\/73\/<\/a><\/p> <p><span class=\"emphasis\">Offer a job<\/span><\/p> <p>We are happy to publish your job offers for our graduating veterinary students on our website. Please fill out the form and send it back to <a class=\"decrypt\" rel=\"cvmfklb\/bmfyboesbAvojwfu\/iv\" href=\"javascript:void(0);\">[Click to see email]<\/a><\/p> <p><a href=\"https:\/\/univet.hu\/allasborze\/wp-content\/uploads\/sites\/2\/2021\/01\/Job-offer-brief_UVMB2021.pdf\">Job offer brief 2021<\/a><\/p> <p>&nbsp;<\/p> <p><strong>Contact:<\/strong><br \/> University of Veterinary Medicine Budapest<br \/> Communications Department<br \/> Address: 1078 Budapest, Istv\u00e1n u. 2.<br \/> E-mail: <a class=\"decrypt\" rel=\"ifsd{fh\/epsbAvojwfu\/iv\" href=\"javascript:void(0);\">[Click to see email]<\/a><br \/> Telefon: +36 1 478 4100 \/ 8362<\/p>","protected":false},"excerpt":{"rendered":"<p>We hope to welcome you among our exhibitors on the IV. UNIVET Job Fair 2021, held at the University of Veterinary Medicine Budapest on\u00a018th February 2021 completely ONLINE. Great opportunity to meet with our students, recent graduates and share your job offers! Exhibitors\u2019 participation in UNIVET Job Fair 2021 is free of charge! &nbsp; If<\/p>\n","protected":false},"author":2518,"featured_media":0,"parent":61242,"menu_order":0,"comment_status":"open","ping_status":"open","template":"","meta":{"_acf_changed":false,"footnotes":""},"categories":[],"tags":[],"class_list":["post-61397","page","type-page","status-publish","hentry"],"acf":[],"yoast_head":"<!-- This site is optimized with the Yoast SEO plugin v27.2 - https:\/\/yoast.com\/product\/yoast-seo-wordpress\/ -->\n<title>For Exhibitors - \u00c1ll\u00e1sb\u00f6rze<\/title>\n<meta name=\"robots\" content=\"index, follow, max-snippet:-1, max-image-preview:large, max-video-preview:-1\" \/>\n<link rel=\"canonical\" href=\"https:\/\/univet.hu\/allasborze\/allasborze-2021\/kiallitoknak\/\" \/>\n<meta property=\"og:locale\" content=\"en_US\" \/>\n<meta property=\"og:type\" content=\"article\" \/>\n<meta property=\"og:title\" content=\"For Exhibitors - \u00c1ll\u00e1sb\u00f6rze\" \/>\n<meta property=\"og:description\" content=\"We hope to welcome you among our exhibitors on the IV. UNIVET Job Fair 2021, held at the University of Veterinary Medicine Budapest on\u00a018th February 2021 completely ONLINE. Great opportunity to meet with our students, recent graduates and share your job offers! Exhibitors\u2019 participation in UNIVET Job Fair 2021 is free of charge! &nbsp; If\" \/>\n<meta property=\"og:url\" content=\"https:\/\/univet.hu\/allasborze\/allasborze-2021\/kiallitoknak\/\" \/>\n<meta property=\"og:site_name\" content=\"\u00c1ll\u00e1sb\u00f6rze\" \/>\n<meta property=\"article:modified_time\" content=\"2025-01-10T12:55:10+00:00\" \/>\n<meta name=\"twitter:card\" content=\"summary_large_image\" \/>\n<meta name=\"twitter:label1\" content=\"Est. reading time\" \/>\n\t<meta name=\"twitter:data1\" content=\"1 minute\" \/>\n<script type=\"application\/ld+json\" class=\"yoast-schema-graph\">{\"@context\":\"https:\/\/schema.org\",\"@graph\":[{\"@type\":\"WebPage\",\"@id\":\"https:\/\/univet.hu\/allasborze\/allasborze-2021\/kiallitoknak\/\",\"url\":\"https:\/\/univet.hu\/allasborze\/allasborze-2021\/kiallitoknak\/\",\"name\":\"For Exhibitors - \u00c1ll\u00e1sb\u00f6rze\",\"isPartOf\":{\"@id\":\"https:\/\/univet.hu\/allasborze\/#website\"},\"datePublished\":\"2021-01-19T08:52:27+00:00\",\"dateModified\":\"2025-01-10T12:55:10+00:00\",\"breadcrumb\":{\"@id\":\"https:\/\/univet.hu\/allasborze\/allasborze-2021\/kiallitoknak\/#breadcrumb\"},\"inLanguage\":\"en-US\",\"potentialAction\":[{\"@type\":\"ReadAction\",\"target\":[\"https:\/\/univet.hu\/allasborze\/allasborze-2021\/kiallitoknak\/\"]}]},{\"@type\":\"BreadcrumbList\",\"@id\":\"https:\/\/univet.hu\/allasborze\/allasborze-2021\/kiallitoknak\/#breadcrumb\",\"itemListElement\":[{\"@type\":\"ListItem\",\"position\":1,\"name\":\"Kezd\u0151lap\",\"item\":\"https:\/\/univet.hu\/allasborze\/en\/\"},{\"@type\":\"ListItem\",\"position\":2,\"name\":\"Job Fair 2021\",\"item\":\"https:\/\/univet.hu\/allasborze\/en\/job-fair-2021\/\"},{\"@type\":\"ListItem\",\"position\":3,\"name\":\"For Exhibitors\"}]},{\"@type\":\"WebSite\",\"@id\":\"https:\/\/univet.hu\/allasborze\/#website\",\"url\":\"https:\/\/univet.hu\/allasborze\/\",\"name\":\"\u00c1ll\u00e1sb\u00f6rze\",\"description\":\"\",\"potentialAction\":[{\"@type\":\"SearchAction\",\"target\":{\"@type\":\"EntryPoint\",\"urlTemplate\":\"https:\/\/univet.hu\/allasborze\/?s={search_term_string}\"},\"query-input\":{\"@type\":\"PropertyValueSpecification\",\"valueRequired\":true,\"valueName\":\"search_term_string\"}}],\"inLanguage\":\"en-US\"}]}<\/script>\n<!-- \/ Yoast SEO plugin. -->","yoast_head_json":{"title":"For Exhibitors - \u00c1ll\u00e1sb\u00f6rze","robots":{"index":"index","follow":"follow","max-snippet":"max-snippet:-1","max-image-preview":"max-image-preview:large","max-video-preview":"max-video-preview:-1"},"canonical":"https:\/\/univet.hu\/allasborze\/allasborze-2021\/kiallitoknak\/","og_locale":"en_US","og_type":"article","og_title":"For Exhibitors - \u00c1ll\u00e1sb\u00f6rze","og_description":"We hope to welcome you among our exhibitors on the IV. UNIVET Job Fair 2021, held at the University of Veterinary Medicine Budapest on\u00a018th February 2021 completely ONLINE. Great opportunity to meet with our students, recent graduates and share your job offers! Exhibitors\u2019 participation in UNIVET Job Fair 2021 is free of charge! &nbsp; If","og_url":"https:\/\/univet.hu\/allasborze\/allasborze-2021\/kiallitoknak\/","og_site_name":"\u00c1ll\u00e1sb\u00f6rze","article_modified_time":"2025-01-10T12:55:10+00:00","twitter_card":"summary_large_image","twitter_misc":{"Est. reading time":"1 minute"},"schema":{"@context":"https:\/\/schema.org","@graph":[{"@type":"WebPage","@id":"https:\/\/univet.hu\/allasborze\/allasborze-2021\/kiallitoknak\/","url":"https:\/\/univet.hu\/allasborze\/allasborze-2021\/kiallitoknak\/","name":"For Exhibitors - \u00c1ll\u00e1sb\u00f6rze","isPartOf":{"@id":"https:\/\/univet.hu\/allasborze\/#website"},"datePublished":"2021-01-19T08:52:27+00:00","dateModified":"2025-01-10T12:55:10+00:00","breadcrumb":{"@id":"https:\/\/univet.hu\/allasborze\/allasborze-2021\/kiallitoknak\/#breadcrumb"},"inLanguage":"en-US","potentialAction":[{"@type":"ReadAction","target":["https:\/\/univet.hu\/allasborze\/allasborze-2021\/kiallitoknak\/"]}]},{"@type":"BreadcrumbList","@id":"https:\/\/univet.hu\/allasborze\/allasborze-2021\/kiallitoknak\/#breadcrumb","itemListElement":[{"@type":"ListItem","position":1,"name":"Kezd\u0151lap","item":"https:\/\/univet.hu\/allasborze\/en\/"},{"@type":"ListItem","position":2,"name":"Job Fair 2021","item":"https:\/\/univet.hu\/allasborze\/en\/job-fair-2021\/"},{"@type":"ListItem","position":3,"name":"For Exhibitors"}]},{"@type":"WebSite","@id":"https:\/\/univet.hu\/allasborze\/#website","url":"https:\/\/univet.hu\/allasborze\/","name":"\u00c1ll\u00e1sb\u00f6rze","description":"","potentialAction":[{"@type":"SearchAction","target":{"@type":"EntryPoint","urlTemplate":"https:\/\/univet.hu\/allasborze\/?s={search_term_string}"},"query-input":{"@type":"PropertyValueSpecification","valueRequired":true,"valueName":"search_term_string"}}],"inLanguage":"en-US"}]}},"_links":{"self":[{"href":"https:\/\/univet.hu\/allasborze\/en\/wp-json\/wp\/v2\/pages\/61397","targetHints":{"allow":["GET"]}}],"collection":[{"href":"https:\/\/univet.hu\/allasborze\/en\/wp-json\/wp\/v2\/pages"}],"about":[{"href":"https:\/\/univet.hu\/allasborze\/en\/wp-json\/wp\/v2\/types\/page"}],"author":[{"embeddable":true,"href":"https:\/\/univet.hu\/allasborze\/en\/wp-json\/wp\/v2\/users\/2518"}],"replies":[{"embeddable":true,"href":"https:\/\/univet.hu\/allasborze\/en\/wp-json\/wp\/v2\/comments?post=61397"}],"version-history":[{"count":1,"href":"https:\/\/univet.hu\/allasborze\/en\/wp-json\/wp\/v2\/pages\/61397\/revisions"}],"predecessor-version":[{"id":172733,"href":"https:\/\/univet.hu\/allasborze\/en\/wp-json\/wp\/v2\/pages\/61397\/revisions\/172733"}],"up":[{"embeddable":true,"href":"https:\/\/univet.hu\/allasborze\/en\/wp-json\/wp\/v2\/pages\/61242"}],"wp:attachment":[{"href":"https:\/\/univet.hu\/allasborze\/en\/wp-json\/wp\/v2\/media?parent=61397"}],"wp:term":[{"taxonomy":"category","embeddable":true,"href":"https:\/\/univet.hu\/allasborze\/en\/wp-json\/wp\/v2\/categories?post=61397"},{"taxonomy":"post_tag","embeddable":true,"href":"https:\/\/univet.hu\/allasborze\/en\/wp-json\/wp\/v2\/tags?post=61397"}],"curies":[{"name":"wp","href":"https:\/\/api.w.org\/{rel}","templated":true}]}}