{"id":61400,"date":"2021-01-19T09:53:52","date_gmt":"2021-01-19T08:53:52","guid":{"rendered":"https:\/\/univet.hu\/?page_id=61400"},"modified":"2025-01-10T13:55:10","modified_gmt":"2025-01-10T12:55:10","slug":"job-offers","status":"publish","type":"page","link":"https:\/\/univet.hu\/allasborze\/en\/job-fair-2021\/job-offers\/","title":{"rendered":"Job offers"},"content":{"rendered":"<p><span class=\"emphasis\">International job offers<\/span><\/p> <p><a href=\"https:\/\/univet.hu\/allasborze\/wp-content\/uploads\/sites\/2\/2021\/01\/Medivet.pdf\" target=\"_blank\" rel=\"noopener\">Graduate Vet &#8211; Medivet &#8211; United Kingdom<\/a><\/p> <p><a href=\"https:\/\/univet.hu\/allasborze\/wp-content\/uploads\/sites\/2\/2021\/02\/Medows.pdf\">Assistant Veterinary Surgeon &#8211; Meadows Veterinary Centre &#8211; Scotland<\/a><\/p> <p><a href=\"https:\/\/univet.hu\/allasborze\/wp-content\/uploads\/sites\/2\/2021\/02\/Job-offer-brief_UVMB2021.pdf\" target=\"_blank\" rel=\"noopener\">New graduate vet program &#8211; Lill\u00f6 Vet Clinics &#8211; Sweden<\/a><\/p> <p>&nbsp;<\/p> <p><span class=\"emphasis\">Hungarian job offers<\/span><\/p> <p><a href=\"https:\/\/univet.hu\/allasborze\/wp-content\/uploads\/sites\/2\/2021\/02\/Allaspalyazat_dokumentum2021-patikus.pdf\">Tolnagro &#8211; Budapest<\/a><\/p> <p><a href=\"https:\/\/univet.hu\/allasborze\/wp-content\/uploads\/sites\/2\/2021\/02\/Allaspalyazat_dokumentum2021-teruleti-kepviselo.pdf\">Tolnagro &#8211; Hungary<\/a><\/p> <p><a href=\"https:\/\/univet.hu\/allasborze\/wp-content\/uploads\/sites\/2\/2021\/02\/Allaspalyazat_dokumentum2021-torzskonyvezesi-asszisztens.pdf\">Tolnagro &#8211; Szeksz\u00e1rd<\/a><\/p> <p><a href=\"https:\/\/univet.hu\/allasborze\/wp-content\/uploads\/sites\/2\/2021\/02\/Allaspalyazat_Junior-Allatorvos_-ATE.pdf\" target=\"_blank\" rel=\"noopener\">Bonafarm &#8211; Hungary<\/a><\/p> <p><a href=\"https:\/\/univet.hu\/allasborze\/wp-content\/uploads\/sites\/2\/2021\/02\/Iranytu_allatorvos-hirdetes_3.0_Zs.pdf\" target=\"_blank\" rel=\"noopener\">Bonafarm internship Hungary<\/a><\/p> <p><a href=\"https:\/\/univet.hu\/allasborze\/wp-content\/uploads\/sites\/2\/2021\/02\/Allaspalyazat2021.pdf\" target=\"_blank\" rel=\"noopener\">Kutyav\u00e1ri \u00c1llatorvosi Rendel\u0151 &#8211; \u00c9rd<\/a><\/p> <p><a href=\"https:\/\/univet.hu\/allasborze\/wp-content\/uploads\/sites\/2\/2021\/02\/Internship-Pannon.pdf\">Internship &#8211; Hungarian Equine Rehab and Healthcare Service &#8211; Kaposv\u00e1r<\/a><\/p> <p><a href=\"https:\/\/univet.hu\/en\/allaspalyazat_dokumentum2021-2\/\">Clinical vet &#8211;\u00a0Alpha-Vet Kft. &#8211;\u00a0Sz\u00e9kesfeh\u00e9rv\u00e1r<\/a><\/p> <p><a href=\"https:\/\/univet.hu\/en\/allaspalyazat_dokumentum2021-2-2\/\">Vet consultant &#8211; Alpha-Vet Kft. &#8211;\u00a0Hungary<\/a><\/p> <p><a href=\"https:\/\/univet.hu\/en\/allaspalyazat_dokumentum2021-3\/\">Laboratory device salesperson &#8211;\u00a0Alpha-Vet Kft. &#8211;\u00a0Hungary<\/a><\/p> <p>&nbsp;<\/p> <p>&nbsp;<\/p> <p>&nbsp;<\/p>","protected":false},"excerpt":{"rendered":"<p>International job offers Graduate Vet &#8211; Medivet &#8211; United Kingdom Assistant Veterinary Surgeon &#8211; Meadows Veterinary Centre &#8211; Scotland New graduate vet program &#8211; Lill\u00f6 Vet Clinics &#8211; Sweden &nbsp; Hungarian job offers Tolnagro &#8211; Budapest Tolnagro &#8211; Hungary Tolnagro &#8211; Szeksz\u00e1rd Bonafarm &#8211; Hungary Bonafarm internship Hungary Kutyav\u00e1ri \u00c1llatorvosi Rendel\u0151 &#8211; \u00c9rd Internship &#8211;<\/p>\n","protected":false},"author":2518,"featured_media":0,"parent":61242,"menu_order":0,"comment_status":"open","ping_status":"open","template":"","meta":{"_acf_changed":false,"footnotes":""},"categories":[],"tags":[],"class_list":["post-61400","page","type-page","status-publish","hentry"],"acf":[],"yoast_head":"<!-- This site is optimized with the Yoast SEO plugin v27.2 - https:\/\/yoast.com\/product\/yoast-seo-wordpress\/ -->\n<title>Job offers - \u00c1ll\u00e1sb\u00f6rze<\/title>\n<meta name=\"robots\" content=\"index, follow, max-snippet:-1, max-image-preview:large, max-video-preview:-1\" \/>\n<link rel=\"canonical\" href=\"https:\/\/univet.hu\/allasborze\/allasborze-2021\/aktualis-allasajanlatok\/\" \/>\n<meta property=\"og:locale\" content=\"en_US\" \/>\n<meta property=\"og:type\" content=\"article\" \/>\n<meta property=\"og:title\" content=\"Job offers - \u00c1ll\u00e1sb\u00f6rze\" \/>\n<meta property=\"og:description\" content=\"International job offers Graduate Vet &#8211; Medivet &#8211; United Kingdom Assistant Veterinary Surgeon &#8211; Meadows Veterinary Centre &#8211; Scotland New graduate vet program &#8211; Lill\u00f6 Vet Clinics &#8211; Sweden &nbsp; Hungarian job offers Tolnagro &#8211; Budapest Tolnagro &#8211; Hungary Tolnagro &#8211; Szeksz\u00e1rd Bonafarm &#8211; Hungary Bonafarm internship Hungary Kutyav\u00e1ri \u00c1llatorvosi Rendel\u0151 &#8211; \u00c9rd Internship &#8211;\" \/>\n<meta property=\"og:url\" content=\"https:\/\/univet.hu\/allasborze\/allasborze-2021\/aktualis-allasajanlatok\/\" \/>\n<meta property=\"og:site_name\" content=\"\u00c1ll\u00e1sb\u00f6rze\" \/>\n<meta property=\"article:modified_time\" content=\"2025-01-10T12:55:10+00:00\" \/>\n<meta name=\"twitter:card\" content=\"summary_large_image\" \/>\n<script type=\"application\/ld+json\" class=\"yoast-schema-graph\">{\"@context\":\"https:\/\/schema.org\",\"@graph\":[{\"@type\":\"WebPage\",\"@id\":\"https:\/\/univet.hu\/allasborze\/allasborze-2021\/aktualis-allasajanlatok\/\",\"url\":\"https:\/\/univet.hu\/allasborze\/allasborze-2021\/aktualis-allasajanlatok\/\",\"name\":\"Job offers - \u00c1ll\u00e1sb\u00f6rze\",\"isPartOf\":{\"@id\":\"https:\/\/univet.hu\/allasborze\/#website\"},\"datePublished\":\"2021-01-19T08:53:52+00:00\",\"dateModified\":\"2025-01-10T12:55:10+00:00\",\"breadcrumb\":{\"@id\":\"https:\/\/univet.hu\/allasborze\/allasborze-2021\/aktualis-allasajanlatok\/#breadcrumb\"},\"inLanguage\":\"en-US\",\"potentialAction\":[{\"@type\":\"ReadAction\",\"target\":[\"https:\/\/univet.hu\/allasborze\/allasborze-2021\/aktualis-allasajanlatok\/\"]}]},{\"@type\":\"BreadcrumbList\",\"@id\":\"https:\/\/univet.hu\/allasborze\/allasborze-2021\/aktualis-allasajanlatok\/#breadcrumb\",\"itemListElement\":[{\"@type\":\"ListItem\",\"position\":1,\"name\":\"Kezd\u0151lap\",\"item\":\"https:\/\/univet.hu\/allasborze\/en\/\"},{\"@type\":\"ListItem\",\"position\":2,\"name\":\"Job Fair 2021\",\"item\":\"https:\/\/univet.hu\/allasborze\/en\/job-fair-2021\/\"},{\"@type\":\"ListItem\",\"position\":3,\"name\":\"Job offers\"}]},{\"@type\":\"WebSite\",\"@id\":\"https:\/\/univet.hu\/allasborze\/#website\",\"url\":\"https:\/\/univet.hu\/allasborze\/\",\"name\":\"\u00c1ll\u00e1sb\u00f6rze\",\"description\":\"\",\"potentialAction\":[{\"@type\":\"SearchAction\",\"target\":{\"@type\":\"EntryPoint\",\"urlTemplate\":\"https:\/\/univet.hu\/allasborze\/?s={search_term_string}\"},\"query-input\":{\"@type\":\"PropertyValueSpecification\",\"valueRequired\":true,\"valueName\":\"search_term_string\"}}],\"inLanguage\":\"en-US\"}]}<\/script>\n<!-- \/ Yoast SEO plugin. -->","yoast_head_json":{"title":"Job offers - \u00c1ll\u00e1sb\u00f6rze","robots":{"index":"index","follow":"follow","max-snippet":"max-snippet:-1","max-image-preview":"max-image-preview:large","max-video-preview":"max-video-preview:-1"},"canonical":"https:\/\/univet.hu\/allasborze\/allasborze-2021\/aktualis-allasajanlatok\/","og_locale":"en_US","og_type":"article","og_title":"Job offers - \u00c1ll\u00e1sb\u00f6rze","og_description":"International job offers Graduate Vet &#8211; Medivet &#8211; United Kingdom Assistant Veterinary Surgeon &#8211; Meadows Veterinary Centre &#8211; Scotland New graduate vet program &#8211; Lill\u00f6 Vet Clinics &#8211; Sweden &nbsp; Hungarian job offers Tolnagro &#8211; Budapest Tolnagro &#8211; Hungary Tolnagro &#8211; Szeksz\u00e1rd Bonafarm &#8211; Hungary Bonafarm internship Hungary Kutyav\u00e1ri \u00c1llatorvosi Rendel\u0151 &#8211; \u00c9rd Internship &#8211;","og_url":"https:\/\/univet.hu\/allasborze\/allasborze-2021\/aktualis-allasajanlatok\/","og_site_name":"\u00c1ll\u00e1sb\u00f6rze","article_modified_time":"2025-01-10T12:55:10+00:00","twitter_card":"summary_large_image","schema":{"@context":"https:\/\/schema.org","@graph":[{"@type":"WebPage","@id":"https:\/\/univet.hu\/allasborze\/allasborze-2021\/aktualis-allasajanlatok\/","url":"https:\/\/univet.hu\/allasborze\/allasborze-2021\/aktualis-allasajanlatok\/","name":"Job offers - \u00c1ll\u00e1sb\u00f6rze","isPartOf":{"@id":"https:\/\/univet.hu\/allasborze\/#website"},"datePublished":"2021-01-19T08:53:52+00:00","dateModified":"2025-01-10T12:55:10+00:00","breadcrumb":{"@id":"https:\/\/univet.hu\/allasborze\/allasborze-2021\/aktualis-allasajanlatok\/#breadcrumb"},"inLanguage":"en-US","potentialAction":[{"@type":"ReadAction","target":["https:\/\/univet.hu\/allasborze\/allasborze-2021\/aktualis-allasajanlatok\/"]}]},{"@type":"BreadcrumbList","@id":"https:\/\/univet.hu\/allasborze\/allasborze-2021\/aktualis-allasajanlatok\/#breadcrumb","itemListElement":[{"@type":"ListItem","position":1,"name":"Kezd\u0151lap","item":"https:\/\/univet.hu\/allasborze\/en\/"},{"@type":"ListItem","position":2,"name":"Job Fair 2021","item":"https:\/\/univet.hu\/allasborze\/en\/job-fair-2021\/"},{"@type":"ListItem","position":3,"name":"Job offers"}]},{"@type":"WebSite","@id":"https:\/\/univet.hu\/allasborze\/#website","url":"https:\/\/univet.hu\/allasborze\/","name":"\u00c1ll\u00e1sb\u00f6rze","description":"","potentialAction":[{"@type":"SearchAction","target":{"@type":"EntryPoint","urlTemplate":"https:\/\/univet.hu\/allasborze\/?s={search_term_string}"},"query-input":{"@type":"PropertyValueSpecification","valueRequired":true,"valueName":"search_term_string"}}],"inLanguage":"en-US"}]}},"_links":{"self":[{"href":"https:\/\/univet.hu\/allasborze\/en\/wp-json\/wp\/v2\/pages\/61400","targetHints":{"allow":["GET"]}}],"collection":[{"href":"https:\/\/univet.hu\/allasborze\/en\/wp-json\/wp\/v2\/pages"}],"about":[{"href":"https:\/\/univet.hu\/allasborze\/en\/wp-json\/wp\/v2\/types\/page"}],"author":[{"embeddable":true,"href":"https:\/\/univet.hu\/allasborze\/en\/wp-json\/wp\/v2\/users\/2518"}],"replies":[{"embeddable":true,"href":"https:\/\/univet.hu\/allasborze\/en\/wp-json\/wp\/v2\/comments?post=61400"}],"version-history":[{"count":1,"href":"https:\/\/univet.hu\/allasborze\/en\/wp-json\/wp\/v2\/pages\/61400\/revisions"}],"predecessor-version":[{"id":172734,"href":"https:\/\/univet.hu\/allasborze\/en\/wp-json\/wp\/v2\/pages\/61400\/revisions\/172734"}],"up":[{"embeddable":true,"href":"https:\/\/univet.hu\/allasborze\/en\/wp-json\/wp\/v2\/pages\/61242"}],"wp:attachment":[{"href":"https:\/\/univet.hu\/allasborze\/en\/wp-json\/wp\/v2\/media?parent=61400"}],"wp:term":[{"taxonomy":"category","embeddable":true,"href":"https:\/\/univet.hu\/allasborze\/en\/wp-json\/wp\/v2\/categories?post=61400"},{"taxonomy":"post_tag","embeddable":true,"href":"https:\/\/univet.hu\/allasborze\/en\/wp-json\/wp\/v2\/tags?post=61400"}],"curies":[{"name":"wp","href":"https:\/\/api.w.org\/{rel}","templated":true}]}}