{"id":62346,"date":"2021-02-14T11:49:49","date_gmt":"2021-02-14T10:49:49","guid":{"rendered":"https:\/\/univet.hu\/?page_id=62346"},"modified":"2025-01-10T13:55:10","modified_gmt":"2025-01-10T12:55:10","slug":"program","status":"publish","type":"page","link":"https:\/\/univet.hu\/allasborze\/en\/job-fair-2021\/program\/","title":{"rendered":"Program"},"content":{"rendered":"<p style=\"text-align: center\"><strong>Online UNIVET Job Fair<\/strong><\/p> <p style=\"text-align: center\"><strong>18th of February, 2021 &#8211; Thursday<\/strong><\/p> <h4 style=\"text-align: center\">Chat room links<\/h4> <table class=\"aligncenter\" width=\"569\"> <tbody> <tr> <td style=\"width: 197.6px;text-align: left\">Tolnagro Animal Health<\/td> <td style=\"width: 356.8px\"><a href=\"https:\/\/teams.microsoft.com\/l\/meetup-join\/19%3ameeting_ZjVjOTk3Y2UtY2Y5OS00Mjg2LTg1MGYtMWViZDM2ZDA2NmQ0%40thread.v2\/0?context=%7b%22Tid%22%3a%223d888f70-bd6a-4491-8913-da9d1bafc747%22%2c%22Oid%22%3a%22efb3452b-c4d9-41fc-9e68-b45f9b213128%22%7d\">Click here to join the meeting<\/a><\/td> <\/tr> <tr> <td style=\"width: 197.6px\">Lloyd &amp; Cowan<\/td> <td style=\"width: 356.8px\"><a href=\"https:\/\/teams.microsoft.com\/l\/meetup-join\/19%3ameeting_NDNlODQ3ODUtZTRmNS00M2ZmLWIwZGMtNGNmNTlkMzYxYzc2%40thread.v2\/0?context=%7b%22Tid%22%3a%223d888f70-bd6a-4491-8913-da9d1bafc747%22%2c%22Oid%22%3a%22efb3452b-c4d9-41fc-9e68-b45f9b213128%22%7d\">Click here to join the meeting<\/a><\/td> <\/tr> <tr> <td style=\"width: 197.6px\">Elanco Hungary<\/td> <td style=\"width: 356.8px\"><a href=\"https:\/\/teams.microsoft.com\/l\/meetup-join\/19%3ameeting_YTM3MjQ2YzYtZTNjNC00OGE2LTg3NGUtZDdjM2I3OTlkNjdj%40thread.v2\/0?context=%7b%22Tid%22%3a%223d888f70-bd6a-4491-8913-da9d1bafc747%22%2c%22Oid%22%3a%22efb3452b-c4d9-41fc-9e68-b45f9b213128%22%7d\">Click here to join the meeting<\/a><\/td> <\/tr> <tr> <td style=\"width: 197.6px\">Medivet<\/td> <td style=\"width: 356.8px\"><a href=\"https:\/\/teams.microsoft.com\/l\/meetup-join\/19%3ameeting_NGViNmMwZWItZjBhOC00MGNhLWJlYmUtYThjNWVmOWQ5NzY5%40thread.v2\/0?context=%7b%22Tid%22%3a%223d888f70-bd6a-4491-8913-da9d1bafc747%22%2c%22Oid%22%3a%22efb3452b-c4d9-41fc-9e68-b45f9b213128%22%7d\">Click here to join the meeting<\/a><\/td> <\/tr> <tr> <td style=\"width: 197.6px\">UVMB Doctoral School<\/td> <td style=\"width: 356.8px\"><a href=\"https:\/\/teams.microsoft.com\/l\/meetup-join\/19%3ameeting_ODRjOWFiOWItNTBhOC00MjRhLTkyZjQtN2YwODNlYzcwNGU3%40thread.v2\/0?context=%7b%22Tid%22%3a%223d888f70-bd6a-4491-8913-da9d1bafc747%22%2c%22Oid%22%3a%22efb3452b-c4d9-41fc-9e68-b45f9b213128%22%7d\">Click here to join the meeting<\/a><\/td> <\/tr> <tr> <td style=\"width: 197.6px\">Bonafarm Group<\/td> <td style=\"width: 356.8px\"><a href=\"https:\/\/teams.microsoft.com\/l\/meetup-join\/19%3ameeting_NjM4YzBiYWMtOThjZC00Zjk3LTk3MDktNjFmOWZjNzJmOWQ4%40thread.v2\/0?context=%7b%22Tid%22%3a%223d888f70-bd6a-4491-8913-da9d1bafc747%22%2c%22Oid%22%3a%22efb3452b-c4d9-41fc-9e68-b45f9b213128%22%7d\">Click here to join the meeting<\/a><\/td> <\/tr> <tr> <td style=\"width: 197.6px\">T\u00fari Animal Hospital<\/td> <td style=\"width: 356.8px\"><a href=\"https:\/\/teams.microsoft.com\/l\/meetup-join\/19%3ameeting_OGYyZTRhYjMtYTQzYi00ZThjLTk3YWUtNjNmZDMyNWNmZTNk%40thread.v2\/0?context=%7b%22Tid%22%3a%223d888f70-bd6a-4491-8913-da9d1bafc747%22%2c%22Oid%22%3a%22efb3452b-c4d9-41fc-9e68-b45f9b213128%22%7d\">Click here to join the meeting<\/a><\/td> <\/tr> <tr> <td style=\"width: 197.6px\">Alpha-Vet<\/td> <td style=\"width: 356.8px\"><a href=\"https:\/\/teams.microsoft.com\/l\/meetup-join\/19%3ameeting_MTUyYjRjMDgtNDNmNS00ODlkLWE5ZDgtYzM3OTExYTY4NWYx%40thread.v2\/0?context=%7b%22Tid%22%3a%223d888f70-bd6a-4491-8913-da9d1bafc747%22%2c%22Oid%22%3a%22efb3452b-c4d9-41fc-9e68-b45f9b213128%22%7d\">Click here to join the meeting<\/a><\/td> <\/tr> <tr> <td style=\"width: 197.6px\">Pannon Equine Rehab and Healthcare Service<\/td> <td style=\"width: 356.8px\"><a href=\"https:\/\/teams.microsoft.com\/l\/meetup-join\/19%3ameeting_MDliODdhNDgtNTVmMC00N2IyLWI0MTMtODFkZTA1MDc1ZTcx%40thread.v2\/0?context=%7b%22Tid%22%3a%223d888f70-bd6a-4491-8913-da9d1bafc747%22%2c%22Oid%22%3a%22efb3452b-c4d9-41fc-9e68-b45f9b213128%22%7d\">Click here to join the meeting<\/a><\/td> <\/tr> <\/tbody> <\/table> <p>&nbsp;<\/p> <div> <p style=\"text-align: center\"><strong>Chat room etiquette<\/strong><\/p> <p>After joining the chat room, we kindly ask you to write to the chat part of the meeting and then the representative of the exhibitor will give you permission to join the video chat. Till then and when you are not speaking, please mute your microphone.<\/p> <h4 style=\"text-align: center\"><strong>Planned Program<\/strong><\/h4> <p><strong>10:00<\/strong>\u00a0&#8211; Opening of the online chat rooms, the IV. Online Job Fair video will be posted on our YouTube channel as well as on the event website. The video will be about:<\/p> <p><strong>Video introduction of our partners<\/strong><\/p> <p style=\"padding-left: 30px\">&#8211; Bonafarm Group<\/p> <p style=\"padding-left: 30px\">&#8211; Elanco Hungary<\/p> <p style=\"padding-left: 30px\">&#8211; Medivet UK<\/p> <p style=\"padding-left: 30px\">&#8211; Tolnagro Animal Health<\/p> <p style=\"padding-left: 30px\">&#8211; T\u00fari Animal Hospital<\/p> <p><strong>Speeches by professors of the University of Veterinary Medicine Budapest<\/strong><\/p> <p style=\"padding-left: 30px\">&#8211; Dr. Tibor Bartha,\u00a0Vice Rector for International Affairs<\/p> <p style=\"padding-left: 30px\">&#8211; Dr. \u00c1kos Jerzsele, Vice Rector for Science and Research<\/p> <p style=\"padding-left: 30px\">&#8211; Dr. Tibor N\u00e9meth, \u00a0Vice Rector for Clinical Affairs<\/p> <p style=\"padding-left: 30px\">&#8211; Dr. L\u00e1szl\u00f3 \u00d3zsv\u00e1ri, Vice Rector for Study Affairs<\/p> <p><strong>Invited speakers:<\/strong><\/p> <p style=\"padding-left: 30px\">&#8211; CV Shark &#8211; Gell\u00e9rt Erd\u0151ssy &#8211; How to write a percussion resume<\/p> <p style=\"padding-left: 30px\">&#8211; English Institute Language School &#8211; English job interview &#8211; frequently asked questions during interviews<\/p> <p><strong>12.00-12.30:<\/strong> Lunch break<\/p> <p><strong>12.30-14.00:<\/strong>\u00a0Conversations in the chat rooms continue<\/p> <p>&nbsp;<\/p> <\/div>","protected":false},"excerpt":{"rendered":"<p>Online UNIVET Job Fair 18th of February, 2021 &#8211; Thursday Chat room links Tolnagro Animal Health Click here to join the meeting Lloyd &amp; Cowan Click here to join the meeting Elanco Hungary Click here to join the meeting Medivet Click here to join the meeting UVMB Doctoral School Click here to join the meeting<\/p>\n","protected":false},"author":2518,"featured_media":0,"parent":61242,"menu_order":0,"comment_status":"open","ping_status":"open","template":"","meta":{"_acf_changed":false,"footnotes":""},"categories":[],"tags":[],"class_list":["post-62346","page","type-page","status-publish","hentry"],"acf":[],"yoast_head":"<!-- This site is optimized with the Yoast SEO plugin v27.2 - https:\/\/yoast.com\/product\/yoast-seo-wordpress\/ -->\n<title>Program - \u00c1ll\u00e1sb\u00f6rze<\/title>\n<meta name=\"robots\" content=\"index, follow, max-snippet:-1, max-image-preview:large, max-video-preview:-1\" \/>\n<link rel=\"canonical\" href=\"https:\/\/univet.hu\/allasborze\/en\/job-fair-2021\/program\/\" \/>\n<meta property=\"og:locale\" content=\"en_US\" \/>\n<meta property=\"og:type\" content=\"article\" \/>\n<meta property=\"og:title\" content=\"Program - \u00c1ll\u00e1sb\u00f6rze\" \/>\n<meta property=\"og:description\" content=\"Online UNIVET Job Fair 18th of February, 2021 &#8211; Thursday Chat room links Tolnagro Animal Health Click here to join the meeting Lloyd &amp; Cowan Click here to join the meeting Elanco Hungary Click here to join the meeting Medivet Click here to join the meeting UVMB Doctoral School Click here to join the meeting\" \/>\n<meta property=\"og:url\" content=\"https:\/\/univet.hu\/allasborze\/en\/job-fair-2021\/program\/\" \/>\n<meta property=\"og:site_name\" content=\"\u00c1ll\u00e1sb\u00f6rze\" \/>\n<meta property=\"article:modified_time\" content=\"2025-01-10T12:55:10+00:00\" \/>\n<meta name=\"twitter:card\" content=\"summary_large_image\" \/>\n<meta name=\"twitter:label1\" content=\"Est. reading time\" \/>\n\t<meta name=\"twitter:data1\" content=\"1 minute\" \/>\n<script type=\"application\/ld+json\" class=\"yoast-schema-graph\">{\"@context\":\"https:\/\/schema.org\",\"@graph\":[{\"@type\":\"WebPage\",\"@id\":\"https:\/\/univet.hu\/allasborze\/en\/job-fair-2021\/program\/\",\"url\":\"https:\/\/univet.hu\/allasborze\/en\/job-fair-2021\/program\/\",\"name\":\"Program - \u00c1ll\u00e1sb\u00f6rze\",\"isPartOf\":{\"@id\":\"https:\/\/univet.hu\/allasborze\/#website\"},\"datePublished\":\"2021-02-14T10:49:49+00:00\",\"dateModified\":\"2025-01-10T12:55:10+00:00\",\"breadcrumb\":{\"@id\":\"https:\/\/univet.hu\/allasborze\/en\/job-fair-2021\/program\/#breadcrumb\"},\"inLanguage\":\"en-US\",\"potentialAction\":[{\"@type\":\"ReadAction\",\"target\":[\"https:\/\/univet.hu\/allasborze\/en\/job-fair-2021\/program\/\"]}]},{\"@type\":\"BreadcrumbList\",\"@id\":\"https:\/\/univet.hu\/allasborze\/en\/job-fair-2021\/program\/#breadcrumb\",\"itemListElement\":[{\"@type\":\"ListItem\",\"position\":1,\"name\":\"Kezd\u0151lap\",\"item\":\"https:\/\/univet.hu\/allasborze\/en\/\"},{\"@type\":\"ListItem\",\"position\":2,\"name\":\"Job Fair 2021\",\"item\":\"https:\/\/univet.hu\/allasborze\/en\/job-fair-2021\/\"},{\"@type\":\"ListItem\",\"position\":3,\"name\":\"Program\"}]},{\"@type\":\"WebSite\",\"@id\":\"https:\/\/univet.hu\/allasborze\/#website\",\"url\":\"https:\/\/univet.hu\/allasborze\/\",\"name\":\"\u00c1ll\u00e1sb\u00f6rze\",\"description\":\"\",\"potentialAction\":[{\"@type\":\"SearchAction\",\"target\":{\"@type\":\"EntryPoint\",\"urlTemplate\":\"https:\/\/univet.hu\/allasborze\/?s={search_term_string}\"},\"query-input\":{\"@type\":\"PropertyValueSpecification\",\"valueRequired\":true,\"valueName\":\"search_term_string\"}}],\"inLanguage\":\"en-US\"}]}<\/script>\n<!-- \/ Yoast SEO plugin. -->","yoast_head_json":{"title":"Program - \u00c1ll\u00e1sb\u00f6rze","robots":{"index":"index","follow":"follow","max-snippet":"max-snippet:-1","max-image-preview":"max-image-preview:large","max-video-preview":"max-video-preview:-1"},"canonical":"https:\/\/univet.hu\/allasborze\/en\/job-fair-2021\/program\/","og_locale":"en_US","og_type":"article","og_title":"Program - \u00c1ll\u00e1sb\u00f6rze","og_description":"Online UNIVET Job Fair 18th of February, 2021 &#8211; Thursday Chat room links Tolnagro Animal Health Click here to join the meeting Lloyd &amp; Cowan Click here to join the meeting Elanco Hungary Click here to join the meeting Medivet Click here to join the meeting UVMB Doctoral School Click here to join the meeting","og_url":"https:\/\/univet.hu\/allasborze\/en\/job-fair-2021\/program\/","og_site_name":"\u00c1ll\u00e1sb\u00f6rze","article_modified_time":"2025-01-10T12:55:10+00:00","twitter_card":"summary_large_image","twitter_misc":{"Est. reading time":"1 minute"},"schema":{"@context":"https:\/\/schema.org","@graph":[{"@type":"WebPage","@id":"https:\/\/univet.hu\/allasborze\/en\/job-fair-2021\/program\/","url":"https:\/\/univet.hu\/allasborze\/en\/job-fair-2021\/program\/","name":"Program - \u00c1ll\u00e1sb\u00f6rze","isPartOf":{"@id":"https:\/\/univet.hu\/allasborze\/#website"},"datePublished":"2021-02-14T10:49:49+00:00","dateModified":"2025-01-10T12:55:10+00:00","breadcrumb":{"@id":"https:\/\/univet.hu\/allasborze\/en\/job-fair-2021\/program\/#breadcrumb"},"inLanguage":"en-US","potentialAction":[{"@type":"ReadAction","target":["https:\/\/univet.hu\/allasborze\/en\/job-fair-2021\/program\/"]}]},{"@type":"BreadcrumbList","@id":"https:\/\/univet.hu\/allasborze\/en\/job-fair-2021\/program\/#breadcrumb","itemListElement":[{"@type":"ListItem","position":1,"name":"Kezd\u0151lap","item":"https:\/\/univet.hu\/allasborze\/en\/"},{"@type":"ListItem","position":2,"name":"Job Fair 2021","item":"https:\/\/univet.hu\/allasborze\/en\/job-fair-2021\/"},{"@type":"ListItem","position":3,"name":"Program"}]},{"@type":"WebSite","@id":"https:\/\/univet.hu\/allasborze\/#website","url":"https:\/\/univet.hu\/allasborze\/","name":"\u00c1ll\u00e1sb\u00f6rze","description":"","potentialAction":[{"@type":"SearchAction","target":{"@type":"EntryPoint","urlTemplate":"https:\/\/univet.hu\/allasborze\/?s={search_term_string}"},"query-input":{"@type":"PropertyValueSpecification","valueRequired":true,"valueName":"search_term_string"}}],"inLanguage":"en-US"}]}},"_links":{"self":[{"href":"https:\/\/univet.hu\/allasborze\/en\/wp-json\/wp\/v2\/pages\/62346","targetHints":{"allow":["GET"]}}],"collection":[{"href":"https:\/\/univet.hu\/allasborze\/en\/wp-json\/wp\/v2\/pages"}],"about":[{"href":"https:\/\/univet.hu\/allasborze\/en\/wp-json\/wp\/v2\/types\/page"}],"author":[{"embeddable":true,"href":"https:\/\/univet.hu\/allasborze\/en\/wp-json\/wp\/v2\/users\/2518"}],"replies":[{"embeddable":true,"href":"https:\/\/univet.hu\/allasborze\/en\/wp-json\/wp\/v2\/comments?post=62346"}],"version-history":[{"count":1,"href":"https:\/\/univet.hu\/allasborze\/en\/wp-json\/wp\/v2\/pages\/62346\/revisions"}],"predecessor-version":[{"id":172735,"href":"https:\/\/univet.hu\/allasborze\/en\/wp-json\/wp\/v2\/pages\/62346\/revisions\/172735"}],"up":[{"embeddable":true,"href":"https:\/\/univet.hu\/allasborze\/en\/wp-json\/wp\/v2\/pages\/61242"}],"wp:attachment":[{"href":"https:\/\/univet.hu\/allasborze\/en\/wp-json\/wp\/v2\/media?parent=62346"}],"wp:term":[{"taxonomy":"category","embeddable":true,"href":"https:\/\/univet.hu\/allasborze\/en\/wp-json\/wp\/v2\/categories?post=62346"},{"taxonomy":"post_tag","embeddable":true,"href":"https:\/\/univet.hu\/allasborze\/en\/wp-json\/wp\/v2\/tags?post=62346"}],"curies":[{"name":"wp","href":"https:\/\/api.w.org\/{rel}","templated":true}]}}