{"id":69642,"date":"2021-11-25T10:04:50","date_gmt":"2021-11-25T09:04:50","guid":{"rendered":"https:\/\/univet.hu\/en\/job-fair-2022\/name\/"},"modified":"2025-01-10T13:55:10","modified_gmt":"2025-01-10T12:55:10","slug":"exhibitors","status":"publish","type":"page","link":"https:\/\/univet.hu\/allasborze\/en\/job-fair-2022\/exhibitors\/","title":{"rendered":"Exhibitors"},"content":{"rendered":"<p>Please find below the list of registered exhibitors.\u00a0<strong>This information is updated regularly and therefore subject to change.<\/strong><\/p> <p>&nbsp;<\/p> <table style=\"width: 739px;height: 508px\"> <tbody> <tr style=\"height: 24px\"> <td style=\"width: 223.025px;height: 24px\"><strong>International Exhibitors<\/strong><\/td> <td style=\"width: 193.325px;height: 24px\"><\/td> <td style=\"width: 302.25px;height: 24px\"><\/td> <\/tr> <tr> <td style=\"width: 223.025px\"><a href=\"https:\/\/univet.hu\/hu\/allasborze-2022\/kiallitok\/anicura-germany-nemetorszag\/\">AniCura<\/a><\/td> <td style=\"width: 193.325px\">Germany<\/td> <td style=\"width: 302.25px\"><a href=\"https:\/\/www.anicura.de\/\">https:\/\/www.anicura.de\/<\/a><\/td> <\/tr> <tr> <td style=\"width: 223.025px\"><a href=\"https:\/\/univet.hu\/hu\/allasborze-2022\/kiallitok\/anicura-sweden-svedorszag\/\">AniCura<\/a><\/td> <td style=\"width: 193.325px\">Sweden<\/td> <td style=\"width: 302.25px\"><a href=\"https:\/\/www.anicuragroup.com\/\">https:\/\/www.anicuragroup.com\/<\/a><\/td> <\/tr> <tr> <td style=\"width: 223.025px\"><a href=\"https:\/\/univet.hu\/hu\/allasborze-2022\/kiallitok\/evidensia-sweden-svedorszag\/\">IVC Evidensia Group<\/a><\/td> <td style=\"width: 193.325px\">Germany<\/td> <td style=\"width: 302.25px\"><a href=\"https:\/\/evidensiagroup.de\/\">https:\/\/evidensiagroup.de\/<\/a><\/td> <\/tr> <tr style=\"height: 24px\"> <td style=\"width: 223.025px;height: 24px\"><a href=\"https:\/\/univet.hu\/hu\/allasborze-2022\/kiallitok\/kiernan-animal-health-ireland-irorszag\/\">Kiernan Animal Health<\/a><\/td> <td style=\"width: 193.325px;height: 24px\">Ireland<\/td> <td style=\"width: 302.25px;height: 24px\"><a href=\"https:\/\/kiernanmilling.ie\/\">https:\/\/kiernanmilling.ie\/<\/a><\/td> <\/tr> <tr style=\"height: 24px\"> <td style=\"width: 223.025px;height: 24px\"><a href=\"https:\/\/univet.hu\/hu\/allasborze-2022\/kiallitok\/lloydcowan-uk-anglia\/\">Lloyd&amp;Cowan<\/a><\/td> <td style=\"width: 193.325px;height: 24px\">United Kingdom<\/td> <td style=\"width: 302.25px;height: 24px\"><a href=\"https:\/\/www.lloydandcowan.com\/\">https:\/\/www.lloydandcowan.com\/<\/a><\/td> <\/tr> <tr style=\"height: 24px\"> <td style=\"width: 223.025px;height: 24px\"><a href=\"https:\/\/univet.hu\/hu\/allasborze-2022\/kiallitok\/medivet-uk-anglia\/\">Medivet<\/a><\/td> <td style=\"width: 193.325px;height: 24px\">United Kingdom<\/td> <td style=\"width: 302.25px;height: 24px\"><a href=\"https:\/\/www.medivet.co.uk\/\">https:\/\/www.medivet.co.uk\/<\/a><\/td> <\/tr> <tr style=\"height: 24px\"> <td style=\"width: 223.025px;height: 24px\"><a href=\"https:\/\/univet.hu\/hu\/allasborze-2022\/kiallitok\/onemed-france-franciaorszag\/\">OneMed<\/a><\/td> <td style=\"width: 193.325px;height: 24px\">\u00a0France<\/td> <td style=\"width: 302.25px;height: 24px\"><a href=\"https:\/\/jmpartnersrecrutement.fr\/\">\u00a0https:\/\/jmpartnersrecrutement.fr\/<\/a><\/td> <\/tr> <tr style=\"height: 24px\"> <td style=\"width: 223.025px;height: 24px\"><strong>Hungarian Exhibitors<\/strong><\/td> <td style=\"width: 193.325px;height: 24px\"><\/td> <td style=\"width: 302.25px;height: 24px\"><\/td> <\/tr> <tr style=\"height: 24px\"> <td style=\"width: 223.025px;height: 24px\"><a href=\"https:\/\/univet.hu\/hu\/allasborze-2022\/kiallitok\/alpha-vet\/\">Alpha-Vet<\/a><\/td> <td style=\"width: 193.325px;height: 24px\">Hungary<\/td> <td style=\"width: 302.25px;height: 24px\"><a href=\"https:\/\/alpha-vet.com\/\">https:\/\/alpha-vet.com\/<\/a><\/td> <\/tr> <tr style=\"height: 48px\"> <td style=\"width: 223.025px;height: 48px\"><a href=\"https:\/\/univet.hu\/hu\/allasborze-2022\/kiallitok\/biochem-hungaria-animal-health-and-nutrition\/\">Biochem Hungaria Animal Health and Nutrition<\/a><\/td> <td style=\"width: 193.325px;height: 48px\">Budapest, Hungary<\/td> <td style=\"width: 302.25px;height: 48px\"><a href=\"https:\/\/www.biochem.net\/\">\u00a0https:\/\/www.biochem.net\/<\/a><\/td> <\/tr> <tr> <td style=\"width: 223.025px\"><a href=\"https:\/\/univet.hu\/hu\/allasborze-2022\/kiallitok\/bonafarm-csoport\/\">Bonafarm<\/a><\/td> <td style=\"width: 193.325px\">Hungary<\/td> <td style=\"width: 302.25px\"><a href=\"https:\/\/bonafarmcsoport.hu\/en\/\">https:\/\/bonafarmcsoport.hu\/en\/<\/a><\/td> <\/tr> <tr style=\"height: 24px\"> <td style=\"width: 223.025px;height: 24px\"><a href=\"https:\/\/univet.hu\/hu\/allasborze-2022\/kiallitok\/szegedi-biologiai-kutatokozpont-genetikai-intezet\/\">Biological Research Centre<\/a><\/td> <td style=\"width: 193.325px;height: 24px\">Szeged, Hungary<\/td> <td style=\"width: 302.25px;height: 24px\"><a href=\"http:\/\/www.brc.hu\/en\">http:\/\/www.brc.hu\/en<\/a><\/td> <\/tr> <tr> <td style=\"width: 223.025px\"><a href=\"https:\/\/univet.hu\/hu\/allasborze-2022\/kiallitok\/dunakeszi-allatkorhaz-veresvet-allatkorhaz\/\">Dunakeszi \u00c1llatk\u00f3rh\u00e1z<\/a><\/td> <td style=\"width: 193.325px\">Dunakeszi, Hungary<\/td> <td style=\"width: 302.25px\"><a href=\"https:\/\/www.dunakesziallatorvos.hu\/\">https:\/\/www.dunakesziallatorvos.hu\/<\/a><\/td> <\/tr> <tr> <td style=\"width: 223.025px\"><a href=\"https:\/\/univet.hu\/hu\/allasborze-2022\/kiallitok\/medicus-partner\/\">Medicus Partner<\/a><\/td> <td style=\"width: 193.325px\">Biatorb\u00e1gy, Hungary<\/td> <td style=\"width: 302.25px\"><a href=\"https:\/\/vetcentre.com\/\">https:\/\/vetcentre.com\/<\/a><\/td> <\/tr> <tr> <td style=\"width: 223.025px\"><a href=\"https:\/\/univet.hu\/hu\/allasborze-2022\/kiallitok\/nextdoorvet\/\">Nextdoorvet<\/a><\/td> <td style=\"width: 193.325px\">Budapest, Hungary<\/td> <td style=\"width: 302.25px\"><a href=\"https:\/\/nextdoorvet.net\/\">https:\/\/nextdoorvet.net\/<\/a><\/td> <\/tr> <tr> <td style=\"width: 223.025px\"><a href=\"https:\/\/univet.hu\/hu\/allasborze-2022\/kiallitok\/nemzeti-elelmiszerlanc-biztonsagi-hivatal-nebih\/\">N\u00e9bih<\/a><\/td> <td style=\"width: 193.325px\">Hungary<\/td> <td style=\"width: 302.25px\"><a href=\"https:\/\/portal.nebih.gov.hu\/\">https:\/\/portal.nebih.gov.hu\/<\/a><\/td> <\/tr> <tr style=\"height: 24px\"> <td style=\"width: 223.025px;height: 24px\"><a href=\"https:\/\/univet.hu\/hu\/allasborze-2022\/kiallitok\/orszagos-allatkorhaz\/\">Orsz\u00e1gos \u00c1llatk\u00f3rh\u00e1z<\/a><\/td> <td style=\"width: 193.325px;height: 24px\">Budapest, Hungary<\/td> <td style=\"width: 302.25px;height: 24px\"><a href=\"https:\/\/www.facebook.com\/Orsz%C3%A1gos-%C3%81llatk%C3%B3rh%C3%A1z-101862679049461\">Facebook page<\/a><\/td> <\/tr> <tr style=\"height: 48px\"> <td style=\"width: 223.025px;height: 48px\"><a href=\"https:\/\/univet.hu\/hu\/allasborze-2022\/kiallitok\/pannon-logyogyaszati-es-rehabilitacios-kft\/\">Pannon L\u00f3gy\u00f3gy\u00e1szati \u00e9s Rehabilit\u00e1ci\u00f3s Szolg\u00e1lat<\/a><\/td> <td style=\"width: 193.325px;height: 48px\">Kaposv\u00e1r, Hungary<\/td> <td style=\"width: 302.25px;height: 48px\"><a href=\"http:\/\/pannonlogyogyasz.hu\/\">http:\/\/pannonlogyogyasz.hu\/<\/a><\/td> <\/tr> <tr> <td style=\"width: 223.025px\"><a href=\"https:\/\/univet.hu\/hu\/allasborze-2022\/kiallitok\/taltos-allatorvosi-rendelo\/\">T\u00e1ltos \u00c1llatorvosi Rendel\u0151<\/a><\/td> <td style=\"width: 193.325px\">Mosonmagyar\u00f3v\u00e1r, Hungary<\/td> <td style=\"width: 302.25px\"><\/td> <\/tr> <tr style=\"height: 24px\"> <td style=\"width: 223.025px;height: 24px\"><a href=\"https:\/\/univet.hu\/hu\/allasborze-2022\/kiallitok\/tolnagro\/\">Tolnagro<\/a><\/td> <td style=\"width: 193.325px;height: 24px\">Szeksz\u00e1rd, Hungary<\/td> <td style=\"width: 302.25px;height: 24px\"><a href=\"https:\/\/www.tolnagro.hu\/en\/\">https:\/\/www.tolnagro.hu\/en\/<\/a><\/td> <\/tr> <tr style=\"height: 24px\"> <td style=\"width: 223.025px;height: 24px\"><a href=\"https:\/\/univet.hu\/hu\/allasborze-2022\/kiallitok\/trovet-hungary\/\">Trovet Hungary<\/a><\/td> <td style=\"width: 193.325px;height: 24px\">Hungary<\/td> <td style=\"width: 302.25px;height: 24px\"><a href=\"https:\/\/trovethungary.hu\/home-en\/\">https:\/\/trovethungary.hu\/home-en\/<\/a><\/td> <\/tr> <tr style=\"height: 24px\"> <td style=\"width: 223.025px;height: 24px\"><a href=\"https:\/\/univet.hu\/hu\/allasborze-2022\/kiallitok\/turi-allatkorhaz\/\">T\u00fari \u00c1llatk\u00f3rh\u00e1z<\/a><\/td> <td style=\"width: 193.325px;height: 24px\">Dunaf\u00f6ldv\u00e1r, Hungary<\/td> <td style=\"width: 302.25px;height: 24px\"><a href=\"https:\/\/www.turiallatkorhaz.hu\/\">https:\/\/www.turiallatkorhaz.hu\/<\/a><\/td> <\/tr> <tr> <td style=\"width: 223.025px\"><a href=\"https:\/\/univet.hu\/hu\/allasborze-2022\/kiallitok\/vetcontrol\/\">Vetcontrol<\/a><\/td> <td style=\"width: 193.325px\">Budapest, Hungary<\/td> <td style=\"width: 302.25px\"><a href=\"https:\/\/vetcontrol.hu\/\">https:\/\/vetcontrol.hu\/<\/a><\/td> <\/tr> <tr style=\"height: 24px\"> <td style=\"width: 223.025px;height: 24px\"><a href=\"https:\/\/vmri.hu\/en\">Veterinary Medical Research Institute &#8211; \u00c1TKI<\/a><\/td> <td style=\"width: 193.325px;height: 24px\">\u00a0Budapest, Hungary<\/td> <td style=\"width: 302.25px;height: 24px\"><a href=\"https:\/\/vmri.hu\/en\">\u00a0https:\/\/vmri.hu\/en<\/a><\/td> <\/tr> <tr style=\"height: 24px\"> <td style=\"width: 223.025px;height: 24px\"><strong>UNIVET Exhibitors<\/strong><\/td> <td style=\"width: 193.325px;height: 24px\"><\/td> <td style=\"width: 302.25px;height: 24px\"><\/td> <\/tr> <tr style=\"height: 28px\"> <td style=\"width: 223.025px;height: 28px\">Doctoral School<\/td> <td style=\"width: 193.325px;height: 28px\"><\/td> <td style=\"width: 302.25px;height: 28px\"><a href=\"https:\/\/univet.hu\/en\/education\/doctoral-school\/\">https:\/\/univet.hu\/en\/education\/doctoral-school\/<\/a><\/td> <\/tr> <tr style=\"height: 24px\"> <td style=\"width: 223.025px;height: 24px\">Erasmus Office<\/td> <td style=\"width: 193.325px;height: 24px\"><\/td> <td style=\"width: 302.25px;height: 24px\"><a href=\"https:\/\/univet.hu\/en\/about\/international-relations\/erasmus\/\">https:\/\/univet.hu\/en\/about\/international-relations\/erasmus\/<\/a><\/td> <\/tr> <tr style=\"height: 24px\"> <td style=\"width: 223.025px;height: 24px\"><strong>\u00a0<\/strong><\/td> <td style=\"width: 193.325px;height: 24px\"><\/td> <td style=\"width: 302.25px;height: 24px\"><\/td> <\/tr> <\/tbody> <\/table> <p>&nbsp;<\/p>","protected":false},"excerpt":{"rendered":"<p>Please find below the list of registered exhibitors.\u00a0This information is updated regularly and therefore subject to change. &nbsp; International Exhibitors AniCura Germany https:\/\/www.anicura.de\/ AniCura Sweden https:\/\/www.anicuragroup.com\/ IVC Evidensia Group Germany https:\/\/evidensiagroup.de\/ Kiernan Animal Health Ireland https:\/\/kiernanmilling.ie\/ Lloyd&amp;Cowan United Kingdom https:\/\/www.lloydandcowan.com\/ Medivet United Kingdom https:\/\/www.medivet.co.uk\/ OneMed \u00a0France \u00a0https:\/\/jmpartnersrecrutement.fr\/ Hungarian Exhibitors Alpha-Vet Hungary https:\/\/alpha-vet.com\/ Biochem Hungaria Animal<\/p>\n","protected":false},"author":2518,"featured_media":0,"parent":69590,"menu_order":0,"comment_status":"open","ping_status":"open","template":"","meta":{"_acf_changed":false,"footnotes":""},"categories":[],"tags":[],"class_list":["post-69642","page","type-page","status-publish","hentry"],"acf":[],"yoast_head":"<!-- This site is optimized with the Yoast SEO plugin v27.2 - https:\/\/yoast.com\/product\/yoast-seo-wordpress\/ -->\n<title>Exhibitors - \u00c1ll\u00e1sb\u00f6rze<\/title>\n<meta name=\"robots\" content=\"index, follow, max-snippet:-1, max-image-preview:large, max-video-preview:-1\" \/>\n<link rel=\"canonical\" href=\"https:\/\/univet.hu\/allasborze\/en\/job-fair-2022\/exhibitors\/\" \/>\n<meta property=\"og:locale\" content=\"en_US\" \/>\n<meta property=\"og:type\" content=\"article\" \/>\n<meta property=\"og:title\" content=\"Exhibitors - \u00c1ll\u00e1sb\u00f6rze\" \/>\n<meta property=\"og:description\" content=\"Please find below the list of registered exhibitors.\u00a0This information is updated regularly and therefore subject to change. &nbsp; International Exhibitors AniCura Germany https:\/\/www.anicura.de\/ AniCura Sweden https:\/\/www.anicuragroup.com\/ IVC Evidensia Group Germany https:\/\/evidensiagroup.de\/ Kiernan Animal Health Ireland https:\/\/kiernanmilling.ie\/ Lloyd&amp;Cowan United Kingdom https:\/\/www.lloydandcowan.com\/ Medivet United Kingdom https:\/\/www.medivet.co.uk\/ OneMed \u00a0France \u00a0https:\/\/jmpartnersrecrutement.fr\/ Hungarian Exhibitors Alpha-Vet Hungary https:\/\/alpha-vet.com\/ Biochem Hungaria Animal\" \/>\n<meta property=\"og:url\" content=\"https:\/\/univet.hu\/allasborze\/en\/job-fair-2022\/exhibitors\/\" \/>\n<meta property=\"og:site_name\" content=\"\u00c1ll\u00e1sb\u00f6rze\" \/>\n<meta property=\"article:modified_time\" content=\"2025-01-10T12:55:10+00:00\" \/>\n<meta name=\"twitter:card\" content=\"summary_large_image\" \/>\n<meta name=\"twitter:label1\" content=\"Est. reading time\" \/>\n\t<meta name=\"twitter:data1\" content=\"1 minute\" \/>\n<script type=\"application\/ld+json\" class=\"yoast-schema-graph\">{\"@context\":\"https:\/\/schema.org\",\"@graph\":[{\"@type\":\"WebPage\",\"@id\":\"https:\/\/univet.hu\/allasborze\/en\/job-fair-2022\/exhibitors\/\",\"url\":\"https:\/\/univet.hu\/allasborze\/en\/job-fair-2022\/exhibitors\/\",\"name\":\"Exhibitors - \u00c1ll\u00e1sb\u00f6rze\",\"isPartOf\":{\"@id\":\"https:\/\/univet.hu\/allasborze\/#website\"},\"datePublished\":\"2021-11-25T09:04:50+00:00\",\"dateModified\":\"2025-01-10T12:55:10+00:00\",\"breadcrumb\":{\"@id\":\"https:\/\/univet.hu\/allasborze\/en\/job-fair-2022\/exhibitors\/#breadcrumb\"},\"inLanguage\":\"en-US\",\"potentialAction\":[{\"@type\":\"ReadAction\",\"target\":[\"https:\/\/univet.hu\/allasborze\/en\/job-fair-2022\/exhibitors\/\"]}]},{\"@type\":\"BreadcrumbList\",\"@id\":\"https:\/\/univet.hu\/allasborze\/en\/job-fair-2022\/exhibitors\/#breadcrumb\",\"itemListElement\":[{\"@type\":\"ListItem\",\"position\":1,\"name\":\"Kezd\u0151lap\",\"item\":\"https:\/\/univet.hu\/allasborze\/en\/\"},{\"@type\":\"ListItem\",\"position\":2,\"name\":\"Job Fair 2022\",\"item\":\"https:\/\/univet.hu\/allasborze\/en\/job-fair-2022\/\"},{\"@type\":\"ListItem\",\"position\":3,\"name\":\"Exhibitors\"}]},{\"@type\":\"WebSite\",\"@id\":\"https:\/\/univet.hu\/allasborze\/#website\",\"url\":\"https:\/\/univet.hu\/allasborze\/\",\"name\":\"\u00c1ll\u00e1sb\u00f6rze\",\"description\":\"\",\"potentialAction\":[{\"@type\":\"SearchAction\",\"target\":{\"@type\":\"EntryPoint\",\"urlTemplate\":\"https:\/\/univet.hu\/allasborze\/?s={search_term_string}\"},\"query-input\":{\"@type\":\"PropertyValueSpecification\",\"valueRequired\":true,\"valueName\":\"search_term_string\"}}],\"inLanguage\":\"en-US\"}]}<\/script>\n<!-- \/ Yoast SEO plugin. -->","yoast_head_json":{"title":"Exhibitors - \u00c1ll\u00e1sb\u00f6rze","robots":{"index":"index","follow":"follow","max-snippet":"max-snippet:-1","max-image-preview":"max-image-preview:large","max-video-preview":"max-video-preview:-1"},"canonical":"https:\/\/univet.hu\/allasborze\/en\/job-fair-2022\/exhibitors\/","og_locale":"en_US","og_type":"article","og_title":"Exhibitors - \u00c1ll\u00e1sb\u00f6rze","og_description":"Please find below the list of registered exhibitors.\u00a0This information is updated regularly and therefore subject to change. &nbsp; International Exhibitors AniCura Germany https:\/\/www.anicura.de\/ AniCura Sweden https:\/\/www.anicuragroup.com\/ IVC Evidensia Group Germany https:\/\/evidensiagroup.de\/ Kiernan Animal Health Ireland https:\/\/kiernanmilling.ie\/ Lloyd&amp;Cowan United Kingdom https:\/\/www.lloydandcowan.com\/ Medivet United Kingdom https:\/\/www.medivet.co.uk\/ OneMed \u00a0France \u00a0https:\/\/jmpartnersrecrutement.fr\/ Hungarian Exhibitors Alpha-Vet Hungary https:\/\/alpha-vet.com\/ Biochem Hungaria Animal","og_url":"https:\/\/univet.hu\/allasborze\/en\/job-fair-2022\/exhibitors\/","og_site_name":"\u00c1ll\u00e1sb\u00f6rze","article_modified_time":"2025-01-10T12:55:10+00:00","twitter_card":"summary_large_image","twitter_misc":{"Est. reading time":"1 minute"},"schema":{"@context":"https:\/\/schema.org","@graph":[{"@type":"WebPage","@id":"https:\/\/univet.hu\/allasborze\/en\/job-fair-2022\/exhibitors\/","url":"https:\/\/univet.hu\/allasborze\/en\/job-fair-2022\/exhibitors\/","name":"Exhibitors - \u00c1ll\u00e1sb\u00f6rze","isPartOf":{"@id":"https:\/\/univet.hu\/allasborze\/#website"},"datePublished":"2021-11-25T09:04:50+00:00","dateModified":"2025-01-10T12:55:10+00:00","breadcrumb":{"@id":"https:\/\/univet.hu\/allasborze\/en\/job-fair-2022\/exhibitors\/#breadcrumb"},"inLanguage":"en-US","potentialAction":[{"@type":"ReadAction","target":["https:\/\/univet.hu\/allasborze\/en\/job-fair-2022\/exhibitors\/"]}]},{"@type":"BreadcrumbList","@id":"https:\/\/univet.hu\/allasborze\/en\/job-fair-2022\/exhibitors\/#breadcrumb","itemListElement":[{"@type":"ListItem","position":1,"name":"Kezd\u0151lap","item":"https:\/\/univet.hu\/allasborze\/en\/"},{"@type":"ListItem","position":2,"name":"Job Fair 2022","item":"https:\/\/univet.hu\/allasborze\/en\/job-fair-2022\/"},{"@type":"ListItem","position":3,"name":"Exhibitors"}]},{"@type":"WebSite","@id":"https:\/\/univet.hu\/allasborze\/#website","url":"https:\/\/univet.hu\/allasborze\/","name":"\u00c1ll\u00e1sb\u00f6rze","description":"","potentialAction":[{"@type":"SearchAction","target":{"@type":"EntryPoint","urlTemplate":"https:\/\/univet.hu\/allasborze\/?s={search_term_string}"},"query-input":{"@type":"PropertyValueSpecification","valueRequired":true,"valueName":"search_term_string"}}],"inLanguage":"en-US"}]}},"_links":{"self":[{"href":"https:\/\/univet.hu\/allasborze\/en\/wp-json\/wp\/v2\/pages\/69642","targetHints":{"allow":["GET"]}}],"collection":[{"href":"https:\/\/univet.hu\/allasborze\/en\/wp-json\/wp\/v2\/pages"}],"about":[{"href":"https:\/\/univet.hu\/allasborze\/en\/wp-json\/wp\/v2\/types\/page"}],"author":[{"embeddable":true,"href":"https:\/\/univet.hu\/allasborze\/en\/wp-json\/wp\/v2\/users\/2518"}],"replies":[{"embeddable":true,"href":"https:\/\/univet.hu\/allasborze\/en\/wp-json\/wp\/v2\/comments?post=69642"}],"version-history":[{"count":1,"href":"https:\/\/univet.hu\/allasborze\/en\/wp-json\/wp\/v2\/pages\/69642\/revisions"}],"predecessor-version":[{"id":172738,"href":"https:\/\/univet.hu\/allasborze\/en\/wp-json\/wp\/v2\/pages\/69642\/revisions\/172738"}],"up":[{"embeddable":true,"href":"https:\/\/univet.hu\/allasborze\/en\/wp-json\/wp\/v2\/pages\/69590"}],"wp:attachment":[{"href":"https:\/\/univet.hu\/allasborze\/en\/wp-json\/wp\/v2\/media?parent=69642"}],"wp:term":[{"taxonomy":"category","embeddable":true,"href":"https:\/\/univet.hu\/allasborze\/en\/wp-json\/wp\/v2\/categories?post=69642"},{"taxonomy":"post_tag","embeddable":true,"href":"https:\/\/univet.hu\/allasborze\/en\/wp-json\/wp\/v2\/tags?post=69642"}],"curies":[{"name":"wp","href":"https:\/\/api.w.org\/{rel}","templated":true}]}}