{"id":69644,"date":"2021-11-25T10:06:06","date_gmt":"2021-11-25T09:06:06","guid":{"rendered":"https:\/\/univet.hu\/en\/job-fair-2022\/name\/"},"modified":"2025-01-10T13:55:11","modified_gmt":"2025-01-10T12:55:11","slug":"job-offers","status":"publish","type":"page","link":"https:\/\/univet.hu\/allasborze\/en\/job-fair-2022\/job-offers\/","title":{"rendered":"Job offers"},"content":{"rendered":"<p><span class=\"emphasis\">Hungary:<\/span><\/p> <p><a href=\"https:\/\/univet.hu\/allasborze\/wp-content\/uploads\/sites\/2\/2022\/01\/Job-offer-brief_Elanco.pdf\">Job-offer-brief_Elanco\u00a0<\/a><\/p> <ul> <li style=\"padding-left: 90px\"><a href=\"https:\/\/univet.hu\/wp-content\/uploads\/2022\/01\/Key-Account-Manager-Pet-Health-Hungary.pdf\">Key Account Manager Pet Health &#8211; Hungary<\/a><\/li> <li style=\"padding-left: 90px\"><a href=\"https:\/\/univet.hu\/allasborze\/wp-content\/uploads\/sites\/2\/2022\/01\/Sales-Representative-Poultry-JD.pdf\">Sales Representative Poultry &#8211; Hungary<\/a><\/li> <\/ul> <p><span class=\"emphasis\">International job offers:<\/span><\/p> <p><a href=\"https:\/\/univet.hu\/en\/allasborze-2022\/aktualis-allasajanlatok\/job-offer-brief_uvmb2022-002\/\" target=\"_blank\" rel=\"attachment noopener wp-att-79773\">Veterinarian &#8211; Sevetys, France<\/a><\/p> <p><a href=\"https:\/\/univet.hu\/en\/job-fair-2022\/job-offers\/job-offer-brief_uvmb2022fra\/\" rel=\"attachment wp-att-78061\">Veterinarian (with basic French knowledge) &#8211; Saint Gaultier, France<\/a><\/p> <p><a href=\"https:\/\/univet.hu\/en\/allasborze-2022\/aktualis-allasajanlatok\/job-offer-brief_uvmb20220711\/\" rel=\"attachment wp-att-76901\">Volunteer veterinarian &#8211; Atoll Marine Centre, Naifaru &#8211; Maldives<\/a><\/p> <p><a href=\"https:\/\/anicuraglobal.teamtailor.com\/jobs\/1568118-anicura-veterinary-graduate-programme-september-2022-start\">Anicura veterinary graduate programme &#8211; September 2022<\/a><\/p> <p><a href=\"https:\/\/jobb.blastjarnan.se\/jobs\/1362592-sommarjobb-djursjukskotare-vetstud-ak-3-alt-djursjukskotarstudent-ak-2\">Summer job for Scandinavian vet students &#8211; Swedish Blue Star Animal Hospital<\/a><\/p> <p><a href=\"https:\/\/univet.hu\/en\/allasborze-2022\/aktualis-allasajanlatok\/job-breif-03-02-22\/\" rel=\"attachment wp-att-71453\">Veterinarian &#8211; Cherrywood Veterinary Clinic &#8211; Ireland<\/a><\/p> <p><a href=\"https:\/\/univet.hu\/en\/allasborze-2022\/aktualis-allasajanlatok\/france\/\" rel=\"attachment wp-att-70938\">Looking for a canine and an equine veterinarian &#8211; JM Recrutement &#8211; France<\/a><\/p> <p><a href=\"https:\/\/univet.hu\/en\/allasborze-2022\/aktualis-allasajanlatok\/switzerland\/\" rel=\"attachment wp-att-70939\">Full-time vet &#8211; JM Recrutement &#8211; Switzerland<\/a><\/p> <p><a href=\"https:\/\/univet.hu\/allasborze\/wp-content\/uploads\/sites\/2\/2021\/12\/ark-vetcare.pdf\">Permanent full-time vet &#8211; Ark Vetcare &#8211; Ireland<\/a><\/p> <p><a href=\"https:\/\/univet.hu\/allasborze\/wp-content\/uploads\/sites\/2\/2021\/11\/EvilleJones.pdf\">Eville&amp;Jones &#8211; United Kingdom<\/a><\/p> <p><a href=\"https:\/\/univet.hu\/allasborze\/wp-content\/uploads\/sites\/2\/2021\/11\/Job-offer-brief_UVMB2022-EJ.pdf\">Swine veterinary surgeon &#8211; Kiernan Animal Health &#8211; Ireland<\/a><\/p> <p><a href=\"https:\/\/univet.hu\/allasborze\/wp-content\/uploads\/sites\/2\/2022\/01\/Budapest-Uni-Apprenticehip-flyer-22.pdf\">Final Year Apprenticeship &#8211; Meadows Vet Centre &#8211; Scotland<\/a><\/p> <p><a href=\"https:\/\/univet.hu\/allasborze\/wp-content\/uploads\/sites\/2\/2022\/01\/Budapest-Uni-FT-vet-job-flyer-22.docx.pdf\">Full-Time Veterinary Surgeon &#8211; Meadows Vet Centre &#8211; Scotland<\/a><\/p> <p><a href=\"https:\/\/univet.hu\/en\/allasborze-2022\/aktualis-allasajanlatok\/job-offer-brief-hungary-newryvets\/\" rel=\"attachment wp-att-70864\">Vet for mixed animals &#8211; Newry Veterinary Centre &#8211; United Kingdom<\/a><\/p> <p><span class=\"emphasis\">German language offers:<\/span><\/p> <p><a href=\"https:\/\/univet.hu\/en\/allasborze-2022\/aktualis-allasajanlatok\/20220901-0922_5_n\/\" rel=\"attachment wp-att-78588\">Tier\u00e4rztin\/Tierarzt f\u00fcr ein \u201eRotating Internship\u201c f\u00fcr Pferdemedizin &#8211; Wien, Austria<\/a><\/p> <p><a href=\"https:\/\/univet.hu\/en\/allasborze-2022\/aktualis-allasajanlatok\/job-offer-brief_uvmb2022aust\/\" rel=\"attachment wp-att-78057\">Veterinarian &#8211; large animal practice, Waldneukircen, Austria<\/a>,\u00a0<a href=\"https:\/\/univet.hu\/en\/allasborze-2022\/aktualis-allasajanlatok\/jobinserat-08_2022_en\/\" rel=\"attachment wp-att-78058\">Jobinserat ENG<\/a><\/p> <p><a href=\"https:\/\/univet.hu\/en\/allasborze-2022\/aktualis-allasajanlatok\/job-offer-brief_uvmb2022-2\/\" rel=\"attachment wp-att-77935\">Internship &#8211; Stiftung Tier\u00e4rztliche Hochschule Hannover<\/a><\/p> <p><a href=\"https:\/\/univet.hu\/en\/allasborze-2022\/aktualis-allasajanlatok\/job-offer-brief_uvmb2022-ungarn-tierarzt\/\" rel=\"attachment wp-att-77746\">Veterinarian &#8211; Tierklinik, Germersheim &#8211; Germany<\/a><\/p> <p><a href=\"https:\/\/univet.hu\/en\/allasborze-2022\/aktualis-allasajanlatok\/job-offer-brief_uvmb2022-1ungarn-praktikant\/\" rel=\"attachment wp-att-77747\">Internship &#8211; Tierklinik, Germersheim &#8211; Germany<\/a><\/p> <p><a href=\"https:\/\/univet.hu\/en\/allasborze-2022\/aktualis-allasajanlatok\/job-offer-brief_uvmb2022-2ungarn-internist\/\" rel=\"attachment wp-att-77748\">Veterinarian (internal medicine focus) &#8211; Tierklinik, Germersheim &#8211; Germany<\/a>\u00a0 <a href=\"https:\/\/univet.hu\/en\/allasborze-2022\/aktualis-allasajanlatok\/stellenanzeige-1_red_ohne-qr_mit-wir-bieten\/\" rel=\"attachment wp-att-77749\">Tierklinik<\/a>\u00a0 \u00a0<a href=\"https:\/\/univet.hu\/en\/allasborze-2022\/aktualis-allasajanlatok\/stellenanzeige_praktikum_redakt\/\" rel=\"attachment wp-att-77750\">Tierklinik<\/a><\/p> <p><a href=\"https:\/\/univet.hu\/en\/allasborze-2022\/aktualis-allasajanlatok\/veterinarian-ruminants-dfs-30062022\/\" rel=\"attachment wp-att-76920\">Veterinarian &#8211; focus on ruminant nutrition, Biochem, Lohne &#8211; Germany<\/a><\/p> <p><a href=\"https:\/\/univet.hu\/en\/allasborze-2022\/aktualis-allasajanlatok\/img_joboffer\/\" rel=\"attachment wp-att-76904\">Initial assistant\/assistant, Pferdepraxis Lichtenbusch, Aachen area, Germany<\/a><\/p> <p><a href=\"https:\/\/univet.hu\/en\/allasborze-2022\/aktualis-allasajanlatok\/job_ad_internship_karthaus-2\/\" rel=\"attachment wp-att-72520\">One-year Internship Programme in Equine Medicine &#8211; Altano &#8211; D\u00fclmen, Germany<\/a><\/p> <p><a href=\"https:\/\/univet.hu\/en\/allasborze-2022\/aktualis-allasajanlatok\/ravensburg\/\" rel=\"attachment wp-att-71493\">Ravensburg &#8211; Germany<\/a><\/p> <p><a href=\"https:\/\/univet.hu\/en\/allasborze-2022\/aktualis-allasajanlatok\/norderstedt\/\" rel=\"attachment wp-att-71494\">Norderstedt &#8211; Germany<\/a><\/p> <p><a href=\"https:\/\/univet.hu\/en\/allasborze-2022\/aktualis-allasajanlatok\/kleintierzentrum-heidenheim\/\" rel=\"attachment wp-att-71495\">Heidenheim &#8211; Germany<\/a><\/p> <p><a href=\"https:\/\/univet.hu\/en\/allasborze-2022\/aktualis-allasajanlatok\/bielefeld_dr-schilling\/\" rel=\"attachment wp-att-71496\">Bielefeld &#8211; Germany<\/a><\/p> <p><a href=\"https:\/\/univet.hu\/en\/allasborze-2022\/aktualis-allasajanlatok\/tiera%cc%88rztezentrum-lohmar-003\/\" rel=\"attachment wp-att-71497\">Lohmar &#8211; Germany<\/a><\/p> <p><a href=\"https:\/\/univet.hu\/en\/allasborze-2022\/aktualis-allasajanlatok\/neutraubling-tierarztpraxis-schulz-gmbh\/\" rel=\"attachment wp-att-71498\">Neutraubling &#8211; Germany<\/a><\/p> <p><a href=\"https:\/\/univet.hu\/en\/allasborze-2022\/aktualis-allasajanlatok\/tierklinik-st-veit-austria\/\" rel=\"attachment wp-att-71131\">St. Veit, Austria<\/a><\/p> <p><a href=\"https:\/\/univet.hu\/en\/allasborze-2022\/aktualis-allasajanlatok\/tierarztpraxis-elmshorn-002\/\" rel=\"attachment wp-att-71073\">Elmshorn &#8211; Germany<\/a><\/p> <p><a href=\"https:\/\/univet.hu\/en\/allasborze-2022\/aktualis-allasajanlatok\/kleintierspezialisten-berlin-002\/\" rel=\"attachment wp-att-71074\">Berlin &#8211; Germany<\/a><\/p> <p><a href=\"https:\/\/univet.hu\/en\/allasborze-2022\/aktualis-allasajanlatok\/tierklinik-stommeln-002\/\" rel=\"attachment wp-att-71075\">Pulheim &#8211; Germany<\/a><\/p> <p><a href=\"https:\/\/univet.hu\/en\/allasborze-2022\/aktualis-allasajanlatok\/tierarztliche-klinik-reichenberg-002\/\" rel=\"attachment wp-att-71076\">Reichenberg &#8211; Germany<\/a><\/p> <p><a href=\"https:\/\/univet.hu\/en\/allasborze-2022\/aktualis-allasajanlatok\/betzdorf_-fachklinik-fur-kleintiere-002\/\" rel=\"attachment wp-att-71077\">Betzdorf &#8211; Germany<\/a><\/p> <p>&nbsp;<\/p>","protected":false},"excerpt":{"rendered":"<p>Hungary: Job-offer-brief_Elanco\u00a0 Key Account Manager Pet Health &#8211; Hungary Sales Representative Poultry &#8211; Hungary International job offers: Veterinarian &#8211; Sevetys, France Veterinarian (with basic French knowledge) &#8211; Saint Gaultier, France Volunteer veterinarian &#8211; Atoll Marine Centre, Naifaru &#8211; Maldives Anicura veterinary graduate programme &#8211; September 2022 Summer job for Scandinavian vet students &#8211; Swedish Blue<\/p>\n","protected":false},"author":2518,"featured_media":0,"parent":69590,"menu_order":0,"comment_status":"open","ping_status":"open","template":"","meta":{"_acf_changed":false,"footnotes":""},"categories":[],"tags":[],"class_list":["post-69644","page","type-page","status-publish","hentry"],"acf":[],"yoast_head":"<!-- This site is optimized with the Yoast SEO plugin v27.2 - https:\/\/yoast.com\/product\/yoast-seo-wordpress\/ -->\n<title>Job offers - \u00c1ll\u00e1sb\u00f6rze<\/title>\n<meta name=\"robots\" content=\"index, follow, max-snippet:-1, max-image-preview:large, max-video-preview:-1\" \/>\n<link rel=\"canonical\" href=\"https:\/\/univet.hu\/allasborze\/en\/job-fair-2022\/job-offers\/\" \/>\n<meta property=\"og:locale\" content=\"en_US\" \/>\n<meta property=\"og:type\" content=\"article\" \/>\n<meta property=\"og:title\" content=\"Job offers - \u00c1ll\u00e1sb\u00f6rze\" \/>\n<meta property=\"og:description\" content=\"Hungary: Job-offer-brief_Elanco\u00a0 Key Account Manager Pet Health &#8211; Hungary Sales Representative Poultry &#8211; Hungary International job offers: Veterinarian &#8211; Sevetys, France Veterinarian (with basic French knowledge) &#8211; Saint Gaultier, France Volunteer veterinarian &#8211; Atoll Marine Centre, Naifaru &#8211; Maldives Anicura veterinary graduate programme &#8211; September 2022 Summer job for Scandinavian vet students &#8211; Swedish Blue\" \/>\n<meta property=\"og:url\" content=\"https:\/\/univet.hu\/allasborze\/en\/job-fair-2022\/job-offers\/\" \/>\n<meta property=\"og:site_name\" content=\"\u00c1ll\u00e1sb\u00f6rze\" \/>\n<meta property=\"article:modified_time\" content=\"2025-01-10T12:55:11+00:00\" \/>\n<meta name=\"twitter:card\" content=\"summary_large_image\" \/>\n<meta name=\"twitter:label1\" content=\"Est. reading time\" \/>\n\t<meta name=\"twitter:data1\" content=\"1 minute\" \/>\n<script type=\"application\/ld+json\" class=\"yoast-schema-graph\">{\"@context\":\"https:\/\/schema.org\",\"@graph\":[{\"@type\":\"WebPage\",\"@id\":\"https:\/\/univet.hu\/allasborze\/en\/job-fair-2022\/job-offers\/\",\"url\":\"https:\/\/univet.hu\/allasborze\/en\/job-fair-2022\/job-offers\/\",\"name\":\"Job offers - \u00c1ll\u00e1sb\u00f6rze\",\"isPartOf\":{\"@id\":\"https:\/\/univet.hu\/allasborze\/#website\"},\"datePublished\":\"2021-11-25T09:06:06+00:00\",\"dateModified\":\"2025-01-10T12:55:11+00:00\",\"breadcrumb\":{\"@id\":\"https:\/\/univet.hu\/allasborze\/en\/job-fair-2022\/job-offers\/#breadcrumb\"},\"inLanguage\":\"en-US\",\"potentialAction\":[{\"@type\":\"ReadAction\",\"target\":[\"https:\/\/univet.hu\/allasborze\/en\/job-fair-2022\/job-offers\/\"]}]},{\"@type\":\"BreadcrumbList\",\"@id\":\"https:\/\/univet.hu\/allasborze\/en\/job-fair-2022\/job-offers\/#breadcrumb\",\"itemListElement\":[{\"@type\":\"ListItem\",\"position\":1,\"name\":\"Kezd\u0151lap\",\"item\":\"https:\/\/univet.hu\/allasborze\/en\/\"},{\"@type\":\"ListItem\",\"position\":2,\"name\":\"Job Fair 2022\",\"item\":\"https:\/\/univet.hu\/allasborze\/en\/job-fair-2022\/\"},{\"@type\":\"ListItem\",\"position\":3,\"name\":\"Job offers\"}]},{\"@type\":\"WebSite\",\"@id\":\"https:\/\/univet.hu\/allasborze\/#website\",\"url\":\"https:\/\/univet.hu\/allasborze\/\",\"name\":\"\u00c1ll\u00e1sb\u00f6rze\",\"description\":\"\",\"potentialAction\":[{\"@type\":\"SearchAction\",\"target\":{\"@type\":\"EntryPoint\",\"urlTemplate\":\"https:\/\/univet.hu\/allasborze\/?s={search_term_string}\"},\"query-input\":{\"@type\":\"PropertyValueSpecification\",\"valueRequired\":true,\"valueName\":\"search_term_string\"}}],\"inLanguage\":\"en-US\"}]}<\/script>\n<!-- \/ Yoast SEO plugin. -->","yoast_head_json":{"title":"Job offers - \u00c1ll\u00e1sb\u00f6rze","robots":{"index":"index","follow":"follow","max-snippet":"max-snippet:-1","max-image-preview":"max-image-preview:large","max-video-preview":"max-video-preview:-1"},"canonical":"https:\/\/univet.hu\/allasborze\/en\/job-fair-2022\/job-offers\/","og_locale":"en_US","og_type":"article","og_title":"Job offers - \u00c1ll\u00e1sb\u00f6rze","og_description":"Hungary: Job-offer-brief_Elanco\u00a0 Key Account Manager Pet Health &#8211; Hungary Sales Representative Poultry &#8211; Hungary International job offers: Veterinarian &#8211; Sevetys, France Veterinarian (with basic French knowledge) &#8211; Saint Gaultier, France Volunteer veterinarian &#8211; Atoll Marine Centre, Naifaru &#8211; Maldives Anicura veterinary graduate programme &#8211; September 2022 Summer job for Scandinavian vet students &#8211; Swedish Blue","og_url":"https:\/\/univet.hu\/allasborze\/en\/job-fair-2022\/job-offers\/","og_site_name":"\u00c1ll\u00e1sb\u00f6rze","article_modified_time":"2025-01-10T12:55:11+00:00","twitter_card":"summary_large_image","twitter_misc":{"Est. reading time":"1 minute"},"schema":{"@context":"https:\/\/schema.org","@graph":[{"@type":"WebPage","@id":"https:\/\/univet.hu\/allasborze\/en\/job-fair-2022\/job-offers\/","url":"https:\/\/univet.hu\/allasborze\/en\/job-fair-2022\/job-offers\/","name":"Job offers - \u00c1ll\u00e1sb\u00f6rze","isPartOf":{"@id":"https:\/\/univet.hu\/allasborze\/#website"},"datePublished":"2021-11-25T09:06:06+00:00","dateModified":"2025-01-10T12:55:11+00:00","breadcrumb":{"@id":"https:\/\/univet.hu\/allasborze\/en\/job-fair-2022\/job-offers\/#breadcrumb"},"inLanguage":"en-US","potentialAction":[{"@type":"ReadAction","target":["https:\/\/univet.hu\/allasborze\/en\/job-fair-2022\/job-offers\/"]}]},{"@type":"BreadcrumbList","@id":"https:\/\/univet.hu\/allasborze\/en\/job-fair-2022\/job-offers\/#breadcrumb","itemListElement":[{"@type":"ListItem","position":1,"name":"Kezd\u0151lap","item":"https:\/\/univet.hu\/allasborze\/en\/"},{"@type":"ListItem","position":2,"name":"Job Fair 2022","item":"https:\/\/univet.hu\/allasborze\/en\/job-fair-2022\/"},{"@type":"ListItem","position":3,"name":"Job offers"}]},{"@type":"WebSite","@id":"https:\/\/univet.hu\/allasborze\/#website","url":"https:\/\/univet.hu\/allasborze\/","name":"\u00c1ll\u00e1sb\u00f6rze","description":"","potentialAction":[{"@type":"SearchAction","target":{"@type":"EntryPoint","urlTemplate":"https:\/\/univet.hu\/allasborze\/?s={search_term_string}"},"query-input":{"@type":"PropertyValueSpecification","valueRequired":true,"valueName":"search_term_string"}}],"inLanguage":"en-US"}]}},"_links":{"self":[{"href":"https:\/\/univet.hu\/allasborze\/en\/wp-json\/wp\/v2\/pages\/69644","targetHints":{"allow":["GET"]}}],"collection":[{"href":"https:\/\/univet.hu\/allasborze\/en\/wp-json\/wp\/v2\/pages"}],"about":[{"href":"https:\/\/univet.hu\/allasborze\/en\/wp-json\/wp\/v2\/types\/page"}],"author":[{"embeddable":true,"href":"https:\/\/univet.hu\/allasborze\/en\/wp-json\/wp\/v2\/users\/2518"}],"replies":[{"embeddable":true,"href":"https:\/\/univet.hu\/allasborze\/en\/wp-json\/wp\/v2\/comments?post=69644"}],"version-history":[{"count":1,"href":"https:\/\/univet.hu\/allasborze\/en\/wp-json\/wp\/v2\/pages\/69644\/revisions"}],"predecessor-version":[{"id":172740,"href":"https:\/\/univet.hu\/allasborze\/en\/wp-json\/wp\/v2\/pages\/69644\/revisions\/172740"}],"up":[{"embeddable":true,"href":"https:\/\/univet.hu\/allasborze\/en\/wp-json\/wp\/v2\/pages\/69590"}],"wp:attachment":[{"href":"https:\/\/univet.hu\/allasborze\/en\/wp-json\/wp\/v2\/media?parent=69644"}],"wp:term":[{"taxonomy":"category","embeddable":true,"href":"https:\/\/univet.hu\/allasborze\/en\/wp-json\/wp\/v2\/categories?post=69644"},{"taxonomy":"post_tag","embeddable":true,"href":"https:\/\/univet.hu\/allasborze\/en\/wp-json\/wp\/v2\/tags?post=69644"}],"curies":[{"name":"wp","href":"https:\/\/api.w.org\/{rel}","templated":true}]}}