{"id":69646,"date":"2021-11-25T10:17:59","date_gmt":"2021-11-25T09:17:59","guid":{"rendered":"https:\/\/univet.hu\/en\/job-fair-2022\/name\/"},"modified":"2025-01-10T13:55:10","modified_gmt":"2025-01-10T12:55:10","slug":"for-exhibitors","status":"publish","type":"page","link":"https:\/\/univet.hu\/allasborze\/en\/job-fair-2022\/for-exhibitors\/","title":{"rendered":"For Exhibitors"},"content":{"rendered":"<p>We hope to welcome you among our exhibitors at the 5th UNIVET Job Fair 2022, held at the University of Veterinary Medicine Budapest on <strong>the 10th of February 2022 from 10 AM<\/strong><strong>.<\/strong><\/p> <p><span class=\"emphasis\">Great opportunity to meet with our students, recent graduates and share your job offers!<\/span><\/p> <p><strong>Interested? Register!<\/strong><\/p> <p><strong>Deadline for registration:<\/strong> 20th January<\/p> <p><em><span class=\"emphasis\">The registration has closed.<\/span><\/em><\/p> <p>&nbsp;<\/p> <p><span class=\"emphasis\">Offer a job<\/span><\/p> <p>We are happy to publish your job offers for our graduating veterinary students on our website. Please fill out the form and send it back to\u00a0<a class=\"decrypt\" rel=\"cvmfklb\/bmfyboesbAvojwfu\/iv\" href=\"javascript:void(0);\">[Click to see email]<\/a><\/p> <p><a href=\"https:\/\/univet.hu\/allasborze\/wp-content\/uploads\/sites\/2\/2021\/11\/Job-offer-brief_UVMB2022.pdf\">Job offer brief_UVMB 2022<\/a><\/p> <p>&nbsp;<\/p> <p><strong>Contact:<\/strong><br \/> University of Veterinary Medicine Budapest<br \/> Communications Department &#8211; D\u00f3ra Herczeg<br \/> Address: 1078 Budapest, Istv\u00e1n u. 2.<br \/> E-mail:\u00a0<a class=\"decrypt\" rel=\"ifsd{fh\/epsbAvojwfu\/iv\" href=\"javascript:void(0);\">[Click to see email]<\/a><br \/> Telefon: +36 1 478 4100 \/ 8362<\/p>","protected":false},"excerpt":{"rendered":"<p>We hope to welcome you among our exhibitors at the 5th UNIVET Job Fair 2022, held at the University of Veterinary Medicine Budapest on the 10th of February 2022 from 10 AM. Great opportunity to meet with our students, recent graduates and share your job offers! Interested? Register! Deadline for registration: 20th January The registration<\/p>\n","protected":false},"author":2518,"featured_media":0,"parent":69590,"menu_order":0,"comment_status":"open","ping_status":"open","template":"","meta":{"_acf_changed":false,"footnotes":""},"categories":[],"tags":[],"class_list":["post-69646","page","type-page","status-publish","hentry"],"acf":[],"yoast_head":"<!-- This site is optimized with the Yoast SEO plugin v27.2 - https:\/\/yoast.com\/product\/yoast-seo-wordpress\/ -->\n<title>For Exhibitors - \u00c1ll\u00e1sb\u00f6rze<\/title>\n<meta name=\"robots\" content=\"index, follow, max-snippet:-1, max-image-preview:large, max-video-preview:-1\" \/>\n<link rel=\"canonical\" href=\"https:\/\/univet.hu\/allasborze\/en\/job-fair-2022\/for-exhibitors\/\" \/>\n<meta property=\"og:locale\" content=\"en_US\" \/>\n<meta property=\"og:type\" content=\"article\" \/>\n<meta property=\"og:title\" content=\"For Exhibitors - \u00c1ll\u00e1sb\u00f6rze\" \/>\n<meta property=\"og:description\" content=\"We hope to welcome you among our exhibitors at the 5th UNIVET Job Fair 2022, held at the University of Veterinary Medicine Budapest on the 10th of February 2022 from 10 AM. Great opportunity to meet with our students, recent graduates and share your job offers! Interested? Register! Deadline for registration: 20th January The registration\" \/>\n<meta property=\"og:url\" content=\"https:\/\/univet.hu\/allasborze\/en\/job-fair-2022\/for-exhibitors\/\" \/>\n<meta property=\"og:site_name\" content=\"\u00c1ll\u00e1sb\u00f6rze\" \/>\n<meta property=\"article:modified_time\" content=\"2025-01-10T12:55:10+00:00\" \/>\n<meta name=\"twitter:card\" content=\"summary_large_image\" \/>\n<meta name=\"twitter:label1\" content=\"Est. reading time\" \/>\n\t<meta name=\"twitter:data1\" content=\"1 minute\" \/>\n<script type=\"application\/ld+json\" class=\"yoast-schema-graph\">{\"@context\":\"https:\/\/schema.org\",\"@graph\":[{\"@type\":\"WebPage\",\"@id\":\"https:\/\/univet.hu\/allasborze\/en\/job-fair-2022\/for-exhibitors\/\",\"url\":\"https:\/\/univet.hu\/allasborze\/en\/job-fair-2022\/for-exhibitors\/\",\"name\":\"For Exhibitors - \u00c1ll\u00e1sb\u00f6rze\",\"isPartOf\":{\"@id\":\"https:\/\/univet.hu\/allasborze\/#website\"},\"datePublished\":\"2021-11-25T09:17:59+00:00\",\"dateModified\":\"2025-01-10T12:55:10+00:00\",\"breadcrumb\":{\"@id\":\"https:\/\/univet.hu\/allasborze\/en\/job-fair-2022\/for-exhibitors\/#breadcrumb\"},\"inLanguage\":\"en-US\",\"potentialAction\":[{\"@type\":\"ReadAction\",\"target\":[\"https:\/\/univet.hu\/allasborze\/en\/job-fair-2022\/for-exhibitors\/\"]}]},{\"@type\":\"BreadcrumbList\",\"@id\":\"https:\/\/univet.hu\/allasborze\/en\/job-fair-2022\/for-exhibitors\/#breadcrumb\",\"itemListElement\":[{\"@type\":\"ListItem\",\"position\":1,\"name\":\"Kezd\u0151lap\",\"item\":\"https:\/\/univet.hu\/allasborze\/en\/\"},{\"@type\":\"ListItem\",\"position\":2,\"name\":\"Job Fair 2022\",\"item\":\"https:\/\/univet.hu\/allasborze\/en\/job-fair-2022\/\"},{\"@type\":\"ListItem\",\"position\":3,\"name\":\"For Exhibitors\"}]},{\"@type\":\"WebSite\",\"@id\":\"https:\/\/univet.hu\/allasborze\/#website\",\"url\":\"https:\/\/univet.hu\/allasborze\/\",\"name\":\"\u00c1ll\u00e1sb\u00f6rze\",\"description\":\"\",\"potentialAction\":[{\"@type\":\"SearchAction\",\"target\":{\"@type\":\"EntryPoint\",\"urlTemplate\":\"https:\/\/univet.hu\/allasborze\/?s={search_term_string}\"},\"query-input\":{\"@type\":\"PropertyValueSpecification\",\"valueRequired\":true,\"valueName\":\"search_term_string\"}}],\"inLanguage\":\"en-US\"}]}<\/script>\n<!-- \/ Yoast SEO plugin. -->","yoast_head_json":{"title":"For Exhibitors - \u00c1ll\u00e1sb\u00f6rze","robots":{"index":"index","follow":"follow","max-snippet":"max-snippet:-1","max-image-preview":"max-image-preview:large","max-video-preview":"max-video-preview:-1"},"canonical":"https:\/\/univet.hu\/allasborze\/en\/job-fair-2022\/for-exhibitors\/","og_locale":"en_US","og_type":"article","og_title":"For Exhibitors - \u00c1ll\u00e1sb\u00f6rze","og_description":"We hope to welcome you among our exhibitors at the 5th UNIVET Job Fair 2022, held at the University of Veterinary Medicine Budapest on the 10th of February 2022 from 10 AM. Great opportunity to meet with our students, recent graduates and share your job offers! Interested? Register! Deadline for registration: 20th January The registration","og_url":"https:\/\/univet.hu\/allasborze\/en\/job-fair-2022\/for-exhibitors\/","og_site_name":"\u00c1ll\u00e1sb\u00f6rze","article_modified_time":"2025-01-10T12:55:10+00:00","twitter_card":"summary_large_image","twitter_misc":{"Est. reading time":"1 minute"},"schema":{"@context":"https:\/\/schema.org","@graph":[{"@type":"WebPage","@id":"https:\/\/univet.hu\/allasborze\/en\/job-fair-2022\/for-exhibitors\/","url":"https:\/\/univet.hu\/allasborze\/en\/job-fair-2022\/for-exhibitors\/","name":"For Exhibitors - \u00c1ll\u00e1sb\u00f6rze","isPartOf":{"@id":"https:\/\/univet.hu\/allasborze\/#website"},"datePublished":"2021-11-25T09:17:59+00:00","dateModified":"2025-01-10T12:55:10+00:00","breadcrumb":{"@id":"https:\/\/univet.hu\/allasborze\/en\/job-fair-2022\/for-exhibitors\/#breadcrumb"},"inLanguage":"en-US","potentialAction":[{"@type":"ReadAction","target":["https:\/\/univet.hu\/allasborze\/en\/job-fair-2022\/for-exhibitors\/"]}]},{"@type":"BreadcrumbList","@id":"https:\/\/univet.hu\/allasborze\/en\/job-fair-2022\/for-exhibitors\/#breadcrumb","itemListElement":[{"@type":"ListItem","position":1,"name":"Kezd\u0151lap","item":"https:\/\/univet.hu\/allasborze\/en\/"},{"@type":"ListItem","position":2,"name":"Job Fair 2022","item":"https:\/\/univet.hu\/allasborze\/en\/job-fair-2022\/"},{"@type":"ListItem","position":3,"name":"For Exhibitors"}]},{"@type":"WebSite","@id":"https:\/\/univet.hu\/allasborze\/#website","url":"https:\/\/univet.hu\/allasborze\/","name":"\u00c1ll\u00e1sb\u00f6rze","description":"","potentialAction":[{"@type":"SearchAction","target":{"@type":"EntryPoint","urlTemplate":"https:\/\/univet.hu\/allasborze\/?s={search_term_string}"},"query-input":{"@type":"PropertyValueSpecification","valueRequired":true,"valueName":"search_term_string"}}],"inLanguage":"en-US"}]}},"_links":{"self":[{"href":"https:\/\/univet.hu\/allasborze\/en\/wp-json\/wp\/v2\/pages\/69646","targetHints":{"allow":["GET"]}}],"collection":[{"href":"https:\/\/univet.hu\/allasborze\/en\/wp-json\/wp\/v2\/pages"}],"about":[{"href":"https:\/\/univet.hu\/allasborze\/en\/wp-json\/wp\/v2\/types\/page"}],"author":[{"embeddable":true,"href":"https:\/\/univet.hu\/allasborze\/en\/wp-json\/wp\/v2\/users\/2518"}],"replies":[{"embeddable":true,"href":"https:\/\/univet.hu\/allasborze\/en\/wp-json\/wp\/v2\/comments?post=69646"}],"version-history":[{"count":1,"href":"https:\/\/univet.hu\/allasborze\/en\/wp-json\/wp\/v2\/pages\/69646\/revisions"}],"predecessor-version":[{"id":172739,"href":"https:\/\/univet.hu\/allasborze\/en\/wp-json\/wp\/v2\/pages\/69646\/revisions\/172739"}],"up":[{"embeddable":true,"href":"https:\/\/univet.hu\/allasborze\/en\/wp-json\/wp\/v2\/pages\/69590"}],"wp:attachment":[{"href":"https:\/\/univet.hu\/allasborze\/en\/wp-json\/wp\/v2\/media?parent=69646"}],"wp:term":[{"taxonomy":"category","embeddable":true,"href":"https:\/\/univet.hu\/allasborze\/en\/wp-json\/wp\/v2\/categories?post=69646"},{"taxonomy":"post_tag","embeddable":true,"href":"https:\/\/univet.hu\/allasborze\/en\/wp-json\/wp\/v2\/tags?post=69646"}],"curies":[{"name":"wp","href":"https:\/\/api.w.org\/{rel}","templated":true}]}}