{"id":80236,"date":"2022-11-07T11:04:25","date_gmt":"2022-11-07T10:04:25","guid":{"rendered":"https:\/\/univet.hu\/?page_id=80236"},"modified":"2025-01-10T13:55:11","modified_gmt":"2025-01-10T12:55:11","slug":"job-offers","status":"publish","type":"page","link":"https:\/\/univet.hu\/allasborze\/en\/job-fair-2023\/job-offers\/","title":{"rendered":"Job offers"},"content":{"rendered":"<p><em>We are constantly updating our website!<\/em><\/p> <p><span class=\"emphasis\">International job offers<\/span><\/p> <p><a href=\"https:\/\/univet.hu\/allasborze\/wp-content\/uploads\/sites\/2\/2023\/11\/Job-offer-brief_UVMB2022-abivet.pdf\">Veterinarian &#8211; ABIVET, Rome, Italy<\/a>\u00a0<a href=\"https:\/\/univet.hu\/allasborze\/wp-content\/uploads\/sites\/2\/2023\/11\/Loc_VETROMANIA.pdf\" target=\"_blank\" rel=\"noopener\">Advertisement<\/a><\/p> <p><a href=\"https:\/\/univet.hu\/allasborze\/wp-content\/uploads\/sites\/2\/2023\/11\/Stellenausschreibung-TA_Rind-11_2023.pdf\" target=\"_blank\" rel=\"noopener\">Rindertierarzt\/-\u00e4rztin &#8211; PFI DR. VET &#8211; Die Tierarzte OG, Austria<\/a><\/p> <p><a href=\"https:\/\/univet.hu\/allasborze\/wp-content\/uploads\/sites\/2\/2023\/11\/Job-offer-brief_UVMB_rutlandvets.pdf\" target=\"_blank\" rel=\"noopener\">Graduate Small Animal Vet &#8211; Rutland Veterinary Centre, Uppingham, UK<\/a><\/p> <p><a href=\"https:\/\/univet.hu\/allasborze\/wp-content\/uploads\/sites\/2\/2023\/10\/Stellenanzeige-KT-2023-new.pdf\">KleintiermedizinerIn &#8211; PFI DR. VET &#8211; Die Tierarzte OG, Austria<\/a><\/p> <p><a href=\"https:\/\/univet.hu\/allasborze\/wp-content\/uploads\/sites\/2\/2023\/11\/Stellenanzeige-KT-2023-new1121-1.pdf\">Schweinetierarztin &#8211; PFI DR. VET &#8211; Die Tierarzte OG, Austria<\/a><\/p> <p><a href=\"https:\/\/univet.hu\/allasborze\/wp-content\/uploads\/sites\/2\/2023\/10\/Job-offer-brief_UVMB20231012.pdf\" target=\"_blank\" rel=\"noopener\">Intern &#8211; Sussex Equine Hospital &#8211; UK<\/a><\/p> <p><a href=\"https:\/\/univet.hu\/en\/job-fair-2023\/job-offers\/job-offer-brief_uvmb2022_230731_125621\/\" rel=\"attachment wp-att-90397\">Veterinarian &#8211; Tierklinik Mitterndorf, Atzenbrugg &#8211; Austria<\/a><\/p> <p><a href=\"https:\/\/univet.hu\/en\/job-fair-2023\/job-offers\/pdf-curie\/\" rel=\"attachment wp-att-88727\">Veterinary Surgeon &#8211; Centre Veterinarie Curie D&#8217;MOTTOUL &#8211; Calais, France<\/a><\/p> <p><a href=\"https:\/\/univet.hu\/en\/allasborze-2023\/aktualis-allasajanlatok\/ausschreibung-internship-pferdeklinik\/\" rel=\"attachment wp-att-86565\">Ausschreibung Internship Pferdeklinik<\/a><\/p> <p><a href=\"https:\/\/univet.hu\/en\/allasborze-2023\/aktualis-allasajanlatok\/job-offer-brief_rm\/\" rel=\"attachment wp-att-86563\">New graduate &#8211; mixed practice &#8211; New Era Veterinary Hospital, Jersey, Channel Islands &#8211; UK<\/a><\/p> <p><a href=\"https:\/\/univet.hu\/en\/allasborze-2023\/aktualis-allasajanlatok\/jobanzeige-internship-karthaus-202302\/\" rel=\"attachment wp-att-84502\">Internship &#8211; Tier\u00e4rztliches Kompetenzzentrum Karthaus, D\u00fclmen, Germany<\/a><\/p> <p><a href=\"https:\/\/univet.hu\/en\/allasborze-2023\/aktualis-allasajanlatok\/job-offer\/\" rel=\"attachment wp-att-84497\">Veterinarian\/ veterinary surgeon &#8211; Kleintierzentrum Iffezheim, Deutschland<\/a><\/p> <p><a href=\"https:\/\/univet.hu\/en\/job-fair-2023\/job-offers\/the-lodge-vet-centre\/\" rel=\"attachment wp-att-83852\">Veterinary Surgeon &#8211; Small animal &#8211; The Lodge Vet Centre &#8211; Birmingham\/UK<\/a><\/p> <p><a href=\"https:\/\/univet.hu\/en\/allasborze-2023\/aktualis-allasajanlatok\/general-job-offers\/\" rel=\"attachment wp-att-82933\">General Job offers &#8211; Hardenberg Consulting<\/a><\/p> <p><a href=\"https:\/\/univet.hu\/en\/allasborze-2023\/aktualis-allasajanlatok\/small_animal_surgeon\/\" rel=\"attachment wp-att-82934\">Veterinarian &#8211; Small animal surgeon &#8211; Hardenberg Consulting<\/a><\/p> <p><a href=\"https:\/\/univet.hu\/en\/allasborze-2023\/aktualis-allasajanlatok\/2078911_senior_dentist\/\" rel=\"attachment wp-att-82917\">Veterinarian &#8211; Senior dentist &#8211; Hardenberg Consulting<\/a><\/p> <p><a href=\"https:\/\/univet.hu\/en\/allasborze-2023\/aktualis-allasajanlatok\/2175811_small-animal_ophthalmologist\/\" rel=\"attachment wp-att-82918\">Veterinarian &#8211; Small animal ophthalmologist &#8211; Hardenberg Consulting<\/a><\/p> <p><a href=\"https:\/\/univet.hu\/en\/allasborze-2023\/aktualis-allasajanlatok\/2179811_diplomate_ecvn\/\" rel=\"attachment wp-att-82919\">Diplomate veterinary neurology ECVN\/ACVIM &#8211; Hardenberg Consulting<\/a><\/p> <p><a href=\"https:\/\/univet.hu\/en\/allasborze-2023\/aktualis-allasajanlatok\/2180111_senior_equine_surgeon\/\" rel=\"attachment wp-att-82920\">Veterinarian &#8211; Senior equine surgeon &#8211; Hardenberg Consulting<\/a><\/p> <p><a href=\"https:\/\/univet.hu\/en\/allasborze-2023\/aktualis-allasajanlatok\/2180311_head_of_internal_medicine\/\" rel=\"attachment wp-att-82921\">Veterinarian &#8211; Head of internal medicine department &#8211; Hardenberg Consulting<\/a><\/p> <p><a href=\"https:\/\/univet.hu\/en\/allasborze-2023\/aktualis-allasajanlatok\/2180711_allrounder_equine-medicine\/\" rel=\"attachment wp-att-82922\">Allrounder Equine Medicine &#8211; Hardenberg Consulting<\/a><\/p> <p><a href=\"https:\/\/univet.hu\/en\/allasborze-2023\/aktualis-allasajanlatok\/2275813_-small_animal_oncologist\/\" rel=\"attachment wp-att-82923\">Veterinarian &#8211; Small animal oncologist &#8211; Herdenberg Consulting<\/a><\/p> <p><a href=\"https:\/\/univet.hu\/en\/allasborze-2023\/aktualis-allasajanlatok\/vet-record-sep-2022-2\/\" rel=\"attachment wp-att-82811\">Mixed practice veterinarian &#8211; Fishguard Veterinary Service &#8211; UK<\/a><\/p> <p><a href=\"https:\/\/univet.hu\/en\/allasborze-2023\/aktualis-allasajanlatok\/ivc-intern-job-advert-jan-2023\/\" rel=\"attachment wp-att-82689\">Internship &#8211; Sussex Equine Hospital, UK<\/a><\/p> <p><a href=\"https:\/\/univet.hu\/en\/job-fair-2023\/job-offers\/tierklinik-3\/\" rel=\"attachment wp-att-82202\">Assitenztierarzt Teil &#8211; oder Vollzeit, Tierklinik Altheim GmbH, Austria<\/a><\/p> <p><a href=\"https:\/\/univet.hu\/en\/job-fair-2023\/job-offers\/tierklinik2\/\" rel=\"attachment wp-att-82203\">Doppelpack Assistenztierarzt Teil &#8211; oder Vollzeit, Tierklinik Altheim GmbH, Austria<\/a><\/p> <p><a href=\"https:\/\/univet.hu\/en\/job-fair-2023\/job-offers\/budapest-uni-job-advert-2022\/\" rel=\"attachment wp-att-81034\">Assistant Veterinary Surgeon &#8211; Meadows Veterinary Centre &#8211; Aberdeenshire, Scotland<\/a><\/p> <p><a href=\"https:\/\/univet.hu\/en\/allasborze-2023\/aktualis-allasajanlatok\/jobofferhvc\/\" rel=\"attachment wp-att-80559\">Full-time veterinary (mixed) &#8211; Hospital Veterinary Centre &#8211; Limerick, Ireland<\/a><\/p> <p><a href=\"https:\/\/univet.hu\/en\/job-fair-2023\/job-offers\/job_offer_univ_vet_budapest\/\" rel=\"attachment wp-att-80240\">Veterinarian &#8211; SILABE Universite de Strasbourg &#8211; France<\/a><\/p> <p><a href=\"https:\/\/univet.hu\/en\/allasborze-2023\/aktualis-allasajanlatok\/stellenanzeige-englisch\/\" rel=\"attachment wp-att-80233\">Equine Veterinary Practicioner &#8211; Pferdepraxis Lichtenbusch &#8211; Germany<\/a><\/p> <p><a href=\"https:\/\/univet.hu\/en\/allasborze-2023\/aktualis-allasajanlatok\/allas\/\" rel=\"attachment wp-att-80234\">Initial assistant\/assistant (equine vet) &#8211; Pferdepraxis Lichtenbusch &#8211; Germany<\/a><\/p> <p><a href=\"https:\/\/univet.hu\/en\/allasborze-2022\/aktualis-allasajanlatok\/job-offer-brief_uvmb2022-002\/\" target=\"_blank\" rel=\"attachment noopener wp-att-79773\">Veterinarian &#8211; Sevetys, France<\/a><\/p> <p><a href=\"https:\/\/univet.hu\/en\/job-fair-2022\/job-offers\/job-offer-brief_uvmb2022fra\/\" rel=\"attachment wp-att-78061\">Veterinarian (with basic French knowledge) &#8211; Saint Gaultier, France<\/a><\/p> <p><a href=\"https:\/\/univet.hu\/en\/allasborze-2022\/aktualis-allasajanlatok\/job-offer-brief_uvmb20220711\/\" rel=\"attachment wp-att-76901\">Volunteer veterinarian &#8211; Atoll Marine Centre, Naifaru &#8211; Maldives<\/a><\/p> <p><a href=\"https:\/\/univet.hu\/en\/allasborze-2022\/aktualis-allasajanlatok\/job_ad_internship_karthaus-2\/\" rel=\"attachment wp-att-72520\">One-year Internship Programme in Equine Medicine &#8211; Altano &#8211; D\u00fclmen, Germany<\/a><\/p> <p><a href=\"https:\/\/anicuraglobal.teamtailor.com\/jobs\/1568118-anicura-veterinary-graduate-programme-september-2022-start\">Anicura veterinary graduate programme &#8211; September 2022<\/a><\/p> <p><a href=\"https:\/\/univet.hu\/en\/allasborze-2022\/aktualis-allasajanlatok\/20220901-0922_5_n\/\" rel=\"attachment wp-att-78588\">Tier\u00e4rztin\/Tierarzt f\u00fcr ein \u201eRotating Internship\u201c f\u00fcr Pferdemedizin &#8211; Wien, Austria<\/a><\/p> <p><a href=\"https:\/\/univet.hu\/en\/allasborze-2022\/aktualis-allasajanlatok\/job-offer-brief_uvmb2022aust\/\" rel=\"attachment wp-att-78057\">Veterinarian &#8211; large animal practice, Waldneukircen, Austria<\/a>,\u00a0<a href=\"https:\/\/univet.hu\/en\/allasborze-2022\/aktualis-allasajanlatok\/jobinserat-08_2022_en\/\" rel=\"attachment wp-att-78058\">Jobinserat ENG<\/a><\/p> <p><a href=\"https:\/\/univet.hu\/en\/allasborze-2022\/aktualis-allasajanlatok\/job-offer-brief_uvmb2022-2\/\" rel=\"attachment wp-att-77935\">Internship &#8211; Stiftung Tier\u00e4rztliche Hochschule, Hannover<\/a><\/p>","protected":false},"excerpt":{"rendered":"<p>We are constantly updating our website! International job offers Veterinarian &#8211; ABIVET, Rome, Italy\u00a0Advertisement Rindertierarzt\/-\u00e4rztin &#8211; PFI DR. VET &#8211; Die Tierarzte OG, Austria Graduate Small Animal Vet &#8211; Rutland Veterinary Centre, Uppingham, UK KleintiermedizinerIn &#8211; PFI DR. VET &#8211; Die Tierarzte OG, Austria Schweinetierarztin &#8211; PFI DR. VET &#8211; Die Tierarzte OG, Austria Intern<\/p>\n","protected":false},"author":2518,"featured_media":0,"parent":77753,"menu_order":0,"comment_status":"open","ping_status":"open","template":"","meta":{"_acf_changed":false,"footnotes":""},"categories":[],"tags":[],"class_list":["post-80236","page","type-page","status-publish","hentry"],"acf":[],"yoast_head":"<!-- This site is optimized with the Yoast SEO plugin v27.2 - https:\/\/yoast.com\/product\/yoast-seo-wordpress\/ -->\n<title>Job offers - \u00c1ll\u00e1sb\u00f6rze<\/title>\n<meta name=\"robots\" content=\"index, follow, max-snippet:-1, max-image-preview:large, max-video-preview:-1\" \/>\n<link rel=\"canonical\" href=\"https:\/\/univet.hu\/allasborze\/en\/job-fair-2023\/job-offers\/\" \/>\n<meta property=\"og:locale\" content=\"en_US\" \/>\n<meta property=\"og:type\" content=\"article\" \/>\n<meta property=\"og:title\" content=\"Job offers - \u00c1ll\u00e1sb\u00f6rze\" \/>\n<meta property=\"og:description\" content=\"We are constantly updating our website! International job offers Veterinarian &#8211; ABIVET, Rome, Italy\u00a0Advertisement Rindertierarzt\/-\u00e4rztin &#8211; PFI DR. VET &#8211; Die Tierarzte OG, Austria Graduate Small Animal Vet &#8211; Rutland Veterinary Centre, Uppingham, UK KleintiermedizinerIn &#8211; PFI DR. VET &#8211; Die Tierarzte OG, Austria Schweinetierarztin &#8211; PFI DR. VET &#8211; Die Tierarzte OG, Austria Intern\" \/>\n<meta property=\"og:url\" content=\"https:\/\/univet.hu\/allasborze\/en\/job-fair-2023\/job-offers\/\" \/>\n<meta property=\"og:site_name\" content=\"\u00c1ll\u00e1sb\u00f6rze\" \/>\n<meta property=\"article:modified_time\" content=\"2025-01-10T12:55:11+00:00\" \/>\n<meta name=\"twitter:card\" content=\"summary_large_image\" \/>\n<meta name=\"twitter:label1\" content=\"Est. reading time\" \/>\n\t<meta name=\"twitter:data1\" content=\"2 minutes\" \/>\n<script type=\"application\/ld+json\" class=\"yoast-schema-graph\">{\"@context\":\"https:\/\/schema.org\",\"@graph\":[{\"@type\":\"WebPage\",\"@id\":\"https:\/\/univet.hu\/allasborze\/en\/job-fair-2023\/job-offers\/\",\"url\":\"https:\/\/univet.hu\/allasborze\/en\/job-fair-2023\/job-offers\/\",\"name\":\"Job offers - \u00c1ll\u00e1sb\u00f6rze\",\"isPartOf\":{\"@id\":\"https:\/\/univet.hu\/allasborze\/#website\"},\"datePublished\":\"2022-11-07T10:04:25+00:00\",\"dateModified\":\"2025-01-10T12:55:11+00:00\",\"breadcrumb\":{\"@id\":\"https:\/\/univet.hu\/allasborze\/en\/job-fair-2023\/job-offers\/#breadcrumb\"},\"inLanguage\":\"en-US\",\"potentialAction\":[{\"@type\":\"ReadAction\",\"target\":[\"https:\/\/univet.hu\/allasborze\/en\/job-fair-2023\/job-offers\/\"]}]},{\"@type\":\"BreadcrumbList\",\"@id\":\"https:\/\/univet.hu\/allasborze\/en\/job-fair-2023\/job-offers\/#breadcrumb\",\"itemListElement\":[{\"@type\":\"ListItem\",\"position\":1,\"name\":\"Kezd\u0151lap\",\"item\":\"https:\/\/univet.hu\/allasborze\/en\/\"},{\"@type\":\"ListItem\",\"position\":2,\"name\":\"Job Fair 2023\",\"item\":\"https:\/\/univet.hu\/allasborze\/en\/job-fair-2023\/\"},{\"@type\":\"ListItem\",\"position\":3,\"name\":\"Job offers\"}]},{\"@type\":\"WebSite\",\"@id\":\"https:\/\/univet.hu\/allasborze\/#website\",\"url\":\"https:\/\/univet.hu\/allasborze\/\",\"name\":\"\u00c1ll\u00e1sb\u00f6rze\",\"description\":\"\",\"potentialAction\":[{\"@type\":\"SearchAction\",\"target\":{\"@type\":\"EntryPoint\",\"urlTemplate\":\"https:\/\/univet.hu\/allasborze\/?s={search_term_string}\"},\"query-input\":{\"@type\":\"PropertyValueSpecification\",\"valueRequired\":true,\"valueName\":\"search_term_string\"}}],\"inLanguage\":\"en-US\"}]}<\/script>\n<!-- \/ Yoast SEO plugin. -->","yoast_head_json":{"title":"Job offers - \u00c1ll\u00e1sb\u00f6rze","robots":{"index":"index","follow":"follow","max-snippet":"max-snippet:-1","max-image-preview":"max-image-preview:large","max-video-preview":"max-video-preview:-1"},"canonical":"https:\/\/univet.hu\/allasborze\/en\/job-fair-2023\/job-offers\/","og_locale":"en_US","og_type":"article","og_title":"Job offers - \u00c1ll\u00e1sb\u00f6rze","og_description":"We are constantly updating our website! International job offers Veterinarian &#8211; ABIVET, Rome, Italy\u00a0Advertisement Rindertierarzt\/-\u00e4rztin &#8211; PFI DR. VET &#8211; Die Tierarzte OG, Austria Graduate Small Animal Vet &#8211; Rutland Veterinary Centre, Uppingham, UK KleintiermedizinerIn &#8211; PFI DR. VET &#8211; Die Tierarzte OG, Austria Schweinetierarztin &#8211; PFI DR. VET &#8211; Die Tierarzte OG, Austria Intern","og_url":"https:\/\/univet.hu\/allasborze\/en\/job-fair-2023\/job-offers\/","og_site_name":"\u00c1ll\u00e1sb\u00f6rze","article_modified_time":"2025-01-10T12:55:11+00:00","twitter_card":"summary_large_image","twitter_misc":{"Est. reading time":"2 minutes"},"schema":{"@context":"https:\/\/schema.org","@graph":[{"@type":"WebPage","@id":"https:\/\/univet.hu\/allasborze\/en\/job-fair-2023\/job-offers\/","url":"https:\/\/univet.hu\/allasborze\/en\/job-fair-2023\/job-offers\/","name":"Job offers - \u00c1ll\u00e1sb\u00f6rze","isPartOf":{"@id":"https:\/\/univet.hu\/allasborze\/#website"},"datePublished":"2022-11-07T10:04:25+00:00","dateModified":"2025-01-10T12:55:11+00:00","breadcrumb":{"@id":"https:\/\/univet.hu\/allasborze\/en\/job-fair-2023\/job-offers\/#breadcrumb"},"inLanguage":"en-US","potentialAction":[{"@type":"ReadAction","target":["https:\/\/univet.hu\/allasborze\/en\/job-fair-2023\/job-offers\/"]}]},{"@type":"BreadcrumbList","@id":"https:\/\/univet.hu\/allasborze\/en\/job-fair-2023\/job-offers\/#breadcrumb","itemListElement":[{"@type":"ListItem","position":1,"name":"Kezd\u0151lap","item":"https:\/\/univet.hu\/allasborze\/en\/"},{"@type":"ListItem","position":2,"name":"Job Fair 2023","item":"https:\/\/univet.hu\/allasborze\/en\/job-fair-2023\/"},{"@type":"ListItem","position":3,"name":"Job offers"}]},{"@type":"WebSite","@id":"https:\/\/univet.hu\/allasborze\/#website","url":"https:\/\/univet.hu\/allasborze\/","name":"\u00c1ll\u00e1sb\u00f6rze","description":"","potentialAction":[{"@type":"SearchAction","target":{"@type":"EntryPoint","urlTemplate":"https:\/\/univet.hu\/allasborze\/?s={search_term_string}"},"query-input":{"@type":"PropertyValueSpecification","valueRequired":true,"valueName":"search_term_string"}}],"inLanguage":"en-US"}]}},"_links":{"self":[{"href":"https:\/\/univet.hu\/allasborze\/en\/wp-json\/wp\/v2\/pages\/80236","targetHints":{"allow":["GET"]}}],"collection":[{"href":"https:\/\/univet.hu\/allasborze\/en\/wp-json\/wp\/v2\/pages"}],"about":[{"href":"https:\/\/univet.hu\/allasborze\/en\/wp-json\/wp\/v2\/types\/page"}],"author":[{"embeddable":true,"href":"https:\/\/univet.hu\/allasborze\/en\/wp-json\/wp\/v2\/users\/2518"}],"replies":[{"embeddable":true,"href":"https:\/\/univet.hu\/allasborze\/en\/wp-json\/wp\/v2\/comments?post=80236"}],"version-history":[{"count":1,"href":"https:\/\/univet.hu\/allasborze\/en\/wp-json\/wp\/v2\/pages\/80236\/revisions"}],"predecessor-version":[{"id":172746,"href":"https:\/\/univet.hu\/allasborze\/en\/wp-json\/wp\/v2\/pages\/80236\/revisions\/172746"}],"up":[{"embeddable":true,"href":"https:\/\/univet.hu\/allasborze\/en\/wp-json\/wp\/v2\/pages\/77753"}],"wp:attachment":[{"href":"https:\/\/univet.hu\/allasborze\/en\/wp-json\/wp\/v2\/media?parent=80236"}],"wp:term":[{"taxonomy":"category","embeddable":true,"href":"https:\/\/univet.hu\/allasborze\/en\/wp-json\/wp\/v2\/categories?post=80236"},{"taxonomy":"post_tag","embeddable":true,"href":"https:\/\/univet.hu\/allasborze\/en\/wp-json\/wp\/v2\/tags?post=80236"}],"curies":[{"name":"wp","href":"https:\/\/api.w.org\/{rel}","templated":true}]}}