{"id":80840,"date":"2022-11-28T14:23:34","date_gmt":"2022-11-28T13:23:34","guid":{"rendered":"https:\/\/univet.hu\/?page_id=80840"},"modified":"2025-01-10T13:55:11","modified_gmt":"2025-01-10T12:55:11","slug":"exhibitors","status":"publish","type":"page","link":"https:\/\/univet.hu\/allasborze\/en\/job-fair-2023\/exhibitors\/","title":{"rendered":"Exhibitors"},"content":{"rendered":"<p>Please find below the list of registered exhibitors.\u00a0<strong>This information is updated regularly and therefore subject to change.<\/strong><\/p> <table style=\"width: 739px;height: 508px\"> <tbody> <tr style=\"height: 24px\"> <td style=\"width: 223.025px;height: 24px\"><strong>International Exhibitors<\/strong><\/td> <td style=\"width: 193.325px;height: 24px\"><\/td> <td style=\"width: 302.25px;height: 24px\"><\/td> <\/tr> <tr> <td style=\"width: 223.025px\"><a href=\"https:\/\/univet.hu\/hu\/allasborze-2023\/kiallitok\/anicura-germany-holding-gmbh\/\">AniCura<\/a><\/td> <td style=\"width: 193.325px\">Germany<\/td> <td style=\"width: 302.25px\"><a href=\"https:\/\/www.anicura.de\/\">https:\/\/www.anicura.de\/<\/a><\/td> <\/tr> <tr> <td style=\"width: 223.025px\"><a href=\"https:\/\/univet.hu\/hu\/allasborze-2023\/kiallitok\/biochem\/\">Biochem<\/a><\/td> <td style=\"width: 193.325px\">Germany<\/td> <td style=\"width: 302.25px\"><a href=\"https:\/\/www.biochem.net\/\">https:\/\/www.biochem.net\/<\/a><\/td> <\/tr> <tr> <td style=\"width: 223.025px\"><a href=\"https:\/\/univet.hu\/hu\/allasborze-2023\/kiallitok\/eville-jones\/\">Eville&amp;Jones<\/a><\/td> <td style=\"width: 193.325px\">United Kingdom<\/td> <td style=\"width: 302.25px\"><a href=\"https:\/\/eandj.co.uk\/\">https:\/\/eandj.co.uk\/<\/a><\/td> <\/tr> <tr style=\"height: 24px\"> <td style=\"width: 223.025px;height: 24px\"><a href=\"https:\/\/univet.hu\/hu\/allasborze-2023\/kiallitok\/lloyd-cowan\/\">Lloyd&amp;Cowan<\/a><\/td> <td style=\"width: 193.325px;height: 24px\">United Kingdom<\/td> <td style=\"width: 302.25px;height: 24px\"><a href=\"https:\/\/www.lloydandcowan.com\/\">https:\/\/www.lloydandcowan.com\/<\/a><\/td> <\/tr> <tr style=\"height: 24px\"> <td style=\"width: 223.025px;height: 24px\"><a href=\"https:\/\/univet.hu\/hu\/allasborze-2023\/kiallitok\/parklands-veterinary-group\/\">Parklands Veterinary Group<\/a><\/td> <td style=\"width: 193.325px;height: 24px\">United Kingdom<\/td> <td style=\"width: 302.25px;height: 24px\"><a href=\"https:\/\/parklandsvets.com\/\">www.parklandsvets.co.uk<\/a><\/td> <\/tr> <tr> <td style=\"width: 223.025px\"><a href=\"https:\/\/univet.hu\/hu\/allasborze-2023\/kiallitok\/sevetys\/\">SEVETYS<\/a><\/td> <td style=\"width: 193.325px\">France<\/td> <td style=\"width: 302.25px\"><a href=\"https:\/\/sevetys.fr\/\">https:\/\/sevetys.fr\/<\/a><\/td> <\/tr> <tr> <td style=\"width: 223.025px\"><a href=\"https:\/\/univet.hu\/hu\/allasborze-2023\/kiallitok\/the-vet-service\/\">The Vet Service<\/a><\/td> <td style=\"width: 193.325px\">United Kingdom<\/td> <td style=\"width: 302.25px\"><a href=\"https:\/\/thevetservice.com\/\">thevetservice.com<\/a><\/td> <\/tr> <tr> <td style=\"width: 223.025px\"><a href=\"https:\/\/univet.hu\/hu\/allasborze-2023\/kiallitok\/vetjobs24-com\/\">vetjobs24.com<\/a><\/td> <td style=\"width: 193.325px\">Germany<\/td> <td style=\"width: 302.25px\"><a href=\"http:\/\/www.vetjobs24.com\">www.vetjobs24.com<\/a><\/td> <\/tr> <tr> <td style=\"width: 223.025px\"><a href=\"https:\/\/univet.hu\/hu\/allasborze-2023\/kiallitok\/yes-your-excellent-stuff-oy\/\">YES<\/a><\/td> <td style=\"width: 193.325px\">Finland<\/td> <td style=\"width: 302.25px\"><a href=\"http:\/\/www.yeshr.fi\">www.yeshr.fi<\/a><\/td> <\/tr> <tr style=\"height: 24px\"> <td style=\"width: 223.025px;height: 24px\"><strong>Hungarian Exhibitors<\/strong><\/td> <td style=\"width: 193.325px;height: 24px\"><\/td> <td style=\"width: 302.25px;height: 24px\"><\/td> <\/tr> <tr> <td style=\"width: 223.025px\"><a href=\"https:\/\/univet.hu\/hu\/allasborze-2023\/kiallitok\/all-4-dog-kft\/\">ALL 4 DOG Kft.<\/a><\/td> <td style=\"width: 193.325px\">Hungary<\/td> <td style=\"width: 302.25px\"><a href=\"https:\/\/all4dog.hu\/\">\u00a0https:\/\/all4dog.hu\/<\/a><\/td> <\/tr> <tr> <td style=\"width: 223.025px\"><a href=\"https:\/\/univet.hu\/hu\/allasborze-2023\/kiallitok\/alphavet-kft\/\">AlphaVet<\/a><\/td> <td style=\"width: 193.325px\">Hungary<\/td> <td style=\"width: 302.25px\"><a href=\"http:\/\/www.alpha-vet.hu\">www.alpha-vet.hu<\/a><\/td> <\/tr> <tr> <td style=\"width: 223.025px\"><a href=\"https:\/\/univet.hu\/hu\/allasborze-2023\/kiallitok\/bonafarm-csoport\/\">Bonafarm<\/a><\/td> <td style=\"width: 193.325px\">Hungary<\/td> <td style=\"width: 302.25px\"><a href=\"https:\/\/bonafarmcsoport.hu\/en\/\">https:\/\/bonafarmcsoport.hu\/en\/<\/a><\/td> <\/tr> <tr> <td style=\"width: 223.025px\"><a href=\"https:\/\/univet.hu\/hu\/allasborze-2023\/kiallitok\/elanco-hungary\/\">Elanco Hungary<\/a><\/td> <td style=\"width: 193.325px\">Hungary<\/td> <td style=\"width: 302.25px\"><a href=\"https:\/\/www.elanco.com\/en-us\">https:\/\/www.elanco.com\/en-us<\/a><\/td> <\/tr> <tr> <td style=\"width: 223.025px\"><a href=\"https:\/\/univet.hu\/hu\/allasborze-2023\/kiallitok\/hays-hungary\/\">Hays Hungary<\/a><\/td> <td style=\"width: 193.325px\">Hungary<\/td> <td style=\"width: 302.25px\"><a href=\"https:\/\/www.hays.hu\/\">https:\/\/www.hays.hu\/<\/a><\/td> <\/tr> <tr> <td style=\"width: 223.025px\"><a href=\"https:\/\/univet.hu\/hu\/allasborze-2023\/kiallitok\/homecare-vet\/\">Homecare.vet<\/a><\/td> <td style=\"width: 193.325px\">Hungary<\/td> <td style=\"width: 302.25px\"><a href=\"https:\/\/www.homecare.vet\/\">homecare.vet<\/a><\/td> <\/tr> <tr> <td style=\"width: 223.025px\"><a href=\"https:\/\/univet.hu\/hu\/allasborze-2023\/kiallitok\/hunland-production-kft\/\">Hunland Production<\/a><\/td> <td style=\"width: 193.325px\">Hungary<\/td> <td style=\"width: 302.25px\"><a href=\"https:\/\/www.hunland.com\/\">https:\/\/www.hunland.com\/<\/a><\/td> <\/tr> <tr> <td style=\"width: 223.025px\"><a href=\"https:\/\/univet.hu\/hu\/allasborze-2023\/kiallitok\/master-good-cegcsoport\/\">Master Good C\u00e9gcsoport<\/a><\/td> <td style=\"width: 193.325px\">Hungary<\/td> <td style=\"width: 302.25px\"><a href=\"https:\/\/mastergood.hu\/\">https:\/\/mastergood.hu\/<\/a><\/td> <\/tr> <tr> <td style=\"width: 223.025px\"><a href=\"https:\/\/univet.hu\/hu\/allasborze-2023\/kiallitok\/nemzeti-elelmiszerlanc-biztonsagi-hivatal\/\">N\u00e9bih<\/a><\/td> <td style=\"width: 193.325px\">Hungary<\/td> <td style=\"width: 302.25px\"><a href=\"https:\/\/portal.nebih.gov.hu\/\">https:\/\/portal.nebih.gov.hu\/<\/a><\/td> <\/tr> <tr> <td style=\"width: 223.025px\"><a href=\"https:\/\/univet.hu\/hu\/allasborze-2023\/kiallitok\/pannon-logyogyaszati-es-rehabilitacios-kft\/\">Pannon Equine Healthcare and Rehabilitation Practice<\/a><\/td> <td style=\"width: 193.325px\">Hungary<\/td> <td style=\"width: 302.25px\"><a href=\"https:\/\/pannonlogyogyasz.hu\/en\">https:\/\/pannonlogyogyasz.hu\/en<\/a><\/td> <\/tr> <tr> <td style=\"width: 223.025px\"><a href=\"https:\/\/univet.hu\/hu\/allasborze-2023\/kiallitok\/prophyl-kft\/\">Prophyl Kft.<\/a><\/td> <td style=\"width: 193.325px\">Hungary<\/td> <td style=\"width: 302.25px\"><a href=\"https:\/\/prophyl.hu\/\">https:\/\/prophyl.hu\/<\/a><\/td> <\/tr> <tr> <td style=\"width: 223.025px\"><a href=\"https:\/\/univet.hu\/hu\/allasborze-2023\/kiallitok\/talentis-agro-csoport\/\">Talentis Agro Csoport<\/a><\/td> <td style=\"width: 193.325px\">Hungary<\/td> <td style=\"width: 302.25px\"><a href=\"http:\/\/talentisagro.hu\/\">http:\/\/talentisagro.hu\/<\/a><\/td> <\/tr> <tr style=\"height: 24px\"> <td style=\"width: 223.025px;height: 24px\"><a href=\"https:\/\/univet.hu\/hu\/allasborze-2023\/kiallitok\/tolnagro\/\">Tolnagro<\/a><\/td> <td style=\"width: 193.325px;height: 24px\">Hungary<\/td> <td style=\"width: 302.25px;height: 24px\"><a href=\"https:\/\/www.tolnagro.hu\/en\/\">https:\/\/www.tolnagro.hu\/en\/<\/a><\/td> <\/tr> <tr> <td style=\"width: 223.025px\"><a href=\"https:\/\/univet.hu\/hu\/allasborze-2023\/kiallitok\/turi-szolgaltato-kft\/\">T\u00fari Szolg\u00e1ltat\u00f3 Kft.<\/a><\/td> <td style=\"width: 193.325px\">Hungary<\/td> <td style=\"width: 302.25px\"><a href=\"https:\/\/turiallatkorhaz.hu\/\">https:\/\/turiallatkorhaz.hu\/<\/a><\/td> <\/tr> <tr style=\"height: 24px\"> <td style=\"width: 223.025px;height: 24px\"><strong>UNIVET Exhibitors<\/strong><\/td> <td style=\"width: 193.325px;height: 24px\"><\/td> <td style=\"width: 302.25px;height: 24px\"><\/td> <\/tr> <tr style=\"height: 28px\"> <td style=\"width: 223.025px;height: 28px\">UVMB Doctoral School<\/td> <td style=\"width: 193.325px;height: 28px\">\u00a0Budapest, Hungary<\/td> <td style=\"width: 302.25px;height: 28px\"><a href=\"https:\/\/univet.hu\/en\/education\/doctoral-school\/\">https:\/\/univet.hu\/en\/education\/doctoral-school\/<\/a><\/td> <\/tr> <tr> <td style=\"width: 223.025px\">UVMB Erasmus Office<\/td> <td style=\"width: 193.325px\">\u00a0Budapest, Hungary<\/td> <td style=\"width: 302.25px\"><a href=\"https:\/\/univet.hu\/en\/about\/international-relations\/erasmus\/\">https:\/\/univet.hu\/en\/about\/international-relations\/erasmus\/<\/a><\/td> <\/tr> <\/tbody> <\/table> <p>&nbsp;<\/p>","protected":false},"excerpt":{"rendered":"<p>Please find below the list of registered exhibitors.\u00a0This information is updated regularly and therefore subject to change. International Exhibitors AniCura Germany https:\/\/www.anicura.de\/ Biochem Germany https:\/\/www.biochem.net\/ Eville&amp;Jones United Kingdom https:\/\/eandj.co.uk\/ Lloyd&amp;Cowan United Kingdom https:\/\/www.lloydandcowan.com\/ Parklands Veterinary Group United Kingdom www.parklandsvets.co.uk SEVETYS France https:\/\/sevetys.fr\/ The Vet Service United Kingdom thevetservice.com vetjobs24.com Germany www.vetjobs24.com YES Finland www.yeshr.fi Hungarian<\/p>\n","protected":false},"author":2518,"featured_media":0,"parent":77753,"menu_order":0,"comment_status":"open","ping_status":"open","template":"","meta":{"_acf_changed":false,"footnotes":""},"categories":[],"tags":[],"class_list":["post-80840","page","type-page","status-publish","hentry"],"acf":[],"yoast_head":"<!-- This site is optimized with the Yoast SEO plugin v27.2 - https:\/\/yoast.com\/product\/yoast-seo-wordpress\/ -->\n<title>Exhibitors - \u00c1ll\u00e1sb\u00f6rze<\/title>\n<meta name=\"robots\" content=\"index, follow, max-snippet:-1, max-image-preview:large, max-video-preview:-1\" \/>\n<link rel=\"canonical\" href=\"https:\/\/univet.hu\/allasborze\/allasborze-2023\/kiallitok\/\" \/>\n<meta property=\"og:locale\" content=\"en_US\" \/>\n<meta property=\"og:type\" content=\"article\" \/>\n<meta property=\"og:title\" content=\"Exhibitors - \u00c1ll\u00e1sb\u00f6rze\" \/>\n<meta property=\"og:description\" content=\"Please find below the list of registered exhibitors.\u00a0This information is updated regularly and therefore subject to change. International Exhibitors AniCura Germany https:\/\/www.anicura.de\/ Biochem Germany https:\/\/www.biochem.net\/ Eville&amp;Jones United Kingdom https:\/\/eandj.co.uk\/ Lloyd&amp;Cowan United Kingdom https:\/\/www.lloydandcowan.com\/ Parklands Veterinary Group United Kingdom www.parklandsvets.co.uk SEVETYS France https:\/\/sevetys.fr\/ The Vet Service United Kingdom thevetservice.com vetjobs24.com Germany www.vetjobs24.com YES Finland www.yeshr.fi Hungarian\" \/>\n<meta property=\"og:url\" content=\"https:\/\/univet.hu\/allasborze\/allasborze-2023\/kiallitok\/\" \/>\n<meta property=\"og:site_name\" content=\"\u00c1ll\u00e1sb\u00f6rze\" \/>\n<meta property=\"article:modified_time\" content=\"2025-01-10T12:55:11+00:00\" \/>\n<meta name=\"twitter:card\" content=\"summary_large_image\" \/>\n<meta name=\"twitter:label1\" content=\"Est. reading time\" \/>\n\t<meta name=\"twitter:data1\" content=\"1 minute\" \/>\n<script type=\"application\/ld+json\" class=\"yoast-schema-graph\">{\"@context\":\"https:\/\/schema.org\",\"@graph\":[{\"@type\":\"WebPage\",\"@id\":\"https:\/\/univet.hu\/allasborze\/allasborze-2023\/kiallitok\/\",\"url\":\"https:\/\/univet.hu\/allasborze\/allasborze-2023\/kiallitok\/\",\"name\":\"Exhibitors - \u00c1ll\u00e1sb\u00f6rze\",\"isPartOf\":{\"@id\":\"https:\/\/univet.hu\/allasborze\/#website\"},\"datePublished\":\"2022-11-28T13:23:34+00:00\",\"dateModified\":\"2025-01-10T12:55:11+00:00\",\"breadcrumb\":{\"@id\":\"https:\/\/univet.hu\/allasborze\/allasborze-2023\/kiallitok\/#breadcrumb\"},\"inLanguage\":\"en-US\",\"potentialAction\":[{\"@type\":\"ReadAction\",\"target\":[\"https:\/\/univet.hu\/allasborze\/allasborze-2023\/kiallitok\/\"]}]},{\"@type\":\"BreadcrumbList\",\"@id\":\"https:\/\/univet.hu\/allasborze\/allasborze-2023\/kiallitok\/#breadcrumb\",\"itemListElement\":[{\"@type\":\"ListItem\",\"position\":1,\"name\":\"Kezd\u0151lap\",\"item\":\"https:\/\/univet.hu\/allasborze\/en\/\"},{\"@type\":\"ListItem\",\"position\":2,\"name\":\"Job Fair 2023\",\"item\":\"https:\/\/univet.hu\/allasborze\/en\/job-fair-2023\/\"},{\"@type\":\"ListItem\",\"position\":3,\"name\":\"Exhibitors\"}]},{\"@type\":\"WebSite\",\"@id\":\"https:\/\/univet.hu\/allasborze\/#website\",\"url\":\"https:\/\/univet.hu\/allasborze\/\",\"name\":\"\u00c1ll\u00e1sb\u00f6rze\",\"description\":\"\",\"potentialAction\":[{\"@type\":\"SearchAction\",\"target\":{\"@type\":\"EntryPoint\",\"urlTemplate\":\"https:\/\/univet.hu\/allasborze\/?s={search_term_string}\"},\"query-input\":{\"@type\":\"PropertyValueSpecification\",\"valueRequired\":true,\"valueName\":\"search_term_string\"}}],\"inLanguage\":\"en-US\"}]}<\/script>\n<!-- \/ Yoast SEO plugin. -->","yoast_head_json":{"title":"Exhibitors - \u00c1ll\u00e1sb\u00f6rze","robots":{"index":"index","follow":"follow","max-snippet":"max-snippet:-1","max-image-preview":"max-image-preview:large","max-video-preview":"max-video-preview:-1"},"canonical":"https:\/\/univet.hu\/allasborze\/allasborze-2023\/kiallitok\/","og_locale":"en_US","og_type":"article","og_title":"Exhibitors - \u00c1ll\u00e1sb\u00f6rze","og_description":"Please find below the list of registered exhibitors.\u00a0This information is updated regularly and therefore subject to change. International Exhibitors AniCura Germany https:\/\/www.anicura.de\/ Biochem Germany https:\/\/www.biochem.net\/ Eville&amp;Jones United Kingdom https:\/\/eandj.co.uk\/ Lloyd&amp;Cowan United Kingdom https:\/\/www.lloydandcowan.com\/ Parklands Veterinary Group United Kingdom www.parklandsvets.co.uk SEVETYS France https:\/\/sevetys.fr\/ The Vet Service United Kingdom thevetservice.com vetjobs24.com Germany www.vetjobs24.com YES Finland www.yeshr.fi Hungarian","og_url":"https:\/\/univet.hu\/allasborze\/allasborze-2023\/kiallitok\/","og_site_name":"\u00c1ll\u00e1sb\u00f6rze","article_modified_time":"2025-01-10T12:55:11+00:00","twitter_card":"summary_large_image","twitter_misc":{"Est. reading time":"1 minute"},"schema":{"@context":"https:\/\/schema.org","@graph":[{"@type":"WebPage","@id":"https:\/\/univet.hu\/allasborze\/allasborze-2023\/kiallitok\/","url":"https:\/\/univet.hu\/allasborze\/allasborze-2023\/kiallitok\/","name":"Exhibitors - \u00c1ll\u00e1sb\u00f6rze","isPartOf":{"@id":"https:\/\/univet.hu\/allasborze\/#website"},"datePublished":"2022-11-28T13:23:34+00:00","dateModified":"2025-01-10T12:55:11+00:00","breadcrumb":{"@id":"https:\/\/univet.hu\/allasborze\/allasborze-2023\/kiallitok\/#breadcrumb"},"inLanguage":"en-US","potentialAction":[{"@type":"ReadAction","target":["https:\/\/univet.hu\/allasborze\/allasborze-2023\/kiallitok\/"]}]},{"@type":"BreadcrumbList","@id":"https:\/\/univet.hu\/allasborze\/allasborze-2023\/kiallitok\/#breadcrumb","itemListElement":[{"@type":"ListItem","position":1,"name":"Kezd\u0151lap","item":"https:\/\/univet.hu\/allasborze\/en\/"},{"@type":"ListItem","position":2,"name":"Job Fair 2023","item":"https:\/\/univet.hu\/allasborze\/en\/job-fair-2023\/"},{"@type":"ListItem","position":3,"name":"Exhibitors"}]},{"@type":"WebSite","@id":"https:\/\/univet.hu\/allasborze\/#website","url":"https:\/\/univet.hu\/allasborze\/","name":"\u00c1ll\u00e1sb\u00f6rze","description":"","potentialAction":[{"@type":"SearchAction","target":{"@type":"EntryPoint","urlTemplate":"https:\/\/univet.hu\/allasborze\/?s={search_term_string}"},"query-input":{"@type":"PropertyValueSpecification","valueRequired":true,"valueName":"search_term_string"}}],"inLanguage":"en-US"}]}},"_links":{"self":[{"href":"https:\/\/univet.hu\/allasborze\/en\/wp-json\/wp\/v2\/pages\/80840","targetHints":{"allow":["GET"]}}],"collection":[{"href":"https:\/\/univet.hu\/allasborze\/en\/wp-json\/wp\/v2\/pages"}],"about":[{"href":"https:\/\/univet.hu\/allasborze\/en\/wp-json\/wp\/v2\/types\/page"}],"author":[{"embeddable":true,"href":"https:\/\/univet.hu\/allasborze\/en\/wp-json\/wp\/v2\/users\/2518"}],"replies":[{"embeddable":true,"href":"https:\/\/univet.hu\/allasborze\/en\/wp-json\/wp\/v2\/comments?post=80840"}],"version-history":[{"count":1,"href":"https:\/\/univet.hu\/allasborze\/en\/wp-json\/wp\/v2\/pages\/80840\/revisions"}],"predecessor-version":[{"id":172744,"href":"https:\/\/univet.hu\/allasborze\/en\/wp-json\/wp\/v2\/pages\/80840\/revisions\/172744"}],"up":[{"embeddable":true,"href":"https:\/\/univet.hu\/allasborze\/en\/wp-json\/wp\/v2\/pages\/77753"}],"wp:attachment":[{"href":"https:\/\/univet.hu\/allasborze\/en\/wp-json\/wp\/v2\/media?parent=80840"}],"wp:term":[{"taxonomy":"category","embeddable":true,"href":"https:\/\/univet.hu\/allasborze\/en\/wp-json\/wp\/v2\/categories?post=80840"},{"taxonomy":"post_tag","embeddable":true,"href":"https:\/\/univet.hu\/allasborze\/en\/wp-json\/wp\/v2\/tags?post=80840"}],"curies":[{"name":"wp","href":"https:\/\/api.w.org\/{rel}","templated":true}]}}