{"id":96241,"date":"2023-10-24T09:25:59","date_gmt":"2023-10-24T07:25:59","guid":{"rendered":"https:\/\/univet.hu\/?page_id=96241"},"modified":"2025-01-10T13:55:12","modified_gmt":"2025-01-10T12:55:12","slug":"job-offers","status":"publish","type":"page","link":"https:\/\/univet.hu\/allasborze\/en\/job-fair-2024\/job-offers\/","title":{"rendered":"Job offers"},"content":{"rendered":"<p><em>We are constantly updating our website.<\/em><\/p> <p><span style=\"color: #ffffff\"><span style=\"background-color: #64becb\">International<\/span><\/span><\/p> <p><a href=\"https:\/\/univet.hu\/allasborze\/wp-content\/uploads\/sites\/2\/2024\/10\/Stellenanzeige-KT-2024-new_TFA_mit_ErfahrungVZ_TZ.pdf\" target=\"_blank\" rel=\"noopener\">Stellenausschreibung \u201eTFA\/TierarzthelferIn mit Erfahrung &#8211; PFI DR. VET &#8211; Die Tier\u00e4rzte OG &#8211; Austria<\/a><\/p> <p><a href=\"https:\/\/univet.hu\/allasborze\/wp-content\/uploads\/sites\/2\/2024\/10\/Stellenanzeige-KT-2024-TA-new.pdf\" target=\"_blank\" rel=\"noopener\"> Stellenausschreibung \u201eKleintiermedizinerIn\u201c &#8211; PFI DR. VET &#8211; Die Tier\u00e4rzte OG &#8211; Austria<\/a><\/p> <p><a href=\"https:\/\/univet.hu\/allasborze\/wp-content\/uploads\/sites\/2\/2024\/09\/Stellenausschreibung-TA_Rind_Kl_Wk_Nwk_08_2024.pdf\" target=\"_blank\" rel=\"noopener\">RINDERTIERARZT\/-\u00c4RZTIN (m\/w\/d) f\u00fcr 40 Wochenstunden &#8211; DR. VET &#8211; Austria<\/a><\/p> <p><a href=\"https:\/\/univet.hu\/allasborze\/wp-content\/uploads\/sites\/2\/2024\/05\/Job-offer-brief_VET-3.pdf\" target=\"_blank\" rel=\"noopener\">Trainee (Veterinary Pharmacovigilance) &#8211; European Medicines Agency &#8211; Amsterdam, Netherlands<\/a>,<\/p> <p><a href=\"https:\/\/careers.ema.europa.eu\/job\/Amsterdam-Trainee-%28Veterinary-Pharmacovigilance%29\/1050620901\/\" target=\"_blank\" rel=\"noopener\">LINK<\/a><\/p> <p><a href=\"https:\/\/univet.hu\/allasborze\/wp-content\/uploads\/sites\/2\/2024\/05\/Job-offer-brief_VET-2.pdf\" target=\"_blank\" rel=\"noopener\">Trainee (Innovative veterinary medicinal products) &#8211; European Medicines Agency &#8211; Amsterdam, Netherlands<\/a><\/p> <p><a href=\"https:\/\/careers.ema.europa.eu\/job\/Amsterdam-Trainee-%28Innovative-veterinary-medicinal-products%29\/1050620701\/\" target=\"_blank\" rel=\"noopener\">LINK<\/a><\/p> <p><a href=\"https:\/\/univet.hu\/allasborze\/wp-content\/uploads\/sites\/2\/2024\/05\/Job-offer-brief_VET-1.pdf\" target=\"_blank\" rel=\"noopener\">Trainee (Metadata analysis of data sources in the Vet domain) &#8211; European Medicines Agency &#8211; Amsterdam, Netherlands<\/a><\/p> <p><a href=\"https:\/\/careers.ema.europa.eu\/job\/Amsterdam-Trainee-%28Metadata-analysis-of-data-sources-in-the-Veterinary-domain%29\/1050620801\/\" target=\"_blank\" rel=\"noopener\">LINK<\/a><\/p> <p><a href=\"https:\/\/univet.hu\/allasborze\/wp-content\/uploads\/sites\/2\/2024\/02\/Job-Offer-Brief_parkland.pdf\" target=\"_blank\" rel=\"noopener\">Veterinarian (farm animal) &#8211; Parklands Veterinary Group, Ireland<\/a><\/p> <p><a href=\"https:\/\/univet.hu\/hu\/allasborze-2024\/kiallitok\/eville-and-jones\/\">Eville&amp;Jones career opportunities<\/a><\/p> <p><a href=\"https:\/\/univet.hu\/allasborze\/wp-content\/uploads\/sites\/2\/2024\/01\/Hiring-vet-2024-Jan.pdf\">Sea turtle vet &#8211; Atoll Marine Centre, Maldives<\/a><\/p> <p><a href=\"https:\/\/univet.hu\/allasborze\/wp-content\/uploads\/sites\/2\/2024\/01\/Vet-Student-Program-2024.pdf\">Vet Student Program &#8211; Atoll Marine Centre, Maldives<\/a><\/p> <p><a href=\"https:\/\/univet.hu\/allasborze\/wp-content\/uploads\/sites\/2\/2024\/01\/Job-Ad-Fair-HU-Febr-2024.pdf\" target=\"_blank\" rel=\"noopener\">Job offers &#8211; Biochem, Germany<\/a><\/p> <p><a href=\"https:\/\/univet.hu\/allasborze\/wp-content\/uploads\/sites\/2\/2024\/01\/Tierarzt-Evidensiamwd.pdf\">Tierarzt &#8211; IVC Evidensia<\/a><\/p> <p><a href=\"https:\/\/univet.hu\/allasborze\/wp-content\/uploads\/sites\/2\/2024\/01\/Tiermedizinische-Fachangestellte-Evidensia-mwd.pdf\">Tiermedizinische Fachangestellte &#8211; IVC Evidensia<\/a><\/p> <p><a href=\"https:\/\/univet.hu\/allasborze\/wp-content\/uploads\/sites\/2\/2023\/12\/Budapest.pdf\" target=\"_blank\" rel=\"noopener\">Mixed veterinary surgeon &#8211; Parklands Veterinary Group, Ireland<\/a><\/p> <p><a href=\"https:\/\/univet.hu\/allasborze\/wp-content\/uploads\/sites\/2\/2023\/12\/Univet-2023_vetjobs24.pdf\" target=\"_blank\" rel=\"noopener\">Vetjobs24 &#8211; the international job portal for veterinarians! &#8211; Germany<\/a><\/p> <p><a href=\"https:\/\/univet.hu\/allasborze\/wp-content\/uploads\/sites\/2\/2023\/11\/Job-offer-brief_UVMB2022-abivet.pdf\">Veterinarian &#8211; ABIVET, Rome, Italy<\/a>\u00a0<a href=\"https:\/\/univet.hu\/allasborze\/wp-content\/uploads\/sites\/2\/2023\/11\/Loc_VETROMANIA.pdf\" target=\"_blank\" rel=\"noopener\">Advertisement<\/a><\/p> <p><a href=\"https:\/\/univet.hu\/allasborze\/wp-content\/uploads\/sites\/2\/2023\/11\/Job-offer-brief_UVMB_rutlandvets.pdf\" target=\"_blank\" rel=\"noopener\">Graduate Small Animal Vet &#8211; Rutland Veterinary Centre, Uppingham, UK<\/a><\/p> <p>&nbsp;<\/p>","protected":false},"excerpt":{"rendered":"<p>We are constantly updating our website. International Stellenausschreibung \u201eTFA\/TierarzthelferIn mit Erfahrung &#8211; PFI DR. VET &#8211; Die Tier\u00e4rzte OG &#8211; Austria Stellenausschreibung \u201eKleintiermedizinerIn\u201c &#8211; PFI DR. VET &#8211; Die Tier\u00e4rzte OG &#8211; Austria RINDERTIERARZT\/-\u00c4RZTIN (m\/w\/d) f\u00fcr 40 Wochenstunden &#8211; DR. VET &#8211; Austria Trainee (Veterinary Pharmacovigilance) &#8211; European Medicines Agency &#8211; Amsterdam, Netherlands, LINK Trainee<\/p>\n","protected":false},"author":2518,"featured_media":0,"parent":96054,"menu_order":0,"comment_status":"open","ping_status":"open","template":"","meta":{"_acf_changed":false,"footnotes":""},"categories":[],"tags":[],"class_list":["post-96241","page","type-page","status-publish","hentry"],"acf":[],"yoast_head":"<!-- This site is optimized with the Yoast SEO plugin v27.2 - https:\/\/yoast.com\/product\/yoast-seo-wordpress\/ -->\n<title>Job offers - \u00c1ll\u00e1sb\u00f6rze<\/title>\n<meta name=\"robots\" content=\"index, follow, max-snippet:-1, max-image-preview:large, max-video-preview:-1\" \/>\n<link rel=\"canonical\" href=\"https:\/\/univet.hu\/allasborze\/en\/job-fair-2024\/job-offers\/\" \/>\n<meta property=\"og:locale\" content=\"en_US\" \/>\n<meta property=\"og:type\" content=\"article\" \/>\n<meta property=\"og:title\" content=\"Job offers - \u00c1ll\u00e1sb\u00f6rze\" \/>\n<meta property=\"og:description\" content=\"We are constantly updating our website. International Stellenausschreibung \u201eTFA\/TierarzthelferIn mit Erfahrung &#8211; PFI DR. VET &#8211; Die Tier\u00e4rzte OG &#8211; Austria Stellenausschreibung \u201eKleintiermedizinerIn\u201c &#8211; PFI DR. VET &#8211; Die Tier\u00e4rzte OG &#8211; Austria RINDERTIERARZT\/-\u00c4RZTIN (m\/w\/d) f\u00fcr 40 Wochenstunden &#8211; DR. VET &#8211; Austria Trainee (Veterinary Pharmacovigilance) &#8211; European Medicines Agency &#8211; Amsterdam, Netherlands, LINK Trainee\" \/>\n<meta property=\"og:url\" content=\"https:\/\/univet.hu\/allasborze\/en\/job-fair-2024\/job-offers\/\" \/>\n<meta property=\"og:site_name\" content=\"\u00c1ll\u00e1sb\u00f6rze\" \/>\n<meta property=\"article:modified_time\" content=\"2025-01-10T12:55:12+00:00\" \/>\n<meta name=\"twitter:card\" content=\"summary_large_image\" \/>\n<meta name=\"twitter:label1\" content=\"Est. reading time\" \/>\n\t<meta name=\"twitter:data1\" content=\"1 minute\" \/>\n<script type=\"application\/ld+json\" class=\"yoast-schema-graph\">{\"@context\":\"https:\/\/schema.org\",\"@graph\":[{\"@type\":\"WebPage\",\"@id\":\"https:\/\/univet.hu\/allasborze\/en\/job-fair-2024\/job-offers\/\",\"url\":\"https:\/\/univet.hu\/allasborze\/en\/job-fair-2024\/job-offers\/\",\"name\":\"Job offers - \u00c1ll\u00e1sb\u00f6rze\",\"isPartOf\":{\"@id\":\"https:\/\/univet.hu\/allasborze\/#website\"},\"datePublished\":\"2023-10-24T07:25:59+00:00\",\"dateModified\":\"2025-01-10T12:55:12+00:00\",\"breadcrumb\":{\"@id\":\"https:\/\/univet.hu\/allasborze\/en\/job-fair-2024\/job-offers\/#breadcrumb\"},\"inLanguage\":\"en-US\",\"potentialAction\":[{\"@type\":\"ReadAction\",\"target\":[\"https:\/\/univet.hu\/allasborze\/en\/job-fair-2024\/job-offers\/\"]}]},{\"@type\":\"BreadcrumbList\",\"@id\":\"https:\/\/univet.hu\/allasborze\/en\/job-fair-2024\/job-offers\/#breadcrumb\",\"itemListElement\":[{\"@type\":\"ListItem\",\"position\":1,\"name\":\"Kezd\u0151lap\",\"item\":\"https:\/\/univet.hu\/allasborze\/en\/\"},{\"@type\":\"ListItem\",\"position\":2,\"name\":\"Job Fair 2024\",\"item\":\"https:\/\/univet.hu\/allasborze\/en\/job-fair-2024\/\"},{\"@type\":\"ListItem\",\"position\":3,\"name\":\"Job offers\"}]},{\"@type\":\"WebSite\",\"@id\":\"https:\/\/univet.hu\/allasborze\/#website\",\"url\":\"https:\/\/univet.hu\/allasborze\/\",\"name\":\"\u00c1ll\u00e1sb\u00f6rze\",\"description\":\"\",\"potentialAction\":[{\"@type\":\"SearchAction\",\"target\":{\"@type\":\"EntryPoint\",\"urlTemplate\":\"https:\/\/univet.hu\/allasborze\/?s={search_term_string}\"},\"query-input\":{\"@type\":\"PropertyValueSpecification\",\"valueRequired\":true,\"valueName\":\"search_term_string\"}}],\"inLanguage\":\"en-US\"}]}<\/script>\n<!-- \/ Yoast SEO plugin. -->","yoast_head_json":{"title":"Job offers - \u00c1ll\u00e1sb\u00f6rze","robots":{"index":"index","follow":"follow","max-snippet":"max-snippet:-1","max-image-preview":"max-image-preview:large","max-video-preview":"max-video-preview:-1"},"canonical":"https:\/\/univet.hu\/allasborze\/en\/job-fair-2024\/job-offers\/","og_locale":"en_US","og_type":"article","og_title":"Job offers - \u00c1ll\u00e1sb\u00f6rze","og_description":"We are constantly updating our website. International Stellenausschreibung \u201eTFA\/TierarzthelferIn mit Erfahrung &#8211; PFI DR. VET &#8211; Die Tier\u00e4rzte OG &#8211; Austria Stellenausschreibung \u201eKleintiermedizinerIn\u201c &#8211; PFI DR. VET &#8211; Die Tier\u00e4rzte OG &#8211; Austria RINDERTIERARZT\/-\u00c4RZTIN (m\/w\/d) f\u00fcr 40 Wochenstunden &#8211; DR. VET &#8211; Austria Trainee (Veterinary Pharmacovigilance) &#8211; European Medicines Agency &#8211; Amsterdam, Netherlands, LINK Trainee","og_url":"https:\/\/univet.hu\/allasborze\/en\/job-fair-2024\/job-offers\/","og_site_name":"\u00c1ll\u00e1sb\u00f6rze","article_modified_time":"2025-01-10T12:55:12+00:00","twitter_card":"summary_large_image","twitter_misc":{"Est. reading time":"1 minute"},"schema":{"@context":"https:\/\/schema.org","@graph":[{"@type":"WebPage","@id":"https:\/\/univet.hu\/allasborze\/en\/job-fair-2024\/job-offers\/","url":"https:\/\/univet.hu\/allasborze\/en\/job-fair-2024\/job-offers\/","name":"Job offers - \u00c1ll\u00e1sb\u00f6rze","isPartOf":{"@id":"https:\/\/univet.hu\/allasborze\/#website"},"datePublished":"2023-10-24T07:25:59+00:00","dateModified":"2025-01-10T12:55:12+00:00","breadcrumb":{"@id":"https:\/\/univet.hu\/allasborze\/en\/job-fair-2024\/job-offers\/#breadcrumb"},"inLanguage":"en-US","potentialAction":[{"@type":"ReadAction","target":["https:\/\/univet.hu\/allasborze\/en\/job-fair-2024\/job-offers\/"]}]},{"@type":"BreadcrumbList","@id":"https:\/\/univet.hu\/allasborze\/en\/job-fair-2024\/job-offers\/#breadcrumb","itemListElement":[{"@type":"ListItem","position":1,"name":"Kezd\u0151lap","item":"https:\/\/univet.hu\/allasborze\/en\/"},{"@type":"ListItem","position":2,"name":"Job Fair 2024","item":"https:\/\/univet.hu\/allasborze\/en\/job-fair-2024\/"},{"@type":"ListItem","position":3,"name":"Job offers"}]},{"@type":"WebSite","@id":"https:\/\/univet.hu\/allasborze\/#website","url":"https:\/\/univet.hu\/allasborze\/","name":"\u00c1ll\u00e1sb\u00f6rze","description":"","potentialAction":[{"@type":"SearchAction","target":{"@type":"EntryPoint","urlTemplate":"https:\/\/univet.hu\/allasborze\/?s={search_term_string}"},"query-input":{"@type":"PropertyValueSpecification","valueRequired":true,"valueName":"search_term_string"}}],"inLanguage":"en-US"}]}},"_links":{"self":[{"href":"https:\/\/univet.hu\/allasborze\/en\/wp-json\/wp\/v2\/pages\/96241","targetHints":{"allow":["GET"]}}],"collection":[{"href":"https:\/\/univet.hu\/allasborze\/en\/wp-json\/wp\/v2\/pages"}],"about":[{"href":"https:\/\/univet.hu\/allasborze\/en\/wp-json\/wp\/v2\/types\/page"}],"author":[{"embeddable":true,"href":"https:\/\/univet.hu\/allasborze\/en\/wp-json\/wp\/v2\/users\/2518"}],"replies":[{"embeddable":true,"href":"https:\/\/univet.hu\/allasborze\/en\/wp-json\/wp\/v2\/comments?post=96241"}],"version-history":[{"count":1,"href":"https:\/\/univet.hu\/allasborze\/en\/wp-json\/wp\/v2\/pages\/96241\/revisions"}],"predecessor-version":[{"id":172752,"href":"https:\/\/univet.hu\/allasborze\/en\/wp-json\/wp\/v2\/pages\/96241\/revisions\/172752"}],"up":[{"embeddable":true,"href":"https:\/\/univet.hu\/allasborze\/en\/wp-json\/wp\/v2\/pages\/96054"}],"wp:attachment":[{"href":"https:\/\/univet.hu\/allasborze\/en\/wp-json\/wp\/v2\/media?parent=96241"}],"wp:term":[{"taxonomy":"category","embeddable":true,"href":"https:\/\/univet.hu\/allasborze\/en\/wp-json\/wp\/v2\/categories?post=96241"},{"taxonomy":"post_tag","embeddable":true,"href":"https:\/\/univet.hu\/allasborze\/en\/wp-json\/wp\/v2\/tags?post=96241"}],"curies":[{"name":"wp","href":"https:\/\/api.w.org\/{rel}","templated":true}]}}