{"id":96308,"date":"2023-10-24T14:25:37","date_gmt":"2023-10-24T12:25:37","guid":{"rendered":"https:\/\/univet.hu\/?page_id=96308"},"modified":"2025-01-10T13:55:12","modified_gmt":"2025-01-10T12:55:12","slug":"exhibitors","status":"publish","type":"page","link":"https:\/\/univet.hu\/allasborze\/en\/job-fair-2024\/exhibitors\/","title":{"rendered":"Exhibitors"},"content":{"rendered":"<p>Please find below the list of registered exhibitors as of 2023 December.\u00a0<strong>This information is updated regularly and therefore subject to change.<\/strong><\/p> <table style=\"width: 739px;height: 706px\"> <tbody> <tr style=\"height: 24px\"> <td style=\"width: 223.5px;height: 24px\"><strong>International Exhibitors<\/strong><\/td> <td style=\"width: 193.75px;height: 24px\"><\/td> <td style=\"width: 302.95px;height: 24px\"><\/td> <\/tr> <tr style=\"height: 24px\"> <td style=\"width: 223.5px;height: 24px\"><a href=\"https:\/\/univet.hu\/hu\/allasborze-2024\/kiallitok\/anicura\/\">AniCura<\/a><\/td> <td style=\"width: 193.75px;height: 24px\">Sweden<\/td> <td style=\"width: 302.95px;height: 24px\"><a href=\"https:\/\/www.anicuragroup.com\/\">https:\/\/www.anicuragroup.com\/<\/a><\/td> <\/tr> <tr style=\"height: 36px\"> <td style=\"width: 223.5px;height: 36px\"><a href=\"https:\/\/univet.hu\/hu\/allasborze-2024\/kiallitok\/eville-and-jones\/\">Eville&amp;Jones<\/a><\/td> <td style=\"width: 193.75px;height: 36px\">United Kingdom<\/td> <td style=\"width: 302.95px;height: 36px\"><a href=\"https:\/\/eandj.co.uk\/\">https:\/\/eandj.co.uk\/<\/a><\/td> <\/tr> <tr style=\"height: 24px\"> <td style=\"width: 223.5px;height: 24px\"><a href=\"https:\/\/univet.hu\/hu\/allasborze-2024\/kiallitok\/kiernan-milling\/\">Kiernan Milling<\/a><\/td> <td style=\"width: 193.75px;height: 24px\">Ireland<\/td> <td style=\"width: 302.95px;height: 24px\"><a href=\"https:\/\/kiernanmilling.ie\/\">https:\/\/kiernanmilling.ie\/<\/a><\/td> <\/tr> <tr style=\"height: 24px\"> <td style=\"width: 223.5px;height: 24px\"><a href=\"https:\/\/univet.hu\/hu\/allasborze-2024\/kiallitok\/lloyd-cowan\/\">Lloyd&amp;Cowan<\/a><\/td> <td style=\"width: 193.75px;height: 24px\">United Kingdom<\/td> <td style=\"width: 302.95px;height: 24px\"><a href=\"https:\/\/www.lloydandcowan.com\/\">https:\/\/www.lloydandcowan.com\/<\/a><\/td> <\/tr> <tr style=\"height: 36px\"> <td style=\"width: 223.5px;height: 36px\"><a href=\"https:\/\/univet.hu\/hu\/allasborze-2024\/kiallitok\/sevetys\/\">SEVETYS<\/a><\/td> <td style=\"width: 193.75px;height: 36px\">France<\/td> <td style=\"width: 302.95px;height: 36px\"><a href=\"https:\/\/sevetys.fr\/\">https:\/\/sevetys.fr\/<\/a><\/td> <\/tr> <tr style=\"height: 10px\"> <td style=\"width: 223.5px;height: 10px\"> <p class=\"entry-title\"><a href=\"https:\/\/univet.hu\/hu\/allasborze-2024\/kiallitok\/tierarzte-team-tiefenbach-gmbh\/\">Tier\u00e4rzte Team Tiefenbach GmbH<\/a><\/p> <\/td> <td style=\"width: 193.75px;height: 10px\">Germany<\/td> <td style=\"width: 302.95px;height: 10px\"><a href=\"https:\/\/www.tierarzt-crailsheim.de\/\">\u00a0https:\/\/www.tierarzt-crailsheim.de\/<\/a><\/td> <\/tr> <tr style=\"height: 36px\"> <td style=\"width: 223.5px;height: 36px\"><a href=\"https:\/\/univet.hu\/hu\/allasborze-2024\/kiallitok\/vetjobs-24\/\">Vetjobs 24<\/a><\/td> <td style=\"width: 193.75px;height: 36px\">Germany<\/td> <td style=\"width: 302.95px;height: 36px\"><a href=\"http:\/\/www.vetjobs24.com\">www.vetjobs24.com<\/a><\/td> <\/tr> <tr style=\"height: 24px\"> <td style=\"width: 223.5px;height: 24px\"><strong>Hungarian Exhibitors<\/strong><\/td> <td style=\"width: 193.75px;height: 24px\"><\/td> <td style=\"width: 302.95px;height: 24px\"><\/td> <\/tr> <tr style=\"height: 24px\"> <td style=\"width: 223.5px;height: 24px\"><a href=\"https:\/\/univet.hu\/hu\/allasborze-2024\/kiallitok\/alpha-vet-allatgyogyaszati-kft\/\">Alpha-Vet<\/a><\/td> <td style=\"width: 193.75px;height: 24px\">Hungary<\/td> <td style=\"width: 302.95px;height: 24px\"><a href=\"https:\/\/alpha-vet.com\/\">https:\/\/alpha-vet.com\/<\/a><\/td> <\/tr> <tr style=\"height: 24px\"> <td style=\"width: 223.5px;height: 24px\"><a href=\"https:\/\/univet.hu\/hu\/allasborze-2024\/kiallitok\/arthur-hunt\/\">Arthur Hunt<\/a><\/td> <td style=\"width: 193.75px;height: 24px\">Hungary<\/td> <td style=\"width: 302.95px;height: 24px\"><a href=\"https:\/\/arthur-hunt.hu\/\">https:\/\/arthur-hunt.hu\/<\/a><\/td> <\/tr> <tr style=\"height: 36px\"> <td style=\"width: 223.5px;height: 36px\"><a href=\"https:\/\/univet.hu\/hu\/allasborze-2024\/kiallitok\/biochem\/\">Biochem Hung\u00e1ria<\/a><\/td> <td style=\"width: 193.75px;height: 36px\">Hungary<\/td> <td style=\"width: 302.95px;height: 36px\"><a href=\"https:\/\/www.biochem.net\/\">https:\/\/www.biochem.net\/<\/a><\/td> <\/tr> <tr style=\"height: 36px\"> <td style=\"width: 223.5px;height: 36px\"><a href=\"https:\/\/univet.hu\/hu\/allasborze-2024\/kiallitok\/bonafarm-csoport\/\">Bonafarm<\/a><\/td> <td style=\"width: 193.75px;height: 36px\">Hungary<\/td> <td style=\"width: 302.95px;height: 36px\"><a href=\"https:\/\/bonafarmcsoport.hu\/en\/\">https:\/\/bonafarmcsoport.hu\/en\/<\/a><\/td> <\/tr> <tr style=\"height: 48px\"> <td style=\"width: 223.5px;height: 48px\"><a href=\"https:\/\/univet.hu\/hu\/allasborze-2024\/kiallitok\/dunakeszi-allatkorhaz-veresvet-allatkorhaz\/\">Dunakeszi Animal Hospital\/Veresvet<\/a><\/td> <td style=\"width: 193.75px;height: 48px\">Hungary<\/td> <td style=\"width: 302.95px;height: 48px\"><a href=\"https:\/\/www.dunakesziallatorvos.hu\/\">https:\/\/www.dunakesziallatorvos.hu\/<\/a><\/td> <\/tr> <tr style=\"height: 36px\"> <td style=\"width: 223.5px;height: 36px\"><a href=\"https:\/\/univet.hu\/hu\/allasborze-2024\/kiallitok\/elanco-hungary\/\">Elanco Hungary<\/a><\/td> <td style=\"width: 193.75px;height: 36px\">Hungary<\/td> <td style=\"width: 302.95px;height: 36px\"><a href=\"https:\/\/www.elanco.com\/en-us\">https:\/\/www.elanco.com\/en-us<\/a><\/td> <\/tr> <tr> <td style=\"width: 223.5px\"><a href=\"https:\/\/univet.hu\/hu\/allasborze-2024\/kiallitok\/gallicoop-csoport\/\">Gallicoop<\/a><\/td> <td style=\"width: 193.75px\">Hungary<\/td> <td style=\"width: 302.95px\"><a href=\"https:\/\/www.gallicoop.hu\/\">https:\/\/www.gallicoop.hu\/<\/a><\/td> <\/tr> <tr style=\"height: 24px\"> <td style=\"width: 223.5px;height: 24px\"><a href=\"https:\/\/univet.hu\/hu\/allasborze-2024\/kiallitok\/hunland-production-kft\/\">Hunland<\/a><\/td> <td style=\"width: 193.75px;height: 24px\">Hungary<\/td> <td style=\"width: 302.95px;height: 24px\"><a href=\"https:\/\/www.hunland.com\/\">https:\/\/www.hunland.com\/<\/a><\/td> <\/tr> <tr style=\"height: 24px\"> <td style=\"width: 223.5px;height: 24px\"><a href=\"https:\/\/univet.hu\/hu\/allasborze-2024\/kiallitok\/madarkorhaz-alapitvany\/\">Bird Hospital Foundation<\/a><\/td> <td style=\"width: 193.75px;height: 24px\">Hungary<\/td> <td style=\"width: 302.95px;height: 24px\"><a href=\"http:\/\/www.madarkorhaz.hu\/\">http:\/\/www.madarkorhaz.hu\/<\/a><\/td> <\/tr> <tr style=\"height: 24px\"> <td style=\"width: 223.5px;height: 24px\"><a href=\"https:\/\/univet.hu\/hu\/allasborze-2024\/kiallitok\/master-good-cegcsoport\/\">Master Good<\/a><\/td> <td style=\"width: 193.75px;height: 24px\">Hungary<\/td> <td style=\"width: 302.95px;height: 24px\"><a href=\"https:\/\/mastergood.hu\/?lang=en\">https:\/\/mastergood.hu\/?lang=en<\/a><\/td> <\/tr> <tr style=\"height: 24px\"> <td style=\"width: 223.5px;height: 24px\"><a href=\"https:\/\/univet.hu\/hu\/allasborze-2024\/kiallitok\/nemzeti-elelmiszerlanc-biztonsagi-hivatal-nebih\/\">N\u00e9bih<\/a><\/td> <td style=\"width: 193.75px;height: 24px\">Hungary<\/td> <td style=\"width: 302.95px;height: 24px\"><a href=\"https:\/\/portal.nebih.gov.hu\/\">https:\/\/portal.nebih.gov.hu\/<\/a><\/td> <\/tr> <tr style=\"height: 24px\"> <td style=\"width: 223.5px;height: 24px\"><a href=\"https:\/\/univet.hu\/hu\/allasborze-2024\/kiallitok\/prophyl-kft\/\">Prophyl<\/a><\/td> <td style=\"width: 193.75px;height: 24px\">Hungary<\/td> <td style=\"width: 302.95px;height: 24px\"><a href=\"https:\/\/prophyl.hu\/\">https:\/\/prophyl.hu\/<\/a><\/td> <\/tr> <tr style=\"height: 24px\"> <td style=\"width: 223.5px;height: 24px\"><a href=\"https:\/\/univet.hu\/hu\/allasborze-2024\/kiallitok\/talentis-agro\/\">Talentis Agro<\/a><\/td> <td style=\"width: 193.75px;height: 24px\">Hungary<\/td> <td style=\"width: 302.95px;height: 24px\"><a href=\"http:\/\/talentisagro.hu\/\">http:\/\/talentisagro.hu\/<\/a><\/td> <\/tr> <tr> <td style=\"width: 223.5px\"><a href=\"https:\/\/univet.hu\/hu\/allasborze-2024\/kiallitok\/tolnagro\/\">Tolnagro<\/a><\/td> <td style=\"width: 193.75px\">Hungary<\/td> <td style=\"width: 302.95px\"><a href=\"https:\/\/tolnagro.com\/\">https:\/\/tolnagro.com\/<\/a><\/td> <\/tr> <tr> <td style=\"width: 223.5px\"><a href=\"https:\/\/univet.hu\/hu\/allasborze-2024\/kiallitok\/turi-szolgaltato-kft\/\">T\u00fari Animal Hospital<\/a><\/td> <td style=\"width: 193.75px\">Hungary<\/td> <td style=\"width: 302.95px\"><a href=\"https:\/\/turiallatkorhaz.hu\/\">https:\/\/turiallatkorhaz.hu\/<\/a><\/td> <\/tr> <tr style=\"height: 24px\"> <td style=\"width: 223.5px;height: 24px\"><strong>UVMB Exhibitors<\/strong><\/td> <td style=\"width: 193.75px;height: 24px\"><\/td> <td style=\"width: 302.95px;height: 24px\"><\/td> <\/tr> <tr style=\"height: 48px\"> <td style=\"width: 223.5px;height: 48px\">Doctoral School<\/td> <td style=\"width: 193.75px;height: 48px\">Budapest, Hungary<\/td> <td style=\"width: 302.95px;height: 48px\"><a href=\"https:\/\/univet.hu\/en\/education\/doctoral-school\/\">https:\/\/univet.hu\/en\/education\/doctoral-school\/<\/a><\/td> <\/tr> <tr style=\"height: 48px\"> <td style=\"width: 223.5px;height: 48px\">International Relations &#8211; Erasmus<\/td> <td style=\"width: 193.75px;height: 48px\">Budapest, Hungary<\/td> <td style=\"width: 302.95px;height: 48px\"><a href=\"https:\/\/univet.hu\/en\/about\/international-relations\/erasmus\/\">https:\/\/univet.hu\/en\/about\/international-relations\/erasmus\/<\/a><\/td> <\/tr> <\/tbody> <\/table> <p>&nbsp;<\/p>","protected":false},"excerpt":{"rendered":"<p>Please find below the list of registered exhibitors as of 2023 December.\u00a0This information is updated regularly and therefore subject to change. International Exhibitors AniCura Sweden https:\/\/www.anicuragroup.com\/ Eville&amp;Jones United Kingdom https:\/\/eandj.co.uk\/ Kiernan Milling Ireland https:\/\/kiernanmilling.ie\/ Lloyd&amp;Cowan United Kingdom https:\/\/www.lloydandcowan.com\/ SEVETYS France https:\/\/sevetys.fr\/ Tier\u00e4rzte Team Tiefenbach GmbH Germany \u00a0https:\/\/www.tierarzt-crailsheim.de\/ Vetjobs 24 Germany www.vetjobs24.com Hungarian Exhibitors Alpha-Vet Hungary<\/p>\n","protected":false},"author":2518,"featured_media":0,"parent":96054,"menu_order":0,"comment_status":"open","ping_status":"open","template":"","meta":{"_acf_changed":false,"footnotes":""},"categories":[],"tags":[],"class_list":["post-96308","page","type-page","status-publish","hentry"],"acf":[],"yoast_head":"<!-- This site is optimized with the Yoast SEO plugin v27.2 - https:\/\/yoast.com\/product\/yoast-seo-wordpress\/ -->\n<title>Exhibitors - \u00c1ll\u00e1sb\u00f6rze<\/title>\n<meta name=\"robots\" content=\"index, follow, max-snippet:-1, max-image-preview:large, max-video-preview:-1\" \/>\n<link rel=\"canonical\" href=\"https:\/\/univet.hu\/allasborze\/allasborze-2024\/kiallitok\/\" \/>\n<meta property=\"og:locale\" content=\"en_US\" \/>\n<meta property=\"og:type\" content=\"article\" \/>\n<meta property=\"og:title\" content=\"Exhibitors - \u00c1ll\u00e1sb\u00f6rze\" \/>\n<meta property=\"og:description\" content=\"Please find below the list of registered exhibitors as of 2023 December.\u00a0This information is updated regularly and therefore subject to change. International Exhibitors AniCura Sweden https:\/\/www.anicuragroup.com\/ Eville&amp;Jones United Kingdom https:\/\/eandj.co.uk\/ Kiernan Milling Ireland https:\/\/kiernanmilling.ie\/ Lloyd&amp;Cowan United Kingdom https:\/\/www.lloydandcowan.com\/ SEVETYS France https:\/\/sevetys.fr\/ Tier\u00e4rzte Team Tiefenbach GmbH Germany \u00a0https:\/\/www.tierarzt-crailsheim.de\/ Vetjobs 24 Germany www.vetjobs24.com Hungarian Exhibitors Alpha-Vet Hungary\" \/>\n<meta property=\"og:url\" content=\"https:\/\/univet.hu\/allasborze\/allasborze-2024\/kiallitok\/\" \/>\n<meta property=\"og:site_name\" content=\"\u00c1ll\u00e1sb\u00f6rze\" \/>\n<meta property=\"article:modified_time\" content=\"2025-01-10T12:55:12+00:00\" \/>\n<meta name=\"twitter:card\" content=\"summary_large_image\" \/>\n<meta name=\"twitter:label1\" content=\"Est. reading time\" \/>\n\t<meta name=\"twitter:data1\" content=\"1 minute\" \/>\n<script type=\"application\/ld+json\" class=\"yoast-schema-graph\">{\"@context\":\"https:\/\/schema.org\",\"@graph\":[{\"@type\":\"WebPage\",\"@id\":\"https:\/\/univet.hu\/allasborze\/allasborze-2024\/kiallitok\/\",\"url\":\"https:\/\/univet.hu\/allasborze\/allasborze-2024\/kiallitok\/\",\"name\":\"Exhibitors - \u00c1ll\u00e1sb\u00f6rze\",\"isPartOf\":{\"@id\":\"https:\/\/univet.hu\/allasborze\/#website\"},\"datePublished\":\"2023-10-24T12:25:37+00:00\",\"dateModified\":\"2025-01-10T12:55:12+00:00\",\"breadcrumb\":{\"@id\":\"https:\/\/univet.hu\/allasborze\/allasborze-2024\/kiallitok\/#breadcrumb\"},\"inLanguage\":\"en-US\",\"potentialAction\":[{\"@type\":\"ReadAction\",\"target\":[\"https:\/\/univet.hu\/allasborze\/allasborze-2024\/kiallitok\/\"]}]},{\"@type\":\"BreadcrumbList\",\"@id\":\"https:\/\/univet.hu\/allasborze\/allasborze-2024\/kiallitok\/#breadcrumb\",\"itemListElement\":[{\"@type\":\"ListItem\",\"position\":1,\"name\":\"Kezd\u0151lap\",\"item\":\"https:\/\/univet.hu\/allasborze\/en\/\"},{\"@type\":\"ListItem\",\"position\":2,\"name\":\"Job Fair 2024\",\"item\":\"https:\/\/univet.hu\/allasborze\/en\/job-fair-2024\/\"},{\"@type\":\"ListItem\",\"position\":3,\"name\":\"Exhibitors\"}]},{\"@type\":\"WebSite\",\"@id\":\"https:\/\/univet.hu\/allasborze\/#website\",\"url\":\"https:\/\/univet.hu\/allasborze\/\",\"name\":\"\u00c1ll\u00e1sb\u00f6rze\",\"description\":\"\",\"potentialAction\":[{\"@type\":\"SearchAction\",\"target\":{\"@type\":\"EntryPoint\",\"urlTemplate\":\"https:\/\/univet.hu\/allasborze\/?s={search_term_string}\"},\"query-input\":{\"@type\":\"PropertyValueSpecification\",\"valueRequired\":true,\"valueName\":\"search_term_string\"}}],\"inLanguage\":\"en-US\"}]}<\/script>\n<!-- \/ Yoast SEO plugin. -->","yoast_head_json":{"title":"Exhibitors - \u00c1ll\u00e1sb\u00f6rze","robots":{"index":"index","follow":"follow","max-snippet":"max-snippet:-1","max-image-preview":"max-image-preview:large","max-video-preview":"max-video-preview:-1"},"canonical":"https:\/\/univet.hu\/allasborze\/allasborze-2024\/kiallitok\/","og_locale":"en_US","og_type":"article","og_title":"Exhibitors - \u00c1ll\u00e1sb\u00f6rze","og_description":"Please find below the list of registered exhibitors as of 2023 December.\u00a0This information is updated regularly and therefore subject to change. International Exhibitors AniCura Sweden https:\/\/www.anicuragroup.com\/ Eville&amp;Jones United Kingdom https:\/\/eandj.co.uk\/ Kiernan Milling Ireland https:\/\/kiernanmilling.ie\/ Lloyd&amp;Cowan United Kingdom https:\/\/www.lloydandcowan.com\/ SEVETYS France https:\/\/sevetys.fr\/ Tier\u00e4rzte Team Tiefenbach GmbH Germany \u00a0https:\/\/www.tierarzt-crailsheim.de\/ Vetjobs 24 Germany www.vetjobs24.com Hungarian Exhibitors Alpha-Vet Hungary","og_url":"https:\/\/univet.hu\/allasborze\/allasborze-2024\/kiallitok\/","og_site_name":"\u00c1ll\u00e1sb\u00f6rze","article_modified_time":"2025-01-10T12:55:12+00:00","twitter_card":"summary_large_image","twitter_misc":{"Est. reading time":"1 minute"},"schema":{"@context":"https:\/\/schema.org","@graph":[{"@type":"WebPage","@id":"https:\/\/univet.hu\/allasborze\/allasborze-2024\/kiallitok\/","url":"https:\/\/univet.hu\/allasborze\/allasborze-2024\/kiallitok\/","name":"Exhibitors - \u00c1ll\u00e1sb\u00f6rze","isPartOf":{"@id":"https:\/\/univet.hu\/allasborze\/#website"},"datePublished":"2023-10-24T12:25:37+00:00","dateModified":"2025-01-10T12:55:12+00:00","breadcrumb":{"@id":"https:\/\/univet.hu\/allasborze\/allasborze-2024\/kiallitok\/#breadcrumb"},"inLanguage":"en-US","potentialAction":[{"@type":"ReadAction","target":["https:\/\/univet.hu\/allasborze\/allasborze-2024\/kiallitok\/"]}]},{"@type":"BreadcrumbList","@id":"https:\/\/univet.hu\/allasborze\/allasborze-2024\/kiallitok\/#breadcrumb","itemListElement":[{"@type":"ListItem","position":1,"name":"Kezd\u0151lap","item":"https:\/\/univet.hu\/allasborze\/en\/"},{"@type":"ListItem","position":2,"name":"Job Fair 2024","item":"https:\/\/univet.hu\/allasborze\/en\/job-fair-2024\/"},{"@type":"ListItem","position":3,"name":"Exhibitors"}]},{"@type":"WebSite","@id":"https:\/\/univet.hu\/allasborze\/#website","url":"https:\/\/univet.hu\/allasborze\/","name":"\u00c1ll\u00e1sb\u00f6rze","description":"","potentialAction":[{"@type":"SearchAction","target":{"@type":"EntryPoint","urlTemplate":"https:\/\/univet.hu\/allasborze\/?s={search_term_string}"},"query-input":{"@type":"PropertyValueSpecification","valueRequired":true,"valueName":"search_term_string"}}],"inLanguage":"en-US"}]}},"_links":{"self":[{"href":"https:\/\/univet.hu\/allasborze\/en\/wp-json\/wp\/v2\/pages\/96308","targetHints":{"allow":["GET"]}}],"collection":[{"href":"https:\/\/univet.hu\/allasborze\/en\/wp-json\/wp\/v2\/pages"}],"about":[{"href":"https:\/\/univet.hu\/allasborze\/en\/wp-json\/wp\/v2\/types\/page"}],"author":[{"embeddable":true,"href":"https:\/\/univet.hu\/allasborze\/en\/wp-json\/wp\/v2\/users\/2518"}],"replies":[{"embeddable":true,"href":"https:\/\/univet.hu\/allasborze\/en\/wp-json\/wp\/v2\/comments?post=96308"}],"version-history":[{"count":1,"href":"https:\/\/univet.hu\/allasborze\/en\/wp-json\/wp\/v2\/pages\/96308\/revisions"}],"predecessor-version":[{"id":172750,"href":"https:\/\/univet.hu\/allasborze\/en\/wp-json\/wp\/v2\/pages\/96308\/revisions\/172750"}],"up":[{"embeddable":true,"href":"https:\/\/univet.hu\/allasborze\/en\/wp-json\/wp\/v2\/pages\/96054"}],"wp:attachment":[{"href":"https:\/\/univet.hu\/allasborze\/en\/wp-json\/wp\/v2\/media?parent=96308"}],"wp:term":[{"taxonomy":"category","embeddable":true,"href":"https:\/\/univet.hu\/allasborze\/en\/wp-json\/wp\/v2\/categories?post=96308"},{"taxonomy":"post_tag","embeddable":true,"href":"https:\/\/univet.hu\/allasborze\/en\/wp-json\/wp\/v2\/tags?post=96308"}],"curies":[{"name":"wp","href":"https:\/\/api.w.org\/{rel}","templated":true}]}}