{"id":96312,"date":"2023-10-24T14:34:50","date_gmt":"2023-10-24T12:34:50","guid":{"rendered":"https:\/\/univet.hu\/?page_id=96312"},"modified":"2025-01-10T13:55:12","modified_gmt":"2025-01-10T12:55:12","slug":"for-exhibitors","status":"publish","type":"page","link":"https:\/\/univet.hu\/allasborze\/en\/job-fair-2024\/for-exhibitors\/","title":{"rendered":"For Exhibitors"},"content":{"rendered":"<p>We hope to welcome you among our exhibitors at the 7th UNIVET Job Fair 2024, held at the University of Veterinary Medicine Budapest on\u00a0<strong>the 8th of February 2024 from 10 AM till 4 PM.<\/strong><\/p> <p><span class=\"emphasis\">Great opportunity to meet with our students, and recent graduates and share your job offers!<\/span><\/p> <p>Our university is a global hub of learning, attracting students from all corners of the world. By participating in our event, you gain access to a diverse pool of candidates with international perspectives and experiences, ready to contribute to your organization.\u00a0Our Job Fair provides a platform to engage personally with potential candidates, enabling you to assess their skills and compatibility with your organization.\u00a0Use this opportunity to showcase your organization&#8217;s values, mission, and culture. A strong company culture is a significant factor in attracting top talent, and this event allows you to make a lasting impression on prospective employees.<\/p> <p><strong>Interested? Register!<\/strong><\/p> <p><span class=\"emphasis\">Registration for Exhibitors is closed.<\/span><\/p> <p>&nbsp;<\/p> <p><span class=\"emphasis\">Offer a job<\/span><\/p> <p>We are happy to publish your job offers for our graduating veterinary students on our website. Please fill out the form and send it back to <a class=\"decrypt\" rel=\"cvmfklb\/bmfyboesbAvojwfu\/iv\" href=\"javascript:void(0);\">[Click to see email]<\/a>. If you have any other creative material about the job offer, we are happy to publish it as well.<\/p> <p>&nbsp;<\/p> <p><a href=\"https:\/\/univet.hu\/allasborze\/wp-content\/uploads\/sites\/2\/2021\/11\/Job-offer-brief_UVMB2022.pdf\">Job offer brief_UVMB <\/a><\/p> <p>&nbsp;<\/p> <p><strong>Contact:<\/strong><br \/> University of Veterinary Medicine Budapest<br \/> Communications Department \u2013 Krisztina Scheuring<br \/> Address: 1078 Budapest, Istv\u00e1n u. 2.<br \/> E-mail: <a class=\"decrypt\" rel=\"tdifvsjoh\/lsjt{ujobAvojwfu\/iv\" href=\"javascript:void(0);\">[Click to see email]<\/a><br \/> Telefon: +36 1 478 4100 \/ 8362<\/p>","protected":false},"excerpt":{"rendered":"<p>We hope to welcome you among our exhibitors at the 7th UNIVET Job Fair 2024, held at the University of Veterinary Medicine Budapest on\u00a0the 8th of February 2024 from 10 AM till 4 PM. Great opportunity to meet with our students, and recent graduates and share your job offers! Our university is a global hub<\/p>\n","protected":false},"author":2518,"featured_media":0,"parent":96054,"menu_order":0,"comment_status":"open","ping_status":"open","template":"","meta":{"_acf_changed":false,"footnotes":""},"categories":[],"tags":[],"class_list":["post-96312","page","type-page","status-publish","hentry"],"acf":[],"yoast_head":"<!-- This site is optimized with the Yoast SEO plugin v27.2 - https:\/\/yoast.com\/product\/yoast-seo-wordpress\/ -->\n<title>For Exhibitors - \u00c1ll\u00e1sb\u00f6rze<\/title>\n<meta name=\"robots\" content=\"index, follow, max-snippet:-1, max-image-preview:large, max-video-preview:-1\" \/>\n<link rel=\"canonical\" href=\"https:\/\/univet.hu\/allasborze\/en\/job-fair-2024\/for-exhibitors\/\" \/>\n<meta property=\"og:locale\" content=\"en_US\" \/>\n<meta property=\"og:type\" content=\"article\" \/>\n<meta property=\"og:title\" content=\"For Exhibitors - \u00c1ll\u00e1sb\u00f6rze\" \/>\n<meta property=\"og:description\" content=\"We hope to welcome you among our exhibitors at the 7th UNIVET Job Fair 2024, held at the University of Veterinary Medicine Budapest on\u00a0the 8th of February 2024 from 10 AM till 4 PM. Great opportunity to meet with our students, and recent graduates and share your job offers! Our university is a global hub\" \/>\n<meta property=\"og:url\" content=\"https:\/\/univet.hu\/allasborze\/en\/job-fair-2024\/for-exhibitors\/\" \/>\n<meta property=\"og:site_name\" content=\"\u00c1ll\u00e1sb\u00f6rze\" \/>\n<meta property=\"article:modified_time\" content=\"2025-01-10T12:55:12+00:00\" \/>\n<meta name=\"twitter:card\" content=\"summary_large_image\" \/>\n<meta name=\"twitter:label1\" content=\"Est. reading time\" \/>\n\t<meta name=\"twitter:data1\" content=\"1 minute\" \/>\n<script type=\"application\/ld+json\" class=\"yoast-schema-graph\">{\"@context\":\"https:\/\/schema.org\",\"@graph\":[{\"@type\":\"WebPage\",\"@id\":\"https:\/\/univet.hu\/allasborze\/en\/job-fair-2024\/for-exhibitors\/\",\"url\":\"https:\/\/univet.hu\/allasborze\/en\/job-fair-2024\/for-exhibitors\/\",\"name\":\"For Exhibitors - \u00c1ll\u00e1sb\u00f6rze\",\"isPartOf\":{\"@id\":\"https:\/\/univet.hu\/allasborze\/#website\"},\"datePublished\":\"2023-10-24T12:34:50+00:00\",\"dateModified\":\"2025-01-10T12:55:12+00:00\",\"breadcrumb\":{\"@id\":\"https:\/\/univet.hu\/allasborze\/en\/job-fair-2024\/for-exhibitors\/#breadcrumb\"},\"inLanguage\":\"en-US\",\"potentialAction\":[{\"@type\":\"ReadAction\",\"target\":[\"https:\/\/univet.hu\/allasborze\/en\/job-fair-2024\/for-exhibitors\/\"]}]},{\"@type\":\"BreadcrumbList\",\"@id\":\"https:\/\/univet.hu\/allasborze\/en\/job-fair-2024\/for-exhibitors\/#breadcrumb\",\"itemListElement\":[{\"@type\":\"ListItem\",\"position\":1,\"name\":\"Kezd\u0151lap\",\"item\":\"https:\/\/univet.hu\/allasborze\/en\/\"},{\"@type\":\"ListItem\",\"position\":2,\"name\":\"Job Fair 2024\",\"item\":\"https:\/\/univet.hu\/allasborze\/en\/job-fair-2024\/\"},{\"@type\":\"ListItem\",\"position\":3,\"name\":\"For Exhibitors\"}]},{\"@type\":\"WebSite\",\"@id\":\"https:\/\/univet.hu\/allasborze\/#website\",\"url\":\"https:\/\/univet.hu\/allasborze\/\",\"name\":\"\u00c1ll\u00e1sb\u00f6rze\",\"description\":\"\",\"potentialAction\":[{\"@type\":\"SearchAction\",\"target\":{\"@type\":\"EntryPoint\",\"urlTemplate\":\"https:\/\/univet.hu\/allasborze\/?s={search_term_string}\"},\"query-input\":{\"@type\":\"PropertyValueSpecification\",\"valueRequired\":true,\"valueName\":\"search_term_string\"}}],\"inLanguage\":\"en-US\"}]}<\/script>\n<!-- \/ Yoast SEO plugin. -->","yoast_head_json":{"title":"For Exhibitors - \u00c1ll\u00e1sb\u00f6rze","robots":{"index":"index","follow":"follow","max-snippet":"max-snippet:-1","max-image-preview":"max-image-preview:large","max-video-preview":"max-video-preview:-1"},"canonical":"https:\/\/univet.hu\/allasborze\/en\/job-fair-2024\/for-exhibitors\/","og_locale":"en_US","og_type":"article","og_title":"For Exhibitors - \u00c1ll\u00e1sb\u00f6rze","og_description":"We hope to welcome you among our exhibitors at the 7th UNIVET Job Fair 2024, held at the University of Veterinary Medicine Budapest on\u00a0the 8th of February 2024 from 10 AM till 4 PM. Great opportunity to meet with our students, and recent graduates and share your job offers! Our university is a global hub","og_url":"https:\/\/univet.hu\/allasborze\/en\/job-fair-2024\/for-exhibitors\/","og_site_name":"\u00c1ll\u00e1sb\u00f6rze","article_modified_time":"2025-01-10T12:55:12+00:00","twitter_card":"summary_large_image","twitter_misc":{"Est. reading time":"1 minute"},"schema":{"@context":"https:\/\/schema.org","@graph":[{"@type":"WebPage","@id":"https:\/\/univet.hu\/allasborze\/en\/job-fair-2024\/for-exhibitors\/","url":"https:\/\/univet.hu\/allasborze\/en\/job-fair-2024\/for-exhibitors\/","name":"For Exhibitors - \u00c1ll\u00e1sb\u00f6rze","isPartOf":{"@id":"https:\/\/univet.hu\/allasborze\/#website"},"datePublished":"2023-10-24T12:34:50+00:00","dateModified":"2025-01-10T12:55:12+00:00","breadcrumb":{"@id":"https:\/\/univet.hu\/allasborze\/en\/job-fair-2024\/for-exhibitors\/#breadcrumb"},"inLanguage":"en-US","potentialAction":[{"@type":"ReadAction","target":["https:\/\/univet.hu\/allasborze\/en\/job-fair-2024\/for-exhibitors\/"]}]},{"@type":"BreadcrumbList","@id":"https:\/\/univet.hu\/allasborze\/en\/job-fair-2024\/for-exhibitors\/#breadcrumb","itemListElement":[{"@type":"ListItem","position":1,"name":"Kezd\u0151lap","item":"https:\/\/univet.hu\/allasborze\/en\/"},{"@type":"ListItem","position":2,"name":"Job Fair 2024","item":"https:\/\/univet.hu\/allasborze\/en\/job-fair-2024\/"},{"@type":"ListItem","position":3,"name":"For Exhibitors"}]},{"@type":"WebSite","@id":"https:\/\/univet.hu\/allasborze\/#website","url":"https:\/\/univet.hu\/allasborze\/","name":"\u00c1ll\u00e1sb\u00f6rze","description":"","potentialAction":[{"@type":"SearchAction","target":{"@type":"EntryPoint","urlTemplate":"https:\/\/univet.hu\/allasborze\/?s={search_term_string}"},"query-input":{"@type":"PropertyValueSpecification","valueRequired":true,"valueName":"search_term_string"}}],"inLanguage":"en-US"}]}},"_links":{"self":[{"href":"https:\/\/univet.hu\/allasborze\/en\/wp-json\/wp\/v2\/pages\/96312","targetHints":{"allow":["GET"]}}],"collection":[{"href":"https:\/\/univet.hu\/allasborze\/en\/wp-json\/wp\/v2\/pages"}],"about":[{"href":"https:\/\/univet.hu\/allasborze\/en\/wp-json\/wp\/v2\/types\/page"}],"author":[{"embeddable":true,"href":"https:\/\/univet.hu\/allasborze\/en\/wp-json\/wp\/v2\/users\/2518"}],"replies":[{"embeddable":true,"href":"https:\/\/univet.hu\/allasborze\/en\/wp-json\/wp\/v2\/comments?post=96312"}],"version-history":[{"count":1,"href":"https:\/\/univet.hu\/allasborze\/en\/wp-json\/wp\/v2\/pages\/96312\/revisions"}],"predecessor-version":[{"id":172751,"href":"https:\/\/univet.hu\/allasborze\/en\/wp-json\/wp\/v2\/pages\/96312\/revisions\/172751"}],"up":[{"embeddable":true,"href":"https:\/\/univet.hu\/allasborze\/en\/wp-json\/wp\/v2\/pages\/96054"}],"wp:attachment":[{"href":"https:\/\/univet.hu\/allasborze\/en\/wp-json\/wp\/v2\/media?parent=96312"}],"wp:term":[{"taxonomy":"category","embeddable":true,"href":"https:\/\/univet.hu\/allasborze\/en\/wp-json\/wp\/v2\/categories?post=96312"},{"taxonomy":"post_tag","embeddable":true,"href":"https:\/\/univet.hu\/allasborze\/en\/wp-json\/wp\/v2\/tags?post=96312"}],"curies":[{"name":"wp","href":"https:\/\/api.w.org\/{rel}","templated":true}]}}