{"id":104361,"date":"2024-10-09T11:24:28","date_gmt":"2024-10-09T09:24:28","guid":{"rendered":"https:\/\/univet.hu\/?page_id=104361"},"modified":"2026-02-26T15:01:34","modified_gmt":"2026-02-26T14:01:34","slug":"allasborze-2025","status":"publish","type":"page","link":"https:\/\/univet.hu\/allasborze\/","title":{"rendered":"\u00c1ll\u00e1sb\u00f6rze 2026"},"content":{"rendered":"<p>K\u00f6sz\u00f6nj\u00fck, hogy r\u00e9szt vett az \u00c1llatorvostudom\u00e1nyi Egyetem\u00a0IX.\u00a0\u00c1ll\u00e1sb\u00f6rz\u00e9j\u00e9n! A rendezv\u00e9nyr\u0151l k\u00e9sz\u00fclt fot\u00f3kat itt tal\u00e1lja:<\/p> <p>\u200b<a href=\"https:\/\/allatorvosiegyetem.sharepoint.com\/:f:\/s\/kommunikacio\/IgCTaSzr1g93TYyhpxyMChhYAYs7XhW9wbs8KsFxeufTHJA?e=lzfkZ8\">\u00c1ll\u00e1sb\u00f6rze 2026<\/a><\/p> <p>\u200b\u200b<\/p> <p><strong>Tal\u00e1lkozzunk 2027-ben is!<\/strong><\/p> <p>&nbsp;<\/p> <hr \/> <p>Rem\u00e9lj\u00fck, hogy hamarosan \u00d6nt is r\u00e9sztvev\u0151ink k\u00f6z\u00f6tt k\u00f6sz\u00f6nthetj\u00fck az \u00c1llatorvostudom\u00e1nyi Egyetem \u00e9vente megrendez\u00e9sre ker\u00fcl\u0151 \u00c1ll\u00e1sb\u00f6rz\u00e9j\u00e9n!<\/p> <p><strong>D\u00e1tum: 2026. febru\u00e1r 12. (cs\u00fct\u00f6rt\u00f6k) 10:00-t\u00f3l 16:00-ig.<\/strong><\/p> <p><strong>Helysz\u00edn:<\/strong> \u00c1llatorvostudom\u00e1nyi Egyetem &#8211; Aula (1078-Bp, Istv\u00e1n utca 2.)<\/p> <p><span class=\"emphasis\">A Ki\u00e1ll\u00edt\u00f3k regisztr\u00e1ci\u00f3ja lez\u00e1rult!<\/span><\/p> <p><strong>Fontos inform\u00e1ci\u00f3k:<\/strong>\u00a0az \u00e1ll\u00e1sb\u00f6rz\u00e9n val\u00f3 ki\u00e1ll\u00edt\u00f3i r\u00e9szv\u00e9tel d\u00edjmentes. A rendezv\u00e9ny hivatalos nyelve: magyar \u00e9s angol.<\/p> <p>&nbsp;<\/p> <h5 style=\"text-align: center\"><strong>Vil\u00e1gra nyit\u00f3 \u00e1llatorvosi karrier &#8211; f\u00f3kuszban a Pann\u00f3nia \u00d6szt\u00f6nd\u00edjprogram<\/strong><\/h5> <p><a href=\"https:\/\/univet.hu\/allasborze\/wp-content\/uploads\/sites\/2\/2026\/01\/pannonia_program_logozottkep1_hu.jpg\"><img loading=\"lazy\" decoding=\"async\" class=\"aligncenter wp-image-173397 size-full\" src=\"https:\/\/univet.hu\/allasborze\/wp-content\/uploads\/sites\/2\/2026\/01\/pannonia_program_logozottkep1_hu.jpg\" alt=\"\" width=\"760\" height=\"280\" srcset=\"https:\/\/univet.hu\/allasborze\/wp-content\/uploads\/sites\/2\/2026\/01\/pannonia_program_logozottkep1_hu.jpg 760w, https:\/\/univet.hu\/allasborze\/wp-content\/uploads\/sites\/2\/2026\/01\/pannonia_program_logozottkep1_hu-320x118.jpg 320w\" sizes=\"auto, (max-width: 760px) 100vw, 760px\" \/><\/a><\/p> <div class=\"flex flex-col text-sm pb-25\"> <article class=\"text-token-text-primary w-full focus:outline-none [--shadow-height:45px] has-data-writing-block:pointer-events-none has-data-writing-block:-mt-(--shadow-height) has-data-writing-block:pt-(--shadow-height) [&amp;:has([data-writing-block])&gt;*]:pointer-events-auto scroll-mt-[calc(var(--header-height)+min(200px,max(70px,20svh)))]\" dir=\"auto\" data-turn-id=\"35b0d838-6ae8-4ff2-b33e-c7e6d0a5fb42\" data-testid=\"conversation-turn-54\" data-scroll-anchor=\"true\" data-turn=\"assistant\"> <div class=\"text-base my-auto mx-auto pb-10 [--thread-content-margin:--spacing(4)] @w-sm\/main:[--thread-content-margin:--spacing(6)] @w-lg\/main:[--thread-content-margin:--spacing(16)] px-(--thread-content-margin)\"> <div class=\"[--thread-content-max-width:40rem] @w-lg\/main:[--thread-content-max-width:48rem] mx-auto max-w-(--thread-content-max-width) flex-1 group\/turn-messages focus-visible:outline-hidden relative flex w-full min-w-0 flex-col agent-turn\"> <div class=\"flex max-w-full flex-col grow\"> <div class=\"min-h-8 text-message relative flex w-full flex-col items-end gap-2 text-start break-words whitespace-normal [.text-message+&amp;]:mt-1\" dir=\"auto\" data-message-author-role=\"assistant\" data-message-id=\"981ec483-0d29-4a10-b65f-5dc5c99fa4b0\" data-message-model-slug=\"gpt-5-2\"> <div class=\"flex w-full flex-col gap-1 empty:hidden first:pt-[1px]\"> <div class=\"markdown prose dark:prose-invert w-full wrap-break-word light markdown-new-styling\"> <p data-start=\"279\" data-end=\"604\">Az \u00c1llatorvostudom\u00e1nyi Egyetem \u00c1ll\u00e1sb\u00f6rz\u00e9j\u00e9nek <strong data-start=\"326\" data-end=\"411\">magyar nyelv\u0171 szakmai programja id\u00e9n a Pann\u00f3nia \u00d6szt\u00f6nd\u00edjprogram k\u00f6r\u00e9 szervez\u0151dik<\/strong>, amely kiemelked\u0151 sikerrel m\u0171k\u00f6dik Egyetem\u00fcnk\u00f6n. A program val\u00f3di nemzetk\u00f6zi lehet\u0151s\u00e9geket nyit meg hallgat\u00f3ink el\u0151tt &#8211; tanulm\u00e1nyi, szakmai \u00e9s kutat\u00e1si ter\u00fcleten egyar\u00e1nt.<\/p> <p data-start=\"606\" data-end=\"932\">A nap folyam\u00e1n olyan el\u0151ad\u00f3kkal tal\u00e1lkozhatsz, akik <strong data-start=\"659\" data-end=\"719\">nem elm\u00e9letben, hanem a saj\u00e1t tapasztalataikon kereszt\u00fcl<\/strong> mutatj\u00e1k meg, mit jelent k\u00fclf\u00f6ld\u00f6n tanulni, gyakorlatot v\u00e9gezni vagy szakmai kapcsolatokat \u00e9p\u00edteni a Pann\u00f3nia \u00d6szt\u00f6nd\u00edj seg\u00edts\u00e9g\u00e9vel. Eur\u00f3p\u00e1t\u00f3l Amerik\u00e1ig, Ausztr\u00e1li\u00e1t\u00f3l K\u00edn\u00e1ig &#8211; val\u00f3s utak, val\u00f3s tanuls\u00e1gok.<\/p> <p data-start=\"1150\" data-end=\"1162\"><strong data-start=\"1150\" data-end=\"1162\">Program:<\/strong><\/p> <ul data-start=\"1163\" data-end=\"1690\"> <li data-start=\"1163\" data-end=\"1263\"> <p data-start=\"1165\" data-end=\"1263\"><strong data-start=\"1165\" data-end=\"1188\">11:30 \u2013 Fodor Emese<\/strong> &#8211; Pann\u00f3nia program int\u00e9zm\u00e9nyi koordin\u00e1tora<br data-start=\"1188\" data-end=\"1191\" \/><em data-start=\"1193\" data-end=\"1263\">\u00c1llatorvosi karrier nemzetk\u00f6zi alapokon \u2013 Pann\u00f3nia \u00d6szt\u00f6nd\u00edjprogram<\/em><\/p> <\/li> <li data-start=\"1264\" data-end=\"1354\"> <p data-start=\"1266\" data-end=\"1354\"><strong data-start=\"1266\" data-end=\"1290\">12:00 \u2013 Kurucz Gerg\u0151 <\/strong>&#8211; v\u00e9gz\u0151s hallgat\u00f3<br data-start=\"1290\" data-end=\"1293\" \/><em data-start=\"1295\" data-end=\"1354\">Ausztr\u00e1lia, \u00cdrorsz\u00e1g, Belgium \u2013 Pann\u00f3ni\u00e1val a vil\u00e1g k\u00f6r\u00fcl<\/em><\/p> <\/li> <li data-start=\"1355\" data-end=\"1480\"> <p data-start=\"1357\" data-end=\"1480\"><strong data-start=\"1357\" data-end=\"1380\">12:30 \u2013 Ol\u00e1h Em\u00edlia<\/strong> &#8211; v\u00e9gz\u0151s hallgat\u00f3<br data-start=\"1380\" data-end=\"1383\" \/><em data-start=\"1385\" data-end=\"1480\">11. f\u00e9l\u00e9v N\u00e9metorsz\u00e1gt\u00f3l Amerik\u00e1ig \u2013 mit tanultam k\u00e9t teljesen k\u00fcl\u00f6nb\u00f6z\u0151 szakmai gyakorlaton?<\/em><\/p> <\/li> <li data-start=\"1481\" data-end=\"1592\"> <p data-start=\"1483\" data-end=\"1592\"><strong data-start=\"1483\" data-end=\"1506\">13:00 \u2013 Farkas M\u00e1t\u00e9 <\/strong>&#8211; PhD hallgat\u00f3, \u00c9lelmiszerhigi\u00e9nia Tansz\u00e9k<br data-start=\"1506\" data-end=\"1509\" \/><em data-start=\"1511\" data-end=\"1592\">\u00dat az \u00c1llatorvostudom\u00e1nyi Egyetemr\u0151l Amerik\u00e1ba \u2013 egy PhD hallgat\u00f3 tapasztalatai<\/em><\/p> <\/li> <li data-start=\"1593\" data-end=\"1690\"> <p data-start=\"1595\" data-end=\"1690\"><strong data-start=\"1595\" data-end=\"1618\">13:30 \u2013 Sz\u0171ts Tam\u00e1s &#8211;\u00a0<\/strong>Zool\u00f3giai Tansz\u00e9k f\u0151munkat\u00e1rsa<br data-start=\"1618\" data-end=\"1621\" \/><em data-start=\"1623\" data-end=\"1690\">Egy Magyarorsz\u00e1gnyi v\u00e1ros \u2013 tapasztalatok a k\u00ednai Hebei Egyetemen<\/em><\/p> <\/li> <\/ul> <p data-start=\"1692\" data-end=\"1888\">Ha \u00e9rdekel, <strong data-start=\"1704\" data-end=\"1778\">hogyan \u00e9p\u00edthetsz nemzetk\u00f6zi tapasztalatokra \u00e9p\u00fcl\u0151 \u00e1llatorvosi karriert<\/strong>, milyen orsz\u00e1gokba \u00e9s int\u00e9zm\u00e9nyekbe juthatsz el \u00e9s mire sz\u00e1m\u00edthatsz a gyakorlatban, ez a program neked sz\u00f3l.<\/p> <p data-start=\"1692\" data-end=\"1888\">A Pann\u00f3nia \u00d6szt\u00f6nd\u00edjprogramr\u00f3l tov\u00e1bbi r\u00e9szletes inform\u00e1ci\u00f3k itt \u00e9rhet\u0151k el:<br data-start=\"1969\" data-end=\"1972\" \/><a class=\"decorated-link\" href=\"https:\/\/pannoniaosztondij.hu\/\" target=\"_new\" rel=\"noopener\" data-start=\"1975\" data-end=\"2004\">https:\/\/pannoniaosztondij.hu\/<\/a><\/p> <p data-start=\"2006\" data-end=\"2090\" data-is-last-node=\"\" data-is-only-node=\"\"><strong data-start=\"2006\" data-end=\"2090\" data-is-last-node=\"\">Gyere el, k\u00e9rdezz, inspir\u00e1l\u00f3dj &#8211; \u00e9s gondolkodj nagyobban, mint a t\u00e9rk\u00e9p hat\u00e1rai.<\/strong><\/p> <\/div> <\/div> <\/div> <\/div> <div class=\"z-0 flex min-h-[46px] justify-start\"><a href=\"https:\/\/univet.hu\/allasborze\/wp-content\/uploads\/sites\/2\/2026\/02\/Allasborze-program-A4-260130-ok-1.png\"><img loading=\"lazy\" decoding=\"async\" class=\"aligncenter size-large wp-image-173421\" src=\"https:\/\/univet.hu\/allasborze\/wp-content\/uploads\/sites\/2\/2026\/02\/Allasborze-program-A4-260130-ok-1-724x1024.png\" alt=\"\" width=\"724\" height=\"1024\" srcset=\"https:\/\/univet.hu\/allasborze\/wp-content\/uploads\/sites\/2\/2026\/02\/Allasborze-program-A4-260130-ok-1-724x1024.png 724w, https:\/\/univet.hu\/allasborze\/wp-content\/uploads\/sites\/2\/2026\/02\/Allasborze-program-A4-260130-ok-1-226x320.png 226w, https:\/\/univet.hu\/allasborze\/wp-content\/uploads\/sites\/2\/2026\/02\/Allasborze-program-A4-260130-ok-1-768x1086.png 768w, https:\/\/univet.hu\/allasborze\/wp-content\/uploads\/sites\/2\/2026\/02\/Allasborze-program-A4-260130-ok-1-1086x1536.png 1086w, https:\/\/univet.hu\/allasborze\/wp-content\/uploads\/sites\/2\/2026\/02\/Allasborze-program-A4-260130-ok-1-1448x2048.png 1448w, https:\/\/univet.hu\/allasborze\/wp-content\/uploads\/sites\/2\/2026\/02\/Allasborze-program-A4-260130-ok-1.png 1654w\" sizes=\"auto, (max-width: 724px) 100vw, 724px\" \/><\/a><\/div> <\/div> <\/div> <\/article> <\/div> <h5 style=\"text-align: left\">2026 \u00e9v ki\u00e1ll\u00edt\u00f3i:<\/h5> <table style=\"width: 69.5392%\" width=\"683\"> <tbody> <tr> <td style=\"width: 54.9904%\" width=\"289\">Elanco Hungary Kft.<\/td> <td style=\"width: 43.9921%\" width=\"394\"><a href=\"https:\/\/kedvencemesen.elanco.com\/hu\">www.kedvencemesen.elanco.com\/hu<\/a><\/td> <\/tr> <tr> <td style=\"width: 54.9904%\">Pannon L\u00f3gy\u00f3gy\u00e1szati \u00e9s Rehabilit\u00e1ci\u00f3s Kft.<\/td> <td style=\"width: 43.9921%\"><a href=\"https:\/\/pannonlogyogyasz.hu\/\">plsz.hu<\/a><\/td> <\/tr> <tr> <td style=\"width: 54.9904%\">Dr. Fekete \u00c1goston \u00c1llatorvosi Rendel\u0151 \u00e9s \u00c1llatgy\u00f3gyszert\u00e1r<\/td> <td style=\"width: 43.9921%\"><a href=\"https:\/\/www.drfeketeagoston.hu\/\">https:\/\/www.drfeketeagoston.hu\/<\/a><\/td> <\/tr> <tr> <td style=\"width: 54.9904%\">\u00c9szak-magyarorsz\u00e1gi L\u00f3gy\u00f3gy\u00e1szati Kft.<\/td> <td style=\"width: 43.9921%\"><a href=\"https:\/\/www.facebook.com\/loambulancia\/\">https:\/\/www.facebook.com\/loambulancia\/<\/a><\/td> <\/tr> <tr> <td style=\"width: 54.9904%\">\u00c1llatorvostudom\u00e1nyi Egyetem Doktori Iskola<\/td> <td style=\"width: 43.9921%\"><a href=\"https:\/\/univet.hu\/hu\/oktatas\/doktori-iskola\/\">https:\/\/univet.hu\/hu\/oktatas\/doktori-iskola\/<\/a><\/td> <\/tr> <tr> <td style=\"width: 54.9904%\">IVC Evidensia<\/td> <td style=\"width: 43.9921%\"><a href=\"https:\/\/ivcevidensia.de\/\">https:\/\/ivcevidensia.de\/<\/a><\/td> <\/tr> <tr> <td style=\"width: 54.9904%\">Tierarzt Plus Partner<\/td> <td style=\"width: 43.9921%\"><a href=\"https:\/\/www.tierarztpluspartner.de\/\">https:\/\/www.tierarztpluspartner.de\/<\/a><\/td> <\/tr> <tr> <td style=\"width: 54.9904%\">Hajd\u00fa-Bihar V\u00e1rmegyei Korm\u00e1nyhivatal<\/td> <td style=\"width: 43.9921%\"><a href=\"https:\/\/kormanyhivatalok.hu\/kormanyhivatalok\/hajdu-bihar\">https:\/\/kormanyhivatalok.hu\/kormanyhivatalok\/hajdu-bihar<\/a><\/td> <\/tr> <tr> <td style=\"width: 54.9904%\">Gallicoop Zrt.<\/td> <td style=\"width: 43.9921%\"><a href=\"https:\/\/www.gallicoop.hu\/\">www.gallicoop.hu<\/a><\/td> <\/tr> <tr> <td style=\"width: 54.9904%\">Talentis Agro<\/td> <td style=\"width: 43.9921%\"><a href=\"https:\/\/talentisagro.hu\/\">https:\/\/talentisagro.hu\/<\/a><\/td> <\/tr> <tr> <td style=\"width: 54.9904%\">Tranzit-Ker Zrt.<\/td> <td style=\"width: 43.9921%\"><a href=\"https:\/\/tranzitker.hu\/\">www.tranzitker.hu<\/a><\/td> <\/tr> <tr> <td style=\"width: 54.9904%\">Bonafarm Csoport<\/td> <td style=\"width: 43.9921%\"><a href=\"https:\/\/bonafarmcsoport.hu\/\">https:\/\/bonafarmcsoport.hu\/<\/a><\/td> <\/tr> <tr> <td style=\"width: 54.9904%\">Borsod-Aba\u00faj-Zempl\u00e9n V\u00e1rmegyei Korm\u00e1nyhivatal<\/td> <td style=\"width: 43.9921%\"><a href=\"https:\/\/kormanyhivatalok.hu\/\">www.kormanyhivatal.hu<\/a><\/td> <\/tr> <tr> <td style=\"width: 54.9904%\">Mad\u00e1rk\u00f3rh\u00e1z Alap\u00edtv\u00e1ny<\/td> <td style=\"width: 43.9921%\"><a href=\"http:\/\/www.madarkorhaz.hu\/\">http:\/\/www.madarkorhaz.hu\/<\/a><\/td> <\/tr> <tr> <td style=\"width: 54.9904%\">dr.Bir\u00f3 P\u00e9ter G\u00e1bor<\/td> <td style=\"width: 43.9921%\"><a href=\"http:\/\/www.monoriallatorvos.hu\">www.monoriallatorvos.hu<\/a><\/td> <\/tr> <tr> <td style=\"width: 54.9904%\">Biochem Hungaria Animal Health and Nutrition Kft.<\/td> <td style=\"width: 43.9921%\"><a href=\"https:\/\/www.biochem.net\/en\">www.biochem.net<\/a><\/td> <\/tr> <tr> <td style=\"width: 54.9904%\">N\u00e9pkerti \u00c1llatorvosi Rendel\u0151 Kft.<\/td> <td style=\"width: 43.9921%\"><a href=\"https:\/\/www.nepkertiallatklinika.hu\/\">https:\/\/www.nepkertiallatklinika.hu\/<\/a><\/td> <\/tr> <tr> <td style=\"width: 54.9904%\">Prophyl Kft.<\/td> <td style=\"width: 43.9921%\"><a href=\"https:\/\/prophyl.hu\/\">https:\/\/prophyl.hu\/<\/a><\/td> <\/tr> <tr> <td style=\"width: 54.9904%\">NATUAL Magyarorsz\u00e1gi K\u00e9pviselete<\/td> <td style=\"width: 43.9921%\"><a href=\"https:\/\/www.natual.hu\/natual_hu_fooldal.html\">https:\/\/www.natual.hu\/natual_hu_fooldal.html<\/a><\/td> <\/tr> <tr> <td style=\"width: 54.9904%\">Dunavet-B Zrt.<\/td> <td style=\"width: 43.9921%\"><a href=\"https:\/\/www.dunavet.hu\/\">www.dunavet.hu<\/a><\/td> <\/tr> <tr> <td style=\"width: 54.9904%\">Budat\u00e9t\u00e9nyi \u00c1llatk\u00f3rh\u00e1z<\/td> <td style=\"width: 43.9921%\"><a href=\"https:\/\/budatetenyiallatkorhaz.hu\/\">www.budatetenyiallatkorhaz.hu<\/a><\/td> <\/tr> <tr> <td style=\"width: 54.9904%\">Ny\u00edregyh\u00e1zi \u00c1llatk\u00f3rh\u00e1z Kft.<\/td> <td style=\"width: 43.9921%\"><a href=\"https:\/\/allatkorhaznyiregyhaza.hu\/\">allatkorhaznyiregyhaza.hu<\/a><\/td> <\/tr> <tr> <td style=\"width: 54.9904%\">Tolnagro Csoport<\/td> <td style=\"width: 43.9921%\"><a href=\"https:\/\/tolnagro.com\/\">www.tolnagro.hu<\/a><\/td> <\/tr> <tr> <td style=\"width: 54.9904%\">Gy\u0151r-Moson-Sopron V\u00e1rmegyei Korm\u00e1nyhivatal<\/td> <td style=\"width: 43.9921%\"><a href=\"https:\/\/kormanyhivatalok.hu\/kormanyhivatalok\/gyor-moson-sopron\">https:\/\/kormanyhivatalok.hu\/kormanyhivatalok\/gyor-moson-sopron<\/a><\/td> <\/tr> <tr> <td style=\"width: 54.9904%\">Alpha-Vet Zrt.<\/td> <td style=\"width: 43.9921%\"><a href=\"https:\/\/www.alphavet.hu\/\">https:\/\/www.alphavet.hu\/<\/a><\/td> <\/tr> <tr> <td style=\"width: 54.9904%\">Master Good c\u00e9gcsoport<\/td> <td style=\"width: 43.9921%\"><a href=\"https:\/\/mastergood.hu\/\">https:\/\/mastergood.hu\/<\/a><\/td> <\/tr> <tr> <td style=\"width: 54.9904%\">Nemzeti \u00c9lelmiszerl\u00e1nc-biztons\u00e1gi Hivatal<\/td> <td style=\"width: 43.9921%\"><a href=\"https:\/\/portal.nebih.gov.hu\/\">portal.nebih.gov.hu<\/a><\/td> <\/tr> <tr> <td style=\"width: 54.9904%\">Vez\u00e9r \u00c1llateg\u00e9szs\u00e9g\u00fcgyi Centrum Kft.<\/td> <td style=\"width: 43.9921%\"><a href=\"https:\/\/allatdoki.hu\/\">https:\/\/allatdoki.hu<\/a><\/td> <\/tr> <tr> <td style=\"width: 54.9904%\">J\u00f3zsaVet Kft.<\/td> <td style=\"width: 43.9921%\"><a href=\"https:\/\/jozsavet.hu\/\">https:\/\/jozsavet.hu\/<\/a><\/td> <\/tr> <tr> <td style=\"width: 54.9904%\">Dunakeszi \u00c1llatk\u00f3rh\u00e1z<\/td> <td style=\"width: 43.9921%\"><a href=\"http:\/\/dunakeszialltorvos.hu\/\">dunakeszialltorvos.hu<\/a>\u00a0 <a href=\"https:\/\/www.veresvet.hu\/\">veresvet.hu<\/a><\/td> <\/tr> <tr> <td style=\"width: 54.9904%\">Kharisz-Vet Kft.<\/td> <td style=\"width: 43.9921%\"><a href=\"https:\/\/www.facebook.com\/khariszvet?locale=hu_HU\">https:\/\/www.facebook.com\/khariszvet<\/a><\/td> <\/tr> <tr> <td style=\"width: 54.9904%\">Neogradvet Kft.<\/td> <td style=\"width: 43.9921%\"><a href=\"http:\/\/www.neogradvet.com\/\">www.neogradvet.com<\/a><\/td> <\/tr> <tr> <td style=\"width: 54.9904%\">EQuina-vet Klinika &#8211; Kincsem \u00c1llateg\u00e9szs\u00e9g\u00fcgyi K\u00f6zpont<\/td> <td style=\"width: 43.9921%\"><a href=\"https:\/\/kincsemallatkorhaz.hu\/\">kincsemallatkorhaz.hu<\/a><\/td> <\/tr> <tr> <td style=\"width: 54.9904%\">Pataki \u00c1llatorvos Kft.<\/td> <td style=\"width: 43.9921%\"><a href=\"https:\/\/sarospatakiallatorvos.hu\/\">https:\/\/sarospatakiallatorvos.hu\/<\/a><\/td> <\/tr> <\/tbody> <\/table> <pre><\/pre> <p>&nbsp;<\/p> <p><strong>Kapcsolat:<\/strong><br \/> \u00c1llatorvostudom\u00e1nyi Egyetem<br \/> Kommunik\u00e1ci\u00f3s Oszt\u00e1ly<br \/> 1078 Budapest, Istv\u00e1n u. 2.<br \/> Telefon: +36 1 478 4100 \/ 8362 &#8211; Email: <a class=\"decrypt\" rel=\"sfoef{wfozAvojwfu\/iv\" href=\"javascript:void(0);\">[Kattintson az emailc\u00edmhez]<\/a><\/p>","protected":false},"excerpt":{"rendered":"<p>K\u00f6sz\u00f6nj\u00fck, hogy r\u00e9szt vett az \u00c1llatorvostudom\u00e1nyi Egyetem\u00a0IX.\u00a0\u00c1ll\u00e1sb\u00f6rz\u00e9j\u00e9n! A rendezv\u00e9nyr\u0151l k\u00e9sz\u00fclt fot\u00f3kat itt tal\u00e1lja: \u200b\u00c1ll\u00e1sb\u00f6rze 2026 \u200b\u200b Tal\u00e1lkozzunk 2027-ben is! &nbsp; Rem\u00e9lj\u00fck, hogy hamarosan \u00d6nt is r\u00e9sztvev\u0151ink k\u00f6z\u00f6tt k\u00f6sz\u00f6nthetj\u00fck az \u00c1llatorvostudom\u00e1nyi Egyetem \u00e9vente megrendez\u00e9sre ker\u00fcl\u0151 \u00c1ll\u00e1sb\u00f6rz\u00e9j\u00e9n! D\u00e1tum: 2026. febru\u00e1r 12. (cs\u00fct\u00f6rt\u00f6k) 10:00-t\u00f3l 16:00-ig. Helysz\u00edn: \u00c1llatorvostudom\u00e1nyi Egyetem &#8211; Aula (1078-Bp, Istv\u00e1n utca 2.) A Ki\u00e1ll\u00edt\u00f3k regisztr\u00e1ci\u00f3ja lez\u00e1rult!<\/p>\n","protected":false},"author":2518,"featured_media":0,"parent":0,"menu_order":0,"comment_status":"closed","ping_status":"closed","template":"","meta":{"_acf_changed":false,"footnotes":""},"categories":[],"tags":[],"class_list":["post-104361","page","type-page","status-publish","hentry"],"acf":[],"yoast_head":"<!-- This site is optimized with the Yoast SEO plugin v27.2 - https:\/\/yoast.com\/product\/yoast-seo-wordpress\/ -->\n<title>\u00c1ll\u00e1sb\u00f6rze 2026 - \u00c1ll\u00e1sb\u00f6rze<\/title>\n<meta name=\"robots\" content=\"index, follow, max-snippet:-1, max-image-preview:large, max-video-preview:-1\" \/>\n<link rel=\"canonical\" href=\"https:\/\/univet.hu\/allasborze\/\" \/>\n<meta property=\"og:locale\" content=\"hu_HU\" \/>\n<meta property=\"og:type\" content=\"article\" \/>\n<meta property=\"og:title\" content=\"\u00c1ll\u00e1sb\u00f6rze 2026 - \u00c1ll\u00e1sb\u00f6rze\" \/>\n<meta property=\"og:description\" content=\"K\u00f6sz\u00f6nj\u00fck, hogy r\u00e9szt vett az \u00c1llatorvostudom\u00e1nyi Egyetem\u00a0IX.\u00a0\u00c1ll\u00e1sb\u00f6rz\u00e9j\u00e9n! A rendezv\u00e9nyr\u0151l k\u00e9sz\u00fclt fot\u00f3kat itt tal\u00e1lja: \u200b\u00c1ll\u00e1sb\u00f6rze 2026 \u200b\u200b Tal\u00e1lkozzunk 2027-ben is! &nbsp; Rem\u00e9lj\u00fck, hogy hamarosan \u00d6nt is r\u00e9sztvev\u0151ink k\u00f6z\u00f6tt k\u00f6sz\u00f6nthetj\u00fck az \u00c1llatorvostudom\u00e1nyi Egyetem \u00e9vente megrendez\u00e9sre ker\u00fcl\u0151 \u00c1ll\u00e1sb\u00f6rz\u00e9j\u00e9n! D\u00e1tum: 2026. febru\u00e1r 12. (cs\u00fct\u00f6rt\u00f6k) 10:00-t\u00f3l 16:00-ig. Helysz\u00edn: \u00c1llatorvostudom\u00e1nyi Egyetem &#8211; Aula (1078-Bp, Istv\u00e1n utca 2.) A Ki\u00e1ll\u00edt\u00f3k regisztr\u00e1ci\u00f3ja lez\u00e1rult!\" \/>\n<meta property=\"og:url\" content=\"https:\/\/univet.hu\/allasborze\/\" \/>\n<meta property=\"og:site_name\" content=\"\u00c1ll\u00e1sb\u00f6rze\" \/>\n<meta property=\"article:modified_time\" content=\"2026-02-26T14:01:34+00:00\" \/>\n<meta property=\"og:image\" content=\"https:\/\/univet.hu\/allasborze\/wp-content\/uploads\/sites\/2\/2026\/01\/pannonia_program_logozottkep1_hu.jpg\" \/>\n\t<meta property=\"og:image:width\" content=\"760\" \/>\n\t<meta property=\"og:image:height\" content=\"280\" \/>\n\t<meta property=\"og:image:type\" content=\"image\/jpeg\" \/>\n<meta name=\"twitter:card\" content=\"summary_large_image\" \/>\n<meta name=\"twitter:label1\" content=\"Becs\u00fclt olvas\u00e1si id\u0151\" \/>\n\t<meta name=\"twitter:data1\" content=\"3 perc\" \/>\n<script type=\"application\/ld+json\" class=\"yoast-schema-graph\">{\"@context\":\"https:\/\/schema.org\",\"@graph\":[{\"@type\":\"WebPage\",\"@id\":\"https:\/\/univet.hu\/allasborze\/\",\"url\":\"https:\/\/univet.hu\/allasborze\/\",\"name\":\"\u00c1ll\u00e1sb\u00f6rze 2026 - \u00c1ll\u00e1sb\u00f6rze\",\"isPartOf\":{\"@id\":\"https:\/\/univet.hu\/allasborze\/#website\"},\"primaryImageOfPage\":{\"@id\":\"https:\/\/univet.hu\/allasborze\/#primaryimage\"},\"image\":{\"@id\":\"https:\/\/univet.hu\/allasborze\/#primaryimage\"},\"thumbnailUrl\":\"https:\/\/univet.hu\/allasborze\/wp-content\/uploads\/sites\/2\/2026\/01\/pannonia_program_logozottkep1_hu.jpg\",\"datePublished\":\"2024-10-09T09:24:28+00:00\",\"dateModified\":\"2026-02-26T14:01:34+00:00\",\"breadcrumb\":{\"@id\":\"https:\/\/univet.hu\/allasborze\/#breadcrumb\"},\"inLanguage\":\"hu\",\"potentialAction\":[{\"@type\":\"ReadAction\",\"target\":[\"https:\/\/univet.hu\/allasborze\/\"]}]},{\"@type\":\"ImageObject\",\"inLanguage\":\"hu\",\"@id\":\"https:\/\/univet.hu\/allasborze\/#primaryimage\",\"url\":\"https:\/\/univet.hu\/allasborze\/wp-content\/uploads\/sites\/2\/2026\/01\/pannonia_program_logozottkep1_hu.jpg\",\"contentUrl\":\"https:\/\/univet.hu\/allasborze\/wp-content\/uploads\/sites\/2\/2026\/01\/pannonia_program_logozottkep1_hu.jpg\"},{\"@type\":\"BreadcrumbList\",\"@id\":\"https:\/\/univet.hu\/allasborze\/#breadcrumb\",\"itemListElement\":[{\"@type\":\"ListItem\",\"position\":1,\"name\":\"Kezd\u0151lap\",\"item\":\"https:\/\/univet.hu\/allasborze\/\"},{\"@type\":\"ListItem\",\"position\":2,\"name\":\"\u00c1ll\u00e1sb\u00f6rze 2026\"}]},{\"@type\":\"WebSite\",\"@id\":\"https:\/\/univet.hu\/allasborze\/#website\",\"url\":\"https:\/\/univet.hu\/allasborze\/\",\"name\":\"\u00c1ll\u00e1sb\u00f6rze\",\"description\":\"\",\"potentialAction\":[{\"@type\":\"SearchAction\",\"target\":{\"@type\":\"EntryPoint\",\"urlTemplate\":\"https:\/\/univet.hu\/allasborze\/?s={search_term_string}\"},\"query-input\":{\"@type\":\"PropertyValueSpecification\",\"valueRequired\":true,\"valueName\":\"search_term_string\"}}],\"inLanguage\":\"hu\"}]}<\/script>\n<!-- \/ Yoast SEO plugin. -->","yoast_head_json":{"title":"\u00c1ll\u00e1sb\u00f6rze 2026 - \u00c1ll\u00e1sb\u00f6rze","robots":{"index":"index","follow":"follow","max-snippet":"max-snippet:-1","max-image-preview":"max-image-preview:large","max-video-preview":"max-video-preview:-1"},"canonical":"https:\/\/univet.hu\/allasborze\/","og_locale":"hu_HU","og_type":"article","og_title":"\u00c1ll\u00e1sb\u00f6rze 2026 - \u00c1ll\u00e1sb\u00f6rze","og_description":"K\u00f6sz\u00f6nj\u00fck, hogy r\u00e9szt vett az \u00c1llatorvostudom\u00e1nyi Egyetem\u00a0IX.\u00a0\u00c1ll\u00e1sb\u00f6rz\u00e9j\u00e9n! A rendezv\u00e9nyr\u0151l k\u00e9sz\u00fclt fot\u00f3kat itt tal\u00e1lja: \u200b\u00c1ll\u00e1sb\u00f6rze 2026 \u200b\u200b Tal\u00e1lkozzunk 2027-ben is! &nbsp; Rem\u00e9lj\u00fck, hogy hamarosan \u00d6nt is r\u00e9sztvev\u0151ink k\u00f6z\u00f6tt k\u00f6sz\u00f6nthetj\u00fck az \u00c1llatorvostudom\u00e1nyi Egyetem \u00e9vente megrendez\u00e9sre ker\u00fcl\u0151 \u00c1ll\u00e1sb\u00f6rz\u00e9j\u00e9n! D\u00e1tum: 2026. febru\u00e1r 12. (cs\u00fct\u00f6rt\u00f6k) 10:00-t\u00f3l 16:00-ig. Helysz\u00edn: \u00c1llatorvostudom\u00e1nyi Egyetem &#8211; Aula (1078-Bp, Istv\u00e1n utca 2.) A Ki\u00e1ll\u00edt\u00f3k regisztr\u00e1ci\u00f3ja lez\u00e1rult!","og_url":"https:\/\/univet.hu\/allasborze\/","og_site_name":"\u00c1ll\u00e1sb\u00f6rze","article_modified_time":"2026-02-26T14:01:34+00:00","og_image":[{"width":760,"height":280,"url":"https:\/\/univet.hu\/allasborze\/wp-content\/uploads\/sites\/2\/2026\/01\/pannonia_program_logozottkep1_hu.jpg","type":"image\/jpeg"}],"twitter_card":"summary_large_image","twitter_misc":{"Becs\u00fclt olvas\u00e1si id\u0151":"3 perc"},"schema":{"@context":"https:\/\/schema.org","@graph":[{"@type":"WebPage","@id":"https:\/\/univet.hu\/allasborze\/","url":"https:\/\/univet.hu\/allasborze\/","name":"\u00c1ll\u00e1sb\u00f6rze 2026 - \u00c1ll\u00e1sb\u00f6rze","isPartOf":{"@id":"https:\/\/univet.hu\/allasborze\/#website"},"primaryImageOfPage":{"@id":"https:\/\/univet.hu\/allasborze\/#primaryimage"},"image":{"@id":"https:\/\/univet.hu\/allasborze\/#primaryimage"},"thumbnailUrl":"https:\/\/univet.hu\/allasborze\/wp-content\/uploads\/sites\/2\/2026\/01\/pannonia_program_logozottkep1_hu.jpg","datePublished":"2024-10-09T09:24:28+00:00","dateModified":"2026-02-26T14:01:34+00:00","breadcrumb":{"@id":"https:\/\/univet.hu\/allasborze\/#breadcrumb"},"inLanguage":"hu","potentialAction":[{"@type":"ReadAction","target":["https:\/\/univet.hu\/allasborze\/"]}]},{"@type":"ImageObject","inLanguage":"hu","@id":"https:\/\/univet.hu\/allasborze\/#primaryimage","url":"https:\/\/univet.hu\/allasborze\/wp-content\/uploads\/sites\/2\/2026\/01\/pannonia_program_logozottkep1_hu.jpg","contentUrl":"https:\/\/univet.hu\/allasborze\/wp-content\/uploads\/sites\/2\/2026\/01\/pannonia_program_logozottkep1_hu.jpg"},{"@type":"BreadcrumbList","@id":"https:\/\/univet.hu\/allasborze\/#breadcrumb","itemListElement":[{"@type":"ListItem","position":1,"name":"Kezd\u0151lap","item":"https:\/\/univet.hu\/allasborze\/"},{"@type":"ListItem","position":2,"name":"\u00c1ll\u00e1sb\u00f6rze 2026"}]},{"@type":"WebSite","@id":"https:\/\/univet.hu\/allasborze\/#website","url":"https:\/\/univet.hu\/allasborze\/","name":"\u00c1ll\u00e1sb\u00f6rze","description":"","potentialAction":[{"@type":"SearchAction","target":{"@type":"EntryPoint","urlTemplate":"https:\/\/univet.hu\/allasborze\/?s={search_term_string}"},"query-input":{"@type":"PropertyValueSpecification","valueRequired":true,"valueName":"search_term_string"}}],"inLanguage":"hu"}]}},"_links":{"self":[{"href":"https:\/\/univet.hu\/allasborze\/wp-json\/wp\/v2\/pages\/104361","targetHints":{"allow":["GET"]}}],"collection":[{"href":"https:\/\/univet.hu\/allasborze\/wp-json\/wp\/v2\/pages"}],"about":[{"href":"https:\/\/univet.hu\/allasborze\/wp-json\/wp\/v2\/types\/page"}],"author":[{"embeddable":true,"href":"https:\/\/univet.hu\/allasborze\/wp-json\/wp\/v2\/users\/2518"}],"replies":[{"embeddable":true,"href":"https:\/\/univet.hu\/allasborze\/wp-json\/wp\/v2\/comments?post=104361"}],"version-history":[{"count":5,"href":"https:\/\/univet.hu\/allasborze\/wp-json\/wp\/v2\/pages\/104361\/revisions"}],"predecessor-version":[{"id":173538,"href":"https:\/\/univet.hu\/allasborze\/wp-json\/wp\/v2\/pages\/104361\/revisions\/173538"}],"wp:attachment":[{"href":"https:\/\/univet.hu\/allasborze\/wp-json\/wp\/v2\/media?parent=104361"}],"wp:term":[{"taxonomy":"category","embeddable":true,"href":"https:\/\/univet.hu\/allasborze\/wp-json\/wp\/v2\/categories?post=104361"},{"taxonomy":"post_tag","embeddable":true,"href":"https:\/\/univet.hu\/allasborze\/wp-json\/wp\/v2\/tags?post=104361"}],"curies":[{"name":"wp","href":"https:\/\/api.w.org\/{rel}","templated":true}]}}