{"id":172597,"date":"2025-01-07T13:43:55","date_gmt":"2025-01-07T12:43:55","guid":{"rendered":"https:\/\/univet.hu\/hu\/allasborze-2025\/name\/"},"modified":"2026-03-24T11:34:25","modified_gmt":"2026-03-24T10:34:25","slug":"allasajanlatok","status":"publish","type":"page","link":"https:\/\/univet.hu\/allasborze\/allasborze-2025\/allasajanlatok\/","title":{"rendered":"\u00c1ll\u00e1saj\u00e1nlatok"},"content":{"rendered":"<p><em>Oldalunkat folyamatosan friss\u00edtj\u00fck.<\/em><\/p> <p>&nbsp;<\/p> <p><span class=\"emphasis\">Magyarorsz\u00e1g<\/span><\/p> <p><a href=\"https:\/\/univet.hu\/allasborze\/wp-content\/uploads\/sites\/2\/2026\/03\/Allaspalyazat_dokumentum_Megall.pdf\">\u00c1llatorvos &#8211; vegyes praxis &#8211; &#8222;Meg\u00e1ll&#8221; Kft., D\u00e1vod<\/a><\/p> <p><a href=\"https:\/\/univet.hu\/allasborze\/wp-content\/uploads\/sites\/2\/2026\/02\/Sales-manager-Veterinary-Pharmaceuticals-DV.pdf\">Sales manager-Veterinary Pharmaceuticals-Dunavet<\/a><\/p> <p><a href=\"https:\/\/univet.hu\/allasborze\/wp-content\/uploads\/sites\/2\/2026\/02\/Sales_managers_DV.pdf\">Sales_managers &#8211; Dunavet<\/a><\/p> <p><a href=\"https:\/\/univet.hu\/allasborze\/wp-content\/uploads\/sites\/2\/2026\/02\/Cattle_technical_manager_DV.pdf\">Cattle_technical_manager &#8211; Dunavet<\/a><\/p> <p><a href=\"https:\/\/univet.hu\/allasborze\/wp-content\/uploads\/sites\/2\/2026\/02\/allatorvos_pilis.pdf\">\u00c1llatorvos &#8211; Pilisi \u00c1llatorvosi Rendel\u0151, Pilis\u00a0<\/a><\/p> <p><a href=\"https:\/\/univet.hu\/allasborze\/wp-content\/uploads\/sites\/2\/2026\/02\/allatorvos_vonyarcvashegy.pdf\">\u00c1llatorvos &#8211; H. \u00e9s T. 95. Bt.,Vonyarcvashegy<\/a><\/p> <p><a href=\"https:\/\/univet.hu\/allasborze\/wp-content\/uploads\/sites\/2\/2026\/02\/ALLATORVOS-SOPRON.pdf\">\u00c1llatorvos (r\u00e9szmunkaid\u0151s, rugalmas beoszt\u00e1s\u00fa, p\u00e1lyakezd\u0151k is) &#8211; Kis\u00e1llat-Ambulancia, Sopron<\/a><\/p> <p><a href=\"https:\/\/nebih.karrierportal.hu\/allas\/allatorvos-ugyintezo-1079#\/.\" target=\"_blank\" rel=\"noopener\">\u00c1llatorvos \u00fcgyint\u00e9z\u0151 &#8211; \u00c9lelmiszer- \u00e9s Term\u00e9kp\u00e1lya- fel\u00fcgyeleti Igazgat\u00f3s\u00e1g, N\u00e9bih &#8211; Budapest<\/a><\/p> <p><a href=\"https:\/\/univet.hu\/allasborze\/wp-content\/uploads\/sites\/2\/2026\/02\/allatorvos-optivet.pdf\">\u00c1llatorvos &#8211; Optivet, Tata<\/a><\/p> <p><a href=\"https:\/\/kincsemallatkorhaz.hu\/allatorvos-allas\/\">\u00c1llatorvos &#8211; Kincsem \u00c1llateg\u00e9szs\u00e9g\u00fcgyi K\u00f6zpont, Hajd\u00fab\u00f6sz\u00f6rm\u00e9ny<\/a><\/p> <p><a href=\"https:\/\/univet.hu\/allasborze\/wp-content\/uploads\/sites\/2\/2026\/02\/Allasborze_Allatorvostudomanyi-Egyetem_2026_GYMSVKH-hirdetes.pdf\">\u00c1llatorvos &#8211; Gy\u0151r-Moson-Sopron V\u00e1rmegyei Korm\u00e1nyhivatal <\/a><\/p> <p><a href=\"https:\/\/univet.hu\/allasborze\/wp-content\/uploads\/sites\/2\/2026\/01\/Junior-ao-kereses-Sir-Mok.pdf\">Junior \u00e1llatorvos (vegyes praxis) &#8211; Sir M\u00f3k \u00c1llatorvosi Rendel\u0151, Albertirsa<\/a><\/p> <p><a href=\"https:\/\/univet.hu\/allasborze\/wp-content\/uploads\/sites\/2\/2026\/01\/Dr.-Szolnoki-Allatkorhazak.pdf\">Klinikai \u00e1llatorvos &#8211; Dr. Szolnoki \u00c1llatk\u00f3rh\u00e1zak, Esztergom, Szentendre<\/a><\/p> <p><a href=\"https:\/\/univet.hu\/allasborze\/wp-content\/uploads\/sites\/2\/2026\/01\/ALLASHIRDETES-Pataki.pdf\">\u00c1llatorvos &#8211; Pataki \u00c1llatorvos Kft. &#8211; S\u00e1rospatak<\/a><\/p> <p><a href=\"https:\/\/univet.hu\/allasborze\/wp-content\/uploads\/sites\/2\/2026\/01\/Allatorvosi-allashirdetes_2026.pdf\">\u00c1llatorvosi \u00e1ll\u00e1shirdet\u00e9s (vegyes praxis) &#8211; Toldivet, Hajd\u00fa-Bihar V\u00e1rmegye<\/a><\/p> <p><a href=\"https:\/\/univet.hu\/allasborze\/wp-content\/uploads\/sites\/2\/2026\/01\/Master-Good-cegcsoport_Allaspalyazat_2026.pdf\">\u00c1llatorvos &#8211; Master Good c\u00e9gcsoport<\/a><\/p> <p><a href=\"https:\/\/univet.hu\/allasborze\/wp-content\/uploads\/sites\/2\/2026\/01\/Allatorvos_allashirdetes_2025-1.pdf\">\u00c1llatorvos &#8211; Monori \u00c1llatorvosi Rendel\u0151, Monor<\/a><\/p> <p><a href=\"https:\/\/univet.hu\/allasborze\/wp-content\/uploads\/sites\/2\/2026\/01\/Veze\u0301r-A\u0301llatege\u0301szse\u0301gu\u0308gyi-Centrum_Klinikus-a\u0301llatorvos-hirdete\u0301s_2026.pdf\" target=\"_blank\" rel=\"noopener\">Klinikus a\u0301llatorvos &#8211; Veze\u0301r A\u0301llatege\u0301szse\u0301gu\u0308gyi Centrum, Debrecen<\/a><\/p> <p><a href=\"https:\/\/prophyl.hu\/karrier\/allatorvos\/\">\u00c1llatorvos &#8211; Prophyl Kft., B\u00e1r<\/a><\/p> <p><a href=\"https:\/\/univet.hu\/allasborze\/wp-content\/uploads\/sites\/2\/2025\/09\/A\u0301llatorvos_ujbudamedicalcenter.pdf\" target=\"_blank\" rel=\"noopener\">A\u0301llatorvos &#8211; \u00dajbuda Medical Center &#8211; Budapest, XI. ker\u00fclet<\/a><\/p> <p><a href=\"https:\/\/univet.hu\/allasborze\/wp-content\/uploads\/sites\/2\/2025\/06\/Allaspalyazat_dokumentum_Allatorvostudomanyi-E_.pdf\" target=\"_blank\" rel=\"noopener\">Gyakorlat &#8211; Gold Standard Diagnostics \/ Eurofins, Budapest<\/a><\/p> <p>&nbsp;<\/p> <p><span class=\"emphasis\">K\u00fclf\u00f6ld<\/span><\/p> <p><strong>IVC evidensia aj\u00e1nlatok &#8211; N\u00e9metorsz\u00e1g:<\/strong><\/p> <p><a href=\"https:\/\/univet.hu\/allasborze\/wp-content\/uploads\/sites\/2\/2026\/02\/Zahnteilkunde_Stommeln.pdf\">Zahnteilkunde_Stommeln<\/a><\/p> <p><a href=\"https:\/\/univet.hu\/allasborze\/wp-content\/uploads\/sites\/2\/2026\/02\/Chirurgie_Stadtsteinach.pdf\">Chirurgie_Stadtsteinach<\/a><\/p> <p><a href=\"https:\/\/univet.hu\/allasborze\/wp-content\/uploads\/sites\/2\/2026\/02\/Diplomate_ECVN_Stommeln.pdf\">Diplomate_ECVN_Stommeln<\/a><\/p> <p><a href=\"https:\/\/univet.hu\/allasborze\/wp-content\/uploads\/sites\/2\/2026\/02\/Kleintiere_Bad_Segeberg.pdf\">Kleintiere_Bad_Segeberg<\/a><\/p> <p><a href=\"https:\/\/univet.hu\/allasborze\/wp-content\/uploads\/sites\/2\/2026\/02\/Kleintiere_Brackwede.pdf\">Kleintiere_Brackwede<\/a><\/p> <p><a href=\"https:\/\/univet.hu\/allasborze\/wp-content\/uploads\/sites\/2\/2026\/02\/Kleintiere_Chirurgie_Erfurt.pdf\">Kleintiere_Chirurgie_Erfurt<\/a><\/p> <p><a href=\"https:\/\/univet.hu\/allasborze\/wp-content\/uploads\/sites\/2\/2026\/02\/Kleintiere_Kelheim.pdf\">Kleintiere_Kelheim<\/a><\/p> <p><a href=\"https:\/\/univet.hu\/allasborze\/wp-content\/uploads\/sites\/2\/2026\/02\/Kleintiere_Lich.pdf\">Kleintiere_Lich<\/a><\/p> <p><a href=\"https:\/\/univet.hu\/allasborze\/wp-content\/uploads\/sites\/2\/2026\/02\/Kleintiere_Stadtsteinach.pdf\">Kleintiere_Stadtsteinach<\/a><\/p> <p><a href=\"https:\/\/univet.hu\/allasborze\/wp-content\/uploads\/sites\/2\/2026\/02\/Kleintiere_Stommeln.pdf\">Kleintiere_Stommeln<\/a><\/p> <p><a href=\"https:\/\/univet.hu\/allasborze\/wp-content\/uploads\/sites\/2\/2026\/02\/Kleintiere_Trier.pdf\">Kleintiere_Trier<\/a><\/p> <p><a href=\"https:\/\/univet.hu\/allasborze\/wp-content\/uploads\/sites\/2\/2026\/02\/Kleintiere_Wittenberg.pdf\">Kleintiere_Wittenberg<\/a><\/p> <p><a href=\"https:\/\/univet.hu\/allasborze\/wp-content\/uploads\/sites\/2\/2026\/02\/Nachtdienst_Norderstedt.pdf\">Nachtdienst_Norderstedt<\/a><\/p> <p><a href=\"https:\/\/univet.hu\/allasborze\/wp-content\/uploads\/sites\/2\/2026\/02\/Notfallambulanz__Berlin.pdf\">Notfallambulanz__Berlin<\/a><\/p> <p><a href=\"https:\/\/univet.hu\/allasborze\/wp-content\/uploads\/sites\/2\/2026\/02\/Ophthalmologie_Munchen.pdf\">Ophthalmologie_M\u00fcnchen<\/a><\/p> <p><a href=\"https:\/\/univet.hu\/allasborze\/wp-content\/uploads\/sites\/2\/2026\/02\/Pferde_Reichenberg.pdf\">Pferde_Reichenberg<\/a><\/p> <p><a href=\"https:\/\/univet.hu\/allasborze\/wp-content\/uploads\/sites\/2\/2026\/02\/SOL_Schwabach.pdf\">SOL_Schwabach<\/a><\/p> <p><a href=\"https:\/\/univet.hu\/allasborze\/wp-content\/uploads\/sites\/2\/2026\/02\/Weichteilchirurgie_Norderstedt.pdf\">Weichteilchirurgie_Norderstedt<\/a><\/p> <p><a href=\"https:\/\/univet.hu\/allasborze\/wp-content\/uploads\/sites\/2\/2026\/02\/Wochenenddienst_Norderstedt.pdf\">Wochenenddienst_Norderstedt<\/a><\/p> <p><a href=\"https:\/\/univet.hu\/allasborze\/wp-content\/uploads\/sites\/2\/2026\/02\/Zahnheilkunde_Stadtsteinach.pdf\">Zahnheilkunde_Stadtsteinach<\/a><\/p> <p><a href=\"https:\/\/univet.hu\/allasborze\/wp-content\/uploads\/sites\/2\/2026\/02\/Assistenz_Kalbach.pdf\">Assistenz_Kalbach<\/a><\/p> <p><a href=\"https:\/\/univet.hu\/allasborze\/wp-content\/uploads\/sites\/2\/2026\/02\/Assistenz_Weiterbildung_Chirurgie_Stommeln.pdf\">Assistenz_Weiterbildung_Chirurgie_Stommeln<\/a><\/p> <p><a href=\"https:\/\/univet.hu\/allasborze\/wp-content\/uploads\/sites\/2\/2026\/02\/Chirurgie_Dental_Wenzenbach.pdf\">Chirurgie_Dental_Wenzenbach<\/a><\/p> <p><a href=\"https:\/\/univet.hu\/allasborze\/wp-content\/uploads\/sites\/2\/2026\/02\/Chirurgie_Rendsburg.pdf\">Chirurgie_Rendsburg<\/a><\/p> <p><strong>Tov\u00e1bbi aj\u00e1nlatok:<\/strong><\/p> <p><a href=\"https:\/\/univet.hu\/allasborze\/wp-content\/uploads\/sites\/2\/2026\/01\/WEK-Tierarzt-1.pdf\" target=\"_blank\" rel=\"noopener\">Tierarzt\/-arztin f\u00fcr Gefl\u00fcgel\/schwein gesuch &#8211; VEK Tierarzt Praxis, Visbek, Germany,\u00a0<\/a> <a href=\"https:\/\/univet.hu\/allasborze\/wp-content\/uploads\/sites\/2\/2026\/01\/Veterinary-Job-WEK-Tierarzt.pdf\">Veterinary Job &#8211; 5th-year graduating students\u00a0<\/a><\/p> <p><a href=\"https:\/\/univet.hu\/allasborze\/wp-content\/uploads\/sites\/2\/2025\/12\/Student-Brand-Ambassador-m_w_d-Tierarzt-Plus-Partner.pdf\">Student Brand Ambassador (m_w_d) &#8211; Tierarzt Plus Partner<\/a><\/p> <p><a href=\"https:\/\/univet.hu\/allasborze\/wp-content\/uploads\/sites\/2\/2025\/12\/Stellenanzeige.pdf\">Tierarzt &#8211; Nutztierpraxis &#8211; Austria<\/a><\/p> <p><a href=\"https:\/\/univet.hu\/allasborze\/wp-content\/uploads\/sites\/2\/2025\/06\/Stellenanzeige-KT-06_2025-Kleintiermediziner_in_Physio_06_25.pdf\" target=\"_blank\" rel=\"noopener\">Stellenausschreibung \u201eKleintiermedizinerIn mit physiotherapeutischer Ausbildung&#8221; &#8211; PFI DR. VET &#8211; Die Tier\u00e4rzte OG, Austria<\/a><\/p> <p><a href=\"https:\/\/univet.hu\/allasborze\/wp-content\/uploads\/sites\/2\/2025\/06\/Stellenanzeige-KT-06_2025-Kleintiermediziner_mit-Erfahrung_16_06_25.pdf\" target=\"_blank\" rel=\"noopener\">Stellenausschreibung \u201eKleintiermedizinerIn mit Erfahrung\u201c &#8211; PFI DR. VET &#8211; Die Tier\u00e4rzte OG, Austria<\/a><\/p> <p><a href=\"https:\/\/univet.hu\/allasborze\/wp-content\/uploads\/sites\/2\/2025\/03\/Stellenanzeige-KT_02_2025_TFA_mit_ErfahrungVZ_TZ.pdf\" target=\"_blank\" rel=\"noopener\">Stellenausschreibung \u201eTFA\/TierarzthelferIn mit Erfahrung\u201c (m\/w\/d) Voll- oder Teilzeit &#8211; PFI DR. VET &#8211; Die Tier\u00e4rzte OG, Austria<\/a><\/p> <p><a href=\"https:\/\/univet.hu\/allasborze\/wp-content\/uploads\/sites\/2\/2025\/03\/Stellenanzeige-KT-02_2025-Kleintiermediziner_in_Physio_03_25.pdf\" target=\"_blank\" rel=\"noopener\">Stellenausschreibung \u201eKleintiermedizinerIn\u201c (m\/w\/d) &#8211; Die Tier\u00e4rzte OG, Austria<\/a><\/p> <p><a href=\"https:\/\/univet.hu\/allasborze\/wp-content\/uploads\/sites\/2\/2025\/03\/Stellenanzeige-KT-02_2025-Kleintiermediziner_in.pdf\" target=\"_blank\" rel=\"noopener\">Stellenausschreibung \u201eKleintiermedizinerIn\u201c (m\/w\/d) &#8211; Die Tier\u00e4rzte OG, Austria<\/a><\/p> <p><a href=\"https:\/\/univet.hu\/allasborze\/wp-content\/uploads\/sites\/2\/2025\/02\/Externship-Advert.pdf\">Externship Advert &#8211; Veterinary undergraduate students (4th\/5th year) interested in equine reproduction and foal medicine &#8211; Twenlows Stud Farm<\/a><\/p> <p>&nbsp;<\/p> <p>&nbsp;<\/p>","protected":false},"excerpt":{"rendered":"<p>Oldalunkat folyamatosan friss\u00edtj\u00fck. &nbsp; Magyarorsz\u00e1g \u00c1llatorvos &#8211; vegyes praxis &#8211; &#8222;Meg\u00e1ll&#8221; Kft., D\u00e1vod Sales manager-Veterinary Pharmaceuticals-Dunavet Sales_managers &#8211; Dunavet Cattle_technical_manager &#8211; Dunavet \u00c1llatorvos &#8211; Pilisi \u00c1llatorvosi Rendel\u0151, Pilis\u00a0 \u00c1llatorvos &#8211; H. \u00e9s T. 95. Bt.,Vonyarcvashegy \u00c1llatorvos (r\u00e9szmunkaid\u0151s, rugalmas beoszt\u00e1s\u00fa, p\u00e1lyakezd\u0151k is) &#8211; Kis\u00e1llat-Ambulancia, Sopron \u00c1llatorvos \u00fcgyint\u00e9z\u0151 &#8211; \u00c9lelmiszer- \u00e9s Term\u00e9kp\u00e1lya- fel\u00fcgyeleti Igazgat\u00f3s\u00e1g, N\u00e9bih &#8211; Budapest<\/p>\n","protected":false},"author":2518,"featured_media":0,"parent":104361,"menu_order":0,"comment_status":"open","ping_status":"open","template":"","meta":{"_acf_changed":false,"footnotes":""},"categories":[],"tags":[],"class_list":["post-172597","page","type-page","status-publish","hentry"],"acf":[],"yoast_head":"<!-- This site is optimized with the Yoast SEO plugin v27.2 - https:\/\/yoast.com\/product\/yoast-seo-wordpress\/ -->\n<title>\u00c1ll\u00e1saj\u00e1nlatok - \u00c1ll\u00e1sb\u00f6rze<\/title>\n<meta name=\"robots\" content=\"index, follow, max-snippet:-1, max-image-preview:large, max-video-preview:-1\" \/>\n<link rel=\"canonical\" href=\"https:\/\/univet.hu\/allasborze\/allasborze-2025\/allasajanlatok\/\" \/>\n<meta property=\"og:locale\" content=\"hu_HU\" \/>\n<meta property=\"og:type\" content=\"article\" \/>\n<meta property=\"og:title\" content=\"\u00c1ll\u00e1saj\u00e1nlatok - \u00c1ll\u00e1sb\u00f6rze\" \/>\n<meta property=\"og:description\" content=\"Oldalunkat folyamatosan friss\u00edtj\u00fck. &nbsp; Magyarorsz\u00e1g \u00c1llatorvos &#8211; vegyes praxis &#8211; &#8222;Meg\u00e1ll&#8221; Kft., D\u00e1vod Sales manager-Veterinary Pharmaceuticals-Dunavet Sales_managers &#8211; Dunavet Cattle_technical_manager &#8211; Dunavet \u00c1llatorvos &#8211; Pilisi \u00c1llatorvosi Rendel\u0151, Pilis\u00a0 \u00c1llatorvos &#8211; H. \u00e9s T. 95. Bt.,Vonyarcvashegy \u00c1llatorvos (r\u00e9szmunkaid\u0151s, rugalmas beoszt\u00e1s\u00fa, p\u00e1lyakezd\u0151k is) &#8211; Kis\u00e1llat-Ambulancia, Sopron \u00c1llatorvos \u00fcgyint\u00e9z\u0151 &#8211; \u00c9lelmiszer- \u00e9s Term\u00e9kp\u00e1lya- fel\u00fcgyeleti Igazgat\u00f3s\u00e1g, N\u00e9bih &#8211; Budapest\" \/>\n<meta property=\"og:url\" content=\"https:\/\/univet.hu\/allasborze\/allasborze-2025\/allasajanlatok\/\" \/>\n<meta property=\"og:site_name\" content=\"\u00c1ll\u00e1sb\u00f6rze\" \/>\n<meta property=\"article:modified_time\" content=\"2026-03-24T10:34:25+00:00\" \/>\n<meta name=\"twitter:card\" content=\"summary_large_image\" \/>\n<meta name=\"twitter:label1\" content=\"Becs\u00fclt olvas\u00e1si id\u0151\" \/>\n\t<meta name=\"twitter:data1\" content=\"2 perc\" \/>\n<script type=\"application\/ld+json\" class=\"yoast-schema-graph\">{\"@context\":\"https:\/\/schema.org\",\"@graph\":[{\"@type\":\"WebPage\",\"@id\":\"https:\/\/univet.hu\/allasborze\/allasborze-2025\/allasajanlatok\/\",\"url\":\"https:\/\/univet.hu\/allasborze\/allasborze-2025\/allasajanlatok\/\",\"name\":\"\u00c1ll\u00e1saj\u00e1nlatok - \u00c1ll\u00e1sb\u00f6rze\",\"isPartOf\":{\"@id\":\"https:\/\/univet.hu\/allasborze\/#website\"},\"datePublished\":\"2025-01-07T12:43:55+00:00\",\"dateModified\":\"2026-03-24T10:34:25+00:00\",\"breadcrumb\":{\"@id\":\"https:\/\/univet.hu\/allasborze\/allasborze-2025\/allasajanlatok\/#breadcrumb\"},\"inLanguage\":\"hu\",\"potentialAction\":[{\"@type\":\"ReadAction\",\"target\":[\"https:\/\/univet.hu\/allasborze\/allasborze-2025\/allasajanlatok\/\"]}]},{\"@type\":\"BreadcrumbList\",\"@id\":\"https:\/\/univet.hu\/allasborze\/allasborze-2025\/allasajanlatok\/#breadcrumb\",\"itemListElement\":[{\"@type\":\"ListItem\",\"position\":1,\"name\":\"Kezd\u0151lap\",\"item\":\"https:\/\/univet.hu\/allasborze\/\"},{\"@type\":\"ListItem\",\"position\":2,\"name\":\"\u00c1ll\u00e1sb\u00f6rze 2026\",\"item\":\"https:\/\/univet.hu\/allasborze\/\"},{\"@type\":\"ListItem\",\"position\":3,\"name\":\"\u00c1ll\u00e1saj\u00e1nlatok\"}]},{\"@type\":\"WebSite\",\"@id\":\"https:\/\/univet.hu\/allasborze\/#website\",\"url\":\"https:\/\/univet.hu\/allasborze\/\",\"name\":\"\u00c1ll\u00e1sb\u00f6rze\",\"description\":\"\",\"potentialAction\":[{\"@type\":\"SearchAction\",\"target\":{\"@type\":\"EntryPoint\",\"urlTemplate\":\"https:\/\/univet.hu\/allasborze\/?s={search_term_string}\"},\"query-input\":{\"@type\":\"PropertyValueSpecification\",\"valueRequired\":true,\"valueName\":\"search_term_string\"}}],\"inLanguage\":\"hu\"}]}<\/script>\n<!-- \/ Yoast SEO plugin. -->","yoast_head_json":{"title":"\u00c1ll\u00e1saj\u00e1nlatok - \u00c1ll\u00e1sb\u00f6rze","robots":{"index":"index","follow":"follow","max-snippet":"max-snippet:-1","max-image-preview":"max-image-preview:large","max-video-preview":"max-video-preview:-1"},"canonical":"https:\/\/univet.hu\/allasborze\/allasborze-2025\/allasajanlatok\/","og_locale":"hu_HU","og_type":"article","og_title":"\u00c1ll\u00e1saj\u00e1nlatok - \u00c1ll\u00e1sb\u00f6rze","og_description":"Oldalunkat folyamatosan friss\u00edtj\u00fck. &nbsp; Magyarorsz\u00e1g \u00c1llatorvos &#8211; vegyes praxis &#8211; &#8222;Meg\u00e1ll&#8221; Kft., D\u00e1vod Sales manager-Veterinary Pharmaceuticals-Dunavet Sales_managers &#8211; Dunavet Cattle_technical_manager &#8211; Dunavet \u00c1llatorvos &#8211; Pilisi \u00c1llatorvosi Rendel\u0151, Pilis\u00a0 \u00c1llatorvos &#8211; H. \u00e9s T. 95. Bt.,Vonyarcvashegy \u00c1llatorvos (r\u00e9szmunkaid\u0151s, rugalmas beoszt\u00e1s\u00fa, p\u00e1lyakezd\u0151k is) &#8211; Kis\u00e1llat-Ambulancia, Sopron \u00c1llatorvos \u00fcgyint\u00e9z\u0151 &#8211; \u00c9lelmiszer- \u00e9s Term\u00e9kp\u00e1lya- fel\u00fcgyeleti Igazgat\u00f3s\u00e1g, N\u00e9bih &#8211; Budapest","og_url":"https:\/\/univet.hu\/allasborze\/allasborze-2025\/allasajanlatok\/","og_site_name":"\u00c1ll\u00e1sb\u00f6rze","article_modified_time":"2026-03-24T10:34:25+00:00","twitter_card":"summary_large_image","twitter_misc":{"Becs\u00fclt olvas\u00e1si id\u0151":"2 perc"},"schema":{"@context":"https:\/\/schema.org","@graph":[{"@type":"WebPage","@id":"https:\/\/univet.hu\/allasborze\/allasborze-2025\/allasajanlatok\/","url":"https:\/\/univet.hu\/allasborze\/allasborze-2025\/allasajanlatok\/","name":"\u00c1ll\u00e1saj\u00e1nlatok - \u00c1ll\u00e1sb\u00f6rze","isPartOf":{"@id":"https:\/\/univet.hu\/allasborze\/#website"},"datePublished":"2025-01-07T12:43:55+00:00","dateModified":"2026-03-24T10:34:25+00:00","breadcrumb":{"@id":"https:\/\/univet.hu\/allasborze\/allasborze-2025\/allasajanlatok\/#breadcrumb"},"inLanguage":"hu","potentialAction":[{"@type":"ReadAction","target":["https:\/\/univet.hu\/allasborze\/allasborze-2025\/allasajanlatok\/"]}]},{"@type":"BreadcrumbList","@id":"https:\/\/univet.hu\/allasborze\/allasborze-2025\/allasajanlatok\/#breadcrumb","itemListElement":[{"@type":"ListItem","position":1,"name":"Kezd\u0151lap","item":"https:\/\/univet.hu\/allasborze\/"},{"@type":"ListItem","position":2,"name":"\u00c1ll\u00e1sb\u00f6rze 2026","item":"https:\/\/univet.hu\/allasborze\/"},{"@type":"ListItem","position":3,"name":"\u00c1ll\u00e1saj\u00e1nlatok"}]},{"@type":"WebSite","@id":"https:\/\/univet.hu\/allasborze\/#website","url":"https:\/\/univet.hu\/allasborze\/","name":"\u00c1ll\u00e1sb\u00f6rze","description":"","potentialAction":[{"@type":"SearchAction","target":{"@type":"EntryPoint","urlTemplate":"https:\/\/univet.hu\/allasborze\/?s={search_term_string}"},"query-input":{"@type":"PropertyValueSpecification","valueRequired":true,"valueName":"search_term_string"}}],"inLanguage":"hu"}]}},"_links":{"self":[{"href":"https:\/\/univet.hu\/allasborze\/wp-json\/wp\/v2\/pages\/172597","targetHints":{"allow":["GET"]}}],"collection":[{"href":"https:\/\/univet.hu\/allasborze\/wp-json\/wp\/v2\/pages"}],"about":[{"href":"https:\/\/univet.hu\/allasborze\/wp-json\/wp\/v2\/types\/page"}],"author":[{"embeddable":true,"href":"https:\/\/univet.hu\/allasborze\/wp-json\/wp\/v2\/users\/2518"}],"replies":[{"embeddable":true,"href":"https:\/\/univet.hu\/allasborze\/wp-json\/wp\/v2\/comments?post=172597"}],"version-history":[{"count":6,"href":"https:\/\/univet.hu\/allasborze\/wp-json\/wp\/v2\/pages\/172597\/revisions"}],"predecessor-version":[{"id":173544,"href":"https:\/\/univet.hu\/allasborze\/wp-json\/wp\/v2\/pages\/172597\/revisions\/173544"}],"up":[{"embeddable":true,"href":"https:\/\/univet.hu\/allasborze\/wp-json\/wp\/v2\/pages\/104361"}],"wp:attachment":[{"href":"https:\/\/univet.hu\/allasborze\/wp-json\/wp\/v2\/media?parent=172597"}],"wp:term":[{"taxonomy":"category","embeddable":true,"href":"https:\/\/univet.hu\/allasborze\/wp-json\/wp\/v2\/categories?post=172597"},{"taxonomy":"post_tag","embeddable":true,"href":"https:\/\/univet.hu\/allasborze\/wp-json\/wp\/v2\/tags?post=172597"}],"curies":[{"name":"wp","href":"https:\/\/api.w.org\/{rel}","templated":true}]}}