{"id":172988,"date":"2025-01-17T08:50:46","date_gmt":"2025-01-17T07:50:46","guid":{"rendered":"https:\/\/univet.hu\/allasborze\/allasborze-2025\/kiallitok\/name\/"},"modified":"2025-01-20T09:15:22","modified_gmt":"2025-01-20T08:15:22","slug":"nemzeti-elelmiszerlanc-biztonsagi-hivatal","status":"publish","type":"page","link":"https:\/\/univet.hu\/allasborze\/allasborze-2025\/kiallitok\/nemzeti-elelmiszerlanc-biztonsagi-hivatal\/","title":{"rendered":"Nemzeti \u00c9lelmiszerl\u00e1nc-biztons\u00e1gi Hivatal"},"content":{"rendered":"<p><a href=\"https:\/\/univet.hu\/allasborze\/wp-content\/uploads\/sites\/2\/2025\/01\/NEBIH_logo_szines_feher-hatter.png\"><img loading=\"lazy\" decoding=\"async\" class=\"aligncenter size-medium wp-image-173010\" src=\"https:\/\/univet.hu\/allasborze\/wp-content\/uploads\/sites\/2\/2025\/01\/NEBIH_logo_szines_feher-hatter-320x144.png\" alt=\"\" width=\"320\" height=\"144\" srcset=\"https:\/\/univet.hu\/allasborze\/wp-content\/uploads\/sites\/2\/2025\/01\/NEBIH_logo_szines_feher-hatter-320x144.png 320w, https:\/\/univet.hu\/allasborze\/wp-content\/uploads\/sites\/2\/2025\/01\/NEBIH_logo_szines_feher-hatter-1024x460.png 1024w, https:\/\/univet.hu\/allasborze\/wp-content\/uploads\/sites\/2\/2025\/01\/NEBIH_logo_szines_feher-hatter-768x345.png 768w, https:\/\/univet.hu\/allasborze\/wp-content\/uploads\/sites\/2\/2025\/01\/NEBIH_logo_szines_feher-hatter.png 1036w\" sizes=\"auto, (max-width: 320px) 100vw, 320px\" \/><\/a><\/p> <p>&nbsp;<\/p> <p>A Nemzeti \u00c9lelmiszerl\u00e1nc-biztons\u00e1gi Hivatal (N\u00e9bih) 2012. m\u00e1rcius 15-\u00e9n alakult meg az Agr\u00e1rminiszt\u00e9rium h\u00e1tt\u00e9rint\u00e9zm\u00e9nyek\u00e9nt. A hivatal k\u00fcldet\u00e9se a strat\u00e9giai szinten megfogalmazott c\u00e9lkit\u0171z\u00e9sek megval\u00f3s\u00edt\u00e1sa, a magyar \u00e9lelmiszerl\u00e1nc-biztons\u00e1g v\u00e9delme \u00e9s jav\u00edt\u00e1sa a term\u0151f\u00f6ldt\u0151l az asztalig. Ennek \u00e9rdek\u00e9ben a hagyom\u00e1nyos hat\u00f3s\u00e1gi int\u00e9zked\u00e9sek mellett kiemelt figyelmet ford\u00edt a t\u00e1rsadalmi szeml\u00e9letform\u00e1l\u00e1sra.<\/p> <p>Tov\u00e1bbi inform\u00e1ci\u00f3: \u00a0\u00a0\u00a0\u00a0\u00a0 <a href=\"https:\/\/portal.nebih.gov.hu\/\">https:\/\/portal.nebih.gov.hu\/<\/a><\/p> <p><a href=\"https:\/\/nebih.karrierportal.hu\/allasok\">https:\/\/nebih.karrierportal.hu\/allasok<\/a><\/p> <p>&nbsp;<\/p> <p><strong>A term\u0151f\u00f6ldt\u0151l az asztalig <\/strong><\/p> <p><strong>A Nemzeti \u00c9lelmiszerl\u00e1nc-biztons\u00e1gi Hivatal (N\u00e9bih) az Agr\u00e1rminiszt\u00e9rium h\u00e1tt\u00e9rint\u00e9zm\u00e9nyek\u00e9nt orsz\u00e1gos hat\u00e1sk\u00f6rben fel\u00fcgyeli az \u00e9lelmiszerl\u00e1nc-biztons\u00e1gi szab\u00e1lyok betart\u00e1s\u00e1t, k\u00fczd az \u00e9lelmiszerhamis\u00edt\u00e1sok \u00e9s a feketegazdas\u00e1g ellen.<\/strong><\/p> <p>A magyarorsz\u00e1gi \u00e1llatorvosok t\u00f6bb mint 130 \u00e9ve \u2013 a hazai \u00e1llateg\u00e9szs\u00e9g\u00fcgyi szolg\u00e1lat l\u00e9trehoz\u00e1sa \u00f3ta \u2013 dolgoznak int\u00e9zm\u00e9nyes keretek k\u00f6zt a hazai \u00e9lelmiszerl\u00e1nc biztons\u00e1gos m\u0171k\u00f6d\u00e9s\u00e9\u00e9rt. A kor\u00e1bbi gener\u00e1ci\u00f3k szaktud\u00e1s\u00e1ra, eredm\u00e9nyeire \u00e9s hagyom\u00e1nyaira \u00e9p\u00edtve j\u00f6tt l\u00e9tre 2012-ben a Nemzeti \u00c9lelmiszerl\u00e1nc-biztons\u00e1gi Hivatal. A N\u00e9bih sz\u00e1mos szakter\u00fcletet integr\u00e1l, ezen bel\u00fcl az \u00e1llateg\u00e9szs\u00e9g\u00fcggyel, az \u00e1llatv\u00e9delemmel \u00e9s az \u00e9lelmiszerbiztons\u00e1ggal kapcsolatos feladatokat jelenleg mintegy 200 \u00e1llatorvos l\u00e1tja el.<\/p> <p>\u00c1llatorvos koll\u00e9g\u00e1ink munk\u00e1ja rendk\u00edv\u00fcl szerte\u00e1gaz\u00f3. Az \u00e1llateg\u00e9szs\u00e9g\u00fcgyi diagnosztik\u00e1t\u00f3l kezdve, az \u00e1llatgy\u00f3gy\u00e1szati term\u00e9kek hat\u00f3s\u00e1gi fel\u00fcgyelet\u00e9n \u00e1t, eg\u00e9szen a j\u00e1rv\u00e1nyos \u00e1llatbetegs\u00e9gek megel\u0151z\u00e9s\u00e9ig, illetve visszaszor\u00edt\u00e1s\u00e1ig terjed. Orsz\u00e1gszerte a N\u00e9bih \u00e1llatorvosai gyakorolj\u00e1k az \u00e1llati term\u00e9kek el\u0151\u00e1ll\u00edt\u00e1s\u00e1nak \u00e9s forgalmaz\u00e1s\u00e1nak hat\u00f3s\u00e1gi fel\u00fcgyelet\u00e9t, a hivatal laborat\u00f3riumi h\u00e1l\u00f3zata pedig az \u00e1llatdiagnosztikai \u00e9s -genetikai, valamint az \u00e9lelmiszerbiztons\u00e1gi vizsg\u00e1latok nemzetk\u00f6zileg elismert b\u00e1zisa.<\/p> <p>Mindezek mellett er\u0151forr\u00e1saink \u00e9s figyelm\u00fcnk egyre nagyobb h\u00e1nyada ir\u00e1nyul a feketegazdas\u00e1g, az \u00e9lelmiszerhamis\u00edt\u00e1s \u00e9s a csal\u00e1s elleni k\u00fczdelemre. Szakmai \u00e9s fogyaszt\u00f3i k\u00f6r\u00f6kben egyar\u00e1nt fontosnak tartjuk a folyamatos tud\u00e1smegoszt\u00e1st, a naprak\u00e9sz, k\u00f6z\u00e9rthet\u0151 t\u00e1j\u00e9koztat\u00e1st. Tov\u00e1bb\u00e1 kiemelt szerepet kap az oktat\u00e1s \u00e9s a szeml\u00e9letform\u00e1l\u00e1s.<\/p> <p>Hisz\u00fcnk abban, hogy mindezt csak felk\u00e9sz\u00fclt, tud\u00e1sukat folyamatosan fejleszt\u0151 szakemberek seg\u00edts\u00e9g\u00e9vel \u00e9rhetj\u00fck el, ez\u00e9rt koll\u00e9g\u00e1ink sz\u00e1m\u00e1ra rendszeresen lehet\u0151s\u00e9get k\u00edn\u00e1lunk a kutat\u00f3munk\u00e1ra, a nemzetk\u00f6zi szervezetekkel val\u00f3 kapcsolattart\u00e1sra.<\/p> <p>A N\u00e9bih ma egy korszer\u0171, nemzetk\u00f6zi \u00f6sszehasonl\u00edt\u00e1sban is p\u00e9lda\u00e9rt\u00e9k\u0171, hat\u00e9konyan m\u0171k\u00f6d\u0151 szervezet, ahol folyamatosan fejlesztj\u00fck az informatikai h\u00e1tteret \u00e9s a kock\u00e1zatelemz\u0151 rendszereinket. C\u00e9lunk, hogy min\u00e9l kev\u00e9sb\u00e9 zavarjuk meg a j\u00f3l m\u0171k\u00f6d\u0151, tisztess\u00e9ges v\u00e1llalkoz\u00e1sok napi m\u0171k\u00f6d\u00e9s\u00e9t, \u00e1m minden eddigin\u00e9l hat\u00e9konyabban kisz\u0171rhess\u00fck a vissza\u00e9l\u00e9seket, n\u00f6velj\u00fck a v\u00e1s\u00e1rl\u00f3k biztons\u00e1g\u00e1t. Felel\u0151ss\u00e9gteljes, sz\u00e1mos szakmai kih\u00edv\u00e1st \u00e9s j\u00f3 fejl\u0151d\u00e9si lehet\u0151s\u00e9get k\u00edn\u00e1l\u00f3 hat\u00f3s\u00e1gk\u00e9nt m\u0171k\u00f6d\u00fcnk.<\/p> <p>Szeretettel v\u00e1runk t\u00e9ged is a N\u00e9bih csapat\u00e1ba, hogy k\u00f6z\u00f6sen b\u0151v\u00edthess\u00fck tov\u00e1bb szervezeti \u00e9rt\u00e9keinket.<\/p>","protected":false},"excerpt":{"rendered":"<p>&nbsp; A Nemzeti \u00c9lelmiszerl\u00e1nc-biztons\u00e1gi Hivatal (N\u00e9bih) 2012. m\u00e1rcius 15-\u00e9n alakult meg az Agr\u00e1rminiszt\u00e9rium h\u00e1tt\u00e9rint\u00e9zm\u00e9nyek\u00e9nt. A hivatal k\u00fcldet\u00e9se a strat\u00e9giai szinten megfogalmazott c\u00e9lkit\u0171z\u00e9sek megval\u00f3s\u00edt\u00e1sa, a magyar \u00e9lelmiszerl\u00e1nc-biztons\u00e1g v\u00e9delme \u00e9s jav\u00edt\u00e1sa a term\u0151f\u00f6ldt\u0151l az asztalig. Ennek \u00e9rdek\u00e9ben a hagyom\u00e1nyos hat\u00f3s\u00e1gi int\u00e9zked\u00e9sek mellett kiemelt figyelmet ford\u00edt a t\u00e1rsadalmi szeml\u00e9letform\u00e1l\u00e1sra. Tov\u00e1bbi inform\u00e1ci\u00f3: \u00a0\u00a0\u00a0\u00a0\u00a0 https:\/\/portal.nebih.gov.hu\/ https:\/\/nebih.karrierportal.hu\/allasok &nbsp; A term\u0151f\u00f6ldt\u0151l az<\/p>\n","protected":false},"author":2518,"featured_media":0,"parent":172964,"menu_order":0,"comment_status":"open","ping_status":"open","template":"","meta":{"_acf_changed":false,"footnotes":""},"categories":[],"tags":[],"class_list":["post-172988","page","type-page","status-publish","hentry"],"acf":[],"yoast_head":"<!-- This site is optimized with the Yoast SEO plugin v27.2 - https:\/\/yoast.com\/product\/yoast-seo-wordpress\/ -->\n<title>Nemzeti \u00c9lelmiszerl\u00e1nc-biztons\u00e1gi Hivatal - \u00c1ll\u00e1sb\u00f6rze<\/title>\n<meta name=\"robots\" content=\"index, follow, max-snippet:-1, max-image-preview:large, max-video-preview:-1\" \/>\n<link rel=\"canonical\" href=\"https:\/\/univet.hu\/allasborze\/allasborze-2025\/kiallitok\/nemzeti-elelmiszerlanc-biztonsagi-hivatal\/\" \/>\n<meta property=\"og:locale\" content=\"hu_HU\" \/>\n<meta property=\"og:type\" content=\"article\" \/>\n<meta property=\"og:title\" content=\"Nemzeti \u00c9lelmiszerl\u00e1nc-biztons\u00e1gi Hivatal - \u00c1ll\u00e1sb\u00f6rze\" \/>\n<meta property=\"og:description\" content=\"&nbsp; A Nemzeti \u00c9lelmiszerl\u00e1nc-biztons\u00e1gi Hivatal (N\u00e9bih) 2012. m\u00e1rcius 15-\u00e9n alakult meg az Agr\u00e1rminiszt\u00e9rium h\u00e1tt\u00e9rint\u00e9zm\u00e9nyek\u00e9nt. A hivatal k\u00fcldet\u00e9se a strat\u00e9giai szinten megfogalmazott c\u00e9lkit\u0171z\u00e9sek megval\u00f3s\u00edt\u00e1sa, a magyar \u00e9lelmiszerl\u00e1nc-biztons\u00e1g v\u00e9delme \u00e9s jav\u00edt\u00e1sa a term\u0151f\u00f6ldt\u0151l az asztalig. Ennek \u00e9rdek\u00e9ben a hagyom\u00e1nyos hat\u00f3s\u00e1gi int\u00e9zked\u00e9sek mellett kiemelt figyelmet ford\u00edt a t\u00e1rsadalmi szeml\u00e9letform\u00e1l\u00e1sra. Tov\u00e1bbi inform\u00e1ci\u00f3: \u00a0\u00a0\u00a0\u00a0\u00a0 https:\/\/portal.nebih.gov.hu\/ https:\/\/nebih.karrierportal.hu\/allasok &nbsp; A term\u0151f\u00f6ldt\u0151l az\" \/>\n<meta property=\"og:url\" content=\"https:\/\/univet.hu\/allasborze\/allasborze-2025\/kiallitok\/nemzeti-elelmiszerlanc-biztonsagi-hivatal\/\" \/>\n<meta property=\"og:site_name\" content=\"\u00c1ll\u00e1sb\u00f6rze\" \/>\n<meta property=\"article:modified_time\" content=\"2025-01-20T08:15:22+00:00\" \/>\n<meta property=\"og:image\" content=\"https:\/\/univet.hu\/allasborze\/wp-content\/uploads\/sites\/2\/2025\/01\/NEBIH_logo_szines_feher-hatter.png\" \/>\n\t<meta property=\"og:image:width\" content=\"1036\" \/>\n\t<meta property=\"og:image:height\" content=\"465\" \/>\n\t<meta property=\"og:image:type\" content=\"image\/png\" \/>\n<meta name=\"twitter:card\" content=\"summary_large_image\" \/>\n<meta name=\"twitter:label1\" content=\"Becs\u00fclt olvas\u00e1si id\u0151\" \/>\n\t<meta name=\"twitter:data1\" content=\"2 perc\" \/>\n<script type=\"application\/ld+json\" class=\"yoast-schema-graph\">{\"@context\":\"https:\/\/schema.org\",\"@graph\":[{\"@type\":\"WebPage\",\"@id\":\"https:\/\/univet.hu\/allasborze\/allasborze-2025\/kiallitok\/nemzeti-elelmiszerlanc-biztonsagi-hivatal\/\",\"url\":\"https:\/\/univet.hu\/allasborze\/allasborze-2025\/kiallitok\/nemzeti-elelmiszerlanc-biztonsagi-hivatal\/\",\"name\":\"Nemzeti \u00c9lelmiszerl\u00e1nc-biztons\u00e1gi Hivatal - \u00c1ll\u00e1sb\u00f6rze\",\"isPartOf\":{\"@id\":\"https:\/\/univet.hu\/allasborze\/#website\"},\"primaryImageOfPage\":{\"@id\":\"https:\/\/univet.hu\/allasborze\/allasborze-2025\/kiallitok\/nemzeti-elelmiszerlanc-biztonsagi-hivatal\/#primaryimage\"},\"image\":{\"@id\":\"https:\/\/univet.hu\/allasborze\/allasborze-2025\/kiallitok\/nemzeti-elelmiszerlanc-biztonsagi-hivatal\/#primaryimage\"},\"thumbnailUrl\":\"https:\/\/univet.hu\/allasborze\/wp-content\/uploads\/sites\/2\/2025\/01\/NEBIH_logo_szines_feher-hatter-320x144.png\",\"datePublished\":\"2025-01-17T07:50:46+00:00\",\"dateModified\":\"2025-01-20T08:15:22+00:00\",\"breadcrumb\":{\"@id\":\"https:\/\/univet.hu\/allasborze\/allasborze-2025\/kiallitok\/nemzeti-elelmiszerlanc-biztonsagi-hivatal\/#breadcrumb\"},\"inLanguage\":\"hu\",\"potentialAction\":[{\"@type\":\"ReadAction\",\"target\":[\"https:\/\/univet.hu\/allasborze\/allasborze-2025\/kiallitok\/nemzeti-elelmiszerlanc-biztonsagi-hivatal\/\"]}]},{\"@type\":\"ImageObject\",\"inLanguage\":\"hu\",\"@id\":\"https:\/\/univet.hu\/allasborze\/allasborze-2025\/kiallitok\/nemzeti-elelmiszerlanc-biztonsagi-hivatal\/#primaryimage\",\"url\":\"https:\/\/univet.hu\/allasborze\/wp-content\/uploads\/sites\/2\/2025\/01\/NEBIH_logo_szines_feher-hatter.png\",\"contentUrl\":\"https:\/\/univet.hu\/allasborze\/wp-content\/uploads\/sites\/2\/2025\/01\/NEBIH_logo_szines_feher-hatter.png\",\"width\":1036,\"height\":465},{\"@type\":\"BreadcrumbList\",\"@id\":\"https:\/\/univet.hu\/allasborze\/allasborze-2025\/kiallitok\/nemzeti-elelmiszerlanc-biztonsagi-hivatal\/#breadcrumb\",\"itemListElement\":[{\"@type\":\"ListItem\",\"position\":1,\"name\":\"Kezd\u0151lap\",\"item\":\"https:\/\/univet.hu\/allasborze\/\"},{\"@type\":\"ListItem\",\"position\":2,\"name\":\"\u00c1ll\u00e1sb\u00f6rze 2026\",\"item\":\"https:\/\/univet.hu\/allasborze\/\"},{\"@type\":\"ListItem\",\"position\":3,\"name\":\"Ki\u00e1ll\u00edt\u00f3k\",\"item\":\"https:\/\/univet.hu\/allasborze\/?page_id=172964\"},{\"@type\":\"ListItem\",\"position\":4,\"name\":\"Nemzeti \u00c9lelmiszerl\u00e1nc-biztons\u00e1gi Hivatal\"}]},{\"@type\":\"WebSite\",\"@id\":\"https:\/\/univet.hu\/allasborze\/#website\",\"url\":\"https:\/\/univet.hu\/allasborze\/\",\"name\":\"\u00c1ll\u00e1sb\u00f6rze\",\"description\":\"\",\"potentialAction\":[{\"@type\":\"SearchAction\",\"target\":{\"@type\":\"EntryPoint\",\"urlTemplate\":\"https:\/\/univet.hu\/allasborze\/?s={search_term_string}\"},\"query-input\":{\"@type\":\"PropertyValueSpecification\",\"valueRequired\":true,\"valueName\":\"search_term_string\"}}],\"inLanguage\":\"hu\"}]}<\/script>\n<!-- \/ Yoast SEO plugin. -->","yoast_head_json":{"title":"Nemzeti \u00c9lelmiszerl\u00e1nc-biztons\u00e1gi Hivatal - \u00c1ll\u00e1sb\u00f6rze","robots":{"index":"index","follow":"follow","max-snippet":"max-snippet:-1","max-image-preview":"max-image-preview:large","max-video-preview":"max-video-preview:-1"},"canonical":"https:\/\/univet.hu\/allasborze\/allasborze-2025\/kiallitok\/nemzeti-elelmiszerlanc-biztonsagi-hivatal\/","og_locale":"hu_HU","og_type":"article","og_title":"Nemzeti \u00c9lelmiszerl\u00e1nc-biztons\u00e1gi Hivatal - \u00c1ll\u00e1sb\u00f6rze","og_description":"&nbsp; A Nemzeti \u00c9lelmiszerl\u00e1nc-biztons\u00e1gi Hivatal (N\u00e9bih) 2012. m\u00e1rcius 15-\u00e9n alakult meg az Agr\u00e1rminiszt\u00e9rium h\u00e1tt\u00e9rint\u00e9zm\u00e9nyek\u00e9nt. A hivatal k\u00fcldet\u00e9se a strat\u00e9giai szinten megfogalmazott c\u00e9lkit\u0171z\u00e9sek megval\u00f3s\u00edt\u00e1sa, a magyar \u00e9lelmiszerl\u00e1nc-biztons\u00e1g v\u00e9delme \u00e9s jav\u00edt\u00e1sa a term\u0151f\u00f6ldt\u0151l az asztalig. Ennek \u00e9rdek\u00e9ben a hagyom\u00e1nyos hat\u00f3s\u00e1gi int\u00e9zked\u00e9sek mellett kiemelt figyelmet ford\u00edt a t\u00e1rsadalmi szeml\u00e9letform\u00e1l\u00e1sra. Tov\u00e1bbi inform\u00e1ci\u00f3: \u00a0\u00a0\u00a0\u00a0\u00a0 https:\/\/portal.nebih.gov.hu\/ https:\/\/nebih.karrierportal.hu\/allasok &nbsp; A term\u0151f\u00f6ldt\u0151l az","og_url":"https:\/\/univet.hu\/allasborze\/allasborze-2025\/kiallitok\/nemzeti-elelmiszerlanc-biztonsagi-hivatal\/","og_site_name":"\u00c1ll\u00e1sb\u00f6rze","article_modified_time":"2025-01-20T08:15:22+00:00","og_image":[{"width":1036,"height":465,"url":"https:\/\/univet.hu\/allasborze\/wp-content\/uploads\/sites\/2\/2025\/01\/NEBIH_logo_szines_feher-hatter.png","type":"image\/png"}],"twitter_card":"summary_large_image","twitter_misc":{"Becs\u00fclt olvas\u00e1si id\u0151":"2 perc"},"schema":{"@context":"https:\/\/schema.org","@graph":[{"@type":"WebPage","@id":"https:\/\/univet.hu\/allasborze\/allasborze-2025\/kiallitok\/nemzeti-elelmiszerlanc-biztonsagi-hivatal\/","url":"https:\/\/univet.hu\/allasborze\/allasborze-2025\/kiallitok\/nemzeti-elelmiszerlanc-biztonsagi-hivatal\/","name":"Nemzeti \u00c9lelmiszerl\u00e1nc-biztons\u00e1gi Hivatal - \u00c1ll\u00e1sb\u00f6rze","isPartOf":{"@id":"https:\/\/univet.hu\/allasborze\/#website"},"primaryImageOfPage":{"@id":"https:\/\/univet.hu\/allasborze\/allasborze-2025\/kiallitok\/nemzeti-elelmiszerlanc-biztonsagi-hivatal\/#primaryimage"},"image":{"@id":"https:\/\/univet.hu\/allasborze\/allasborze-2025\/kiallitok\/nemzeti-elelmiszerlanc-biztonsagi-hivatal\/#primaryimage"},"thumbnailUrl":"https:\/\/univet.hu\/allasborze\/wp-content\/uploads\/sites\/2\/2025\/01\/NEBIH_logo_szines_feher-hatter-320x144.png","datePublished":"2025-01-17T07:50:46+00:00","dateModified":"2025-01-20T08:15:22+00:00","breadcrumb":{"@id":"https:\/\/univet.hu\/allasborze\/allasborze-2025\/kiallitok\/nemzeti-elelmiszerlanc-biztonsagi-hivatal\/#breadcrumb"},"inLanguage":"hu","potentialAction":[{"@type":"ReadAction","target":["https:\/\/univet.hu\/allasborze\/allasborze-2025\/kiallitok\/nemzeti-elelmiszerlanc-biztonsagi-hivatal\/"]}]},{"@type":"ImageObject","inLanguage":"hu","@id":"https:\/\/univet.hu\/allasborze\/allasborze-2025\/kiallitok\/nemzeti-elelmiszerlanc-biztonsagi-hivatal\/#primaryimage","url":"https:\/\/univet.hu\/allasborze\/wp-content\/uploads\/sites\/2\/2025\/01\/NEBIH_logo_szines_feher-hatter.png","contentUrl":"https:\/\/univet.hu\/allasborze\/wp-content\/uploads\/sites\/2\/2025\/01\/NEBIH_logo_szines_feher-hatter.png","width":1036,"height":465},{"@type":"BreadcrumbList","@id":"https:\/\/univet.hu\/allasborze\/allasborze-2025\/kiallitok\/nemzeti-elelmiszerlanc-biztonsagi-hivatal\/#breadcrumb","itemListElement":[{"@type":"ListItem","position":1,"name":"Kezd\u0151lap","item":"https:\/\/univet.hu\/allasborze\/"},{"@type":"ListItem","position":2,"name":"\u00c1ll\u00e1sb\u00f6rze 2026","item":"https:\/\/univet.hu\/allasborze\/"},{"@type":"ListItem","position":3,"name":"Ki\u00e1ll\u00edt\u00f3k","item":"https:\/\/univet.hu\/allasborze\/?page_id=172964"},{"@type":"ListItem","position":4,"name":"Nemzeti \u00c9lelmiszerl\u00e1nc-biztons\u00e1gi Hivatal"}]},{"@type":"WebSite","@id":"https:\/\/univet.hu\/allasborze\/#website","url":"https:\/\/univet.hu\/allasborze\/","name":"\u00c1ll\u00e1sb\u00f6rze","description":"","potentialAction":[{"@type":"SearchAction","target":{"@type":"EntryPoint","urlTemplate":"https:\/\/univet.hu\/allasborze\/?s={search_term_string}"},"query-input":{"@type":"PropertyValueSpecification","valueRequired":true,"valueName":"search_term_string"}}],"inLanguage":"hu"}]}},"_links":{"self":[{"href":"https:\/\/univet.hu\/allasborze\/wp-json\/wp\/v2\/pages\/172988","targetHints":{"allow":["GET"]}}],"collection":[{"href":"https:\/\/univet.hu\/allasborze\/wp-json\/wp\/v2\/pages"}],"about":[{"href":"https:\/\/univet.hu\/allasborze\/wp-json\/wp\/v2\/types\/page"}],"author":[{"embeddable":true,"href":"https:\/\/univet.hu\/allasborze\/wp-json\/wp\/v2\/users\/2518"}],"replies":[{"embeddable":true,"href":"https:\/\/univet.hu\/allasborze\/wp-json\/wp\/v2\/comments?post=172988"}],"version-history":[{"count":3,"href":"https:\/\/univet.hu\/allasborze\/wp-json\/wp\/v2\/pages\/172988\/revisions"}],"predecessor-version":[{"id":173013,"href":"https:\/\/univet.hu\/allasborze\/wp-json\/wp\/v2\/pages\/172988\/revisions\/173013"}],"up":[{"embeddable":true,"href":"https:\/\/univet.hu\/allasborze\/wp-json\/wp\/v2\/pages\/172964"}],"wp:attachment":[{"href":"https:\/\/univet.hu\/allasborze\/wp-json\/wp\/v2\/media?parent=172988"}],"wp:term":[{"taxonomy":"category","embeddable":true,"href":"https:\/\/univet.hu\/allasborze\/wp-json\/wp\/v2\/categories?post=172988"},{"taxonomy":"post_tag","embeddable":true,"href":"https:\/\/univet.hu\/allasborze\/wp-json\/wp\/v2\/tags?post=172988"}],"curies":[{"name":"wp","href":"https:\/\/api.w.org\/{rel}","templated":true}]}}