{"id":173016,"date":"2025-01-20T09:40:32","date_gmt":"2025-01-20T08:40:32","guid":{"rendered":"https:\/\/univet.hu\/allasborze\/allasborze-2025\/kiallitok\/name\/"},"modified":"2025-01-22T15:01:43","modified_gmt":"2025-01-22T14:01:43","slug":"hardenberg-consulting-vetjobs24","status":"publish","type":"page","link":"https:\/\/univet.hu\/allasborze\/allasborze-2025\/kiallitok\/hardenberg-consulting-vetjobs24\/","title":{"rendered":"Hardenberg Consulting &#8211; vetjobs24"},"content":{"rendered":"<p><a href=\"https:\/\/univet.hu\/allasborze\/wp-content\/uploads\/sites\/2\/2025\/01\/HC-Logo-002.jpg\"><img loading=\"lazy\" decoding=\"async\" class=\"aligncenter size-medium wp-image-173062\" src=\"https:\/\/univet.hu\/allasborze\/wp-content\/uploads\/sites\/2\/2025\/01\/HC-Logo-002-320x32.jpg\" alt=\"\" width=\"320\" height=\"32\" srcset=\"https:\/\/univet.hu\/allasborze\/wp-content\/uploads\/sites\/2\/2025\/01\/HC-Logo-002-320x32.jpg 320w, https:\/\/univet.hu\/allasborze\/wp-content\/uploads\/sites\/2\/2025\/01\/HC-Logo-002-768x77.jpg 768w, https:\/\/univet.hu\/allasborze\/wp-content\/uploads\/sites\/2\/2025\/01\/HC-Logo-002.jpg 811w\" sizes=\"auto, (max-width: 320px) 100vw, 320px\" \/><\/a> <a href=\"https:\/\/univet.hu\/allasborze\/wp-content\/uploads\/sites\/2\/2025\/01\/Logo_vetjobs24_CMYK-002.png\"><img loading=\"lazy\" decoding=\"async\" class=\"aligncenter size-medium wp-image-173065\" src=\"https:\/\/univet.hu\/allasborze\/wp-content\/uploads\/sites\/2\/2025\/01\/Logo_vetjobs24_CMYK-002-320x133.png\" alt=\"\" width=\"320\" height=\"133\" srcset=\"https:\/\/univet.hu\/allasborze\/wp-content\/uploads\/sites\/2\/2025\/01\/Logo_vetjobs24_CMYK-002-320x133.png 320w, https:\/\/univet.hu\/allasborze\/wp-content\/uploads\/sites\/2\/2025\/01\/Logo_vetjobs24_CMYK-002-1024x424.png 1024w, https:\/\/univet.hu\/allasborze\/wp-content\/uploads\/sites\/2\/2025\/01\/Logo_vetjobs24_CMYK-002-768x318.png 768w, https:\/\/univet.hu\/allasborze\/wp-content\/uploads\/sites\/2\/2025\/01\/Logo_vetjobs24_CMYK-002-1536x636.png 1536w, https:\/\/univet.hu\/allasborze\/wp-content\/uploads\/sites\/2\/2025\/01\/Logo_vetjobs24_CMYK-002.png 1714w\" sizes=\"auto, (max-width: 320px) 100vw, 320px\" \/><\/a><\/p> <p><span data-contrast=\"auto\">It\u00b4s all about jobs! Hardenberg Consulting GmbH is a leading international recruitment consultancy specializing in the recruitment of executives and professionals in the field of veterinary medicine and animal health. Based in Germany, our dedicated team of consultants and veterinarians are industry experts in placing the right veterinary professionals in the right positions.<\/span><span data-ccp-props=\"{&quot;335551550&quot;:6,&quot;335551620&quot;:6}\">\u00a0<\/span><\/p> <p><span data-contrast=\"auto\">With our international online job portal vetjobs24, veterinary employees have the opportunity to search for suitable positions free of charge &#8211; from internships and entry-level positions to jobs for experienced veterinarians &#8211; or to set up a user profile themselves in order to be found by employers.<\/span><span data-ccp-props=\"{&quot;335551550&quot;:6,&quot;335551620&quot;:6}\">\u00a0<\/span><\/p> <p><span data-contrast=\"auto\">\u00a0\u00a0\u00a0\u00a0\u00a0\u00a0\u00a0\u00a0\u00a0\u00a0\u00a0\u00a0\u00a0\u00a0\u00a0\u00a0\u00a0\u00a0\u00a0\u00a0\u00a0\u00a0\u00a0\u00a0\u00a0\u00a0\u00a0\u00a0\u00a0\u00a0\u00a0\u00a0\u00a0\u00a0\u00a0\u00a0\u00a0\u00a0\u00a0\u00a0\u00a0\u00a0\u00a0\u00a0<\/span><span data-ccp-props=\"{}\">\u00a0<\/span><\/p> <p><span data-ccp-props=\"{}\"><span class=\"TextRun SCXW161046721 BCX0\" lang=\"DE-DE\" xml:lang=\"DE-DE\" data-contrast=\"auto\"><span class=\"NormalTextRun SCXW161046721 BCX0\">Hardenberg Consulting GmbH<\/span><span class=\"NormalTextRun SCXW161046721 BCX0\"> &amp;<\/span><span class=\"NormalTextRun SCXW161046721 BCX0\"> vetjobs24<\/span><\/span><\/span><\/p> <p><span data-ccp-props=\"{}\"><span class=\"TextRun SCXW161046721 BCX0\" lang=\"DE-DE\" xml:lang=\"DE-DE\" data-contrast=\"auto\"><span class=\"NormalTextRun SCXW161046721 BCX0\">Steinberg 12 <\/span><\/span> <span class=\"TextRun SCXW161046721 BCX0\" lang=\"DE-DE\" xml:lang=\"DE-DE\" data-contrast=\"auto\"><span class=\"NormalTextRun SCXW161046721 BCX0\">\u00a0\u00a0\u00a0\u00a0\u00a0\u00a0\u00a0\u00a0\u00a0\u00a0\u00a0\u00a0\u00a0\u00a0\u00a0\u00a0\u00a0\u00a0\u00a0\u00a0\u00a0\u00a0\u00a0\u00a0\u00a0\u00a0\u00a0\u00a0\u00a0 <\/span><\/span><\/span><\/p> <p><span data-ccp-props=\"{}\"><span class=\"TextRun SCXW161046721 BCX0\" lang=\"DE-DE\" xml:lang=\"DE-DE\" data-contrast=\"auto\"><span class=\"NormalTextRun SCXW161046721 BCX0\">82069 Hohensch\u00e4ftlarn <\/span><\/span> <span class=\"TextRun SCXW161046721 BCX0\" lang=\"DE-DE\" xml:lang=\"DE-DE\" data-contrast=\"auto\"><span class=\"NormalTextRun SCXW161046721 BCX0\">\u00a0\u00a0\u00a0\u00a0\u00a0\u00a0\u00a0\u00a0\u00a0\u00a0\u00a0\u00a0\u00a0\u00a0\u00a0\u00a0\u00a0\u00a0\u00a0\u00a0\u00a0\u00a0\u00a0\u00a0\u00a0\u00a0 <\/span><\/span><\/span><\/p> <p><span data-ccp-props=\"{}\"><span class=\"TextRun SCXW161046721 BCX0\" lang=\"DE-DE\" xml:lang=\"DE-DE\" data-contrast=\"auto\"><span class=\"NormalTextRun SCXW161046721 BCX0\">Germany<\/span><\/span> <span class=\"TextRun SCXW161046721 BCX0\" lang=\"DE-DE\" xml:lang=\"DE-DE\" data-contrast=\"auto\"><span class=\"NormalTextRun ContextualSpellingAndGrammarErrorV2Themed SCXW161046721 BCX0\">\u00a0<\/span> <\/span> <span class=\"TextRun SCXW161046721 BCX0\" lang=\"DE-DE\" xml:lang=\"DE-DE\" data-contrast=\"auto\"><span class=\"NormalTextRun SCXW161046721 BCX0\">\u00a0\u00a0\u00a0\u00a0\u00a0\u00a0\u00a0\u00a0\u00a0\u00a0\u00a0\u00a0\u00a0\u00a0\u00a0\u00a0\u00a0\u00a0\u00a0\u00a0\u00a0\u00a0\u00a0\u00a0\u00a0\u00a0\u00a0\u00a0\u00a0\u00a0\u00a0<\/span><\/span><\/span><\/p> <p><span data-ccp-props=\"{}\"><span class=\"TextRun SCXW161046721 BCX0\" lang=\"DE-DE\" xml:lang=\"DE-DE\" data-contrast=\"auto\"> <span class=\"NormalTextRun SCXW161046721 BCX0\">+49 8178 998641-0<\/span><\/span><span class=\"EOP SCXW161046721 BCX0\" data-ccp-props=\"{}\">\u00a0<\/span><\/span><\/p> <p>&nbsp;<\/p> <p>More information: <a href=\"https:\/\/www.hardenberg-consulting.com\/\">https:\/\/www.hardenberg-consulting.com\/<\/a> and <a href=\"https:\/\/vetjobs24.com\/en\">https:\/\/vetjobs24.com\/en<\/a><\/p> <p>&nbsp;<\/p>","protected":false},"excerpt":{"rendered":"<p>It\u00b4s all about jobs! Hardenberg Consulting GmbH is a leading international recruitment consultancy specializing in the recruitment of executives and professionals in the field of veterinary medicine and animal health. Based in Germany, our dedicated team of consultants and veterinarians are industry experts in placing the right veterinary professionals in the right positions.\u00a0 With our<\/p>\n","protected":false},"author":2518,"featured_media":0,"parent":172964,"menu_order":0,"comment_status":"open","ping_status":"open","template":"","meta":{"_acf_changed":false,"footnotes":""},"categories":[],"tags":[],"class_list":["post-173016","page","type-page","status-publish","hentry"],"acf":[],"yoast_head":"<!-- This site is optimized with the Yoast SEO plugin v27.2 - https:\/\/yoast.com\/product\/yoast-seo-wordpress\/ -->\n<title>Hardenberg Consulting - vetjobs24 - \u00c1ll\u00e1sb\u00f6rze<\/title>\n<meta name=\"robots\" content=\"index, follow, max-snippet:-1, max-image-preview:large, max-video-preview:-1\" \/>\n<link rel=\"canonical\" href=\"https:\/\/univet.hu\/allasborze\/allasborze-2025\/kiallitok\/hardenberg-consulting-vetjobs24\/\" \/>\n<meta property=\"og:locale\" content=\"hu_HU\" \/>\n<meta property=\"og:type\" content=\"article\" \/>\n<meta property=\"og:title\" content=\"Hardenberg Consulting - vetjobs24 - \u00c1ll\u00e1sb\u00f6rze\" \/>\n<meta property=\"og:description\" content=\"It\u00b4s all about jobs! Hardenberg Consulting GmbH is a leading international recruitment consultancy specializing in the recruitment of executives and professionals in the field of veterinary medicine and animal health. Based in Germany, our dedicated team of consultants and veterinarians are industry experts in placing the right veterinary professionals in the right positions.\u00a0 With our\" \/>\n<meta property=\"og:url\" content=\"https:\/\/univet.hu\/allasborze\/allasborze-2025\/kiallitok\/hardenberg-consulting-vetjobs24\/\" \/>\n<meta property=\"og:site_name\" content=\"\u00c1ll\u00e1sb\u00f6rze\" \/>\n<meta property=\"article:modified_time\" content=\"2025-01-22T14:01:43+00:00\" \/>\n<meta property=\"og:image\" content=\"https:\/\/univet.hu\/allasborze\/wp-content\/uploads\/sites\/2\/2025\/01\/HC-Logo-002.jpg\" \/>\n\t<meta property=\"og:image:width\" content=\"811\" \/>\n\t<meta property=\"og:image:height\" content=\"81\" \/>\n\t<meta property=\"og:image:type\" content=\"image\/jpeg\" \/>\n<meta name=\"twitter:card\" content=\"summary_large_image\" \/>\n<meta name=\"twitter:label1\" content=\"Becs\u00fclt olvas\u00e1si id\u0151\" \/>\n\t<meta name=\"twitter:data1\" content=\"2 perc\" \/>\n<script type=\"application\/ld+json\" class=\"yoast-schema-graph\">{\"@context\":\"https:\/\/schema.org\",\"@graph\":[{\"@type\":\"WebPage\",\"@id\":\"https:\/\/univet.hu\/allasborze\/allasborze-2025\/kiallitok\/hardenberg-consulting-vetjobs24\/\",\"url\":\"https:\/\/univet.hu\/allasborze\/allasborze-2025\/kiallitok\/hardenberg-consulting-vetjobs24\/\",\"name\":\"Hardenberg Consulting - vetjobs24 - \u00c1ll\u00e1sb\u00f6rze\",\"isPartOf\":{\"@id\":\"https:\/\/univet.hu\/allasborze\/#website\"},\"primaryImageOfPage\":{\"@id\":\"https:\/\/univet.hu\/allasborze\/allasborze-2025\/kiallitok\/hardenberg-consulting-vetjobs24\/#primaryimage\"},\"image\":{\"@id\":\"https:\/\/univet.hu\/allasborze\/allasborze-2025\/kiallitok\/hardenberg-consulting-vetjobs24\/#primaryimage\"},\"thumbnailUrl\":\"https:\/\/univet.hu\/allasborze\/wp-content\/uploads\/sites\/2\/2025\/01\/HC-Logo-002-320x32.jpg\",\"datePublished\":\"2025-01-20T08:40:32+00:00\",\"dateModified\":\"2025-01-22T14:01:43+00:00\",\"breadcrumb\":{\"@id\":\"https:\/\/univet.hu\/allasborze\/allasborze-2025\/kiallitok\/hardenberg-consulting-vetjobs24\/#breadcrumb\"},\"inLanguage\":\"hu\",\"potentialAction\":[{\"@type\":\"ReadAction\",\"target\":[\"https:\/\/univet.hu\/allasborze\/allasborze-2025\/kiallitok\/hardenberg-consulting-vetjobs24\/\"]}]},{\"@type\":\"ImageObject\",\"inLanguage\":\"hu\",\"@id\":\"https:\/\/univet.hu\/allasborze\/allasborze-2025\/kiallitok\/hardenberg-consulting-vetjobs24\/#primaryimage\",\"url\":\"https:\/\/univet.hu\/allasborze\/wp-content\/uploads\/sites\/2\/2025\/01\/HC-Logo-002.jpg\",\"contentUrl\":\"https:\/\/univet.hu\/allasborze\/wp-content\/uploads\/sites\/2\/2025\/01\/HC-Logo-002.jpg\",\"width\":811,\"height\":81},{\"@type\":\"BreadcrumbList\",\"@id\":\"https:\/\/univet.hu\/allasborze\/allasborze-2025\/kiallitok\/hardenberg-consulting-vetjobs24\/#breadcrumb\",\"itemListElement\":[{\"@type\":\"ListItem\",\"position\":1,\"name\":\"Kezd\u0151lap\",\"item\":\"https:\/\/univet.hu\/allasborze\/\"},{\"@type\":\"ListItem\",\"position\":2,\"name\":\"\u00c1ll\u00e1sb\u00f6rze 2026\",\"item\":\"https:\/\/univet.hu\/allasborze\/\"},{\"@type\":\"ListItem\",\"position\":3,\"name\":\"Ki\u00e1ll\u00edt\u00f3k\",\"item\":\"https:\/\/univet.hu\/allasborze\/?page_id=172964\"},{\"@type\":\"ListItem\",\"position\":4,\"name\":\"Hardenberg Consulting &#8211; vetjobs24\"}]},{\"@type\":\"WebSite\",\"@id\":\"https:\/\/univet.hu\/allasborze\/#website\",\"url\":\"https:\/\/univet.hu\/allasborze\/\",\"name\":\"\u00c1ll\u00e1sb\u00f6rze\",\"description\":\"\",\"potentialAction\":[{\"@type\":\"SearchAction\",\"target\":{\"@type\":\"EntryPoint\",\"urlTemplate\":\"https:\/\/univet.hu\/allasborze\/?s={search_term_string}\"},\"query-input\":{\"@type\":\"PropertyValueSpecification\",\"valueRequired\":true,\"valueName\":\"search_term_string\"}}],\"inLanguage\":\"hu\"}]}<\/script>\n<!-- \/ Yoast SEO plugin. -->","yoast_head_json":{"title":"Hardenberg Consulting - vetjobs24 - \u00c1ll\u00e1sb\u00f6rze","robots":{"index":"index","follow":"follow","max-snippet":"max-snippet:-1","max-image-preview":"max-image-preview:large","max-video-preview":"max-video-preview:-1"},"canonical":"https:\/\/univet.hu\/allasborze\/allasborze-2025\/kiallitok\/hardenberg-consulting-vetjobs24\/","og_locale":"hu_HU","og_type":"article","og_title":"Hardenberg Consulting - vetjobs24 - \u00c1ll\u00e1sb\u00f6rze","og_description":"It\u00b4s all about jobs! Hardenberg Consulting GmbH is a leading international recruitment consultancy specializing in the recruitment of executives and professionals in the field of veterinary medicine and animal health. Based in Germany, our dedicated team of consultants and veterinarians are industry experts in placing the right veterinary professionals in the right positions.\u00a0 With our","og_url":"https:\/\/univet.hu\/allasborze\/allasborze-2025\/kiallitok\/hardenberg-consulting-vetjobs24\/","og_site_name":"\u00c1ll\u00e1sb\u00f6rze","article_modified_time":"2025-01-22T14:01:43+00:00","og_image":[{"width":811,"height":81,"url":"https:\/\/univet.hu\/allasborze\/wp-content\/uploads\/sites\/2\/2025\/01\/HC-Logo-002.jpg","type":"image\/jpeg"}],"twitter_card":"summary_large_image","twitter_misc":{"Becs\u00fclt olvas\u00e1si id\u0151":"2 perc"},"schema":{"@context":"https:\/\/schema.org","@graph":[{"@type":"WebPage","@id":"https:\/\/univet.hu\/allasborze\/allasborze-2025\/kiallitok\/hardenberg-consulting-vetjobs24\/","url":"https:\/\/univet.hu\/allasborze\/allasborze-2025\/kiallitok\/hardenberg-consulting-vetjobs24\/","name":"Hardenberg Consulting - vetjobs24 - \u00c1ll\u00e1sb\u00f6rze","isPartOf":{"@id":"https:\/\/univet.hu\/allasborze\/#website"},"primaryImageOfPage":{"@id":"https:\/\/univet.hu\/allasborze\/allasborze-2025\/kiallitok\/hardenberg-consulting-vetjobs24\/#primaryimage"},"image":{"@id":"https:\/\/univet.hu\/allasborze\/allasborze-2025\/kiallitok\/hardenberg-consulting-vetjobs24\/#primaryimage"},"thumbnailUrl":"https:\/\/univet.hu\/allasborze\/wp-content\/uploads\/sites\/2\/2025\/01\/HC-Logo-002-320x32.jpg","datePublished":"2025-01-20T08:40:32+00:00","dateModified":"2025-01-22T14:01:43+00:00","breadcrumb":{"@id":"https:\/\/univet.hu\/allasborze\/allasborze-2025\/kiallitok\/hardenberg-consulting-vetjobs24\/#breadcrumb"},"inLanguage":"hu","potentialAction":[{"@type":"ReadAction","target":["https:\/\/univet.hu\/allasborze\/allasborze-2025\/kiallitok\/hardenberg-consulting-vetjobs24\/"]}]},{"@type":"ImageObject","inLanguage":"hu","@id":"https:\/\/univet.hu\/allasborze\/allasborze-2025\/kiallitok\/hardenberg-consulting-vetjobs24\/#primaryimage","url":"https:\/\/univet.hu\/allasborze\/wp-content\/uploads\/sites\/2\/2025\/01\/HC-Logo-002.jpg","contentUrl":"https:\/\/univet.hu\/allasborze\/wp-content\/uploads\/sites\/2\/2025\/01\/HC-Logo-002.jpg","width":811,"height":81},{"@type":"BreadcrumbList","@id":"https:\/\/univet.hu\/allasborze\/allasborze-2025\/kiallitok\/hardenberg-consulting-vetjobs24\/#breadcrumb","itemListElement":[{"@type":"ListItem","position":1,"name":"Kezd\u0151lap","item":"https:\/\/univet.hu\/allasborze\/"},{"@type":"ListItem","position":2,"name":"\u00c1ll\u00e1sb\u00f6rze 2026","item":"https:\/\/univet.hu\/allasborze\/"},{"@type":"ListItem","position":3,"name":"Ki\u00e1ll\u00edt\u00f3k","item":"https:\/\/univet.hu\/allasborze\/?page_id=172964"},{"@type":"ListItem","position":4,"name":"Hardenberg Consulting &#8211; vetjobs24"}]},{"@type":"WebSite","@id":"https:\/\/univet.hu\/allasborze\/#website","url":"https:\/\/univet.hu\/allasborze\/","name":"\u00c1ll\u00e1sb\u00f6rze","description":"","potentialAction":[{"@type":"SearchAction","target":{"@type":"EntryPoint","urlTemplate":"https:\/\/univet.hu\/allasborze\/?s={search_term_string}"},"query-input":{"@type":"PropertyValueSpecification","valueRequired":true,"valueName":"search_term_string"}}],"inLanguage":"hu"}]}},"_links":{"self":[{"href":"https:\/\/univet.hu\/allasborze\/wp-json\/wp\/v2\/pages\/173016","targetHints":{"allow":["GET"]}}],"collection":[{"href":"https:\/\/univet.hu\/allasborze\/wp-json\/wp\/v2\/pages"}],"about":[{"href":"https:\/\/univet.hu\/allasborze\/wp-json\/wp\/v2\/types\/page"}],"author":[{"embeddable":true,"href":"https:\/\/univet.hu\/allasborze\/wp-json\/wp\/v2\/users\/2518"}],"replies":[{"embeddable":true,"href":"https:\/\/univet.hu\/allasborze\/wp-json\/wp\/v2\/comments?post=173016"}],"version-history":[{"count":5,"href":"https:\/\/univet.hu\/allasborze\/wp-json\/wp\/v2\/pages\/173016\/revisions"}],"predecessor-version":[{"id":173068,"href":"https:\/\/univet.hu\/allasborze\/wp-json\/wp\/v2\/pages\/173016\/revisions\/173068"}],"up":[{"embeddable":true,"href":"https:\/\/univet.hu\/allasborze\/wp-json\/wp\/v2\/pages\/172964"}],"wp:attachment":[{"href":"https:\/\/univet.hu\/allasborze\/wp-json\/wp\/v2\/media?parent=173016"}],"wp:term":[{"taxonomy":"category","embeddable":true,"href":"https:\/\/univet.hu\/allasborze\/wp-json\/wp\/v2\/categories?post=173016"},{"taxonomy":"post_tag","embeddable":true,"href":"https:\/\/univet.hu\/allasborze\/wp-json\/wp\/v2\/tags?post=173016"}],"curies":[{"name":"wp","href":"https:\/\/api.w.org\/{rel}","templated":true}]}}