{"id":46245,"date":"2019-11-20T14:15:41","date_gmt":"2019-11-20T13:15:41","guid":{"rendered":"https:\/\/univet.hu\/?page_id=46245"},"modified":"2025-01-10T13:58:49","modified_gmt":"2025-01-10T12:58:49","slug":"allasborze-2020","status":"publish","type":"page","link":"https:\/\/univet.hu\/allasborze\/allasborze-2020\/","title":{"rendered":"\u00c1ll\u00e1sb\u00f6rze 2020"},"content":{"rendered":"<p>Rem\u00e9lj\u00fck hamarosan vend\u00e9g\u00fcl l\u00e1thatjuk a III. UNIVET hazai \u00e9s nemzetk\u00f6zi \u00e1ll\u00e1sb\u00f6rz\u00e9nken!<\/p> <p><strong>Id\u0151pont<\/strong>: 2020. febru\u00e1r 13. 10:00-17:00<\/p> <p><strong>Helysz\u00edn<\/strong>: \u00c1llatorvostudom\u00e1nyi Egyetem (1078 Budapest, Istv\u00e1n utca 2.), Aula<\/p> <p><strong>Ki\u00e1ll\u00edt\u00f3knak<\/strong>: az \u00e1ll\u00e1sb\u00f6rz\u00e9n a megjelen\u00e9s INGYENES, k\u00e9rj\u00fck, tekintse meg csomagjainkat \u00e9s vegye fel vel\u00fcnk a kapcsolatot.<\/p> <p><strong>Di\u00e1koknak, frissen v\u00e9gzett \u00e1llatorvosoknak<\/strong>:\u00a0tekintse meg rendezv\u00e9ny\u00fcnk programj\u00e1t, az aktu\u00e1lis \u00e1ll\u00e1saj\u00e1nlatokat \u00e9s ki\u00e1ll\u00edt\u00f3ink list\u00e1j\u00e1t.<\/p> <p>&nbsp;<\/p> <p>&nbsp;<\/p> <p>&nbsp;<\/p> <p>&nbsp;<\/p>","protected":false},"excerpt":{"rendered":"<p>Rem\u00e9lj\u00fck hamarosan vend\u00e9g\u00fcl l\u00e1thatjuk a III. UNIVET hazai \u00e9s nemzetk\u00f6zi \u00e1ll\u00e1sb\u00f6rz\u00e9nken! Id\u0151pont: 2020. febru\u00e1r 13. 10:00-17:00 Helysz\u00edn: \u00c1llatorvostudom\u00e1nyi Egyetem (1078 Budapest, Istv\u00e1n utca 2.), Aula Ki\u00e1ll\u00edt\u00f3knak: az \u00e1ll\u00e1sb\u00f6rz\u00e9n a megjelen\u00e9s INGYENES, k\u00e9rj\u00fck, tekintse meg csomagjainkat \u00e9s vegye fel vel\u00fcnk a kapcsolatot. Di\u00e1koknak, frissen v\u00e9gzett \u00e1llatorvosoknak:\u00a0tekintse meg rendezv\u00e9ny\u00fcnk programj\u00e1t, az aktu\u00e1lis \u00e1ll\u00e1saj\u00e1nlatokat \u00e9s ki\u00e1ll\u00edt\u00f3ink list\u00e1j\u00e1t. &nbsp;<\/p>\n","protected":false},"author":2518,"featured_media":0,"parent":0,"menu_order":7,"comment_status":"open","ping_status":"open","template":"","meta":{"_acf_changed":false,"footnotes":""},"categories":[],"tags":[],"class_list":["post-46245","page","type-page","status-publish","hentry"],"acf":[],"yoast_head":"<!-- This site is optimized with the Yoast SEO plugin v27.2 - https:\/\/yoast.com\/product\/yoast-seo-wordpress\/ -->\n<title>\u00c1ll\u00e1sb\u00f6rze 2020 - \u00c1ll\u00e1sb\u00f6rze<\/title>\n<meta name=\"robots\" content=\"index, follow, max-snippet:-1, max-image-preview:large, max-video-preview:-1\" \/>\n<link rel=\"canonical\" href=\"https:\/\/univet.hu\/allasborze\/allasborze-2020\/\" \/>\n<meta property=\"og:locale\" content=\"hu_HU\" \/>\n<meta property=\"og:type\" content=\"article\" \/>\n<meta property=\"og:title\" content=\"\u00c1ll\u00e1sb\u00f6rze 2020 - \u00c1ll\u00e1sb\u00f6rze\" \/>\n<meta property=\"og:description\" content=\"Rem\u00e9lj\u00fck hamarosan vend\u00e9g\u00fcl l\u00e1thatjuk a III. UNIVET hazai \u00e9s nemzetk\u00f6zi \u00e1ll\u00e1sb\u00f6rz\u00e9nken! Id\u0151pont: 2020. febru\u00e1r 13. 10:00-17:00 Helysz\u00edn: \u00c1llatorvostudom\u00e1nyi Egyetem (1078 Budapest, Istv\u00e1n utca 2.), Aula Ki\u00e1ll\u00edt\u00f3knak: az \u00e1ll\u00e1sb\u00f6rz\u00e9n a megjelen\u00e9s INGYENES, k\u00e9rj\u00fck, tekintse meg csomagjainkat \u00e9s vegye fel vel\u00fcnk a kapcsolatot. Di\u00e1koknak, frissen v\u00e9gzett \u00e1llatorvosoknak:\u00a0tekintse meg rendezv\u00e9ny\u00fcnk programj\u00e1t, az aktu\u00e1lis \u00e1ll\u00e1saj\u00e1nlatokat \u00e9s ki\u00e1ll\u00edt\u00f3ink list\u00e1j\u00e1t. &nbsp;\" \/>\n<meta property=\"og:url\" content=\"https:\/\/univet.hu\/allasborze\/allasborze-2020\/\" \/>\n<meta property=\"og:site_name\" content=\"\u00c1ll\u00e1sb\u00f6rze\" \/>\n<meta property=\"article:modified_time\" content=\"2025-01-10T12:58:49+00:00\" \/>\n<meta name=\"twitter:card\" content=\"summary_large_image\" \/>\n<script type=\"application\/ld+json\" class=\"yoast-schema-graph\">{\"@context\":\"https:\/\/schema.org\",\"@graph\":[{\"@type\":\"WebPage\",\"@id\":\"https:\/\/univet.hu\/allasborze\/allasborze-2020\/\",\"url\":\"https:\/\/univet.hu\/allasborze\/allasborze-2020\/\",\"name\":\"\u00c1ll\u00e1sb\u00f6rze 2020 - \u00c1ll\u00e1sb\u00f6rze\",\"isPartOf\":{\"@id\":\"https:\/\/univet.hu\/allasborze\/#website\"},\"datePublished\":\"2019-11-20T13:15:41+00:00\",\"dateModified\":\"2025-01-10T12:58:49+00:00\",\"breadcrumb\":{\"@id\":\"https:\/\/univet.hu\/allasborze\/allasborze-2020\/#breadcrumb\"},\"inLanguage\":\"hu\",\"potentialAction\":[{\"@type\":\"ReadAction\",\"target\":[\"https:\/\/univet.hu\/allasborze\/allasborze-2020\/\"]}]},{\"@type\":\"BreadcrumbList\",\"@id\":\"https:\/\/univet.hu\/allasborze\/allasborze-2020\/#breadcrumb\",\"itemListElement\":[{\"@type\":\"ListItem\",\"position\":1,\"name\":\"Kezd\u0151lap\",\"item\":\"https:\/\/univet.hu\/allasborze\/\"},{\"@type\":\"ListItem\",\"position\":2,\"name\":\"\u00c1ll\u00e1sb\u00f6rze 2020\"}]},{\"@type\":\"WebSite\",\"@id\":\"https:\/\/univet.hu\/allasborze\/#website\",\"url\":\"https:\/\/univet.hu\/allasborze\/\",\"name\":\"\u00c1ll\u00e1sb\u00f6rze\",\"description\":\"\",\"potentialAction\":[{\"@type\":\"SearchAction\",\"target\":{\"@type\":\"EntryPoint\",\"urlTemplate\":\"https:\/\/univet.hu\/allasborze\/?s={search_term_string}\"},\"query-input\":{\"@type\":\"PropertyValueSpecification\",\"valueRequired\":true,\"valueName\":\"search_term_string\"}}],\"inLanguage\":\"hu\"}]}<\/script>\n<!-- \/ Yoast SEO plugin. -->","yoast_head_json":{"title":"\u00c1ll\u00e1sb\u00f6rze 2020 - \u00c1ll\u00e1sb\u00f6rze","robots":{"index":"index","follow":"follow","max-snippet":"max-snippet:-1","max-image-preview":"max-image-preview:large","max-video-preview":"max-video-preview:-1"},"canonical":"https:\/\/univet.hu\/allasborze\/allasborze-2020\/","og_locale":"hu_HU","og_type":"article","og_title":"\u00c1ll\u00e1sb\u00f6rze 2020 - \u00c1ll\u00e1sb\u00f6rze","og_description":"Rem\u00e9lj\u00fck hamarosan vend\u00e9g\u00fcl l\u00e1thatjuk a III. UNIVET hazai \u00e9s nemzetk\u00f6zi \u00e1ll\u00e1sb\u00f6rz\u00e9nken! Id\u0151pont: 2020. febru\u00e1r 13. 10:00-17:00 Helysz\u00edn: \u00c1llatorvostudom\u00e1nyi Egyetem (1078 Budapest, Istv\u00e1n utca 2.), Aula Ki\u00e1ll\u00edt\u00f3knak: az \u00e1ll\u00e1sb\u00f6rz\u00e9n a megjelen\u00e9s INGYENES, k\u00e9rj\u00fck, tekintse meg csomagjainkat \u00e9s vegye fel vel\u00fcnk a kapcsolatot. Di\u00e1koknak, frissen v\u00e9gzett \u00e1llatorvosoknak:\u00a0tekintse meg rendezv\u00e9ny\u00fcnk programj\u00e1t, az aktu\u00e1lis \u00e1ll\u00e1saj\u00e1nlatokat \u00e9s ki\u00e1ll\u00edt\u00f3ink list\u00e1j\u00e1t. &nbsp;","og_url":"https:\/\/univet.hu\/allasborze\/allasborze-2020\/","og_site_name":"\u00c1ll\u00e1sb\u00f6rze","article_modified_time":"2025-01-10T12:58:49+00:00","twitter_card":"summary_large_image","schema":{"@context":"https:\/\/schema.org","@graph":[{"@type":"WebPage","@id":"https:\/\/univet.hu\/allasborze\/allasborze-2020\/","url":"https:\/\/univet.hu\/allasborze\/allasborze-2020\/","name":"\u00c1ll\u00e1sb\u00f6rze 2020 - \u00c1ll\u00e1sb\u00f6rze","isPartOf":{"@id":"https:\/\/univet.hu\/allasborze\/#website"},"datePublished":"2019-11-20T13:15:41+00:00","dateModified":"2025-01-10T12:58:49+00:00","breadcrumb":{"@id":"https:\/\/univet.hu\/allasborze\/allasborze-2020\/#breadcrumb"},"inLanguage":"hu","potentialAction":[{"@type":"ReadAction","target":["https:\/\/univet.hu\/allasborze\/allasborze-2020\/"]}]},{"@type":"BreadcrumbList","@id":"https:\/\/univet.hu\/allasborze\/allasborze-2020\/#breadcrumb","itemListElement":[{"@type":"ListItem","position":1,"name":"Kezd\u0151lap","item":"https:\/\/univet.hu\/allasborze\/"},{"@type":"ListItem","position":2,"name":"\u00c1ll\u00e1sb\u00f6rze 2020"}]},{"@type":"WebSite","@id":"https:\/\/univet.hu\/allasborze\/#website","url":"https:\/\/univet.hu\/allasborze\/","name":"\u00c1ll\u00e1sb\u00f6rze","description":"","potentialAction":[{"@type":"SearchAction","target":{"@type":"EntryPoint","urlTemplate":"https:\/\/univet.hu\/allasborze\/?s={search_term_string}"},"query-input":{"@type":"PropertyValueSpecification","valueRequired":true,"valueName":"search_term_string"}}],"inLanguage":"hu"}]}},"_links":{"self":[{"href":"https:\/\/univet.hu\/allasborze\/wp-json\/wp\/v2\/pages\/46245","targetHints":{"allow":["GET"]}}],"collection":[{"href":"https:\/\/univet.hu\/allasborze\/wp-json\/wp\/v2\/pages"}],"about":[{"href":"https:\/\/univet.hu\/allasborze\/wp-json\/wp\/v2\/types\/page"}],"author":[{"embeddable":true,"href":"https:\/\/univet.hu\/allasborze\/wp-json\/wp\/v2\/users\/2518"}],"replies":[{"embeddable":true,"href":"https:\/\/univet.hu\/allasborze\/wp-json\/wp\/v2\/comments?post=46245"}],"version-history":[{"count":2,"href":"https:\/\/univet.hu\/allasborze\/wp-json\/wp\/v2\/pages\/46245\/revisions"}],"predecessor-version":[{"id":172788,"href":"https:\/\/univet.hu\/allasborze\/wp-json\/wp\/v2\/pages\/46245\/revisions\/172788"}],"wp:attachment":[{"href":"https:\/\/univet.hu\/allasborze\/wp-json\/wp\/v2\/media?parent=46245"}],"wp:term":[{"taxonomy":"category","embeddable":true,"href":"https:\/\/univet.hu\/allasborze\/wp-json\/wp\/v2\/categories?post=46245"},{"taxonomy":"post_tag","embeddable":true,"href":"https:\/\/univet.hu\/allasborze\/wp-json\/wp\/v2\/tags?post=46245"}],"curies":[{"name":"wp","href":"https:\/\/api.w.org\/{rel}","templated":true}]}}