{"id":46249,"date":"2019-11-20T14:20:54","date_gmt":"2019-11-20T13:20:54","guid":{"rendered":"https:\/\/univet.hu\/hu\/allasborze-2020\/name\/"},"modified":"2025-01-10T13:58:49","modified_gmt":"2025-01-10T12:58:49","slug":"kiallitoi-csomagok","status":"publish","type":"page","link":"https:\/\/univet.hu\/allasborze\/allasborze-2020\/kiallitoi-csomagok\/","title":{"rendered":"Ki\u00e1ll\u00edt\u00f3i csomagok"},"content":{"rendered":"<p>B\u00edzunk benne, hogy \u00d6nt is ki\u00e1ll\u00edt\u00f3ink k\u00f6z\u00f6tt \u00fcdv\u00f6z\u00f6lhetj\u00fck az \u00c1llatorvostudom\u00e1nyi Egyetem III. Magyar \u00e9s Nemzetk\u00f6zi \u00c1ll\u00e1sb\u00f6rz\u00e9j\u00e9n, amelyet <strong>2020. febru\u00e1r 13-\u00e1n<\/strong>, cs\u00fct\u00f6rt\u00f6k\u00f6n tartunk az Egyetem Aul\u00e1j\u00e1ban.<\/p> <p>Tal\u00e1lkozzon szem\u00e9lyesen di\u00e1kjainkkal, friss diplom\u00e1sainkkal \u00e9s az elm\u00falt 5 \u00e9vben v\u00e9gzett Alumni tagjainkkal!<\/p> <p><strong>Az \u00c1TE 2020 \u00c1ll\u00e1sb\u00f6rze ki\u00e1ll\u00edt\u00f3i r\u00e9szv\u00e9tele ingyenes!<\/strong><\/p> <p>Tekintse meg ki\u00e1ll\u00edt\u00f3i csomagjainkat:<\/p> <p><a href=\"https:\/\/univet.hu\/allasborze\/wp-content\/uploads\/sites\/2\/2020\/01\/ATE-Allasborze-2020.pdf\" target=\"_blank\" rel=\"noopener\">\u00c1TE \u00c1ll\u00e1sb\u00f6rze 2020 Ki\u00e1ll\u00edt\u00f3i csomagok<\/a><\/p> <p>Amennyiben ki\u00e1ll\u00edt\u00f3k\u00e9nt szeretne r\u00e9szt venni az \u00c1TE \u00c1ll\u00e1sb\u00f6rze 2020 rendezv\u00e9nyen, k\u00e9rj\u00fck, regisztr\u00e1ljon az al\u00e1bbi linken:\u00a0<a href=\"https:\/\/indico.univet.hu\/e\/Allasborze2020\" target=\"_blank\" rel=\"noopener\">https:\/\/indico.univet.hu\/e\/Allasborze2020<\/a><\/p> <p>Ki\u00e1ll\u00edt\u00f3ink sz\u00e1m\u00e1ra kedvezm\u00e9nyes sz\u00e1ll\u00e1slehet\u0151s\u00e9g <a href=\"https:\/\/www.danubiushotels.com\/hu\/jobfair2020\" target=\"_blank\" rel=\"noopener\">itt\u00a0\u00e9rhet\u0151 el.<\/a><\/p> <p><strong>Kapcsolat:<\/strong><br \/> \u00c1llatorvostudom\u00e1nyi Egyetem<br \/> Kommunik\u00e1ci\u00f3s \u00e9s Nemzetk\u00f6zi Kapcsolatok Oszt\u00e1ly, Karrier Iroda<br \/> 1078 Budapest, Istv\u00e1n u. 2.<br \/> E-mail: <a class=\"decrypt\" rel=\"dbsffsAvojwfu\/iv\" href=\"javascript:void(0);\">[Kattintson az emailc\u00edmhez]<\/a><br \/> Telefon: +36 1 478 4100 \/ 8362 vagy 8382<\/p>","protected":false},"excerpt":{"rendered":"<p>B\u00edzunk benne, hogy \u00d6nt is ki\u00e1ll\u00edt\u00f3ink k\u00f6z\u00f6tt \u00fcdv\u00f6z\u00f6lhetj\u00fck az \u00c1llatorvostudom\u00e1nyi Egyetem III. Magyar \u00e9s Nemzetk\u00f6zi \u00c1ll\u00e1sb\u00f6rz\u00e9j\u00e9n, amelyet 2020. febru\u00e1r 13-\u00e1n, cs\u00fct\u00f6rt\u00f6k\u00f6n tartunk az Egyetem Aul\u00e1j\u00e1ban. Tal\u00e1lkozzon szem\u00e9lyesen di\u00e1kjainkkal, friss diplom\u00e1sainkkal \u00e9s az elm\u00falt 5 \u00e9vben v\u00e9gzett Alumni tagjainkkal! Az \u00c1TE 2020 \u00c1ll\u00e1sb\u00f6rze ki\u00e1ll\u00edt\u00f3i r\u00e9szv\u00e9tele ingyenes! Tekintse meg ki\u00e1ll\u00edt\u00f3i csomagjainkat: \u00c1TE \u00c1ll\u00e1sb\u00f6rze 2020 Ki\u00e1ll\u00edt\u00f3i csomagok Amennyiben<\/p>\n","protected":false},"author":2518,"featured_media":0,"parent":46245,"menu_order":0,"comment_status":"open","ping_status":"open","template":"","meta":{"_acf_changed":false,"footnotes":""},"categories":[],"tags":[],"class_list":["post-46249","page","type-page","status-publish","hentry"],"acf":[],"yoast_head":"<!-- This site is optimized with the Yoast SEO plugin v27.2 - https:\/\/yoast.com\/product\/yoast-seo-wordpress\/ -->\n<title>Ki\u00e1ll\u00edt\u00f3i csomagok - \u00c1ll\u00e1sb\u00f6rze<\/title>\n<meta name=\"robots\" content=\"index, follow, max-snippet:-1, max-image-preview:large, max-video-preview:-1\" \/>\n<link rel=\"canonical\" href=\"https:\/\/univet.hu\/allasborze\/allasborze-2020\/kiallitoi-csomagok\/\" \/>\n<meta property=\"og:locale\" content=\"hu_HU\" \/>\n<meta property=\"og:type\" content=\"article\" \/>\n<meta property=\"og:title\" content=\"Ki\u00e1ll\u00edt\u00f3i csomagok - \u00c1ll\u00e1sb\u00f6rze\" \/>\n<meta property=\"og:description\" content=\"B\u00edzunk benne, hogy \u00d6nt is ki\u00e1ll\u00edt\u00f3ink k\u00f6z\u00f6tt \u00fcdv\u00f6z\u00f6lhetj\u00fck az \u00c1llatorvostudom\u00e1nyi Egyetem III. Magyar \u00e9s Nemzetk\u00f6zi \u00c1ll\u00e1sb\u00f6rz\u00e9j\u00e9n, amelyet 2020. febru\u00e1r 13-\u00e1n, cs\u00fct\u00f6rt\u00f6k\u00f6n tartunk az Egyetem Aul\u00e1j\u00e1ban. Tal\u00e1lkozzon szem\u00e9lyesen di\u00e1kjainkkal, friss diplom\u00e1sainkkal \u00e9s az elm\u00falt 5 \u00e9vben v\u00e9gzett Alumni tagjainkkal! Az \u00c1TE 2020 \u00c1ll\u00e1sb\u00f6rze ki\u00e1ll\u00edt\u00f3i r\u00e9szv\u00e9tele ingyenes! Tekintse meg ki\u00e1ll\u00edt\u00f3i csomagjainkat: \u00c1TE \u00c1ll\u00e1sb\u00f6rze 2020 Ki\u00e1ll\u00edt\u00f3i csomagok Amennyiben\" \/>\n<meta property=\"og:url\" content=\"https:\/\/univet.hu\/allasborze\/allasborze-2020\/kiallitoi-csomagok\/\" \/>\n<meta property=\"og:site_name\" content=\"\u00c1ll\u00e1sb\u00f6rze\" \/>\n<meta property=\"article:modified_time\" content=\"2025-01-10T12:58:49+00:00\" \/>\n<meta name=\"twitter:card\" content=\"summary_large_image\" \/>\n<meta name=\"twitter:label1\" content=\"Becs\u00fclt olvas\u00e1si id\u0151\" \/>\n\t<meta name=\"twitter:data1\" content=\"1 perc\" \/>\n<script type=\"application\/ld+json\" class=\"yoast-schema-graph\">{\"@context\":\"https:\/\/schema.org\",\"@graph\":[{\"@type\":\"WebPage\",\"@id\":\"https:\/\/univet.hu\/allasborze\/allasborze-2020\/kiallitoi-csomagok\/\",\"url\":\"https:\/\/univet.hu\/allasborze\/allasborze-2020\/kiallitoi-csomagok\/\",\"name\":\"Ki\u00e1ll\u00edt\u00f3i csomagok - \u00c1ll\u00e1sb\u00f6rze\",\"isPartOf\":{\"@id\":\"https:\/\/univet.hu\/allasborze\/#website\"},\"datePublished\":\"2019-11-20T13:20:54+00:00\",\"dateModified\":\"2025-01-10T12:58:49+00:00\",\"breadcrumb\":{\"@id\":\"https:\/\/univet.hu\/allasborze\/allasborze-2020\/kiallitoi-csomagok\/#breadcrumb\"},\"inLanguage\":\"hu\",\"potentialAction\":[{\"@type\":\"ReadAction\",\"target\":[\"https:\/\/univet.hu\/allasborze\/allasborze-2020\/kiallitoi-csomagok\/\"]}]},{\"@type\":\"BreadcrumbList\",\"@id\":\"https:\/\/univet.hu\/allasborze\/allasborze-2020\/kiallitoi-csomagok\/#breadcrumb\",\"itemListElement\":[{\"@type\":\"ListItem\",\"position\":1,\"name\":\"Kezd\u0151lap\",\"item\":\"https:\/\/univet.hu\/allasborze\/\"},{\"@type\":\"ListItem\",\"position\":2,\"name\":\"\u00c1ll\u00e1sb\u00f6rze 2020\",\"item\":\"https:\/\/univet.hu\/allasborze\/allasborze-2020\/\"},{\"@type\":\"ListItem\",\"position\":3,\"name\":\"Ki\u00e1ll\u00edt\u00f3i csomagok\"}]},{\"@type\":\"WebSite\",\"@id\":\"https:\/\/univet.hu\/allasborze\/#website\",\"url\":\"https:\/\/univet.hu\/allasborze\/\",\"name\":\"\u00c1ll\u00e1sb\u00f6rze\",\"description\":\"\",\"potentialAction\":[{\"@type\":\"SearchAction\",\"target\":{\"@type\":\"EntryPoint\",\"urlTemplate\":\"https:\/\/univet.hu\/allasborze\/?s={search_term_string}\"},\"query-input\":{\"@type\":\"PropertyValueSpecification\",\"valueRequired\":true,\"valueName\":\"search_term_string\"}}],\"inLanguage\":\"hu\"}]}<\/script>\n<!-- \/ Yoast SEO plugin. -->","yoast_head_json":{"title":"Ki\u00e1ll\u00edt\u00f3i csomagok - \u00c1ll\u00e1sb\u00f6rze","robots":{"index":"index","follow":"follow","max-snippet":"max-snippet:-1","max-image-preview":"max-image-preview:large","max-video-preview":"max-video-preview:-1"},"canonical":"https:\/\/univet.hu\/allasborze\/allasborze-2020\/kiallitoi-csomagok\/","og_locale":"hu_HU","og_type":"article","og_title":"Ki\u00e1ll\u00edt\u00f3i csomagok - \u00c1ll\u00e1sb\u00f6rze","og_description":"B\u00edzunk benne, hogy \u00d6nt is ki\u00e1ll\u00edt\u00f3ink k\u00f6z\u00f6tt \u00fcdv\u00f6z\u00f6lhetj\u00fck az \u00c1llatorvostudom\u00e1nyi Egyetem III. Magyar \u00e9s Nemzetk\u00f6zi \u00c1ll\u00e1sb\u00f6rz\u00e9j\u00e9n, amelyet 2020. febru\u00e1r 13-\u00e1n, cs\u00fct\u00f6rt\u00f6k\u00f6n tartunk az Egyetem Aul\u00e1j\u00e1ban. Tal\u00e1lkozzon szem\u00e9lyesen di\u00e1kjainkkal, friss diplom\u00e1sainkkal \u00e9s az elm\u00falt 5 \u00e9vben v\u00e9gzett Alumni tagjainkkal! Az \u00c1TE 2020 \u00c1ll\u00e1sb\u00f6rze ki\u00e1ll\u00edt\u00f3i r\u00e9szv\u00e9tele ingyenes! Tekintse meg ki\u00e1ll\u00edt\u00f3i csomagjainkat: \u00c1TE \u00c1ll\u00e1sb\u00f6rze 2020 Ki\u00e1ll\u00edt\u00f3i csomagok Amennyiben","og_url":"https:\/\/univet.hu\/allasborze\/allasborze-2020\/kiallitoi-csomagok\/","og_site_name":"\u00c1ll\u00e1sb\u00f6rze","article_modified_time":"2025-01-10T12:58:49+00:00","twitter_card":"summary_large_image","twitter_misc":{"Becs\u00fclt olvas\u00e1si id\u0151":"1 perc"},"schema":{"@context":"https:\/\/schema.org","@graph":[{"@type":"WebPage","@id":"https:\/\/univet.hu\/allasborze\/allasborze-2020\/kiallitoi-csomagok\/","url":"https:\/\/univet.hu\/allasborze\/allasborze-2020\/kiallitoi-csomagok\/","name":"Ki\u00e1ll\u00edt\u00f3i csomagok - \u00c1ll\u00e1sb\u00f6rze","isPartOf":{"@id":"https:\/\/univet.hu\/allasborze\/#website"},"datePublished":"2019-11-20T13:20:54+00:00","dateModified":"2025-01-10T12:58:49+00:00","breadcrumb":{"@id":"https:\/\/univet.hu\/allasborze\/allasborze-2020\/kiallitoi-csomagok\/#breadcrumb"},"inLanguage":"hu","potentialAction":[{"@type":"ReadAction","target":["https:\/\/univet.hu\/allasborze\/allasborze-2020\/kiallitoi-csomagok\/"]}]},{"@type":"BreadcrumbList","@id":"https:\/\/univet.hu\/allasborze\/allasborze-2020\/kiallitoi-csomagok\/#breadcrumb","itemListElement":[{"@type":"ListItem","position":1,"name":"Kezd\u0151lap","item":"https:\/\/univet.hu\/allasborze\/"},{"@type":"ListItem","position":2,"name":"\u00c1ll\u00e1sb\u00f6rze 2020","item":"https:\/\/univet.hu\/allasborze\/allasborze-2020\/"},{"@type":"ListItem","position":3,"name":"Ki\u00e1ll\u00edt\u00f3i csomagok"}]},{"@type":"WebSite","@id":"https:\/\/univet.hu\/allasborze\/#website","url":"https:\/\/univet.hu\/allasborze\/","name":"\u00c1ll\u00e1sb\u00f6rze","description":"","potentialAction":[{"@type":"SearchAction","target":{"@type":"EntryPoint","urlTemplate":"https:\/\/univet.hu\/allasborze\/?s={search_term_string}"},"query-input":{"@type":"PropertyValueSpecification","valueRequired":true,"valueName":"search_term_string"}}],"inLanguage":"hu"}]}},"_links":{"self":[{"href":"https:\/\/univet.hu\/allasborze\/wp-json\/wp\/v2\/pages\/46249","targetHints":{"allow":["GET"]}}],"collection":[{"href":"https:\/\/univet.hu\/allasborze\/wp-json\/wp\/v2\/pages"}],"about":[{"href":"https:\/\/univet.hu\/allasborze\/wp-json\/wp\/v2\/types\/page"}],"author":[{"embeddable":true,"href":"https:\/\/univet.hu\/allasborze\/wp-json\/wp\/v2\/users\/2518"}],"replies":[{"embeddable":true,"href":"https:\/\/univet.hu\/allasborze\/wp-json\/wp\/v2\/comments?post=46249"}],"version-history":[{"count":2,"href":"https:\/\/univet.hu\/allasborze\/wp-json\/wp\/v2\/pages\/46249\/revisions"}],"predecessor-version":[{"id":172789,"href":"https:\/\/univet.hu\/allasborze\/wp-json\/wp\/v2\/pages\/46249\/revisions\/172789"}],"up":[{"embeddable":true,"href":"https:\/\/univet.hu\/allasborze\/wp-json\/wp\/v2\/pages\/46245"}],"wp:attachment":[{"href":"https:\/\/univet.hu\/allasborze\/wp-json\/wp\/v2\/media?parent=46249"}],"wp:term":[{"taxonomy":"category","embeddable":true,"href":"https:\/\/univet.hu\/allasborze\/wp-json\/wp\/v2\/categories?post=46249"},{"taxonomy":"post_tag","embeddable":true,"href":"https:\/\/univet.hu\/allasborze\/wp-json\/wp\/v2\/tags?post=46249"}],"curies":[{"name":"wp","href":"https:\/\/api.w.org\/{rel}","templated":true}]}}