{"id":47674,"date":"2020-01-08T13:15:27","date_gmt":"2020-01-08T12:15:27","guid":{"rendered":"https:\/\/univet.hu\/?page_id=47674"},"modified":"2025-01-10T13:55:13","modified_gmt":"2025-01-10T12:55:13","slug":"aktualis-allasajanlatok","status":"publish","type":"page","link":"https:\/\/univet.hu\/allasborze\/allasborze-2020\/aktualis-allasajanlatok\/","title":{"rendered":"Aktu\u00e1lis \u00e1ll\u00e1saj\u00e1nlatok"},"content":{"rendered":"<p><strong>Kedves \u00c1ll\u00e1sb\u00f6rze ir\u00e1nt \u00e9rdekl\u0151d\u0151 di\u00e1kunk!<\/strong><\/p> <p>Al\u00e1bb tal\u00e1lja az \u00c1ll\u00e1sb\u00f6rz\u00e9n r\u00e9sztvev\u0151 ki\u00e1ll\u00edt\u00f3ink aktu\u00e1lis \u00e1ll\u00e1saj\u00e1nlatait:<\/p> <p><strong>Magyarorsz\u00e1g<\/strong><\/p> <p><a href=\"https:\/\/univet.hu\/allasborze\/wp-content\/uploads\/sites\/2\/2020\/02\/BAJAVET-Allatorvosi-rendelo_n.pdf\" target=\"_blank\" rel=\"noopener\">\u00c1llatorvos &#8211; BAJAVET \u00c1llatorvosi rendel\u0151 &#8211; Baja, Magyarorsz\u00e1g<\/a><\/p> <p><a href=\"https:\/\/univet.hu\/allasborze\/wp-content\/uploads\/sites\/2\/2020\/02\/Biochem_Budapest_Administration-and-Managing-inland-and-EU-transportation_n.pdf\" target=\"_blank\" rel=\"noopener\">Logistics &#8211; Biochem Hungaria &#8211; Budapest, Magyarorsz\u00e1g<\/a><\/p> <p><a href=\"https:\/\/univet.hu\/allasborze\/wp-content\/uploads\/sites\/2\/2020\/02\/Biochem_Budapest_Technical-Sales-Manager_n.pdf\" target=\"_blank\" rel=\"noopener\">Technical Sales Manager Poultry &#8211; Biochem Hungaria &#8211; Budapest, Magyarorsz\u00e1g<\/a><\/p> <p><a href=\"https:\/\/univet.hu\/allasborze\/wp-content\/uploads\/sites\/2\/2020\/01\/Farmosvet_Lajosmizse_Allatorvos.pdf\" target=\"_blank\" rel=\"noopener\">\u00c1llatorvos &#8211; Farmosvet &#8211; Lajosmizse, Magyarorsz\u00e1g<\/a><\/p> <p><a href=\"https:\/\/univet.hu\/allasborze\/wp-content\/uploads\/sites\/2\/2020\/01\/Hadhazy-Vet-Kft_Szekszard_Allatorvos.pdf\" target=\"_blank\" rel=\"noopener\">\u00c1llatorvos &#8211; Hadh\u00e1zy-Vet Kft. &#8211; Szeksz\u00e1rd, Magyarorsz\u00e1g<\/a><\/p> <p><a href=\"https:\/\/univet.hu\/allasborze\/wp-content\/uploads\/sites\/2\/2020\/02\/Esztergomi-Allatambulancia_Esztergom_Allatorvos_n.pdf\" target=\"_blank\" rel=\"noopener\">\u00c1llatorvos &#8211; Esztergomi \u00c1llatambulancia &#8211; Esztergom, Magyarorsz\u00e1g<\/a><\/p> <p><a href=\"https:\/\/univet.hu\/allasborze\/wp-content\/uploads\/sites\/2\/2020\/01\/Dunakeszi-Allatkorhaz_Dunakeszi_Allatorvos.pdf\" target=\"_blank\" rel=\"noopener\">\u00c1llatorvos &#8211; Dunakeszi \u00c1llatk\u00f3rh\u00e1z &#8211; Dunakeszi, Magyarorsz\u00e1g<\/a><\/p> <p><a href=\"https:\/\/univet.hu\/allasborze\/wp-content\/uploads\/sites\/2\/2020\/01\/Budapesti-Allatkorhaz_Budapest_Allatorvos.pdf\" target=\"_blank\" rel=\"noopener\">\u00c1llatorvos &#8211; Budapesti \u00c1llatk\u00f3rh\u00e1z &#8211; Budapest, Magyarorsz\u00e1g<\/a><\/p> <p><a href=\"https:\/\/univet.hu\/allasborze\/wp-content\/uploads\/sites\/2\/2020\/02\/Pannon-Logyogyaszati_Kapovar_allatorvos_n.pdf\" target=\"_blank\" rel=\"noopener\">\u00c1llatorvos &#8211; Pannon L\u00f3gy\u00f3gy\u00e1szati \u00e9s Rehabilit\u00e1ci\u00f3s Kft &#8211; Kaposv\u00e1r, Magyarorsz\u00e1g<\/a><\/p> <p><a href=\"https:\/\/univet.hu\/allasborze\/wp-content\/uploads\/sites\/2\/2020\/01\/Madarkorhaz_Hortobagy_Allatorvos.pdf\" target=\"_blank\" rel=\"noopener\">\u00c1llatorvos &#8211; Mad\u00e1rk\u00f3rh\u00e1z &#8211; Hortob\u00e1gy, Magyarorsz\u00e1g<\/a><\/p> <p><a href=\"https:\/\/univet.hu\/allasborze\/wp-content\/uploads\/sites\/2\/2020\/01\/Medipet-Plus_Veresegyhaz_Allatorvos.pdf\" target=\"_blank\" rel=\"noopener\">\u00c1llatorvos &#8211; Medipet Plus &#8211; Veresegyh\u00e1z, Magyarorsz\u00e1g<\/a><\/p> <p><a href=\"https:\/\/univet.hu\/allasborze\/wp-content\/uploads\/sites\/2\/2020\/01\/T.pdf\" target=\"_blank\" rel=\"noopener\">T\u00fari \u00c1llatk\u00f3rh\u00e1z &#8211; Dunaf\u00f6ldv\u00e1r, Duna\u00fajv\u00e1ros, Kecskem\u00e9t<\/a><\/p> <p><a href=\"https:\/\/univet.hu\/allasborze\/wp-content\/uploads\/sites\/2\/2020\/02\/Medicus-Partner-Kft_Biatorbagy_Allatorvos-munkatars.pdf\" target=\"_blank\" rel=\"noopener\">\u00c1llatorvos &#8211; Medicus Partner Kft. &#8211; Biatorb\u00e1gy, Magyarorsz\u00e1g<\/a><\/p> <p><a href=\"https:\/\/univet.hu\/allasborze\/wp-content\/uploads\/sites\/2\/2020\/02\/PraxisLab_allas.pdf\" target=\"_blank\" rel=\"noopener\">Laborat\u00f3riumi \u00e1llatorvos &#8211; PraxisLab Kft. &#8211; Budapest, Magyarorsz\u00e1g<\/a><\/p> <p><a href=\"https:\/\/univet.hu\/allasborze\/wp-content\/uploads\/sites\/2\/2020\/02\/Allashirdetes_Dr.Eory_.pdf\" target=\"_blank\" rel=\"noopener\">\u00c1llatorvos &#8211; Dr. E\u00f6ry \u00e9s Dr. Wellmann \u00c1llatorvosi rendel\u0151 &#8211; Budapest<\/a><\/p> <p>&nbsp;<\/p> <p><strong>K\u00fclf\u00f6ld<\/strong><\/p> <p><a href=\"https:\/\/univet.hu\/allasborze\/wp-content\/uploads\/sites\/2\/2020\/07\/gefluegeltierarzt.pdf\" target=\"_blank\" rel=\"noopener\">Tierarzt in f\u00fcr Gefl\u00fcgelpraxis<\/a><\/p> <p><a href=\"https:\/\/univet.hu\/hu\/2020\/07\/08\/bella-dezso-informatikai-es-biztonsagi-igazgato-a-jarvanyban-szuletett-tavoktatas-kepzesunk-elemeve-valik\/\">International online job exchange exclusively for veterinarians- Vet jobs 24<\/a><\/p> <p><a href=\"https:\/\/univet.hu\/allasborze\/wp-content\/uploads\/sites\/2\/2020\/01\/Tierklinik_Austria_Swine-only-veterinarian.pdf\" target=\"_blank\" rel=\"noopener\">Swine only veterinarian &#8211; Tierklinik &#8211; Austria<\/a><\/p> <p><a href=\"https:\/\/univet.hu\/allasborze\/wp-content\/uploads\/sites\/2\/2020\/02\/Tierklinik_intern.pdf\" target=\"_blank\" rel=\"noopener\">Intern &#8211; Swine Medicine &amp; Management &#8211; Tierklinik &#8211; Austria<\/a><\/p> <p><a href=\"https:\/\/univet.hu\/allasborze\/wp-content\/uploads\/sites\/2\/2020\/01\/Tierklinik_Austria_Companion-Small-Animal-Vet.pdf\" target=\"_blank\" rel=\"noopener\">Small animal vet &#8211; Tierklinik &#8211; Austria<\/a><\/p> <p><a href=\"https:\/\/univet.hu\/allasborze\/wp-content\/uploads\/sites\/2\/2020\/02\/Tierklinik_intern2.pdf\" target=\"_blank\" rel=\"noopener\">Intern &#8211; Small animal medicine &amp; surgery &amp; imaging &#8211; Tierklinik &#8211; Austria<\/a><\/p> <p><a href=\"https:\/\/univet.hu\/allasborze\/wp-content\/uploads\/sites\/2\/2020\/01\/Medivet_United-Kingdome_Graduate-Vet-Position.pdf\" target=\"_blank\" rel=\"noopener\">Graduate vet position &#8211; Medivet &#8211; United Kingdom<\/a><\/p> <p><a href=\"https:\/\/univet.hu\/allasborze\/wp-content\/uploads\/sites\/2\/2020\/01\/Kleintierklinik-Wasbek-GmbH-Co-KG_Germany_Veterinarian.pdf\" target=\"_blank\" rel=\"noopener\">Veterinarian &#8211; Kleintierklinik Wasbek GmbH &amp; Co KG &#8211; Germany<\/a><\/p> <p><a href=\"https:\/\/univet.hu\/allasborze\/wp-content\/uploads\/sites\/2\/2020\/02\/John_Fortune_Ireland_veterinary-surgeon_n.pdf\" target=\"_blank\" rel=\"noopener\">Veterinary surgeon &#8211; John Fortune &#8211; Ireland<\/a><\/p> <p><a href=\"https:\/\/univet.hu\/allasborze\/wp-content\/uploads\/sites\/2\/2020\/02\/IVC-Evidensia_United-Kingdom_Vet-Graduate-Academy-Programme_n.pdf\" target=\"_blank\" rel=\"noopener\">Vet Graduate Academy Programme &#8211; IVC Evidensia &#8211; United Kingdom<\/a><\/p> <p><a href=\"https:\/\/univet.hu\/allasborze\/wp-content\/uploads\/sites\/2\/2020\/02\/Lloyd-Cowan-Veterinary-Recruitment_United-Kingdom-Ireland_Graduate-Veterinary-Surgeon_n.pdf\" target=\"_blank\" rel=\"noopener\">Graduate Veterinary Surgeon &#8211; Lloyd &amp; Cowan Veterinary Recruitment &#8211; United Kingdom, Ireland<\/a><\/p> <p><a href=\"https:\/\/univet.hu\/allasborze\/wp-content\/uploads\/sites\/2\/2020\/02\/Clinique-Equine-de-Meslay_France_Internship_n.pdf\" target=\"_blank\" rel=\"noopener\">Internship &#8211; Clinique Equine de Meslay &#8211; France<\/a><\/p> <p><a href=\"https:\/\/univet.hu\/allasborze\/wp-content\/uploads\/sites\/2\/2020\/02\/Bluepool-job.pdf\">Veterinary surgeon &#8211; Bluepool Veterinary Clinic &#8211; Ireland<\/a><\/p> <p><a href=\"https:\/\/univet.hu\/allasborze\/wp-content\/uploads\/sites\/2\/2020\/03\/medivet-Graduate.pdf\" target=\"_blank\" rel=\"noopener\">Graduate Development Programme &#8211; Medivet &#8211; United Kingdom<\/a><\/p> <p><a href=\"https:\/\/univet.hu\/allasborze\/wp-content\/uploads\/sites\/2\/2020\/03\/botswana.pdf\" target=\"_blank\" rel=\"noopener\">Veterinary surgeon &#8211; BSPCA &#8211; Gaborone, Botswana<\/a><\/p> <p>&nbsp;<\/p> <p><span class=\"emphasis\" style=\"font-size: 14pt\">\u00c1ll\u00e1st aj\u00e1nlana?<\/span><\/p> <p>Az \u00c1llatorvostudom\u00e1nyi Egyetemen nagy \u00f6r\u00f6mmel osztjuk meg v\u00e9gz\u0151s hallgat\u00f3inkkal az \u00e1llatorvosl\u00e1shoz kapcsol\u00f3d\u00f3 aktu\u00e1lis \u00e1ll\u00e1saj\u00e1nlatokat. Amennyiben \u00d6n is szeretne bet\u00f6ltend\u0151 poz\u00edci\u00f3t hirdetni az egyetem weboldal\u00e1n, k\u00e9rj\u00fck, hogy az al\u00e1bbi dokumentumot elektronikusan kit\u00f6ltve (szerkeszthet\u0151 pdf) k\u00fcldje vissza a <a class=\"decrypt\" rel=\"dbsffsAvojwfu\/iv\" href=\"javascript:void(0);\">[Kattintson az emailc\u00edmhez]<\/a> e-mail c\u00edmre.<\/p> <p><a href=\"https:\/\/univet.hu\/allasborze\/wp-content\/uploads\/sites\/2\/2020\/01\/Allaspalyazat_dokumentum.pdf\" target=\"_blank\" rel=\"noopener\">\u00c1ll\u00e1sp\u00e1ly\u00e1zat dokumentum<\/a><\/p> <p>&nbsp;<\/p> <p>&nbsp;<\/p>","protected":false},"excerpt":{"rendered":"<p>Kedves \u00c1ll\u00e1sb\u00f6rze ir\u00e1nt \u00e9rdekl\u0151d\u0151 di\u00e1kunk! Al\u00e1bb tal\u00e1lja az \u00c1ll\u00e1sb\u00f6rz\u00e9n r\u00e9sztvev\u0151 ki\u00e1ll\u00edt\u00f3ink aktu\u00e1lis \u00e1ll\u00e1saj\u00e1nlatait: Magyarorsz\u00e1g \u00c1llatorvos &#8211; BAJAVET \u00c1llatorvosi rendel\u0151 &#8211; Baja, Magyarorsz\u00e1g Logistics &#8211; Biochem Hungaria &#8211; Budapest, Magyarorsz\u00e1g Technical Sales Manager Poultry &#8211; Biochem Hungaria &#8211; Budapest, Magyarorsz\u00e1g \u00c1llatorvos &#8211; Farmosvet &#8211; Lajosmizse, Magyarorsz\u00e1g \u00c1llatorvos &#8211; Hadh\u00e1zy-Vet Kft. &#8211; Szeksz\u00e1rd, Magyarorsz\u00e1g \u00c1llatorvos &#8211; Esztergomi<\/p>\n","protected":false},"author":2518,"featured_media":0,"parent":46245,"menu_order":0,"comment_status":"closed","ping_status":"closed","template":"","meta":{"_acf_changed":false,"footnotes":""},"categories":[],"tags":[],"class_list":["post-47674","page","type-page","status-publish","hentry"],"acf":[],"yoast_head":"<!-- This site is optimized with the Yoast SEO plugin v27.2 - https:\/\/yoast.com\/product\/yoast-seo-wordpress\/ -->\n<title>Aktu\u00e1lis \u00e1ll\u00e1saj\u00e1nlatok - \u00c1ll\u00e1sb\u00f6rze<\/title>\n<meta name=\"robots\" content=\"index, follow, max-snippet:-1, max-image-preview:large, max-video-preview:-1\" \/>\n<link rel=\"canonical\" href=\"https:\/\/univet.hu\/allasborze\/allasborze-2020\/aktualis-allasajanlatok\/\" \/>\n<meta property=\"og:locale\" content=\"hu_HU\" \/>\n<meta property=\"og:type\" content=\"article\" \/>\n<meta property=\"og:title\" content=\"Aktu\u00e1lis \u00e1ll\u00e1saj\u00e1nlatok - \u00c1ll\u00e1sb\u00f6rze\" \/>\n<meta property=\"og:description\" content=\"Kedves \u00c1ll\u00e1sb\u00f6rze ir\u00e1nt \u00e9rdekl\u0151d\u0151 di\u00e1kunk! Al\u00e1bb tal\u00e1lja az \u00c1ll\u00e1sb\u00f6rz\u00e9n r\u00e9sztvev\u0151 ki\u00e1ll\u00edt\u00f3ink aktu\u00e1lis \u00e1ll\u00e1saj\u00e1nlatait: Magyarorsz\u00e1g \u00c1llatorvos &#8211; BAJAVET \u00c1llatorvosi rendel\u0151 &#8211; Baja, Magyarorsz\u00e1g Logistics &#8211; Biochem Hungaria &#8211; Budapest, Magyarorsz\u00e1g Technical Sales Manager Poultry &#8211; Biochem Hungaria &#8211; Budapest, Magyarorsz\u00e1g \u00c1llatorvos &#8211; Farmosvet &#8211; Lajosmizse, Magyarorsz\u00e1g \u00c1llatorvos &#8211; Hadh\u00e1zy-Vet Kft. &#8211; Szeksz\u00e1rd, Magyarorsz\u00e1g \u00c1llatorvos &#8211; Esztergomi\" \/>\n<meta property=\"og:url\" content=\"https:\/\/univet.hu\/allasborze\/allasborze-2020\/aktualis-allasajanlatok\/\" \/>\n<meta property=\"og:site_name\" content=\"\u00c1ll\u00e1sb\u00f6rze\" \/>\n<meta property=\"article:modified_time\" content=\"2025-01-10T12:55:13+00:00\" \/>\n<meta name=\"twitter:card\" content=\"summary_large_image\" \/>\n<meta name=\"twitter:label1\" content=\"Becs\u00fclt olvas\u00e1si id\u0151\" \/>\n\t<meta name=\"twitter:data1\" content=\"2 perc\" \/>\n<script type=\"application\/ld+json\" class=\"yoast-schema-graph\">{\"@context\":\"https:\/\/schema.org\",\"@graph\":[{\"@type\":\"WebPage\",\"@id\":\"https:\/\/univet.hu\/allasborze\/allasborze-2020\/aktualis-allasajanlatok\/\",\"url\":\"https:\/\/univet.hu\/allasborze\/allasborze-2020\/aktualis-allasajanlatok\/\",\"name\":\"Aktu\u00e1lis \u00e1ll\u00e1saj\u00e1nlatok - \u00c1ll\u00e1sb\u00f6rze\",\"isPartOf\":{\"@id\":\"https:\/\/univet.hu\/allasborze\/#website\"},\"datePublished\":\"2020-01-08T12:15:27+00:00\",\"dateModified\":\"2025-01-10T12:55:13+00:00\",\"breadcrumb\":{\"@id\":\"https:\/\/univet.hu\/allasborze\/allasborze-2020\/aktualis-allasajanlatok\/#breadcrumb\"},\"inLanguage\":\"hu\",\"potentialAction\":[{\"@type\":\"ReadAction\",\"target\":[\"https:\/\/univet.hu\/allasborze\/allasborze-2020\/aktualis-allasajanlatok\/\"]}]},{\"@type\":\"BreadcrumbList\",\"@id\":\"https:\/\/univet.hu\/allasborze\/allasborze-2020\/aktualis-allasajanlatok\/#breadcrumb\",\"itemListElement\":[{\"@type\":\"ListItem\",\"position\":1,\"name\":\"Kezd\u0151lap\",\"item\":\"https:\/\/univet.hu\/allasborze\/\"},{\"@type\":\"ListItem\",\"position\":2,\"name\":\"\u00c1ll\u00e1sb\u00f6rze 2020\",\"item\":\"https:\/\/univet.hu\/allasborze\/allasborze-2020\/\"},{\"@type\":\"ListItem\",\"position\":3,\"name\":\"Aktu\u00e1lis \u00e1ll\u00e1saj\u00e1nlatok\"}]},{\"@type\":\"WebSite\",\"@id\":\"https:\/\/univet.hu\/allasborze\/#website\",\"url\":\"https:\/\/univet.hu\/allasborze\/\",\"name\":\"\u00c1ll\u00e1sb\u00f6rze\",\"description\":\"\",\"potentialAction\":[{\"@type\":\"SearchAction\",\"target\":{\"@type\":\"EntryPoint\",\"urlTemplate\":\"https:\/\/univet.hu\/allasborze\/?s={search_term_string}\"},\"query-input\":{\"@type\":\"PropertyValueSpecification\",\"valueRequired\":true,\"valueName\":\"search_term_string\"}}],\"inLanguage\":\"hu\"}]}<\/script>\n<!-- \/ Yoast SEO plugin. -->","yoast_head_json":{"title":"Aktu\u00e1lis \u00e1ll\u00e1saj\u00e1nlatok - \u00c1ll\u00e1sb\u00f6rze","robots":{"index":"index","follow":"follow","max-snippet":"max-snippet:-1","max-image-preview":"max-image-preview:large","max-video-preview":"max-video-preview:-1"},"canonical":"https:\/\/univet.hu\/allasborze\/allasborze-2020\/aktualis-allasajanlatok\/","og_locale":"hu_HU","og_type":"article","og_title":"Aktu\u00e1lis \u00e1ll\u00e1saj\u00e1nlatok - \u00c1ll\u00e1sb\u00f6rze","og_description":"Kedves \u00c1ll\u00e1sb\u00f6rze ir\u00e1nt \u00e9rdekl\u0151d\u0151 di\u00e1kunk! Al\u00e1bb tal\u00e1lja az \u00c1ll\u00e1sb\u00f6rz\u00e9n r\u00e9sztvev\u0151 ki\u00e1ll\u00edt\u00f3ink aktu\u00e1lis \u00e1ll\u00e1saj\u00e1nlatait: Magyarorsz\u00e1g \u00c1llatorvos &#8211; BAJAVET \u00c1llatorvosi rendel\u0151 &#8211; Baja, Magyarorsz\u00e1g Logistics &#8211; Biochem Hungaria &#8211; Budapest, Magyarorsz\u00e1g Technical Sales Manager Poultry &#8211; Biochem Hungaria &#8211; Budapest, Magyarorsz\u00e1g \u00c1llatorvos &#8211; Farmosvet &#8211; Lajosmizse, Magyarorsz\u00e1g \u00c1llatorvos &#8211; Hadh\u00e1zy-Vet Kft. &#8211; Szeksz\u00e1rd, Magyarorsz\u00e1g \u00c1llatorvos &#8211; Esztergomi","og_url":"https:\/\/univet.hu\/allasborze\/allasborze-2020\/aktualis-allasajanlatok\/","og_site_name":"\u00c1ll\u00e1sb\u00f6rze","article_modified_time":"2025-01-10T12:55:13+00:00","twitter_card":"summary_large_image","twitter_misc":{"Becs\u00fclt olvas\u00e1si id\u0151":"2 perc"},"schema":{"@context":"https:\/\/schema.org","@graph":[{"@type":"WebPage","@id":"https:\/\/univet.hu\/allasborze\/allasborze-2020\/aktualis-allasajanlatok\/","url":"https:\/\/univet.hu\/allasborze\/allasborze-2020\/aktualis-allasajanlatok\/","name":"Aktu\u00e1lis \u00e1ll\u00e1saj\u00e1nlatok - \u00c1ll\u00e1sb\u00f6rze","isPartOf":{"@id":"https:\/\/univet.hu\/allasborze\/#website"},"datePublished":"2020-01-08T12:15:27+00:00","dateModified":"2025-01-10T12:55:13+00:00","breadcrumb":{"@id":"https:\/\/univet.hu\/allasborze\/allasborze-2020\/aktualis-allasajanlatok\/#breadcrumb"},"inLanguage":"hu","potentialAction":[{"@type":"ReadAction","target":["https:\/\/univet.hu\/allasborze\/allasborze-2020\/aktualis-allasajanlatok\/"]}]},{"@type":"BreadcrumbList","@id":"https:\/\/univet.hu\/allasborze\/allasborze-2020\/aktualis-allasajanlatok\/#breadcrumb","itemListElement":[{"@type":"ListItem","position":1,"name":"Kezd\u0151lap","item":"https:\/\/univet.hu\/allasborze\/"},{"@type":"ListItem","position":2,"name":"\u00c1ll\u00e1sb\u00f6rze 2020","item":"https:\/\/univet.hu\/allasborze\/allasborze-2020\/"},{"@type":"ListItem","position":3,"name":"Aktu\u00e1lis \u00e1ll\u00e1saj\u00e1nlatok"}]},{"@type":"WebSite","@id":"https:\/\/univet.hu\/allasborze\/#website","url":"https:\/\/univet.hu\/allasborze\/","name":"\u00c1ll\u00e1sb\u00f6rze","description":"","potentialAction":[{"@type":"SearchAction","target":{"@type":"EntryPoint","urlTemplate":"https:\/\/univet.hu\/allasborze\/?s={search_term_string}"},"query-input":{"@type":"PropertyValueSpecification","valueRequired":true,"valueName":"search_term_string"}}],"inLanguage":"hu"}]}},"_links":{"self":[{"href":"https:\/\/univet.hu\/allasborze\/wp-json\/wp\/v2\/pages\/47674","targetHints":{"allow":["GET"]}}],"collection":[{"href":"https:\/\/univet.hu\/allasborze\/wp-json\/wp\/v2\/pages"}],"about":[{"href":"https:\/\/univet.hu\/allasborze\/wp-json\/wp\/v2\/types\/page"}],"author":[{"embeddable":true,"href":"https:\/\/univet.hu\/allasborze\/wp-json\/wp\/v2\/users\/2518"}],"replies":[{"embeddable":true,"href":"https:\/\/univet.hu\/allasborze\/wp-json\/wp\/v2\/comments?post=47674"}],"version-history":[{"count":1,"href":"https:\/\/univet.hu\/allasborze\/wp-json\/wp\/v2\/pages\/47674\/revisions"}],"predecessor-version":[{"id":172758,"href":"https:\/\/univet.hu\/allasborze\/wp-json\/wp\/v2\/pages\/47674\/revisions\/172758"}],"up":[{"embeddable":true,"href":"https:\/\/univet.hu\/allasborze\/wp-json\/wp\/v2\/pages\/46245"}],"wp:attachment":[{"href":"https:\/\/univet.hu\/allasborze\/wp-json\/wp\/v2\/media?parent=47674"}],"wp:term":[{"taxonomy":"category","embeddable":true,"href":"https:\/\/univet.hu\/allasborze\/wp-json\/wp\/v2\/categories?post=47674"},{"taxonomy":"post_tag","embeddable":true,"href":"https:\/\/univet.hu\/allasborze\/wp-json\/wp\/v2\/tags?post=47674"}],"curies":[{"name":"wp","href":"https:\/\/api.w.org\/{rel}","templated":true}]}}