{"id":48307,"date":"2020-01-20T13:46:34","date_gmt":"2020-01-20T12:46:34","guid":{"rendered":"https:\/\/univet.hu\/?page_id=48307"},"modified":"2025-01-10T13:55:14","modified_gmt":"2025-01-10T12:55:14","slug":"bajavet-allatorvosi-rendelo","status":"publish","type":"page","link":"https:\/\/univet.hu\/allasborze\/allasborze-2020\/kiallitok\/bajavet-allatorvosi-rendelo\/","title":{"rendered":"BAJAVET \u00c1llatorvosi rendel\u0151"},"content":{"rendered":"<p>&nbsp;<\/p> <p><span data-contrast=\"auto\">A BAJAVET \u00c1llatorvosi Rendel\u0151 Baj\u00e1n, egy mediterr\u00e1n jelleg\u0171, vibr\u00e1l\u00f3 vid\u00e9ki v\u00e1rosban m\u0171k\u00f6dik, jelenleg egy tulajdonos \u00e1llatorvossal, asszisztenci\u00e1val \u00e9s recepci\u00f3val, azonos munkat\u00e1rsakkal 2012 \u00f3ta. A kedvtel\u00e9sb\u0151l tartott \u00e1llatok betegs\u00e9gmegel\u0151z\u0151, gy\u00f3gy\u00edt\u00f3 \u00e1llatorvosi munk\u00e1j\u00e1n k\u00edv\u00fcl, a praxis ell\u00e1t sz\u00e1mos kis- \u00e9s nagy\u00fczemet valamennyi haszon\u00e1llat tekintet\u00e9ben 1986-t\u00f3l.<\/span><span data-ccp-props=\"{&quot;201341983&quot;:0,&quot;335551550&quot;:6,&quot;335551620&quot;:6,&quot;335559739&quot;:160,&quot;335559740&quot;:259}\">\u00a0<\/span><\/p> <p><span data-contrast=\"auto\">Nemzetk\u00f6zi szinten is foglalkozunk a lovak infrav\u00f6r\u00f6s termogr\u00e1fia k\u00e9palkot\u00f3 diagnosztikai vizsg\u00e1lat\u00e1val. T\u00f6bb tudom\u00e1nyos p<\/span><span data-contrast=\"auto\">rojektben is r\u00e9szt vesz\u00fcnk k\u00fcl\u00f6nb\u00f6z\u0151 \u00e1llatfajokban.<\/span><span data-ccp-props=\"{&quot;201341983&quot;:0,&quot;335551550&quot;:6,&quot;335551620&quot;:6,&quot;335559739&quot;:160,&quot;335559740&quot;:259}\">\u00a0<\/span><\/p> <p><em>A ki\u00e1ll\u00edt\u00f3 honlapja a log\u00f3ra kattintva \u00e9rhet\u0151 el:<\/em><\/p> <p><a href=\"http:\/\/www.bajavet.hu\/\" target=\"_blank\" rel=\"noopener\"><img loading=\"lazy\" decoding=\"async\" class=\"wp-image-48308 size-medium alignleft\" src=\"https:\/\/univet.hu\/allasborze\/wp-content\/uploads\/sites\/2\/2020\/01\/Bajavet-320x133.jpg\" alt=\"\" width=\"320\" height=\"133\" srcset=\"https:\/\/univet.hu\/allasborze\/wp-content\/uploads\/sites\/2\/2020\/01\/Bajavet-320x133.jpg 320w, https:\/\/univet.hu\/allasborze\/wp-content\/uploads\/sites\/2\/2020\/01\/Bajavet-300x125.jpg 300w, https:\/\/univet.hu\/allasborze\/wp-content\/uploads\/sites\/2\/2020\/01\/Bajavet.jpg 400w\" sizes=\"auto, (max-width: 320px) 100vw, 320px\" \/> <\/a><\/p> <p><a href=\"http:\/\/www.bajavet.hu\/\" target=\"_blank\" rel=\"noopener\"><img loading=\"lazy\" decoding=\"async\" class=\"wp-image-48309 size-medium alignright\" src=\"https:\/\/univet.hu\/allasborze\/wp-content\/uploads\/sites\/2\/2020\/01\/Bajavet2-320x144.jpg\" alt=\"\" width=\"320\" height=\"144\" srcset=\"https:\/\/univet.hu\/allasborze\/wp-content\/uploads\/sites\/2\/2020\/01\/Bajavet2-320x144.jpg 320w, https:\/\/univet.hu\/allasborze\/wp-content\/uploads\/sites\/2\/2020\/01\/Bajavet2-768x346.jpg 768w, https:\/\/univet.hu\/allasborze\/wp-content\/uploads\/sites\/2\/2020\/01\/Bajavet2-1024x461.jpg 1024w, https:\/\/univet.hu\/allasborze\/wp-content\/uploads\/sites\/2\/2020\/01\/Bajavet2-1536x691.jpg 1536w, https:\/\/univet.hu\/allasborze\/wp-content\/uploads\/sites\/2\/2020\/01\/Bajavet2-2048x922.jpg 2048w, https:\/\/univet.hu\/allasborze\/wp-content\/uploads\/sites\/2\/2020\/01\/Bajavet2-300x135.jpg 300w\" sizes=\"auto, (max-width: 320px) 100vw, 320px\" \/><\/a><\/p> <p>&nbsp;<\/p> <p>&nbsp;<\/p> <p>&nbsp;<\/p> <p>&nbsp;<\/p> <p>&nbsp;<\/p> <p><span data-contrast=\"none\">Mi\u00e9rt is d\u00f6nts<\/span><span data-contrast=\"none\">\u00e9l<\/span><span data-contrast=\"none\">\u00a0a BAJAVET \u00c1llatorvosi Rendel\u0151 mellett?<\/span><span data-ccp-props=\"{&quot;335551550&quot;:6,&quot;335551620&quot;:6}\">\u00a0<\/span><\/p> <p><span data-contrast=\"none\">Azonnali lehet\u0151s\u00e9g \u00f6n\u00e1ll\u00f3 munkav\u00e9gz\u00e9sre. Persze csak ha van hozz\u00e1 merszed, mert ha lenull\u00e1zod az \u00fcgyf\u00e9lk\u00f6rt, akkor nem lesz munk\u00e1d<\/span><span data-contrast=\"none\">. Term\u00e9szetesen akkor nek\u00fcnk sem, \u00edgy van n\u00e9mi belesz\u00f3l\u00e1sunk a dolgokba.\u00a0<\/span><span data-contrast=\"none\">\u00a0<\/span><span data-ccp-props=\"{&quot;335551550&quot;:6,&quot;335551620&quot;:6}\">\u00a0<\/span><\/p> <p><span data-contrast=\"none\">Ellenben<\/span><span data-contrast=\"none\">,<\/span><span data-contrast=\"none\">\u00a0ha el\u00e9g b\u00e1tor \u00e9s bev\u00e1llal\u00f3s vagy<\/span><span data-contrast=\"none\">,<\/span><span data-contrast=\"none\">\u00a0akkor bel\u00e1that\u00f3 (hangs\u00falyozom bel\u00e1that\u00f3) id\u0151n bel\u00fcl ak\u00e1r t\u00e1rstulajdonos<\/span><span data-contrast=\"none\">, vagy praxis tulajdonos is lehetsz.\u00a0<\/span><span data-ccp-props=\"{&quot;335551550&quot;:6,&quot;335551620&quot;:6}\">\u00a0<\/span><span data-contrast=\"none\">Term\u00e9szetesen<\/span><span data-contrast=\"none\">,<\/span><span data-contrast=\"none\">\u00a0ha bizonytalan vagy m\u00e9g magadban, az is OK, de csak h\u00e1rom h\u00f3napig tudjuk az \u00e1llatorvosi munk\u00e1dat \u00e1llatorvos \u00e1ltal fel\u00fcgyelni, viszont az \u00f6n\u00e1ll\u00f3 munkav\u00e9gz\u00e9sedet nagy szakmai tapasztalattal rendelkez\u0151 asszisztensek seg\u00edtik.<\/span><span data-ccp-props=\"{&quot;335551550&quot;:6,&quot;335551620&quot;:6}\">\u00a0<\/span><\/p> <p><span data-contrast=\"none\">A mediterr\u00e1n v\u00e1rosban v\u00e9gzett \u201emindennapi\u201d kis\u00e1llatorvosi munka mellett<\/span><span data-contrast=\"none\">,<\/span><span data-contrast=\"none\">\u00a0lehet\u0151s\u00e9ged van a galambt\u00f3l a l\u00f3ig, valamennyi haszon\u00e1llatfajjal foglalkozn<\/span><span data-contrast=\"none\">i.\u00a0<\/span><span data-ccp-props=\"{&quot;335551550&quot;:6,&quot;335551620&quot;:6}\">\u00a0<\/span><span data-contrast=\"none\">Hab a tort\u00e1n, hogy ak\u00e1r egy nemzetk\u00f6zi kutat\u00f3csoport tagja is lehetsz, egy speci\u00e1lis k\u00e9palkot\u00f3 diagnosztika t\u00e9m\u00e1ban, de ezt mi is a hivatalos munkaid\u0151n k\u00edv\u00fcl v\u00e9gezz\u00fck.<\/span><span data-ccp-props=\"{&quot;335551550&quot;:6,&quot;335551620&quot;:6}\">\u00a0<\/span><span data-contrast=\"none\">Nyugodtan nyomozd le a bajai szabadid\u0151s lehet\u0151s\u00e9geket, meg fogsz lep\u0151dni, hogy itt mennyi programot tal\u00e1lsz<\/span><span data-contrast=\"none\">, a hegyeken k\u00edv\u00fcl itt minden van. Term\u00e9szetesen, ha csak a hegym\u00e1sz\u00e1st kedveled, akkor legal\u00e1bb P\u00e9csig\u00a0<\/span><span data-contrast=\"none\">kell\u00a0<\/span><span data-contrast=\"none\">utaznod.<\/span><span data-ccp-props=\"{&quot;335551550&quot;:6,&quot;335551620&quot;:6}\">\u00a0<\/span><\/p> <p><span data-contrast=\"none\">A lakhat\u00e1s megoldhat\u00f3 (egy k\u00fcl\u00f6n\u00e1ll\u00f3 ingyenes lakr\u00e9sz, d\u00edjmentes rezsivel, k\u00f6zel a rendel\u0151h\u00f6z), de ha nagyobbra v\u00e1gysz<\/span><span data-contrast=\"none\">,<\/span><span data-contrast=\"none\">\u00a0akkor az saj\u00e1ter\u0151s.<\/span><span data-ccp-props=\"{&quot;335551550&quot;:6,&quot;335551620&quot;:6}\">\u00a0<\/span><\/p> <p><span data-contrast=\"none\">A rendel\u0151r\u0151l, a munk\u00e1r\u00f3l, a d\u00edjaz\u00e1sr\u00f3l, tanulm\u00e1nyi lehet\u0151s\u00e9gekr\u0151l besz\u00e9lj\u00fcnk szem\u00e9lyesen, ak\u00e1r az \u00c1ll\u00e1sb\u00f6rz\u00e9n<\/span><span data-contrast=\"none\">, ak\u00e1r Baj\u00e1n.<\/span><span data-ccp-props=\"{&quot;335551550&quot;:6,&quot;335551620&quot;:6}\">\u00a0<\/span><\/p> <p><span data-contrast=\"none\">V\u00e1runk szeretettel!<\/span><span data-ccp-props=\"{&quot;335551550&quot;:6,&quot;335551620&quot;:6}\">\u00a0<\/span><\/p> <p><span data-contrast=\"none\">Dr<\/span><span data-contrast=\"none\">\u00a0T\u00e1las L\u00e1szl\u00f3<\/span><span data-contrast=\"none\">,<\/span><span data-ccp-props=\"{&quot;335551550&quot;:6,&quot;335551620&quot;:6}\">\u00a0<\/span><\/p> <p><span data-contrast=\"none\">Szak\u00e1llatorvos<\/span><span data-ccp-props=\"{&quot;335551550&quot;:6,&quot;335551620&quot;:6}\">\u00a0<\/span><\/p> <p><span data-contrast=\"none\">Hivatalos \u00e1llatorvos kamarai tag: MAOK, MRCVS,\u00a0<\/span><span data-contrast=\"none\">\u00d6sterreichische Tier<\/span><span data-contrast=\"none\">\u00e4<\/span><span data-contrast=\"none\">rztekammer\u00a0<\/span><span data-ccp-props=\"{&quot;335551550&quot;:6,&quot;335551620&quot;:6}\">\u00a0<\/span><\/p> <p><span data-contrast=\"none\">a Rendel\u0151 csapata, valamint a munk\u00e1nkat seg\u00edt\u0151 praxismanager.<\/span><span data-ccp-props=\"{}\">\u00a0<\/span><\/p>","protected":false},"excerpt":{"rendered":"<p>&nbsp; A BAJAVET \u00c1llatorvosi Rendel\u0151 Baj\u00e1n, egy mediterr\u00e1n jelleg\u0171, vibr\u00e1l\u00f3 vid\u00e9ki v\u00e1rosban m\u0171k\u00f6dik, jelenleg egy tulajdonos \u00e1llatorvossal, asszisztenci\u00e1val \u00e9s recepci\u00f3val, azonos munkat\u00e1rsakkal 2012 \u00f3ta. A kedvtel\u00e9sb\u0151l tartott \u00e1llatok betegs\u00e9gmegel\u0151z\u0151, gy\u00f3gy\u00edt\u00f3 \u00e1llatorvosi munk\u00e1j\u00e1n k\u00edv\u00fcl, a praxis ell\u00e1t sz\u00e1mos kis- \u00e9s nagy\u00fczemet valamennyi haszon\u00e1llat tekintet\u00e9ben 1986-t\u00f3l.\u00a0 Nemzetk\u00f6zi szinten is foglalkozunk a lovak infrav\u00f6r\u00f6s termogr\u00e1fia k\u00e9palkot\u00f3 diagnosztikai vizsg\u00e1lat\u00e1val.<\/p>\n","protected":false},"author":2518,"featured_media":0,"parent":46253,"menu_order":0,"comment_status":"closed","ping_status":"closed","template":"","meta":{"_acf_changed":false,"footnotes":""},"categories":[],"tags":[],"class_list":["post-48307","page","type-page","status-publish","hentry"],"acf":[],"yoast_head":"<!-- This site is optimized with the Yoast SEO plugin v27.2 - https:\/\/yoast.com\/product\/yoast-seo-wordpress\/ -->\n<title>BAJAVET \u00c1llatorvosi rendel\u0151 - \u00c1ll\u00e1sb\u00f6rze<\/title>\n<meta name=\"robots\" content=\"index, follow, max-snippet:-1, max-image-preview:large, max-video-preview:-1\" \/>\n<link rel=\"canonical\" href=\"https:\/\/univet.hu\/allasborze\/allasborze-2020\/kiallitok\/bajavet-allatorvosi-rendelo\/\" \/>\n<meta property=\"og:locale\" content=\"hu_HU\" \/>\n<meta property=\"og:type\" content=\"article\" \/>\n<meta property=\"og:title\" content=\"BAJAVET \u00c1llatorvosi rendel\u0151 - \u00c1ll\u00e1sb\u00f6rze\" \/>\n<meta property=\"og:description\" content=\"&nbsp; A BAJAVET \u00c1llatorvosi Rendel\u0151 Baj\u00e1n, egy mediterr\u00e1n jelleg\u0171, vibr\u00e1l\u00f3 vid\u00e9ki v\u00e1rosban m\u0171k\u00f6dik, jelenleg egy tulajdonos \u00e1llatorvossal, asszisztenci\u00e1val \u00e9s recepci\u00f3val, azonos munkat\u00e1rsakkal 2012 \u00f3ta. A kedvtel\u00e9sb\u0151l tartott \u00e1llatok betegs\u00e9gmegel\u0151z\u0151, gy\u00f3gy\u00edt\u00f3 \u00e1llatorvosi munk\u00e1j\u00e1n k\u00edv\u00fcl, a praxis ell\u00e1t sz\u00e1mos kis- \u00e9s nagy\u00fczemet valamennyi haszon\u00e1llat tekintet\u00e9ben 1986-t\u00f3l.\u00a0 Nemzetk\u00f6zi szinten is foglalkozunk a lovak infrav\u00f6r\u00f6s termogr\u00e1fia k\u00e9palkot\u00f3 diagnosztikai vizsg\u00e1lat\u00e1val.\" \/>\n<meta property=\"og:url\" content=\"https:\/\/univet.hu\/allasborze\/allasborze-2020\/kiallitok\/bajavet-allatorvosi-rendelo\/\" \/>\n<meta property=\"og:site_name\" content=\"\u00c1ll\u00e1sb\u00f6rze\" \/>\n<meta property=\"article:modified_time\" content=\"2025-01-10T12:55:14+00:00\" \/>\n<meta property=\"og:image\" content=\"https:\/\/univet.hu\/allasborze\/wp-content\/uploads\/sites\/2\/2020\/01\/Bajavet-320x133.jpg\" \/>\n<meta name=\"twitter:card\" content=\"summary_large_image\" \/>\n<meta name=\"twitter:label1\" content=\"Becs\u00fclt olvas\u00e1si id\u0151\" \/>\n\t<meta name=\"twitter:data1\" content=\"2 perc\" \/>\n<script type=\"application\/ld+json\" class=\"yoast-schema-graph\">{\"@context\":\"https:\/\/schema.org\",\"@graph\":[{\"@type\":\"WebPage\",\"@id\":\"https:\/\/univet.hu\/allasborze\/allasborze-2020\/kiallitok\/bajavet-allatorvosi-rendelo\/\",\"url\":\"https:\/\/univet.hu\/allasborze\/allasborze-2020\/kiallitok\/bajavet-allatorvosi-rendelo\/\",\"name\":\"BAJAVET \u00c1llatorvosi rendel\u0151 - \u00c1ll\u00e1sb\u00f6rze\",\"isPartOf\":{\"@id\":\"https:\/\/univet.hu\/allasborze\/#website\"},\"primaryImageOfPage\":{\"@id\":\"https:\/\/univet.hu\/allasborze\/allasborze-2020\/kiallitok\/bajavet-allatorvosi-rendelo\/#primaryimage\"},\"image\":{\"@id\":\"https:\/\/univet.hu\/allasborze\/allasborze-2020\/kiallitok\/bajavet-allatorvosi-rendelo\/#primaryimage\"},\"thumbnailUrl\":\"https:\/\/univet.hu\/allasborze\/wp-content\/uploads\/sites\/2\/2020\/01\/Bajavet-320x133.jpg\",\"datePublished\":\"2020-01-20T12:46:34+00:00\",\"dateModified\":\"2025-01-10T12:55:14+00:00\",\"breadcrumb\":{\"@id\":\"https:\/\/univet.hu\/allasborze\/allasborze-2020\/kiallitok\/bajavet-allatorvosi-rendelo\/#breadcrumb\"},\"inLanguage\":\"hu\",\"potentialAction\":[{\"@type\":\"ReadAction\",\"target\":[\"https:\/\/univet.hu\/allasborze\/allasborze-2020\/kiallitok\/bajavet-allatorvosi-rendelo\/\"]}]},{\"@type\":\"ImageObject\",\"inLanguage\":\"hu\",\"@id\":\"https:\/\/univet.hu\/allasborze\/allasborze-2020\/kiallitok\/bajavet-allatorvosi-rendelo\/#primaryimage\",\"url\":\"https:\/\/univet.hu\/allasborze\/wp-content\/uploads\/sites\/2\/2020\/01\/Bajavet.jpg\",\"contentUrl\":\"https:\/\/univet.hu\/allasborze\/wp-content\/uploads\/sites\/2\/2020\/01\/Bajavet.jpg\",\"width\":400,\"height\":166},{\"@type\":\"BreadcrumbList\",\"@id\":\"https:\/\/univet.hu\/allasborze\/allasborze-2020\/kiallitok\/bajavet-allatorvosi-rendelo\/#breadcrumb\",\"itemListElement\":[{\"@type\":\"ListItem\",\"position\":1,\"name\":\"Kezd\u0151lap\",\"item\":\"https:\/\/univet.hu\/allasborze\/\"},{\"@type\":\"ListItem\",\"position\":2,\"name\":\"\u00c1ll\u00e1sb\u00f6rze 2020\",\"item\":\"https:\/\/univet.hu\/allasborze\/allasborze-2020\/\"},{\"@type\":\"ListItem\",\"position\":3,\"name\":\"Ki\u00e1ll\u00edt\u00f3k\",\"item\":\"https:\/\/univet.hu\/allasborze\/allasborze-2020\/kiallitok\/\"},{\"@type\":\"ListItem\",\"position\":4,\"name\":\"BAJAVET \u00c1llatorvosi rendel\u0151\"}]},{\"@type\":\"WebSite\",\"@id\":\"https:\/\/univet.hu\/allasborze\/#website\",\"url\":\"https:\/\/univet.hu\/allasborze\/\",\"name\":\"\u00c1ll\u00e1sb\u00f6rze\",\"description\":\"\",\"potentialAction\":[{\"@type\":\"SearchAction\",\"target\":{\"@type\":\"EntryPoint\",\"urlTemplate\":\"https:\/\/univet.hu\/allasborze\/?s={search_term_string}\"},\"query-input\":{\"@type\":\"PropertyValueSpecification\",\"valueRequired\":true,\"valueName\":\"search_term_string\"}}],\"inLanguage\":\"hu\"}]}<\/script>\n<!-- \/ Yoast SEO plugin. -->","yoast_head_json":{"title":"BAJAVET \u00c1llatorvosi rendel\u0151 - \u00c1ll\u00e1sb\u00f6rze","robots":{"index":"index","follow":"follow","max-snippet":"max-snippet:-1","max-image-preview":"max-image-preview:large","max-video-preview":"max-video-preview:-1"},"canonical":"https:\/\/univet.hu\/allasborze\/allasborze-2020\/kiallitok\/bajavet-allatorvosi-rendelo\/","og_locale":"hu_HU","og_type":"article","og_title":"BAJAVET \u00c1llatorvosi rendel\u0151 - \u00c1ll\u00e1sb\u00f6rze","og_description":"&nbsp; A BAJAVET \u00c1llatorvosi Rendel\u0151 Baj\u00e1n, egy mediterr\u00e1n jelleg\u0171, vibr\u00e1l\u00f3 vid\u00e9ki v\u00e1rosban m\u0171k\u00f6dik, jelenleg egy tulajdonos \u00e1llatorvossal, asszisztenci\u00e1val \u00e9s recepci\u00f3val, azonos munkat\u00e1rsakkal 2012 \u00f3ta. A kedvtel\u00e9sb\u0151l tartott \u00e1llatok betegs\u00e9gmegel\u0151z\u0151, gy\u00f3gy\u00edt\u00f3 \u00e1llatorvosi munk\u00e1j\u00e1n k\u00edv\u00fcl, a praxis ell\u00e1t sz\u00e1mos kis- \u00e9s nagy\u00fczemet valamennyi haszon\u00e1llat tekintet\u00e9ben 1986-t\u00f3l.\u00a0 Nemzetk\u00f6zi szinten is foglalkozunk a lovak infrav\u00f6r\u00f6s termogr\u00e1fia k\u00e9palkot\u00f3 diagnosztikai vizsg\u00e1lat\u00e1val.","og_url":"https:\/\/univet.hu\/allasborze\/allasborze-2020\/kiallitok\/bajavet-allatorvosi-rendelo\/","og_site_name":"\u00c1ll\u00e1sb\u00f6rze","article_modified_time":"2025-01-10T12:55:14+00:00","og_image":[{"url":"https:\/\/univet.hu\/allasborze\/wp-content\/uploads\/sites\/2\/2020\/01\/Bajavet-320x133.jpg","type":"","width":"","height":""}],"twitter_card":"summary_large_image","twitter_misc":{"Becs\u00fclt olvas\u00e1si id\u0151":"2 perc"},"schema":{"@context":"https:\/\/schema.org","@graph":[{"@type":"WebPage","@id":"https:\/\/univet.hu\/allasborze\/allasborze-2020\/kiallitok\/bajavet-allatorvosi-rendelo\/","url":"https:\/\/univet.hu\/allasborze\/allasborze-2020\/kiallitok\/bajavet-allatorvosi-rendelo\/","name":"BAJAVET \u00c1llatorvosi rendel\u0151 - \u00c1ll\u00e1sb\u00f6rze","isPartOf":{"@id":"https:\/\/univet.hu\/allasborze\/#website"},"primaryImageOfPage":{"@id":"https:\/\/univet.hu\/allasborze\/allasborze-2020\/kiallitok\/bajavet-allatorvosi-rendelo\/#primaryimage"},"image":{"@id":"https:\/\/univet.hu\/allasborze\/allasborze-2020\/kiallitok\/bajavet-allatorvosi-rendelo\/#primaryimage"},"thumbnailUrl":"https:\/\/univet.hu\/allasborze\/wp-content\/uploads\/sites\/2\/2020\/01\/Bajavet-320x133.jpg","datePublished":"2020-01-20T12:46:34+00:00","dateModified":"2025-01-10T12:55:14+00:00","breadcrumb":{"@id":"https:\/\/univet.hu\/allasborze\/allasborze-2020\/kiallitok\/bajavet-allatorvosi-rendelo\/#breadcrumb"},"inLanguage":"hu","potentialAction":[{"@type":"ReadAction","target":["https:\/\/univet.hu\/allasborze\/allasborze-2020\/kiallitok\/bajavet-allatorvosi-rendelo\/"]}]},{"@type":"ImageObject","inLanguage":"hu","@id":"https:\/\/univet.hu\/allasborze\/allasborze-2020\/kiallitok\/bajavet-allatorvosi-rendelo\/#primaryimage","url":"https:\/\/univet.hu\/allasborze\/wp-content\/uploads\/sites\/2\/2020\/01\/Bajavet.jpg","contentUrl":"https:\/\/univet.hu\/allasborze\/wp-content\/uploads\/sites\/2\/2020\/01\/Bajavet.jpg","width":400,"height":166},{"@type":"BreadcrumbList","@id":"https:\/\/univet.hu\/allasborze\/allasborze-2020\/kiallitok\/bajavet-allatorvosi-rendelo\/#breadcrumb","itemListElement":[{"@type":"ListItem","position":1,"name":"Kezd\u0151lap","item":"https:\/\/univet.hu\/allasborze\/"},{"@type":"ListItem","position":2,"name":"\u00c1ll\u00e1sb\u00f6rze 2020","item":"https:\/\/univet.hu\/allasborze\/allasborze-2020\/"},{"@type":"ListItem","position":3,"name":"Ki\u00e1ll\u00edt\u00f3k","item":"https:\/\/univet.hu\/allasborze\/allasborze-2020\/kiallitok\/"},{"@type":"ListItem","position":4,"name":"BAJAVET \u00c1llatorvosi rendel\u0151"}]},{"@type":"WebSite","@id":"https:\/\/univet.hu\/allasborze\/#website","url":"https:\/\/univet.hu\/allasborze\/","name":"\u00c1ll\u00e1sb\u00f6rze","description":"","potentialAction":[{"@type":"SearchAction","target":{"@type":"EntryPoint","urlTemplate":"https:\/\/univet.hu\/allasborze\/?s={search_term_string}"},"query-input":{"@type":"PropertyValueSpecification","valueRequired":true,"valueName":"search_term_string"}}],"inLanguage":"hu"}]}},"_links":{"self":[{"href":"https:\/\/univet.hu\/allasborze\/wp-json\/wp\/v2\/pages\/48307","targetHints":{"allow":["GET"]}}],"collection":[{"href":"https:\/\/univet.hu\/allasborze\/wp-json\/wp\/v2\/pages"}],"about":[{"href":"https:\/\/univet.hu\/allasborze\/wp-json\/wp\/v2\/types\/page"}],"author":[{"embeddable":true,"href":"https:\/\/univet.hu\/allasborze\/wp-json\/wp\/v2\/users\/2518"}],"replies":[{"embeddable":true,"href":"https:\/\/univet.hu\/allasborze\/wp-json\/wp\/v2\/comments?post=48307"}],"version-history":[{"count":1,"href":"https:\/\/univet.hu\/allasborze\/wp-json\/wp\/v2\/pages\/48307\/revisions"}],"predecessor-version":[{"id":172763,"href":"https:\/\/univet.hu\/allasborze\/wp-json\/wp\/v2\/pages\/48307\/revisions\/172763"}],"up":[{"embeddable":true,"href":"https:\/\/univet.hu\/allasborze\/wp-json\/wp\/v2\/pages\/46253"}],"wp:attachment":[{"href":"https:\/\/univet.hu\/allasborze\/wp-json\/wp\/v2\/media?parent=48307"}],"wp:term":[{"taxonomy":"category","embeddable":true,"href":"https:\/\/univet.hu\/allasborze\/wp-json\/wp\/v2\/categories?post=48307"},{"taxonomy":"post_tag","embeddable":true,"href":"https:\/\/univet.hu\/allasborze\/wp-json\/wp\/v2\/tags?post=48307"}],"curies":[{"name":"wp","href":"https:\/\/api.w.org\/{rel}","templated":true}]}}