{"id":48361,"date":"2020-01-21T08:51:10","date_gmt":"2020-01-21T07:51:10","guid":{"rendered":"https:\/\/univet.hu\/?page_id=48361"},"modified":"2025-01-10T13:55:16","modified_gmt":"2025-01-10T12:55:16","slug":"pannon-logyogyaszati-es-rehabilitacios-kft","status":"publish","type":"page","link":"https:\/\/univet.hu\/allasborze\/allasborze-2020\/kiallitok\/pannon-logyogyaszati-es-rehabilitacios-kft\/","title":{"rendered":"Pannon L\u00f3gy\u00f3gy\u00e1szati \u00e9s Rehabilit\u00e1ci\u00f3s Kft."},"content":{"rendered":"<p>&nbsp;<\/p> <p>Kelet-Eur\u00f3pa legfelszereltebb mag\u00e1nklinik\u00e1j\u00e1n angol, osztr\u00e1k, holland, n\u00e9met \u00e9s magyar eur\u00f3pai szakvizsg\u00e1s \u00e1llatorvosok t\u00e1mogat\u00e1sa mellett szerezheti meg a l\u00f3 \u2013\u00e9s kis\u00e1llatgy\u00f3gy\u00e1szathoz sz\u00fcks\u00e9ges szakmai tud\u00e1st, gyakorlatot. Szolg\u00e1ltat\u00e1saink k\u00f6zt szerepel: ortop\u00e9dia, s\u00e1ntas\u00e1g diagnosztika, fejseb\u00e9szet, fogt\u00f6m\u00e9s, komplex szaporod\u00e1sbiol\u00f3gia, belgy\u00f3gy\u00e1szati \u00e9s sz\u00e9lesk\u00f6r\u0171 seb\u00e9szeti ell\u00e1t\u00e1s, artroszk\u00f3pia, laparoszk\u00f3pia, l\u00e9zerseb\u00e9szet, v\u00edzi rehabilit\u00e1ci\u00f3s tev\u00e9kenys\u00e9g. Alkalmazott k\u00e9palkot\u00f3 diagnosztikai elj\u00e1r\u00e1saink: CT, r\u00f6ntgen, ultrahang, l\u00e9g\u00fati- \u00e9s gyomort\u00fckr\u00f6z\u00e9s. A megfelel\u0151 gyakorlat megszerz\u00e9s\u00e9hez magas esetsz\u00e1m j\u00e1rul hozz\u00e1 (\u00e9vi 1600 l\u00f3gy\u00f3gy\u00e1szati \u00e9s napi 30-35 kis-\u00e9s egzotikus \u00e1llat).<\/p> <p><em>A ki\u00e1ll\u00edt\u00f3 honlapja a log\u00f3ra kattintva \u00e9rhet\u0151 el:<\/em><\/p> <p>&nbsp;<\/p> <p><a href=\"http:\/\/www.plsz.hu\/\" target=\"_blank\" rel=\"noopener\"><img loading=\"lazy\" decoding=\"async\" class=\"aligncenter size-medium wp-image-48362\" src=\"https:\/\/univet.hu\/allasborze\/wp-content\/uploads\/sites\/2\/2020\/01\/Pannon-Logyogyaszati-es-Rehabilitacios-Kft-272x320.jpg\" alt=\"\" width=\"272\" height=\"320\" srcset=\"https:\/\/univet.hu\/allasborze\/wp-content\/uploads\/sites\/2\/2020\/01\/Pannon-Logyogyaszati-es-Rehabilitacios-Kft-272x320.jpg 272w, https:\/\/univet.hu\/allasborze\/wp-content\/uploads\/sites\/2\/2020\/01\/Pannon-Logyogyaszati-es-Rehabilitacios-Kft-768x903.jpg 768w, https:\/\/univet.hu\/allasborze\/wp-content\/uploads\/sites\/2\/2020\/01\/Pannon-Logyogyaszati-es-Rehabilitacios-Kft-871x1024.jpg 871w, https:\/\/univet.hu\/allasborze\/wp-content\/uploads\/sites\/2\/2020\/01\/Pannon-Logyogyaszati-es-Rehabilitacios-Kft-255x300.jpg 255w, https:\/\/univet.hu\/allasborze\/wp-content\/uploads\/sites\/2\/2020\/01\/Pannon-Logyogyaszati-es-Rehabilitacios-Kft.jpg 1136w\" sizes=\"auto, (max-width: 272px) 100vw, 272px\" \/><\/a><\/p> <p>&nbsp;<\/p> <p>A Pannon L\u00f3gy\u00f3gy\u00e1szati \u00e9s Rehabilit\u00e1ci\u00f3s Kft. jelenleg Kelet-Eur\u00f3pa legfelszereltebb mag\u00e1n l\u00f3 klinik\u00e1ja. Klinik\u00e1nkon CT (mind \u00e1ll\u00f3, mind fekv\u0151 platformmal), 3 digit\u00e1lis r\u00f6ntgen, 4 ultrahang, endoszk\u00f3pok (l\u00e9g\u00fati, valamint gasztroszk\u00f3p, sz\u00e1jkamera) seg\u00edtik a magas sz\u00ednvonal\u00fa diagnosztiz\u00e1l\u00e1st.<\/p> <p>Kiemelt szakir\u00e1nyaink:<\/p> <ul> <li>\u00c1ltal\u00e1nos seb\u00e9szet (l\u00e1gyseb\u00e9szet, artroszk\u00f3pia, laparoszk\u00f3pia, l\u00e9zerseb\u00e9szet, h\u00f6rg\u0151ss\u00e9gi- , szem\u00e9szeti-, v\u00e9gtagkorrekci\u00f3s m\u0171t\u00e9tek stb.)<\/li> <li>Fejseb\u00e9szet, fog\u00e1szat (endodont\u00e1lis, fogmegtart\u00f3 kezel\u00e9sek, fogh\u00faz\u00e1sok, fogreszel\u00e9s), orr-mell\u00e9k\u00fcregekben v\u00e9gzett beavatkoz\u00e1sok sz\u00fcks\u00e9g szerint a kezel\u00e9sek el\u0151tt elv\u00e9gzett \u00e1ll\u00f3 CT alkalmaz\u00e1s\u00e1val)<\/li> <li>Ortop\u00e9dia (s\u00e1ntas\u00e1gvizsg\u00e1latok, \u00edz\u00fcletkezel\u00e9sek, shockwave ter\u00e1pia, PRP, IRAP)<\/li> <li>Szaporod\u00e1sbiol\u00f3gia (fagyasztott, friss sperm\u00e1s term\u00e9keny\u00edt\u00e9s, mintav\u00e9telek, m\u00e9hkezel\u00e9sek, vemhess\u00e9gvizsg\u00e1lat)<\/li> <li>Belgy\u00f3gy\u00e1szat<\/li> <\/ul> <p>Az el\u0151z\u0151ekben felsoroltakon k\u00edv\u00fcl altat\u00f3g\u00e9ppel \u00e9s alv\u00e1sfigyel\u0151 monitorral felszerelt m\u0171t\u0151, \u00e9breszt\u0151 boksz, j\u00f3l felszerelt kezel\u0151 v\u00e1rja a gy\u00f3gyulni v\u00e1gy\u00f3 lovakat.<\/p> <p>Jelenlegi csapatunkat 7 \u00e1llatorvos koll\u00e9ga, 3 \u00e1lland\u00f3, valamint 2 beugr\u00f3s asszisztens, titk\u00e1rs\u00e1g, valamint szakkoll\u00e9g\u00e1k er\u0151s\u00edtik. Szorosan egy\u00fcttm\u0171k\u00f6d\u00fcnk a B\u00e9csi Egyetem \u00e1llatorvos koll\u00e9g\u00e1ival 1999 \u00f3ta, az Eur\u00f3pai \u00c1llatorvosi Fog\u00e1sz Szakkoll\u00e9giummal, valamint az Eur\u00f3pai \u00c1llatorvosi Seb\u00e9sz T\u00e1rsas\u00e1ggal. A klinikai ell\u00e1t\u00e1s mellett, h\u00e1zi betegell\u00e1t\u00e1st is v\u00e9gz\u00fcnk kompletten felszerelt esetkocsikkal. \u00c9vente ~1600 eset\u00fcnk van.<\/p> <p>A lovak ell\u00e1t\u00e1s\u00e1n fel\u00fcl egy\u00fcttm\u0171k\u00f6d\u00fcnk az Ebrehab \u00c1llatorvosi Rendel\u0151vel, ahol \u00faj koll\u00e9g\u00e1nk a kis\u00e1llatgy\u00f3gy\u00e1szat rejtelmeibe is belek\u00f3stolhat. A rendel\u0151 naponta k\u00f6r\u00fclbel\u00fcl 30-35 beteget l\u00e1t el, 4 \u00e1llatorvos, illetve 3 asszisztens seg\u00edts\u00e9g\u00e9vel. Az \u00e1ltal\u00e1nos gy\u00f3gy\u00e1szaton fel\u00fcl kiemelten foglalkoznak a l\u00e1gyseb\u00e9szettel, illetve szaporod\u00e1sbiol\u00f3gi\u00e1val. Felszerelts\u00e9g\u00fck: digit\u00e1lis r\u00f6ntgen, ultrahang, laborautomata, rigid-, illetve flexibilis endoszk\u00f3pia, l\u00e9zerseb\u00e9szeti lehet\u0151s\u00e9g. \u00daj koll\u00e9g\u00e1nk a betanul\u00e1si id\u0151szakot k\u00f6vet\u0151en hetente 2 napon kapcsol\u00f3dna be 2 \u00f3r\u00e1s rendel\u00e9ssel a kis\u00e1llatrendel\u0151 munk\u00e1j\u00e1ba. Ezen fel\u00fcl lehet\u0151s\u00e9get biztos\u00edtunk \u00fajonnan ind\u00edtott teljesen felszerelt kis\u00e1llatrendel\u0151nkben \u00f6n\u00e1ll\u00f3 kis\u00e1llatgy\u00f3gy\u00e1szati tev\u00e9kenys\u00e9g elv\u00e9gz\u00e9s\u00e9re. El\u0151ny az ortop\u00e9dia, csontseb\u00e9szet ir\u00e1nti kiemelt \u00e9rdekl\u0151d\u00e9s.<\/p> <p>C\u00e9g\u00fcnk kisebb m\u00e9rt\u00e9kben ell\u00e1t haszon\u00e1llatokat is, els\u0151sorban h\u00e1zt\u00e1ji \u00e1llom\u00e1nyokat, \u00edgy a szarvasmarha\/sert\u00e9s \u00e1llom\u00e1ny ell\u00e1t\u00e1s\u00e1ba is van lehet\u0151s\u00e9g bekapcsol\u00f3dni.<\/p> <p>T\u00e9ged keres\u00fcnk, ha a l\u00f3gy\u00f3gy\u00e1szat mellett sz\u00edvesen belek\u00f3stoln\u00e1l a kis\u00e1llatgy\u00f3gy\u00e1szat rejtelmeibe is, illetve, ha nem rettensz meg 1-1 h\u00e1zt\u00e1ji j\u00f3sz\u00e1g ell\u00e1t\u00e1s\u00e1t\u00f3l sem. Filoz\u00f3fi\u00e1nk az, hogy a szakmai al\u00e1zat \u00e9s a kollegalit\u00e1s hozhatnak tart\u00f3s eredm\u00e9nyt. N\u00e1lunk magas sz\u00ednvonal\u00fa szakmai tev\u00e9kenys\u00e9get tanulhatsz, de \u00f6r\u00f6mmel vessz\u00fck a klinikum orient\u00e1lt alkalmazott kutat\u00e1sba val\u00f3 bekapcsol\u00f3d\u00e1st is. Biztos\u00edtunk sz\u00e1ll\u00e1st, c\u00e9ges telefont, valamint c\u00e9ges aut\u00f3 haszn\u00e1lat\u00e1t is. V\u00e1runk egy igaz\u00e1n j\u00f3 k\u00f6z\u00f6ss\u00e9gbe! Addig is betekint\u00e9st nyerhetsz a munk\u00e1nkba a <a href=\"http:\/\/www.plsz.hu\">www.plsz.hu<\/a> weboldalunkon.<\/p>","protected":false},"excerpt":{"rendered":"<p>&nbsp; Kelet-Eur\u00f3pa legfelszereltebb mag\u00e1nklinik\u00e1j\u00e1n angol, osztr\u00e1k, holland, n\u00e9met \u00e9s magyar eur\u00f3pai szakvizsg\u00e1s \u00e1llatorvosok t\u00e1mogat\u00e1sa mellett szerezheti meg a l\u00f3 \u2013\u00e9s kis\u00e1llatgy\u00f3gy\u00e1szathoz sz\u00fcks\u00e9ges szakmai tud\u00e1st, gyakorlatot. Szolg\u00e1ltat\u00e1saink k\u00f6zt szerepel: ortop\u00e9dia, s\u00e1ntas\u00e1g diagnosztika, fejseb\u00e9szet, fogt\u00f6m\u00e9s, komplex szaporod\u00e1sbiol\u00f3gia, belgy\u00f3gy\u00e1szati \u00e9s sz\u00e9lesk\u00f6r\u0171 seb\u00e9szeti ell\u00e1t\u00e1s, artroszk\u00f3pia, laparoszk\u00f3pia, l\u00e9zerseb\u00e9szet, v\u00edzi rehabilit\u00e1ci\u00f3s tev\u00e9kenys\u00e9g. Alkalmazott k\u00e9palkot\u00f3 diagnosztikai elj\u00e1r\u00e1saink: CT, r\u00f6ntgen, ultrahang, l\u00e9g\u00fati- \u00e9s<\/p>\n","protected":false},"author":2518,"featured_media":0,"parent":46253,"menu_order":0,"comment_status":"closed","ping_status":"closed","template":"","meta":{"_acf_changed":false,"footnotes":""},"categories":[],"tags":[],"class_list":["post-48361","page","type-page","status-publish","hentry"],"acf":[],"yoast_head":"<!-- This site is optimized with the Yoast SEO plugin v27.2 - https:\/\/yoast.com\/product\/yoast-seo-wordpress\/ -->\n<title>Pannon L\u00f3gy\u00f3gy\u00e1szati \u00e9s Rehabilit\u00e1ci\u00f3s Kft. - \u00c1ll\u00e1sb\u00f6rze<\/title>\n<meta name=\"robots\" content=\"index, follow, max-snippet:-1, max-image-preview:large, max-video-preview:-1\" \/>\n<link rel=\"canonical\" href=\"https:\/\/univet.hu\/allasborze\/allasborze-2020\/kiallitok\/pannon-logyogyaszati-es-rehabilitacios-kft\/\" \/>\n<meta property=\"og:locale\" content=\"hu_HU\" \/>\n<meta property=\"og:type\" content=\"article\" \/>\n<meta property=\"og:title\" content=\"Pannon L\u00f3gy\u00f3gy\u00e1szati \u00e9s Rehabilit\u00e1ci\u00f3s Kft. - \u00c1ll\u00e1sb\u00f6rze\" \/>\n<meta property=\"og:description\" content=\"&nbsp; Kelet-Eur\u00f3pa legfelszereltebb mag\u00e1nklinik\u00e1j\u00e1n angol, osztr\u00e1k, holland, n\u00e9met \u00e9s magyar eur\u00f3pai szakvizsg\u00e1s \u00e1llatorvosok t\u00e1mogat\u00e1sa mellett szerezheti meg a l\u00f3 \u2013\u00e9s kis\u00e1llatgy\u00f3gy\u00e1szathoz sz\u00fcks\u00e9ges szakmai tud\u00e1st, gyakorlatot. Szolg\u00e1ltat\u00e1saink k\u00f6zt szerepel: ortop\u00e9dia, s\u00e1ntas\u00e1g diagnosztika, fejseb\u00e9szet, fogt\u00f6m\u00e9s, komplex szaporod\u00e1sbiol\u00f3gia, belgy\u00f3gy\u00e1szati \u00e9s sz\u00e9lesk\u00f6r\u0171 seb\u00e9szeti ell\u00e1t\u00e1s, artroszk\u00f3pia, laparoszk\u00f3pia, l\u00e9zerseb\u00e9szet, v\u00edzi rehabilit\u00e1ci\u00f3s tev\u00e9kenys\u00e9g. Alkalmazott k\u00e9palkot\u00f3 diagnosztikai elj\u00e1r\u00e1saink: CT, r\u00f6ntgen, ultrahang, l\u00e9g\u00fati- \u00e9s\" \/>\n<meta property=\"og:url\" content=\"https:\/\/univet.hu\/allasborze\/allasborze-2020\/kiallitok\/pannon-logyogyaszati-es-rehabilitacios-kft\/\" \/>\n<meta property=\"og:site_name\" content=\"\u00c1ll\u00e1sb\u00f6rze\" \/>\n<meta property=\"article:modified_time\" content=\"2025-01-10T12:55:16+00:00\" \/>\n<meta property=\"og:image\" content=\"https:\/\/univet.hu\/allasborze\/wp-content\/uploads\/sites\/2\/2020\/01\/Pannon-Logyogyaszati-es-Rehabilitacios-Kft-272x320.jpg\" \/>\n<meta name=\"twitter:card\" content=\"summary_large_image\" \/>\n<meta name=\"twitter:label1\" content=\"Becs\u00fclt olvas\u00e1si id\u0151\" \/>\n\t<meta name=\"twitter:data1\" content=\"4 perc\" \/>\n<script type=\"application\/ld+json\" class=\"yoast-schema-graph\">{\"@context\":\"https:\/\/schema.org\",\"@graph\":[{\"@type\":\"WebPage\",\"@id\":\"https:\/\/univet.hu\/allasborze\/allasborze-2020\/kiallitok\/pannon-logyogyaszati-es-rehabilitacios-kft\/\",\"url\":\"https:\/\/univet.hu\/allasborze\/allasborze-2020\/kiallitok\/pannon-logyogyaszati-es-rehabilitacios-kft\/\",\"name\":\"Pannon L\u00f3gy\u00f3gy\u00e1szati \u00e9s Rehabilit\u00e1ci\u00f3s Kft. - \u00c1ll\u00e1sb\u00f6rze\",\"isPartOf\":{\"@id\":\"https:\/\/univet.hu\/allasborze\/#website\"},\"primaryImageOfPage\":{\"@id\":\"https:\/\/univet.hu\/allasborze\/allasborze-2020\/kiallitok\/pannon-logyogyaszati-es-rehabilitacios-kft\/#primaryimage\"},\"image\":{\"@id\":\"https:\/\/univet.hu\/allasborze\/allasborze-2020\/kiallitok\/pannon-logyogyaszati-es-rehabilitacios-kft\/#primaryimage\"},\"thumbnailUrl\":\"https:\/\/univet.hu\/allasborze\/wp-content\/uploads\/sites\/2\/2020\/01\/Pannon-Logyogyaszati-es-Rehabilitacios-Kft-272x320.jpg\",\"datePublished\":\"2020-01-21T07:51:10+00:00\",\"dateModified\":\"2025-01-10T12:55:16+00:00\",\"breadcrumb\":{\"@id\":\"https:\/\/univet.hu\/allasborze\/allasborze-2020\/kiallitok\/pannon-logyogyaszati-es-rehabilitacios-kft\/#breadcrumb\"},\"inLanguage\":\"hu\",\"potentialAction\":[{\"@type\":\"ReadAction\",\"target\":[\"https:\/\/univet.hu\/allasborze\/allasborze-2020\/kiallitok\/pannon-logyogyaszati-es-rehabilitacios-kft\/\"]}]},{\"@type\":\"ImageObject\",\"inLanguage\":\"hu\",\"@id\":\"https:\/\/univet.hu\/allasborze\/allasborze-2020\/kiallitok\/pannon-logyogyaszati-es-rehabilitacios-kft\/#primaryimage\",\"url\":\"https:\/\/univet.hu\/allasborze\/wp-content\/uploads\/sites\/2\/2020\/01\/Pannon-Logyogyaszati-es-Rehabilitacios-Kft.jpg\",\"contentUrl\":\"https:\/\/univet.hu\/allasborze\/wp-content\/uploads\/sites\/2\/2020\/01\/Pannon-Logyogyaszati-es-Rehabilitacios-Kft.jpg\",\"width\":1136,\"height\":1336},{\"@type\":\"BreadcrumbList\",\"@id\":\"https:\/\/univet.hu\/allasborze\/allasborze-2020\/kiallitok\/pannon-logyogyaszati-es-rehabilitacios-kft\/#breadcrumb\",\"itemListElement\":[{\"@type\":\"ListItem\",\"position\":1,\"name\":\"Kezd\u0151lap\",\"item\":\"https:\/\/univet.hu\/allasborze\/\"},{\"@type\":\"ListItem\",\"position\":2,\"name\":\"\u00c1ll\u00e1sb\u00f6rze 2020\",\"item\":\"https:\/\/univet.hu\/allasborze\/allasborze-2020\/\"},{\"@type\":\"ListItem\",\"position\":3,\"name\":\"Ki\u00e1ll\u00edt\u00f3k\",\"item\":\"https:\/\/univet.hu\/allasborze\/allasborze-2020\/kiallitok\/\"},{\"@type\":\"ListItem\",\"position\":4,\"name\":\"Pannon L\u00f3gy\u00f3gy\u00e1szati \u00e9s Rehabilit\u00e1ci\u00f3s Kft.\"}]},{\"@type\":\"WebSite\",\"@id\":\"https:\/\/univet.hu\/allasborze\/#website\",\"url\":\"https:\/\/univet.hu\/allasborze\/\",\"name\":\"\u00c1ll\u00e1sb\u00f6rze\",\"description\":\"\",\"potentialAction\":[{\"@type\":\"SearchAction\",\"target\":{\"@type\":\"EntryPoint\",\"urlTemplate\":\"https:\/\/univet.hu\/allasborze\/?s={search_term_string}\"},\"query-input\":{\"@type\":\"PropertyValueSpecification\",\"valueRequired\":true,\"valueName\":\"search_term_string\"}}],\"inLanguage\":\"hu\"}]}<\/script>\n<!-- \/ Yoast SEO plugin. -->","yoast_head_json":{"title":"Pannon L\u00f3gy\u00f3gy\u00e1szati \u00e9s Rehabilit\u00e1ci\u00f3s Kft. - \u00c1ll\u00e1sb\u00f6rze","robots":{"index":"index","follow":"follow","max-snippet":"max-snippet:-1","max-image-preview":"max-image-preview:large","max-video-preview":"max-video-preview:-1"},"canonical":"https:\/\/univet.hu\/allasborze\/allasborze-2020\/kiallitok\/pannon-logyogyaszati-es-rehabilitacios-kft\/","og_locale":"hu_HU","og_type":"article","og_title":"Pannon L\u00f3gy\u00f3gy\u00e1szati \u00e9s Rehabilit\u00e1ci\u00f3s Kft. - \u00c1ll\u00e1sb\u00f6rze","og_description":"&nbsp; Kelet-Eur\u00f3pa legfelszereltebb mag\u00e1nklinik\u00e1j\u00e1n angol, osztr\u00e1k, holland, n\u00e9met \u00e9s magyar eur\u00f3pai szakvizsg\u00e1s \u00e1llatorvosok t\u00e1mogat\u00e1sa mellett szerezheti meg a l\u00f3 \u2013\u00e9s kis\u00e1llatgy\u00f3gy\u00e1szathoz sz\u00fcks\u00e9ges szakmai tud\u00e1st, gyakorlatot. Szolg\u00e1ltat\u00e1saink k\u00f6zt szerepel: ortop\u00e9dia, s\u00e1ntas\u00e1g diagnosztika, fejseb\u00e9szet, fogt\u00f6m\u00e9s, komplex szaporod\u00e1sbiol\u00f3gia, belgy\u00f3gy\u00e1szati \u00e9s sz\u00e9lesk\u00f6r\u0171 seb\u00e9szeti ell\u00e1t\u00e1s, artroszk\u00f3pia, laparoszk\u00f3pia, l\u00e9zerseb\u00e9szet, v\u00edzi rehabilit\u00e1ci\u00f3s tev\u00e9kenys\u00e9g. Alkalmazott k\u00e9palkot\u00f3 diagnosztikai elj\u00e1r\u00e1saink: CT, r\u00f6ntgen, ultrahang, l\u00e9g\u00fati- \u00e9s","og_url":"https:\/\/univet.hu\/allasborze\/allasborze-2020\/kiallitok\/pannon-logyogyaszati-es-rehabilitacios-kft\/","og_site_name":"\u00c1ll\u00e1sb\u00f6rze","article_modified_time":"2025-01-10T12:55:16+00:00","og_image":[{"url":"https:\/\/univet.hu\/allasborze\/wp-content\/uploads\/sites\/2\/2020\/01\/Pannon-Logyogyaszati-es-Rehabilitacios-Kft-272x320.jpg","type":"","width":"","height":""}],"twitter_card":"summary_large_image","twitter_misc":{"Becs\u00fclt olvas\u00e1si id\u0151":"4 perc"},"schema":{"@context":"https:\/\/schema.org","@graph":[{"@type":"WebPage","@id":"https:\/\/univet.hu\/allasborze\/allasborze-2020\/kiallitok\/pannon-logyogyaszati-es-rehabilitacios-kft\/","url":"https:\/\/univet.hu\/allasborze\/allasborze-2020\/kiallitok\/pannon-logyogyaszati-es-rehabilitacios-kft\/","name":"Pannon L\u00f3gy\u00f3gy\u00e1szati \u00e9s Rehabilit\u00e1ci\u00f3s Kft. - \u00c1ll\u00e1sb\u00f6rze","isPartOf":{"@id":"https:\/\/univet.hu\/allasborze\/#website"},"primaryImageOfPage":{"@id":"https:\/\/univet.hu\/allasborze\/allasborze-2020\/kiallitok\/pannon-logyogyaszati-es-rehabilitacios-kft\/#primaryimage"},"image":{"@id":"https:\/\/univet.hu\/allasborze\/allasborze-2020\/kiallitok\/pannon-logyogyaszati-es-rehabilitacios-kft\/#primaryimage"},"thumbnailUrl":"https:\/\/univet.hu\/allasborze\/wp-content\/uploads\/sites\/2\/2020\/01\/Pannon-Logyogyaszati-es-Rehabilitacios-Kft-272x320.jpg","datePublished":"2020-01-21T07:51:10+00:00","dateModified":"2025-01-10T12:55:16+00:00","breadcrumb":{"@id":"https:\/\/univet.hu\/allasborze\/allasborze-2020\/kiallitok\/pannon-logyogyaszati-es-rehabilitacios-kft\/#breadcrumb"},"inLanguage":"hu","potentialAction":[{"@type":"ReadAction","target":["https:\/\/univet.hu\/allasborze\/allasborze-2020\/kiallitok\/pannon-logyogyaszati-es-rehabilitacios-kft\/"]}]},{"@type":"ImageObject","inLanguage":"hu","@id":"https:\/\/univet.hu\/allasborze\/allasborze-2020\/kiallitok\/pannon-logyogyaszati-es-rehabilitacios-kft\/#primaryimage","url":"https:\/\/univet.hu\/allasborze\/wp-content\/uploads\/sites\/2\/2020\/01\/Pannon-Logyogyaszati-es-Rehabilitacios-Kft.jpg","contentUrl":"https:\/\/univet.hu\/allasborze\/wp-content\/uploads\/sites\/2\/2020\/01\/Pannon-Logyogyaszati-es-Rehabilitacios-Kft.jpg","width":1136,"height":1336},{"@type":"BreadcrumbList","@id":"https:\/\/univet.hu\/allasborze\/allasborze-2020\/kiallitok\/pannon-logyogyaszati-es-rehabilitacios-kft\/#breadcrumb","itemListElement":[{"@type":"ListItem","position":1,"name":"Kezd\u0151lap","item":"https:\/\/univet.hu\/allasborze\/"},{"@type":"ListItem","position":2,"name":"\u00c1ll\u00e1sb\u00f6rze 2020","item":"https:\/\/univet.hu\/allasborze\/allasborze-2020\/"},{"@type":"ListItem","position":3,"name":"Ki\u00e1ll\u00edt\u00f3k","item":"https:\/\/univet.hu\/allasborze\/allasborze-2020\/kiallitok\/"},{"@type":"ListItem","position":4,"name":"Pannon L\u00f3gy\u00f3gy\u00e1szati \u00e9s Rehabilit\u00e1ci\u00f3s Kft."}]},{"@type":"WebSite","@id":"https:\/\/univet.hu\/allasborze\/#website","url":"https:\/\/univet.hu\/allasborze\/","name":"\u00c1ll\u00e1sb\u00f6rze","description":"","potentialAction":[{"@type":"SearchAction","target":{"@type":"EntryPoint","urlTemplate":"https:\/\/univet.hu\/allasborze\/?s={search_term_string}"},"query-input":{"@type":"PropertyValueSpecification","valueRequired":true,"valueName":"search_term_string"}}],"inLanguage":"hu"}]}},"_links":{"self":[{"href":"https:\/\/univet.hu\/allasborze\/wp-json\/wp\/v2\/pages\/48361","targetHints":{"allow":["GET"]}}],"collection":[{"href":"https:\/\/univet.hu\/allasborze\/wp-json\/wp\/v2\/pages"}],"about":[{"href":"https:\/\/univet.hu\/allasborze\/wp-json\/wp\/v2\/types\/page"}],"author":[{"embeddable":true,"href":"https:\/\/univet.hu\/allasborze\/wp-json\/wp\/v2\/users\/2518"}],"replies":[{"embeddable":true,"href":"https:\/\/univet.hu\/allasborze\/wp-json\/wp\/v2\/comments?post=48361"}],"version-history":[{"count":1,"href":"https:\/\/univet.hu\/allasborze\/wp-json\/wp\/v2\/pages\/48361\/revisions"}],"predecessor-version":[{"id":172780,"href":"https:\/\/univet.hu\/allasborze\/wp-json\/wp\/v2\/pages\/48361\/revisions\/172780"}],"up":[{"embeddable":true,"href":"https:\/\/univet.hu\/allasborze\/wp-json\/wp\/v2\/pages\/46253"}],"wp:attachment":[{"href":"https:\/\/univet.hu\/allasborze\/wp-json\/wp\/v2\/media?parent=48361"}],"wp:term":[{"taxonomy":"category","embeddable":true,"href":"https:\/\/univet.hu\/allasborze\/wp-json\/wp\/v2\/categories?post=48361"},{"taxonomy":"post_tag","embeddable":true,"href":"https:\/\/univet.hu\/allasborze\/wp-json\/wp\/v2\/tags?post=48361"}],"curies":[{"name":"wp","href":"https:\/\/api.w.org\/{rel}","templated":true}]}}