{"id":48369,"date":"2020-01-21T09:20:48","date_gmt":"2020-01-21T08:20:48","guid":{"rendered":"https:\/\/univet.hu\/?page_id=48369"},"modified":"2025-01-10T13:55:15","modified_gmt":"2025-01-10T12:55:15","slug":"ivc-evidensia-graduate-academy","status":"publish","type":"page","link":"https:\/\/univet.hu\/allasborze\/allasborze-2020\/kiallitok\/ivc-evidensia-graduate-academy\/","title":{"rendered":"IVC Evidensia Graduate Academy &#8211; UK\/Anglia"},"content":{"rendered":"<p>&nbsp;<\/p> <p>IVC Evidensia is the UK\u2019s largest veterinary group with over 1000 practices across 10 countries.\u00a0 We have six core principles that support everything we do. We believe in putting people first because satisfied staff are what makes a practice successful.<\/p> <p>We truly understand vets, because our business is full of them! All of our practices are independent and cover all areas of care, from 1st opinion to referral, small animal to farm. We have a fantastic CPD programme for new graduates looking to start their first role in the industry.<\/p> <p>We understand how much time and effort you\u2019ve put into your training. We\u2019ll nurture that dedication and ambition and offer you an industry-leading career path in an environment that actively encourages clinical excellence.<\/p> <p><em>For more information visit our website:<\/em><a href=\"https:\/\/ivcevidensiaacademy.com\" target=\"_blank\" rel=\"noopener\"><img loading=\"lazy\" decoding=\"async\" class=\"aligncenter size-full wp-image-48370\" src=\"https:\/\/univet.hu\/allasborze\/wp-content\/uploads\/sites\/2\/2020\/01\/IVC-Evidensia-Graduate-Academy.png\" alt=\"\" width=\"208\" height=\"100\" \/><\/a><\/p> <p><a href=\"https:\/\/univet.hu\/allasborze\/wp-content\/uploads\/sites\/2\/2020\/01\/IVC-Evidensia-Graduate-Academy-_Overseas-Leaflet-work-experience-and-academy.pdf\">Read more about IVC Evidensia Graduate Academy<\/a><\/p>","protected":false},"excerpt":{"rendered":"<p>&nbsp; IVC Evidensia is the UK\u2019s largest veterinary group with over 1000 practices across 10 countries.\u00a0 We have six core principles that support everything we do. We believe in putting people first because satisfied staff are what makes a practice successful. We truly understand vets, because our business is full of them! All of our<\/p>\n","protected":false},"author":2518,"featured_media":0,"parent":46253,"menu_order":0,"comment_status":"closed","ping_status":"closed","template":"","meta":{"_acf_changed":false,"footnotes":""},"categories":[],"tags":[],"class_list":["post-48369","page","type-page","status-publish","hentry"],"acf":[],"yoast_head":"<!-- This site is optimized with the Yoast SEO plugin v27.2 - https:\/\/yoast.com\/product\/yoast-seo-wordpress\/ -->\n<title>IVC Evidensia Graduate Academy - UK\/Anglia - \u00c1ll\u00e1sb\u00f6rze<\/title>\n<meta name=\"robots\" content=\"index, follow, max-snippet:-1, max-image-preview:large, max-video-preview:-1\" \/>\n<link rel=\"canonical\" href=\"https:\/\/univet.hu\/allasborze\/allasborze-2020\/kiallitok\/ivc-evidensia-graduate-academy\/\" \/>\n<meta property=\"og:locale\" content=\"hu_HU\" \/>\n<meta property=\"og:type\" content=\"article\" \/>\n<meta property=\"og:title\" content=\"IVC Evidensia Graduate Academy - UK\/Anglia - \u00c1ll\u00e1sb\u00f6rze\" \/>\n<meta property=\"og:description\" content=\"&nbsp; IVC Evidensia is the UK\u2019s largest veterinary group with over 1000 practices across 10 countries.\u00a0 We have six core principles that support everything we do. We believe in putting people first because satisfied staff are what makes a practice successful. We truly understand vets, because our business is full of them! All of our\" \/>\n<meta property=\"og:url\" content=\"https:\/\/univet.hu\/allasborze\/allasborze-2020\/kiallitok\/ivc-evidensia-graduate-academy\/\" \/>\n<meta property=\"og:site_name\" content=\"\u00c1ll\u00e1sb\u00f6rze\" \/>\n<meta property=\"article:modified_time\" content=\"2025-01-10T12:55:15+00:00\" \/>\n<meta property=\"og:image\" content=\"https:\/\/univet.hu\/allasborze\/wp-content\/uploads\/sites\/2\/2020\/01\/IVC-Evidensia-Graduate-Academy.png\" \/>\n<meta name=\"twitter:card\" content=\"summary_large_image\" \/>\n<meta name=\"twitter:label1\" content=\"Becs\u00fclt olvas\u00e1si id\u0151\" \/>\n\t<meta name=\"twitter:data1\" content=\"1 perc\" \/>\n<script type=\"application\/ld+json\" class=\"yoast-schema-graph\">{\"@context\":\"https:\/\/schema.org\",\"@graph\":[{\"@type\":\"WebPage\",\"@id\":\"https:\/\/univet.hu\/allasborze\/allasborze-2020\/kiallitok\/ivc-evidensia-graduate-academy\/\",\"url\":\"https:\/\/univet.hu\/allasborze\/allasborze-2020\/kiallitok\/ivc-evidensia-graduate-academy\/\",\"name\":\"IVC Evidensia Graduate Academy - UK\/Anglia - \u00c1ll\u00e1sb\u00f6rze\",\"isPartOf\":{\"@id\":\"https:\/\/univet.hu\/allasborze\/#website\"},\"primaryImageOfPage\":{\"@id\":\"https:\/\/univet.hu\/allasborze\/allasborze-2020\/kiallitok\/ivc-evidensia-graduate-academy\/#primaryimage\"},\"image\":{\"@id\":\"https:\/\/univet.hu\/allasborze\/allasborze-2020\/kiallitok\/ivc-evidensia-graduate-academy\/#primaryimage\"},\"thumbnailUrl\":\"https:\/\/univet.hu\/allasborze\/wp-content\/uploads\/sites\/2\/2020\/01\/IVC-Evidensia-Graduate-Academy.png\",\"datePublished\":\"2020-01-21T08:20:48+00:00\",\"dateModified\":\"2025-01-10T12:55:15+00:00\",\"breadcrumb\":{\"@id\":\"https:\/\/univet.hu\/allasborze\/allasborze-2020\/kiallitok\/ivc-evidensia-graduate-academy\/#breadcrumb\"},\"inLanguage\":\"hu\",\"potentialAction\":[{\"@type\":\"ReadAction\",\"target\":[\"https:\/\/univet.hu\/allasborze\/allasborze-2020\/kiallitok\/ivc-evidensia-graduate-academy\/\"]}]},{\"@type\":\"ImageObject\",\"inLanguage\":\"hu\",\"@id\":\"https:\/\/univet.hu\/allasborze\/allasborze-2020\/kiallitok\/ivc-evidensia-graduate-academy\/#primaryimage\",\"url\":\"https:\/\/univet.hu\/allasborze\/wp-content\/uploads\/sites\/2\/2020\/01\/IVC-Evidensia-Graduate-Academy.png\",\"contentUrl\":\"https:\/\/univet.hu\/allasborze\/wp-content\/uploads\/sites\/2\/2020\/01\/IVC-Evidensia-Graduate-Academy.png\",\"width\":208,\"height\":100},{\"@type\":\"BreadcrumbList\",\"@id\":\"https:\/\/univet.hu\/allasborze\/allasborze-2020\/kiallitok\/ivc-evidensia-graduate-academy\/#breadcrumb\",\"itemListElement\":[{\"@type\":\"ListItem\",\"position\":1,\"name\":\"Kezd\u0151lap\",\"item\":\"https:\/\/univet.hu\/allasborze\/\"},{\"@type\":\"ListItem\",\"position\":2,\"name\":\"\u00c1ll\u00e1sb\u00f6rze 2020\",\"item\":\"https:\/\/univet.hu\/allasborze\/allasborze-2020\/\"},{\"@type\":\"ListItem\",\"position\":3,\"name\":\"Ki\u00e1ll\u00edt\u00f3k\",\"item\":\"https:\/\/univet.hu\/allasborze\/allasborze-2020\/kiallitok\/\"},{\"@type\":\"ListItem\",\"position\":4,\"name\":\"IVC Evidensia Graduate Academy &#8211; UK\/Anglia\"}]},{\"@type\":\"WebSite\",\"@id\":\"https:\/\/univet.hu\/allasborze\/#website\",\"url\":\"https:\/\/univet.hu\/allasborze\/\",\"name\":\"\u00c1ll\u00e1sb\u00f6rze\",\"description\":\"\",\"potentialAction\":[{\"@type\":\"SearchAction\",\"target\":{\"@type\":\"EntryPoint\",\"urlTemplate\":\"https:\/\/univet.hu\/allasborze\/?s={search_term_string}\"},\"query-input\":{\"@type\":\"PropertyValueSpecification\",\"valueRequired\":true,\"valueName\":\"search_term_string\"}}],\"inLanguage\":\"hu\"}]}<\/script>\n<!-- \/ Yoast SEO plugin. -->","yoast_head_json":{"title":"IVC Evidensia Graduate Academy - UK\/Anglia - \u00c1ll\u00e1sb\u00f6rze","robots":{"index":"index","follow":"follow","max-snippet":"max-snippet:-1","max-image-preview":"max-image-preview:large","max-video-preview":"max-video-preview:-1"},"canonical":"https:\/\/univet.hu\/allasborze\/allasborze-2020\/kiallitok\/ivc-evidensia-graduate-academy\/","og_locale":"hu_HU","og_type":"article","og_title":"IVC Evidensia Graduate Academy - UK\/Anglia - \u00c1ll\u00e1sb\u00f6rze","og_description":"&nbsp; IVC Evidensia is the UK\u2019s largest veterinary group with over 1000 practices across 10 countries.\u00a0 We have six core principles that support everything we do. We believe in putting people first because satisfied staff are what makes a practice successful. We truly understand vets, because our business is full of them! All of our","og_url":"https:\/\/univet.hu\/allasborze\/allasborze-2020\/kiallitok\/ivc-evidensia-graduate-academy\/","og_site_name":"\u00c1ll\u00e1sb\u00f6rze","article_modified_time":"2025-01-10T12:55:15+00:00","og_image":[{"url":"https:\/\/univet.hu\/allasborze\/wp-content\/uploads\/sites\/2\/2020\/01\/IVC-Evidensia-Graduate-Academy.png","type":"","width":"","height":""}],"twitter_card":"summary_large_image","twitter_misc":{"Becs\u00fclt olvas\u00e1si id\u0151":"1 perc"},"schema":{"@context":"https:\/\/schema.org","@graph":[{"@type":"WebPage","@id":"https:\/\/univet.hu\/allasborze\/allasborze-2020\/kiallitok\/ivc-evidensia-graduate-academy\/","url":"https:\/\/univet.hu\/allasborze\/allasborze-2020\/kiallitok\/ivc-evidensia-graduate-academy\/","name":"IVC Evidensia Graduate Academy - UK\/Anglia - \u00c1ll\u00e1sb\u00f6rze","isPartOf":{"@id":"https:\/\/univet.hu\/allasborze\/#website"},"primaryImageOfPage":{"@id":"https:\/\/univet.hu\/allasborze\/allasborze-2020\/kiallitok\/ivc-evidensia-graduate-academy\/#primaryimage"},"image":{"@id":"https:\/\/univet.hu\/allasborze\/allasborze-2020\/kiallitok\/ivc-evidensia-graduate-academy\/#primaryimage"},"thumbnailUrl":"https:\/\/univet.hu\/allasborze\/wp-content\/uploads\/sites\/2\/2020\/01\/IVC-Evidensia-Graduate-Academy.png","datePublished":"2020-01-21T08:20:48+00:00","dateModified":"2025-01-10T12:55:15+00:00","breadcrumb":{"@id":"https:\/\/univet.hu\/allasborze\/allasborze-2020\/kiallitok\/ivc-evidensia-graduate-academy\/#breadcrumb"},"inLanguage":"hu","potentialAction":[{"@type":"ReadAction","target":["https:\/\/univet.hu\/allasborze\/allasborze-2020\/kiallitok\/ivc-evidensia-graduate-academy\/"]}]},{"@type":"ImageObject","inLanguage":"hu","@id":"https:\/\/univet.hu\/allasborze\/allasborze-2020\/kiallitok\/ivc-evidensia-graduate-academy\/#primaryimage","url":"https:\/\/univet.hu\/allasborze\/wp-content\/uploads\/sites\/2\/2020\/01\/IVC-Evidensia-Graduate-Academy.png","contentUrl":"https:\/\/univet.hu\/allasborze\/wp-content\/uploads\/sites\/2\/2020\/01\/IVC-Evidensia-Graduate-Academy.png","width":208,"height":100},{"@type":"BreadcrumbList","@id":"https:\/\/univet.hu\/allasborze\/allasborze-2020\/kiallitok\/ivc-evidensia-graduate-academy\/#breadcrumb","itemListElement":[{"@type":"ListItem","position":1,"name":"Kezd\u0151lap","item":"https:\/\/univet.hu\/allasborze\/"},{"@type":"ListItem","position":2,"name":"\u00c1ll\u00e1sb\u00f6rze 2020","item":"https:\/\/univet.hu\/allasborze\/allasborze-2020\/"},{"@type":"ListItem","position":3,"name":"Ki\u00e1ll\u00edt\u00f3k","item":"https:\/\/univet.hu\/allasborze\/allasborze-2020\/kiallitok\/"},{"@type":"ListItem","position":4,"name":"IVC Evidensia Graduate Academy &#8211; UK\/Anglia"}]},{"@type":"WebSite","@id":"https:\/\/univet.hu\/allasborze\/#website","url":"https:\/\/univet.hu\/allasborze\/","name":"\u00c1ll\u00e1sb\u00f6rze","description":"","potentialAction":[{"@type":"SearchAction","target":{"@type":"EntryPoint","urlTemplate":"https:\/\/univet.hu\/allasborze\/?s={search_term_string}"},"query-input":{"@type":"PropertyValueSpecification","valueRequired":true,"valueName":"search_term_string"}}],"inLanguage":"hu"}]}},"_links":{"self":[{"href":"https:\/\/univet.hu\/allasborze\/wp-json\/wp\/v2\/pages\/48369","targetHints":{"allow":["GET"]}}],"collection":[{"href":"https:\/\/univet.hu\/allasborze\/wp-json\/wp\/v2\/pages"}],"about":[{"href":"https:\/\/univet.hu\/allasborze\/wp-json\/wp\/v2\/types\/page"}],"author":[{"embeddable":true,"href":"https:\/\/univet.hu\/allasborze\/wp-json\/wp\/v2\/users\/2518"}],"replies":[{"embeddable":true,"href":"https:\/\/univet.hu\/allasborze\/wp-json\/wp\/v2\/comments?post=48369"}],"version-history":[{"count":1,"href":"https:\/\/univet.hu\/allasborze\/wp-json\/wp\/v2\/pages\/48369\/revisions"}],"predecessor-version":[{"id":172771,"href":"https:\/\/univet.hu\/allasborze\/wp-json\/wp\/v2\/pages\/48369\/revisions\/172771"}],"up":[{"embeddable":true,"href":"https:\/\/univet.hu\/allasborze\/wp-json\/wp\/v2\/pages\/46253"}],"wp:attachment":[{"href":"https:\/\/univet.hu\/allasborze\/wp-json\/wp\/v2\/media?parent=48369"}],"wp:term":[{"taxonomy":"category","embeddable":true,"href":"https:\/\/univet.hu\/allasborze\/wp-json\/wp\/v2\/categories?post=48369"},{"taxonomy":"post_tag","embeddable":true,"href":"https:\/\/univet.hu\/allasborze\/wp-json\/wp\/v2\/tags?post=48369"}],"curies":[{"name":"wp","href":"https:\/\/api.w.org\/{rel}","templated":true}]}}