{"id":48586,"date":"2020-01-23T09:44:12","date_gmt":"2020-01-23T08:44:12","guid":{"rendered":"https:\/\/univet.hu\/?page_id=48586"},"modified":"2025-01-10T13:55:14","modified_gmt":"2025-01-10T12:55:14","slug":"bonafarm-csoport","status":"publish","type":"page","link":"https:\/\/univet.hu\/allasborze\/allasborze-2020\/kiallitok\/bonafarm-csoport\/","title":{"rendered":"Bonafarm Csoport"},"content":{"rendered":"<p>&nbsp;<\/p> <p>A Bonafarm Csoport haz\u00e1nk egyik meghat\u00e1roz\u00f3 \u00e9lelmiszergazdas\u00e1gi v\u00e1llalatcsoportja. Munkav\u00e1llal\u00f3i a legnagyobb szak\u00e9rtelemmel k\u00eds\u00e9rik v\u00e9gig a v\u00e1s\u00e1rl\u00f3 asztal\u00e1ig vezet\u0151 utat a n\u00f6v\u00e9nytermeszt\u00e9sen, takarm\u00e1nykever\u00e9sen, \u00e1llatteny\u00e9szt\u00e9sen \u00e9s a feldolgoz\u00e1son \u00e1t, \u00edgy garant\u00e1lva a megb\u00edzhat\u00f3 min\u0151s\u00e9get. Feldolgoz\u00f3ipara sz\u00e1m\u00e1ra a Bonafarm Mez\u0151gazdas\u00e1g szolg\u00e1ltatja a kiemelked\u0151 min\u0151s\u00e9g\u0171 alapanyagok jelent\u0151s r\u00e9sz\u00e9t. \u00c9lelmiszer-feldolgoz\u00f3 v\u00e1llalkoz\u00e1sai a Pick Szeged Zrt., a Sole-Mizo Zrt., a Cs\u00e1nyi Pinc\u00e9szet Zrt., valamint a strat\u00e9giai partner MCS V\u00e1g\u00f3h\u00edd Zrt. \u00edgy kiv\u00e1l\u00f3 alapanyagok felhaszn\u00e1l\u00e1s\u00e1val, szigor\u00fa min\u0151s\u00e9gellen\u0151rz\u00e9s mellett, a legmodernebb technol\u00f3gi\u00e1val k\u00e9sz\u00edti a milli\u00f3k \u00e1ltal kedvelt term\u00e9keit.<\/p> <p>&nbsp;<\/p> <p>Tov\u00e1bbi inform\u00e1ci\u00f3\u00e9rt kattintson a ki\u00e1ll\u00edt\u00f3 honlapj\u00e1ra:\u00a0<a href=\"https:\/\/www.bonafarmcsoport.hu\" target=\"_blank\" rel=\"noopener\">https:\/\/www.bonafarmcsoport.hu<\/a><\/p> <p>&nbsp;<\/p> <p><a href=\"https:\/\/www.bonafarmcsoport.hu\" target=\"_blank\" rel=\"noopener\"><img loading=\"lazy\" decoding=\"async\" class=\"wp-image-48983 size-full aligncenter\" src=\"https:\/\/univet.hu\/allasborze\/wp-content\/uploads\/sites\/2\/2020\/01\/Bonafarm.jpg\" alt=\"\" width=\"160\" height=\"62\" \/><\/a><\/p>","protected":false},"excerpt":{"rendered":"<p>&nbsp; A Bonafarm Csoport haz\u00e1nk egyik meghat\u00e1roz\u00f3 \u00e9lelmiszergazdas\u00e1gi v\u00e1llalatcsoportja. Munkav\u00e1llal\u00f3i a legnagyobb szak\u00e9rtelemmel k\u00eds\u00e9rik v\u00e9gig a v\u00e1s\u00e1rl\u00f3 asztal\u00e1ig vezet\u0151 utat a n\u00f6v\u00e9nytermeszt\u00e9sen, takarm\u00e1nykever\u00e9sen, \u00e1llatteny\u00e9szt\u00e9sen \u00e9s a feldolgoz\u00e1son \u00e1t, \u00edgy garant\u00e1lva a megb\u00edzhat\u00f3 min\u0151s\u00e9get. Feldolgoz\u00f3ipara sz\u00e1m\u00e1ra a Bonafarm Mez\u0151gazdas\u00e1g szolg\u00e1ltatja a kiemelked\u0151 min\u0151s\u00e9g\u0171 alapanyagok jelent\u0151s r\u00e9sz\u00e9t. \u00c9lelmiszer-feldolgoz\u00f3 v\u00e1llalkoz\u00e1sai a Pick Szeged Zrt., a Sole-Mizo Zrt., a<\/p>\n","protected":false},"author":2518,"featured_media":0,"parent":46253,"menu_order":0,"comment_status":"closed","ping_status":"closed","template":"","meta":{"_acf_changed":false,"footnotes":""},"categories":[],"tags":[],"class_list":["post-48586","page","type-page","status-publish","hentry"],"acf":[],"yoast_head":"<!-- This site is optimized with the Yoast SEO plugin v27.2 - https:\/\/yoast.com\/product\/yoast-seo-wordpress\/ -->\n<title>Bonafarm Csoport - \u00c1ll\u00e1sb\u00f6rze<\/title>\n<meta name=\"robots\" content=\"index, follow, max-snippet:-1, max-image-preview:large, max-video-preview:-1\" \/>\n<link rel=\"canonical\" href=\"https:\/\/univet.hu\/allasborze\/allasborze-2020\/kiallitok\/bonafarm-csoport\/\" \/>\n<meta property=\"og:locale\" content=\"hu_HU\" \/>\n<meta property=\"og:type\" content=\"article\" \/>\n<meta property=\"og:title\" content=\"Bonafarm Csoport - \u00c1ll\u00e1sb\u00f6rze\" \/>\n<meta property=\"og:description\" content=\"&nbsp; A Bonafarm Csoport haz\u00e1nk egyik meghat\u00e1roz\u00f3 \u00e9lelmiszergazdas\u00e1gi v\u00e1llalatcsoportja. Munkav\u00e1llal\u00f3i a legnagyobb szak\u00e9rtelemmel k\u00eds\u00e9rik v\u00e9gig a v\u00e1s\u00e1rl\u00f3 asztal\u00e1ig vezet\u0151 utat a n\u00f6v\u00e9nytermeszt\u00e9sen, takarm\u00e1nykever\u00e9sen, \u00e1llatteny\u00e9szt\u00e9sen \u00e9s a feldolgoz\u00e1son \u00e1t, \u00edgy garant\u00e1lva a megb\u00edzhat\u00f3 min\u0151s\u00e9get. Feldolgoz\u00f3ipara sz\u00e1m\u00e1ra a Bonafarm Mez\u0151gazdas\u00e1g szolg\u00e1ltatja a kiemelked\u0151 min\u0151s\u00e9g\u0171 alapanyagok jelent\u0151s r\u00e9sz\u00e9t. \u00c9lelmiszer-feldolgoz\u00f3 v\u00e1llalkoz\u00e1sai a Pick Szeged Zrt., a Sole-Mizo Zrt., a\" \/>\n<meta property=\"og:url\" content=\"https:\/\/univet.hu\/allasborze\/allasborze-2020\/kiallitok\/bonafarm-csoport\/\" \/>\n<meta property=\"og:site_name\" content=\"\u00c1ll\u00e1sb\u00f6rze\" \/>\n<meta property=\"article:modified_time\" content=\"2025-01-10T12:55:14+00:00\" \/>\n<meta property=\"og:image\" content=\"https:\/\/univet.hu\/allasborze\/wp-content\/uploads\/sites\/2\/2020\/01\/Bonafarm.jpg\" \/>\n<meta name=\"twitter:card\" content=\"summary_large_image\" \/>\n<meta name=\"twitter:label1\" content=\"Becs\u00fclt olvas\u00e1si id\u0151\" \/>\n\t<meta name=\"twitter:data1\" content=\"1 perc\" \/>\n<script type=\"application\/ld+json\" class=\"yoast-schema-graph\">{\"@context\":\"https:\/\/schema.org\",\"@graph\":[{\"@type\":\"WebPage\",\"@id\":\"https:\/\/univet.hu\/allasborze\/allasborze-2020\/kiallitok\/bonafarm-csoport\/\",\"url\":\"https:\/\/univet.hu\/allasborze\/allasborze-2020\/kiallitok\/bonafarm-csoport\/\",\"name\":\"Bonafarm Csoport - \u00c1ll\u00e1sb\u00f6rze\",\"isPartOf\":{\"@id\":\"https:\/\/univet.hu\/allasborze\/#website\"},\"primaryImageOfPage\":{\"@id\":\"https:\/\/univet.hu\/allasborze\/allasborze-2020\/kiallitok\/bonafarm-csoport\/#primaryimage\"},\"image\":{\"@id\":\"https:\/\/univet.hu\/allasborze\/allasborze-2020\/kiallitok\/bonafarm-csoport\/#primaryimage\"},\"thumbnailUrl\":\"https:\/\/univet.hu\/allasborze\/wp-content\/uploads\/sites\/2\/2020\/01\/Bonafarm.jpg\",\"datePublished\":\"2020-01-23T08:44:12+00:00\",\"dateModified\":\"2025-01-10T12:55:14+00:00\",\"breadcrumb\":{\"@id\":\"https:\/\/univet.hu\/allasborze\/allasborze-2020\/kiallitok\/bonafarm-csoport\/#breadcrumb\"},\"inLanguage\":\"hu\",\"potentialAction\":[{\"@type\":\"ReadAction\",\"target\":[\"https:\/\/univet.hu\/allasborze\/allasborze-2020\/kiallitok\/bonafarm-csoport\/\"]}]},{\"@type\":\"ImageObject\",\"inLanguage\":\"hu\",\"@id\":\"https:\/\/univet.hu\/allasborze\/allasborze-2020\/kiallitok\/bonafarm-csoport\/#primaryimage\",\"url\":\"https:\/\/univet.hu\/allasborze\/wp-content\/uploads\/sites\/2\/2020\/01\/Bonafarm.jpg\",\"contentUrl\":\"https:\/\/univet.hu\/allasborze\/wp-content\/uploads\/sites\/2\/2020\/01\/Bonafarm.jpg\",\"width\":160,\"height\":62,\"caption\":\"BF_Cs_logo\"},{\"@type\":\"BreadcrumbList\",\"@id\":\"https:\/\/univet.hu\/allasborze\/allasborze-2020\/kiallitok\/bonafarm-csoport\/#breadcrumb\",\"itemListElement\":[{\"@type\":\"ListItem\",\"position\":1,\"name\":\"Kezd\u0151lap\",\"item\":\"https:\/\/univet.hu\/allasborze\/\"},{\"@type\":\"ListItem\",\"position\":2,\"name\":\"\u00c1ll\u00e1sb\u00f6rze 2020\",\"item\":\"https:\/\/univet.hu\/allasborze\/allasborze-2020\/\"},{\"@type\":\"ListItem\",\"position\":3,\"name\":\"Ki\u00e1ll\u00edt\u00f3k\",\"item\":\"https:\/\/univet.hu\/allasborze\/allasborze-2020\/kiallitok\/\"},{\"@type\":\"ListItem\",\"position\":4,\"name\":\"Bonafarm Csoport\"}]},{\"@type\":\"WebSite\",\"@id\":\"https:\/\/univet.hu\/allasborze\/#website\",\"url\":\"https:\/\/univet.hu\/allasborze\/\",\"name\":\"\u00c1ll\u00e1sb\u00f6rze\",\"description\":\"\",\"potentialAction\":[{\"@type\":\"SearchAction\",\"target\":{\"@type\":\"EntryPoint\",\"urlTemplate\":\"https:\/\/univet.hu\/allasborze\/?s={search_term_string}\"},\"query-input\":{\"@type\":\"PropertyValueSpecification\",\"valueRequired\":true,\"valueName\":\"search_term_string\"}}],\"inLanguage\":\"hu\"}]}<\/script>\n<!-- \/ Yoast SEO plugin. -->","yoast_head_json":{"title":"Bonafarm Csoport - \u00c1ll\u00e1sb\u00f6rze","robots":{"index":"index","follow":"follow","max-snippet":"max-snippet:-1","max-image-preview":"max-image-preview:large","max-video-preview":"max-video-preview:-1"},"canonical":"https:\/\/univet.hu\/allasborze\/allasborze-2020\/kiallitok\/bonafarm-csoport\/","og_locale":"hu_HU","og_type":"article","og_title":"Bonafarm Csoport - \u00c1ll\u00e1sb\u00f6rze","og_description":"&nbsp; A Bonafarm Csoport haz\u00e1nk egyik meghat\u00e1roz\u00f3 \u00e9lelmiszergazdas\u00e1gi v\u00e1llalatcsoportja. Munkav\u00e1llal\u00f3i a legnagyobb szak\u00e9rtelemmel k\u00eds\u00e9rik v\u00e9gig a v\u00e1s\u00e1rl\u00f3 asztal\u00e1ig vezet\u0151 utat a n\u00f6v\u00e9nytermeszt\u00e9sen, takarm\u00e1nykever\u00e9sen, \u00e1llatteny\u00e9szt\u00e9sen \u00e9s a feldolgoz\u00e1son \u00e1t, \u00edgy garant\u00e1lva a megb\u00edzhat\u00f3 min\u0151s\u00e9get. Feldolgoz\u00f3ipara sz\u00e1m\u00e1ra a Bonafarm Mez\u0151gazdas\u00e1g szolg\u00e1ltatja a kiemelked\u0151 min\u0151s\u00e9g\u0171 alapanyagok jelent\u0151s r\u00e9sz\u00e9t. \u00c9lelmiszer-feldolgoz\u00f3 v\u00e1llalkoz\u00e1sai a Pick Szeged Zrt., a Sole-Mizo Zrt., a","og_url":"https:\/\/univet.hu\/allasborze\/allasborze-2020\/kiallitok\/bonafarm-csoport\/","og_site_name":"\u00c1ll\u00e1sb\u00f6rze","article_modified_time":"2025-01-10T12:55:14+00:00","og_image":[{"url":"https:\/\/univet.hu\/allasborze\/wp-content\/uploads\/sites\/2\/2020\/01\/Bonafarm.jpg","type":"","width":"","height":""}],"twitter_card":"summary_large_image","twitter_misc":{"Becs\u00fclt olvas\u00e1si id\u0151":"1 perc"},"schema":{"@context":"https:\/\/schema.org","@graph":[{"@type":"WebPage","@id":"https:\/\/univet.hu\/allasborze\/allasborze-2020\/kiallitok\/bonafarm-csoport\/","url":"https:\/\/univet.hu\/allasborze\/allasborze-2020\/kiallitok\/bonafarm-csoport\/","name":"Bonafarm Csoport - \u00c1ll\u00e1sb\u00f6rze","isPartOf":{"@id":"https:\/\/univet.hu\/allasborze\/#website"},"primaryImageOfPage":{"@id":"https:\/\/univet.hu\/allasborze\/allasborze-2020\/kiallitok\/bonafarm-csoport\/#primaryimage"},"image":{"@id":"https:\/\/univet.hu\/allasborze\/allasborze-2020\/kiallitok\/bonafarm-csoport\/#primaryimage"},"thumbnailUrl":"https:\/\/univet.hu\/allasborze\/wp-content\/uploads\/sites\/2\/2020\/01\/Bonafarm.jpg","datePublished":"2020-01-23T08:44:12+00:00","dateModified":"2025-01-10T12:55:14+00:00","breadcrumb":{"@id":"https:\/\/univet.hu\/allasborze\/allasborze-2020\/kiallitok\/bonafarm-csoport\/#breadcrumb"},"inLanguage":"hu","potentialAction":[{"@type":"ReadAction","target":["https:\/\/univet.hu\/allasborze\/allasborze-2020\/kiallitok\/bonafarm-csoport\/"]}]},{"@type":"ImageObject","inLanguage":"hu","@id":"https:\/\/univet.hu\/allasborze\/allasborze-2020\/kiallitok\/bonafarm-csoport\/#primaryimage","url":"https:\/\/univet.hu\/allasborze\/wp-content\/uploads\/sites\/2\/2020\/01\/Bonafarm.jpg","contentUrl":"https:\/\/univet.hu\/allasborze\/wp-content\/uploads\/sites\/2\/2020\/01\/Bonafarm.jpg","width":160,"height":62,"caption":"BF_Cs_logo"},{"@type":"BreadcrumbList","@id":"https:\/\/univet.hu\/allasborze\/allasborze-2020\/kiallitok\/bonafarm-csoport\/#breadcrumb","itemListElement":[{"@type":"ListItem","position":1,"name":"Kezd\u0151lap","item":"https:\/\/univet.hu\/allasborze\/"},{"@type":"ListItem","position":2,"name":"\u00c1ll\u00e1sb\u00f6rze 2020","item":"https:\/\/univet.hu\/allasborze\/allasborze-2020\/"},{"@type":"ListItem","position":3,"name":"Ki\u00e1ll\u00edt\u00f3k","item":"https:\/\/univet.hu\/allasborze\/allasborze-2020\/kiallitok\/"},{"@type":"ListItem","position":4,"name":"Bonafarm Csoport"}]},{"@type":"WebSite","@id":"https:\/\/univet.hu\/allasborze\/#website","url":"https:\/\/univet.hu\/allasborze\/","name":"\u00c1ll\u00e1sb\u00f6rze","description":"","potentialAction":[{"@type":"SearchAction","target":{"@type":"EntryPoint","urlTemplate":"https:\/\/univet.hu\/allasborze\/?s={search_term_string}"},"query-input":{"@type":"PropertyValueSpecification","valueRequired":true,"valueName":"search_term_string"}}],"inLanguage":"hu"}]}},"_links":{"self":[{"href":"https:\/\/univet.hu\/allasborze\/wp-json\/wp\/v2\/pages\/48586","targetHints":{"allow":["GET"]}}],"collection":[{"href":"https:\/\/univet.hu\/allasborze\/wp-json\/wp\/v2\/pages"}],"about":[{"href":"https:\/\/univet.hu\/allasborze\/wp-json\/wp\/v2\/types\/page"}],"author":[{"embeddable":true,"href":"https:\/\/univet.hu\/allasborze\/wp-json\/wp\/v2\/users\/2518"}],"replies":[{"embeddable":true,"href":"https:\/\/univet.hu\/allasborze\/wp-json\/wp\/v2\/comments?post=48586"}],"version-history":[{"count":1,"href":"https:\/\/univet.hu\/allasborze\/wp-json\/wp\/v2\/pages\/48586\/revisions"}],"predecessor-version":[{"id":172765,"href":"https:\/\/univet.hu\/allasborze\/wp-json\/wp\/v2\/pages\/48586\/revisions\/172765"}],"up":[{"embeddable":true,"href":"https:\/\/univet.hu\/allasborze\/wp-json\/wp\/v2\/pages\/46253"}],"wp:attachment":[{"href":"https:\/\/univet.hu\/allasborze\/wp-json\/wp\/v2\/media?parent=48586"}],"wp:term":[{"taxonomy":"category","embeddable":true,"href":"https:\/\/univet.hu\/allasborze\/wp-json\/wp\/v2\/categories?post=48586"},{"taxonomy":"post_tag","embeddable":true,"href":"https:\/\/univet.hu\/allasborze\/wp-json\/wp\/v2\/tags?post=48586"}],"curies":[{"name":"wp","href":"https:\/\/api.w.org\/{rel}","templated":true}]}}