{"id":48592,"date":"2020-01-23T09:48:23","date_gmt":"2020-01-23T08:48:23","guid":{"rendered":"https:\/\/univet.hu\/?page_id=48592"},"modified":"2025-01-10T13:55:15","modified_gmt":"2025-01-10T12:55:15","slug":"medipet-kisallat-rendelo-es-rehabilitacios-centrum","status":"publish","type":"page","link":"https:\/\/univet.hu\/allasborze\/allasborze-2020\/kiallitok\/medipet-kisallat-rendelo-es-rehabilitacios-centrum\/","title":{"rendered":"MediPet Kis\u00e1llat Rendel\u0151 \u00e9s Rehabilit\u00e1ci\u00f3s Centrum"},"content":{"rendered":"<p>&nbsp;<\/p> <p><span data-contrast=\"auto\">A\u00a0<\/span><span data-contrast=\"auto\">MediPet<\/span><span data-contrast=\"auto\">\u00a0Kis\u00e1llat Rehabilit\u00e1ci\u00f3s Centrum jelenleg Magyarorsz\u00e1g legjobban felszerelt\u00a0<\/span><span data-contrast=\"auto\">Fizio<\/span><span data-contrast=\"auto\">-\u00e9s Hidroter\u00e1pi\u00e1s k\u00f6zpontja. C\u00e9lunk az volt, hogy l\u00e9trehozzunk egy helyet mozg\u00e1sszervi \u00e9s neurol\u00f3giai probl\u00e9m\u00e1kkal k\u00fczd\u0151 kuty\u00e1k \u00e9s macsk\u00e1k\u00a0<\/span><span data-contrast=\"auto\">sz\u00e1m\u00e1ra<\/span><span data-contrast=\"auto\">\u00a0ahol minden ismert ter\u00e1pi\u00e1s m\u00f3dszer el\u00e9rhet\u0151.<\/span><span data-ccp-props=\"{&quot;201341983&quot;:0,&quot;335559739&quot;:160,&quot;335559740&quot;:259}\">\u00a0<\/span><\/p> <p><span data-contrast=\"auto\">A Rehabilit\u00e1ci\u00f3s kezel\u00e9seken k\u00edv\u00fcl<\/span><span data-contrast=\"auto\">\u00a0hamar \u00fagy \u00e9rezt\u00fck, hogy a legt\u00f6bbet akkor tudn\u00e1k seg\u00edteni a gazdik \u00e9s n\u00e9gyl\u00e1b\u00fa betegeink ell\u00e1t\u00e1s\u00e1ban, ha a k\u00fcl\u00f6nb\u00f6z\u0151 vizsg\u00e1latok \u00e9s beavatkoz\u00e1sok miatt nem kell m\u00e1shov\u00e1 menni\u00fck, hanem egy helyen pr\u00f3b\u00e1lunk meg minden lehet\u0151s\u00e9get megteremteni sz\u00e1mukra.\u00a0<\/span><span data-ccp-props=\"{&quot;201341983&quot;:0,&quot;335559739&quot;:160,&quot;335559740&quot;:259}\">\u00a0<\/span><\/p> <p><span data-contrast=\"auto\">\u00cdgy<\/span><span data-contrast=\"auto\">\u00a0Centrumunkon bel\u00fcl tal\u00e1lhat\u00f3 egy<\/span><span data-contrast=\"auto\">\u00a0<\/span><span data-contrast=\"auto\">\u00c1llatorvosi Rendel\u0151<\/span><span data-contrast=\"auto\">, ahol a<\/span><span data-contrast=\"auto\">\u00a0legmodernebb digit\u00e1lis berendez\u00e9sekkel \u00e9s eszk\u00f6zparkkal felszerelt Vizsg\u00e1l\u00f3nknak \u00e9s M\u0171t\u0151nknek, valamint szakk\u00e9pzett Orvosainknak k\u00f6sz\u00f6nhet\u0151en egyed\u00fcl\u00e1ll\u00f3 szolg\u00e1ltat\u00e1st ny\u00fajtunk a hozz\u00e1nk \u00e9rkez\u0151<\/span><span data-contrast=\"auto\">knek<\/span><span data-contrast=\"auto\">\u00a0az al\u00e1bbi esetekben:<\/span><br \/> <span data-ccp-props=\"{&quot;201341983&quot;:0,&quot;335559739&quot;:160,&quot;335559740&quot;:259}\">\u00a0<\/span><\/p> <ul> <li data-leveltext=\"\uf0b7\" data-font=\"Symbol\" data-listid=\"3\" data-aria-posinset=\"1\" data-aria-level=\"1\"><span data-contrast=\"auto\">Ortop\u00e9diai, Neurol\u00f3giai szakrendel\u00e9s<\/span><span data-ccp-props=\"{&quot;134233279&quot;:true,&quot;201341983&quot;:0,&quot;335559739&quot;:160,&quot;335559740&quot;:259}\">\u00a0<\/span><\/li> <li data-leveltext=\"\uf0b7\" data-font=\"Symbol\" data-listid=\"3\" data-aria-posinset=\"2\" data-aria-level=\"1\"><span data-contrast=\"auto\">R\u00f6ntgen diagnosztika<\/span><span data-ccp-props=\"{&quot;134233279&quot;:true,&quot;201341983&quot;:0,&quot;335559739&quot;:160,&quot;335559740&quot;:259}\">\u00a0<\/span><\/li> <li data-leveltext=\"\uf0b7\" data-font=\"Symbol\" data-listid=\"3\" data-aria-posinset=\"2\" data-aria-level=\"1\"><span data-contrast=\"auto\">Ortop\u00e9diai, traumatol\u00f3giai, seb\u00e9szeti m\u0171t\u00e9tek<\/span><\/li> <li data-leveltext=\"\uf0b7\" data-font=\"Symbol\" data-listid=\"3\" data-aria-posinset=\"2\" data-aria-level=\"1\"><span data-contrast=\"auto\">Szem\u00e9szeti szakrendel\u00e9s<\/span><span data-ccp-props=\"{&quot;134233279&quot;:true,&quot;201341983&quot;:0,&quot;335559739&quot;:160,&quot;335559740&quot;:259}\">\u00a0<\/span><\/li> <li data-leveltext=\"\uf0b7\" data-font=\"Symbol\" data-listid=\"3\" data-aria-posinset=\"2\" data-aria-level=\"1\"><span data-contrast=\"auto\">V\u00e9d\u0151olt\u00e1sok,\u00a0<\/span><span data-contrast=\"auto\">mikrochipez\u00e9s<\/span><span data-ccp-props=\"{&quot;134233279&quot;:true,&quot;201341983&quot;:0,&quot;335559739&quot;:160,&quot;335559740&quot;:259}\">\u00a0<\/span><\/li> <li data-leveltext=\"\uf0b7\" data-font=\"Symbol\" data-listid=\"3\" data-aria-posinset=\"2\" data-aria-level=\"1\"><span data-contrast=\"auto\">Belgy\u00f3gy\u00e1szati kivizsg\u00e1l\u00e1s<\/span><span data-ccp-props=\"{&quot;134233279&quot;:true,&quot;201341983&quot;:0,&quot;335559739&quot;:160,&quot;335559740&quot;:259}\">\u00a0<\/span><\/li> <li data-leveltext=\"\uf0b7\" data-font=\"Symbol\" data-listid=\"3\" data-aria-posinset=\"2\" data-aria-level=\"1\"><span data-contrast=\"auto\">Laborvizsg\u00e1latok<\/span><span data-ccp-props=\"{&quot;134233279&quot;:true,&quot;201341983&quot;:0,&quot;335559739&quot;:160,&quot;335559740&quot;:259}\">\u00a0<\/span><\/li> <li data-leveltext=\"\uf0b7\" data-font=\"Symbol\" data-listid=\"3\" data-aria-posinset=\"2\" data-aria-level=\"1\"><span data-contrast=\"auto\">Fog\u00e1szati kezel\u00e9sek, sz\u00e1jhigi\u00e9nia<\/span><span data-ccp-props=\"{&quot;134233279&quot;:true,&quot;201341983&quot;:0,&quot;335559739&quot;:160,&quot;335559740&quot;:259}\">\u00a0<\/span><\/li> <li data-leveltext=\"\uf0b7\" data-font=\"Symbol\" data-listid=\"3\" data-aria-posinset=\"2\" data-aria-level=\"1\"><span data-contrast=\"auto\">B\u0151rgy\u00f3gy\u00e1szati kezel\u00e9sek<\/span><span data-ccp-props=\"{&quot;134233279&quot;:true,&quot;201341983&quot;:0,&quot;335559739&quot;:160,&quot;335559740&quot;:259}\">\u00a0<\/span><\/li> <li data-leveltext=\"\uf0b7\" data-font=\"Symbol\" data-listid=\"3\" data-aria-posinset=\"2\" data-aria-level=\"1\"><span data-contrast=\"auto\">Sz\u0171r\u0151vizsg\u00e1latok<\/span><span data-ccp-props=\"{&quot;134233279&quot;:true,&quot;201341983&quot;:0,&quot;335559739&quot;:160,&quot;335559740&quot;:259}\">\u00a0<\/span><\/li> <li data-leveltext=\"\uf0b7\" data-font=\"Symbol\" data-listid=\"3\" data-aria-posinset=\"2\" data-aria-level=\"1\"><span data-contrast=\"auto\">L\u00e1gyseb\u00e9szeti m\u0171t\u00e9tek<\/span><span data-ccp-props=\"{&quot;134233279&quot;:true,&quot;201341983&quot;:0,&quot;335559739&quot;:160,&quot;335559740&quot;:259}\">\u00a0<\/span><\/li> <\/ul> <p><span data-contrast=\"auto\">Folyamatosan b\u0151v\u00edtj\u00fck szakrendel\u00e9seink list\u00e1j\u00e1t, hiszen fontosnak tartjuk a betegs\u00e9gek c\u00e9lir\u00e1ny\u00fa vizsg\u00e1lat\u00e1t, a pontos diagn\u00f3zis fel\u00e1ll\u00edt\u00e1s\u00e1t \u00e9s annak megfelel\u0151 kezel\u00e9st.<\/span><span data-ccp-props=\"{&quot;201341983&quot;:0,&quot;335559739&quot;:160,&quot;335559740&quot;:259}\">\u00a0<\/span><\/p> <p><span data-contrast=\"auto\">PRAXISFILOZ\u00d3FI\u00c1NK<\/span><span data-ccp-props=\"{&quot;201341983&quot;:0,&quot;335559739&quot;:160,&quot;335559740&quot;:259}\">\u00a0<\/span><\/p> <p><span data-contrast=\"auto\">Praxisfiloz\u00f3fi\u00e1nk legfontosabb eleme, hogy kiemelt figyelmet ford\u00edtunk a betegeinkre \u00e9s tisztelj\u00fck azt az egyedi \u00e9s k\u00fcl\u00f6nleges\u00a0<\/span><span data-contrast=\"auto\">kapcsolatot<\/span><span data-contrast=\"auto\">\u00a0ami a tulajdonosok \u00e9s kis\u00e1llataik k\u00f6z\u00f6tt van.<\/span><span data-ccp-props=\"{&quot;201341983&quot;:0,&quot;335559739&quot;:160,&quot;335559740&quot;:259}\">\u00a0<\/span><\/p> <p><span data-contrast=\"auto\">Rendel\u0151nk c\u00e9lja, hogy seg\u00edts\u00fcnk meg\u0151rizni kedvenceik eg\u00e9szs\u00e9g\u00e9t, hossz\u00fa \u00e9s min\u0151s\u00e9gi \u00e9letet biztos\u00edtsunk\u00a0<\/span><span data-contrast=\"auto\">nekik<\/span><span data-contrast=\"auto\">\u00a0valamint t\u00e1mogatni \u0150ket, hogy a lehet\u0151 leggyorsabban fel\u00e9p\u00fcljenek a k\u00fcl\u00f6nb\u00f6z\u0151 betegs\u00e9gek, s\u00e9r\u00fcl\u00e9sek ut\u00e1n<\/span><span data-contrast=\"auto\">.<\/span><span data-ccp-props=\"{&quot;201341983&quot;:0,&quot;335559739&quot;:160,&quot;335559740&quot;:259}\">\u00a0<\/span><\/p> <p><span data-contrast=\"auto\">A vizsg\u00e1latokat \u00e9s konzult\u00e1ci\u00f3kat minden esetben \u00fagy v\u00e9gezz\u00fck, mintha saj\u00e1t kedvenceinkkel foglalkozn\u00e1nk, \u00e9s egy\u00fctt hozunk d\u00f6nt\u00e9st a gazdival a kis\u00e1llatuk eg\u00e9szs\u00e9g\u00e9t \u00e9rint\u0151 k\u00e9rd\u00e9sekben, \u00edgy b\u00e1tran b\u00edzhatja \u0151ket Orvosainkra, b\u00e1tran b\u00edzhat benn\u00fcnk.<\/span><\/p> <p>Tov\u00e1bbi inform\u00e1ci\u00f3\u00e9rt kattintson a ki\u00e1ll\u00edt\u00f3 honlapj\u00e1ra:<\/p> <p><a href=\"https:\/\/medipetcentrum.hu\" target=\"_blank\" rel=\"noopener\"><img loading=\"lazy\" decoding=\"async\" class=\"size-medium wp-image-49064 aligncenter\" src=\"https:\/\/univet.hu\/allasborze\/wp-content\/uploads\/sites\/2\/2020\/01\/medipet-320x73.png\" alt=\"\" width=\"320\" height=\"73\" srcset=\"https:\/\/univet.hu\/allasborze\/wp-content\/uploads\/sites\/2\/2020\/01\/medipet-320x73.png 320w, https:\/\/univet.hu\/allasborze\/wp-content\/uploads\/sites\/2\/2020\/01\/medipet-300x68.png 300w, https:\/\/univet.hu\/allasborze\/wp-content\/uploads\/sites\/2\/2020\/01\/medipet.png 469w\" sizes=\"auto, (max-width: 320px) 100vw, 320px\" \/><\/a><\/p>","protected":false},"excerpt":{"rendered":"<p>&nbsp; A\u00a0MediPet\u00a0Kis\u00e1llat Rehabilit\u00e1ci\u00f3s Centrum jelenleg Magyarorsz\u00e1g legjobban felszerelt\u00a0Fizio-\u00e9s Hidroter\u00e1pi\u00e1s k\u00f6zpontja. C\u00e9lunk az volt, hogy l\u00e9trehozzunk egy helyet mozg\u00e1sszervi \u00e9s neurol\u00f3giai probl\u00e9m\u00e1kkal k\u00fczd\u0151 kuty\u00e1k \u00e9s macsk\u00e1k\u00a0sz\u00e1m\u00e1ra\u00a0ahol minden ismert ter\u00e1pi\u00e1s m\u00f3dszer el\u00e9rhet\u0151.\u00a0 A Rehabilit\u00e1ci\u00f3s kezel\u00e9seken k\u00edv\u00fcl\u00a0hamar \u00fagy \u00e9rezt\u00fck, hogy a legt\u00f6bbet akkor tudn\u00e1k seg\u00edteni a gazdik \u00e9s n\u00e9gyl\u00e1b\u00fa betegeink ell\u00e1t\u00e1s\u00e1ban, ha a k\u00fcl\u00f6nb\u00f6z\u0151 vizsg\u00e1latok \u00e9s beavatkoz\u00e1sok miatt<\/p>\n","protected":false},"author":2518,"featured_media":0,"parent":46253,"menu_order":0,"comment_status":"closed","ping_status":"closed","template":"","meta":{"_acf_changed":false,"footnotes":""},"categories":[],"tags":[],"class_list":["post-48592","page","type-page","status-publish","hentry"],"acf":[],"yoast_head":"<!-- This site is optimized with the Yoast SEO plugin v27.2 - https:\/\/yoast.com\/product\/yoast-seo-wordpress\/ -->\n<title>MediPet Kis\u00e1llat Rendel\u0151 \u00e9s Rehabilit\u00e1ci\u00f3s Centrum - \u00c1ll\u00e1sb\u00f6rze<\/title>\n<meta name=\"robots\" content=\"index, follow, max-snippet:-1, max-image-preview:large, max-video-preview:-1\" \/>\n<link rel=\"canonical\" href=\"https:\/\/univet.hu\/allasborze\/allasborze-2020\/kiallitok\/medipet-kisallat-rendelo-es-rehabilitacios-centrum\/\" \/>\n<meta property=\"og:locale\" content=\"hu_HU\" \/>\n<meta property=\"og:type\" content=\"article\" \/>\n<meta property=\"og:title\" content=\"MediPet Kis\u00e1llat Rendel\u0151 \u00e9s Rehabilit\u00e1ci\u00f3s Centrum - \u00c1ll\u00e1sb\u00f6rze\" \/>\n<meta property=\"og:description\" content=\"&nbsp; A\u00a0MediPet\u00a0Kis\u00e1llat Rehabilit\u00e1ci\u00f3s Centrum jelenleg Magyarorsz\u00e1g legjobban felszerelt\u00a0Fizio-\u00e9s Hidroter\u00e1pi\u00e1s k\u00f6zpontja. C\u00e9lunk az volt, hogy l\u00e9trehozzunk egy helyet mozg\u00e1sszervi \u00e9s neurol\u00f3giai probl\u00e9m\u00e1kkal k\u00fczd\u0151 kuty\u00e1k \u00e9s macsk\u00e1k\u00a0sz\u00e1m\u00e1ra\u00a0ahol minden ismert ter\u00e1pi\u00e1s m\u00f3dszer el\u00e9rhet\u0151.\u00a0 A Rehabilit\u00e1ci\u00f3s kezel\u00e9seken k\u00edv\u00fcl\u00a0hamar \u00fagy \u00e9rezt\u00fck, hogy a legt\u00f6bbet akkor tudn\u00e1k seg\u00edteni a gazdik \u00e9s n\u00e9gyl\u00e1b\u00fa betegeink ell\u00e1t\u00e1s\u00e1ban, ha a k\u00fcl\u00f6nb\u00f6z\u0151 vizsg\u00e1latok \u00e9s beavatkoz\u00e1sok miatt\" \/>\n<meta property=\"og:url\" content=\"https:\/\/univet.hu\/allasborze\/allasborze-2020\/kiallitok\/medipet-kisallat-rendelo-es-rehabilitacios-centrum\/\" \/>\n<meta property=\"og:site_name\" content=\"\u00c1ll\u00e1sb\u00f6rze\" \/>\n<meta property=\"article:modified_time\" content=\"2025-01-10T12:55:15+00:00\" \/>\n<meta property=\"og:image\" content=\"https:\/\/univet.hu\/allasborze\/wp-content\/uploads\/sites\/2\/2020\/01\/medipet-320x73.png\" \/>\n<meta name=\"twitter:card\" content=\"summary_large_image\" \/>\n<meta name=\"twitter:label1\" content=\"Becs\u00fclt olvas\u00e1si id\u0151\" \/>\n\t<meta name=\"twitter:data1\" content=\"2 perc\" \/>\n<script type=\"application\/ld+json\" class=\"yoast-schema-graph\">{\"@context\":\"https:\/\/schema.org\",\"@graph\":[{\"@type\":\"WebPage\",\"@id\":\"https:\/\/univet.hu\/allasborze\/allasborze-2020\/kiallitok\/medipet-kisallat-rendelo-es-rehabilitacios-centrum\/\",\"url\":\"https:\/\/univet.hu\/allasborze\/allasborze-2020\/kiallitok\/medipet-kisallat-rendelo-es-rehabilitacios-centrum\/\",\"name\":\"MediPet Kis\u00e1llat Rendel\u0151 \u00e9s Rehabilit\u00e1ci\u00f3s Centrum - \u00c1ll\u00e1sb\u00f6rze\",\"isPartOf\":{\"@id\":\"https:\/\/univet.hu\/allasborze\/#website\"},\"primaryImageOfPage\":{\"@id\":\"https:\/\/univet.hu\/allasborze\/allasborze-2020\/kiallitok\/medipet-kisallat-rendelo-es-rehabilitacios-centrum\/#primaryimage\"},\"image\":{\"@id\":\"https:\/\/univet.hu\/allasborze\/allasborze-2020\/kiallitok\/medipet-kisallat-rendelo-es-rehabilitacios-centrum\/#primaryimage\"},\"thumbnailUrl\":\"https:\/\/univet.hu\/allasborze\/wp-content\/uploads\/sites\/2\/2020\/01\/medipet-320x73.png\",\"datePublished\":\"2020-01-23T08:48:23+00:00\",\"dateModified\":\"2025-01-10T12:55:15+00:00\",\"breadcrumb\":{\"@id\":\"https:\/\/univet.hu\/allasborze\/allasborze-2020\/kiallitok\/medipet-kisallat-rendelo-es-rehabilitacios-centrum\/#breadcrumb\"},\"inLanguage\":\"hu\",\"potentialAction\":[{\"@type\":\"ReadAction\",\"target\":[\"https:\/\/univet.hu\/allasborze\/allasborze-2020\/kiallitok\/medipet-kisallat-rendelo-es-rehabilitacios-centrum\/\"]}]},{\"@type\":\"ImageObject\",\"inLanguage\":\"hu\",\"@id\":\"https:\/\/univet.hu\/allasborze\/allasborze-2020\/kiallitok\/medipet-kisallat-rendelo-es-rehabilitacios-centrum\/#primaryimage\",\"url\":\"https:\/\/univet.hu\/allasborze\/wp-content\/uploads\/sites\/2\/2020\/01\/medipet.png\",\"contentUrl\":\"https:\/\/univet.hu\/allasborze\/wp-content\/uploads\/sites\/2\/2020\/01\/medipet.png\",\"width\":469,\"height\":107},{\"@type\":\"BreadcrumbList\",\"@id\":\"https:\/\/univet.hu\/allasborze\/allasborze-2020\/kiallitok\/medipet-kisallat-rendelo-es-rehabilitacios-centrum\/#breadcrumb\",\"itemListElement\":[{\"@type\":\"ListItem\",\"position\":1,\"name\":\"Kezd\u0151lap\",\"item\":\"https:\/\/univet.hu\/allasborze\/\"},{\"@type\":\"ListItem\",\"position\":2,\"name\":\"\u00c1ll\u00e1sb\u00f6rze 2020\",\"item\":\"https:\/\/univet.hu\/allasborze\/allasborze-2020\/\"},{\"@type\":\"ListItem\",\"position\":3,\"name\":\"Ki\u00e1ll\u00edt\u00f3k\",\"item\":\"https:\/\/univet.hu\/allasborze\/allasborze-2020\/kiallitok\/\"},{\"@type\":\"ListItem\",\"position\":4,\"name\":\"MediPet Kis\u00e1llat Rendel\u0151 \u00e9s Rehabilit\u00e1ci\u00f3s Centrum\"}]},{\"@type\":\"WebSite\",\"@id\":\"https:\/\/univet.hu\/allasborze\/#website\",\"url\":\"https:\/\/univet.hu\/allasborze\/\",\"name\":\"\u00c1ll\u00e1sb\u00f6rze\",\"description\":\"\",\"potentialAction\":[{\"@type\":\"SearchAction\",\"target\":{\"@type\":\"EntryPoint\",\"urlTemplate\":\"https:\/\/univet.hu\/allasborze\/?s={search_term_string}\"},\"query-input\":{\"@type\":\"PropertyValueSpecification\",\"valueRequired\":true,\"valueName\":\"search_term_string\"}}],\"inLanguage\":\"hu\"}]}<\/script>\n<!-- \/ Yoast SEO plugin. -->","yoast_head_json":{"title":"MediPet Kis\u00e1llat Rendel\u0151 \u00e9s Rehabilit\u00e1ci\u00f3s Centrum - \u00c1ll\u00e1sb\u00f6rze","robots":{"index":"index","follow":"follow","max-snippet":"max-snippet:-1","max-image-preview":"max-image-preview:large","max-video-preview":"max-video-preview:-1"},"canonical":"https:\/\/univet.hu\/allasborze\/allasborze-2020\/kiallitok\/medipet-kisallat-rendelo-es-rehabilitacios-centrum\/","og_locale":"hu_HU","og_type":"article","og_title":"MediPet Kis\u00e1llat Rendel\u0151 \u00e9s Rehabilit\u00e1ci\u00f3s Centrum - \u00c1ll\u00e1sb\u00f6rze","og_description":"&nbsp; A\u00a0MediPet\u00a0Kis\u00e1llat Rehabilit\u00e1ci\u00f3s Centrum jelenleg Magyarorsz\u00e1g legjobban felszerelt\u00a0Fizio-\u00e9s Hidroter\u00e1pi\u00e1s k\u00f6zpontja. C\u00e9lunk az volt, hogy l\u00e9trehozzunk egy helyet mozg\u00e1sszervi \u00e9s neurol\u00f3giai probl\u00e9m\u00e1kkal k\u00fczd\u0151 kuty\u00e1k \u00e9s macsk\u00e1k\u00a0sz\u00e1m\u00e1ra\u00a0ahol minden ismert ter\u00e1pi\u00e1s m\u00f3dszer el\u00e9rhet\u0151.\u00a0 A Rehabilit\u00e1ci\u00f3s kezel\u00e9seken k\u00edv\u00fcl\u00a0hamar \u00fagy \u00e9rezt\u00fck, hogy a legt\u00f6bbet akkor tudn\u00e1k seg\u00edteni a gazdik \u00e9s n\u00e9gyl\u00e1b\u00fa betegeink ell\u00e1t\u00e1s\u00e1ban, ha a k\u00fcl\u00f6nb\u00f6z\u0151 vizsg\u00e1latok \u00e9s beavatkoz\u00e1sok miatt","og_url":"https:\/\/univet.hu\/allasborze\/allasborze-2020\/kiallitok\/medipet-kisallat-rendelo-es-rehabilitacios-centrum\/","og_site_name":"\u00c1ll\u00e1sb\u00f6rze","article_modified_time":"2025-01-10T12:55:15+00:00","og_image":[{"url":"https:\/\/univet.hu\/allasborze\/wp-content\/uploads\/sites\/2\/2020\/01\/medipet-320x73.png","type":"","width":"","height":""}],"twitter_card":"summary_large_image","twitter_misc":{"Becs\u00fclt olvas\u00e1si id\u0151":"2 perc"},"schema":{"@context":"https:\/\/schema.org","@graph":[{"@type":"WebPage","@id":"https:\/\/univet.hu\/allasborze\/allasborze-2020\/kiallitok\/medipet-kisallat-rendelo-es-rehabilitacios-centrum\/","url":"https:\/\/univet.hu\/allasborze\/allasborze-2020\/kiallitok\/medipet-kisallat-rendelo-es-rehabilitacios-centrum\/","name":"MediPet Kis\u00e1llat Rendel\u0151 \u00e9s Rehabilit\u00e1ci\u00f3s Centrum - \u00c1ll\u00e1sb\u00f6rze","isPartOf":{"@id":"https:\/\/univet.hu\/allasborze\/#website"},"primaryImageOfPage":{"@id":"https:\/\/univet.hu\/allasborze\/allasborze-2020\/kiallitok\/medipet-kisallat-rendelo-es-rehabilitacios-centrum\/#primaryimage"},"image":{"@id":"https:\/\/univet.hu\/allasborze\/allasborze-2020\/kiallitok\/medipet-kisallat-rendelo-es-rehabilitacios-centrum\/#primaryimage"},"thumbnailUrl":"https:\/\/univet.hu\/allasborze\/wp-content\/uploads\/sites\/2\/2020\/01\/medipet-320x73.png","datePublished":"2020-01-23T08:48:23+00:00","dateModified":"2025-01-10T12:55:15+00:00","breadcrumb":{"@id":"https:\/\/univet.hu\/allasborze\/allasborze-2020\/kiallitok\/medipet-kisallat-rendelo-es-rehabilitacios-centrum\/#breadcrumb"},"inLanguage":"hu","potentialAction":[{"@type":"ReadAction","target":["https:\/\/univet.hu\/allasborze\/allasborze-2020\/kiallitok\/medipet-kisallat-rendelo-es-rehabilitacios-centrum\/"]}]},{"@type":"ImageObject","inLanguage":"hu","@id":"https:\/\/univet.hu\/allasborze\/allasborze-2020\/kiallitok\/medipet-kisallat-rendelo-es-rehabilitacios-centrum\/#primaryimage","url":"https:\/\/univet.hu\/allasborze\/wp-content\/uploads\/sites\/2\/2020\/01\/medipet.png","contentUrl":"https:\/\/univet.hu\/allasborze\/wp-content\/uploads\/sites\/2\/2020\/01\/medipet.png","width":469,"height":107},{"@type":"BreadcrumbList","@id":"https:\/\/univet.hu\/allasborze\/allasborze-2020\/kiallitok\/medipet-kisallat-rendelo-es-rehabilitacios-centrum\/#breadcrumb","itemListElement":[{"@type":"ListItem","position":1,"name":"Kezd\u0151lap","item":"https:\/\/univet.hu\/allasborze\/"},{"@type":"ListItem","position":2,"name":"\u00c1ll\u00e1sb\u00f6rze 2020","item":"https:\/\/univet.hu\/allasborze\/allasborze-2020\/"},{"@type":"ListItem","position":3,"name":"Ki\u00e1ll\u00edt\u00f3k","item":"https:\/\/univet.hu\/allasborze\/allasborze-2020\/kiallitok\/"},{"@type":"ListItem","position":4,"name":"MediPet Kis\u00e1llat Rendel\u0151 \u00e9s Rehabilit\u00e1ci\u00f3s Centrum"}]},{"@type":"WebSite","@id":"https:\/\/univet.hu\/allasborze\/#website","url":"https:\/\/univet.hu\/allasborze\/","name":"\u00c1ll\u00e1sb\u00f6rze","description":"","potentialAction":[{"@type":"SearchAction","target":{"@type":"EntryPoint","urlTemplate":"https:\/\/univet.hu\/allasborze\/?s={search_term_string}"},"query-input":{"@type":"PropertyValueSpecification","valueRequired":true,"valueName":"search_term_string"}}],"inLanguage":"hu"}]}},"_links":{"self":[{"href":"https:\/\/univet.hu\/allasborze\/wp-json\/wp\/v2\/pages\/48592","targetHints":{"allow":["GET"]}}],"collection":[{"href":"https:\/\/univet.hu\/allasborze\/wp-json\/wp\/v2\/pages"}],"about":[{"href":"https:\/\/univet.hu\/allasborze\/wp-json\/wp\/v2\/types\/page"}],"author":[{"embeddable":true,"href":"https:\/\/univet.hu\/allasborze\/wp-json\/wp\/v2\/users\/2518"}],"replies":[{"embeddable":true,"href":"https:\/\/univet.hu\/allasborze\/wp-json\/wp\/v2\/comments?post=48592"}],"version-history":[{"count":1,"href":"https:\/\/univet.hu\/allasborze\/wp-json\/wp\/v2\/pages\/48592\/revisions"}],"predecessor-version":[{"id":172776,"href":"https:\/\/univet.hu\/allasborze\/wp-json\/wp\/v2\/pages\/48592\/revisions\/172776"}],"up":[{"embeddable":true,"href":"https:\/\/univet.hu\/allasborze\/wp-json\/wp\/v2\/pages\/46253"}],"wp:attachment":[{"href":"https:\/\/univet.hu\/allasborze\/wp-json\/wp\/v2\/media?parent=48592"}],"wp:term":[{"taxonomy":"category","embeddable":true,"href":"https:\/\/univet.hu\/allasborze\/wp-json\/wp\/v2\/categories?post=48592"},{"taxonomy":"post_tag","embeddable":true,"href":"https:\/\/univet.hu\/allasborze\/wp-json\/wp\/v2\/tags?post=48592"}],"curies":[{"name":"wp","href":"https:\/\/api.w.org\/{rel}","templated":true}]}}