{"id":48600,"date":"2020-01-23T09:54:57","date_gmt":"2020-01-23T08:54:57","guid":{"rendered":"https:\/\/univet.hu\/?page_id=48600"},"modified":"2025-01-10T13:55:15","modified_gmt":"2025-01-10T12:55:15","slug":"lloyd-cowan-veterinary-recruitment","status":"publish","type":"page","link":"https:\/\/univet.hu\/allasborze\/allasborze-2020\/kiallitok\/lloyd-cowan-veterinary-recruitment\/","title":{"rendered":"Lloyd &amp; Cowan Veterinary Recruitment &#8211; UK\/Anglia"},"content":{"rendered":"<p>&nbsp;<\/p> <p><span lang=\"HU-HU\" xml:lang=\"HU-HU\" data-contrast=\"auto\">Lloyd &amp;\u00a0<\/span><span lang=\"HU-HU\" xml:lang=\"HU-HU\" data-contrast=\"auto\">Cowan<\/span><span lang=\"HU-HU\" xml:lang=\"HU-HU\" data-contrast=\"auto\">\u00a0is a\u00a0<\/span><span lang=\"HU-HU\" xml:lang=\"HU-HU\" data-contrast=\"auto\">specialist<\/span><span lang=\"HU-HU\" xml:lang=\"HU-HU\" data-contrast=\"auto\">\u00a0<\/span><span lang=\"HU-HU\" xml:lang=\"HU-HU\" data-contrast=\"auto\">Veterinary<\/span><span lang=\"HU-HU\" xml:lang=\"HU-HU\" data-contrast=\"auto\">\u00a0<\/span><span lang=\"HU-HU\" xml:lang=\"HU-HU\" data-contrast=\"auto\">Recruitment<\/span><span lang=\"HU-HU\" xml:lang=\"HU-HU\" data-contrast=\"auto\">\u00a0<\/span><span lang=\"HU-HU\" xml:lang=\"HU-HU\" data-contrast=\"auto\">Consultancy.<\/span><span lang=\"HU-HU\" xml:lang=\"HU-HU\" data-contrast=\"auto\">\u00a0<\/span><span lang=\"HU-HU\" xml:lang=\"HU-HU\" data-contrast=\"auto\">We<\/span><span lang=\"HU-HU\" xml:lang=\"HU-HU\" data-contrast=\"auto\">\u00a0<\/span><span lang=\"HU-HU\" xml:lang=\"HU-HU\" data-contrast=\"auto\">recruit<\/span><span lang=\"HU-HU\" xml:lang=\"HU-HU\" data-contrast=\"auto\">\u00a0<\/span><span lang=\"HU-HU\" xml:lang=\"HU-HU\" data-contrast=\"auto\">Veterinary<\/span><span lang=\"HU-HU\" xml:lang=\"HU-HU\" data-contrast=\"auto\">\u00a0<\/span><span lang=\"HU-HU\" xml:lang=\"HU-HU\" data-contrast=\"auto\">Surgeons<\/span><span lang=\"HU-HU\" xml:lang=\"HU-HU\" data-contrast=\"auto\">\u00a0<\/span><span lang=\"HU-HU\" xml:lang=\"HU-HU\" data-contrast=\"auto\">for<\/span><span lang=\"HU-HU\" xml:lang=\"HU-HU\" data-contrast=\"auto\">\u00a01000\u2019s of\u00a0<\/span><span lang=\"HU-HU\" xml:lang=\"HU-HU\" data-contrast=\"auto\">independent<\/span><span lang=\"HU-HU\" xml:lang=\"HU-HU\" data-contrast=\"auto\">\u00a0<\/span><span lang=\"HU-HU\" xml:lang=\"HU-HU\" data-contrast=\"auto\">practices<\/span><span lang=\"HU-HU\" xml:lang=\"HU-HU\" data-contrast=\"auto\">\u00a0in\u00a0<\/span><span lang=\"HU-HU\" xml:lang=\"HU-HU\" data-contrast=\"auto\">the<\/span><span lang=\"HU-HU\" xml:lang=\"HU-HU\" data-contrast=\"auto\">\u00a0UK &amp;\u00a0<\/span><span lang=\"HU-HU\" xml:lang=\"HU-HU\" data-contrast=\"auto\">Ireland<\/span><span lang=\"HU-HU\" xml:lang=\"HU-HU\" data-contrast=\"auto\">\u00a0<\/span><span lang=\"HU-HU\" xml:lang=\"HU-HU\" data-contrast=\"auto\">as<\/span><span lang=\"HU-HU\" xml:lang=\"HU-HU\" data-contrast=\"auto\">\u00a0<\/span><span lang=\"HU-HU\" xml:lang=\"HU-HU\" data-contrast=\"auto\">well<\/span><span lang=\"HU-HU\" xml:lang=\"HU-HU\" data-contrast=\"auto\">\u00a0<\/span><span lang=\"HU-HU\" xml:lang=\"HU-HU\" data-contrast=\"auto\">as<\/span><span lang=\"HU-HU\" xml:lang=\"HU-HU\" data-contrast=\"auto\">\u00a0<\/span><span lang=\"HU-HU\" xml:lang=\"HU-HU\" data-contrast=\"auto\">the<\/span><span lang=\"HU-HU\" xml:lang=\"HU-HU\" data-contrast=\"auto\">\u00a0<\/span><span lang=\"HU-HU\" xml:lang=\"HU-HU\" data-contrast=\"auto\">larger<\/span><span lang=\"HU-HU\" xml:lang=\"HU-HU\" data-contrast=\"auto\">\u00a0<\/span><span lang=\"HU-HU\" xml:lang=\"HU-HU\" data-contrast=\"auto\">corporate<\/span><span lang=\"HU-HU\" xml:lang=\"HU-HU\" data-contrast=\"auto\">\u00a0<\/span><span lang=\"HU-HU\" xml:lang=\"HU-HU\" data-contrast=\"auto\">employers<\/span><span lang=\"HU-HU\" xml:lang=\"HU-HU\" data-contrast=\"auto\">.\u00a0\u00a0<\/span><\/p> <p><span lang=\"HU-HU\" xml:lang=\"HU-HU\" data-contrast=\"auto\">We<\/span><span lang=\"HU-HU\" xml:lang=\"HU-HU\" data-contrast=\"auto\">\u00a0<\/span><span lang=\"HU-HU\" xml:lang=\"HU-HU\" data-contrast=\"auto\">want<\/span><span lang=\"HU-HU\" xml:lang=\"HU-HU\" data-contrast=\"auto\">\u00a0<\/span><span lang=\"HU-HU\" xml:lang=\"HU-HU\" data-contrast=\"auto\">to<\/span><span lang=\"HU-HU\" xml:lang=\"HU-HU\" data-contrast=\"auto\">\u00a0<\/span><span lang=\"HU-HU\" xml:lang=\"HU-HU\" data-contrast=\"auto\">hear<\/span><span lang=\"HU-HU\" xml:lang=\"HU-HU\" data-contrast=\"auto\">\u00a0<\/span><span lang=\"HU-HU\" xml:lang=\"HU-HU\" data-contrast=\"auto\">from<\/span><span lang=\"HU-HU\" xml:lang=\"HU-HU\" data-contrast=\"auto\">\u00a0<\/span><span lang=\"HU-HU\" xml:lang=\"HU-HU\" data-contrast=\"auto\">Students<\/span><span lang=\"HU-HU\" xml:lang=\"HU-HU\" data-contrast=\"auto\">\u00a0<\/span><span lang=\"HU-HU\" xml:lang=\"HU-HU\" data-contrast=\"auto\">looking<\/span><span lang=\"HU-HU\" xml:lang=\"HU-HU\" data-contrast=\"auto\">\u00a0<\/span><span lang=\"HU-HU\" xml:lang=\"HU-HU\" data-contrast=\"auto\">to<\/span><span lang=\"HU-HU\" xml:lang=\"HU-HU\" data-contrast=\"auto\">\u00a0<\/span><span lang=\"HU-HU\" xml:lang=\"HU-HU\" data-contrast=\"auto\">work<\/span><span lang=\"HU-HU\" xml:lang=\"HU-HU\" data-contrast=\"auto\">\u00a0<\/span><span lang=\"HU-HU\" xml:lang=\"HU-HU\" data-contrast=\"auto\">with<\/span><span lang=\"HU-HU\" xml:lang=\"HU-HU\" data-contrast=\"auto\">\u00a0<\/span><span lang=\"HU-HU\" xml:lang=\"HU-HU\" data-contrast=\"auto\">Small<\/span><span lang=\"HU-HU\" xml:lang=\"HU-HU\" data-contrast=\"auto\">\u00a0Animal,\u00a0<\/span><span lang=\"HU-HU\" xml:lang=\"HU-HU\" data-contrast=\"auto\">Large<\/span><span lang=\"HU-HU\" xml:lang=\"HU-HU\" data-contrast=\"auto\">\u00a0Animal, Mixed\u00a0<\/span><span lang=\"HU-HU\" xml:lang=\"HU-HU\" data-contrast=\"auto\">or<\/span><span lang=\"HU-HU\" xml:lang=\"HU-HU\" data-contrast=\"auto\">\u00a0<\/span><span lang=\"HU-HU\" xml:lang=\"HU-HU\" data-contrast=\"auto\">Equine<\/span><span lang=\"HU-HU\" xml:lang=\"HU-HU\" data-contrast=\"auto\">\u00a0species.\u00a0<\/span><\/p> <p><span lang=\"HU-HU\" xml:lang=\"HU-HU\" data-contrast=\"auto\">We<\/span><span lang=\"HU-HU\" xml:lang=\"HU-HU\" data-contrast=\"auto\">\u00a0<\/span><span lang=\"HU-HU\" xml:lang=\"HU-HU\" data-contrast=\"auto\">have<\/span><span lang=\"HU-HU\" xml:lang=\"HU-HU\" data-contrast=\"auto\">\u00a0<\/span><span lang=\"HU-HU\" xml:lang=\"HU-HU\" data-contrast=\"auto\">opportunities<\/span><span lang=\"HU-HU\" xml:lang=\"HU-HU\" data-contrast=\"auto\">\u00a0<\/span><span lang=\"HU-HU\" xml:lang=\"HU-HU\" data-contrast=\"auto\">for<\/span><span lang=\"HU-HU\" xml:lang=\"HU-HU\" data-contrast=\"auto\">\u00a0<\/span><span lang=\"HU-HU\" xml:lang=\"HU-HU\" data-contrast=\"auto\">Vets<\/span><span lang=\"HU-HU\" xml:lang=\"HU-HU\" data-contrast=\"auto\">\u00a0and\u00a0<\/span><span lang=\"HU-HU\" xml:lang=\"HU-HU\" data-contrast=\"auto\">Nurses<\/span><span lang=\"HU-HU\" xml:lang=\"HU-HU\" data-contrast=\"auto\">\u00a0in England, Scotland, Wales, N.\u00a0<\/span><span lang=\"HU-HU\" xml:lang=\"HU-HU\" data-contrast=\"auto\">Ireland<\/span><span lang=\"HU-HU\" xml:lang=\"HU-HU\" data-contrast=\"auto\">, ROI\u00a0<\/span><span lang=\"HU-HU\" xml:lang=\"HU-HU\" data-contrast=\"auto\">as<\/span><span lang=\"HU-HU\" xml:lang=\"HU-HU\" data-contrast=\"auto\">\u00a0<\/span><span lang=\"HU-HU\" xml:lang=\"HU-HU\" data-contrast=\"auto\">well<\/span><span lang=\"HU-HU\" xml:lang=\"HU-HU\" data-contrast=\"auto\">\u00a0<\/span><span lang=\"HU-HU\" xml:lang=\"HU-HU\" data-contrast=\"auto\">as<\/span><span lang=\"HU-HU\" xml:lang=\"HU-HU\" data-contrast=\"auto\">\u00a0<\/span><span lang=\"HU-HU\" xml:lang=\"HU-HU\" data-contrast=\"auto\">Australia<\/span><span lang=\"HU-HU\" xml:lang=\"HU-HU\" data-contrast=\"auto\">\u00a0and New\u00a0<\/span><span lang=\"HU-HU\" xml:lang=\"HU-HU\" data-contrast=\"auto\">Zealand<\/span><span lang=\"HU-HU\" xml:lang=\"HU-HU\" data-contrast=\"auto\">.\u202f<\/span><\/p> <p>For more information about the company click here:<\/p> <p><a href=\"http:\/\/www.lloydandcowan.com\" target=\"_blank\" rel=\"noopener\"><img loading=\"lazy\" decoding=\"async\" class=\"aligncenter wp-image-48834 size-medium\" src=\"https:\/\/univet.hu\/allasborze\/wp-content\/uploads\/sites\/2\/2020\/01\/Lloyd-Cowan-Veterinary-Recruitment-320x197.jpg\" alt=\"\" width=\"320\" height=\"197\" srcset=\"https:\/\/univet.hu\/allasborze\/wp-content\/uploads\/sites\/2\/2020\/01\/Lloyd-Cowan-Veterinary-Recruitment-320x197.jpg 320w, https:\/\/univet.hu\/allasborze\/wp-content\/uploads\/sites\/2\/2020\/01\/Lloyd-Cowan-Veterinary-Recruitment-768x473.jpg 768w, https:\/\/univet.hu\/allasborze\/wp-content\/uploads\/sites\/2\/2020\/01\/Lloyd-Cowan-Veterinary-Recruitment-1024x630.jpg 1024w, https:\/\/univet.hu\/allasborze\/wp-content\/uploads\/sites\/2\/2020\/01\/Lloyd-Cowan-Veterinary-Recruitment-300x185.jpg 300w, https:\/\/univet.hu\/allasborze\/wp-content\/uploads\/sites\/2\/2020\/01\/Lloyd-Cowan-Veterinary-Recruitment.jpg 1483w\" sizes=\"auto, (max-width: 320px) 100vw, 320px\" \/><\/a><\/p> <p><span class=\"TextRun  BCX0 SCXW244845377\" lang=\"HU-HU\" xml:lang=\"HU-HU\" data-contrast=\"auto\"><span class=\"NormalTextRun  BCX0 SCXW244845377\">Lloyd &amp; Cowan are urgently seeking Veterinary Surgeons for roles across the UK and Ireland.<br \/> If you are considering moving jobs or indeed, moving to the UK or Ireland and would like to find your dream role, speak with us. We&#8217;ll take the time to have a no-obligation, informal discussion about your skills, your experience and find out what it is, that really interests you.<br \/> We have opportunities across England, Scotland, Wales, Northern Ireland &amp; Ireland for large animal, small animal, mixed vets and equine vets.<br \/> We have senior and junior positions, so whatever your level of experience is, from graduate right up, we want to speak with you.<br \/> We have placed a significant number of graduates and candidates looking for their second role post-graduation. We know who has the best opportunities, with the best equipment and working conditions.<br \/> We have over 750 available roles for Veterinary Surgeons and 300+ roles for Veterinary Nurses. Some of our jobs can be found on our website, but please send us a CV as we have new roles coming in all the time and not all are advertised. \u00a0<\/span><\/span><span class=\"LineBreakBlob BlobObject DragDrop  BCX0 SCXW244845377\"><span class=\"BCX0 SCXW244845377\">\u00a0<\/span><br class=\"BCX0 SCXW244845377\" \/><\/span><\/p>","protected":false},"excerpt":{"rendered":"<p>&nbsp; Lloyd &amp;\u00a0Cowan\u00a0is a\u00a0specialist\u00a0Veterinary\u00a0Recruitment\u00a0Consultancy.\u00a0We\u00a0recruit\u00a0Veterinary\u00a0Surgeons\u00a0for\u00a01000\u2019s of\u00a0independent\u00a0practices\u00a0in\u00a0the\u00a0UK &amp;\u00a0Ireland\u00a0as\u00a0well\u00a0as\u00a0the\u00a0larger\u00a0corporate\u00a0employers.\u00a0\u00a0 We\u00a0want\u00a0to\u00a0hear\u00a0from\u00a0Students\u00a0looking\u00a0to\u00a0work\u00a0with\u00a0Small\u00a0Animal,\u00a0Large\u00a0Animal, Mixed\u00a0or\u00a0Equine\u00a0species.\u00a0 We\u00a0have\u00a0opportunities\u00a0for\u00a0Vets\u00a0and\u00a0Nurses\u00a0in England, Scotland, Wales, N.\u00a0Ireland, ROI\u00a0as\u00a0well\u00a0as\u00a0Australia\u00a0and New\u00a0Zealand.\u202f For more information about the company click here: Lloyd &amp; Cowan are urgently seeking Veterinary Surgeons for roles across the UK and Ireland. If you are considering moving jobs or indeed, moving to the UK or Ireland and would like<\/p>\n","protected":false},"author":2518,"featured_media":0,"parent":46253,"menu_order":0,"comment_status":"closed","ping_status":"closed","template":"","meta":{"_acf_changed":false,"footnotes":""},"categories":[],"tags":[],"class_list":["post-48600","page","type-page","status-publish","hentry"],"acf":[],"yoast_head":"<!-- This site is optimized with the Yoast SEO plugin v27.2 - https:\/\/yoast.com\/product\/yoast-seo-wordpress\/ -->\n<title>Lloyd &amp; Cowan Veterinary Recruitment - UK\/Anglia - \u00c1ll\u00e1sb\u00f6rze<\/title>\n<meta name=\"robots\" content=\"index, follow, max-snippet:-1, max-image-preview:large, max-video-preview:-1\" \/>\n<link rel=\"canonical\" href=\"https:\/\/univet.hu\/allasborze\/allasborze-2020\/kiallitok\/lloyd-cowan-veterinary-recruitment\/\" \/>\n<meta property=\"og:locale\" content=\"hu_HU\" \/>\n<meta property=\"og:type\" content=\"article\" \/>\n<meta property=\"og:title\" content=\"Lloyd &amp; Cowan Veterinary Recruitment - UK\/Anglia - \u00c1ll\u00e1sb\u00f6rze\" \/>\n<meta property=\"og:description\" content=\"&nbsp; Lloyd &amp;\u00a0Cowan\u00a0is a\u00a0specialist\u00a0Veterinary\u00a0Recruitment\u00a0Consultancy.\u00a0We\u00a0recruit\u00a0Veterinary\u00a0Surgeons\u00a0for\u00a01000\u2019s of\u00a0independent\u00a0practices\u00a0in\u00a0the\u00a0UK &amp;\u00a0Ireland\u00a0as\u00a0well\u00a0as\u00a0the\u00a0larger\u00a0corporate\u00a0employers.\u00a0\u00a0 We\u00a0want\u00a0to\u00a0hear\u00a0from\u00a0Students\u00a0looking\u00a0to\u00a0work\u00a0with\u00a0Small\u00a0Animal,\u00a0Large\u00a0Animal, Mixed\u00a0or\u00a0Equine\u00a0species.\u00a0 We\u00a0have\u00a0opportunities\u00a0for\u00a0Vets\u00a0and\u00a0Nurses\u00a0in England, Scotland, Wales, N.\u00a0Ireland, ROI\u00a0as\u00a0well\u00a0as\u00a0Australia\u00a0and New\u00a0Zealand.\u202f For more information about the company click here: Lloyd &amp; Cowan are urgently seeking Veterinary Surgeons for roles across the UK and Ireland. If you are considering moving jobs or indeed, moving to the UK or Ireland and would like\" \/>\n<meta property=\"og:url\" content=\"https:\/\/univet.hu\/allasborze\/allasborze-2020\/kiallitok\/lloyd-cowan-veterinary-recruitment\/\" \/>\n<meta property=\"og:site_name\" content=\"\u00c1ll\u00e1sb\u00f6rze\" \/>\n<meta property=\"article:modified_time\" content=\"2025-01-10T12:55:15+00:00\" \/>\n<meta property=\"og:image\" content=\"https:\/\/univet.hu\/allasborze\/wp-content\/uploads\/sites\/2\/2020\/01\/Lloyd-Cowan-Veterinary-Recruitment-320x197.jpg\" \/>\n<meta name=\"twitter:card\" content=\"summary_large_image\" \/>\n<meta name=\"twitter:label1\" content=\"Becs\u00fclt olvas\u00e1si id\u0151\" \/>\n\t<meta name=\"twitter:data1\" content=\"1 perc\" \/>\n<script type=\"application\/ld+json\" class=\"yoast-schema-graph\">{\"@context\":\"https:\/\/schema.org\",\"@graph\":[{\"@type\":\"WebPage\",\"@id\":\"https:\/\/univet.hu\/allasborze\/allasborze-2020\/kiallitok\/lloyd-cowan-veterinary-recruitment\/\",\"url\":\"https:\/\/univet.hu\/allasborze\/allasborze-2020\/kiallitok\/lloyd-cowan-veterinary-recruitment\/\",\"name\":\"Lloyd &amp; Cowan Veterinary Recruitment - UK\/Anglia - \u00c1ll\u00e1sb\u00f6rze\",\"isPartOf\":{\"@id\":\"https:\/\/univet.hu\/allasborze\/#website\"},\"primaryImageOfPage\":{\"@id\":\"https:\/\/univet.hu\/allasborze\/allasborze-2020\/kiallitok\/lloyd-cowan-veterinary-recruitment\/#primaryimage\"},\"image\":{\"@id\":\"https:\/\/univet.hu\/allasborze\/allasborze-2020\/kiallitok\/lloyd-cowan-veterinary-recruitment\/#primaryimage\"},\"thumbnailUrl\":\"https:\/\/univet.hu\/allasborze\/wp-content\/uploads\/sites\/2\/2020\/01\/Lloyd-Cowan-Veterinary-Recruitment-320x197.jpg\",\"datePublished\":\"2020-01-23T08:54:57+00:00\",\"dateModified\":\"2025-01-10T12:55:15+00:00\",\"breadcrumb\":{\"@id\":\"https:\/\/univet.hu\/allasborze\/allasborze-2020\/kiallitok\/lloyd-cowan-veterinary-recruitment\/#breadcrumb\"},\"inLanguage\":\"hu\",\"potentialAction\":[{\"@type\":\"ReadAction\",\"target\":[\"https:\/\/univet.hu\/allasborze\/allasborze-2020\/kiallitok\/lloyd-cowan-veterinary-recruitment\/\"]}]},{\"@type\":\"ImageObject\",\"inLanguage\":\"hu\",\"@id\":\"https:\/\/univet.hu\/allasborze\/allasborze-2020\/kiallitok\/lloyd-cowan-veterinary-recruitment\/#primaryimage\",\"url\":\"https:\/\/univet.hu\/allasborze\/wp-content\/uploads\/sites\/2\/2020\/01\/Lloyd-Cowan-Veterinary-Recruitment.jpg\",\"contentUrl\":\"https:\/\/univet.hu\/allasborze\/wp-content\/uploads\/sites\/2\/2020\/01\/Lloyd-Cowan-Veterinary-Recruitment.jpg\",\"width\":1483,\"height\":913},{\"@type\":\"BreadcrumbList\",\"@id\":\"https:\/\/univet.hu\/allasborze\/allasborze-2020\/kiallitok\/lloyd-cowan-veterinary-recruitment\/#breadcrumb\",\"itemListElement\":[{\"@type\":\"ListItem\",\"position\":1,\"name\":\"Kezd\u0151lap\",\"item\":\"https:\/\/univet.hu\/allasborze\/\"},{\"@type\":\"ListItem\",\"position\":2,\"name\":\"\u00c1ll\u00e1sb\u00f6rze 2020\",\"item\":\"https:\/\/univet.hu\/allasborze\/allasborze-2020\/\"},{\"@type\":\"ListItem\",\"position\":3,\"name\":\"Ki\u00e1ll\u00edt\u00f3k\",\"item\":\"https:\/\/univet.hu\/allasborze\/allasborze-2020\/kiallitok\/\"},{\"@type\":\"ListItem\",\"position\":4,\"name\":\"Lloyd &amp; Cowan Veterinary Recruitment &#8211; UK\/Anglia\"}]},{\"@type\":\"WebSite\",\"@id\":\"https:\/\/univet.hu\/allasborze\/#website\",\"url\":\"https:\/\/univet.hu\/allasborze\/\",\"name\":\"\u00c1ll\u00e1sb\u00f6rze\",\"description\":\"\",\"potentialAction\":[{\"@type\":\"SearchAction\",\"target\":{\"@type\":\"EntryPoint\",\"urlTemplate\":\"https:\/\/univet.hu\/allasborze\/?s={search_term_string}\"},\"query-input\":{\"@type\":\"PropertyValueSpecification\",\"valueRequired\":true,\"valueName\":\"search_term_string\"}}],\"inLanguage\":\"hu\"}]}<\/script>\n<!-- \/ Yoast SEO plugin. -->","yoast_head_json":{"title":"Lloyd &amp; Cowan Veterinary Recruitment - UK\/Anglia - \u00c1ll\u00e1sb\u00f6rze","robots":{"index":"index","follow":"follow","max-snippet":"max-snippet:-1","max-image-preview":"max-image-preview:large","max-video-preview":"max-video-preview:-1"},"canonical":"https:\/\/univet.hu\/allasborze\/allasborze-2020\/kiallitok\/lloyd-cowan-veterinary-recruitment\/","og_locale":"hu_HU","og_type":"article","og_title":"Lloyd &amp; Cowan Veterinary Recruitment - UK\/Anglia - \u00c1ll\u00e1sb\u00f6rze","og_description":"&nbsp; Lloyd &amp;\u00a0Cowan\u00a0is a\u00a0specialist\u00a0Veterinary\u00a0Recruitment\u00a0Consultancy.\u00a0We\u00a0recruit\u00a0Veterinary\u00a0Surgeons\u00a0for\u00a01000\u2019s of\u00a0independent\u00a0practices\u00a0in\u00a0the\u00a0UK &amp;\u00a0Ireland\u00a0as\u00a0well\u00a0as\u00a0the\u00a0larger\u00a0corporate\u00a0employers.\u00a0\u00a0 We\u00a0want\u00a0to\u00a0hear\u00a0from\u00a0Students\u00a0looking\u00a0to\u00a0work\u00a0with\u00a0Small\u00a0Animal,\u00a0Large\u00a0Animal, Mixed\u00a0or\u00a0Equine\u00a0species.\u00a0 We\u00a0have\u00a0opportunities\u00a0for\u00a0Vets\u00a0and\u00a0Nurses\u00a0in England, Scotland, Wales, N.\u00a0Ireland, ROI\u00a0as\u00a0well\u00a0as\u00a0Australia\u00a0and New\u00a0Zealand.\u202f For more information about the company click here: Lloyd &amp; Cowan are urgently seeking Veterinary Surgeons for roles across the UK and Ireland. If you are considering moving jobs or indeed, moving to the UK or Ireland and would like","og_url":"https:\/\/univet.hu\/allasborze\/allasborze-2020\/kiallitok\/lloyd-cowan-veterinary-recruitment\/","og_site_name":"\u00c1ll\u00e1sb\u00f6rze","article_modified_time":"2025-01-10T12:55:15+00:00","og_image":[{"url":"https:\/\/univet.hu\/allasborze\/wp-content\/uploads\/sites\/2\/2020\/01\/Lloyd-Cowan-Veterinary-Recruitment-320x197.jpg","type":"","width":"","height":""}],"twitter_card":"summary_large_image","twitter_misc":{"Becs\u00fclt olvas\u00e1si id\u0151":"1 perc"},"schema":{"@context":"https:\/\/schema.org","@graph":[{"@type":"WebPage","@id":"https:\/\/univet.hu\/allasborze\/allasborze-2020\/kiallitok\/lloyd-cowan-veterinary-recruitment\/","url":"https:\/\/univet.hu\/allasborze\/allasborze-2020\/kiallitok\/lloyd-cowan-veterinary-recruitment\/","name":"Lloyd &amp; Cowan Veterinary Recruitment - UK\/Anglia - \u00c1ll\u00e1sb\u00f6rze","isPartOf":{"@id":"https:\/\/univet.hu\/allasborze\/#website"},"primaryImageOfPage":{"@id":"https:\/\/univet.hu\/allasborze\/allasborze-2020\/kiallitok\/lloyd-cowan-veterinary-recruitment\/#primaryimage"},"image":{"@id":"https:\/\/univet.hu\/allasborze\/allasborze-2020\/kiallitok\/lloyd-cowan-veterinary-recruitment\/#primaryimage"},"thumbnailUrl":"https:\/\/univet.hu\/allasborze\/wp-content\/uploads\/sites\/2\/2020\/01\/Lloyd-Cowan-Veterinary-Recruitment-320x197.jpg","datePublished":"2020-01-23T08:54:57+00:00","dateModified":"2025-01-10T12:55:15+00:00","breadcrumb":{"@id":"https:\/\/univet.hu\/allasborze\/allasborze-2020\/kiallitok\/lloyd-cowan-veterinary-recruitment\/#breadcrumb"},"inLanguage":"hu","potentialAction":[{"@type":"ReadAction","target":["https:\/\/univet.hu\/allasborze\/allasborze-2020\/kiallitok\/lloyd-cowan-veterinary-recruitment\/"]}]},{"@type":"ImageObject","inLanguage":"hu","@id":"https:\/\/univet.hu\/allasborze\/allasborze-2020\/kiallitok\/lloyd-cowan-veterinary-recruitment\/#primaryimage","url":"https:\/\/univet.hu\/allasborze\/wp-content\/uploads\/sites\/2\/2020\/01\/Lloyd-Cowan-Veterinary-Recruitment.jpg","contentUrl":"https:\/\/univet.hu\/allasborze\/wp-content\/uploads\/sites\/2\/2020\/01\/Lloyd-Cowan-Veterinary-Recruitment.jpg","width":1483,"height":913},{"@type":"BreadcrumbList","@id":"https:\/\/univet.hu\/allasborze\/allasborze-2020\/kiallitok\/lloyd-cowan-veterinary-recruitment\/#breadcrumb","itemListElement":[{"@type":"ListItem","position":1,"name":"Kezd\u0151lap","item":"https:\/\/univet.hu\/allasborze\/"},{"@type":"ListItem","position":2,"name":"\u00c1ll\u00e1sb\u00f6rze 2020","item":"https:\/\/univet.hu\/allasborze\/allasborze-2020\/"},{"@type":"ListItem","position":3,"name":"Ki\u00e1ll\u00edt\u00f3k","item":"https:\/\/univet.hu\/allasborze\/allasborze-2020\/kiallitok\/"},{"@type":"ListItem","position":4,"name":"Lloyd &amp; Cowan Veterinary Recruitment &#8211; UK\/Anglia"}]},{"@type":"WebSite","@id":"https:\/\/univet.hu\/allasborze\/#website","url":"https:\/\/univet.hu\/allasborze\/","name":"\u00c1ll\u00e1sb\u00f6rze","description":"","potentialAction":[{"@type":"SearchAction","target":{"@type":"EntryPoint","urlTemplate":"https:\/\/univet.hu\/allasborze\/?s={search_term_string}"},"query-input":{"@type":"PropertyValueSpecification","valueRequired":true,"valueName":"search_term_string"}}],"inLanguage":"hu"}]}},"_links":{"self":[{"href":"https:\/\/univet.hu\/allasborze\/wp-json\/wp\/v2\/pages\/48600","targetHints":{"allow":["GET"]}}],"collection":[{"href":"https:\/\/univet.hu\/allasborze\/wp-json\/wp\/v2\/pages"}],"about":[{"href":"https:\/\/univet.hu\/allasborze\/wp-json\/wp\/v2\/types\/page"}],"author":[{"embeddable":true,"href":"https:\/\/univet.hu\/allasborze\/wp-json\/wp\/v2\/users\/2518"}],"replies":[{"embeddable":true,"href":"https:\/\/univet.hu\/allasborze\/wp-json\/wp\/v2\/comments?post=48600"}],"version-history":[{"count":1,"href":"https:\/\/univet.hu\/allasborze\/wp-json\/wp\/v2\/pages\/48600\/revisions"}],"predecessor-version":[{"id":172773,"href":"https:\/\/univet.hu\/allasborze\/wp-json\/wp\/v2\/pages\/48600\/revisions\/172773"}],"up":[{"embeddable":true,"href":"https:\/\/univet.hu\/allasborze\/wp-json\/wp\/v2\/pages\/46253"}],"wp:attachment":[{"href":"https:\/\/univet.hu\/allasborze\/wp-json\/wp\/v2\/media?parent=48600"}],"wp:term":[{"taxonomy":"category","embeddable":true,"href":"https:\/\/univet.hu\/allasborze\/wp-json\/wp\/v2\/categories?post=48600"},{"taxonomy":"post_tag","embeddable":true,"href":"https:\/\/univet.hu\/allasborze\/wp-json\/wp\/v2\/tags?post=48600"}],"curies":[{"name":"wp","href":"https:\/\/api.w.org\/{rel}","templated":true}]}}