{"id":48692,"date":"2020-01-23T13:52:20","date_gmt":"2020-01-23T12:52:20","guid":{"rendered":"https:\/\/univet.hu\/?page_id=48692"},"modified":"2025-01-10T13:55:14","modified_gmt":"2025-01-10T12:55:14","slug":"dunakeszi-allatkorhaz","status":"publish","type":"page","link":"https:\/\/univet.hu\/allasborze\/allasborze-2020\/kiallitok\/dunakeszi-allatkorhaz\/","title":{"rendered":"Dunakeszi \u00c1llatk\u00f3rh\u00e1z"},"content":{"rendered":"<p>&nbsp;<\/p> <p><span data-contrast=\"none\">Mit ad a\u00a0<\/span><b><span data-contrast=\"none\">D<\/span><\/b><b><span data-contrast=\"none\">unakeszi \u00c1llatkorh\u00e1z<\/span><\/b><span data-contrast=\"none\">?<\/span><span data-ccp-props=\"{&quot;335551550&quot;:6,&quot;335551620&quot;:6,&quot;335559740&quot;:360}\">\u00a0<\/span><\/p> <p><b><span data-contrast=\"none\">Stabil c\u00e9ges h\u00e1tteret.<\/span><\/b><span data-ccp-props=\"{&quot;335551550&quot;:6,&quot;335551620&quot;:6,&quot;335559740&quot;:360}\">\u00a0<\/span><\/p> <p><span data-contrast=\"auto\">A 2014-ben megny\u00edlt\u00a0<\/span><b><span data-contrast=\"auto\">Dunakeszi \u00c1llatk\u00f3rh\u00e1z<\/span><\/b><b><span data-contrast=\"auto\">\u00a0<\/span><\/b><span data-contrast=\"auto\">tulajdonosai,\u00a0<\/span><b><span data-contrast=\"auto\">Dr. B\u00f6lcskei Moln\u00e1r Antal<\/span><\/b><span data-contrast=\"auto\">\u00a0\u00e9s\u00a0<\/span><b><span data-contrast=\"auto\">Dr. Farkas Zolt\u00e1n<\/span><\/b><span data-contrast=\"auto\">,<\/span><span data-contrast=\"auto\">\u00a01996 \u00f3ta dolgoznak egy\u00fctt.\u00a0<\/span><span data-contrast=\"none\">A magas sz\u00ednvonal\u00fa szakmai munk\u00e1hoz ide\u00e1lis a h\u00e1rom kezel\u0151, k\u00fcl\u00f6n kutya \u00e9s macska k\u00f3rterem, el\u0151k\u00e9sz\u00edt\u0151 helyis\u00e9g \u00e9s m\u0171t\u0151.<\/span><span data-ccp-props=\"{&quot;335551550&quot;:6,&quot;335551620&quot;:6,&quot;335559740&quot;:360}\">\u00a0<\/span><\/p> <p><b><span data-contrast=\"auto\">Egyed\u00fcl\u00e1ll\u00f3 szakmai\u00a0<\/span><\/b><b><span data-contrast=\"auto\">felk\u00e9sz\u00fclts\u00e9get.<\/span><\/b><span data-ccp-props=\"{&quot;335551550&quot;:6,&quot;335551620&quot;:6,&quot;335559740&quot;:360}\">\u00a0<\/span><\/p> <p><span data-contrast=\"none\">Munk\u00e1nk alapja a teljes k\u00f6r\u0171 ell\u00e1t\u00e1st, ez\u00e9rt t\u00e1mogatjuk \u00e9s lehet\u0151s\u00e9get adunk a k\u00fcl\u00f6nb\u00f6z\u0151 szakter\u00fcletekben val\u00f3 elm\u00e9ly\u00fcl\u00e9sre.<\/span><span data-ccp-props=\"{&quot;335551550&quot;:6,&quot;335551620&quot;:6,&quot;335559739&quot;:120,&quot;335559740&quot;:360}\">\u00a0<\/span><\/p> <p><b><span data-contrast=\"auto\">Teljes k\u00f6r\u0171 m\u0171szerezetts\u00e9get.<\/span><\/b><span data-ccp-props=\"{&quot;335551550&quot;:6,&quot;335551620&quot;:6,&quot;335559739&quot;:120,&quot;335559740&quot;:360}\">\u00a0<\/span><\/p> <p><span data-contrast=\"none\">Ultrahang, digit\u00e1lis r\u00f6ntgen, endoszk\u00f3p,\u00a0arthroszk\u00f3p, szem\u00e9szeti mikroszk\u00f3p \u00e9s labo<\/span><span data-contrast=\"none\">rdiagnosztikai k\u00e9sz\u00fcl\u00e9k.<\/span><span data-ccp-props=\"{&quot;335551550&quot;:6,&quot;335551620&quot;:6,&quot;335559740&quot;:360}\">\u00a0<\/span><\/p> <p><b><span data-contrast=\"none\">Csapatot, munk\u00e1n k\u00edv\u00fcl is.<\/span><\/b><span data-ccp-props=\"{&quot;335551550&quot;:6,&quot;335551620&quot;:6,&quot;335559740&quot;:360}\">\u00a0<\/span><\/p> <p>Tov\u00e1bbi inform\u00e1ci\u00f3\u00e9rt kattintson a ki\u00e1ll\u00edt\u00f3 honlapj\u00e1ra:<\/p> <p><a href=\"https:\/\/www.dunakesziallatorvos.hu\" target=\"_blank\" rel=\"noopener\"><img loading=\"lazy\" decoding=\"async\" class=\"aligncenter wp-image-49067\" src=\"https:\/\/univet.hu\/allasborze\/wp-content\/uploads\/sites\/2\/2020\/01\/Dunakeszi-Allatkorhaz.jpg\" alt=\"\" width=\"200\" height=\"71\" \/><\/a><\/p> <p>Kedves Koll\u00e9ga!<\/p> <p>Szeretn\u00e9nk bemutatni Neked, hogy mi\u00e9rt is j\u00f3 a Dunakeszi \u00c1llatkorh\u00e1zban dolgozni.<\/p> <p>Mert adott a stabil c\u00e9ges h\u00e1tt\u00e9r.<\/p> <p>A 2014-ben megny\u00edlt Dunakeszi \u00c1llatk\u00f3rh\u00e1z tulajdonosai, Dr. B\u00f6lcskei Moln\u00e1r Antal \u00e9s Dr. Farkas Zolt\u00e1n, 1996 \u00f3ta dolgoznak egy\u00fctt, ekkor alap\u00edtott\u00e1k meg k\u00f6z\u00f6sen els\u0151 rendel\u0151j\u00fcket Dunakeszin. Az \u00c1llatk\u00f3rh\u00e1z \u00e9p\u00fclet\u00e9t m\u00e1r c\u00e9lzottan \u00e1llatorvosi tev\u00e9kenys\u00e9gre terveztett\u00e9k \u00e9s \u00e9p\u00edttett\u00e9k \u00e1t. Az \u00e9p\u00fclet Dunakeszi egyik f\u0151\u00fatj\u00e1n helyezkedik el, nagyon k\u00f6nnyen megk\u00f6zel\u00edthet\u0151 \u00e9s saj\u00e1t parkol\u00f3val is rendelkezik. A k\u00f3rh\u00e1z teljes bels\u0151 tere l\u00e9gkondicion\u00e1lt, a k\u00f6rnyezet ig\u00e9nyesen kialak\u00edtott. A Gazdik k\u00e9nyelm\u00e9t szolg\u00e1lja a t\u00e1gas v\u00e1r\u00f3terem \u00e9s petshop. A magas sz\u00ednvonal\u00fa szakmai munk\u00e1hoz ide\u00e1lis helysz\u00ednt biztos\u00edt a h\u00e1rom kezel\u0151, k\u00fcl\u00f6n kutya \u00e9s macska k\u00f3rterem, el\u0151k\u00e9sz\u00edt\u0151 helyis\u00e9g \u00e9s m\u0171t\u0151, \u00f6sszesen 200 n\u00e9gyzetm\u00e9teren.<\/p> <p>Mert biztos\u00edtott az egyed\u00fcl\u00e1ll\u00f3 szakmai felk\u00e9sz\u00fclts\u00e9g.<\/p> <p>\u00c1llatorvos csapatunk jelenleg nyolc szak\u00e1llatorvosi v\u00e9gzetts\u00e9ggel rendelkezik. Munk\u00e1nk alapj\u00e1t jelenti, hogy k\u00f3rh\u00e1zunkban teljes k\u00f6r\u0171 ell\u00e1t\u00e1st tudjunk ny\u00fajtani a hozz\u00e1nk \u00e9rkez\u0151 betegeknek, ez\u00e9rt kifejezetten t\u00e1mogatjuk \u00e9s \u00f6r\u00f6mmel biztos\u00edtunk lehet\u0151s\u00e9get a k\u00fcl\u00f6nb\u00f6z\u0151 szakter\u00fcletekben val\u00f3 elm\u00e9ly\u00fcl\u00e9sre. \u00c1llatorvosaink \u00e9s asszisztenseink professzion\u00e1lis csapata egyar\u00e1nt felk\u00e9sz\u00fclt a s\u00fcrg\u0151ss\u00e9gi ell\u00e1t\u00e1st ig\u00e9nyl\u0151 \u00e1llapotok \u00e9s s\u00e9r\u00fcl\u00e9sek, a rutin betegs\u00e9gek, \u00e9s a h\u00e1zi- \u00e9s egzotikus \u00e1llatok \u00e1ltal\u00e1nos orvosi ell\u00e1t\u00e1s\u00e1nak sz\u00e9les k\u00f6r\u00e9re. Seb\u00e9szeink kiemelked\u0151 gyakorlattal rendelkeznek mind a l\u00e1gyszervi, mind pedig a csont- \u00e9s \u00edz\u00fcleti, valamint gerincseb\u00e9szet ter\u00e9n. Az orthop\u00e9diai esetek teljes gy\u00f3gyul\u00e1s\u00e1t seg\u00edt\u0151 fizioter\u00e1pi\u00e1t is \u00e1llatorvos v\u00e9gzi. Nagy b\u00fcszkes\u00e9get jelent nek\u00fcnk, hogy tud\u00e1sunkkal seg\u00edthetj\u00fck k\u00fcl\u00f6nf\u00e9le sportkuty\u00e1k, \u00edgy a versenyagarak speci\u00e1lis felk\u00e9sz\u00fclts\u00e9get ig\u00e9nyl\u0151 gy\u00f3gy\u00edt\u00e1s\u00e1t is, hogy min\u00e9l hamarabb \u00fajra eg\u00e9szs\u00e9gesen \u00e9lhessenek teljes \u00e9rt\u00e9k\u0171 \u00e9letet. Praxisunk fontos r\u00e9sze a fog\u00e1szati \u00e9s szem\u00e9szeti esetek teljes k\u00f6r\u0171 ell\u00e1t\u00e1sa.<\/p> <p>T\u00e1rsadalmi felel\u0151ss\u00e9gv\u00e1llal\u00e1sunk, hogy tud\u00e1sunkkal seg\u00edts\u00fck a menhelyeken \u00e9l\u0151 kuty\u00e1kat \u00e9s macsk\u00e1kat is. Ez\u00e9rt \u00e9vek \u00f3ta t\u00f6bb \u00e1llatv\u00e9d\u0151 alap\u00edtv\u00e1nnyal (Ag\u00e1r Fajtament\u00e9s Alap\u00edtv\u00e1ny, L\u00e9lekl\u00e1nc Alap\u00edtv\u00e1ny, Szent Ferenc \u00c1llatotthon Alap\u00edtv\u00e1ny, Ultim\u00e1tum \u00c1llatv\u00e9delmi Alap\u00edtv\u00e1ny, Botty\u00e1n Equus Hung\u00e1ria K\u00f6zhaszn\u00fa Alap\u00edtv\u00e1ny) is egy\u00fctt dolgozunk.<\/p> <p>Mert rendelkez\u00e9sre \u00e1ll a teljes k\u00f6r\u0171 m\u0171szerezetts\u00e9g.<\/p> <p>Magas sz\u00ednvonal\u00fa \u00e1llatorvosl\u00e1s nem lehets\u00e9ges a modern m\u0171szerek \u00e9s g\u00e9pek adta h\u00e1tt\u00e9r n\u00e9lk\u00fcl, ez\u00e9rt \u00c1llatk\u00f3rh\u00e1zunkban rendelkez\u00e9s\u00fcnkre \u00e1ll t\u00f6bbek k\u00f6z\u00f6tt ultrahang, digit\u00e1lis r\u00f6ntgen, endoszk\u00f3p, arthroszk\u00f3p, szem\u00e9szeti mikroszk\u00f3p \u00e9s a v\u00e9rmint\u00e1k elemz\u00e9s\u00e9re alkalmas labordiagnosztikai k\u00e9sz\u00fcl\u00e9k.<\/p> <p>Munk\u00e1nk sz\u00ednvonal\u00e1nak bizony\u00edt\u00e9kak\u00e9nt a Dunakeszi \u00c1llatk\u00f3rh\u00e1z bekapcsol\u00f3dhatott az egyetemi oktat\u00e1sba is, az \u00c1llatorvostudom\u00e1nyi Egyetem 11. f\u00e9l\u00e9ves, v\u00e9gz\u0151s hallgat\u00f3inak klinikai gyakorlati helysz\u00edne lett.<\/p> <p>Mert igazi CSAPAT vagyunk. Munk\u00e1n k\u00edv\u00fcl is.<\/p> <p>&nbsp;<\/p>","protected":false},"excerpt":{"rendered":"<p>&nbsp; Mit ad a\u00a0Dunakeszi \u00c1llatkorh\u00e1z?\u00a0 Stabil c\u00e9ges h\u00e1tteret.\u00a0 A 2014-ben megny\u00edlt\u00a0Dunakeszi \u00c1llatk\u00f3rh\u00e1z\u00a0tulajdonosai,\u00a0Dr. B\u00f6lcskei Moln\u00e1r Antal\u00a0\u00e9s\u00a0Dr. Farkas Zolt\u00e1n,\u00a01996 \u00f3ta dolgoznak egy\u00fctt.\u00a0A magas sz\u00ednvonal\u00fa szakmai munk\u00e1hoz ide\u00e1lis a h\u00e1rom kezel\u0151, k\u00fcl\u00f6n kutya \u00e9s macska k\u00f3rterem, el\u0151k\u00e9sz\u00edt\u0151 helyis\u00e9g \u00e9s m\u0171t\u0151.\u00a0 Egyed\u00fcl\u00e1ll\u00f3 szakmai\u00a0felk\u00e9sz\u00fclts\u00e9get.\u00a0 Munk\u00e1nk alapja a teljes k\u00f6r\u0171 ell\u00e1t\u00e1st, ez\u00e9rt t\u00e1mogatjuk \u00e9s lehet\u0151s\u00e9get adunk a k\u00fcl\u00f6nb\u00f6z\u0151 szakter\u00fcletekben val\u00f3 elm\u00e9ly\u00fcl\u00e9sre.\u00a0<\/p>\n","protected":false},"author":2518,"featured_media":0,"parent":46253,"menu_order":0,"comment_status":"closed","ping_status":"closed","template":"","meta":{"_acf_changed":false,"footnotes":""},"categories":[],"tags":[],"class_list":["post-48692","page","type-page","status-publish","hentry"],"acf":[],"yoast_head":"<!-- This site is optimized with the Yoast SEO plugin v27.2 - https:\/\/yoast.com\/product\/yoast-seo-wordpress\/ -->\n<title>Dunakeszi \u00c1llatk\u00f3rh\u00e1z - \u00c1ll\u00e1sb\u00f6rze<\/title>\n<meta name=\"robots\" content=\"index, follow, max-snippet:-1, max-image-preview:large, max-video-preview:-1\" \/>\n<link rel=\"canonical\" href=\"https:\/\/univet.hu\/allasborze\/allasborze-2020\/kiallitok\/dunakeszi-allatkorhaz\/\" \/>\n<meta property=\"og:locale\" content=\"hu_HU\" \/>\n<meta property=\"og:type\" content=\"article\" \/>\n<meta property=\"og:title\" content=\"Dunakeszi \u00c1llatk\u00f3rh\u00e1z - \u00c1ll\u00e1sb\u00f6rze\" \/>\n<meta property=\"og:description\" content=\"&nbsp; Mit ad a\u00a0Dunakeszi \u00c1llatkorh\u00e1z?\u00a0 Stabil c\u00e9ges h\u00e1tteret.\u00a0 A 2014-ben megny\u00edlt\u00a0Dunakeszi \u00c1llatk\u00f3rh\u00e1z\u00a0tulajdonosai,\u00a0Dr. B\u00f6lcskei Moln\u00e1r Antal\u00a0\u00e9s\u00a0Dr. Farkas Zolt\u00e1n,\u00a01996 \u00f3ta dolgoznak egy\u00fctt.\u00a0A magas sz\u00ednvonal\u00fa szakmai munk\u00e1hoz ide\u00e1lis a h\u00e1rom kezel\u0151, k\u00fcl\u00f6n kutya \u00e9s macska k\u00f3rterem, el\u0151k\u00e9sz\u00edt\u0151 helyis\u00e9g \u00e9s m\u0171t\u0151.\u00a0 Egyed\u00fcl\u00e1ll\u00f3 szakmai\u00a0felk\u00e9sz\u00fclts\u00e9get.\u00a0 Munk\u00e1nk alapja a teljes k\u00f6r\u0171 ell\u00e1t\u00e1st, ez\u00e9rt t\u00e1mogatjuk \u00e9s lehet\u0151s\u00e9get adunk a k\u00fcl\u00f6nb\u00f6z\u0151 szakter\u00fcletekben val\u00f3 elm\u00e9ly\u00fcl\u00e9sre.\u00a0\" \/>\n<meta property=\"og:url\" content=\"https:\/\/univet.hu\/allasborze\/allasborze-2020\/kiallitok\/dunakeszi-allatkorhaz\/\" \/>\n<meta property=\"og:site_name\" content=\"\u00c1ll\u00e1sb\u00f6rze\" \/>\n<meta property=\"article:modified_time\" content=\"2025-01-10T12:55:14+00:00\" \/>\n<meta property=\"og:image\" content=\"https:\/\/univet.hu\/allasborze\/wp-content\/uploads\/sites\/2\/2020\/01\/Dunakeszi-Allatkorhaz.jpg\" \/>\n<meta name=\"twitter:card\" content=\"summary_large_image\" \/>\n<meta name=\"twitter:label1\" content=\"Becs\u00fclt olvas\u00e1si id\u0151\" \/>\n\t<meta name=\"twitter:data1\" content=\"4 perc\" \/>\n<script type=\"application\/ld+json\" class=\"yoast-schema-graph\">{\"@context\":\"https:\/\/schema.org\",\"@graph\":[{\"@type\":\"WebPage\",\"@id\":\"https:\/\/univet.hu\/allasborze\/allasborze-2020\/kiallitok\/dunakeszi-allatkorhaz\/\",\"url\":\"https:\/\/univet.hu\/allasborze\/allasborze-2020\/kiallitok\/dunakeszi-allatkorhaz\/\",\"name\":\"Dunakeszi \u00c1llatk\u00f3rh\u00e1z - \u00c1ll\u00e1sb\u00f6rze\",\"isPartOf\":{\"@id\":\"https:\/\/univet.hu\/allasborze\/#website\"},\"primaryImageOfPage\":{\"@id\":\"https:\/\/univet.hu\/allasborze\/allasborze-2020\/kiallitok\/dunakeszi-allatkorhaz\/#primaryimage\"},\"image\":{\"@id\":\"https:\/\/univet.hu\/allasborze\/allasborze-2020\/kiallitok\/dunakeszi-allatkorhaz\/#primaryimage\"},\"thumbnailUrl\":\"https:\/\/univet.hu\/allasborze\/wp-content\/uploads\/sites\/2\/2020\/01\/Dunakeszi-Allatkorhaz.jpg\",\"datePublished\":\"2020-01-23T12:52:20+00:00\",\"dateModified\":\"2025-01-10T12:55:14+00:00\",\"breadcrumb\":{\"@id\":\"https:\/\/univet.hu\/allasborze\/allasborze-2020\/kiallitok\/dunakeszi-allatkorhaz\/#breadcrumb\"},\"inLanguage\":\"hu\",\"potentialAction\":[{\"@type\":\"ReadAction\",\"target\":[\"https:\/\/univet.hu\/allasborze\/allasborze-2020\/kiallitok\/dunakeszi-allatkorhaz\/\"]}]},{\"@type\":\"ImageObject\",\"inLanguage\":\"hu\",\"@id\":\"https:\/\/univet.hu\/allasborze\/allasborze-2020\/kiallitok\/dunakeszi-allatkorhaz\/#primaryimage\",\"url\":\"https:\/\/univet.hu\/allasborze\/wp-content\/uploads\/sites\/2\/2020\/01\/Dunakeszi-Allatkorhaz.jpg\",\"contentUrl\":\"https:\/\/univet.hu\/allasborze\/wp-content\/uploads\/sites\/2\/2020\/01\/Dunakeszi-Allatkorhaz.jpg\",\"width\":300,\"height\":106},{\"@type\":\"BreadcrumbList\",\"@id\":\"https:\/\/univet.hu\/allasborze\/allasborze-2020\/kiallitok\/dunakeszi-allatkorhaz\/#breadcrumb\",\"itemListElement\":[{\"@type\":\"ListItem\",\"position\":1,\"name\":\"Kezd\u0151lap\",\"item\":\"https:\/\/univet.hu\/allasborze\/\"},{\"@type\":\"ListItem\",\"position\":2,\"name\":\"\u00c1ll\u00e1sb\u00f6rze 2020\",\"item\":\"https:\/\/univet.hu\/allasborze\/allasborze-2020\/\"},{\"@type\":\"ListItem\",\"position\":3,\"name\":\"Ki\u00e1ll\u00edt\u00f3k\",\"item\":\"https:\/\/univet.hu\/allasborze\/allasborze-2020\/kiallitok\/\"},{\"@type\":\"ListItem\",\"position\":4,\"name\":\"Dunakeszi \u00c1llatk\u00f3rh\u00e1z\"}]},{\"@type\":\"WebSite\",\"@id\":\"https:\/\/univet.hu\/allasborze\/#website\",\"url\":\"https:\/\/univet.hu\/allasborze\/\",\"name\":\"\u00c1ll\u00e1sb\u00f6rze\",\"description\":\"\",\"potentialAction\":[{\"@type\":\"SearchAction\",\"target\":{\"@type\":\"EntryPoint\",\"urlTemplate\":\"https:\/\/univet.hu\/allasborze\/?s={search_term_string}\"},\"query-input\":{\"@type\":\"PropertyValueSpecification\",\"valueRequired\":true,\"valueName\":\"search_term_string\"}}],\"inLanguage\":\"hu\"}]}<\/script>\n<!-- \/ Yoast SEO plugin. -->","yoast_head_json":{"title":"Dunakeszi \u00c1llatk\u00f3rh\u00e1z - \u00c1ll\u00e1sb\u00f6rze","robots":{"index":"index","follow":"follow","max-snippet":"max-snippet:-1","max-image-preview":"max-image-preview:large","max-video-preview":"max-video-preview:-1"},"canonical":"https:\/\/univet.hu\/allasborze\/allasborze-2020\/kiallitok\/dunakeszi-allatkorhaz\/","og_locale":"hu_HU","og_type":"article","og_title":"Dunakeszi \u00c1llatk\u00f3rh\u00e1z - \u00c1ll\u00e1sb\u00f6rze","og_description":"&nbsp; Mit ad a\u00a0Dunakeszi \u00c1llatkorh\u00e1z?\u00a0 Stabil c\u00e9ges h\u00e1tteret.\u00a0 A 2014-ben megny\u00edlt\u00a0Dunakeszi \u00c1llatk\u00f3rh\u00e1z\u00a0tulajdonosai,\u00a0Dr. B\u00f6lcskei Moln\u00e1r Antal\u00a0\u00e9s\u00a0Dr. Farkas Zolt\u00e1n,\u00a01996 \u00f3ta dolgoznak egy\u00fctt.\u00a0A magas sz\u00ednvonal\u00fa szakmai munk\u00e1hoz ide\u00e1lis a h\u00e1rom kezel\u0151, k\u00fcl\u00f6n kutya \u00e9s macska k\u00f3rterem, el\u0151k\u00e9sz\u00edt\u0151 helyis\u00e9g \u00e9s m\u0171t\u0151.\u00a0 Egyed\u00fcl\u00e1ll\u00f3 szakmai\u00a0felk\u00e9sz\u00fclts\u00e9get.\u00a0 Munk\u00e1nk alapja a teljes k\u00f6r\u0171 ell\u00e1t\u00e1st, ez\u00e9rt t\u00e1mogatjuk \u00e9s lehet\u0151s\u00e9get adunk a k\u00fcl\u00f6nb\u00f6z\u0151 szakter\u00fcletekben val\u00f3 elm\u00e9ly\u00fcl\u00e9sre.\u00a0","og_url":"https:\/\/univet.hu\/allasborze\/allasborze-2020\/kiallitok\/dunakeszi-allatkorhaz\/","og_site_name":"\u00c1ll\u00e1sb\u00f6rze","article_modified_time":"2025-01-10T12:55:14+00:00","og_image":[{"url":"https:\/\/univet.hu\/allasborze\/wp-content\/uploads\/sites\/2\/2020\/01\/Dunakeszi-Allatkorhaz.jpg","type":"","width":"","height":""}],"twitter_card":"summary_large_image","twitter_misc":{"Becs\u00fclt olvas\u00e1si id\u0151":"4 perc"},"schema":{"@context":"https:\/\/schema.org","@graph":[{"@type":"WebPage","@id":"https:\/\/univet.hu\/allasborze\/allasborze-2020\/kiallitok\/dunakeszi-allatkorhaz\/","url":"https:\/\/univet.hu\/allasborze\/allasborze-2020\/kiallitok\/dunakeszi-allatkorhaz\/","name":"Dunakeszi \u00c1llatk\u00f3rh\u00e1z - \u00c1ll\u00e1sb\u00f6rze","isPartOf":{"@id":"https:\/\/univet.hu\/allasborze\/#website"},"primaryImageOfPage":{"@id":"https:\/\/univet.hu\/allasborze\/allasborze-2020\/kiallitok\/dunakeszi-allatkorhaz\/#primaryimage"},"image":{"@id":"https:\/\/univet.hu\/allasborze\/allasborze-2020\/kiallitok\/dunakeszi-allatkorhaz\/#primaryimage"},"thumbnailUrl":"https:\/\/univet.hu\/allasborze\/wp-content\/uploads\/sites\/2\/2020\/01\/Dunakeszi-Allatkorhaz.jpg","datePublished":"2020-01-23T12:52:20+00:00","dateModified":"2025-01-10T12:55:14+00:00","breadcrumb":{"@id":"https:\/\/univet.hu\/allasborze\/allasborze-2020\/kiallitok\/dunakeszi-allatkorhaz\/#breadcrumb"},"inLanguage":"hu","potentialAction":[{"@type":"ReadAction","target":["https:\/\/univet.hu\/allasborze\/allasborze-2020\/kiallitok\/dunakeszi-allatkorhaz\/"]}]},{"@type":"ImageObject","inLanguage":"hu","@id":"https:\/\/univet.hu\/allasborze\/allasborze-2020\/kiallitok\/dunakeszi-allatkorhaz\/#primaryimage","url":"https:\/\/univet.hu\/allasborze\/wp-content\/uploads\/sites\/2\/2020\/01\/Dunakeszi-Allatkorhaz.jpg","contentUrl":"https:\/\/univet.hu\/allasborze\/wp-content\/uploads\/sites\/2\/2020\/01\/Dunakeszi-Allatkorhaz.jpg","width":300,"height":106},{"@type":"BreadcrumbList","@id":"https:\/\/univet.hu\/allasborze\/allasborze-2020\/kiallitok\/dunakeszi-allatkorhaz\/#breadcrumb","itemListElement":[{"@type":"ListItem","position":1,"name":"Kezd\u0151lap","item":"https:\/\/univet.hu\/allasborze\/"},{"@type":"ListItem","position":2,"name":"\u00c1ll\u00e1sb\u00f6rze 2020","item":"https:\/\/univet.hu\/allasborze\/allasborze-2020\/"},{"@type":"ListItem","position":3,"name":"Ki\u00e1ll\u00edt\u00f3k","item":"https:\/\/univet.hu\/allasborze\/allasborze-2020\/kiallitok\/"},{"@type":"ListItem","position":4,"name":"Dunakeszi \u00c1llatk\u00f3rh\u00e1z"}]},{"@type":"WebSite","@id":"https:\/\/univet.hu\/allasborze\/#website","url":"https:\/\/univet.hu\/allasborze\/","name":"\u00c1ll\u00e1sb\u00f6rze","description":"","potentialAction":[{"@type":"SearchAction","target":{"@type":"EntryPoint","urlTemplate":"https:\/\/univet.hu\/allasborze\/?s={search_term_string}"},"query-input":{"@type":"PropertyValueSpecification","valueRequired":true,"valueName":"search_term_string"}}],"inLanguage":"hu"}]}},"_links":{"self":[{"href":"https:\/\/univet.hu\/allasborze\/wp-json\/wp\/v2\/pages\/48692","targetHints":{"allow":["GET"]}}],"collection":[{"href":"https:\/\/univet.hu\/allasborze\/wp-json\/wp\/v2\/pages"}],"about":[{"href":"https:\/\/univet.hu\/allasborze\/wp-json\/wp\/v2\/types\/page"}],"author":[{"embeddable":true,"href":"https:\/\/univet.hu\/allasborze\/wp-json\/wp\/v2\/users\/2518"}],"replies":[{"embeddable":true,"href":"https:\/\/univet.hu\/allasborze\/wp-json\/wp\/v2\/comments?post=48692"}],"version-history":[{"count":1,"href":"https:\/\/univet.hu\/allasborze\/wp-json\/wp\/v2\/pages\/48692\/revisions"}],"predecessor-version":[{"id":172767,"href":"https:\/\/univet.hu\/allasborze\/wp-json\/wp\/v2\/pages\/48692\/revisions\/172767"}],"up":[{"embeddable":true,"href":"https:\/\/univet.hu\/allasborze\/wp-json\/wp\/v2\/pages\/46253"}],"wp:attachment":[{"href":"https:\/\/univet.hu\/allasborze\/wp-json\/wp\/v2\/media?parent=48692"}],"wp:term":[{"taxonomy":"category","embeddable":true,"href":"https:\/\/univet.hu\/allasborze\/wp-json\/wp\/v2\/categories?post=48692"},{"taxonomy":"post_tag","embeddable":true,"href":"https:\/\/univet.hu\/allasborze\/wp-json\/wp\/v2\/tags?post=48692"}],"curies":[{"name":"wp","href":"https:\/\/api.w.org\/{rel}","templated":true}]}}