{"id":48897,"date":"2020-01-27T09:18:26","date_gmt":"2020-01-27T08:18:26","guid":{"rendered":"https:\/\/univet.hu\/?page_id=48897"},"modified":"2025-01-10T13:55:15","modified_gmt":"2025-01-10T12:55:15","slug":"madarkorhaz-alapitvany","status":"publish","type":"page","link":"https:\/\/univet.hu\/allasborze\/allasborze-2020\/kiallitok\/madarkorhaz-alapitvany\/","title":{"rendered":"Mad\u00e1rk\u00f3rh\u00e1z Alap\u00edtv\u00e1ny"},"content":{"rendered":"<p>&nbsp;<\/p> <p>Madarakat gy\u00f3gy\u00edtunk, hogy visszaadjuk a term\u00e9szetnek azt, ami a term\u00e9szet\u00e9. Ebb\u0151l a c\u00e9lb\u00f3l hoztuk l\u00e9tre az orsz\u00e1g els\u0151 \u00e9s legnagyobb mad\u00e1rk\u00f3rh\u00e1z\u00e1t a Hortob\u00e1gyon, ahol \u00e9vente 2500 vadmadarak fogadunk, melyek els\u0151sorban az emberi tev\u00e9kenys\u00e9g k\u00f6vetkezt\u00e9ben s\u00e9r\u00fclnek &#8211; f\u0151k\u00e9nt \u00e1ram\u00fct\u00e9s, m\u00e9rgez\u00e9s \u00e9s baleseti s\u00e9r\u00fcl\u00e9sek miatt. S\u00fcrg\u0151ss\u00e9gi, \u00e9s intenz\u00edv ell\u00e1t\u00e1s mellett legink\u00e1bb csontseb\u00e9szeti m\u0171t\u00e9tek, ezek ut\u00f3kezel\u00e9se \u00e9s a gy\u00f3gyult betegek repatri\u00e1ci\u00f3ra val\u00f3 felk\u00e9sz\u00edt\u00e9se sok kih\u00edv\u00e1st jelent az \u00e1llatorvosnak. Erre a v\u00e1runk jelentkez\u0151ket a Mad\u00e1rk\u00f3rh\u00e1z csapat\u00e1ba.<\/p> <p>Tov\u00e1bbi inform\u00e1ci\u00f3\u00e9rt kattintson a ki\u00e1ll\u00edt\u00f3 honlapj\u00e1ra:\u00a0<a href=\"http:\/\/www.madarkorhaz.hu\" target=\"_blank\" rel=\"noopener\">http:\/\/www.madarkorhaz.hu<\/a><\/p>","protected":false},"excerpt":{"rendered":"<p>&nbsp; Madarakat gy\u00f3gy\u00edtunk, hogy visszaadjuk a term\u00e9szetnek azt, ami a term\u00e9szet\u00e9. Ebb\u0151l a c\u00e9lb\u00f3l hoztuk l\u00e9tre az orsz\u00e1g els\u0151 \u00e9s legnagyobb mad\u00e1rk\u00f3rh\u00e1z\u00e1t a Hortob\u00e1gyon, ahol \u00e9vente 2500 vadmadarak fogadunk, melyek els\u0151sorban az emberi tev\u00e9kenys\u00e9g k\u00f6vetkezt\u00e9ben s\u00e9r\u00fclnek &#8211; f\u0151k\u00e9nt \u00e1ram\u00fct\u00e9s, m\u00e9rgez\u00e9s \u00e9s baleseti s\u00e9r\u00fcl\u00e9sek miatt. S\u00fcrg\u0151ss\u00e9gi, \u00e9s intenz\u00edv ell\u00e1t\u00e1s mellett legink\u00e1bb csontseb\u00e9szeti m\u0171t\u00e9tek, ezek ut\u00f3kezel\u00e9se \u00e9s<\/p>\n","protected":false},"author":2518,"featured_media":0,"parent":46253,"menu_order":0,"comment_status":"closed","ping_status":"closed","template":"","meta":{"_acf_changed":false,"footnotes":""},"categories":[],"tags":[],"class_list":["post-48897","page","type-page","status-publish","hentry"],"acf":[],"yoast_head":"<!-- This site is optimized with the Yoast SEO plugin v27.2 - https:\/\/yoast.com\/product\/yoast-seo-wordpress\/ -->\n<title>Mad\u00e1rk\u00f3rh\u00e1z Alap\u00edtv\u00e1ny - \u00c1ll\u00e1sb\u00f6rze<\/title>\n<meta name=\"robots\" content=\"index, follow, max-snippet:-1, max-image-preview:large, max-video-preview:-1\" \/>\n<link rel=\"canonical\" href=\"https:\/\/univet.hu\/allasborze\/allasborze-2020\/kiallitok\/madarkorhaz-alapitvany\/\" \/>\n<meta property=\"og:locale\" content=\"hu_HU\" \/>\n<meta property=\"og:type\" content=\"article\" \/>\n<meta property=\"og:title\" content=\"Mad\u00e1rk\u00f3rh\u00e1z Alap\u00edtv\u00e1ny - \u00c1ll\u00e1sb\u00f6rze\" \/>\n<meta property=\"og:description\" content=\"&nbsp; Madarakat gy\u00f3gy\u00edtunk, hogy visszaadjuk a term\u00e9szetnek azt, ami a term\u00e9szet\u00e9. Ebb\u0151l a c\u00e9lb\u00f3l hoztuk l\u00e9tre az orsz\u00e1g els\u0151 \u00e9s legnagyobb mad\u00e1rk\u00f3rh\u00e1z\u00e1t a Hortob\u00e1gyon, ahol \u00e9vente 2500 vadmadarak fogadunk, melyek els\u0151sorban az emberi tev\u00e9kenys\u00e9g k\u00f6vetkezt\u00e9ben s\u00e9r\u00fclnek &#8211; f\u0151k\u00e9nt \u00e1ram\u00fct\u00e9s, m\u00e9rgez\u00e9s \u00e9s baleseti s\u00e9r\u00fcl\u00e9sek miatt. S\u00fcrg\u0151ss\u00e9gi, \u00e9s intenz\u00edv ell\u00e1t\u00e1s mellett legink\u00e1bb csontseb\u00e9szeti m\u0171t\u00e9tek, ezek ut\u00f3kezel\u00e9se \u00e9s\" \/>\n<meta property=\"og:url\" content=\"https:\/\/univet.hu\/allasborze\/allasborze-2020\/kiallitok\/madarkorhaz-alapitvany\/\" \/>\n<meta property=\"og:site_name\" content=\"\u00c1ll\u00e1sb\u00f6rze\" \/>\n<meta property=\"article:modified_time\" content=\"2025-01-10T12:55:15+00:00\" \/>\n<meta name=\"twitter:card\" content=\"summary_large_image\" \/>\n<meta name=\"twitter:label1\" content=\"Becs\u00fclt olvas\u00e1si id\u0151\" \/>\n\t<meta name=\"twitter:data1\" content=\"1 perc\" \/>\n<script type=\"application\/ld+json\" class=\"yoast-schema-graph\">{\"@context\":\"https:\/\/schema.org\",\"@graph\":[{\"@type\":\"WebPage\",\"@id\":\"https:\/\/univet.hu\/allasborze\/allasborze-2020\/kiallitok\/madarkorhaz-alapitvany\/\",\"url\":\"https:\/\/univet.hu\/allasborze\/allasborze-2020\/kiallitok\/madarkorhaz-alapitvany\/\",\"name\":\"Mad\u00e1rk\u00f3rh\u00e1z Alap\u00edtv\u00e1ny - \u00c1ll\u00e1sb\u00f6rze\",\"isPartOf\":{\"@id\":\"https:\/\/univet.hu\/allasborze\/#website\"},\"datePublished\":\"2020-01-27T08:18:26+00:00\",\"dateModified\":\"2025-01-10T12:55:15+00:00\",\"breadcrumb\":{\"@id\":\"https:\/\/univet.hu\/allasborze\/allasborze-2020\/kiallitok\/madarkorhaz-alapitvany\/#breadcrumb\"},\"inLanguage\":\"hu\",\"potentialAction\":[{\"@type\":\"ReadAction\",\"target\":[\"https:\/\/univet.hu\/allasborze\/allasborze-2020\/kiallitok\/madarkorhaz-alapitvany\/\"]}]},{\"@type\":\"BreadcrumbList\",\"@id\":\"https:\/\/univet.hu\/allasborze\/allasborze-2020\/kiallitok\/madarkorhaz-alapitvany\/#breadcrumb\",\"itemListElement\":[{\"@type\":\"ListItem\",\"position\":1,\"name\":\"Kezd\u0151lap\",\"item\":\"https:\/\/univet.hu\/allasborze\/\"},{\"@type\":\"ListItem\",\"position\":2,\"name\":\"\u00c1ll\u00e1sb\u00f6rze 2020\",\"item\":\"https:\/\/univet.hu\/allasborze\/allasborze-2020\/\"},{\"@type\":\"ListItem\",\"position\":3,\"name\":\"Ki\u00e1ll\u00edt\u00f3k\",\"item\":\"https:\/\/univet.hu\/allasborze\/allasborze-2020\/kiallitok\/\"},{\"@type\":\"ListItem\",\"position\":4,\"name\":\"Mad\u00e1rk\u00f3rh\u00e1z Alap\u00edtv\u00e1ny\"}]},{\"@type\":\"WebSite\",\"@id\":\"https:\/\/univet.hu\/allasborze\/#website\",\"url\":\"https:\/\/univet.hu\/allasborze\/\",\"name\":\"\u00c1ll\u00e1sb\u00f6rze\",\"description\":\"\",\"potentialAction\":[{\"@type\":\"SearchAction\",\"target\":{\"@type\":\"EntryPoint\",\"urlTemplate\":\"https:\/\/univet.hu\/allasborze\/?s={search_term_string}\"},\"query-input\":{\"@type\":\"PropertyValueSpecification\",\"valueRequired\":true,\"valueName\":\"search_term_string\"}}],\"inLanguage\":\"hu\"}]}<\/script>\n<!-- \/ Yoast SEO plugin. -->","yoast_head_json":{"title":"Mad\u00e1rk\u00f3rh\u00e1z Alap\u00edtv\u00e1ny - \u00c1ll\u00e1sb\u00f6rze","robots":{"index":"index","follow":"follow","max-snippet":"max-snippet:-1","max-image-preview":"max-image-preview:large","max-video-preview":"max-video-preview:-1"},"canonical":"https:\/\/univet.hu\/allasborze\/allasborze-2020\/kiallitok\/madarkorhaz-alapitvany\/","og_locale":"hu_HU","og_type":"article","og_title":"Mad\u00e1rk\u00f3rh\u00e1z Alap\u00edtv\u00e1ny - \u00c1ll\u00e1sb\u00f6rze","og_description":"&nbsp; Madarakat gy\u00f3gy\u00edtunk, hogy visszaadjuk a term\u00e9szetnek azt, ami a term\u00e9szet\u00e9. Ebb\u0151l a c\u00e9lb\u00f3l hoztuk l\u00e9tre az orsz\u00e1g els\u0151 \u00e9s legnagyobb mad\u00e1rk\u00f3rh\u00e1z\u00e1t a Hortob\u00e1gyon, ahol \u00e9vente 2500 vadmadarak fogadunk, melyek els\u0151sorban az emberi tev\u00e9kenys\u00e9g k\u00f6vetkezt\u00e9ben s\u00e9r\u00fclnek &#8211; f\u0151k\u00e9nt \u00e1ram\u00fct\u00e9s, m\u00e9rgez\u00e9s \u00e9s baleseti s\u00e9r\u00fcl\u00e9sek miatt. S\u00fcrg\u0151ss\u00e9gi, \u00e9s intenz\u00edv ell\u00e1t\u00e1s mellett legink\u00e1bb csontseb\u00e9szeti m\u0171t\u00e9tek, ezek ut\u00f3kezel\u00e9se \u00e9s","og_url":"https:\/\/univet.hu\/allasborze\/allasborze-2020\/kiallitok\/madarkorhaz-alapitvany\/","og_site_name":"\u00c1ll\u00e1sb\u00f6rze","article_modified_time":"2025-01-10T12:55:15+00:00","twitter_card":"summary_large_image","twitter_misc":{"Becs\u00fclt olvas\u00e1si id\u0151":"1 perc"},"schema":{"@context":"https:\/\/schema.org","@graph":[{"@type":"WebPage","@id":"https:\/\/univet.hu\/allasborze\/allasborze-2020\/kiallitok\/madarkorhaz-alapitvany\/","url":"https:\/\/univet.hu\/allasborze\/allasborze-2020\/kiallitok\/madarkorhaz-alapitvany\/","name":"Mad\u00e1rk\u00f3rh\u00e1z Alap\u00edtv\u00e1ny - \u00c1ll\u00e1sb\u00f6rze","isPartOf":{"@id":"https:\/\/univet.hu\/allasborze\/#website"},"datePublished":"2020-01-27T08:18:26+00:00","dateModified":"2025-01-10T12:55:15+00:00","breadcrumb":{"@id":"https:\/\/univet.hu\/allasborze\/allasborze-2020\/kiallitok\/madarkorhaz-alapitvany\/#breadcrumb"},"inLanguage":"hu","potentialAction":[{"@type":"ReadAction","target":["https:\/\/univet.hu\/allasborze\/allasborze-2020\/kiallitok\/madarkorhaz-alapitvany\/"]}]},{"@type":"BreadcrumbList","@id":"https:\/\/univet.hu\/allasborze\/allasborze-2020\/kiallitok\/madarkorhaz-alapitvany\/#breadcrumb","itemListElement":[{"@type":"ListItem","position":1,"name":"Kezd\u0151lap","item":"https:\/\/univet.hu\/allasborze\/"},{"@type":"ListItem","position":2,"name":"\u00c1ll\u00e1sb\u00f6rze 2020","item":"https:\/\/univet.hu\/allasborze\/allasborze-2020\/"},{"@type":"ListItem","position":3,"name":"Ki\u00e1ll\u00edt\u00f3k","item":"https:\/\/univet.hu\/allasborze\/allasborze-2020\/kiallitok\/"},{"@type":"ListItem","position":4,"name":"Mad\u00e1rk\u00f3rh\u00e1z Alap\u00edtv\u00e1ny"}]},{"@type":"WebSite","@id":"https:\/\/univet.hu\/allasborze\/#website","url":"https:\/\/univet.hu\/allasborze\/","name":"\u00c1ll\u00e1sb\u00f6rze","description":"","potentialAction":[{"@type":"SearchAction","target":{"@type":"EntryPoint","urlTemplate":"https:\/\/univet.hu\/allasborze\/?s={search_term_string}"},"query-input":{"@type":"PropertyValueSpecification","valueRequired":true,"valueName":"search_term_string"}}],"inLanguage":"hu"}]}},"_links":{"self":[{"href":"https:\/\/univet.hu\/allasborze\/wp-json\/wp\/v2\/pages\/48897","targetHints":{"allow":["GET"]}}],"collection":[{"href":"https:\/\/univet.hu\/allasborze\/wp-json\/wp\/v2\/pages"}],"about":[{"href":"https:\/\/univet.hu\/allasborze\/wp-json\/wp\/v2\/types\/page"}],"author":[{"embeddable":true,"href":"https:\/\/univet.hu\/allasborze\/wp-json\/wp\/v2\/users\/2518"}],"replies":[{"embeddable":true,"href":"https:\/\/univet.hu\/allasborze\/wp-json\/wp\/v2\/comments?post=48897"}],"version-history":[{"count":1,"href":"https:\/\/univet.hu\/allasborze\/wp-json\/wp\/v2\/pages\/48897\/revisions"}],"predecessor-version":[{"id":172774,"href":"https:\/\/univet.hu\/allasborze\/wp-json\/wp\/v2\/pages\/48897\/revisions\/172774"}],"up":[{"embeddable":true,"href":"https:\/\/univet.hu\/allasborze\/wp-json\/wp\/v2\/pages\/46253"}],"wp:attachment":[{"href":"https:\/\/univet.hu\/allasborze\/wp-json\/wp\/v2\/media?parent=48897"}],"wp:term":[{"taxonomy":"category","embeddable":true,"href":"https:\/\/univet.hu\/allasborze\/wp-json\/wp\/v2\/categories?post=48897"},{"taxonomy":"post_tag","embeddable":true,"href":"https:\/\/univet.hu\/allasborze\/wp-json\/wp\/v2\/tags?post=48897"}],"curies":[{"name":"wp","href":"https:\/\/api.w.org\/{rel}","templated":true}]}}