{"id":50079,"date":"2020-02-11T12:52:54","date_gmt":"2020-02-11T11:52:54","guid":{"rendered":"https:\/\/univet.hu\/?page_id=50079"},"modified":"2025-01-10T13:55:16","modified_gmt":"2025-01-10T12:55:16","slug":"praxislab-kft","status":"publish","type":"page","link":"https:\/\/univet.hu\/allasborze\/allasborze-2020\/kiallitok\/praxislab-kft\/","title":{"rendered":"PraxisLab Kft."},"content":{"rendered":"<p>2008-\u00f3ta vagyunk jelen az \u00e1llatorvosi klinikai laborat\u00f3riumi diagnosztikai piacon. A c\u00e9g vezet\u0151je Dr. Balogh N\u00e1ndor Ph.D. Dipl. ECVCP. A ter\u00fclet saj\u00e1toss\u00e1ga a folyamatos gyors fejl\u0151d\u00e9s. C\u00e9g\u00fcnk sikerrel k\u00f6veti ezeket a v\u00e1ltoz\u00e1sokat, sz\u00e1mos vizsg\u00e1latot els\u0151k\u00e9nt tett\u00fcnk el\u00e9rhet\u0151v\u00e9 Magyarorsz\u00e1gon. Ezek k\u00f6z\u00fcl kiemelkedik az ADVIA 120 hematol\u00f3giai rendszer eredm\u00e9nyeinek k\u00e9pi megjelen\u00edt\u00e9se, kuty\u00e1k C-reakt\u00edv protein, microalbumin, macsk\u00e1k \u00e9s lovak sz\u00e9rum amyloid A vizsg\u00e1lata, tov\u00e1bb\u00e1 a lovak piroplazmosis\u00e1nak PCR vizsg\u00e1lata, kuty\u00e1k teljesk\u00f6r\u0171 Dirofilaria diagnosztik\u00e1ja (bele\u00e9rtve saj\u00e1t fejleszt\u00e9s\u0171 RT-PCR vizsg\u00e1latot).<\/p> <p>V\u00e1llalunk csal\u00e1di c\u00e9gb\u0151l az \u00e9vek sor\u00e1n 20 f\u0151t foglalkoztat\u00f3 kisv\u00e1llalkoz\u00e1ss\u00e1 b\u0151v\u00fclt. Tov\u00e1bbi sikereinket tov\u00e1bbra is a j\u00f3l k\u00e9pzett \u00e9s elk\u00f6telezett \u00e1llatorvosi szakmai munka \u00e1ltal k\u00edv\u00e1njuk biztos\u00edtani.<\/p> <p>Ez a munka sokszor pr\u00f3b\u00e1ra tesz minket, mert a legnehezebbek egyike, az\u00e1ltal, hogy pontos munkav\u00e9gz\u00e9st k\u00edv\u00e1n t\u0151l\u00fcnk, \u00e9s ez gyakran nemcsak r\u00f6vid hat\u00e1rid\u0151vel p\u00e1rosul, de komoly monot\u00f3niat\u0171r\u00e9st is ig\u00e9nyel. A munkat\u00e1rsainknak nagy fok\u00fa elk\u00f6telezetts\u00e9gre van sz\u00fcks\u00e9g\u00fck, hogy \u00fagy tudj\u00e1k szem el\u0151tt tartani tev\u00e9kenys\u00e9g\u00fcnk v\u00e9gs\u0151 c\u00e9lj\u00e1t, az \u00e1llatok eg\u00e9szs\u00e9g\u00e9nek meg\u0151rz\u00e9s\u00e9t, a betegs\u00e9gek meghat\u00e1roz\u00e1s\u00e1t, hogy magukkal az \u00e1llatokkal nem tal\u00e1lkoznak. Ehhez keres\u00fcnk a belgy\u00f3gy\u00e1szat \u00e9s\/vagy a laborat\u00f3riumi diagnosztika ter\u00fclet\u00e9n tapasztalattal \u00e9s amb\u00edci\u00f3val b\u00edr\u00f3 koll\u00e9g\u00e1kat.<\/p> <p>Laborat\u00f3riumunk f\u0151 \u00e9rt\u00e9ke a magas szint\u0171 szakmais\u00e1g mellett a nyitott gondolkod\u00e1s\u00fa, megold\u00e1sk\u00f6zpont\u00fa c\u00e9gvezet\u00e9s, a kellemes munkak\u00f6rnyezet \u00e9s a kedves, seg\u00edt\u0151k\u00e9sz koll\u00e9g\u00e1k vid\u00e1m t\u00e1rsas\u00e1ga.<\/p> <p><a href=\"http:\/\/www.praxislab.hu\/\" target=\"_blank\" rel=\"noopener\"><img loading=\"lazy\" decoding=\"async\" class=\"size-medium wp-image-50080 aligncenter\" src=\"https:\/\/univet.hu\/allasborze\/wp-content\/uploads\/sites\/2\/2020\/02\/Praxis_logo_CMYK-262x320.jpg\" alt=\"\" width=\"262\" height=\"320\" srcset=\"https:\/\/univet.hu\/allasborze\/wp-content\/uploads\/sites\/2\/2020\/02\/Praxis_logo_CMYK-262x320.jpg 262w, https:\/\/univet.hu\/allasborze\/wp-content\/uploads\/sites\/2\/2020\/02\/Praxis_logo_CMYK-246x300.jpg 246w, https:\/\/univet.hu\/allasborze\/wp-content\/uploads\/sites\/2\/2020\/02\/Praxis_logo_CMYK.jpg 591w\" sizes=\"auto, (max-width: 262px) 100vw, 262px\" \/><\/a><\/p> <p>&nbsp;<\/p> <p>&nbsp;<\/p>","protected":false},"excerpt":{"rendered":"<p>2008-\u00f3ta vagyunk jelen az \u00e1llatorvosi klinikai laborat\u00f3riumi diagnosztikai piacon. A c\u00e9g vezet\u0151je Dr. Balogh N\u00e1ndor Ph.D. Dipl. ECVCP. A ter\u00fclet saj\u00e1toss\u00e1ga a folyamatos gyors fejl\u0151d\u00e9s. C\u00e9g\u00fcnk sikerrel k\u00f6veti ezeket a v\u00e1ltoz\u00e1sokat, sz\u00e1mos vizsg\u00e1latot els\u0151k\u00e9nt tett\u00fcnk el\u00e9rhet\u0151v\u00e9 Magyarorsz\u00e1gon. Ezek k\u00f6z\u00fcl kiemelkedik az ADVIA 120 hematol\u00f3giai rendszer eredm\u00e9nyeinek k\u00e9pi megjelen\u00edt\u00e9se, kuty\u00e1k C-reakt\u00edv protein, microalbumin, macsk\u00e1k \u00e9s lovak<\/p>\n","protected":false},"author":2518,"featured_media":0,"parent":46253,"menu_order":0,"comment_status":"closed","ping_status":"closed","template":"","meta":{"_acf_changed":false,"footnotes":""},"categories":[],"tags":[],"class_list":["post-50079","page","type-page","status-publish","hentry"],"acf":[],"yoast_head":"<!-- This site is optimized with the Yoast SEO plugin v27.2 - https:\/\/yoast.com\/product\/yoast-seo-wordpress\/ -->\n<title>PraxisLab Kft. - \u00c1ll\u00e1sb\u00f6rze<\/title>\n<meta name=\"robots\" content=\"index, follow, max-snippet:-1, max-image-preview:large, max-video-preview:-1\" \/>\n<link rel=\"canonical\" href=\"https:\/\/univet.hu\/allasborze\/allasborze-2020\/kiallitok\/praxislab-kft\/\" \/>\n<meta property=\"og:locale\" content=\"hu_HU\" \/>\n<meta property=\"og:type\" content=\"article\" \/>\n<meta property=\"og:title\" content=\"PraxisLab Kft. - \u00c1ll\u00e1sb\u00f6rze\" \/>\n<meta property=\"og:description\" content=\"2008-\u00f3ta vagyunk jelen az \u00e1llatorvosi klinikai laborat\u00f3riumi diagnosztikai piacon. A c\u00e9g vezet\u0151je Dr. Balogh N\u00e1ndor Ph.D. Dipl. ECVCP. A ter\u00fclet saj\u00e1toss\u00e1ga a folyamatos gyors fejl\u0151d\u00e9s. C\u00e9g\u00fcnk sikerrel k\u00f6veti ezeket a v\u00e1ltoz\u00e1sokat, sz\u00e1mos vizsg\u00e1latot els\u0151k\u00e9nt tett\u00fcnk el\u00e9rhet\u0151v\u00e9 Magyarorsz\u00e1gon. Ezek k\u00f6z\u00fcl kiemelkedik az ADVIA 120 hematol\u00f3giai rendszer eredm\u00e9nyeinek k\u00e9pi megjelen\u00edt\u00e9se, kuty\u00e1k C-reakt\u00edv protein, microalbumin, macsk\u00e1k \u00e9s lovak\" \/>\n<meta property=\"og:url\" content=\"https:\/\/univet.hu\/allasborze\/allasborze-2020\/kiallitok\/praxislab-kft\/\" \/>\n<meta property=\"og:site_name\" content=\"\u00c1ll\u00e1sb\u00f6rze\" \/>\n<meta property=\"article:modified_time\" content=\"2025-01-10T12:55:16+00:00\" \/>\n<meta property=\"og:image\" content=\"https:\/\/univet.hu\/allasborze\/wp-content\/uploads\/sites\/2\/2020\/02\/Praxis_logo_CMYK-262x320.jpg\" \/>\n<meta name=\"twitter:card\" content=\"summary_large_image\" \/>\n<meta name=\"twitter:label1\" content=\"Becs\u00fclt olvas\u00e1si id\u0151\" \/>\n\t<meta name=\"twitter:data1\" content=\"2 perc\" \/>\n<script type=\"application\/ld+json\" class=\"yoast-schema-graph\">{\"@context\":\"https:\/\/schema.org\",\"@graph\":[{\"@type\":\"WebPage\",\"@id\":\"https:\/\/univet.hu\/allasborze\/allasborze-2020\/kiallitok\/praxislab-kft\/\",\"url\":\"https:\/\/univet.hu\/allasborze\/allasborze-2020\/kiallitok\/praxislab-kft\/\",\"name\":\"PraxisLab Kft. - \u00c1ll\u00e1sb\u00f6rze\",\"isPartOf\":{\"@id\":\"https:\/\/univet.hu\/allasborze\/#website\"},\"primaryImageOfPage\":{\"@id\":\"https:\/\/univet.hu\/allasborze\/allasborze-2020\/kiallitok\/praxislab-kft\/#primaryimage\"},\"image\":{\"@id\":\"https:\/\/univet.hu\/allasborze\/allasborze-2020\/kiallitok\/praxislab-kft\/#primaryimage\"},\"thumbnailUrl\":\"https:\/\/univet.hu\/allasborze\/wp-content\/uploads\/sites\/2\/2020\/02\/Praxis_logo_CMYK-262x320.jpg\",\"datePublished\":\"2020-02-11T11:52:54+00:00\",\"dateModified\":\"2025-01-10T12:55:16+00:00\",\"breadcrumb\":{\"@id\":\"https:\/\/univet.hu\/allasborze\/allasborze-2020\/kiallitok\/praxislab-kft\/#breadcrumb\"},\"inLanguage\":\"hu\",\"potentialAction\":[{\"@type\":\"ReadAction\",\"target\":[\"https:\/\/univet.hu\/allasborze\/allasborze-2020\/kiallitok\/praxislab-kft\/\"]}]},{\"@type\":\"ImageObject\",\"inLanguage\":\"hu\",\"@id\":\"https:\/\/univet.hu\/allasborze\/allasborze-2020\/kiallitok\/praxislab-kft\/#primaryimage\",\"url\":\"https:\/\/univet.hu\/allasborze\/wp-content\/uploads\/sites\/2\/2020\/02\/Praxis_logo_CMYK.jpg\",\"contentUrl\":\"https:\/\/univet.hu\/allasborze\/wp-content\/uploads\/sites\/2\/2020\/02\/Praxis_logo_CMYK.jpg\",\"width\":591,\"height\":721},{\"@type\":\"BreadcrumbList\",\"@id\":\"https:\/\/univet.hu\/allasborze\/allasborze-2020\/kiallitok\/praxislab-kft\/#breadcrumb\",\"itemListElement\":[{\"@type\":\"ListItem\",\"position\":1,\"name\":\"Kezd\u0151lap\",\"item\":\"https:\/\/univet.hu\/allasborze\/\"},{\"@type\":\"ListItem\",\"position\":2,\"name\":\"\u00c1ll\u00e1sb\u00f6rze 2020\",\"item\":\"https:\/\/univet.hu\/allasborze\/allasborze-2020\/\"},{\"@type\":\"ListItem\",\"position\":3,\"name\":\"Ki\u00e1ll\u00edt\u00f3k\",\"item\":\"https:\/\/univet.hu\/allasborze\/allasborze-2020\/kiallitok\/\"},{\"@type\":\"ListItem\",\"position\":4,\"name\":\"PraxisLab Kft.\"}]},{\"@type\":\"WebSite\",\"@id\":\"https:\/\/univet.hu\/allasborze\/#website\",\"url\":\"https:\/\/univet.hu\/allasborze\/\",\"name\":\"\u00c1ll\u00e1sb\u00f6rze\",\"description\":\"\",\"potentialAction\":[{\"@type\":\"SearchAction\",\"target\":{\"@type\":\"EntryPoint\",\"urlTemplate\":\"https:\/\/univet.hu\/allasborze\/?s={search_term_string}\"},\"query-input\":{\"@type\":\"PropertyValueSpecification\",\"valueRequired\":true,\"valueName\":\"search_term_string\"}}],\"inLanguage\":\"hu\"}]}<\/script>\n<!-- \/ Yoast SEO plugin. -->","yoast_head_json":{"title":"PraxisLab Kft. - \u00c1ll\u00e1sb\u00f6rze","robots":{"index":"index","follow":"follow","max-snippet":"max-snippet:-1","max-image-preview":"max-image-preview:large","max-video-preview":"max-video-preview:-1"},"canonical":"https:\/\/univet.hu\/allasborze\/allasborze-2020\/kiallitok\/praxislab-kft\/","og_locale":"hu_HU","og_type":"article","og_title":"PraxisLab Kft. - \u00c1ll\u00e1sb\u00f6rze","og_description":"2008-\u00f3ta vagyunk jelen az \u00e1llatorvosi klinikai laborat\u00f3riumi diagnosztikai piacon. A c\u00e9g vezet\u0151je Dr. Balogh N\u00e1ndor Ph.D. Dipl. ECVCP. A ter\u00fclet saj\u00e1toss\u00e1ga a folyamatos gyors fejl\u0151d\u00e9s. C\u00e9g\u00fcnk sikerrel k\u00f6veti ezeket a v\u00e1ltoz\u00e1sokat, sz\u00e1mos vizsg\u00e1latot els\u0151k\u00e9nt tett\u00fcnk el\u00e9rhet\u0151v\u00e9 Magyarorsz\u00e1gon. Ezek k\u00f6z\u00fcl kiemelkedik az ADVIA 120 hematol\u00f3giai rendszer eredm\u00e9nyeinek k\u00e9pi megjelen\u00edt\u00e9se, kuty\u00e1k C-reakt\u00edv protein, microalbumin, macsk\u00e1k \u00e9s lovak","og_url":"https:\/\/univet.hu\/allasborze\/allasborze-2020\/kiallitok\/praxislab-kft\/","og_site_name":"\u00c1ll\u00e1sb\u00f6rze","article_modified_time":"2025-01-10T12:55:16+00:00","og_image":[{"url":"https:\/\/univet.hu\/allasborze\/wp-content\/uploads\/sites\/2\/2020\/02\/Praxis_logo_CMYK-262x320.jpg","type":"","width":"","height":""}],"twitter_card":"summary_large_image","twitter_misc":{"Becs\u00fclt olvas\u00e1si id\u0151":"2 perc"},"schema":{"@context":"https:\/\/schema.org","@graph":[{"@type":"WebPage","@id":"https:\/\/univet.hu\/allasborze\/allasborze-2020\/kiallitok\/praxislab-kft\/","url":"https:\/\/univet.hu\/allasborze\/allasborze-2020\/kiallitok\/praxislab-kft\/","name":"PraxisLab Kft. - \u00c1ll\u00e1sb\u00f6rze","isPartOf":{"@id":"https:\/\/univet.hu\/allasborze\/#website"},"primaryImageOfPage":{"@id":"https:\/\/univet.hu\/allasborze\/allasborze-2020\/kiallitok\/praxislab-kft\/#primaryimage"},"image":{"@id":"https:\/\/univet.hu\/allasborze\/allasborze-2020\/kiallitok\/praxislab-kft\/#primaryimage"},"thumbnailUrl":"https:\/\/univet.hu\/allasborze\/wp-content\/uploads\/sites\/2\/2020\/02\/Praxis_logo_CMYK-262x320.jpg","datePublished":"2020-02-11T11:52:54+00:00","dateModified":"2025-01-10T12:55:16+00:00","breadcrumb":{"@id":"https:\/\/univet.hu\/allasborze\/allasborze-2020\/kiallitok\/praxislab-kft\/#breadcrumb"},"inLanguage":"hu","potentialAction":[{"@type":"ReadAction","target":["https:\/\/univet.hu\/allasborze\/allasborze-2020\/kiallitok\/praxislab-kft\/"]}]},{"@type":"ImageObject","inLanguage":"hu","@id":"https:\/\/univet.hu\/allasborze\/allasborze-2020\/kiallitok\/praxislab-kft\/#primaryimage","url":"https:\/\/univet.hu\/allasborze\/wp-content\/uploads\/sites\/2\/2020\/02\/Praxis_logo_CMYK.jpg","contentUrl":"https:\/\/univet.hu\/allasborze\/wp-content\/uploads\/sites\/2\/2020\/02\/Praxis_logo_CMYK.jpg","width":591,"height":721},{"@type":"BreadcrumbList","@id":"https:\/\/univet.hu\/allasborze\/allasborze-2020\/kiallitok\/praxislab-kft\/#breadcrumb","itemListElement":[{"@type":"ListItem","position":1,"name":"Kezd\u0151lap","item":"https:\/\/univet.hu\/allasborze\/"},{"@type":"ListItem","position":2,"name":"\u00c1ll\u00e1sb\u00f6rze 2020","item":"https:\/\/univet.hu\/allasborze\/allasborze-2020\/"},{"@type":"ListItem","position":3,"name":"Ki\u00e1ll\u00edt\u00f3k","item":"https:\/\/univet.hu\/allasborze\/allasborze-2020\/kiallitok\/"},{"@type":"ListItem","position":4,"name":"PraxisLab Kft."}]},{"@type":"WebSite","@id":"https:\/\/univet.hu\/allasborze\/#website","url":"https:\/\/univet.hu\/allasborze\/","name":"\u00c1ll\u00e1sb\u00f6rze","description":"","potentialAction":[{"@type":"SearchAction","target":{"@type":"EntryPoint","urlTemplate":"https:\/\/univet.hu\/allasborze\/?s={search_term_string}"},"query-input":{"@type":"PropertyValueSpecification","valueRequired":true,"valueName":"search_term_string"}}],"inLanguage":"hu"}]}},"_links":{"self":[{"href":"https:\/\/univet.hu\/allasborze\/wp-json\/wp\/v2\/pages\/50079","targetHints":{"allow":["GET"]}}],"collection":[{"href":"https:\/\/univet.hu\/allasborze\/wp-json\/wp\/v2\/pages"}],"about":[{"href":"https:\/\/univet.hu\/allasborze\/wp-json\/wp\/v2\/types\/page"}],"author":[{"embeddable":true,"href":"https:\/\/univet.hu\/allasborze\/wp-json\/wp\/v2\/users\/2518"}],"replies":[{"embeddable":true,"href":"https:\/\/univet.hu\/allasborze\/wp-json\/wp\/v2\/comments?post=50079"}],"version-history":[{"count":1,"href":"https:\/\/univet.hu\/allasborze\/wp-json\/wp\/v2\/pages\/50079\/revisions"}],"predecessor-version":[{"id":172781,"href":"https:\/\/univet.hu\/allasborze\/wp-json\/wp\/v2\/pages\/50079\/revisions\/172781"}],"up":[{"embeddable":true,"href":"https:\/\/univet.hu\/allasborze\/wp-json\/wp\/v2\/pages\/46253"}],"wp:attachment":[{"href":"https:\/\/univet.hu\/allasborze\/wp-json\/wp\/v2\/media?parent=50079"}],"wp:term":[{"taxonomy":"category","embeddable":true,"href":"https:\/\/univet.hu\/allasborze\/wp-json\/wp\/v2\/categories?post=50079"},{"taxonomy":"post_tag","embeddable":true,"href":"https:\/\/univet.hu\/allasborze\/wp-json\/wp\/v2\/tags?post=50079"}],"curies":[{"name":"wp","href":"https:\/\/api.w.org\/{rel}","templated":true}]}}