{"id":50116,"date":"2020-02-11T17:03:55","date_gmt":"2020-02-11T16:03:55","guid":{"rendered":"https:\/\/univet.hu\/?page_id=50116"},"modified":"2025-01-10T13:55:16","modified_gmt":"2025-01-10T12:55:16","slug":"nemes-kisallatrendelo","status":"publish","type":"page","link":"https:\/\/univet.hu\/allasborze\/allasborze-2020\/kiallitok\/nemes-kisallatrendelo\/","title":{"rendered":"Nemes Kis\u00e1llatrendel\u0151"},"content":{"rendered":"<p>&nbsp;<\/p> <p>A Nemes Petvet Kft. <strong><em>Nemes Kis\u00e1llatrendel\u0151<\/em><\/strong> n\u00e9ven nyitott <strong>2012-ben <\/strong>egy innovat\u00edv Kis\u00e1llat rendel\u0151t Keszthely v\u00e1ros\u00e1ban. A rendel\u0151 \u00e1llatorvosa Dr. Nemes Katalin \u2013 Kis\u00e1llatgy\u00f3gy\u00e1sz Szak\u00e1llatorvos.<\/p> <p>A folyamatos fejleszt\u00e9seknek \u00e9s a szakmai hozz\u00e1\u00e1ll\u00e1snak k\u00f6sz\u00f6nhet\u0151en rendel\u0151nk gyorsan kin\u0151tte mag\u00e1t, s mostanra szeretne b\u0151v\u00fclni egy megfelel\u0151 munkat\u00e1rssal is! B\u00f6rz\u00e9n val\u00f3 megjelen\u00e9s\u00fcnk c\u00e9lja, teh\u00e1t az, hogy rendel\u0151nkbe olyan <strong>koll\u00e9g\u00e1t\/koll\u00e9gan\u0151t<\/strong> tal\u00e1ljunk, aki k\u00e9pes <strong>\u00d6n\u00e1ll\u00f3<\/strong> rendel\u00e9ssel seg\u00edteni munk\u00e1nkat, vagy pedig p\u00e1lyakezd\u0151k\u00e9nt alkalmasnak \u00e9rzi mag\u00e1t arra, hogy egy ilyen munkak\u00f6rt bet\u00f6lts\u00f6n \u00e9s folyamatosan fejlessze szakmai tud\u00e1s\u00e1t. Amennyiben siker\u00fcl \u201eegym\u00e1sra tal\u00e1lnunk\u201d biztos\u00edthatunk t\u00e9ged arr\u00f3l is, hogy a b\u00e9rez\u00e9s szorgalomhoz, szakmai hozz\u00e1\u00e9rt\u00e9shez \u00e9s odaad\u00e1shoz m\u00e9rten fog alakulni!<\/p> <p><u>Felt\u00e9teleink:<\/u><\/p> <p>Mivel rendel\u0151nk Keszthelyen van, ez\u00e9rt hossz\u00fa t\u00e1von felt\u00e9tel a helyhez k\u00f6t\u00f6tts\u00e9g, amihez <strong>szolg\u00e1lati lak\u00e1st (telefont) is biztos\u00edtan\u00e1nk!<\/strong> Az \u00e1ll\u00e1s bet\u00f6lt\u00e9s\u00e9hez sz\u00fcks\u00e9ges, minimum alap kommunik\u00e1ci\u00f3s szinten a <strong>N\u00e9met ill. az Angol nyelv<\/strong>! R\u00e1termetts\u00e9g \u00e9s j\u00f3 kommunik\u00e1ci\u00f3s k\u00e9pess\u00e9g nagy el\u0151nynek sz\u00e1m\u00edt.<\/p> <p>Jogos\u00edtv\u00e1ny: \u201eB\u201d kateg\u00f3ri\u00e1s.<\/p> <p>Szakmai \u00f6n\u00e9let rajzokat az <a class=\"decrypt\" rel=\"jogpAofnft\/wfu\" href=\"javascript:void(0);\">[Kattintson az emailc\u00edmhez]<\/a> email c\u00edmre v\u00e1rjuk.<\/p> <p>&nbsp;<\/p> <p><a href=\"https:\/\/nemes.vet\" target=\"_blank\" rel=\"noopener\"><img loading=\"lazy\" decoding=\"async\" class=\"size-medium wp-image-50120 aligncenter\" src=\"https:\/\/univet.hu\/allasborze\/wp-content\/uploads\/sites\/2\/2020\/02\/nemes_logo-320x137.png\" alt=\"\" width=\"320\" height=\"137\" srcset=\"https:\/\/univet.hu\/allasborze\/wp-content\/uploads\/sites\/2\/2020\/02\/nemes_logo-320x137.png 320w, https:\/\/univet.hu\/allasborze\/wp-content\/uploads\/sites\/2\/2020\/02\/nemes_logo-300x128.png 300w, https:\/\/univet.hu\/allasborze\/wp-content\/uploads\/sites\/2\/2020\/02\/nemes_logo.png 468w\" sizes=\"auto, (max-width: 320px) 100vw, 320px\" \/><\/a><\/p>","protected":false},"excerpt":{"rendered":"<p>&nbsp; A Nemes Petvet Kft. Nemes Kis\u00e1llatrendel\u0151 n\u00e9ven nyitott 2012-ben egy innovat\u00edv Kis\u00e1llat rendel\u0151t Keszthely v\u00e1ros\u00e1ban. A rendel\u0151 \u00e1llatorvosa Dr. Nemes Katalin \u2013 Kis\u00e1llatgy\u00f3gy\u00e1sz Szak\u00e1llatorvos. A folyamatos fejleszt\u00e9seknek \u00e9s a szakmai hozz\u00e1\u00e1ll\u00e1snak k\u00f6sz\u00f6nhet\u0151en rendel\u0151nk gyorsan kin\u0151tte mag\u00e1t, s mostanra szeretne b\u0151v\u00fclni egy megfelel\u0151 munkat\u00e1rssal is! B\u00f6rz\u00e9n val\u00f3 megjelen\u00e9s\u00fcnk c\u00e9lja, teh\u00e1t az, hogy rendel\u0151nkbe olyan koll\u00e9g\u00e1t\/koll\u00e9gan\u0151t<\/p>\n","protected":false},"author":2518,"featured_media":0,"parent":46253,"menu_order":0,"comment_status":"closed","ping_status":"closed","template":"","meta":{"_acf_changed":false,"footnotes":""},"categories":[],"tags":[],"class_list":["post-50116","page","type-page","status-publish","hentry"],"acf":[],"yoast_head":"<!-- This site is optimized with the Yoast SEO plugin v27.2 - https:\/\/yoast.com\/product\/yoast-seo-wordpress\/ -->\n<title>Nemes Kis\u00e1llatrendel\u0151 - \u00c1ll\u00e1sb\u00f6rze<\/title>\n<meta name=\"robots\" content=\"index, follow, max-snippet:-1, max-image-preview:large, max-video-preview:-1\" \/>\n<link rel=\"canonical\" href=\"https:\/\/univet.hu\/allasborze\/allasborze-2020\/kiallitok\/nemes-kisallatrendelo\/\" \/>\n<meta property=\"og:locale\" content=\"hu_HU\" \/>\n<meta property=\"og:type\" content=\"article\" \/>\n<meta property=\"og:title\" content=\"Nemes Kis\u00e1llatrendel\u0151 - \u00c1ll\u00e1sb\u00f6rze\" \/>\n<meta property=\"og:description\" content=\"&nbsp; A Nemes Petvet Kft. Nemes Kis\u00e1llatrendel\u0151 n\u00e9ven nyitott 2012-ben egy innovat\u00edv Kis\u00e1llat rendel\u0151t Keszthely v\u00e1ros\u00e1ban. A rendel\u0151 \u00e1llatorvosa Dr. Nemes Katalin \u2013 Kis\u00e1llatgy\u00f3gy\u00e1sz Szak\u00e1llatorvos. A folyamatos fejleszt\u00e9seknek \u00e9s a szakmai hozz\u00e1\u00e1ll\u00e1snak k\u00f6sz\u00f6nhet\u0151en rendel\u0151nk gyorsan kin\u0151tte mag\u00e1t, s mostanra szeretne b\u0151v\u00fclni egy megfelel\u0151 munkat\u00e1rssal is! B\u00f6rz\u00e9n val\u00f3 megjelen\u00e9s\u00fcnk c\u00e9lja, teh\u00e1t az, hogy rendel\u0151nkbe olyan koll\u00e9g\u00e1t\/koll\u00e9gan\u0151t\" \/>\n<meta property=\"og:url\" content=\"https:\/\/univet.hu\/allasborze\/allasborze-2020\/kiallitok\/nemes-kisallatrendelo\/\" \/>\n<meta property=\"og:site_name\" content=\"\u00c1ll\u00e1sb\u00f6rze\" \/>\n<meta property=\"article:modified_time\" content=\"2025-01-10T12:55:16+00:00\" \/>\n<meta property=\"og:image\" content=\"https:\/\/univet.hu\/allasborze\/wp-content\/uploads\/sites\/2\/2020\/02\/nemes_logo-320x137.png\" \/>\n<meta name=\"twitter:card\" content=\"summary_large_image\" \/>\n<meta name=\"twitter:label1\" content=\"Becs\u00fclt olvas\u00e1si id\u0151\" \/>\n\t<meta name=\"twitter:data1\" content=\"1 perc\" \/>\n<script type=\"application\/ld+json\" class=\"yoast-schema-graph\">{\"@context\":\"https:\/\/schema.org\",\"@graph\":[{\"@type\":\"WebPage\",\"@id\":\"https:\/\/univet.hu\/allasborze\/allasborze-2020\/kiallitok\/nemes-kisallatrendelo\/\",\"url\":\"https:\/\/univet.hu\/allasborze\/allasborze-2020\/kiallitok\/nemes-kisallatrendelo\/\",\"name\":\"Nemes Kis\u00e1llatrendel\u0151 - \u00c1ll\u00e1sb\u00f6rze\",\"isPartOf\":{\"@id\":\"https:\/\/univet.hu\/allasborze\/#website\"},\"primaryImageOfPage\":{\"@id\":\"https:\/\/univet.hu\/allasborze\/allasborze-2020\/kiallitok\/nemes-kisallatrendelo\/#primaryimage\"},\"image\":{\"@id\":\"https:\/\/univet.hu\/allasborze\/allasborze-2020\/kiallitok\/nemes-kisallatrendelo\/#primaryimage\"},\"thumbnailUrl\":\"https:\/\/univet.hu\/allasborze\/wp-content\/uploads\/sites\/2\/2020\/02\/nemes_logo-320x137.png\",\"datePublished\":\"2020-02-11T16:03:55+00:00\",\"dateModified\":\"2025-01-10T12:55:16+00:00\",\"breadcrumb\":{\"@id\":\"https:\/\/univet.hu\/allasborze\/allasborze-2020\/kiallitok\/nemes-kisallatrendelo\/#breadcrumb\"},\"inLanguage\":\"hu\",\"potentialAction\":[{\"@type\":\"ReadAction\",\"target\":[\"https:\/\/univet.hu\/allasborze\/allasborze-2020\/kiallitok\/nemes-kisallatrendelo\/\"]}]},{\"@type\":\"ImageObject\",\"inLanguage\":\"hu\",\"@id\":\"https:\/\/univet.hu\/allasborze\/allasborze-2020\/kiallitok\/nemes-kisallatrendelo\/#primaryimage\",\"url\":\"https:\/\/univet.hu\/allasborze\/wp-content\/uploads\/sites\/2\/2020\/02\/nemes_logo.png\",\"contentUrl\":\"https:\/\/univet.hu\/allasborze\/wp-content\/uploads\/sites\/2\/2020\/02\/nemes_logo.png\",\"width\":468,\"height\":200},{\"@type\":\"BreadcrumbList\",\"@id\":\"https:\/\/univet.hu\/allasborze\/allasborze-2020\/kiallitok\/nemes-kisallatrendelo\/#breadcrumb\",\"itemListElement\":[{\"@type\":\"ListItem\",\"position\":1,\"name\":\"Kezd\u0151lap\",\"item\":\"https:\/\/univet.hu\/allasborze\/\"},{\"@type\":\"ListItem\",\"position\":2,\"name\":\"\u00c1ll\u00e1sb\u00f6rze 2020\",\"item\":\"https:\/\/univet.hu\/allasborze\/allasborze-2020\/\"},{\"@type\":\"ListItem\",\"position\":3,\"name\":\"Ki\u00e1ll\u00edt\u00f3k\",\"item\":\"https:\/\/univet.hu\/allasborze\/allasborze-2020\/kiallitok\/\"},{\"@type\":\"ListItem\",\"position\":4,\"name\":\"Nemes Kis\u00e1llatrendel\u0151\"}]},{\"@type\":\"WebSite\",\"@id\":\"https:\/\/univet.hu\/allasborze\/#website\",\"url\":\"https:\/\/univet.hu\/allasborze\/\",\"name\":\"\u00c1ll\u00e1sb\u00f6rze\",\"description\":\"\",\"potentialAction\":[{\"@type\":\"SearchAction\",\"target\":{\"@type\":\"EntryPoint\",\"urlTemplate\":\"https:\/\/univet.hu\/allasborze\/?s={search_term_string}\"},\"query-input\":{\"@type\":\"PropertyValueSpecification\",\"valueRequired\":true,\"valueName\":\"search_term_string\"}}],\"inLanguage\":\"hu\"}]}<\/script>\n<!-- \/ Yoast SEO plugin. -->","yoast_head_json":{"title":"Nemes Kis\u00e1llatrendel\u0151 - \u00c1ll\u00e1sb\u00f6rze","robots":{"index":"index","follow":"follow","max-snippet":"max-snippet:-1","max-image-preview":"max-image-preview:large","max-video-preview":"max-video-preview:-1"},"canonical":"https:\/\/univet.hu\/allasborze\/allasborze-2020\/kiallitok\/nemes-kisallatrendelo\/","og_locale":"hu_HU","og_type":"article","og_title":"Nemes Kis\u00e1llatrendel\u0151 - \u00c1ll\u00e1sb\u00f6rze","og_description":"&nbsp; A Nemes Petvet Kft. Nemes Kis\u00e1llatrendel\u0151 n\u00e9ven nyitott 2012-ben egy innovat\u00edv Kis\u00e1llat rendel\u0151t Keszthely v\u00e1ros\u00e1ban. A rendel\u0151 \u00e1llatorvosa Dr. Nemes Katalin \u2013 Kis\u00e1llatgy\u00f3gy\u00e1sz Szak\u00e1llatorvos. A folyamatos fejleszt\u00e9seknek \u00e9s a szakmai hozz\u00e1\u00e1ll\u00e1snak k\u00f6sz\u00f6nhet\u0151en rendel\u0151nk gyorsan kin\u0151tte mag\u00e1t, s mostanra szeretne b\u0151v\u00fclni egy megfelel\u0151 munkat\u00e1rssal is! B\u00f6rz\u00e9n val\u00f3 megjelen\u00e9s\u00fcnk c\u00e9lja, teh\u00e1t az, hogy rendel\u0151nkbe olyan koll\u00e9g\u00e1t\/koll\u00e9gan\u0151t","og_url":"https:\/\/univet.hu\/allasborze\/allasborze-2020\/kiallitok\/nemes-kisallatrendelo\/","og_site_name":"\u00c1ll\u00e1sb\u00f6rze","article_modified_time":"2025-01-10T12:55:16+00:00","og_image":[{"url":"https:\/\/univet.hu\/allasborze\/wp-content\/uploads\/sites\/2\/2020\/02\/nemes_logo-320x137.png","type":"","width":"","height":""}],"twitter_card":"summary_large_image","twitter_misc":{"Becs\u00fclt olvas\u00e1si id\u0151":"1 perc"},"schema":{"@context":"https:\/\/schema.org","@graph":[{"@type":"WebPage","@id":"https:\/\/univet.hu\/allasborze\/allasborze-2020\/kiallitok\/nemes-kisallatrendelo\/","url":"https:\/\/univet.hu\/allasborze\/allasborze-2020\/kiallitok\/nemes-kisallatrendelo\/","name":"Nemes Kis\u00e1llatrendel\u0151 - \u00c1ll\u00e1sb\u00f6rze","isPartOf":{"@id":"https:\/\/univet.hu\/allasborze\/#website"},"primaryImageOfPage":{"@id":"https:\/\/univet.hu\/allasborze\/allasborze-2020\/kiallitok\/nemes-kisallatrendelo\/#primaryimage"},"image":{"@id":"https:\/\/univet.hu\/allasborze\/allasborze-2020\/kiallitok\/nemes-kisallatrendelo\/#primaryimage"},"thumbnailUrl":"https:\/\/univet.hu\/allasborze\/wp-content\/uploads\/sites\/2\/2020\/02\/nemes_logo-320x137.png","datePublished":"2020-02-11T16:03:55+00:00","dateModified":"2025-01-10T12:55:16+00:00","breadcrumb":{"@id":"https:\/\/univet.hu\/allasborze\/allasborze-2020\/kiallitok\/nemes-kisallatrendelo\/#breadcrumb"},"inLanguage":"hu","potentialAction":[{"@type":"ReadAction","target":["https:\/\/univet.hu\/allasborze\/allasborze-2020\/kiallitok\/nemes-kisallatrendelo\/"]}]},{"@type":"ImageObject","inLanguage":"hu","@id":"https:\/\/univet.hu\/allasborze\/allasborze-2020\/kiallitok\/nemes-kisallatrendelo\/#primaryimage","url":"https:\/\/univet.hu\/allasborze\/wp-content\/uploads\/sites\/2\/2020\/02\/nemes_logo.png","contentUrl":"https:\/\/univet.hu\/allasborze\/wp-content\/uploads\/sites\/2\/2020\/02\/nemes_logo.png","width":468,"height":200},{"@type":"BreadcrumbList","@id":"https:\/\/univet.hu\/allasborze\/allasborze-2020\/kiallitok\/nemes-kisallatrendelo\/#breadcrumb","itemListElement":[{"@type":"ListItem","position":1,"name":"Kezd\u0151lap","item":"https:\/\/univet.hu\/allasborze\/"},{"@type":"ListItem","position":2,"name":"\u00c1ll\u00e1sb\u00f6rze 2020","item":"https:\/\/univet.hu\/allasborze\/allasborze-2020\/"},{"@type":"ListItem","position":3,"name":"Ki\u00e1ll\u00edt\u00f3k","item":"https:\/\/univet.hu\/allasborze\/allasborze-2020\/kiallitok\/"},{"@type":"ListItem","position":4,"name":"Nemes Kis\u00e1llatrendel\u0151"}]},{"@type":"WebSite","@id":"https:\/\/univet.hu\/allasborze\/#website","url":"https:\/\/univet.hu\/allasborze\/","name":"\u00c1ll\u00e1sb\u00f6rze","description":"","potentialAction":[{"@type":"SearchAction","target":{"@type":"EntryPoint","urlTemplate":"https:\/\/univet.hu\/allasborze\/?s={search_term_string}"},"query-input":{"@type":"PropertyValueSpecification","valueRequired":true,"valueName":"search_term_string"}}],"inLanguage":"hu"}]}},"_links":{"self":[{"href":"https:\/\/univet.hu\/allasborze\/wp-json\/wp\/v2\/pages\/50116","targetHints":{"allow":["GET"]}}],"collection":[{"href":"https:\/\/univet.hu\/allasborze\/wp-json\/wp\/v2\/pages"}],"about":[{"href":"https:\/\/univet.hu\/allasborze\/wp-json\/wp\/v2\/types\/page"}],"author":[{"embeddable":true,"href":"https:\/\/univet.hu\/allasborze\/wp-json\/wp\/v2\/users\/2518"}],"replies":[{"embeddable":true,"href":"https:\/\/univet.hu\/allasborze\/wp-json\/wp\/v2\/comments?post=50116"}],"version-history":[{"count":1,"href":"https:\/\/univet.hu\/allasborze\/wp-json\/wp\/v2\/pages\/50116\/revisions"}],"predecessor-version":[{"id":172778,"href":"https:\/\/univet.hu\/allasborze\/wp-json\/wp\/v2\/pages\/50116\/revisions\/172778"}],"up":[{"embeddable":true,"href":"https:\/\/univet.hu\/allasborze\/wp-json\/wp\/v2\/pages\/46253"}],"wp:attachment":[{"href":"https:\/\/univet.hu\/allasborze\/wp-json\/wp\/v2\/media?parent=50116"}],"wp:term":[{"taxonomy":"category","embeddable":true,"href":"https:\/\/univet.hu\/allasborze\/wp-json\/wp\/v2\/categories?post=50116"},{"taxonomy":"post_tag","embeddable":true,"href":"https:\/\/univet.hu\/allasborze\/wp-json\/wp\/v2\/tags?post=50116"}],"curies":[{"name":"wp","href":"https:\/\/api.w.org\/{rel}","templated":true}]}}