{"id":61239,"date":"2021-01-11T15:24:51","date_gmt":"2021-01-11T14:24:51","guid":{"rendered":"https:\/\/univet.hu\/?page_id=61239"},"modified":"2025-01-13T10:32:23","modified_gmt":"2025-01-13T09:32:23","slug":"allasborze-2021","status":"publish","type":"page","link":"https:\/\/univet.hu\/allasborze\/allasborze-2021\/","title":{"rendered":"\u00c1ll\u00e1sb\u00f6rze 2021"},"content":{"rendered":"<h4><strong>IV. UNIVET \u00c1ll\u00e1sb\u00f6rze<\/strong><\/h4> <h4><\/h4> <p>Egyetem\u00fcnk igyekszik a lehet\u0151 leghat\u00e9konyabban alkalmazkodni a koronav\u00edrus-j\u00e1rv\u00e1ny miatt megv\u00e1ltozott vil\u00e1g kih\u00edv\u00e1saihoz. Tiszt\u00e1ban vagyunk vele, hogy a kapcsolat\u00e9p\u00edt\u00e9s egyik leghat\u00e9konyabb eszk\u00f6ze az \u00e1ll\u00e1sb\u00f6rze, melyet Egyetem\u00fcnk is minden \u00e9vben megrendez. A korl\u00e1tozott lehet\u0151s\u00e9gek ellen\u00e9re szeretn\u00e9nk v\u00e9gz\u0151s di\u00e1kjainknak f\u00f3rumot biztos\u00edtani a tal\u00e1lkoz\u00e1sra, ismerked\u00e9sre szakm\u00e1nk meghat\u00e1roz\u00f3 hazai \u00e9s nemzetk\u00f6zi szerepl\u0151ivel, \u00edgy az idei \u00e9vben online rendezz\u00fck meg az \u00c1llatorvostudom\u00e1nyi Egyetem IV. Magyar \u00e9s Nemzetk\u00f6zi \u00c1ll\u00e1sb\u00f6rz\u00e9j\u00e9t.<\/p> <p><strong><a href=\"https:\/\/univet.hu\/allasborze\/wp-content\/uploads\/sites\/2\/2021\/01\/web_AB08.jpg\"><img loading=\"lazy\" decoding=\"async\" class=\"alignright wp-image-61240 size-large\" src=\"https:\/\/univet.hu\/allasborze\/wp-content\/uploads\/sites\/2\/2021\/01\/web_AB08-1024x683.jpg\" alt=\"\" width=\"1024\" height=\"683\" srcset=\"https:\/\/univet.hu\/allasborze\/wp-content\/uploads\/sites\/2\/2021\/01\/web_AB08-1024x683.jpg 1024w, https:\/\/univet.hu\/allasborze\/wp-content\/uploads\/sites\/2\/2021\/01\/web_AB08-320x213.jpg 320w, https:\/\/univet.hu\/allasborze\/wp-content\/uploads\/sites\/2\/2021\/01\/web_AB08-768x512.jpg 768w, https:\/\/univet.hu\/allasborze\/wp-content\/uploads\/sites\/2\/2021\/01\/web_AB08-1536x1025.jpg 1536w, https:\/\/univet.hu\/allasborze\/wp-content\/uploads\/sites\/2\/2021\/01\/web_AB08-300x200.jpg 300w, https:\/\/univet.hu\/allasborze\/wp-content\/uploads\/sites\/2\/2021\/01\/web_AB08.jpg 2048w\" sizes=\"auto, (max-width: 1024px) 100vw, 1024px\" \/><\/a><\/strong><\/p> <p>&nbsp;<\/p> <p><strong>D\u00e1tum:<\/strong> 2021. febru\u00e1r 18. cs\u00fct\u00f6rt\u00f6k<\/p> <p><strong>Helysz\u00edn:<\/strong> online<\/p> <p>&nbsp;<\/p> <p>R\u00e9szletek\u00e9rt kattintson a jobb oldali men\u00fcpontokra.<\/p> <p>&nbsp;<\/p>","protected":false},"excerpt":{"rendered":"<p>IV. UNIVET \u00c1ll\u00e1sb\u00f6rze Egyetem\u00fcnk igyekszik a lehet\u0151 leghat\u00e9konyabban alkalmazkodni a koronav\u00edrus-j\u00e1rv\u00e1ny miatt megv\u00e1ltozott vil\u00e1g kih\u00edv\u00e1saihoz. Tiszt\u00e1ban vagyunk vele, hogy a kapcsolat\u00e9p\u00edt\u00e9s egyik leghat\u00e9konyabb eszk\u00f6ze az \u00e1ll\u00e1sb\u00f6rze, melyet Egyetem\u00fcnk is minden \u00e9vben megrendez. A korl\u00e1tozott lehet\u0151s\u00e9gek ellen\u00e9re szeretn\u00e9nk v\u00e9gz\u0151s di\u00e1kjainknak f\u00f3rumot biztos\u00edtani a tal\u00e1lkoz\u00e1sra, ismerked\u00e9sre szakm\u00e1nk meghat\u00e1roz\u00f3 hazai \u00e9s nemzetk\u00f6zi szerepl\u0151ivel, \u00edgy az idei \u00e9vben online<\/p>\n","protected":false},"author":2518,"featured_media":0,"parent":0,"menu_order":0,"comment_status":"closed","ping_status":"closed","template":"","meta":{"_acf_changed":false,"footnotes":""},"categories":[],"tags":[],"class_list":["post-61239","page","type-page","status-publish","hentry"],"acf":[],"yoast_head":"<!-- This site is optimized with the Yoast SEO plugin v27.2 - https:\/\/yoast.com\/product\/yoast-seo-wordpress\/ -->\n<title>\u00c1ll\u00e1sb\u00f6rze 2021 - \u00c1ll\u00e1sb\u00f6rze<\/title>\n<meta name=\"robots\" content=\"index, follow, max-snippet:-1, max-image-preview:large, max-video-preview:-1\" \/>\n<link rel=\"canonical\" href=\"https:\/\/univet.hu\/allasborze\/allasborze-2021\/\" \/>\n<meta property=\"og:locale\" content=\"hu_HU\" \/>\n<meta property=\"og:type\" content=\"article\" \/>\n<meta property=\"og:title\" content=\"\u00c1ll\u00e1sb\u00f6rze 2021 - \u00c1ll\u00e1sb\u00f6rze\" \/>\n<meta property=\"og:description\" content=\"IV. UNIVET \u00c1ll\u00e1sb\u00f6rze Egyetem\u00fcnk igyekszik a lehet\u0151 leghat\u00e9konyabban alkalmazkodni a koronav\u00edrus-j\u00e1rv\u00e1ny miatt megv\u00e1ltozott vil\u00e1g kih\u00edv\u00e1saihoz. Tiszt\u00e1ban vagyunk vele, hogy a kapcsolat\u00e9p\u00edt\u00e9s egyik leghat\u00e9konyabb eszk\u00f6ze az \u00e1ll\u00e1sb\u00f6rze, melyet Egyetem\u00fcnk is minden \u00e9vben megrendez. A korl\u00e1tozott lehet\u0151s\u00e9gek ellen\u00e9re szeretn\u00e9nk v\u00e9gz\u0151s di\u00e1kjainknak f\u00f3rumot biztos\u00edtani a tal\u00e1lkoz\u00e1sra, ismerked\u00e9sre szakm\u00e1nk meghat\u00e1roz\u00f3 hazai \u00e9s nemzetk\u00f6zi szerepl\u0151ivel, \u00edgy az idei \u00e9vben online\" \/>\n<meta property=\"og:url\" content=\"https:\/\/univet.hu\/allasborze\/allasborze-2021\/\" \/>\n<meta property=\"og:site_name\" content=\"\u00c1ll\u00e1sb\u00f6rze\" \/>\n<meta property=\"article:modified_time\" content=\"2025-01-13T09:32:23+00:00\" \/>\n<meta property=\"og:image\" content=\"https:\/\/univet.hu\/allasborze\/wp-content\/uploads\/sites\/2\/2021\/01\/web_AB08-1024x683.jpg\" \/>\n\t<meta property=\"og:image:width\" content=\"1024\" \/>\n\t<meta property=\"og:image:height\" content=\"683\" \/>\n\t<meta property=\"og:image:type\" content=\"image\/jpeg\" \/>\n<meta name=\"twitter:card\" content=\"summary_large_image\" \/>\n<meta name=\"twitter:label1\" content=\"Becs\u00fclt olvas\u00e1si id\u0151\" \/>\n\t<meta name=\"twitter:data1\" content=\"1 perc\" \/>\n<script type=\"application\/ld+json\" class=\"yoast-schema-graph\">{\"@context\":\"https:\/\/schema.org\",\"@graph\":[{\"@type\":\"WebPage\",\"@id\":\"https:\/\/univet.hu\/allasborze\/allasborze-2021\/\",\"url\":\"https:\/\/univet.hu\/allasborze\/allasborze-2021\/\",\"name\":\"\u00c1ll\u00e1sb\u00f6rze 2021 - \u00c1ll\u00e1sb\u00f6rze\",\"isPartOf\":{\"@id\":\"https:\/\/univet.hu\/allasborze\/#website\"},\"primaryImageOfPage\":{\"@id\":\"https:\/\/univet.hu\/allasborze\/allasborze-2021\/#primaryimage\"},\"image\":{\"@id\":\"https:\/\/univet.hu\/allasborze\/allasborze-2021\/#primaryimage\"},\"thumbnailUrl\":\"https:\/\/univet.hu\/allasborze\/wp-content\/uploads\/sites\/2\/2021\/01\/web_AB08-1024x683.jpg\",\"datePublished\":\"2021-01-11T14:24:51+00:00\",\"dateModified\":\"2025-01-13T09:32:23+00:00\",\"breadcrumb\":{\"@id\":\"https:\/\/univet.hu\/allasborze\/allasborze-2021\/#breadcrumb\"},\"inLanguage\":\"hu\",\"potentialAction\":[{\"@type\":\"ReadAction\",\"target\":[\"https:\/\/univet.hu\/allasborze\/allasborze-2021\/\"]}]},{\"@type\":\"ImageObject\",\"inLanguage\":\"hu\",\"@id\":\"https:\/\/univet.hu\/allasborze\/allasborze-2021\/#primaryimage\",\"url\":\"https:\/\/univet.hu\/allasborze\/wp-content\/uploads\/sites\/2\/2021\/01\/web_AB08.jpg\",\"contentUrl\":\"https:\/\/univet.hu\/allasborze\/wp-content\/uploads\/sites\/2\/2021\/01\/web_AB08.jpg\",\"width\":2048,\"height\":1366},{\"@type\":\"BreadcrumbList\",\"@id\":\"https:\/\/univet.hu\/allasborze\/allasborze-2021\/#breadcrumb\",\"itemListElement\":[{\"@type\":\"ListItem\",\"position\":1,\"name\":\"Kezd\u0151lap\",\"item\":\"https:\/\/univet.hu\/allasborze\/\"},{\"@type\":\"ListItem\",\"position\":2,\"name\":\"\u00c1ll\u00e1sb\u00f6rze 2021\"}]},{\"@type\":\"WebSite\",\"@id\":\"https:\/\/univet.hu\/allasborze\/#website\",\"url\":\"https:\/\/univet.hu\/allasborze\/\",\"name\":\"\u00c1ll\u00e1sb\u00f6rze\",\"description\":\"\",\"potentialAction\":[{\"@type\":\"SearchAction\",\"target\":{\"@type\":\"EntryPoint\",\"urlTemplate\":\"https:\/\/univet.hu\/allasborze\/?s={search_term_string}\"},\"query-input\":{\"@type\":\"PropertyValueSpecification\",\"valueRequired\":true,\"valueName\":\"search_term_string\"}}],\"inLanguage\":\"hu\"}]}<\/script>\n<!-- \/ Yoast SEO plugin. -->","yoast_head_json":{"title":"\u00c1ll\u00e1sb\u00f6rze 2021 - \u00c1ll\u00e1sb\u00f6rze","robots":{"index":"index","follow":"follow","max-snippet":"max-snippet:-1","max-image-preview":"max-image-preview:large","max-video-preview":"max-video-preview:-1"},"canonical":"https:\/\/univet.hu\/allasborze\/allasborze-2021\/","og_locale":"hu_HU","og_type":"article","og_title":"\u00c1ll\u00e1sb\u00f6rze 2021 - \u00c1ll\u00e1sb\u00f6rze","og_description":"IV. UNIVET \u00c1ll\u00e1sb\u00f6rze Egyetem\u00fcnk igyekszik a lehet\u0151 leghat\u00e9konyabban alkalmazkodni a koronav\u00edrus-j\u00e1rv\u00e1ny miatt megv\u00e1ltozott vil\u00e1g kih\u00edv\u00e1saihoz. Tiszt\u00e1ban vagyunk vele, hogy a kapcsolat\u00e9p\u00edt\u00e9s egyik leghat\u00e9konyabb eszk\u00f6ze az \u00e1ll\u00e1sb\u00f6rze, melyet Egyetem\u00fcnk is minden \u00e9vben megrendez. A korl\u00e1tozott lehet\u0151s\u00e9gek ellen\u00e9re szeretn\u00e9nk v\u00e9gz\u0151s di\u00e1kjainknak f\u00f3rumot biztos\u00edtani a tal\u00e1lkoz\u00e1sra, ismerked\u00e9sre szakm\u00e1nk meghat\u00e1roz\u00f3 hazai \u00e9s nemzetk\u00f6zi szerepl\u0151ivel, \u00edgy az idei \u00e9vben online","og_url":"https:\/\/univet.hu\/allasborze\/allasborze-2021\/","og_site_name":"\u00c1ll\u00e1sb\u00f6rze","article_modified_time":"2025-01-13T09:32:23+00:00","og_image":[{"width":1024,"height":683,"url":"https:\/\/univet.hu\/allasborze\/wp-content\/uploads\/sites\/2\/2021\/01\/web_AB08-1024x683.jpg","type":"image\/jpeg"}],"twitter_card":"summary_large_image","twitter_misc":{"Becs\u00fclt olvas\u00e1si id\u0151":"1 perc"},"schema":{"@context":"https:\/\/schema.org","@graph":[{"@type":"WebPage","@id":"https:\/\/univet.hu\/allasborze\/allasborze-2021\/","url":"https:\/\/univet.hu\/allasborze\/allasborze-2021\/","name":"\u00c1ll\u00e1sb\u00f6rze 2021 - \u00c1ll\u00e1sb\u00f6rze","isPartOf":{"@id":"https:\/\/univet.hu\/allasborze\/#website"},"primaryImageOfPage":{"@id":"https:\/\/univet.hu\/allasborze\/allasborze-2021\/#primaryimage"},"image":{"@id":"https:\/\/univet.hu\/allasborze\/allasborze-2021\/#primaryimage"},"thumbnailUrl":"https:\/\/univet.hu\/allasborze\/wp-content\/uploads\/sites\/2\/2021\/01\/web_AB08-1024x683.jpg","datePublished":"2021-01-11T14:24:51+00:00","dateModified":"2025-01-13T09:32:23+00:00","breadcrumb":{"@id":"https:\/\/univet.hu\/allasborze\/allasborze-2021\/#breadcrumb"},"inLanguage":"hu","potentialAction":[{"@type":"ReadAction","target":["https:\/\/univet.hu\/allasborze\/allasborze-2021\/"]}]},{"@type":"ImageObject","inLanguage":"hu","@id":"https:\/\/univet.hu\/allasborze\/allasborze-2021\/#primaryimage","url":"https:\/\/univet.hu\/allasborze\/wp-content\/uploads\/sites\/2\/2021\/01\/web_AB08.jpg","contentUrl":"https:\/\/univet.hu\/allasborze\/wp-content\/uploads\/sites\/2\/2021\/01\/web_AB08.jpg","width":2048,"height":1366},{"@type":"BreadcrumbList","@id":"https:\/\/univet.hu\/allasborze\/allasborze-2021\/#breadcrumb","itemListElement":[{"@type":"ListItem","position":1,"name":"Kezd\u0151lap","item":"https:\/\/univet.hu\/allasborze\/"},{"@type":"ListItem","position":2,"name":"\u00c1ll\u00e1sb\u00f6rze 2021"}]},{"@type":"WebSite","@id":"https:\/\/univet.hu\/allasborze\/#website","url":"https:\/\/univet.hu\/allasborze\/","name":"\u00c1ll\u00e1sb\u00f6rze","description":"","potentialAction":[{"@type":"SearchAction","target":{"@type":"EntryPoint","urlTemplate":"https:\/\/univet.hu\/allasborze\/?s={search_term_string}"},"query-input":{"@type":"PropertyValueSpecification","valueRequired":true,"valueName":"search_term_string"}}],"inLanguage":"hu"}]}},"_links":{"self":[{"href":"https:\/\/univet.hu\/allasborze\/wp-json\/wp\/v2\/pages\/61239","targetHints":{"allow":["GET"]}}],"collection":[{"href":"https:\/\/univet.hu\/allasborze\/wp-json\/wp\/v2\/pages"}],"about":[{"href":"https:\/\/univet.hu\/allasborze\/wp-json\/wp\/v2\/types\/page"}],"author":[{"embeddable":true,"href":"https:\/\/univet.hu\/allasborze\/wp-json\/wp\/v2\/users\/2518"}],"replies":[{"embeddable":true,"href":"https:\/\/univet.hu\/allasborze\/wp-json\/wp\/v2\/comments?post=61239"}],"version-history":[{"count":2,"href":"https:\/\/univet.hu\/allasborze\/wp-json\/wp\/v2\/pages\/61239\/revisions"}],"predecessor-version":[{"id":172957,"href":"https:\/\/univet.hu\/allasborze\/wp-json\/wp\/v2\/pages\/61239\/revisions\/172957"}],"wp:attachment":[{"href":"https:\/\/univet.hu\/allasborze\/wp-json\/wp\/v2\/media?parent=61239"}],"wp:term":[{"taxonomy":"category","embeddable":true,"href":"https:\/\/univet.hu\/allasborze\/wp-json\/wp\/v2\/categories?post=61239"},{"taxonomy":"post_tag","embeddable":true,"href":"https:\/\/univet.hu\/allasborze\/wp-json\/wp\/v2\/tags?post=61239"}],"curies":[{"name":"wp","href":"https:\/\/api.w.org\/{rel}","templated":true}]}}