{"id":61472,"date":"2021-01-21T13:41:57","date_gmt":"2021-01-21T12:41:57","guid":{"rendered":"https:\/\/univet.hu\/hu\/allasborze-2021\/kiallitok\/name\/"},"modified":"2025-01-10T13:54:56","modified_gmt":"2025-01-10T12:54:56","slug":"lloyd-cowan","status":"publish","type":"page","link":"https:\/\/univet.hu\/allasborze\/allasborze-2021\/kiallitok\/lloyd-cowan\/","title":{"rendered":"Lloyd &amp; Cowan &#8211; UK\/Anglia"},"content":{"rendered":"<p><span style=\"color: #ffffff\"><span style=\"background-color: #64becb\">For more information:<\/span><\/span><br \/> <a href=\"https:\/\/www.facebook.com\/lloydandcowan\" target=\"_blank\" rel=\"noopener\"><img loading=\"lazy\" decoding=\"async\" class=\"aligncenter wp-image-48834 size-medium\" src=\"https:\/\/univet.hu\/allasborze\/wp-content\/uploads\/sites\/2\/2020\/01\/Lloyd-Cowan-Veterinary-Recruitment-320x197.jpg\" alt=\"\" width=\"320\" height=\"197\" srcset=\"https:\/\/univet.hu\/allasborze\/wp-content\/uploads\/sites\/2\/2020\/01\/Lloyd-Cowan-Veterinary-Recruitment-320x197.jpg 320w, https:\/\/univet.hu\/allasborze\/wp-content\/uploads\/sites\/2\/2020\/01\/Lloyd-Cowan-Veterinary-Recruitment-768x473.jpg 768w, https:\/\/univet.hu\/allasborze\/wp-content\/uploads\/sites\/2\/2020\/01\/Lloyd-Cowan-Veterinary-Recruitment-1024x630.jpg 1024w, https:\/\/univet.hu\/allasborze\/wp-content\/uploads\/sites\/2\/2020\/01\/Lloyd-Cowan-Veterinary-Recruitment-300x185.jpg 300w, https:\/\/univet.hu\/allasborze\/wp-content\/uploads\/sites\/2\/2020\/01\/Lloyd-Cowan-Veterinary-Recruitment.jpg 1483w\" sizes=\"auto, (max-width: 320px) 100vw, 320px\" \/><\/a><\/p>","protected":false},"excerpt":{"rendered":"<p>For more information:<\/p>\n","protected":false},"author":2518,"featured_media":0,"parent":61461,"menu_order":0,"comment_status":"open","ping_status":"open","template":"","meta":{"_acf_changed":false,"footnotes":""},"categories":[],"tags":[],"class_list":["post-61472","page","type-page","status-publish","hentry"],"acf":[],"yoast_head":"<!-- This site is optimized with the Yoast SEO plugin v27.2 - https:\/\/yoast.com\/product\/yoast-seo-wordpress\/ -->\n<title>Lloyd &amp; Cowan - UK\/Anglia - \u00c1ll\u00e1sb\u00f6rze<\/title>\n<meta name=\"robots\" content=\"index, follow, max-snippet:-1, max-image-preview:large, max-video-preview:-1\" \/>\n<link rel=\"canonical\" href=\"https:\/\/univet.hu\/allasborze\/allasborze-2021\/kiallitok\/lloyd-cowan\/\" \/>\n<meta property=\"og:locale\" content=\"hu_HU\" \/>\n<meta property=\"og:type\" content=\"article\" \/>\n<meta property=\"og:title\" content=\"Lloyd &amp; Cowan - UK\/Anglia - \u00c1ll\u00e1sb\u00f6rze\" \/>\n<meta property=\"og:description\" content=\"For more information:\" \/>\n<meta property=\"og:url\" content=\"https:\/\/univet.hu\/allasborze\/allasborze-2021\/kiallitok\/lloyd-cowan\/\" \/>\n<meta property=\"og:site_name\" content=\"\u00c1ll\u00e1sb\u00f6rze\" \/>\n<meta property=\"article:modified_time\" content=\"2025-01-10T12:54:56+00:00\" \/>\n<meta property=\"og:image\" content=\"https:\/\/univet.hu\/allasborze\/wp-content\/uploads\/sites\/2\/2020\/01\/Lloyd-Cowan-Veterinary-Recruitment-320x197.jpg\" \/>\n<meta name=\"twitter:card\" content=\"summary_large_image\" \/>\n<script type=\"application\/ld+json\" class=\"yoast-schema-graph\">{\"@context\":\"https:\/\/schema.org\",\"@graph\":[{\"@type\":\"WebPage\",\"@id\":\"https:\/\/univet.hu\/allasborze\/allasborze-2021\/kiallitok\/lloyd-cowan\/\",\"url\":\"https:\/\/univet.hu\/allasborze\/allasborze-2021\/kiallitok\/lloyd-cowan\/\",\"name\":\"Lloyd &amp; Cowan - UK\/Anglia - \u00c1ll\u00e1sb\u00f6rze\",\"isPartOf\":{\"@id\":\"https:\/\/univet.hu\/allasborze\/#website\"},\"primaryImageOfPage\":{\"@id\":\"https:\/\/univet.hu\/allasborze\/allasborze-2021\/kiallitok\/lloyd-cowan\/#primaryimage\"},\"image\":{\"@id\":\"https:\/\/univet.hu\/allasborze\/allasborze-2021\/kiallitok\/lloyd-cowan\/#primaryimage\"},\"thumbnailUrl\":\"https:\/\/univet.hu\/allasborze\/wp-content\/uploads\/sites\/2\/2020\/01\/Lloyd-Cowan-Veterinary-Recruitment-320x197.jpg\",\"datePublished\":\"2021-01-21T12:41:57+00:00\",\"dateModified\":\"2025-01-10T12:54:56+00:00\",\"breadcrumb\":{\"@id\":\"https:\/\/univet.hu\/allasborze\/allasborze-2021\/kiallitok\/lloyd-cowan\/#breadcrumb\"},\"inLanguage\":\"hu\",\"potentialAction\":[{\"@type\":\"ReadAction\",\"target\":[\"https:\/\/univet.hu\/allasborze\/allasborze-2021\/kiallitok\/lloyd-cowan\/\"]}]},{\"@type\":\"ImageObject\",\"inLanguage\":\"hu\",\"@id\":\"https:\/\/univet.hu\/allasborze\/allasborze-2021\/kiallitok\/lloyd-cowan\/#primaryimage\",\"url\":\"https:\/\/univet.hu\/allasborze\/wp-content\/uploads\/sites\/2\/2020\/01\/Lloyd-Cowan-Veterinary-Recruitment.jpg\",\"contentUrl\":\"https:\/\/univet.hu\/allasborze\/wp-content\/uploads\/sites\/2\/2020\/01\/Lloyd-Cowan-Veterinary-Recruitment.jpg\",\"width\":1483,\"height\":913},{\"@type\":\"BreadcrumbList\",\"@id\":\"https:\/\/univet.hu\/allasborze\/allasborze-2021\/kiallitok\/lloyd-cowan\/#breadcrumb\",\"itemListElement\":[{\"@type\":\"ListItem\",\"position\":1,\"name\":\"Kezd\u0151lap\",\"item\":\"https:\/\/univet.hu\/allasborze\/\"},{\"@type\":\"ListItem\",\"position\":2,\"name\":\"\u00c1ll\u00e1sb\u00f6rze 2021\",\"item\":\"https:\/\/univet.hu\/allasborze\/allasborze-2021\/\"},{\"@type\":\"ListItem\",\"position\":3,\"name\":\"Ki\u00e1ll\u00edt\u00f3k\",\"item\":\"https:\/\/univet.hu\/allasborze\/allasborze-2021\/kiallitok\/\"},{\"@type\":\"ListItem\",\"position\":4,\"name\":\"Lloyd &amp; Cowan &#8211; UK\/Anglia\"}]},{\"@type\":\"WebSite\",\"@id\":\"https:\/\/univet.hu\/allasborze\/#website\",\"url\":\"https:\/\/univet.hu\/allasborze\/\",\"name\":\"\u00c1ll\u00e1sb\u00f6rze\",\"description\":\"\",\"potentialAction\":[{\"@type\":\"SearchAction\",\"target\":{\"@type\":\"EntryPoint\",\"urlTemplate\":\"https:\/\/univet.hu\/allasborze\/?s={search_term_string}\"},\"query-input\":{\"@type\":\"PropertyValueSpecification\",\"valueRequired\":true,\"valueName\":\"search_term_string\"}}],\"inLanguage\":\"hu\"}]}<\/script>\n<!-- \/ Yoast SEO plugin. -->","yoast_head_json":{"title":"Lloyd &amp; Cowan - UK\/Anglia - \u00c1ll\u00e1sb\u00f6rze","robots":{"index":"index","follow":"follow","max-snippet":"max-snippet:-1","max-image-preview":"max-image-preview:large","max-video-preview":"max-video-preview:-1"},"canonical":"https:\/\/univet.hu\/allasborze\/allasborze-2021\/kiallitok\/lloyd-cowan\/","og_locale":"hu_HU","og_type":"article","og_title":"Lloyd &amp; Cowan - UK\/Anglia - \u00c1ll\u00e1sb\u00f6rze","og_description":"For more information:","og_url":"https:\/\/univet.hu\/allasborze\/allasborze-2021\/kiallitok\/lloyd-cowan\/","og_site_name":"\u00c1ll\u00e1sb\u00f6rze","article_modified_time":"2025-01-10T12:54:56+00:00","og_image":[{"url":"https:\/\/univet.hu\/allasborze\/wp-content\/uploads\/sites\/2\/2020\/01\/Lloyd-Cowan-Veterinary-Recruitment-320x197.jpg","type":"","width":"","height":""}],"twitter_card":"summary_large_image","schema":{"@context":"https:\/\/schema.org","@graph":[{"@type":"WebPage","@id":"https:\/\/univet.hu\/allasborze\/allasborze-2021\/kiallitok\/lloyd-cowan\/","url":"https:\/\/univet.hu\/allasborze\/allasborze-2021\/kiallitok\/lloyd-cowan\/","name":"Lloyd &amp; Cowan - UK\/Anglia - \u00c1ll\u00e1sb\u00f6rze","isPartOf":{"@id":"https:\/\/univet.hu\/allasborze\/#website"},"primaryImageOfPage":{"@id":"https:\/\/univet.hu\/allasborze\/allasborze-2021\/kiallitok\/lloyd-cowan\/#primaryimage"},"image":{"@id":"https:\/\/univet.hu\/allasborze\/allasborze-2021\/kiallitok\/lloyd-cowan\/#primaryimage"},"thumbnailUrl":"https:\/\/univet.hu\/allasborze\/wp-content\/uploads\/sites\/2\/2020\/01\/Lloyd-Cowan-Veterinary-Recruitment-320x197.jpg","datePublished":"2021-01-21T12:41:57+00:00","dateModified":"2025-01-10T12:54:56+00:00","breadcrumb":{"@id":"https:\/\/univet.hu\/allasborze\/allasborze-2021\/kiallitok\/lloyd-cowan\/#breadcrumb"},"inLanguage":"hu","potentialAction":[{"@type":"ReadAction","target":["https:\/\/univet.hu\/allasborze\/allasborze-2021\/kiallitok\/lloyd-cowan\/"]}]},{"@type":"ImageObject","inLanguage":"hu","@id":"https:\/\/univet.hu\/allasborze\/allasborze-2021\/kiallitok\/lloyd-cowan\/#primaryimage","url":"https:\/\/univet.hu\/allasborze\/wp-content\/uploads\/sites\/2\/2020\/01\/Lloyd-Cowan-Veterinary-Recruitment.jpg","contentUrl":"https:\/\/univet.hu\/allasborze\/wp-content\/uploads\/sites\/2\/2020\/01\/Lloyd-Cowan-Veterinary-Recruitment.jpg","width":1483,"height":913},{"@type":"BreadcrumbList","@id":"https:\/\/univet.hu\/allasborze\/allasborze-2021\/kiallitok\/lloyd-cowan\/#breadcrumb","itemListElement":[{"@type":"ListItem","position":1,"name":"Kezd\u0151lap","item":"https:\/\/univet.hu\/allasborze\/"},{"@type":"ListItem","position":2,"name":"\u00c1ll\u00e1sb\u00f6rze 2021","item":"https:\/\/univet.hu\/allasborze\/allasborze-2021\/"},{"@type":"ListItem","position":3,"name":"Ki\u00e1ll\u00edt\u00f3k","item":"https:\/\/univet.hu\/allasborze\/allasborze-2021\/kiallitok\/"},{"@type":"ListItem","position":4,"name":"Lloyd &amp; Cowan &#8211; UK\/Anglia"}]},{"@type":"WebSite","@id":"https:\/\/univet.hu\/allasborze\/#website","url":"https:\/\/univet.hu\/allasborze\/","name":"\u00c1ll\u00e1sb\u00f6rze","description":"","potentialAction":[{"@type":"SearchAction","target":{"@type":"EntryPoint","urlTemplate":"https:\/\/univet.hu\/allasborze\/?s={search_term_string}"},"query-input":{"@type":"PropertyValueSpecification","valueRequired":true,"valueName":"search_term_string"}}],"inLanguage":"hu"}]}},"_links":{"self":[{"href":"https:\/\/univet.hu\/allasborze\/wp-json\/wp\/v2\/pages\/61472","targetHints":{"allow":["GET"]}}],"collection":[{"href":"https:\/\/univet.hu\/allasborze\/wp-json\/wp\/v2\/pages"}],"about":[{"href":"https:\/\/univet.hu\/allasborze\/wp-json\/wp\/v2\/types\/page"}],"author":[{"embeddable":true,"href":"https:\/\/univet.hu\/allasborze\/wp-json\/wp\/v2\/users\/2518"}],"replies":[{"embeddable":true,"href":"https:\/\/univet.hu\/allasborze\/wp-json\/wp\/v2\/comments?post=61472"}],"version-history":[{"count":1,"href":"https:\/\/univet.hu\/allasborze\/wp-json\/wp\/v2\/pages\/61472\/revisions"}],"predecessor-version":[{"id":172623,"href":"https:\/\/univet.hu\/allasborze\/wp-json\/wp\/v2\/pages\/61472\/revisions\/172623"}],"up":[{"embeddable":true,"href":"https:\/\/univet.hu\/allasborze\/wp-json\/wp\/v2\/pages\/61461"}],"wp:attachment":[{"href":"https:\/\/univet.hu\/allasborze\/wp-json\/wp\/v2\/media?parent=61472"}],"wp:term":[{"taxonomy":"category","embeddable":true,"href":"https:\/\/univet.hu\/allasborze\/wp-json\/wp\/v2\/categories?post=61472"},{"taxonomy":"post_tag","embeddable":true,"href":"https:\/\/univet.hu\/allasborze\/wp-json\/wp\/v2\/tags?post=61472"}],"curies":[{"name":"wp","href":"https:\/\/api.w.org\/{rel}","templated":true}]}}