{"id":62335,"date":"2021-02-14T10:12:14","date_gmt":"2021-02-14T09:12:14","guid":{"rendered":"https:\/\/univet.hu\/hu\/allasborze-2021\/name\/"},"modified":"2025-01-10T13:54:57","modified_gmt":"2025-01-10T12:54:57","slug":"program","status":"publish","type":"page","link":"https:\/\/univet.hu\/allasborze\/allasborze-2021\/program\/","title":{"rendered":"Program"},"content":{"rendered":"<p style=\"text-align: center\"><b><span data-contrast=\"auto\">\u00c1TE \u00c1ll\u00e1sb\u00f6rze 2021.<\/span><\/b><b><span data-contrast=\"auto\">02.18 &#8211; cs\u00fct\u00f6rt\u00f6k<\/span><\/b><\/p> <h4 style=\"text-align: center\">Chatszoba linkek<\/h4> <table class=\"aligncenter\" width=\"569\"> <tbody> <tr> <td style=\"width: 197.6px;text-align: left\">Tolnagro<\/td> <td style=\"width: 356.8px\"><a href=\"https:\/\/teams.microsoft.com\/l\/meetup-join\/19%3ameeting_ZjVjOTk3Y2UtY2Y5OS00Mjg2LTg1MGYtMWViZDM2ZDA2NmQ0%40thread.v2\/0?context=%7b%22Tid%22%3a%223d888f70-bd6a-4491-8913-da9d1bafc747%22%2c%22Oid%22%3a%22efb3452b-c4d9-41fc-9e68-b45f9b213128%22%7d\">Click here to join the meeting<\/a><\/td> <\/tr> <tr> <td style=\"width: 197.6px\">Lloyd &amp; Cowan (angolul)<\/td> <td style=\"width: 356.8px\"><a href=\"https:\/\/teams.microsoft.com\/l\/meetup-join\/19%3ameeting_NDNlODQ3ODUtZTRmNS00M2ZmLWIwZGMtNGNmNTlkMzYxYzc2%40thread.v2\/0?context=%7b%22Tid%22%3a%223d888f70-bd6a-4491-8913-da9d1bafc747%22%2c%22Oid%22%3a%22efb3452b-c4d9-41fc-9e68-b45f9b213128%22%7d\">Click here to join the meeting<\/a><\/td> <\/tr> <tr> <td style=\"width: 197.6px\">Elanco Hungary Kft.<\/td> <td style=\"width: 356.8px\"><a href=\"https:\/\/teams.microsoft.com\/l\/meetup-join\/19%3ameeting_YTM3MjQ2YzYtZTNjNC00OGE2LTg3NGUtZDdjM2I3OTlkNjdj%40thread.v2\/0?context=%7b%22Tid%22%3a%223d888f70-bd6a-4491-8913-da9d1bafc747%22%2c%22Oid%22%3a%22efb3452b-c4d9-41fc-9e68-b45f9b213128%22%7d\">Click here to join the meeting<\/a><\/td> <\/tr> <tr> <td style=\"width: 197.6px\">Medivet (angolul)<\/td> <td style=\"width: 356.8px\"><a href=\"https:\/\/teams.microsoft.com\/l\/meetup-join\/19%3ameeting_NGViNmMwZWItZjBhOC00MGNhLWJlYmUtYThjNWVmOWQ5NzY5%40thread.v2\/0?context=%7b%22Tid%22%3a%223d888f70-bd6a-4491-8913-da9d1bafc747%22%2c%22Oid%22%3a%22efb3452b-c4d9-41fc-9e68-b45f9b213128%22%7d\">Click here to join the meeting<\/a><\/td> <\/tr> <tr> <td style=\"width: 197.6px\">\u00c1TE \u00c1llatorvostudom\u00e1nyi Doktori Iskola<\/td> <td style=\"width: 356.8px\"><a href=\"https:\/\/teams.microsoft.com\/l\/meetup-join\/19%3ameeting_ODRjOWFiOWItNTBhOC00MjRhLTkyZjQtN2YwODNlYzcwNGU3%40thread.v2\/0?context=%7b%22Tid%22%3a%223d888f70-bd6a-4491-8913-da9d1bafc747%22%2c%22Oid%22%3a%22efb3452b-c4d9-41fc-9e68-b45f9b213128%22%7d\">Click here to join the meeting<\/a><\/td> <\/tr> <tr> <td style=\"width: 197.6px\">Bonafarm Csoport<\/td> <td style=\"width: 356.8px\"><a href=\"https:\/\/teams.microsoft.com\/l\/meetup-join\/19%3ameeting_NjM4YzBiYWMtOThjZC00Zjk3LTk3MDktNjFmOWZjNzJmOWQ4%40thread.v2\/0?context=%7b%22Tid%22%3a%223d888f70-bd6a-4491-8913-da9d1bafc747%22%2c%22Oid%22%3a%22efb3452b-c4d9-41fc-9e68-b45f9b213128%22%7d\">Click here to join the meeting<\/a><\/td> <\/tr> <tr> <td style=\"width: 197.6px\">T\u00fari Szolg\u00e1ltat\u00f3 Kft<\/td> <td style=\"width: 356.8px\"><a href=\"https:\/\/teams.microsoft.com\/l\/meetup-join\/19%3ameeting_OGYyZTRhYjMtYTQzYi00ZThjLTk3YWUtNjNmZDMyNWNmZTNk%40thread.v2\/0?context=%7b%22Tid%22%3a%223d888f70-bd6a-4491-8913-da9d1bafc747%22%2c%22Oid%22%3a%22efb3452b-c4d9-41fc-9e68-b45f9b213128%22%7d\">Click here to join the meeting<\/a><\/td> <\/tr> <tr> <td style=\"width: 197.6px\">Alpha-Vet Kft.<\/td> <td style=\"width: 356.8px\"><a href=\"https:\/\/teams.microsoft.com\/l\/meetup-join\/19%3ameeting_MTUyYjRjMDgtNDNmNS00ODlkLWE5ZDgtYzM3OTExYTY4NWYx%40thread.v2\/0?context=%7b%22Tid%22%3a%223d888f70-bd6a-4491-8913-da9d1bafc747%22%2c%22Oid%22%3a%22efb3452b-c4d9-41fc-9e68-b45f9b213128%22%7d\">Click here to join the meeting<\/a><\/td> <\/tr> <tr> <td style=\"width: 197.6px\">Pannon L\u00f3gy\u00f3gy\u00e1szat<\/td> <td style=\"width: 356.8px\"><a href=\"https:\/\/teams.microsoft.com\/l\/meetup-join\/19%3ameeting_MDliODdhNDgtNTVmMC00N2IyLWI0MTMtODFkZTA1MDc1ZTcx%40thread.v2\/0?context=%7b%22Tid%22%3a%223d888f70-bd6a-4491-8913-da9d1bafc747%22%2c%22Oid%22%3a%22efb3452b-c4d9-41fc-9e68-b45f9b213128%22%7d\">Click here to join the meeting<\/a><\/td> <\/tr> <\/tbody> <\/table> <p>&nbsp;<\/p> <p style=\"text-align: center\"><strong>Chatszoba etikett<\/strong><\/p> <div>Megk\u00e9rj\u00fck kedves r\u00e9sztvev\u0151inket, hogy az adott ki\u00e1ll\u00edt\u00f3 linkj\u00e9re val\u00f3 kattint\u00e1s ut\u00e1n, a chatszob\u00e1ba bel\u00e9pve el\u0151sz\u0151r \u00edr\u00e1sban jelentkezzenek, majd, ha a ki\u00e1ll\u00edt\u00f3 k\u00e9pvisel\u0151je sz\u00f3t ad, akkor tud becsatlakozni a vide\u00f3s besz\u00e9lget\u00e9sbe.<\/div> <div>Amikor nem besz\u00e9l, k\u00e9rj\u00fck, n\u00e9m\u00edtsa le a mikrofonj\u00e1t.<\/div> <div><\/div> <div> <h4 style=\"text-align: center\"><b><span data-contrast=\"auto\">Tervezett program<\/span><\/b><span data-ccp-props=\"{&quot;201341983&quot;:0,&quot;335551550&quot;:2,&quot;335551620&quot;:2,&quot;335559739&quot;:160,&quot;335559740&quot;:259}\">\u00a0<\/span><\/h4> <p><b><span data-contrast=\"auto\">10.00<\/span><\/b><span data-contrast=\"auto\">\u00a0\u2013\u00a0<\/span><span data-contrast=\"auto\">A partnerek c<\/span><span data-contrast=\"auto\">hatszob\u00e1<\/span><span data-contrast=\"auto\">inak\u00a0<\/span><span data-contrast=\"auto\">megnyit\u00e1sa, az IV. Online \u00c1ll\u00e1sb\u00f6rze\u00a0<\/span><span data-contrast=\"auto\">vide\u00f3ja felker\u00fcl a You<\/span><span data-contrast=\"auto\">T<\/span><span data-contrast=\"auto\">ube csatorn\u00e1nkra \u00e9s az esem\u00e9ny honlapj\u00e1ra is.\u00a0<\/span><span data-ccp-props=\"{&quot;201341983&quot;:0,&quot;335559739&quot;:160,&quot;335559740&quot;:259}\">\u00a0<\/span><span data-contrast=\"auto\">A vide\u00f3 tartalmi elemei:\u00a0<\/span><span data-ccp-props=\"{&quot;201341983&quot;:0,&quot;335559739&quot;:160,&quot;335559740&quot;:259}\">\u00a0<\/span><\/p> <p><strong>Partnereink bemutatkoz\u00f3 vide\u00f3i\u00a0\u00a0<\/strong><\/p> <p style=\"padding-left: 30px\"><span data-contrast=\"auto\">&#8211;\u00a0Bonafarm\u00a0Zrt.<\/span><span data-ccp-props=\"{&quot;201341983&quot;:0,&quot;335559739&quot;:160,&quot;335559740&quot;:259}\">\u00a0<\/span><\/p> <p style=\"padding-left: 30px\"><span data-contrast=\"auto\">&#8211;\u00a0Elanco\u00a0Hungary Kft.<\/span><span data-ccp-props=\"{&quot;201341983&quot;:0,&quot;335559685&quot;:708,&quot;335559731&quot;:708,&quot;335559739&quot;:160,&quot;335559740&quot;:259}\">\u00a0<\/span><\/p> <p><span data-contrast=\"auto\">\u00a0 \u00a0 \u00a0 \u00a0 &#8211; Lloyd\u00a0&amp;\u00a0Cowan<\/span><\/p> <p style=\"padding-left: 30px\"><span data-contrast=\"auto\">&#8211;\u00a0Medivet\u00a0UK<\/span><span data-ccp-props=\"{&quot;201341983&quot;:0,&quot;335559685&quot;:708,&quot;335559731&quot;:708,&quot;335559739&quot;:160,&quot;335559740&quot;:259}\">\u00a0<\/span><\/p> <p style=\"padding-left: 30px\"><span data-contrast=\"auto\">&#8211;\u00a0Tolnagro\u00a0Kft.<\/span><span data-ccp-props=\"{&quot;201341983&quot;:0,&quot;335559685&quot;:708,&quot;335559731&quot;:708,&quot;335559739&quot;:160,&quot;335559740&quot;:259}\">\u00a0<\/span><\/p> <p style=\"padding-left: 30px\"><span data-contrast=\"auto\">&#8211; T\u00fari Szolg\u00e1ltat\u00f3 Kft<\/span><span data-contrast=\"auto\">.<\/span><span data-ccp-props=\"{&quot;201341983&quot;:0,&quot;335559685&quot;:708,&quot;335559731&quot;:708,&quot;335559739&quot;:160,&quot;335559740&quot;:259}\">\u00a0<\/span><\/p> <p><strong>Az \u00c1llatorvostudom\u00e1nyi Egyetem professzorainak besz\u00e9de<\/strong><\/p> <p style=\"padding-left: 30px\"><span data-contrast=\"auto\">&#8211;\u00a0<\/span><span data-contrast=\"auto\">Dr. Bartha Tibor, nemzetk\u00f6zi rektorhelyettes<\/span><span data-ccp-props=\"{&quot;201341983&quot;:0,&quot;335559685&quot;:708,&quot;335559731&quot;:708,&quot;335559739&quot;:160,&quot;335559740&quot;:259}\">\u00a0<\/span><\/p> <p style=\"padding-left: 30px\"><span data-contrast=\"auto\">&#8211;\u00a0<\/span><span data-contrast=\"auto\">Dr.\u00a0Jerzsele\u00a0\u00c1kos, tudom\u00e1nyos \u00e9s kutat\u00e1si rektorhelyett<\/span><span data-contrast=\"auto\">es<\/span><span data-ccp-props=\"{&quot;201341983&quot;:0,&quot;335559685&quot;:708,&quot;335559731&quot;:708,&quot;335559739&quot;:160,&quot;335559740&quot;:259}\">\u00a0<\/span><\/p> <p style=\"padding-left: 30px\"><span data-contrast=\"auto\">&#8211;\u00a0<\/span><span data-contrast=\"auto\">Dr. N\u00e9meth Tibor, klinikai rektorhelyettes<\/span><span data-ccp-props=\"{&quot;201341983&quot;:0,&quot;335559685&quot;:708,&quot;335559731&quot;:708,&quot;335559739&quot;:160,&quot;335559740&quot;:259}\">\u00a0<\/span><\/p> <p style=\"padding-left: 30px\"><span data-contrast=\"auto\">&#8211;\u00a0<\/span><span data-contrast=\"auto\">Dr.\u00a0\u00d3zsv\u00e1ri\u00a0L\u00e1szl\u00f3, oktat\u00e1si rektorhelyettes<\/span><span data-ccp-props=\"{&quot;201341983&quot;:0,&quot;335559685&quot;:708,&quot;335559731&quot;:708,&quot;335559739&quot;:160,&quot;335559740&quot;:259}\">\u00a0<\/span><\/p> <p><strong>Megh\u00edvott el\u0151ad\u00f3ink programjai:\u00a0\u00a0<\/strong><\/p> <p style=\"padding-left: 30px\"><span data-contrast=\"auto\">&#8211;\u00a0<\/span><span data-contrast=\"auto\">CV\u00a0Shark\u00a0&#8211;\u00a0Erd\u0151ssy\u00a0Gell\u00e9rt &#8211; \u00cdgy \u00edrj \u00fct\u0151s \u00f6n\u00e9letrajzot p\u00e1lyakezd\u0151k\u00e9nt<\/span><span data-ccp-props=\"{&quot;201341983&quot;:0,&quot;335559739&quot;:160,&quot;335559740&quot;:259}\">\u00a0<\/span><\/p> <p style=\"padding-left: 30px\"><span data-contrast=\"auto\">&#8211;\u00a0<\/span><span data-contrast=\"auto\">Angol Int\u00e9zet\u00a0<\/span><span data-contrast=\"auto\">L<\/span><span data-contrast=\"auto\">anguage\u00a0<\/span><span data-contrast=\"auto\">S<\/span><span data-contrast=\"auto\">chool<\/span><span data-contrast=\"auto\">\u00a0&#8211;\u00a0<\/span><span data-contrast=\"auto\">Angol \u00e1ll\u00e1sinterj\u00fa &#8211; gyak<\/span><span data-contrast=\"auto\">ran el\u0151fordul\u00f3<\/span><span data-contrast=\"auto\">\u00a0k\u00e9rd\u00e9sek<\/span><span data-contrast=\"auto\">\u00a0az<\/span><span data-contrast=\"auto\">\u00a0interj\u00fak sor\u00e1n<\/span><span data-ccp-props=\"{&quot;201341983&quot;:0,&quot;335559739&quot;:160,&quot;335559740&quot;:259}\">\u00a0<\/span><\/p> <p><span data-ccp-props=\"{&quot;201341983&quot;:0,&quot;335559739&quot;:160,&quot;335559740&quot;:259}\">\u00a0<\/span><b><span data-contrast=\"auto\">12.00-12.30<\/span><\/b><span data-contrast=\"auto\">: Eb\u00e9dsz\u00fcnet<\/span><span data-ccp-props=\"{&quot;201341983&quot;:0,&quot;335559739&quot;:160,&quot;335559740&quot;:259}\">\u00a0<\/span><\/p> <p><b><span data-contrast=\"auto\">12.30-14.00<\/span><\/b><span data-contrast=\"auto\">:\u00a0<\/span><span data-contrast=\"auto\">A besz\u00e9lget\u00e9s folytat\u00e1sa a chatszob\u00e1kban\u00a0<\/span><span data-contrast=\"auto\">ki\u00e1ll\u00edt\u00f3ink \u00e9s hallgat\u00f3ink r\u00e9szv\u00e9tel\u00e9vel<\/span><span data-ccp-props=\"{&quot;201341983&quot;:0,&quot;335559739&quot;:160,&quot;335559740&quot;:259}\">\u00a0<\/span><\/p> <\/div> <div><\/div>","protected":false},"excerpt":{"rendered":"<p>\u00c1TE \u00c1ll\u00e1sb\u00f6rze 2021.02.18 &#8211; cs\u00fct\u00f6rt\u00f6k Chatszoba linkek Tolnagro Click here to join the meeting Lloyd &amp; Cowan (angolul) Click here to join the meeting Elanco Hungary Kft. Click here to join the meeting Medivet (angolul) Click here to join the meeting \u00c1TE \u00c1llatorvostudom\u00e1nyi Doktori Iskola Click here to join the meeting Bonafarm Csoport Click here<\/p>\n","protected":false},"author":2518,"featured_media":0,"parent":61239,"menu_order":0,"comment_status":"open","ping_status":"open","template":"","meta":{"_acf_changed":false,"footnotes":""},"categories":[],"tags":[],"class_list":["post-62335","page","type-page","status-publish","hentry"],"acf":[],"yoast_head":"<!-- This site is optimized with the Yoast SEO plugin v27.2 - https:\/\/yoast.com\/product\/yoast-seo-wordpress\/ -->\n<title>Program - \u00c1ll\u00e1sb\u00f6rze<\/title>\n<meta name=\"robots\" content=\"index, follow, max-snippet:-1, max-image-preview:large, max-video-preview:-1\" \/>\n<link rel=\"canonical\" href=\"https:\/\/univet.hu\/allasborze\/allasborze-2021\/program\/\" \/>\n<meta property=\"og:locale\" content=\"hu_HU\" \/>\n<meta property=\"og:type\" content=\"article\" \/>\n<meta property=\"og:title\" content=\"Program - \u00c1ll\u00e1sb\u00f6rze\" \/>\n<meta property=\"og:description\" content=\"\u00c1TE \u00c1ll\u00e1sb\u00f6rze 2021.02.18 &#8211; cs\u00fct\u00f6rt\u00f6k Chatszoba linkek Tolnagro Click here to join the meeting Lloyd &amp; Cowan (angolul) Click here to join the meeting Elanco Hungary Kft. Click here to join the meeting Medivet (angolul) Click here to join the meeting \u00c1TE \u00c1llatorvostudom\u00e1nyi Doktori Iskola Click here to join the meeting Bonafarm Csoport Click here\" \/>\n<meta property=\"og:url\" content=\"https:\/\/univet.hu\/allasborze\/allasborze-2021\/program\/\" \/>\n<meta property=\"og:site_name\" content=\"\u00c1ll\u00e1sb\u00f6rze\" \/>\n<meta property=\"article:modified_time\" content=\"2025-01-10T12:54:57+00:00\" \/>\n<meta name=\"twitter:card\" content=\"summary_large_image\" \/>\n<meta name=\"twitter:label1\" content=\"Becs\u00fclt olvas\u00e1si id\u0151\" \/>\n\t<meta name=\"twitter:data1\" content=\"2 perc\" \/>\n<script type=\"application\/ld+json\" class=\"yoast-schema-graph\">{\"@context\":\"https:\/\/schema.org\",\"@graph\":[{\"@type\":\"WebPage\",\"@id\":\"https:\/\/univet.hu\/allasborze\/allasborze-2021\/program\/\",\"url\":\"https:\/\/univet.hu\/allasborze\/allasborze-2021\/program\/\",\"name\":\"Program - \u00c1ll\u00e1sb\u00f6rze\",\"isPartOf\":{\"@id\":\"https:\/\/univet.hu\/allasborze\/#website\"},\"datePublished\":\"2021-02-14T09:12:14+00:00\",\"dateModified\":\"2025-01-10T12:54:57+00:00\",\"breadcrumb\":{\"@id\":\"https:\/\/univet.hu\/allasborze\/allasborze-2021\/program\/#breadcrumb\"},\"inLanguage\":\"hu\",\"potentialAction\":[{\"@type\":\"ReadAction\",\"target\":[\"https:\/\/univet.hu\/allasborze\/allasborze-2021\/program\/\"]}]},{\"@type\":\"BreadcrumbList\",\"@id\":\"https:\/\/univet.hu\/allasborze\/allasborze-2021\/program\/#breadcrumb\",\"itemListElement\":[{\"@type\":\"ListItem\",\"position\":1,\"name\":\"Kezd\u0151lap\",\"item\":\"https:\/\/univet.hu\/allasborze\/\"},{\"@type\":\"ListItem\",\"position\":2,\"name\":\"\u00c1ll\u00e1sb\u00f6rze 2021\",\"item\":\"https:\/\/univet.hu\/allasborze\/allasborze-2021\/\"},{\"@type\":\"ListItem\",\"position\":3,\"name\":\"Program\"}]},{\"@type\":\"WebSite\",\"@id\":\"https:\/\/univet.hu\/allasborze\/#website\",\"url\":\"https:\/\/univet.hu\/allasborze\/\",\"name\":\"\u00c1ll\u00e1sb\u00f6rze\",\"description\":\"\",\"potentialAction\":[{\"@type\":\"SearchAction\",\"target\":{\"@type\":\"EntryPoint\",\"urlTemplate\":\"https:\/\/univet.hu\/allasborze\/?s={search_term_string}\"},\"query-input\":{\"@type\":\"PropertyValueSpecification\",\"valueRequired\":true,\"valueName\":\"search_term_string\"}}],\"inLanguage\":\"hu\"}]}<\/script>\n<!-- \/ Yoast SEO plugin. -->","yoast_head_json":{"title":"Program - \u00c1ll\u00e1sb\u00f6rze","robots":{"index":"index","follow":"follow","max-snippet":"max-snippet:-1","max-image-preview":"max-image-preview:large","max-video-preview":"max-video-preview:-1"},"canonical":"https:\/\/univet.hu\/allasborze\/allasborze-2021\/program\/","og_locale":"hu_HU","og_type":"article","og_title":"Program - \u00c1ll\u00e1sb\u00f6rze","og_description":"\u00c1TE \u00c1ll\u00e1sb\u00f6rze 2021.02.18 &#8211; cs\u00fct\u00f6rt\u00f6k Chatszoba linkek Tolnagro Click here to join the meeting Lloyd &amp; Cowan (angolul) Click here to join the meeting Elanco Hungary Kft. Click here to join the meeting Medivet (angolul) Click here to join the meeting \u00c1TE \u00c1llatorvostudom\u00e1nyi Doktori Iskola Click here to join the meeting Bonafarm Csoport Click here","og_url":"https:\/\/univet.hu\/allasborze\/allasborze-2021\/program\/","og_site_name":"\u00c1ll\u00e1sb\u00f6rze","article_modified_time":"2025-01-10T12:54:57+00:00","twitter_card":"summary_large_image","twitter_misc":{"Becs\u00fclt olvas\u00e1si id\u0151":"2 perc"},"schema":{"@context":"https:\/\/schema.org","@graph":[{"@type":"WebPage","@id":"https:\/\/univet.hu\/allasborze\/allasborze-2021\/program\/","url":"https:\/\/univet.hu\/allasborze\/allasborze-2021\/program\/","name":"Program - \u00c1ll\u00e1sb\u00f6rze","isPartOf":{"@id":"https:\/\/univet.hu\/allasborze\/#website"},"datePublished":"2021-02-14T09:12:14+00:00","dateModified":"2025-01-10T12:54:57+00:00","breadcrumb":{"@id":"https:\/\/univet.hu\/allasborze\/allasborze-2021\/program\/#breadcrumb"},"inLanguage":"hu","potentialAction":[{"@type":"ReadAction","target":["https:\/\/univet.hu\/allasborze\/allasborze-2021\/program\/"]}]},{"@type":"BreadcrumbList","@id":"https:\/\/univet.hu\/allasborze\/allasborze-2021\/program\/#breadcrumb","itemListElement":[{"@type":"ListItem","position":1,"name":"Kezd\u0151lap","item":"https:\/\/univet.hu\/allasborze\/"},{"@type":"ListItem","position":2,"name":"\u00c1ll\u00e1sb\u00f6rze 2021","item":"https:\/\/univet.hu\/allasborze\/allasborze-2021\/"},{"@type":"ListItem","position":3,"name":"Program"}]},{"@type":"WebSite","@id":"https:\/\/univet.hu\/allasborze\/#website","url":"https:\/\/univet.hu\/allasborze\/","name":"\u00c1ll\u00e1sb\u00f6rze","description":"","potentialAction":[{"@type":"SearchAction","target":{"@type":"EntryPoint","urlTemplate":"https:\/\/univet.hu\/allasborze\/?s={search_term_string}"},"query-input":{"@type":"PropertyValueSpecification","valueRequired":true,"valueName":"search_term_string"}}],"inLanguage":"hu"}]}},"_links":{"self":[{"href":"https:\/\/univet.hu\/allasborze\/wp-json\/wp\/v2\/pages\/62335","targetHints":{"allow":["GET"]}}],"collection":[{"href":"https:\/\/univet.hu\/allasborze\/wp-json\/wp\/v2\/pages"}],"about":[{"href":"https:\/\/univet.hu\/allasborze\/wp-json\/wp\/v2\/types\/page"}],"author":[{"embeddable":true,"href":"https:\/\/univet.hu\/allasborze\/wp-json\/wp\/v2\/users\/2518"}],"replies":[{"embeddable":true,"href":"https:\/\/univet.hu\/allasborze\/wp-json\/wp\/v2\/comments?post=62335"}],"version-history":[{"count":1,"href":"https:\/\/univet.hu\/allasborze\/wp-json\/wp\/v2\/pages\/62335\/revisions"}],"predecessor-version":[{"id":172630,"href":"https:\/\/univet.hu\/allasborze\/wp-json\/wp\/v2\/pages\/62335\/revisions\/172630"}],"up":[{"embeddable":true,"href":"https:\/\/univet.hu\/allasborze\/wp-json\/wp\/v2\/pages\/61239"}],"wp:attachment":[{"href":"https:\/\/univet.hu\/allasborze\/wp-json\/wp\/v2\/media?parent=62335"}],"wp:term":[{"taxonomy":"category","embeddable":true,"href":"https:\/\/univet.hu\/allasborze\/wp-json\/wp\/v2\/categories?post=62335"},{"taxonomy":"post_tag","embeddable":true,"href":"https:\/\/univet.hu\/allasborze\/wp-json\/wp\/v2\/tags?post=62335"}],"curies":[{"name":"wp","href":"https:\/\/api.w.org\/{rel}","templated":true}]}}