{"id":62430,"date":"2021-02-17T10:22:14","date_gmt":"2021-02-17T09:22:14","guid":{"rendered":"https:\/\/univet.hu\/hu\/allasborze-2021\/kiallitok\/meadows\/"},"modified":"2025-01-10T13:54:56","modified_gmt":"2025-01-10T12:54:56","slug":"meadows-vets-centre","status":"publish","type":"page","link":"https:\/\/univet.hu\/allasborze\/allasborze-2021\/kiallitok\/meadows-vets-centre\/","title":{"rendered":"Meadows Vets Centre"},"content":{"rendered":"<p style=\"text-align: center\"><strong>Introducing:<\/strong><\/p> <p style=\"text-align: center\"><strong>Final Year Apprenticeship\u00a0<\/strong><strong>with Meadows Vets Centre<\/strong><\/p> <p><a href=\"https:\/\/univet.hu\/allasborze\/wp-content\/uploads\/sites\/2\/2021\/02\/meadow.png\" target=\"_blank\" rel=\"https:\/\/meadowsvets.co.uk\/ noopener\"><img loading=\"lazy\" decoding=\"async\" class=\"aligncenter wp-image-62431 size-medium\" src=\"https:\/\/univet.hu\/allasborze\/wp-content\/uploads\/sites\/2\/2021\/02\/meadow-320x80.png\" alt=\"\" width=\"320\" height=\"80\" srcset=\"https:\/\/univet.hu\/allasborze\/wp-content\/uploads\/sites\/2\/2021\/02\/meadow-320x80.png 320w, https:\/\/univet.hu\/allasborze\/wp-content\/uploads\/sites\/2\/2021\/02\/meadow-768x192.png 768w, https:\/\/univet.hu\/allasborze\/wp-content\/uploads\/sites\/2\/2021\/02\/meadow-300x75.png 300w, https:\/\/univet.hu\/allasborze\/wp-content\/uploads\/sites\/2\/2021\/02\/meadow.png 942w\" sizes=\"auto, (max-width: 320px) 100vw, 320px\" \/><\/a><\/p> <p>This award provides funding to the value of \u00a31500 and the potential offer of a full time job as a qualified vet. Funded by Meadows Vet Centre, Aberdeenshire, this award includes around 8 weeks of extra-mural studies placement training, specific to your eventual job, in this busy, genuinely mixed practice in Aberdeenshire.<\/p> <p>Applications for this apprenticeship are invited from all 4th years studying veterinary medicine with a keen interest in and commitment to beginning their career in mixed practice. To apply please send us your CV and a covering letter.<\/p> <p>Applicants successful in the first phase of selection will be invited to spend 1- 2 weeks of EMS with us during your 4th year. The successful recipient will be decided on during the summer prior to the start of their final academic year.<\/p> <p><strong>Meadows Veterinary Centre:<\/strong><\/p> <p>We are a 9 vet mixed practice with a main centre in Oldmeldrum, situated approximately 20 minutes from Aberdeen, and a smaller surgery in New Deer, approximately 15 miles to the North. Our New Deer surgery is primarily our large animal office with regular small animal consulting. Oldmeldrum is our main centre and has our small animal operating facilities, and 2 stables for on-site equine and farm work.<\/p> <p>With a mix of experienced, qualified veterinary nurses, assisted by our student nurses and admin staff it is a great environment in which to learn. Whether it&#8217;s getting the basics like small animal neutering operations perfected or helping out on more complex orthopaedic procedures we can provide the range of experience needed to enhance your EMS record. From dairy fertility visits in the morning to equine lameness work-ups in the afternoon every day can be as varied as the next.<a href=\"https:\/\/univet.hu\/allasborze\/wp-content\/uploads\/sites\/2\/2021\/02\/meadow2.jpg\"><img loading=\"lazy\" decoding=\"async\" class=\"alignright size-full wp-image-62432\" src=\"https:\/\/univet.hu\/allasborze\/wp-content\/uploads\/sites\/2\/2021\/02\/meadow2.jpg\" alt=\"\" width=\"275\" height=\"183\" \/><\/a><\/p> <p><strong>More Details<\/strong><\/p> <p>Following a successful 4th year EMS placement, students who indicate a strong interest in accepting a job at Meadows Vets Centre upon graduation (with a flexible start date up to mid-September in the year of graduation) will be considered by the directors of the practice for the final year apprenticeship.<\/p> <p>We would recommend arranging to come and see practice for this 1-2 week block during our seasonally busy period which is from Christmas till May. We would prefer to have only 1 student with us at a time to ensure the maximum interaction with all aspects of the practice. There is spacious bed-sit type accommodation available at the Oldmeldrum surgery for those who require somewhere to stay. Active participation in evening call-outs and weekend work is encouraged to get a real-life feel for the 24 hour nature of our work.<\/p> <p><strong>No such thing as a free lunch?<\/strong><\/p> <p>Come prepared for all aspects of mixed practice from routine dairy fertility visits, equine lameness investigations, small animal consults to challenging medical and surgical cases. You don&#8217;t have to worry about a packed lunch &#8211; lunch is supplied.<\/p> <p>If you have a particular interest in any aspect of mixed practice let us know and we can tailor the time to maximise your chances of impressing us with your skills and knowledge.<\/p> <p>At the end of the placement we&#8217;ll discuss your experience with us and you&#8217;ll be given an opportunity to give feedback and confirm whether or not you&#8217;d like to be considered for the apprenticeship award. We would then request that all EMS students inform us of the outcome of their 4th year exams. All those who have successfully reached final year will be short-listed and the directors will choose a new apprentice. A formal offer will then be made consisting of a detailed employment contract and how the award of \u00a31500 will made during the course of final year.<\/p> <p><strong><a href=\"https:\/\/univet.hu\/allasborze\/wp-content\/uploads\/sites\/2\/2021\/02\/meadow3.png.jpg\"><img loading=\"lazy\" decoding=\"async\" class=\"alignleft wp-image-62433 size-medium\" src=\"https:\/\/univet.hu\/allasborze\/wp-content\/uploads\/sites\/2\/2021\/02\/meadow3.png-320x240.jpg\" alt=\"\" width=\"320\" height=\"240\" srcset=\"https:\/\/univet.hu\/allasborze\/wp-content\/uploads\/sites\/2\/2021\/02\/meadow3.png-320x240.jpg 320w, https:\/\/univet.hu\/allasborze\/wp-content\/uploads\/sites\/2\/2021\/02\/meadow3.png-300x225.jpg 300w, https:\/\/univet.hu\/allasborze\/wp-content\/uploads\/sites\/2\/2021\/02\/meadow3.png.jpg 640w\" sizes=\"auto, (max-width: 320px) 100vw, 320px\" \/><\/a>Payments<\/strong><\/p> <p>\u00a3500 will be paid upon acceptance of the apprenticeship contract.<\/p> <p>\u00a31000 will be paid following a successful appraisal in February. We would expect a minimum of 2-3 weeks EMS to be completed and assessed by this time. These payments are yours to keep and are not dependant on whether a job is ultimately available at the end of the apprenticeship.<\/p> <p><strong>A Change of Heart<\/strong><\/p> <p>If either party have a change of heart at this stage the final payment and employment contract can be cancelled.<\/p> <p>If you fail your finals the job offer <em>may<\/em> be retained subject to passing a re-sit and re-setting a new proposed start date.<\/p> <p><strong>Job Confirmation Date:<\/strong><\/p> <p>If a position at Meadows vets is not going to be available following your graduation we will inform you no later than 31<sup>st<\/sup> May. The employment contract will be cancelled at this time. The apprenticeship payments do not need to be refunded.<\/p> <p><strong>\u00a0<\/strong><strong>Working as a Vet at Meadows Vets &#8211; Rewards and Benefits<\/strong><\/p> <p>Pay &#8211; We regularly check our salaries against similar positions nationwide to ensure we offer a competitive package. We&#8217;ll review your basic pay every year and offer extra performance rewards to recognise individual achievements.<\/p> <p>Holidays &#8211; 30 days holiday<\/p> <p>Employee Discount &#8211; Employees benefit from our generous discount scheme on products and services from the practice.<\/p> <p>Pension &#8211; Meadows operates an auto-enrolment type pension which means you benefit from employer contributions to your pension.<\/p> <p>Health Insurance &#8211; Private medical referral care ensures our vets have a choice of consultant, no waiting list and convenient appointment times.<\/p> <p>Professional Memberships &#8211; RCVS fees and professional indemnity cover paid<\/p> <p>Accommodation &#8211; 2 bed house\/flat with garden away from the surgeries, council tax paid.<\/p> <p>Sabbatical Option &#8211; An opportunity to take a break from work for up to 3 months. Available after completing 18 months of employment.<\/p> <p>Training \/ CPD &#8211; up to 5 days of annual external CPD days per annum and plenty of help from experienced members of staff to complete your PDP from our naturally wide range of cases.<\/p> <p>Salary sacrifice schemes<\/p> <p>&#8211; Child care vouchers<\/p> <p>&#8211; Company car*<\/p> <p>* 1 \u2013 Company van &#8211;\u00a0 see below for details<\/p> <p>*2 &#8211; Provide your own vehicle and receive 45p\/mile for your travel on practice business (visits, CPD travel etc) for the 10,000 miles then 25p\/mile thereafter. Assistant mileage can be as high as 15,000 miles = \u00a35750, tax free to cover your running costs.<\/p> <p><strong>Our Newly Qualified Apprentices:<\/strong><\/p> <p>Our 1<sup>st<\/sup> 2 apprentices started this summer after successfully completing their checklists (and passing final exams &amp; graduating). June and Louisa have made a really positive start to their professional careers. They have given feedback: \u201cthe apprenticeship programme has really made the transition into working life smooth, from being able to find equipment, using the x-ray machine and practice management system, to building a positive relationship with many clients before starting work\u201d.<\/p> <p><strong>Company Van Option<a href=\"https:\/\/univet.hu\/allasborze\/wp-content\/uploads\/sites\/2\/2021\/02\/meadow4.png.jpg\"><img loading=\"lazy\" decoding=\"async\" class=\"alignright size-medium wp-image-62434\" src=\"https:\/\/univet.hu\/allasborze\/wp-content\/uploads\/sites\/2\/2021\/02\/meadow4.png-320x240.jpg\" alt=\"\" width=\"320\" height=\"240\" srcset=\"https:\/\/univet.hu\/allasborze\/wp-content\/uploads\/sites\/2\/2021\/02\/meadow4.png-320x240.jpg 320w, https:\/\/univet.hu\/allasborze\/wp-content\/uploads\/sites\/2\/2021\/02\/meadow4.png-768x576.jpg 768w, https:\/\/univet.hu\/allasborze\/wp-content\/uploads\/sites\/2\/2021\/02\/meadow4.png-1024x768.jpg 1024w, https:\/\/univet.hu\/allasborze\/wp-content\/uploads\/sites\/2\/2021\/02\/meadow4.png-1536x1152.jpg 1536w, https:\/\/univet.hu\/allasborze\/wp-content\/uploads\/sites\/2\/2021\/02\/meadow4.png-2048x1536.jpg 2048w, https:\/\/univet.hu\/allasborze\/wp-content\/uploads\/sites\/2\/2021\/02\/meadow4.png-300x225.jpg 300w\" sizes=\"auto, (max-width: 320px) 100vw, 320px\" \/><\/a><\/strong><\/p> <p>We will endeavour to provide a high-spec Corsa-style commercial vehicle suitable for company use which is for the purposes of carrying out your duties.<\/p> <p>&#8216;Commercial vehicles&#8217; such as vans used for business use do not attract any tax penalty. As you are expected to be on-call from home you are also entitled to use the vehicle to and from home. Please note that the provision of an average company car would cost you between \u00a31500 and \u00a31800 in tax per year.<\/p> <p><strong>\u00a0<\/strong>The rules and procedures in relation to the use of the company vehicle are set out below in the practice\u2019s car policy.<\/p> <p>The provision of a company vehicle is conditional upon you holding a valid full driving license for 2 years entitling you to drive motor cars in the United Kingdom, having a clean driving record and being an acceptable insurance risk.\u00a0 You will provide the practice with a copy of your driving licence (including access to your DVLA Access Code) from time to time as reasonably requested and you must immediately notify the practice if you re disqualified from driving.<\/p> <p>Subject to you remaining entitled to a practice vehicle we will pay the costs of insuring and taxing the vehicle and will reimburse you, upon production of satisfactory evidence of payment, for all reasonable running expenses (including fuel, lubrication, maintenance and repairs \u2013 covered via maintenance agreement with the leasing company) in connection with such use in so far as they are properly incurred by you in the performance of your duties for the practice.<\/p> <p>You shall:<\/p> <ul> <li>take good care of the vehicle and ensure that the provisions of the practice&#8217;s car policy as amended from time to time and any policy of insurance relating to the car are observed;<\/li> <li>you will ensure that the vehicle is not used in a condition which contravenes any relevant law or regulation and, if required, that a current MOT test certificate is in force in respect of it.<\/li> <li>\u00a0be responsible for payment of all fines, incurred for traffic offences and parking fines;<\/li> <li>notify the practice of any accidents involving the vehicle (whether or not these take place while you are on business) likely to give rise to a claim under the insurance policy or any other events which should be notified to the insurers;<\/li> <li>immediately inform the practice if you are convicted of a driving offence or disqualified from driving;<\/li> <li>return the vehicle in good condition, with all keys, accessories and documentation relating to it and fuel card (if provided) to the practice or such other place as the practice may reasonably stipulate immediately on the termination of your employment howsoever arising or on you becoming no longer legally entitled to drive or during any period of absence from work due to illness or injury which exceeds 3 months; and<\/li> <li>the provision of the practice vehicle may be withdrawn if any of the above are contravened, or following an accident where you are found responsible and the vehicle is &#8216;written-off&#8217;, or following any minor accidents where you are found responsible and\/or the insurance premium is increased by more than 10% for whatever reason. You may also be liable to pay the company\u2019s insurance excess amount in such circumstances;<\/li> <li>mileage out with business use: you are entitled to reasonable use of the Company car for your private purposes in the United Kingdom however private fuel for long journeys (more than fifty miles) or holidays will not be paid by us. You agree that no members of your family may drive the Company vehicle. You understand you may become liable for a benefit in kind tax charge for fuel used for such mileage, as decided by HMRC, at any point in the future.<\/li> <\/ul> <p>You are entitled to reasonable use of the practice car for your private purposes in the United Kingdom however private fuel for long journeys (more than fifty miles) or holidays will not be paid by us.<\/p> <p><strong>More information:\u00a0<a href=\"https:\/\/meadowsvets.co.uk\/\">https:\/\/meadowsvets.co.uk\/<\/a><\/strong><\/p> <p>&nbsp;<\/p> <p>&nbsp;<\/p> <p><strong>\u00a0<\/strong><\/p> <p>&nbsp;<\/p>","protected":false},"excerpt":{"rendered":"<p>Introducing: Final Year Apprenticeship\u00a0with Meadows Vets Centre This award provides funding to the value of \u00a31500 and the potential offer of a full time job as a qualified vet. Funded by Meadows Vet Centre, Aberdeenshire, this award includes around 8 weeks of extra-mural studies placement training, specific to your eventual job, in this busy, genuinely<\/p>\n","protected":false},"author":2518,"featured_media":0,"parent":61461,"menu_order":0,"comment_status":"open","ping_status":"open","template":"","meta":{"_acf_changed":false,"footnotes":""},"categories":[],"tags":[],"class_list":["post-62430","page","type-page","status-publish","hentry"],"acf":[],"yoast_head":"<!-- This site is optimized with the Yoast SEO plugin v27.2 - https:\/\/yoast.com\/product\/yoast-seo-wordpress\/ -->\n<title>Meadows Vets Centre - \u00c1ll\u00e1sb\u00f6rze<\/title>\n<meta name=\"robots\" content=\"index, follow, max-snippet:-1, max-image-preview:large, max-video-preview:-1\" \/>\n<link rel=\"canonical\" href=\"https:\/\/univet.hu\/allasborze\/allasborze-2021\/kiallitok\/meadows-vets-centre\/\" \/>\n<meta property=\"og:locale\" content=\"hu_HU\" \/>\n<meta property=\"og:type\" content=\"article\" \/>\n<meta property=\"og:title\" content=\"Meadows Vets Centre - \u00c1ll\u00e1sb\u00f6rze\" \/>\n<meta property=\"og:description\" content=\"Introducing: Final Year Apprenticeship\u00a0with Meadows Vets Centre This award provides funding to the value of \u00a31500 and the potential offer of a full time job as a qualified vet. Funded by Meadows Vet Centre, Aberdeenshire, this award includes around 8 weeks of extra-mural studies placement training, specific to your eventual job, in this busy, genuinely\" \/>\n<meta property=\"og:url\" content=\"https:\/\/univet.hu\/allasborze\/allasborze-2021\/kiallitok\/meadows-vets-centre\/\" \/>\n<meta property=\"og:site_name\" content=\"\u00c1ll\u00e1sb\u00f6rze\" \/>\n<meta property=\"article:modified_time\" content=\"2025-01-10T12:54:56+00:00\" \/>\n<meta property=\"og:image\" content=\"https:\/\/univet.hu\/allasborze\/wp-content\/uploads\/sites\/2\/2021\/02\/meadow-320x80.png\" \/>\n<meta name=\"twitter:card\" content=\"summary_large_image\" \/>\n<meta name=\"twitter:label1\" content=\"Becs\u00fclt olvas\u00e1si id\u0151\" \/>\n\t<meta name=\"twitter:data1\" content=\"9 perc\" \/>\n<script type=\"application\/ld+json\" class=\"yoast-schema-graph\">{\"@context\":\"https:\/\/schema.org\",\"@graph\":[{\"@type\":\"WebPage\",\"@id\":\"https:\/\/univet.hu\/allasborze\/allasborze-2021\/kiallitok\/meadows-vets-centre\/\",\"url\":\"https:\/\/univet.hu\/allasborze\/allasborze-2021\/kiallitok\/meadows-vets-centre\/\",\"name\":\"Meadows Vets Centre - \u00c1ll\u00e1sb\u00f6rze\",\"isPartOf\":{\"@id\":\"https:\/\/univet.hu\/allasborze\/#website\"},\"primaryImageOfPage\":{\"@id\":\"https:\/\/univet.hu\/allasborze\/allasborze-2021\/kiallitok\/meadows-vets-centre\/#primaryimage\"},\"image\":{\"@id\":\"https:\/\/univet.hu\/allasborze\/allasborze-2021\/kiallitok\/meadows-vets-centre\/#primaryimage\"},\"thumbnailUrl\":\"https:\/\/univet.hu\/allasborze\/wp-content\/uploads\/sites\/2\/2021\/02\/meadow-320x80.png\",\"datePublished\":\"2021-02-17T09:22:14+00:00\",\"dateModified\":\"2025-01-10T12:54:56+00:00\",\"breadcrumb\":{\"@id\":\"https:\/\/univet.hu\/allasborze\/allasborze-2021\/kiallitok\/meadows-vets-centre\/#breadcrumb\"},\"inLanguage\":\"hu\",\"potentialAction\":[{\"@type\":\"ReadAction\",\"target\":[\"https:\/\/univet.hu\/allasborze\/allasborze-2021\/kiallitok\/meadows-vets-centre\/\"]}]},{\"@type\":\"ImageObject\",\"inLanguage\":\"hu\",\"@id\":\"https:\/\/univet.hu\/allasborze\/allasborze-2021\/kiallitok\/meadows-vets-centre\/#primaryimage\",\"url\":\"https:\/\/univet.hu\/allasborze\/wp-content\/uploads\/sites\/2\/2021\/02\/meadow.png\",\"contentUrl\":\"https:\/\/univet.hu\/allasborze\/wp-content\/uploads\/sites\/2\/2021\/02\/meadow.png\",\"width\":942,\"height\":235},{\"@type\":\"BreadcrumbList\",\"@id\":\"https:\/\/univet.hu\/allasborze\/allasborze-2021\/kiallitok\/meadows-vets-centre\/#breadcrumb\",\"itemListElement\":[{\"@type\":\"ListItem\",\"position\":1,\"name\":\"Kezd\u0151lap\",\"item\":\"https:\/\/univet.hu\/allasborze\/\"},{\"@type\":\"ListItem\",\"position\":2,\"name\":\"\u00c1ll\u00e1sb\u00f6rze 2021\",\"item\":\"https:\/\/univet.hu\/allasborze\/allasborze-2021\/\"},{\"@type\":\"ListItem\",\"position\":3,\"name\":\"Ki\u00e1ll\u00edt\u00f3k\",\"item\":\"https:\/\/univet.hu\/allasborze\/allasborze-2021\/kiallitok\/\"},{\"@type\":\"ListItem\",\"position\":4,\"name\":\"Meadows Vets Centre\"}]},{\"@type\":\"WebSite\",\"@id\":\"https:\/\/univet.hu\/allasborze\/#website\",\"url\":\"https:\/\/univet.hu\/allasborze\/\",\"name\":\"\u00c1ll\u00e1sb\u00f6rze\",\"description\":\"\",\"potentialAction\":[{\"@type\":\"SearchAction\",\"target\":{\"@type\":\"EntryPoint\",\"urlTemplate\":\"https:\/\/univet.hu\/allasborze\/?s={search_term_string}\"},\"query-input\":{\"@type\":\"PropertyValueSpecification\",\"valueRequired\":true,\"valueName\":\"search_term_string\"}}],\"inLanguage\":\"hu\"}]}<\/script>\n<!-- \/ Yoast SEO plugin. -->","yoast_head_json":{"title":"Meadows Vets Centre - \u00c1ll\u00e1sb\u00f6rze","robots":{"index":"index","follow":"follow","max-snippet":"max-snippet:-1","max-image-preview":"max-image-preview:large","max-video-preview":"max-video-preview:-1"},"canonical":"https:\/\/univet.hu\/allasborze\/allasborze-2021\/kiallitok\/meadows-vets-centre\/","og_locale":"hu_HU","og_type":"article","og_title":"Meadows Vets Centre - \u00c1ll\u00e1sb\u00f6rze","og_description":"Introducing: Final Year Apprenticeship\u00a0with Meadows Vets Centre This award provides funding to the value of \u00a31500 and the potential offer of a full time job as a qualified vet. Funded by Meadows Vet Centre, Aberdeenshire, this award includes around 8 weeks of extra-mural studies placement training, specific to your eventual job, in this busy, genuinely","og_url":"https:\/\/univet.hu\/allasborze\/allasborze-2021\/kiallitok\/meadows-vets-centre\/","og_site_name":"\u00c1ll\u00e1sb\u00f6rze","article_modified_time":"2025-01-10T12:54:56+00:00","og_image":[{"url":"https:\/\/univet.hu\/allasborze\/wp-content\/uploads\/sites\/2\/2021\/02\/meadow-320x80.png","type":"","width":"","height":""}],"twitter_card":"summary_large_image","twitter_misc":{"Becs\u00fclt olvas\u00e1si id\u0151":"9 perc"},"schema":{"@context":"https:\/\/schema.org","@graph":[{"@type":"WebPage","@id":"https:\/\/univet.hu\/allasborze\/allasborze-2021\/kiallitok\/meadows-vets-centre\/","url":"https:\/\/univet.hu\/allasborze\/allasborze-2021\/kiallitok\/meadows-vets-centre\/","name":"Meadows Vets Centre - \u00c1ll\u00e1sb\u00f6rze","isPartOf":{"@id":"https:\/\/univet.hu\/allasborze\/#website"},"primaryImageOfPage":{"@id":"https:\/\/univet.hu\/allasborze\/allasborze-2021\/kiallitok\/meadows-vets-centre\/#primaryimage"},"image":{"@id":"https:\/\/univet.hu\/allasborze\/allasborze-2021\/kiallitok\/meadows-vets-centre\/#primaryimage"},"thumbnailUrl":"https:\/\/univet.hu\/allasborze\/wp-content\/uploads\/sites\/2\/2021\/02\/meadow-320x80.png","datePublished":"2021-02-17T09:22:14+00:00","dateModified":"2025-01-10T12:54:56+00:00","breadcrumb":{"@id":"https:\/\/univet.hu\/allasborze\/allasborze-2021\/kiallitok\/meadows-vets-centre\/#breadcrumb"},"inLanguage":"hu","potentialAction":[{"@type":"ReadAction","target":["https:\/\/univet.hu\/allasborze\/allasborze-2021\/kiallitok\/meadows-vets-centre\/"]}]},{"@type":"ImageObject","inLanguage":"hu","@id":"https:\/\/univet.hu\/allasborze\/allasborze-2021\/kiallitok\/meadows-vets-centre\/#primaryimage","url":"https:\/\/univet.hu\/allasborze\/wp-content\/uploads\/sites\/2\/2021\/02\/meadow.png","contentUrl":"https:\/\/univet.hu\/allasborze\/wp-content\/uploads\/sites\/2\/2021\/02\/meadow.png","width":942,"height":235},{"@type":"BreadcrumbList","@id":"https:\/\/univet.hu\/allasborze\/allasborze-2021\/kiallitok\/meadows-vets-centre\/#breadcrumb","itemListElement":[{"@type":"ListItem","position":1,"name":"Kezd\u0151lap","item":"https:\/\/univet.hu\/allasborze\/"},{"@type":"ListItem","position":2,"name":"\u00c1ll\u00e1sb\u00f6rze 2021","item":"https:\/\/univet.hu\/allasborze\/allasborze-2021\/"},{"@type":"ListItem","position":3,"name":"Ki\u00e1ll\u00edt\u00f3k","item":"https:\/\/univet.hu\/allasborze\/allasborze-2021\/kiallitok\/"},{"@type":"ListItem","position":4,"name":"Meadows Vets Centre"}]},{"@type":"WebSite","@id":"https:\/\/univet.hu\/allasborze\/#website","url":"https:\/\/univet.hu\/allasborze\/","name":"\u00c1ll\u00e1sb\u00f6rze","description":"","potentialAction":[{"@type":"SearchAction","target":{"@type":"EntryPoint","urlTemplate":"https:\/\/univet.hu\/allasborze\/?s={search_term_string}"},"query-input":{"@type":"PropertyValueSpecification","valueRequired":true,"valueName":"search_term_string"}}],"inLanguage":"hu"}]}},"_links":{"self":[{"href":"https:\/\/univet.hu\/allasborze\/wp-json\/wp\/v2\/pages\/62430","targetHints":{"allow":["GET"]}}],"collection":[{"href":"https:\/\/univet.hu\/allasborze\/wp-json\/wp\/v2\/pages"}],"about":[{"href":"https:\/\/univet.hu\/allasborze\/wp-json\/wp\/v2\/types\/page"}],"author":[{"embeddable":true,"href":"https:\/\/univet.hu\/allasborze\/wp-json\/wp\/v2\/users\/2518"}],"replies":[{"embeddable":true,"href":"https:\/\/univet.hu\/allasborze\/wp-json\/wp\/v2\/comments?post=62430"}],"version-history":[{"count":1,"href":"https:\/\/univet.hu\/allasborze\/wp-json\/wp\/v2\/pages\/62430\/revisions"}],"predecessor-version":[{"id":172624,"href":"https:\/\/univet.hu\/allasborze\/wp-json\/wp\/v2\/pages\/62430\/revisions\/172624"}],"up":[{"embeddable":true,"href":"https:\/\/univet.hu\/allasborze\/wp-json\/wp\/v2\/pages\/61461"}],"wp:attachment":[{"href":"https:\/\/univet.hu\/allasborze\/wp-json\/wp\/v2\/media?parent=62430"}],"wp:term":[{"taxonomy":"category","embeddable":true,"href":"https:\/\/univet.hu\/allasborze\/wp-json\/wp\/v2\/categories?post=62430"},{"taxonomy":"post_tag","embeddable":true,"href":"https:\/\/univet.hu\/allasborze\/wp-json\/wp\/v2\/tags?post=62430"}],"curies":[{"name":"wp","href":"https:\/\/api.w.org\/{rel}","templated":true}]}}