{"id":62448,"date":"2021-02-17T20:46:06","date_gmt":"2021-02-17T19:46:06","guid":{"rendered":"https:\/\/univet.hu\/hu\/allasborze-2021\/kiallitok\/name\/"},"modified":"2025-01-10T13:54:56","modified_gmt":"2025-01-10T12:54:56","slug":"pannon-logyogyaszati-es-rehabilitacios-kft","status":"publish","type":"page","link":"https:\/\/univet.hu\/allasborze\/allasborze-2021\/kiallitok\/pannon-logyogyaszati-es-rehabilitacios-kft\/","title":{"rendered":"Pannon L\u00f3gy\u00f3gy\u00e1szati \u00e9s Rehabilit\u00e1ci\u00f3s Kft."},"content":{"rendered":"<p>Kelet-Eur\u00f3pa legfelszereltebb mag\u00e1nklinik\u00e1j\u00e1n angol, osztr\u00e1k, holland, n\u00e9met \u00e9s magyar eur\u00f3pai szakvizsg\u00e1s \u00e1llatorvosok t\u00e1mogat\u00e1sa mellett szerezheti meg a l\u00f3gy\u00f3gy\u00e1szathoz sz\u00fcks\u00e9ges szakmai tud\u00e1st, gyakorlatot. Szolg\u00e1ltat\u00e1saink k\u00f6zt szerepel: ortop\u00e9dia, s\u00e1ntas\u00e1g diagnosztika, fejseb\u00e9szet, fogt\u00f6m\u00e9s, komplex szaporod\u00e1sbiol\u00f3gia, belgy\u00f3gy\u00e1szati \u00e9s sz\u00e9lesk\u00f6r\u0171 seb\u00e9szeti ell\u00e1t\u00e1s, artroszk\u00f3pia, laparoszk\u00f3pia, l\u00e9zerseb\u00e9szet, v\u00edzi rehabilit\u00e1ci\u00f3s tev\u00e9kenys\u00e9g. Alkalmazott k\u00e9palkot\u00f3 diagnosztikai elj\u00e1r\u00e1saink: CT, r\u00f6ntgen, ultrahang, l\u00e9g\u00fati- \u00e9s gyomort\u00fckr\u00f6z\u00e9s. A megfelel\u0151 gyakorlat megszerz\u00e9s\u00e9hez magas esetsz\u00e1m j\u00e1rul hozz\u00e1 (\u00e9vi 1600 l\u00f3gy\u00f3gy\u00e1szati eset).<\/p> <p>Tov\u00e1bbi inform\u00e1ci\u00f3:\u00a0<a href=\"http:\/\/plsz.hu\/\">plsz.hu<\/a><\/p> <p><a href=\"https:\/\/univet.hu\/allasborze\/wp-content\/uploads\/sites\/2\/2021\/02\/PLSZ-logo.jpg\"><img loading=\"lazy\" decoding=\"async\" class=\"size-medium wp-image-62451 aligncenter\" src=\"https:\/\/univet.hu\/allasborze\/wp-content\/uploads\/sites\/2\/2021\/02\/PLSZ-logo-272x320.jpg\" alt=\"\" width=\"272\" height=\"320\" srcset=\"https:\/\/univet.hu\/allasborze\/wp-content\/uploads\/sites\/2\/2021\/02\/PLSZ-logo-272x320.jpg 272w, https:\/\/univet.hu\/allasborze\/wp-content\/uploads\/sites\/2\/2021\/02\/PLSZ-logo-768x903.jpg 768w, https:\/\/univet.hu\/allasborze\/wp-content\/uploads\/sites\/2\/2021\/02\/PLSZ-logo-871x1024.jpg 871w, https:\/\/univet.hu\/allasborze\/wp-content\/uploads\/sites\/2\/2021\/02\/PLSZ-logo-255x300.jpg 255w, https:\/\/univet.hu\/allasborze\/wp-content\/uploads\/sites\/2\/2021\/02\/PLSZ-logo.jpg 1136w\" sizes=\"auto, (max-width: 272px) 100vw, 272px\" \/><\/a><\/p> <p><strong>Internship poz\u00edci\u00f3 a Pannon L\u00f3gy\u00f3gy\u00e1szati \u00e9s Rehabilit\u00e1ci\u00f3s Kft.-n\u00e9l<\/strong><\/p> <p><strong>\u00a0<\/strong>\u00c1llatorvos munkat\u00e1rsat keres\u00fcnk fizetett gyakornok poz\u00edci\u00f3ba.<\/p> <p>Jelentkez\u00e9s: f\u00e9nyk\u00e9pes \u00f6n\u00e9letrajzzal (gyakorlati tapasztalat, lovas tapasztalat, lovas tud\u00e1s kiemel\u00e9se) e-mailben <a class=\"decrypt\" rel=\"bmmbt\/qmt{::Ahnbjm\/dpn\" href=\"javascript:void(0);\">[Kattintson az emailc\u00edmhez]<\/a><\/p> <p>Jelentkez\u00e9si hat\u00e1rid\u0151: 2021.03.18.<\/p> <p>Munkaid\u0151: napi 8 \u00f3ra heti 5 napon, rugalmas munkaid\u0151ben. Munkakezd\u00e9s 8:00-kor.<\/p> <p>Munkav\u00e9gz\u00e9s helye: A klinika, illetve a lovak tart\u00e1si helye.<\/p> <p>Pr\u00f3bamunka: 3 nap \u2013 a sz\u00e1ll\u00e1st biztos\u00edtjuk, az utaz\u00e1st t\u00e9r\u00edtj\u00fck<\/p> <p>Pr\u00f3baid\u0151: 1 h\u00f3nap<\/p> <p>Munkakezd\u00e9s ideje: megbesz\u00e9l\u00e9s szerint<\/p> <p>Versenyk\u00e9pes fizet\u00e9s<\/p> <p>Amire lehet\u0151s\u00e9get biztos\u00edtunk l\u00f3gy\u00f3gy\u00e1szat ter\u00fclet\u00e9n:<\/p> <ul> <li>Injekci\u00f3 bead\u00e1sok, v\u00e9rv\u00e9telek, vakcin\u00e1z\u00e1s<\/li> <li>K\u00f3rh\u00e1zi betegek fel\u00fcgyelet melletti ell\u00e1t\u00e1sa, k\u00e9s\u0151bbiekben szakmai fel\u00fcgyelete, m\u0171t\u00e9tre val\u00f3 el\u0151k\u00e9sz\u00edt\u00e9se<\/li> <li>S\u00fcrg\u0151ss\u00e9gi betegell\u00e1t\u00e1sban val\u00f3 akt\u00edv r\u00e9szv\u00e9tel: betanul\u00e1si id\u0151szakot k\u00f6vet\u0151en \u00f6n\u00e1ll\u00f3 ell\u00e1t\u00e1s, \u00fcgyeleti rendszerbe val\u00f3 bekapcsol\u00f3d\u00e1s (els\u0151sorban k\u00f3lika, sebvarr\u00e1sok, teny\u00e9szszezonban kanc\u00e1k\/csik\u00f3k s\u00fcrg\u0151ss\u00e9gi ell\u00e1t\u00e1sa)<\/li> <li>S\u00e1ntas\u00e1g diagnosztika: els\u0151 harmad\u00e9vben els\u0151sorban megfigyel\u00e9s, hajl\u00edt\u00e1si pr\u00f3b\u00e1k kivitelez\u00e9se, majd m\u00e1sodik harmad\u00e9vt\u0151l fel\u00fcgyelettel diagnosztikai \u00e9rz\u00e9stelen\u00edt\u00e9s kivitelez\u00e9se, harmadik harmad\u00e9vt\u0151l ak\u00e1r fel\u00fcgyelettel \u00edz\u00fclet\u00e9rz\u00e9stelen\u00edt\u00e9s\/kezel\u00e9s<\/li> <li>Szaporod\u00e1sbiol\u00f3gia: kezdetben fel\u00fcgyelet alatt, majd \u00f6n\u00e1ll\u00f3an ultrahangos ciklusdiagnosztika, vemhess\u00e9gvizsg\u00e1lat, m\u00e9hmos\u00e1s, mintav\u00e9telek, m\u00e9hkezel\u00e9sek, MBV ell\u00e1t\u00e1sa<\/li> <li>K\u00e9palkot\u00f3 diagnosztika: r\u00f6ntgen, ultrahang, endoszk\u00f3p haszn\u00e1lata kezdetben megfigyel\u00e9s, majd fel\u00fcgyelettel, v\u00e9g\u00fcl \u00f6n\u00e1ll\u00f3an. CT vizsg\u00e1latokn\u00e1l b\u00f3d\u00edt\u00e1sban, aneszt\u00e9zi\u00e1ban akt\u00edv r\u00e9szv\u00e9tel.<\/li> <li>Fog\u00e1szat: rutin sz\u00e1j\u00fcregvizsg\u00e1lat, fogreszel\u00e9s megfigyel\u00e9s, majd \u00f6n\u00e1ll\u00f3 kivitelez\u00e9s, magasabb szint\u0171 fog\u00e1szati esetek megfigyel\u00e9se, valamint \u00f6n\u00e1ll\u00f3 ut\u00f3kezel\u00e9se (fogh\u00faz\u00e1sok, endodont\u00e1lis kezel\u00e9sek, fogt\u00f6m\u00e9s)<\/li> <li>Seb\u00e9szet: aneszt\u00e9zi\u00e1ban akt\u00edv r\u00e9szv\u00e9tel, m\u0171t\u00e9tekn\u00e9l assziszt\u00e1l\u00e1si lehet\u0151s\u00e9g, m\u00e1sodik harmad\u00e9vt\u0151l s\u00e9r\u00fcl\u00e9sek, sebek \u00f6n\u00e1ll\u00f3 ell\u00e1t\u00e1sa az \u00e1llat tart\u00e1si hely\u00e9n<\/li> <li>Belgy\u00f3gy\u00e1szat: komplex belgy\u00f3gy\u00e1szati kivizsg\u00e1l\u00e1s \u00e9s kezel\u00e9s els\u0151sorban megfigyel\u00e9se<\/li> <li>Ad\u00e1sv\u00e9teli vizsg\u00e1latok: els\u0151sorban megfigyel\u00e9s<\/li> <\/ul> <p>Kis\u00e1llatgy\u00f3gy\u00e1szat ter\u00fclet\u00e9n (kis\u00e1llatgy\u00f3gy\u00e1szati \u00e9rdekl\u0151d\u00e9s eset\u00e9n):<\/p> <ul> <li>Szoros egy\u00fcttm\u0171k\u00f6d\u00e9sben vagyunk az Ebrehab \u00c1llatorvosi Rendel\u0151vel, lehet\u0151s\u00e9g a betanul\u00e1sra 4 \u00e1llatorvos, illetve 3 asszisztens mellett<\/li> <li>Betanul\u00e1si id\u0151szakot k\u00f6vet\u0151en hetente 2&#215;2 \u00f3ra \u00f6n\u00e1ll\u00f3 rendel\u00e9s az Ebrehab \u00c1llatorvosi Rendel\u0151ben<\/li> <li>\u00dajonnan ind\u00edtott, teljesen felszerelt kis\u00e1llatrendel\u0151nkben lehet\u0151s\u00e9g \u00f6n\u00e1ll\u00f3 kis\u00e1llatgy\u00f3gy\u00e1szati tev\u00e9kenys\u00e9gre<\/li> <li>Ortop\u00e9dia, csontseb\u00e9szet ir\u00e1nti kiemelt \u00e9rdekl\u0151d\u00e9s el\u0151ny<\/li> <\/ul> <p>Haszon\u00e1llat-gy\u00f3gy\u00e1szat ter\u00fclet\u00e9n:<\/p> <ul> <li>Els\u0151sorban kis sz\u00e1m\u00fa h\u00e1zt\u00e1ji eset ell\u00e1t\u00e1s\u00e1ban r\u00e9szv\u00e9tel (birka, kecske, sert\u00e9s, szarvasmarha)<\/li> <li>Ig\u00e9ny eset\u00e9n tejel\u0151 telepen gyakorlati lehet\u0151s\u00e9g<\/li> <\/ul> <p>Amit k\u00edn\u00e1lunk:<\/p> <ul> <li>C\u00e9ges telefon<\/li> <li>Sz\u00e1ll\u00e1s megbesz\u00e9l\u00e9s szerint<\/li> <li>C\u00e9ges aut\u00f3 haszn\u00e1lata<\/li> <li>Egy \u00e9ves gyakornoki poz\u00edci\u00f3 ut\u00e1n hossz\u00fa t\u00e1v\u00fa \u00e1ll\u00e1slehet\u0151s\u00e9g<\/li> <li>Tov\u00e1bbk\u00e9pz\u00e9s t\u00e1mogat\u00e1sa<\/li> <\/ul> <p>Elv\u00e1r\u00e1sok:<\/p> <ul> <li>V\u00e9gz\u0151s hallgat\u00f3 vagy frissen (1-2 \u00e9ve) v\u00e9gzett \u00e1llatorvos<\/li> <li>L\u00f3gy\u00f3gy\u00e1szat ir\u00e1nti kiemelt \u00e9rdekl\u0151d\u00e9s, tapasztalat a lovakkal val\u00f3 b\u00e1n\u00e1sm\u00f3dban, emellett a kis\u00e1llatgy\u00f3gy\u00e1szat ir\u00e1nti \u00e9rdekl\u0151d\u00e9s<\/li> <li>B kateg\u00f3ri\u00e1s jogos\u00edtv\u00e1ny<\/li> <li>Alapvet\u0151 sz\u00e1m\u00edt\u00f3g\u00e9pes ismeretek<\/li> <li>\u00c1llat- \u00e9s kliensbar\u00e1t hozz\u00e1\u00e1ll\u00e1s<\/li> <li>Felel\u0151ss\u00e9gtudat<\/li> <li>Rugalmass\u00e1g<\/li> <li>Precizit\u00e1s<\/li> <li>J\u00f3 szervez\u0151k\u00e9szs\u00e9g<\/li> <li>J\u00f3 kommunik\u00e1ci\u00f3s k\u00e9szs\u00e9g<\/li> <li>Csapatmunk\u00e1ra val\u00f3 k\u00e9szs\u00e9g<\/li> <\/ul> <p>El\u0151ny:<\/p> <ul> <li>B+E kateg\u00f3ri\u00e1s jogos\u00edtv\u00e1ny<\/li> <li>Angol \u00e9s\/vagy n\u00e9met nyelvismeret<\/li> <\/ul> <p>T\u00e9ged keres\u00fcnk, ha sz\u00edvesen belek\u00f3stoln\u00e1l a l\u00f3gy\u00f3gy\u00e1szat rejtelmeibe, illetve ha nem rettensz meg 1-1 kis\u00e1llat vagy h\u00e1zt\u00e1ji j\u00f3sz\u00e1g ell\u00e1t\u00e1s\u00e1t\u00f3l sem. Filoz\u00f3fi\u00e1nk az, hogy a szakmai al\u00e1zat \u00e9s a kollegialit\u00e1s hozhatnak tart\u00f3s eredm\u00e9nyt. N\u00e1lunk magas sz\u00ednvonal\u00fa szakmai tev\u00e9kenys\u00e9get tanulhatsz, de \u00f6r\u00f6mmel vessz\u00fck a klinikum orient\u00e1lt alkalmazott kutat\u00e1sba val\u00f3 bekapcsol\u00f3d\u00e1st is. Klinik\u00e1nk az aut\u00f3p\u00e1ly\u00e1n, illetve az \u00fajonnan elk\u00e9sz\u00fclt 67-es aut\u00f3\u00faton kb. 2 \u00f3ra alatt el\u00e9rhet\u0151 Budapestr\u0151l. V\u00e1runk egy igaz\u00e1n j\u00f3 csapatba, k\u00f6z\u00f6ss\u00e9gbe!<\/p> <p>&nbsp;<\/p>","protected":false},"excerpt":{"rendered":"<p>Kelet-Eur\u00f3pa legfelszereltebb mag\u00e1nklinik\u00e1j\u00e1n angol, osztr\u00e1k, holland, n\u00e9met \u00e9s magyar eur\u00f3pai szakvizsg\u00e1s \u00e1llatorvosok t\u00e1mogat\u00e1sa mellett szerezheti meg a l\u00f3gy\u00f3gy\u00e1szathoz sz\u00fcks\u00e9ges szakmai tud\u00e1st, gyakorlatot. Szolg\u00e1ltat\u00e1saink k\u00f6zt szerepel: ortop\u00e9dia, s\u00e1ntas\u00e1g diagnosztika, fejseb\u00e9szet, fogt\u00f6m\u00e9s, komplex szaporod\u00e1sbiol\u00f3gia, belgy\u00f3gy\u00e1szati \u00e9s sz\u00e9lesk\u00f6r\u0171 seb\u00e9szeti ell\u00e1t\u00e1s, artroszk\u00f3pia, laparoszk\u00f3pia, l\u00e9zerseb\u00e9szet, v\u00edzi rehabilit\u00e1ci\u00f3s tev\u00e9kenys\u00e9g. Alkalmazott k\u00e9palkot\u00f3 diagnosztikai elj\u00e1r\u00e1saink: CT, r\u00f6ntgen, ultrahang, l\u00e9g\u00fati- \u00e9s gyomort\u00fckr\u00f6z\u00e9s. A megfelel\u0151<\/p>\n","protected":false},"author":2518,"featured_media":0,"parent":61461,"menu_order":0,"comment_status":"open","ping_status":"open","template":"","meta":{"_acf_changed":false,"footnotes":""},"categories":[],"tags":[],"class_list":["post-62448","page","type-page","status-publish","hentry"],"acf":[],"yoast_head":"<!-- This site is optimized with the Yoast SEO plugin v27.2 - https:\/\/yoast.com\/product\/yoast-seo-wordpress\/ -->\n<title>Pannon L\u00f3gy\u00f3gy\u00e1szati \u00e9s Rehabilit\u00e1ci\u00f3s Kft. - \u00c1ll\u00e1sb\u00f6rze<\/title>\n<meta name=\"robots\" content=\"index, follow, max-snippet:-1, max-image-preview:large, max-video-preview:-1\" \/>\n<link rel=\"canonical\" href=\"https:\/\/univet.hu\/allasborze\/allasborze-2021\/kiallitok\/pannon-logyogyaszati-es-rehabilitacios-kft\/\" \/>\n<meta property=\"og:locale\" content=\"hu_HU\" \/>\n<meta property=\"og:type\" content=\"article\" \/>\n<meta property=\"og:title\" content=\"Pannon L\u00f3gy\u00f3gy\u00e1szati \u00e9s Rehabilit\u00e1ci\u00f3s Kft. - \u00c1ll\u00e1sb\u00f6rze\" \/>\n<meta property=\"og:description\" content=\"Kelet-Eur\u00f3pa legfelszereltebb mag\u00e1nklinik\u00e1j\u00e1n angol, osztr\u00e1k, holland, n\u00e9met \u00e9s magyar eur\u00f3pai szakvizsg\u00e1s \u00e1llatorvosok t\u00e1mogat\u00e1sa mellett szerezheti meg a l\u00f3gy\u00f3gy\u00e1szathoz sz\u00fcks\u00e9ges szakmai tud\u00e1st, gyakorlatot. Szolg\u00e1ltat\u00e1saink k\u00f6zt szerepel: ortop\u00e9dia, s\u00e1ntas\u00e1g diagnosztika, fejseb\u00e9szet, fogt\u00f6m\u00e9s, komplex szaporod\u00e1sbiol\u00f3gia, belgy\u00f3gy\u00e1szati \u00e9s sz\u00e9lesk\u00f6r\u0171 seb\u00e9szeti ell\u00e1t\u00e1s, artroszk\u00f3pia, laparoszk\u00f3pia, l\u00e9zerseb\u00e9szet, v\u00edzi rehabilit\u00e1ci\u00f3s tev\u00e9kenys\u00e9g. Alkalmazott k\u00e9palkot\u00f3 diagnosztikai elj\u00e1r\u00e1saink: CT, r\u00f6ntgen, ultrahang, l\u00e9g\u00fati- \u00e9s gyomort\u00fckr\u00f6z\u00e9s. A megfelel\u0151\" \/>\n<meta property=\"og:url\" content=\"https:\/\/univet.hu\/allasborze\/allasborze-2021\/kiallitok\/pannon-logyogyaszati-es-rehabilitacios-kft\/\" \/>\n<meta property=\"og:site_name\" content=\"\u00c1ll\u00e1sb\u00f6rze\" \/>\n<meta property=\"article:modified_time\" content=\"2025-01-10T12:54:56+00:00\" \/>\n<meta property=\"og:image\" content=\"https:\/\/univet.hu\/allasborze\/wp-content\/uploads\/sites\/2\/2021\/02\/PLSZ-logo-272x320.jpg\" \/>\n<meta name=\"twitter:card\" content=\"summary_large_image\" \/>\n<meta name=\"twitter:label1\" content=\"Becs\u00fclt olvas\u00e1si id\u0151\" \/>\n\t<meta name=\"twitter:data1\" content=\"5 perc\" \/>\n<script type=\"application\/ld+json\" class=\"yoast-schema-graph\">{\"@context\":\"https:\/\/schema.org\",\"@graph\":[{\"@type\":\"WebPage\",\"@id\":\"https:\/\/univet.hu\/allasborze\/allasborze-2021\/kiallitok\/pannon-logyogyaszati-es-rehabilitacios-kft\/\",\"url\":\"https:\/\/univet.hu\/allasborze\/allasborze-2021\/kiallitok\/pannon-logyogyaszati-es-rehabilitacios-kft\/\",\"name\":\"Pannon L\u00f3gy\u00f3gy\u00e1szati \u00e9s Rehabilit\u00e1ci\u00f3s Kft. - \u00c1ll\u00e1sb\u00f6rze\",\"isPartOf\":{\"@id\":\"https:\/\/univet.hu\/allasborze\/#website\"},\"primaryImageOfPage\":{\"@id\":\"https:\/\/univet.hu\/allasborze\/allasborze-2021\/kiallitok\/pannon-logyogyaszati-es-rehabilitacios-kft\/#primaryimage\"},\"image\":{\"@id\":\"https:\/\/univet.hu\/allasborze\/allasborze-2021\/kiallitok\/pannon-logyogyaszati-es-rehabilitacios-kft\/#primaryimage\"},\"thumbnailUrl\":\"https:\/\/univet.hu\/allasborze\/wp-content\/uploads\/sites\/2\/2021\/02\/PLSZ-logo-272x320.jpg\",\"datePublished\":\"2021-02-17T19:46:06+00:00\",\"dateModified\":\"2025-01-10T12:54:56+00:00\",\"breadcrumb\":{\"@id\":\"https:\/\/univet.hu\/allasborze\/allasborze-2021\/kiallitok\/pannon-logyogyaszati-es-rehabilitacios-kft\/#breadcrumb\"},\"inLanguage\":\"hu\",\"potentialAction\":[{\"@type\":\"ReadAction\",\"target\":[\"https:\/\/univet.hu\/allasborze\/allasborze-2021\/kiallitok\/pannon-logyogyaszati-es-rehabilitacios-kft\/\"]}]},{\"@type\":\"ImageObject\",\"inLanguage\":\"hu\",\"@id\":\"https:\/\/univet.hu\/allasborze\/allasborze-2021\/kiallitok\/pannon-logyogyaszati-es-rehabilitacios-kft\/#primaryimage\",\"url\":\"https:\/\/univet.hu\/allasborze\/wp-content\/uploads\/sites\/2\/2021\/02\/PLSZ-logo.jpg\",\"contentUrl\":\"https:\/\/univet.hu\/allasborze\/wp-content\/uploads\/sites\/2\/2021\/02\/PLSZ-logo.jpg\",\"width\":1136,\"height\":1336},{\"@type\":\"BreadcrumbList\",\"@id\":\"https:\/\/univet.hu\/allasborze\/allasborze-2021\/kiallitok\/pannon-logyogyaszati-es-rehabilitacios-kft\/#breadcrumb\",\"itemListElement\":[{\"@type\":\"ListItem\",\"position\":1,\"name\":\"Kezd\u0151lap\",\"item\":\"https:\/\/univet.hu\/allasborze\/\"},{\"@type\":\"ListItem\",\"position\":2,\"name\":\"\u00c1ll\u00e1sb\u00f6rze 2021\",\"item\":\"https:\/\/univet.hu\/allasborze\/allasborze-2021\/\"},{\"@type\":\"ListItem\",\"position\":3,\"name\":\"Ki\u00e1ll\u00edt\u00f3k\",\"item\":\"https:\/\/univet.hu\/allasborze\/allasborze-2021\/kiallitok\/\"},{\"@type\":\"ListItem\",\"position\":4,\"name\":\"Pannon L\u00f3gy\u00f3gy\u00e1szati \u00e9s Rehabilit\u00e1ci\u00f3s Kft.\"}]},{\"@type\":\"WebSite\",\"@id\":\"https:\/\/univet.hu\/allasborze\/#website\",\"url\":\"https:\/\/univet.hu\/allasborze\/\",\"name\":\"\u00c1ll\u00e1sb\u00f6rze\",\"description\":\"\",\"potentialAction\":[{\"@type\":\"SearchAction\",\"target\":{\"@type\":\"EntryPoint\",\"urlTemplate\":\"https:\/\/univet.hu\/allasborze\/?s={search_term_string}\"},\"query-input\":{\"@type\":\"PropertyValueSpecification\",\"valueRequired\":true,\"valueName\":\"search_term_string\"}}],\"inLanguage\":\"hu\"}]}<\/script>\n<!-- \/ Yoast SEO plugin. -->","yoast_head_json":{"title":"Pannon L\u00f3gy\u00f3gy\u00e1szati \u00e9s Rehabilit\u00e1ci\u00f3s Kft. - \u00c1ll\u00e1sb\u00f6rze","robots":{"index":"index","follow":"follow","max-snippet":"max-snippet:-1","max-image-preview":"max-image-preview:large","max-video-preview":"max-video-preview:-1"},"canonical":"https:\/\/univet.hu\/allasborze\/allasborze-2021\/kiallitok\/pannon-logyogyaszati-es-rehabilitacios-kft\/","og_locale":"hu_HU","og_type":"article","og_title":"Pannon L\u00f3gy\u00f3gy\u00e1szati \u00e9s Rehabilit\u00e1ci\u00f3s Kft. - \u00c1ll\u00e1sb\u00f6rze","og_description":"Kelet-Eur\u00f3pa legfelszereltebb mag\u00e1nklinik\u00e1j\u00e1n angol, osztr\u00e1k, holland, n\u00e9met \u00e9s magyar eur\u00f3pai szakvizsg\u00e1s \u00e1llatorvosok t\u00e1mogat\u00e1sa mellett szerezheti meg a l\u00f3gy\u00f3gy\u00e1szathoz sz\u00fcks\u00e9ges szakmai tud\u00e1st, gyakorlatot. Szolg\u00e1ltat\u00e1saink k\u00f6zt szerepel: ortop\u00e9dia, s\u00e1ntas\u00e1g diagnosztika, fejseb\u00e9szet, fogt\u00f6m\u00e9s, komplex szaporod\u00e1sbiol\u00f3gia, belgy\u00f3gy\u00e1szati \u00e9s sz\u00e9lesk\u00f6r\u0171 seb\u00e9szeti ell\u00e1t\u00e1s, artroszk\u00f3pia, laparoszk\u00f3pia, l\u00e9zerseb\u00e9szet, v\u00edzi rehabilit\u00e1ci\u00f3s tev\u00e9kenys\u00e9g. Alkalmazott k\u00e9palkot\u00f3 diagnosztikai elj\u00e1r\u00e1saink: CT, r\u00f6ntgen, ultrahang, l\u00e9g\u00fati- \u00e9s gyomort\u00fckr\u00f6z\u00e9s. A megfelel\u0151","og_url":"https:\/\/univet.hu\/allasborze\/allasborze-2021\/kiallitok\/pannon-logyogyaszati-es-rehabilitacios-kft\/","og_site_name":"\u00c1ll\u00e1sb\u00f6rze","article_modified_time":"2025-01-10T12:54:56+00:00","og_image":[{"url":"https:\/\/univet.hu\/allasborze\/wp-content\/uploads\/sites\/2\/2021\/02\/PLSZ-logo-272x320.jpg","type":"","width":"","height":""}],"twitter_card":"summary_large_image","twitter_misc":{"Becs\u00fclt olvas\u00e1si id\u0151":"5 perc"},"schema":{"@context":"https:\/\/schema.org","@graph":[{"@type":"WebPage","@id":"https:\/\/univet.hu\/allasborze\/allasborze-2021\/kiallitok\/pannon-logyogyaszati-es-rehabilitacios-kft\/","url":"https:\/\/univet.hu\/allasborze\/allasborze-2021\/kiallitok\/pannon-logyogyaszati-es-rehabilitacios-kft\/","name":"Pannon L\u00f3gy\u00f3gy\u00e1szati \u00e9s Rehabilit\u00e1ci\u00f3s Kft. - \u00c1ll\u00e1sb\u00f6rze","isPartOf":{"@id":"https:\/\/univet.hu\/allasborze\/#website"},"primaryImageOfPage":{"@id":"https:\/\/univet.hu\/allasborze\/allasborze-2021\/kiallitok\/pannon-logyogyaszati-es-rehabilitacios-kft\/#primaryimage"},"image":{"@id":"https:\/\/univet.hu\/allasborze\/allasborze-2021\/kiallitok\/pannon-logyogyaszati-es-rehabilitacios-kft\/#primaryimage"},"thumbnailUrl":"https:\/\/univet.hu\/allasborze\/wp-content\/uploads\/sites\/2\/2021\/02\/PLSZ-logo-272x320.jpg","datePublished":"2021-02-17T19:46:06+00:00","dateModified":"2025-01-10T12:54:56+00:00","breadcrumb":{"@id":"https:\/\/univet.hu\/allasborze\/allasborze-2021\/kiallitok\/pannon-logyogyaszati-es-rehabilitacios-kft\/#breadcrumb"},"inLanguage":"hu","potentialAction":[{"@type":"ReadAction","target":["https:\/\/univet.hu\/allasborze\/allasborze-2021\/kiallitok\/pannon-logyogyaszati-es-rehabilitacios-kft\/"]}]},{"@type":"ImageObject","inLanguage":"hu","@id":"https:\/\/univet.hu\/allasborze\/allasborze-2021\/kiallitok\/pannon-logyogyaszati-es-rehabilitacios-kft\/#primaryimage","url":"https:\/\/univet.hu\/allasborze\/wp-content\/uploads\/sites\/2\/2021\/02\/PLSZ-logo.jpg","contentUrl":"https:\/\/univet.hu\/allasborze\/wp-content\/uploads\/sites\/2\/2021\/02\/PLSZ-logo.jpg","width":1136,"height":1336},{"@type":"BreadcrumbList","@id":"https:\/\/univet.hu\/allasborze\/allasborze-2021\/kiallitok\/pannon-logyogyaszati-es-rehabilitacios-kft\/#breadcrumb","itemListElement":[{"@type":"ListItem","position":1,"name":"Kezd\u0151lap","item":"https:\/\/univet.hu\/allasborze\/"},{"@type":"ListItem","position":2,"name":"\u00c1ll\u00e1sb\u00f6rze 2021","item":"https:\/\/univet.hu\/allasborze\/allasborze-2021\/"},{"@type":"ListItem","position":3,"name":"Ki\u00e1ll\u00edt\u00f3k","item":"https:\/\/univet.hu\/allasborze\/allasborze-2021\/kiallitok\/"},{"@type":"ListItem","position":4,"name":"Pannon L\u00f3gy\u00f3gy\u00e1szati \u00e9s Rehabilit\u00e1ci\u00f3s Kft."}]},{"@type":"WebSite","@id":"https:\/\/univet.hu\/allasborze\/#website","url":"https:\/\/univet.hu\/allasborze\/","name":"\u00c1ll\u00e1sb\u00f6rze","description":"","potentialAction":[{"@type":"SearchAction","target":{"@type":"EntryPoint","urlTemplate":"https:\/\/univet.hu\/allasborze\/?s={search_term_string}"},"query-input":{"@type":"PropertyValueSpecification","valueRequired":true,"valueName":"search_term_string"}}],"inLanguage":"hu"}]}},"_links":{"self":[{"href":"https:\/\/univet.hu\/allasborze\/wp-json\/wp\/v2\/pages\/62448","targetHints":{"allow":["GET"]}}],"collection":[{"href":"https:\/\/univet.hu\/allasborze\/wp-json\/wp\/v2\/pages"}],"about":[{"href":"https:\/\/univet.hu\/allasborze\/wp-json\/wp\/v2\/types\/page"}],"author":[{"embeddable":true,"href":"https:\/\/univet.hu\/allasborze\/wp-json\/wp\/v2\/users\/2518"}],"replies":[{"embeddable":true,"href":"https:\/\/univet.hu\/allasborze\/wp-json\/wp\/v2\/comments?post=62448"}],"version-history":[{"count":1,"href":"https:\/\/univet.hu\/allasborze\/wp-json\/wp\/v2\/pages\/62448\/revisions"}],"predecessor-version":[{"id":172626,"href":"https:\/\/univet.hu\/allasborze\/wp-json\/wp\/v2\/pages\/62448\/revisions\/172626"}],"up":[{"embeddable":true,"href":"https:\/\/univet.hu\/allasborze\/wp-json\/wp\/v2\/pages\/61461"}],"wp:attachment":[{"href":"https:\/\/univet.hu\/allasborze\/wp-json\/wp\/v2\/media?parent=62448"}],"wp:term":[{"taxonomy":"category","embeddable":true,"href":"https:\/\/univet.hu\/allasborze\/wp-json\/wp\/v2\/categories?post=62448"},{"taxonomy":"post_tag","embeddable":true,"href":"https:\/\/univet.hu\/allasborze\/wp-json\/wp\/v2\/tags?post=62448"}],"curies":[{"name":"wp","href":"https:\/\/api.w.org\/{rel}","templated":true}]}}