{"id":69592,"date":"2021-11-23T14:57:31","date_gmt":"2021-11-23T13:57:31","guid":{"rendered":"https:\/\/univet.hu\/?page_id=69592"},"modified":"2025-01-10T13:54:57","modified_gmt":"2025-01-10T12:54:57","slug":"allasborze-2022","status":"publish","type":"page","link":"https:\/\/univet.hu\/allasborze\/allasborze-2022\/","title":{"rendered":"\u00c1ll\u00e1sb\u00f6rze 2022"},"content":{"rendered":"<p>Rem\u00e9lj\u00fck, hogy hamarosan \u00d6nt is r\u00e9sztvev\u0151ink k\u00f6z\u00f6tt k\u00f6sz\u00f6nthetj\u00fck az \u00c1llatorvostudom\u00e1nyi Egyetem 5. \u00c1ll\u00e1sb\u00f6rz\u00e9j\u00e9n!<\/p> <p><strong>D\u00e1tum: 2022. febru\u00e1r 10. (cs\u00fct\u00f6rt\u00f6k) 10:00-t\u00f3l 16:00-ig.<\/strong><\/p> <p><em>Szem\u00e9lyes jelenl\u00e9tre k\u00e9sz\u00fcl\u00fcnk. K\u00fclf\u00f6ldi ki\u00e1ll\u00edt\u00f3knak lehet\u0151s\u00e9get biztos\u00edtunk online becsatlakoz\u00e1sra is.<\/em><\/p> <p><span class=\"emphasis\">A Ki\u00e1ll\u00edt\u00f3k regisztr\u00e1ci\u00f3ja lez\u00e1rult.<\/span><\/p> <p>&nbsp;<\/p> <p><strong>Kapcsolat:<\/strong><br \/> \u00c1llatorvostudom\u00e1nyi Egyetem<br \/> Kommunik\u00e1ci\u00f3s Oszt\u00e1ly &#8211; Herczeg D\u00f3ra<br \/> 1078 Budapest, Istv\u00e1n u. 2.<br \/> E-mail:\u00a0<a class=\"decrypt\" rel=\"ifsd{fh\/epsbAvojwfu\/iv\" href=\"javascript:void(0);\">[Kattintson az emailc\u00edmhez]<\/a><br \/> Telefon: +36 1 478 4100 \/ 8362<\/p>","protected":false},"excerpt":{"rendered":"<p>Rem\u00e9lj\u00fck, hogy hamarosan \u00d6nt is r\u00e9sztvev\u0151ink k\u00f6z\u00f6tt k\u00f6sz\u00f6nthetj\u00fck az \u00c1llatorvostudom\u00e1nyi Egyetem 5. \u00c1ll\u00e1sb\u00f6rz\u00e9j\u00e9n! D\u00e1tum: 2022. febru\u00e1r 10. (cs\u00fct\u00f6rt\u00f6k) 10:00-t\u00f3l 16:00-ig. Szem\u00e9lyes jelenl\u00e9tre k\u00e9sz\u00fcl\u00fcnk. K\u00fclf\u00f6ldi ki\u00e1ll\u00edt\u00f3knak lehet\u0151s\u00e9get biztos\u00edtunk online becsatlakoz\u00e1sra is. A Ki\u00e1ll\u00edt\u00f3k regisztr\u00e1ci\u00f3ja lez\u00e1rult. &nbsp; Kapcsolat: \u00c1llatorvostudom\u00e1nyi Egyetem Kommunik\u00e1ci\u00f3s Oszt\u00e1ly &#8211; Herczeg D\u00f3ra 1078 Budapest, Istv\u00e1n u. 2. E-mail:\u00a0[Kattintson az emailc\u00edmhez] Telefon: +36 1 478<\/p>\n","protected":false},"author":2518,"featured_media":0,"parent":0,"menu_order":0,"comment_status":"closed","ping_status":"closed","template":"","meta":{"_acf_changed":false,"footnotes":""},"categories":[],"tags":[],"class_list":["post-69592","page","type-page","status-publish","hentry"],"acf":[],"yoast_head":"<!-- This site is optimized with the Yoast SEO plugin v27.2 - https:\/\/yoast.com\/product\/yoast-seo-wordpress\/ -->\n<title>\u00c1ll\u00e1sb\u00f6rze 2022 - \u00c1ll\u00e1sb\u00f6rze<\/title>\n<meta name=\"robots\" content=\"index, follow, max-snippet:-1, max-image-preview:large, max-video-preview:-1\" \/>\n<link rel=\"canonical\" href=\"https:\/\/univet.hu\/allasborze\/allasborze-2022\/\" \/>\n<meta property=\"og:locale\" content=\"hu_HU\" \/>\n<meta property=\"og:type\" content=\"article\" \/>\n<meta property=\"og:title\" content=\"\u00c1ll\u00e1sb\u00f6rze 2022 - \u00c1ll\u00e1sb\u00f6rze\" \/>\n<meta property=\"og:description\" content=\"Rem\u00e9lj\u00fck, hogy hamarosan \u00d6nt is r\u00e9sztvev\u0151ink k\u00f6z\u00f6tt k\u00f6sz\u00f6nthetj\u00fck az \u00c1llatorvostudom\u00e1nyi Egyetem 5. \u00c1ll\u00e1sb\u00f6rz\u00e9j\u00e9n! D\u00e1tum: 2022. febru\u00e1r 10. (cs\u00fct\u00f6rt\u00f6k) 10:00-t\u00f3l 16:00-ig. Szem\u00e9lyes jelenl\u00e9tre k\u00e9sz\u00fcl\u00fcnk. K\u00fclf\u00f6ldi ki\u00e1ll\u00edt\u00f3knak lehet\u0151s\u00e9get biztos\u00edtunk online becsatlakoz\u00e1sra is. A Ki\u00e1ll\u00edt\u00f3k regisztr\u00e1ci\u00f3ja lez\u00e1rult. &nbsp; Kapcsolat: \u00c1llatorvostudom\u00e1nyi Egyetem Kommunik\u00e1ci\u00f3s Oszt\u00e1ly &#8211; Herczeg D\u00f3ra 1078 Budapest, Istv\u00e1n u. 2. E-mail:\u00a0[Kattintson az emailc\u00edmhez] Telefon: +36 1 478\" \/>\n<meta property=\"og:url\" content=\"https:\/\/univet.hu\/allasborze\/allasborze-2022\/\" \/>\n<meta property=\"og:site_name\" content=\"\u00c1ll\u00e1sb\u00f6rze\" \/>\n<meta property=\"article:modified_time\" content=\"2025-01-10T12:54:57+00:00\" \/>\n<meta name=\"twitter:card\" content=\"summary_large_image\" \/>\n<script type=\"application\/ld+json\" class=\"yoast-schema-graph\">{\"@context\":\"https:\/\/schema.org\",\"@graph\":[{\"@type\":\"WebPage\",\"@id\":\"https:\/\/univet.hu\/allasborze\/allasborze-2022\/\",\"url\":\"https:\/\/univet.hu\/allasborze\/allasborze-2022\/\",\"name\":\"\u00c1ll\u00e1sb\u00f6rze 2022 - \u00c1ll\u00e1sb\u00f6rze\",\"isPartOf\":{\"@id\":\"https:\/\/univet.hu\/allasborze\/#website\"},\"datePublished\":\"2021-11-23T13:57:31+00:00\",\"dateModified\":\"2025-01-10T12:54:57+00:00\",\"breadcrumb\":{\"@id\":\"https:\/\/univet.hu\/allasborze\/allasborze-2022\/#breadcrumb\"},\"inLanguage\":\"hu\",\"potentialAction\":[{\"@type\":\"ReadAction\",\"target\":[\"https:\/\/univet.hu\/allasborze\/allasborze-2022\/\"]}]},{\"@type\":\"BreadcrumbList\",\"@id\":\"https:\/\/univet.hu\/allasborze\/allasborze-2022\/#breadcrumb\",\"itemListElement\":[{\"@type\":\"ListItem\",\"position\":1,\"name\":\"Kezd\u0151lap\",\"item\":\"https:\/\/univet.hu\/allasborze\/\"},{\"@type\":\"ListItem\",\"position\":2,\"name\":\"\u00c1ll\u00e1sb\u00f6rze 2022\"}]},{\"@type\":\"WebSite\",\"@id\":\"https:\/\/univet.hu\/allasborze\/#website\",\"url\":\"https:\/\/univet.hu\/allasborze\/\",\"name\":\"\u00c1ll\u00e1sb\u00f6rze\",\"description\":\"\",\"potentialAction\":[{\"@type\":\"SearchAction\",\"target\":{\"@type\":\"EntryPoint\",\"urlTemplate\":\"https:\/\/univet.hu\/allasborze\/?s={search_term_string}\"},\"query-input\":{\"@type\":\"PropertyValueSpecification\",\"valueRequired\":true,\"valueName\":\"search_term_string\"}}],\"inLanguage\":\"hu\"}]}<\/script>\n<!-- \/ Yoast SEO plugin. -->","yoast_head_json":{"title":"\u00c1ll\u00e1sb\u00f6rze 2022 - \u00c1ll\u00e1sb\u00f6rze","robots":{"index":"index","follow":"follow","max-snippet":"max-snippet:-1","max-image-preview":"max-image-preview:large","max-video-preview":"max-video-preview:-1"},"canonical":"https:\/\/univet.hu\/allasborze\/allasborze-2022\/","og_locale":"hu_HU","og_type":"article","og_title":"\u00c1ll\u00e1sb\u00f6rze 2022 - \u00c1ll\u00e1sb\u00f6rze","og_description":"Rem\u00e9lj\u00fck, hogy hamarosan \u00d6nt is r\u00e9sztvev\u0151ink k\u00f6z\u00f6tt k\u00f6sz\u00f6nthetj\u00fck az \u00c1llatorvostudom\u00e1nyi Egyetem 5. \u00c1ll\u00e1sb\u00f6rz\u00e9j\u00e9n! D\u00e1tum: 2022. febru\u00e1r 10. (cs\u00fct\u00f6rt\u00f6k) 10:00-t\u00f3l 16:00-ig. Szem\u00e9lyes jelenl\u00e9tre k\u00e9sz\u00fcl\u00fcnk. K\u00fclf\u00f6ldi ki\u00e1ll\u00edt\u00f3knak lehet\u0151s\u00e9get biztos\u00edtunk online becsatlakoz\u00e1sra is. A Ki\u00e1ll\u00edt\u00f3k regisztr\u00e1ci\u00f3ja lez\u00e1rult. &nbsp; Kapcsolat: \u00c1llatorvostudom\u00e1nyi Egyetem Kommunik\u00e1ci\u00f3s Oszt\u00e1ly &#8211; Herczeg D\u00f3ra 1078 Budapest, Istv\u00e1n u. 2. E-mail:\u00a0[Kattintson az emailc\u00edmhez] Telefon: +36 1 478","og_url":"https:\/\/univet.hu\/allasborze\/allasborze-2022\/","og_site_name":"\u00c1ll\u00e1sb\u00f6rze","article_modified_time":"2025-01-10T12:54:57+00:00","twitter_card":"summary_large_image","schema":{"@context":"https:\/\/schema.org","@graph":[{"@type":"WebPage","@id":"https:\/\/univet.hu\/allasborze\/allasborze-2022\/","url":"https:\/\/univet.hu\/allasborze\/allasborze-2022\/","name":"\u00c1ll\u00e1sb\u00f6rze 2022 - \u00c1ll\u00e1sb\u00f6rze","isPartOf":{"@id":"https:\/\/univet.hu\/allasborze\/#website"},"datePublished":"2021-11-23T13:57:31+00:00","dateModified":"2025-01-10T12:54:57+00:00","breadcrumb":{"@id":"https:\/\/univet.hu\/allasborze\/allasborze-2022\/#breadcrumb"},"inLanguage":"hu","potentialAction":[{"@type":"ReadAction","target":["https:\/\/univet.hu\/allasborze\/allasborze-2022\/"]}]},{"@type":"BreadcrumbList","@id":"https:\/\/univet.hu\/allasborze\/allasborze-2022\/#breadcrumb","itemListElement":[{"@type":"ListItem","position":1,"name":"Kezd\u0151lap","item":"https:\/\/univet.hu\/allasborze\/"},{"@type":"ListItem","position":2,"name":"\u00c1ll\u00e1sb\u00f6rze 2022"}]},{"@type":"WebSite","@id":"https:\/\/univet.hu\/allasborze\/#website","url":"https:\/\/univet.hu\/allasborze\/","name":"\u00c1ll\u00e1sb\u00f6rze","description":"","potentialAction":[{"@type":"SearchAction","target":{"@type":"EntryPoint","urlTemplate":"https:\/\/univet.hu\/allasborze\/?s={search_term_string}"},"query-input":{"@type":"PropertyValueSpecification","valueRequired":true,"valueName":"search_term_string"}}],"inLanguage":"hu"}]}},"_links":{"self":[{"href":"https:\/\/univet.hu\/allasborze\/wp-json\/wp\/v2\/pages\/69592","targetHints":{"allow":["GET"]}}],"collection":[{"href":"https:\/\/univet.hu\/allasborze\/wp-json\/wp\/v2\/pages"}],"about":[{"href":"https:\/\/univet.hu\/allasborze\/wp-json\/wp\/v2\/types\/page"}],"author":[{"embeddable":true,"href":"https:\/\/univet.hu\/allasborze\/wp-json\/wp\/v2\/users\/2518"}],"replies":[{"embeddable":true,"href":"https:\/\/univet.hu\/allasborze\/wp-json\/wp\/v2\/comments?post=69592"}],"version-history":[{"count":1,"href":"https:\/\/univet.hu\/allasborze\/wp-json\/wp\/v2\/pages\/69592\/revisions"}],"predecessor-version":[{"id":172631,"href":"https:\/\/univet.hu\/allasborze\/wp-json\/wp\/v2\/pages\/69592\/revisions\/172631"}],"wp:attachment":[{"href":"https:\/\/univet.hu\/allasborze\/wp-json\/wp\/v2\/media?parent=69592"}],"wp:term":[{"taxonomy":"category","embeddable":true,"href":"https:\/\/univet.hu\/allasborze\/wp-json\/wp\/v2\/categories?post=69592"},{"taxonomy":"post_tag","embeddable":true,"href":"https:\/\/univet.hu\/allasborze\/wp-json\/wp\/v2\/tags?post=69592"}],"curies":[{"name":"wp","href":"https:\/\/api.w.org\/{rel}","templated":true}]}}