{"id":70728,"date":"2022-01-12T10:39:49","date_gmt":"2022-01-12T09:39:49","guid":{"rendered":"https:\/\/univet.hu\/hu\/allasborze-2022\/kiallitok\/name\/"},"modified":"2025-01-10T13:55:00","modified_gmt":"2025-01-10T12:55:00","slug":"pannon-logyogyaszati-es-rehabilitacios-kft","status":"publish","type":"page","link":"https:\/\/univet.hu\/allasborze\/allasborze-2022\/kiallitok\/pannon-logyogyaszati-es-rehabilitacios-kft\/","title":{"rendered":"Pannon L\u00f3gy\u00f3gy\u00e1szati \u00e9s Rehabilit\u00e1ci\u00f3s Szolg\u00e1lat"},"content":{"rendered":"<p><span class=\"TextRun SCXW177222294 BCX0\" lang=\"HU-HU\" xml:lang=\"HU-HU\" data-contrast=\"auto\"><span class=\"NormalTextRun SCXW177222294 BCX0\">Kelet-Eur\u00f3pa\u00a0<\/span><span class=\"SpellingError SCXW177222294 BCX0\">legfelszereltebb<\/span><span class=\"NormalTextRun SCXW177222294 BCX0\">\u00a0mag\u00e1nklinik\u00e1j\u00e1n angol, osztr\u00e1k, holland, n\u00e9met \u00e9s magyar eur\u00f3pai szakvizsg\u00e1s \u00e1llatorvosok t\u00e1mogat\u00e1sa mellett szerezheti meg a l\u00f3- \u00e9s kis\u00e1llatgy\u00f3gy\u00e1szathoz sz\u00fcks\u00e9ges szakmai tud\u00e1st, gyakorlatot. Szolg\u00e1ltat\u00e1saink k\u00f6zt szerepel: ortop\u00e9dia, s\u00e1ntas\u00e1g diagnosztika,<\/span><span class=\"NormalTextRun SCXW177222294 BCX0\">\u00a0<\/span><span class=\"NormalTextRun SCXW177222294 BCX0\">fejseb\u00e9szet, fogt\u00f6m\u00e9s, komplex szaporod\u00e1sbiol\u00f3gia, belgy\u00f3gy\u00e1szati \u00e9s sz\u00e9lesk\u00f6r\u0171 seb\u00e9szeti ell\u00e1t\u00e1s,\u00a0<\/span><span class=\"SpellingError SCXW177222294 BCX0\">artroszk\u00f3pia<\/span><span class=\"NormalTextRun SCXW177222294 BCX0\">,\u00a0<\/span><span class=\"SpellingError SCXW177222294 BCX0\">laparoszk\u00f3pia<\/span><span class=\"NormalTextRun SCXW177222294 BCX0\">, l\u00e9zerseb\u00e9szet, v\u00edzi rehabilit\u00e1ci\u00f3s tev\u00e9kenys\u00e9g. Alkalmazott k\u00e9palkot\u00f3 diagnosztikai elj\u00e1r\u00e1saink: CT, r\u00f6ntgen, ultrahang, l\u00e9g\u00fati- \u00e9s gyomort\u00fckr\u00f6z\u00e9s. A megfelel\u0151 gyakorlat megszerz\u00e9s\u00e9hez magas esetsz\u00e1m j\u00e1rul hozz\u00e1 (\u00e9vi 1600 l\u00f3gy\u00f3gy\u00e1szati \u00e9s napi 50 kis- \u00e9s egzotikus \u00e1llat).<\/span><\/span><span class=\"EOP SCXW177222294 BCX0\" data-ccp-props=\"{&quot;201341983&quot;:0,&quot;335559739&quot;:160,&quot;335559740&quot;:259}\">\u00a0<\/span><\/p> <p><strong>Tov\u00e1bbi inform\u00e1ci\u00f3k:<\/strong>\u00a0<a href=\"http:\/\/pannonlogyogyasz.hu\/\">http:\/\/pannonlogyogyasz.hu\/<\/a><\/p>","protected":false},"excerpt":{"rendered":"<p>Kelet-Eur\u00f3pa\u00a0legfelszereltebb\u00a0mag\u00e1nklinik\u00e1j\u00e1n angol, osztr\u00e1k, holland, n\u00e9met \u00e9s magyar eur\u00f3pai szakvizsg\u00e1s \u00e1llatorvosok t\u00e1mogat\u00e1sa mellett szerezheti meg a l\u00f3- \u00e9s kis\u00e1llatgy\u00f3gy\u00e1szathoz sz\u00fcks\u00e9ges szakmai tud\u00e1st, gyakorlatot. Szolg\u00e1ltat\u00e1saink k\u00f6zt szerepel: ortop\u00e9dia, s\u00e1ntas\u00e1g diagnosztika,\u00a0fejseb\u00e9szet, fogt\u00f6m\u00e9s, komplex szaporod\u00e1sbiol\u00f3gia, belgy\u00f3gy\u00e1szati \u00e9s sz\u00e9lesk\u00f6r\u0171 seb\u00e9szeti ell\u00e1t\u00e1s,\u00a0artroszk\u00f3pia,\u00a0laparoszk\u00f3pia, l\u00e9zerseb\u00e9szet, v\u00edzi rehabilit\u00e1ci\u00f3s tev\u00e9kenys\u00e9g. Alkalmazott k\u00e9palkot\u00f3 diagnosztikai elj\u00e1r\u00e1saink: CT, r\u00f6ntgen, ultrahang, l\u00e9g\u00fati- \u00e9s gyomort\u00fckr\u00f6z\u00e9s. A megfelel\u0151 gyakorlat megszerz\u00e9s\u00e9hez magas<\/p>\n","protected":false},"author":2518,"featured_media":0,"parent":69676,"menu_order":0,"comment_status":"open","ping_status":"open","template":"","meta":{"_acf_changed":false,"footnotes":""},"categories":[],"tags":[],"class_list":["post-70728","page","type-page","status-publish","hentry"],"acf":[],"yoast_head":"<!-- This site is optimized with the Yoast SEO plugin v27.2 - https:\/\/yoast.com\/product\/yoast-seo-wordpress\/ -->\n<title>Pannon L\u00f3gy\u00f3gy\u00e1szati \u00e9s Rehabilit\u00e1ci\u00f3s Szolg\u00e1lat - \u00c1ll\u00e1sb\u00f6rze<\/title>\n<meta name=\"robots\" content=\"index, follow, max-snippet:-1, max-image-preview:large, max-video-preview:-1\" \/>\n<link rel=\"canonical\" href=\"https:\/\/univet.hu\/allasborze\/allasborze-2022\/kiallitok\/pannon-logyogyaszati-es-rehabilitacios-kft\/\" \/>\n<meta property=\"og:locale\" content=\"hu_HU\" \/>\n<meta property=\"og:type\" content=\"article\" \/>\n<meta property=\"og:title\" content=\"Pannon L\u00f3gy\u00f3gy\u00e1szati \u00e9s Rehabilit\u00e1ci\u00f3s Szolg\u00e1lat - \u00c1ll\u00e1sb\u00f6rze\" \/>\n<meta property=\"og:description\" content=\"Kelet-Eur\u00f3pa\u00a0legfelszereltebb\u00a0mag\u00e1nklinik\u00e1j\u00e1n angol, osztr\u00e1k, holland, n\u00e9met \u00e9s magyar eur\u00f3pai szakvizsg\u00e1s \u00e1llatorvosok t\u00e1mogat\u00e1sa mellett szerezheti meg a l\u00f3- \u00e9s kis\u00e1llatgy\u00f3gy\u00e1szathoz sz\u00fcks\u00e9ges szakmai tud\u00e1st, gyakorlatot. Szolg\u00e1ltat\u00e1saink k\u00f6zt szerepel: ortop\u00e9dia, s\u00e1ntas\u00e1g diagnosztika,\u00a0fejseb\u00e9szet, fogt\u00f6m\u00e9s, komplex szaporod\u00e1sbiol\u00f3gia, belgy\u00f3gy\u00e1szati \u00e9s sz\u00e9lesk\u00f6r\u0171 seb\u00e9szeti ell\u00e1t\u00e1s,\u00a0artroszk\u00f3pia,\u00a0laparoszk\u00f3pia, l\u00e9zerseb\u00e9szet, v\u00edzi rehabilit\u00e1ci\u00f3s tev\u00e9kenys\u00e9g. Alkalmazott k\u00e9palkot\u00f3 diagnosztikai elj\u00e1r\u00e1saink: CT, r\u00f6ntgen, ultrahang, l\u00e9g\u00fati- \u00e9s gyomort\u00fckr\u00f6z\u00e9s. A megfelel\u0151 gyakorlat megszerz\u00e9s\u00e9hez magas\" \/>\n<meta property=\"og:url\" content=\"https:\/\/univet.hu\/allasborze\/allasborze-2022\/kiallitok\/pannon-logyogyaszati-es-rehabilitacios-kft\/\" \/>\n<meta property=\"og:site_name\" content=\"\u00c1ll\u00e1sb\u00f6rze\" \/>\n<meta property=\"article:modified_time\" content=\"2025-01-10T12:55:00+00:00\" \/>\n<meta name=\"twitter:card\" content=\"summary_large_image\" \/>\n<meta name=\"twitter:label1\" content=\"Becs\u00fclt olvas\u00e1si id\u0151\" \/>\n\t<meta name=\"twitter:data1\" content=\"1 perc\" \/>\n<script type=\"application\/ld+json\" class=\"yoast-schema-graph\">{\"@context\":\"https:\/\/schema.org\",\"@graph\":[{\"@type\":\"WebPage\",\"@id\":\"https:\/\/univet.hu\/allasborze\/allasborze-2022\/kiallitok\/pannon-logyogyaszati-es-rehabilitacios-kft\/\",\"url\":\"https:\/\/univet.hu\/allasborze\/allasborze-2022\/kiallitok\/pannon-logyogyaszati-es-rehabilitacios-kft\/\",\"name\":\"Pannon L\u00f3gy\u00f3gy\u00e1szati \u00e9s Rehabilit\u00e1ci\u00f3s Szolg\u00e1lat - \u00c1ll\u00e1sb\u00f6rze\",\"isPartOf\":{\"@id\":\"https:\/\/univet.hu\/allasborze\/#website\"},\"datePublished\":\"2022-01-12T09:39:49+00:00\",\"dateModified\":\"2025-01-10T12:55:00+00:00\",\"breadcrumb\":{\"@id\":\"https:\/\/univet.hu\/allasborze\/allasborze-2022\/kiallitok\/pannon-logyogyaszati-es-rehabilitacios-kft\/#breadcrumb\"},\"inLanguage\":\"hu\",\"potentialAction\":[{\"@type\":\"ReadAction\",\"target\":[\"https:\/\/univet.hu\/allasborze\/allasborze-2022\/kiallitok\/pannon-logyogyaszati-es-rehabilitacios-kft\/\"]}]},{\"@type\":\"BreadcrumbList\",\"@id\":\"https:\/\/univet.hu\/allasborze\/allasborze-2022\/kiallitok\/pannon-logyogyaszati-es-rehabilitacios-kft\/#breadcrumb\",\"itemListElement\":[{\"@type\":\"ListItem\",\"position\":1,\"name\":\"Kezd\u0151lap\",\"item\":\"https:\/\/univet.hu\/allasborze\/\"},{\"@type\":\"ListItem\",\"position\":2,\"name\":\"\u00c1ll\u00e1sb\u00f6rze 2022\",\"item\":\"https:\/\/univet.hu\/allasborze\/allasborze-2022\/\"},{\"@type\":\"ListItem\",\"position\":3,\"name\":\"Ki\u00e1ll\u00edt\u00f3k\",\"item\":\"https:\/\/univet.hu\/allasborze\/allasborze-2022\/kiallitok\/\"},{\"@type\":\"ListItem\",\"position\":4,\"name\":\"Pannon L\u00f3gy\u00f3gy\u00e1szati \u00e9s Rehabilit\u00e1ci\u00f3s Szolg\u00e1lat\"}]},{\"@type\":\"WebSite\",\"@id\":\"https:\/\/univet.hu\/allasborze\/#website\",\"url\":\"https:\/\/univet.hu\/allasborze\/\",\"name\":\"\u00c1ll\u00e1sb\u00f6rze\",\"description\":\"\",\"potentialAction\":[{\"@type\":\"SearchAction\",\"target\":{\"@type\":\"EntryPoint\",\"urlTemplate\":\"https:\/\/univet.hu\/allasborze\/?s={search_term_string}\"},\"query-input\":{\"@type\":\"PropertyValueSpecification\",\"valueRequired\":true,\"valueName\":\"search_term_string\"}}],\"inLanguage\":\"hu\"}]}<\/script>\n<!-- \/ Yoast SEO plugin. -->","yoast_head_json":{"title":"Pannon L\u00f3gy\u00f3gy\u00e1szati \u00e9s Rehabilit\u00e1ci\u00f3s Szolg\u00e1lat - \u00c1ll\u00e1sb\u00f6rze","robots":{"index":"index","follow":"follow","max-snippet":"max-snippet:-1","max-image-preview":"max-image-preview:large","max-video-preview":"max-video-preview:-1"},"canonical":"https:\/\/univet.hu\/allasborze\/allasborze-2022\/kiallitok\/pannon-logyogyaszati-es-rehabilitacios-kft\/","og_locale":"hu_HU","og_type":"article","og_title":"Pannon L\u00f3gy\u00f3gy\u00e1szati \u00e9s Rehabilit\u00e1ci\u00f3s Szolg\u00e1lat - \u00c1ll\u00e1sb\u00f6rze","og_description":"Kelet-Eur\u00f3pa\u00a0legfelszereltebb\u00a0mag\u00e1nklinik\u00e1j\u00e1n angol, osztr\u00e1k, holland, n\u00e9met \u00e9s magyar eur\u00f3pai szakvizsg\u00e1s \u00e1llatorvosok t\u00e1mogat\u00e1sa mellett szerezheti meg a l\u00f3- \u00e9s kis\u00e1llatgy\u00f3gy\u00e1szathoz sz\u00fcks\u00e9ges szakmai tud\u00e1st, gyakorlatot. Szolg\u00e1ltat\u00e1saink k\u00f6zt szerepel: ortop\u00e9dia, s\u00e1ntas\u00e1g diagnosztika,\u00a0fejseb\u00e9szet, fogt\u00f6m\u00e9s, komplex szaporod\u00e1sbiol\u00f3gia, belgy\u00f3gy\u00e1szati \u00e9s sz\u00e9lesk\u00f6r\u0171 seb\u00e9szeti ell\u00e1t\u00e1s,\u00a0artroszk\u00f3pia,\u00a0laparoszk\u00f3pia, l\u00e9zerseb\u00e9szet, v\u00edzi rehabilit\u00e1ci\u00f3s tev\u00e9kenys\u00e9g. Alkalmazott k\u00e9palkot\u00f3 diagnosztikai elj\u00e1r\u00e1saink: CT, r\u00f6ntgen, ultrahang, l\u00e9g\u00fati- \u00e9s gyomort\u00fckr\u00f6z\u00e9s. A megfelel\u0151 gyakorlat megszerz\u00e9s\u00e9hez magas","og_url":"https:\/\/univet.hu\/allasborze\/allasborze-2022\/kiallitok\/pannon-logyogyaszati-es-rehabilitacios-kft\/","og_site_name":"\u00c1ll\u00e1sb\u00f6rze","article_modified_time":"2025-01-10T12:55:00+00:00","twitter_card":"summary_large_image","twitter_misc":{"Becs\u00fclt olvas\u00e1si id\u0151":"1 perc"},"schema":{"@context":"https:\/\/schema.org","@graph":[{"@type":"WebPage","@id":"https:\/\/univet.hu\/allasborze\/allasborze-2022\/kiallitok\/pannon-logyogyaszati-es-rehabilitacios-kft\/","url":"https:\/\/univet.hu\/allasborze\/allasborze-2022\/kiallitok\/pannon-logyogyaszati-es-rehabilitacios-kft\/","name":"Pannon L\u00f3gy\u00f3gy\u00e1szati \u00e9s Rehabilit\u00e1ci\u00f3s Szolg\u00e1lat - \u00c1ll\u00e1sb\u00f6rze","isPartOf":{"@id":"https:\/\/univet.hu\/allasborze\/#website"},"datePublished":"2022-01-12T09:39:49+00:00","dateModified":"2025-01-10T12:55:00+00:00","breadcrumb":{"@id":"https:\/\/univet.hu\/allasborze\/allasborze-2022\/kiallitok\/pannon-logyogyaszati-es-rehabilitacios-kft\/#breadcrumb"},"inLanguage":"hu","potentialAction":[{"@type":"ReadAction","target":["https:\/\/univet.hu\/allasborze\/allasborze-2022\/kiallitok\/pannon-logyogyaszati-es-rehabilitacios-kft\/"]}]},{"@type":"BreadcrumbList","@id":"https:\/\/univet.hu\/allasborze\/allasborze-2022\/kiallitok\/pannon-logyogyaszati-es-rehabilitacios-kft\/#breadcrumb","itemListElement":[{"@type":"ListItem","position":1,"name":"Kezd\u0151lap","item":"https:\/\/univet.hu\/allasborze\/"},{"@type":"ListItem","position":2,"name":"\u00c1ll\u00e1sb\u00f6rze 2022","item":"https:\/\/univet.hu\/allasborze\/allasborze-2022\/"},{"@type":"ListItem","position":3,"name":"Ki\u00e1ll\u00edt\u00f3k","item":"https:\/\/univet.hu\/allasborze\/allasborze-2022\/kiallitok\/"},{"@type":"ListItem","position":4,"name":"Pannon L\u00f3gy\u00f3gy\u00e1szati \u00e9s Rehabilit\u00e1ci\u00f3s Szolg\u00e1lat"}]},{"@type":"WebSite","@id":"https:\/\/univet.hu\/allasborze\/#website","url":"https:\/\/univet.hu\/allasborze\/","name":"\u00c1ll\u00e1sb\u00f6rze","description":"","potentialAction":[{"@type":"SearchAction","target":{"@type":"EntryPoint","urlTemplate":"https:\/\/univet.hu\/allasborze\/?s={search_term_string}"},"query-input":{"@type":"PropertyValueSpecification","valueRequired":true,"valueName":"search_term_string"}}],"inLanguage":"hu"}]}},"_links":{"self":[{"href":"https:\/\/univet.hu\/allasborze\/wp-json\/wp\/v2\/pages\/70728","targetHints":{"allow":["GET"]}}],"collection":[{"href":"https:\/\/univet.hu\/allasborze\/wp-json\/wp\/v2\/pages"}],"about":[{"href":"https:\/\/univet.hu\/allasborze\/wp-json\/wp\/v2\/types\/page"}],"author":[{"embeddable":true,"href":"https:\/\/univet.hu\/allasborze\/wp-json\/wp\/v2\/users\/2518"}],"replies":[{"embeddable":true,"href":"https:\/\/univet.hu\/allasborze\/wp-json\/wp\/v2\/comments?post=70728"}],"version-history":[{"count":1,"href":"https:\/\/univet.hu\/allasborze\/wp-json\/wp\/v2\/pages\/70728\/revisions"}],"predecessor-version":[{"id":172653,"href":"https:\/\/univet.hu\/allasborze\/wp-json\/wp\/v2\/pages\/70728\/revisions\/172653"}],"up":[{"embeddable":true,"href":"https:\/\/univet.hu\/allasborze\/wp-json\/wp\/v2\/pages\/69676"}],"wp:attachment":[{"href":"https:\/\/univet.hu\/allasborze\/wp-json\/wp\/v2\/media?parent=70728"}],"wp:term":[{"taxonomy":"category","embeddable":true,"href":"https:\/\/univet.hu\/allasborze\/wp-json\/wp\/v2\/categories?post=70728"},{"taxonomy":"post_tag","embeddable":true,"href":"https:\/\/univet.hu\/allasborze\/wp-json\/wp\/v2\/tags?post=70728"}],"curies":[{"name":"wp","href":"https:\/\/api.w.org\/{rel}","templated":true}]}}