{"id":70736,"date":"2022-01-12T10:51:15","date_gmt":"2022-01-12T09:51:15","guid":{"rendered":"https:\/\/univet.hu\/hu\/allasborze-2022\/kiallitok\/name\/"},"modified":"2025-01-10T13:54:59","modified_gmt":"2025-01-10T12:54:59","slug":"orszagos-allatkorhaz","status":"publish","type":"page","link":"https:\/\/univet.hu\/allasborze\/allasborze-2022\/kiallitok\/orszagos-allatkorhaz\/","title":{"rendered":"Orsz\u00e1gos \u00c1llatk\u00f3rh\u00e1z"},"content":{"rendered":"<p><strong>Az Orsz\u00e1gos \u00c1llatk\u00f3rh\u00e1z Budapesti int\u00e9zm\u00e9nye 2022 els\u0151 negyed\u00e9v v\u00e9g\u00e9n, m\u00e1sodik negyed\u00e9v elej\u00e9n tervezi megnyit\u00e1s\u00e1t. Budapesten, a XX. ker\u00fcletben megny\u00edl\u00f3 k\u00f3rh\u00e1zunk 620nm-es \u00e9p\u00fcletben, 3 vizsg\u00e1l\u00f3val \u00e9s 3 m\u0171t\u0151asztallal kezdi meg m\u0171k\u00f6d\u00e9s\u00e9t \u00e9jjel-nappali nyitvatart\u00e1ssal. <\/strong><\/p> <p>C\u00e9lunk a min\u0151s\u00e9gi \u00e1llateg\u00e9szs\u00e9g\u00fcgyi ell\u00e1t\u00e1s, el\u00e9rhet\u0151 \u00e1ron. Felszerel\u00e9seink k\u00f6z\u00f6tt el\u00e9rhet\u0151 lesz r\u00f6ntgen, ultrahang, labor, altat\u00f3g\u00e9p. A munkaszervez\u00e9st \u00e9s a k\u00e9nyelmet magas fok\u00fa digitaliz\u00e1lts\u00e1g fogja garant\u00e1lni. Innovat\u00edv megold\u00e1saink seg\u00edts\u00e9v\u00e9gel lecs\u00f6kkentj\u00fck az adminisztr\u00e1ci\u00f3val t\u00f6lt\u00f6tt f\u00f6l\u00f6sleges id\u0151t, a gazdik pedig folyamatosan tudnak t\u00e1j\u00e9koz\u00f3dni kedvcenceik \u00e1llapot\u00e1r\u00f3l. Online fel\u00fclet\u00fcnk\u00f6n mindig el\u00e9rhet\u0151ek lesznek az aktu\u00e1lis k\u00f3rlapok, r\u00f6ntgen felv\u00e9telek, sz\u00e1ml\u00e1k, melyeket bankk\u00e1rty\u00e1val, online \u00e9s crypto eszk\u00f6z\u00f6kkel is ki lehet egyenl\u00edteni.<\/p> <p>J\u00f3l \u00e1tgondolt karant\u00e9nunkban \u00e9s k\u00f3rh\u00e1zi f\u00e9r\u0151helyeinken ak\u00e1r 50 \u00e1llat elhelyez\u00e9s\u00e9t is meg tudjuk oldani, \u00edgy seg\u00edtve az \u00e1ltal\u00e1nos k\u00f3rh\u00e1zi helyhi\u00e1nyon.<\/p> <p>T\u00f6bb v\u00e1r\u00f3term\u00fcnk lehet\u0151v\u00e9 teszi a megfelel\u0151 t\u00e1vols\u00e1gtart\u00e1st vagy ak\u00e1r elk\u00fcl\u00f6n\u00edt\u00e9st is. K\u00fcl\u00f6n kialak\u00edtott helys\u00e9gben lehet a gazdi a m\u0171t\u00e9t ut\u00e1n \u00e9bredez\u0151 kedvenc\u00e9vel vagy lehet vele, mik\u00f6zben inf\u00fazi\u00f3s kezel\u00e9st kap.<\/p> <p>\u00c9jjel-nappali telefonos szolg\u00e1latunk lehet\u0151v\u00e9 teszi a megfelel\u0151 t\u00e1j\u00e9koz\u00f3d\u00e1st k\u00f3rh\u00e1zba indul\u00e1s el\u0151tt, valamint weboldalunkon is lehet t\u00e1j\u00e9koz\u00f3dni az \u00e9ppen aktu\u00e1lis v\u00e1rhat\u00f3 v\u00e1rakoz\u00e1si (sorban\u00e1ll\u00e1si) id\u0151r\u0151l, azonban mindent megtesz\u00fcnk, hogy a v\u00e1rakoz\u00e1si id\u0151 minim\u00e1lis legyen.<\/p> <p>Szem el\u0151tt tartjuk, hogy koll\u00e9g\u00e1ink kipihents\u00e9ge a min\u0151s\u00e9get \u00e9s az odafigyel\u00e9st maxim\u00e1lisan el\u0151seg\u00edti, \u00edgy r\u00f6videbb munkaid\u0151vel \u00e9s k\u00e9nyelmesen kialak\u00edtott pihen\u0151szob\u00e1val gondoskodunk koll\u00e9g\u00e1inkr\u00f3l.<\/p> <p>K\u00f3rh\u00e1zunk elveit az \u00e1llatok szeretete \u00e9s tisztelete vez\u00e9rli, valamint az \u00e9letment\u00e9s \u00e9s a betegs\u00e9g megel\u0151z\u00e9s.<\/p> <p><a href=\"http:\/\/www.szuperallatkorhaz.hu\">www.szuperallatkorhaz.hu<\/a><\/p> <p><strong>C\u00edm:<\/strong> 1205 Budapest, Toldy Ferenc utca 15-17<\/p> <p><strong>Telefonsz\u00e1m:<\/strong> 06703871777<\/p> <p><strong>Kapcsolattart\u00f3 szem\u00e9ly:<\/strong> Kodol\u00e1nyi Endre<\/p>","protected":false},"excerpt":{"rendered":"<p>Az Orsz\u00e1gos \u00c1llatk\u00f3rh\u00e1z Budapesti int\u00e9zm\u00e9nye 2022 els\u0151 negyed\u00e9v v\u00e9g\u00e9n, m\u00e1sodik negyed\u00e9v elej\u00e9n tervezi megnyit\u00e1s\u00e1t. Budapesten, a XX. ker\u00fcletben megny\u00edl\u00f3 k\u00f3rh\u00e1zunk 620nm-es \u00e9p\u00fcletben, 3 vizsg\u00e1l\u00f3val \u00e9s 3 m\u0171t\u0151asztallal kezdi meg m\u0171k\u00f6d\u00e9s\u00e9t \u00e9jjel-nappali nyitvatart\u00e1ssal. C\u00e9lunk a min\u0151s\u00e9gi \u00e1llateg\u00e9szs\u00e9g\u00fcgyi ell\u00e1t\u00e1s, el\u00e9rhet\u0151 \u00e1ron. Felszerel\u00e9seink k\u00f6z\u00f6tt el\u00e9rhet\u0151 lesz r\u00f6ntgen, ultrahang, labor, altat\u00f3g\u00e9p. A munkaszervez\u00e9st \u00e9s a k\u00e9nyelmet magas fok\u00fa digitaliz\u00e1lts\u00e1g<\/p>\n","protected":false},"author":2518,"featured_media":0,"parent":69676,"menu_order":0,"comment_status":"open","ping_status":"open","template":"","meta":{"_acf_changed":false,"footnotes":""},"categories":[],"tags":[],"class_list":["post-70736","page","type-page","status-publish","hentry"],"acf":[],"yoast_head":"<!-- This site is optimized with the Yoast SEO plugin v27.2 - https:\/\/yoast.com\/product\/yoast-seo-wordpress\/ -->\n<title>Orsz\u00e1gos \u00c1llatk\u00f3rh\u00e1z - \u00c1ll\u00e1sb\u00f6rze<\/title>\n<meta name=\"robots\" content=\"index, follow, max-snippet:-1, max-image-preview:large, max-video-preview:-1\" \/>\n<link rel=\"canonical\" href=\"https:\/\/univet.hu\/allasborze\/allasborze-2022\/kiallitok\/orszagos-allatkorhaz\/\" \/>\n<meta property=\"og:locale\" content=\"hu_HU\" \/>\n<meta property=\"og:type\" content=\"article\" \/>\n<meta property=\"og:title\" content=\"Orsz\u00e1gos \u00c1llatk\u00f3rh\u00e1z - \u00c1ll\u00e1sb\u00f6rze\" \/>\n<meta property=\"og:description\" content=\"Az Orsz\u00e1gos \u00c1llatk\u00f3rh\u00e1z Budapesti int\u00e9zm\u00e9nye 2022 els\u0151 negyed\u00e9v v\u00e9g\u00e9n, m\u00e1sodik negyed\u00e9v elej\u00e9n tervezi megnyit\u00e1s\u00e1t. Budapesten, a XX. ker\u00fcletben megny\u00edl\u00f3 k\u00f3rh\u00e1zunk 620nm-es \u00e9p\u00fcletben, 3 vizsg\u00e1l\u00f3val \u00e9s 3 m\u0171t\u0151asztallal kezdi meg m\u0171k\u00f6d\u00e9s\u00e9t \u00e9jjel-nappali nyitvatart\u00e1ssal. C\u00e9lunk a min\u0151s\u00e9gi \u00e1llateg\u00e9szs\u00e9g\u00fcgyi ell\u00e1t\u00e1s, el\u00e9rhet\u0151 \u00e1ron. Felszerel\u00e9seink k\u00f6z\u00f6tt el\u00e9rhet\u0151 lesz r\u00f6ntgen, ultrahang, labor, altat\u00f3g\u00e9p. A munkaszervez\u00e9st \u00e9s a k\u00e9nyelmet magas fok\u00fa digitaliz\u00e1lts\u00e1g\" \/>\n<meta property=\"og:url\" content=\"https:\/\/univet.hu\/allasborze\/allasborze-2022\/kiallitok\/orszagos-allatkorhaz\/\" \/>\n<meta property=\"og:site_name\" content=\"\u00c1ll\u00e1sb\u00f6rze\" \/>\n<meta property=\"article:modified_time\" content=\"2025-01-10T12:54:59+00:00\" \/>\n<meta name=\"twitter:card\" content=\"summary_large_image\" \/>\n<meta name=\"twitter:label1\" content=\"Becs\u00fclt olvas\u00e1si id\u0151\" \/>\n\t<meta name=\"twitter:data1\" content=\"2 perc\" \/>\n<script type=\"application\/ld+json\" class=\"yoast-schema-graph\">{\"@context\":\"https:\/\/schema.org\",\"@graph\":[{\"@type\":\"WebPage\",\"@id\":\"https:\/\/univet.hu\/allasborze\/allasborze-2022\/kiallitok\/orszagos-allatkorhaz\/\",\"url\":\"https:\/\/univet.hu\/allasborze\/allasborze-2022\/kiallitok\/orszagos-allatkorhaz\/\",\"name\":\"Orsz\u00e1gos \u00c1llatk\u00f3rh\u00e1z - \u00c1ll\u00e1sb\u00f6rze\",\"isPartOf\":{\"@id\":\"https:\/\/univet.hu\/allasborze\/#website\"},\"datePublished\":\"2022-01-12T09:51:15+00:00\",\"dateModified\":\"2025-01-10T12:54:59+00:00\",\"breadcrumb\":{\"@id\":\"https:\/\/univet.hu\/allasborze\/allasborze-2022\/kiallitok\/orszagos-allatkorhaz\/#breadcrumb\"},\"inLanguage\":\"hu\",\"potentialAction\":[{\"@type\":\"ReadAction\",\"target\":[\"https:\/\/univet.hu\/allasborze\/allasborze-2022\/kiallitok\/orszagos-allatkorhaz\/\"]}]},{\"@type\":\"BreadcrumbList\",\"@id\":\"https:\/\/univet.hu\/allasborze\/allasborze-2022\/kiallitok\/orszagos-allatkorhaz\/#breadcrumb\",\"itemListElement\":[{\"@type\":\"ListItem\",\"position\":1,\"name\":\"Kezd\u0151lap\",\"item\":\"https:\/\/univet.hu\/allasborze\/\"},{\"@type\":\"ListItem\",\"position\":2,\"name\":\"\u00c1ll\u00e1sb\u00f6rze 2022\",\"item\":\"https:\/\/univet.hu\/allasborze\/allasborze-2022\/\"},{\"@type\":\"ListItem\",\"position\":3,\"name\":\"Ki\u00e1ll\u00edt\u00f3k\",\"item\":\"https:\/\/univet.hu\/allasborze\/allasborze-2022\/kiallitok\/\"},{\"@type\":\"ListItem\",\"position\":4,\"name\":\"Orsz\u00e1gos \u00c1llatk\u00f3rh\u00e1z\"}]},{\"@type\":\"WebSite\",\"@id\":\"https:\/\/univet.hu\/allasborze\/#website\",\"url\":\"https:\/\/univet.hu\/allasborze\/\",\"name\":\"\u00c1ll\u00e1sb\u00f6rze\",\"description\":\"\",\"potentialAction\":[{\"@type\":\"SearchAction\",\"target\":{\"@type\":\"EntryPoint\",\"urlTemplate\":\"https:\/\/univet.hu\/allasborze\/?s={search_term_string}\"},\"query-input\":{\"@type\":\"PropertyValueSpecification\",\"valueRequired\":true,\"valueName\":\"search_term_string\"}}],\"inLanguage\":\"hu\"}]}<\/script>\n<!-- \/ Yoast SEO plugin. -->","yoast_head_json":{"title":"Orsz\u00e1gos \u00c1llatk\u00f3rh\u00e1z - \u00c1ll\u00e1sb\u00f6rze","robots":{"index":"index","follow":"follow","max-snippet":"max-snippet:-1","max-image-preview":"max-image-preview:large","max-video-preview":"max-video-preview:-1"},"canonical":"https:\/\/univet.hu\/allasborze\/allasborze-2022\/kiallitok\/orszagos-allatkorhaz\/","og_locale":"hu_HU","og_type":"article","og_title":"Orsz\u00e1gos \u00c1llatk\u00f3rh\u00e1z - \u00c1ll\u00e1sb\u00f6rze","og_description":"Az Orsz\u00e1gos \u00c1llatk\u00f3rh\u00e1z Budapesti int\u00e9zm\u00e9nye 2022 els\u0151 negyed\u00e9v v\u00e9g\u00e9n, m\u00e1sodik negyed\u00e9v elej\u00e9n tervezi megnyit\u00e1s\u00e1t. Budapesten, a XX. ker\u00fcletben megny\u00edl\u00f3 k\u00f3rh\u00e1zunk 620nm-es \u00e9p\u00fcletben, 3 vizsg\u00e1l\u00f3val \u00e9s 3 m\u0171t\u0151asztallal kezdi meg m\u0171k\u00f6d\u00e9s\u00e9t \u00e9jjel-nappali nyitvatart\u00e1ssal. C\u00e9lunk a min\u0151s\u00e9gi \u00e1llateg\u00e9szs\u00e9g\u00fcgyi ell\u00e1t\u00e1s, el\u00e9rhet\u0151 \u00e1ron. Felszerel\u00e9seink k\u00f6z\u00f6tt el\u00e9rhet\u0151 lesz r\u00f6ntgen, ultrahang, labor, altat\u00f3g\u00e9p. A munkaszervez\u00e9st \u00e9s a k\u00e9nyelmet magas fok\u00fa digitaliz\u00e1lts\u00e1g","og_url":"https:\/\/univet.hu\/allasborze\/allasborze-2022\/kiallitok\/orszagos-allatkorhaz\/","og_site_name":"\u00c1ll\u00e1sb\u00f6rze","article_modified_time":"2025-01-10T12:54:59+00:00","twitter_card":"summary_large_image","twitter_misc":{"Becs\u00fclt olvas\u00e1si id\u0151":"2 perc"},"schema":{"@context":"https:\/\/schema.org","@graph":[{"@type":"WebPage","@id":"https:\/\/univet.hu\/allasborze\/allasborze-2022\/kiallitok\/orszagos-allatkorhaz\/","url":"https:\/\/univet.hu\/allasborze\/allasborze-2022\/kiallitok\/orszagos-allatkorhaz\/","name":"Orsz\u00e1gos \u00c1llatk\u00f3rh\u00e1z - \u00c1ll\u00e1sb\u00f6rze","isPartOf":{"@id":"https:\/\/univet.hu\/allasborze\/#website"},"datePublished":"2022-01-12T09:51:15+00:00","dateModified":"2025-01-10T12:54:59+00:00","breadcrumb":{"@id":"https:\/\/univet.hu\/allasborze\/allasborze-2022\/kiallitok\/orszagos-allatkorhaz\/#breadcrumb"},"inLanguage":"hu","potentialAction":[{"@type":"ReadAction","target":["https:\/\/univet.hu\/allasborze\/allasborze-2022\/kiallitok\/orszagos-allatkorhaz\/"]}]},{"@type":"BreadcrumbList","@id":"https:\/\/univet.hu\/allasborze\/allasborze-2022\/kiallitok\/orszagos-allatkorhaz\/#breadcrumb","itemListElement":[{"@type":"ListItem","position":1,"name":"Kezd\u0151lap","item":"https:\/\/univet.hu\/allasborze\/"},{"@type":"ListItem","position":2,"name":"\u00c1ll\u00e1sb\u00f6rze 2022","item":"https:\/\/univet.hu\/allasborze\/allasborze-2022\/"},{"@type":"ListItem","position":3,"name":"Ki\u00e1ll\u00edt\u00f3k","item":"https:\/\/univet.hu\/allasborze\/allasborze-2022\/kiallitok\/"},{"@type":"ListItem","position":4,"name":"Orsz\u00e1gos \u00c1llatk\u00f3rh\u00e1z"}]},{"@type":"WebSite","@id":"https:\/\/univet.hu\/allasborze\/#website","url":"https:\/\/univet.hu\/allasborze\/","name":"\u00c1ll\u00e1sb\u00f6rze","description":"","potentialAction":[{"@type":"SearchAction","target":{"@type":"EntryPoint","urlTemplate":"https:\/\/univet.hu\/allasborze\/?s={search_term_string}"},"query-input":{"@type":"PropertyValueSpecification","valueRequired":true,"valueName":"search_term_string"}}],"inLanguage":"hu"}]}},"_links":{"self":[{"href":"https:\/\/univet.hu\/allasborze\/wp-json\/wp\/v2\/pages\/70736","targetHints":{"allow":["GET"]}}],"collection":[{"href":"https:\/\/univet.hu\/allasborze\/wp-json\/wp\/v2\/pages"}],"about":[{"href":"https:\/\/univet.hu\/allasborze\/wp-json\/wp\/v2\/types\/page"}],"author":[{"embeddable":true,"href":"https:\/\/univet.hu\/allasborze\/wp-json\/wp\/v2\/users\/2518"}],"replies":[{"embeddable":true,"href":"https:\/\/univet.hu\/allasborze\/wp-json\/wp\/v2\/comments?post=70736"}],"version-history":[{"count":1,"href":"https:\/\/univet.hu\/allasborze\/wp-json\/wp\/v2\/pages\/70736\/revisions"}],"predecessor-version":[{"id":172652,"href":"https:\/\/univet.hu\/allasborze\/wp-json\/wp\/v2\/pages\/70736\/revisions\/172652"}],"up":[{"embeddable":true,"href":"https:\/\/univet.hu\/allasborze\/wp-json\/wp\/v2\/pages\/69676"}],"wp:attachment":[{"href":"https:\/\/univet.hu\/allasborze\/wp-json\/wp\/v2\/media?parent=70736"}],"wp:term":[{"taxonomy":"category","embeddable":true,"href":"https:\/\/univet.hu\/allasborze\/wp-json\/wp\/v2\/categories?post=70736"},{"taxonomy":"post_tag","embeddable":true,"href":"https:\/\/univet.hu\/allasborze\/wp-json\/wp\/v2\/tags?post=70736"}],"curies":[{"name":"wp","href":"https:\/\/api.w.org\/{rel}","templated":true}]}}