{"id":70742,"date":"2022-01-12T11:03:28","date_gmt":"2022-01-12T10:03:28","guid":{"rendered":"https:\/\/univet.hu\/hu\/allasborze-2022\/kiallitok\/name\/"},"modified":"2025-01-10T13:55:00","modified_gmt":"2025-01-10T12:55:00","slug":"turi-allatkorhaz","status":"publish","type":"page","link":"https:\/\/univet.hu\/allasborze\/allasborze-2022\/kiallitok\/turi-allatkorhaz\/","title":{"rendered":"T\u00fari \u00c1llatk\u00f3rh\u00e1z"},"content":{"rendered":"<p><span data-contrast=\"auto\">A T\u00fari \u00c1llatk\u00f3rh\u00e1z Dunaf\u00f6ldv\u00e1ron, nagyj\u00e1b\u00f3l az orsz\u00e1g k\u00f6zep\u00e9n tal\u00e1lhat\u00f3. Aut\u00f3p\u00e1ly\u00e1n Budapest, P\u00e9cs, s\u0151t a Balaton is mind\u00f6ssze egy \u00f3ra t\u00e1vols\u00e1gra van.\u00a0Szatelit\u00a0rendel\u0151ket m\u0171k\u00f6dtet\u00fcnk. A\u00a0laparoszk\u00f3pos\u00a0ivartalan\u00edt\u00e1s \u00e9s a lovak has\u00fcregi seb\u00e9szete r\u00e9v\u00e9n orsz\u00e1gos az ismerts\u00e9g\u00fcnk. Haszon\u00e1llatos \u00e9s lovas mentor\u00e1l\u00e1si programunkkal egyedi versenyel\u0151nyt \u00e9s biztos piacot garant\u00e1lunk a telepell\u00e1t\u00e1st saj\u00e1t haszn\u00e1ra v\u00e1llal\u00f3, ak\u00e1r p\u00e1lyakezd\u0151 \u00e1llatorvos sz\u00e1m\u00e1ra is. Megval\u00f3s\u00edtjuk a v\u00e1gyott pihen\u0151 id\u0151, az \u00e1llatk\u00f3rh\u00e1zi munka, az \u00f6n\u00e1ll\u00f3\u00a0v\u00e1llalkoz\u00e1s\u202f \u00e9s\u202f a\u202f leg\u00e1lis,\u202f eur\u00f3pai\u202f sz\u00ednvonal\u00fa\u202f\u00a0j\u00f6vedelemszerez\u00e9s\u00a0egyens\u00faly\u00e1t. \u00daj praxis filoz\u00f3fi\u00e1nk: hisz\u00fcnk a k\u00f6lcs\u00f6n\u00f6s el\u0151ny\u00f6k\u00f6n alapul\u00f3,\u00a0szatelit\u00a0rendszer\u0171 szervezeti fejl\u0151d\u00e9sben, az \u00f6sszefog\u00e1sban, a korrekt elsz\u00e1mol\u00e1son alapul\u00f3 egy\u00fcttm\u0171k\u00f6d\u00e9sben.\u202f\u00a0<\/span><span data-ccp-props=\"{&quot;201341983&quot;:0,&quot;335559739&quot;:0,&quot;335559740&quot;:240}\">\u00a0<\/span><\/p> <p><a href=\"http:\/\/www.turiallatkorhaz.hu\/\"><span data-contrast=\"none\">www.turiallatkorhaz.hu<\/span><\/a><span data-contrast=\"auto\">\u00a0<\/span><span data-ccp-props=\"{&quot;201341983&quot;:0,&quot;335559739&quot;:0,&quot;335559740&quot;:240}\">\u00a0<\/span><\/p>","protected":false},"excerpt":{"rendered":"<p>A T\u00fari \u00c1llatk\u00f3rh\u00e1z Dunaf\u00f6ldv\u00e1ron, nagyj\u00e1b\u00f3l az orsz\u00e1g k\u00f6zep\u00e9n tal\u00e1lhat\u00f3. Aut\u00f3p\u00e1ly\u00e1n Budapest, P\u00e9cs, s\u0151t a Balaton is mind\u00f6ssze egy \u00f3ra t\u00e1vols\u00e1gra van.\u00a0Szatelit\u00a0rendel\u0151ket m\u0171k\u00f6dtet\u00fcnk. A\u00a0laparoszk\u00f3pos\u00a0ivartalan\u00edt\u00e1s \u00e9s a lovak has\u00fcregi seb\u00e9szete r\u00e9v\u00e9n orsz\u00e1gos az ismerts\u00e9g\u00fcnk. Haszon\u00e1llatos \u00e9s lovas mentor\u00e1l\u00e1si programunkkal egyedi versenyel\u0151nyt \u00e9s biztos piacot garant\u00e1lunk a telepell\u00e1t\u00e1st saj\u00e1t haszn\u00e1ra v\u00e1llal\u00f3, ak\u00e1r p\u00e1lyakezd\u0151 \u00e1llatorvos sz\u00e1m\u00e1ra is. Megval\u00f3s\u00edtjuk a<\/p>\n","protected":false},"author":2518,"featured_media":0,"parent":69676,"menu_order":0,"comment_status":"open","ping_status":"open","template":"","meta":{"_acf_changed":false,"footnotes":""},"categories":[],"tags":[],"class_list":["post-70742","page","type-page","status-publish","hentry"],"acf":[],"yoast_head":"<!-- This site is optimized with the Yoast SEO plugin v27.2 - https:\/\/yoast.com\/product\/yoast-seo-wordpress\/ -->\n<title>T\u00fari \u00c1llatk\u00f3rh\u00e1z - \u00c1ll\u00e1sb\u00f6rze<\/title>\n<meta name=\"robots\" content=\"index, follow, max-snippet:-1, max-image-preview:large, max-video-preview:-1\" \/>\n<link rel=\"canonical\" href=\"https:\/\/univet.hu\/allasborze\/allasborze-2022\/kiallitok\/turi-allatkorhaz\/\" \/>\n<meta property=\"og:locale\" content=\"hu_HU\" \/>\n<meta property=\"og:type\" content=\"article\" \/>\n<meta property=\"og:title\" content=\"T\u00fari \u00c1llatk\u00f3rh\u00e1z - \u00c1ll\u00e1sb\u00f6rze\" \/>\n<meta property=\"og:description\" content=\"A T\u00fari \u00c1llatk\u00f3rh\u00e1z Dunaf\u00f6ldv\u00e1ron, nagyj\u00e1b\u00f3l az orsz\u00e1g k\u00f6zep\u00e9n tal\u00e1lhat\u00f3. Aut\u00f3p\u00e1ly\u00e1n Budapest, P\u00e9cs, s\u0151t a Balaton is mind\u00f6ssze egy \u00f3ra t\u00e1vols\u00e1gra van.\u00a0Szatelit\u00a0rendel\u0151ket m\u0171k\u00f6dtet\u00fcnk. A\u00a0laparoszk\u00f3pos\u00a0ivartalan\u00edt\u00e1s \u00e9s a lovak has\u00fcregi seb\u00e9szete r\u00e9v\u00e9n orsz\u00e1gos az ismerts\u00e9g\u00fcnk. Haszon\u00e1llatos \u00e9s lovas mentor\u00e1l\u00e1si programunkkal egyedi versenyel\u0151nyt \u00e9s biztos piacot garant\u00e1lunk a telepell\u00e1t\u00e1st saj\u00e1t haszn\u00e1ra v\u00e1llal\u00f3, ak\u00e1r p\u00e1lyakezd\u0151 \u00e1llatorvos sz\u00e1m\u00e1ra is. Megval\u00f3s\u00edtjuk a\" \/>\n<meta property=\"og:url\" content=\"https:\/\/univet.hu\/allasborze\/allasborze-2022\/kiallitok\/turi-allatkorhaz\/\" \/>\n<meta property=\"og:site_name\" content=\"\u00c1ll\u00e1sb\u00f6rze\" \/>\n<meta property=\"article:modified_time\" content=\"2025-01-10T12:55:00+00:00\" \/>\n<meta name=\"twitter:card\" content=\"summary_large_image\" \/>\n<meta name=\"twitter:label1\" content=\"Becs\u00fclt olvas\u00e1si id\u0151\" \/>\n\t<meta name=\"twitter:data1\" content=\"1 perc\" \/>\n<script type=\"application\/ld+json\" class=\"yoast-schema-graph\">{\"@context\":\"https:\/\/schema.org\",\"@graph\":[{\"@type\":\"WebPage\",\"@id\":\"https:\/\/univet.hu\/allasborze\/allasborze-2022\/kiallitok\/turi-allatkorhaz\/\",\"url\":\"https:\/\/univet.hu\/allasborze\/allasborze-2022\/kiallitok\/turi-allatkorhaz\/\",\"name\":\"T\u00fari \u00c1llatk\u00f3rh\u00e1z - \u00c1ll\u00e1sb\u00f6rze\",\"isPartOf\":{\"@id\":\"https:\/\/univet.hu\/allasborze\/#website\"},\"datePublished\":\"2022-01-12T10:03:28+00:00\",\"dateModified\":\"2025-01-10T12:55:00+00:00\",\"breadcrumb\":{\"@id\":\"https:\/\/univet.hu\/allasborze\/allasborze-2022\/kiallitok\/turi-allatkorhaz\/#breadcrumb\"},\"inLanguage\":\"hu\",\"potentialAction\":[{\"@type\":\"ReadAction\",\"target\":[\"https:\/\/univet.hu\/allasborze\/allasborze-2022\/kiallitok\/turi-allatkorhaz\/\"]}]},{\"@type\":\"BreadcrumbList\",\"@id\":\"https:\/\/univet.hu\/allasborze\/allasborze-2022\/kiallitok\/turi-allatkorhaz\/#breadcrumb\",\"itemListElement\":[{\"@type\":\"ListItem\",\"position\":1,\"name\":\"Kezd\u0151lap\",\"item\":\"https:\/\/univet.hu\/allasborze\/\"},{\"@type\":\"ListItem\",\"position\":2,\"name\":\"\u00c1ll\u00e1sb\u00f6rze 2022\",\"item\":\"https:\/\/univet.hu\/allasborze\/allasborze-2022\/\"},{\"@type\":\"ListItem\",\"position\":3,\"name\":\"Ki\u00e1ll\u00edt\u00f3k\",\"item\":\"https:\/\/univet.hu\/allasborze\/allasborze-2022\/kiallitok\/\"},{\"@type\":\"ListItem\",\"position\":4,\"name\":\"T\u00fari \u00c1llatk\u00f3rh\u00e1z\"}]},{\"@type\":\"WebSite\",\"@id\":\"https:\/\/univet.hu\/allasborze\/#website\",\"url\":\"https:\/\/univet.hu\/allasborze\/\",\"name\":\"\u00c1ll\u00e1sb\u00f6rze\",\"description\":\"\",\"potentialAction\":[{\"@type\":\"SearchAction\",\"target\":{\"@type\":\"EntryPoint\",\"urlTemplate\":\"https:\/\/univet.hu\/allasborze\/?s={search_term_string}\"},\"query-input\":{\"@type\":\"PropertyValueSpecification\",\"valueRequired\":true,\"valueName\":\"search_term_string\"}}],\"inLanguage\":\"hu\"}]}<\/script>\n<!-- \/ Yoast SEO plugin. -->","yoast_head_json":{"title":"T\u00fari \u00c1llatk\u00f3rh\u00e1z - \u00c1ll\u00e1sb\u00f6rze","robots":{"index":"index","follow":"follow","max-snippet":"max-snippet:-1","max-image-preview":"max-image-preview:large","max-video-preview":"max-video-preview:-1"},"canonical":"https:\/\/univet.hu\/allasborze\/allasborze-2022\/kiallitok\/turi-allatkorhaz\/","og_locale":"hu_HU","og_type":"article","og_title":"T\u00fari \u00c1llatk\u00f3rh\u00e1z - \u00c1ll\u00e1sb\u00f6rze","og_description":"A T\u00fari \u00c1llatk\u00f3rh\u00e1z Dunaf\u00f6ldv\u00e1ron, nagyj\u00e1b\u00f3l az orsz\u00e1g k\u00f6zep\u00e9n tal\u00e1lhat\u00f3. Aut\u00f3p\u00e1ly\u00e1n Budapest, P\u00e9cs, s\u0151t a Balaton is mind\u00f6ssze egy \u00f3ra t\u00e1vols\u00e1gra van.\u00a0Szatelit\u00a0rendel\u0151ket m\u0171k\u00f6dtet\u00fcnk. A\u00a0laparoszk\u00f3pos\u00a0ivartalan\u00edt\u00e1s \u00e9s a lovak has\u00fcregi seb\u00e9szete r\u00e9v\u00e9n orsz\u00e1gos az ismerts\u00e9g\u00fcnk. Haszon\u00e1llatos \u00e9s lovas mentor\u00e1l\u00e1si programunkkal egyedi versenyel\u0151nyt \u00e9s biztos piacot garant\u00e1lunk a telepell\u00e1t\u00e1st saj\u00e1t haszn\u00e1ra v\u00e1llal\u00f3, ak\u00e1r p\u00e1lyakezd\u0151 \u00e1llatorvos sz\u00e1m\u00e1ra is. Megval\u00f3s\u00edtjuk a","og_url":"https:\/\/univet.hu\/allasborze\/allasborze-2022\/kiallitok\/turi-allatkorhaz\/","og_site_name":"\u00c1ll\u00e1sb\u00f6rze","article_modified_time":"2025-01-10T12:55:00+00:00","twitter_card":"summary_large_image","twitter_misc":{"Becs\u00fclt olvas\u00e1si id\u0151":"1 perc"},"schema":{"@context":"https:\/\/schema.org","@graph":[{"@type":"WebPage","@id":"https:\/\/univet.hu\/allasborze\/allasborze-2022\/kiallitok\/turi-allatkorhaz\/","url":"https:\/\/univet.hu\/allasborze\/allasborze-2022\/kiallitok\/turi-allatkorhaz\/","name":"T\u00fari \u00c1llatk\u00f3rh\u00e1z - \u00c1ll\u00e1sb\u00f6rze","isPartOf":{"@id":"https:\/\/univet.hu\/allasborze\/#website"},"datePublished":"2022-01-12T10:03:28+00:00","dateModified":"2025-01-10T12:55:00+00:00","breadcrumb":{"@id":"https:\/\/univet.hu\/allasborze\/allasborze-2022\/kiallitok\/turi-allatkorhaz\/#breadcrumb"},"inLanguage":"hu","potentialAction":[{"@type":"ReadAction","target":["https:\/\/univet.hu\/allasborze\/allasborze-2022\/kiallitok\/turi-allatkorhaz\/"]}]},{"@type":"BreadcrumbList","@id":"https:\/\/univet.hu\/allasborze\/allasborze-2022\/kiallitok\/turi-allatkorhaz\/#breadcrumb","itemListElement":[{"@type":"ListItem","position":1,"name":"Kezd\u0151lap","item":"https:\/\/univet.hu\/allasborze\/"},{"@type":"ListItem","position":2,"name":"\u00c1ll\u00e1sb\u00f6rze 2022","item":"https:\/\/univet.hu\/allasborze\/allasborze-2022\/"},{"@type":"ListItem","position":3,"name":"Ki\u00e1ll\u00edt\u00f3k","item":"https:\/\/univet.hu\/allasborze\/allasborze-2022\/kiallitok\/"},{"@type":"ListItem","position":4,"name":"T\u00fari \u00c1llatk\u00f3rh\u00e1z"}]},{"@type":"WebSite","@id":"https:\/\/univet.hu\/allasborze\/#website","url":"https:\/\/univet.hu\/allasborze\/","name":"\u00c1ll\u00e1sb\u00f6rze","description":"","potentialAction":[{"@type":"SearchAction","target":{"@type":"EntryPoint","urlTemplate":"https:\/\/univet.hu\/allasborze\/?s={search_term_string}"},"query-input":{"@type":"PropertyValueSpecification","valueRequired":true,"valueName":"search_term_string"}}],"inLanguage":"hu"}]}},"_links":{"self":[{"href":"https:\/\/univet.hu\/allasborze\/wp-json\/wp\/v2\/pages\/70742","targetHints":{"allow":["GET"]}}],"collection":[{"href":"https:\/\/univet.hu\/allasborze\/wp-json\/wp\/v2\/pages"}],"about":[{"href":"https:\/\/univet.hu\/allasborze\/wp-json\/wp\/v2\/types\/page"}],"author":[{"embeddable":true,"href":"https:\/\/univet.hu\/allasborze\/wp-json\/wp\/v2\/users\/2518"}],"replies":[{"embeddable":true,"href":"https:\/\/univet.hu\/allasborze\/wp-json\/wp\/v2\/comments?post=70742"}],"version-history":[{"count":1,"href":"https:\/\/univet.hu\/allasborze\/wp-json\/wp\/v2\/pages\/70742\/revisions"}],"predecessor-version":[{"id":172658,"href":"https:\/\/univet.hu\/allasborze\/wp-json\/wp\/v2\/pages\/70742\/revisions\/172658"}],"up":[{"embeddable":true,"href":"https:\/\/univet.hu\/allasborze\/wp-json\/wp\/v2\/pages\/69676"}],"wp:attachment":[{"href":"https:\/\/univet.hu\/allasborze\/wp-json\/wp\/v2\/media?parent=70742"}],"wp:term":[{"taxonomy":"category","embeddable":true,"href":"https:\/\/univet.hu\/allasborze\/wp-json\/wp\/v2\/categories?post=70742"},{"taxonomy":"post_tag","embeddable":true,"href":"https:\/\/univet.hu\/allasborze\/wp-json\/wp\/v2\/tags?post=70742"}],"curies":[{"name":"wp","href":"https:\/\/api.w.org\/{rel}","templated":true}]}}