{"id":70827,"date":"2022-01-17T10:02:19","date_gmt":"2022-01-17T09:02:19","guid":{"rendered":"https:\/\/univet.hu\/hu\/allasborze-2022\/kiallitok\/name\/"},"modified":"2025-01-10T13:55:00","modified_gmt":"2025-01-10T12:55:00","slug":"trovet-hungary","status":"publish","type":"page","link":"https:\/\/univet.hu\/allasborze\/allasborze-2022\/kiallitok\/trovet-hungary\/","title":{"rendered":"Trovet Hungary"},"content":{"rendered":"<p><a href=\"https:\/\/univet.hu\/en\/allasborze-2022\/kiallitok\/trovet-hungary\/trovetlogo\/\" rel=\"attachment wp-att-70981\"><img loading=\"lazy\" decoding=\"async\" class=\"size-medium wp-image-70981 alignleft\" src=\"https:\/\/univet.hu\/allasborze\/wp-content\/uploads\/sites\/2\/2022\/01\/trovetlogo-320x116.jpg\" alt=\"\" width=\"320\" height=\"116\" srcset=\"https:\/\/univet.hu\/allasborze\/wp-content\/uploads\/sites\/2\/2022\/01\/trovetlogo-320x116.jpg 320w, https:\/\/univet.hu\/allasborze\/wp-content\/uploads\/sites\/2\/2022\/01\/trovetlogo-300x109.jpg 300w, https:\/\/univet.hu\/allasborze\/wp-content\/uploads\/sites\/2\/2022\/01\/trovetlogo.jpg 500w\" sizes=\"auto, (max-width: 320px) 100vw, 320px\" \/><\/a><span data-contrast=\"auto\">F\u0151 tev\u00e9kenys\u00e9g\u00fcnk az\u00a0<\/span><b><span data-contrast=\"auto\">\u00e1llateg\u00e9szs\u00e9g\u00fcgyi szolg\u00e1ltat\u00e1s mellett<\/span><\/b><span data-contrast=\"auto\">\u00a0a\u00a0<\/span><b><span data-contrast=\"auto\">gy\u00f3gy\u00e1szati\u00a0<\/span><\/b><span data-contrast=\"auto\">k\u00e9sz\u00edtm\u00e9nyek<\/span><b><span data-contrast=\"auto\">,<\/span><\/b><span data-contrast=\"auto\">\u00a0<\/span><b><span data-contrast=\"auto\">t\u00e1pl\u00e1l\u00e9kkieg\u00e9sz\u00edt\u0151k<\/span><\/b><span data-contrast=\"auto\">\u00a0forgalmaz\u00e1sa. Jelenleg\u00a0<\/span><b><span data-contrast=\"auto\">h\u00e1rom egys\u00e9g\u00fcnk<\/span><\/b><span data-contrast=\"auto\">\u00a0van Budapesten; a VI. \u00e9s XXI. ker\u00fcletben \u00e1llatorvosi rendel\u0151 \u00e9s \u00e1llatpatika, a XII. ker\u00fcletben pedig egy \u00e1llatpatik\u00e1nk m\u0171k\u00f6dik. Itt hobbi\u00e1llat-tart\u00e1shoz sz\u00fcks\u00e9ges kieg\u00e9sz\u00edt\u0151k is megtal\u00e1lhat\u00f3k.\u00a0<\/span><span data-ccp-props=\"{&quot;201341983&quot;:0,&quot;335551550&quot;:6,&quot;335551620&quot;:6,&quot;335559731&quot;:708,&quot;335559739&quot;:160,&quot;335559740&quot;:360}\">\u00a0<\/span><\/p> <p><span data-contrast=\"auto\">C\u00e9g\u00fcnk kiz\u00e1r\u00f3lagos forgalmaz\u00f3ja a\u00a0<\/span><b><span data-contrast=\"auto\">TROVET<\/span><\/b><span data-contrast=\"auto\">\u00a0gy\u00f3gyt\u00e1poknak, a\u00a0<\/span><b><span data-contrast=\"auto\">Dermoscent<\/span><\/b><span data-contrast=\"auto\">\u00a0dermokozmetikumoknak, a\u00a0<\/span><b><span data-contrast=\"auto\">Candioli<\/span><\/b><span data-contrast=\"auto\">\u00a0\u00e9s a\u00a0<\/span><b><span data-contrast=\"auto\">Woykoff<\/span><\/b><span data-contrast=\"auto\">\u00a0gy\u00f3gyhat\u00e1s\u00fa k\u00e9sz\u00edtm\u00e9nyeknek, \u00e9s a\u00a0<\/span><b><span data-contrast=\"auto\">Cannavet<\/span><\/b><span data-contrast=\"auto\">\u00a0kendermag \u00e9s CBD olajainak. T\u00f6bb, mint 200 \u00e1llatorvost l\u00e1tunk el term\u00e9keinkkel, akik viszontelad\u00f3k\u00e9nt is jelen vannak a piacon.<\/span><span data-ccp-props=\"{&quot;201341983&quot;:0,&quot;335551550&quot;:6,&quot;335551620&quot;:6,&quot;335559739&quot;:160,&quot;335559740&quot;:360}\">\u00a0<\/span><\/p> <p><span data-contrast=\"auto\">Az \u00e1llatorvosi vonal mellett fontosnak tartjuk a magas min\u0151s\u00e9g\u0171\u00a0<\/span><b><span data-contrast=\"auto\">fiziol\u00f3gi\u00e1s t\u00e1pok forgalmaz\u00e1s\u00e1t<\/span><\/b><span data-contrast=\"auto\">\u00a0is, ez\u00e9rt 2021-ben megnyitottuk ezt a csatorn\u00e1t is. Ezek az eledelek biztos\u00edtj\u00e1k a kedvtel\u00e9sb\u0151l tartott kiskedvencek megfelel\u0151 t\u00e1pl\u00e1l\u00e1s\u00e1t, ez\u00e1ltal eg\u00e9szs\u00e9g\u00fck meg\u0151rz\u00e9s\u00e9t.<\/span><span data-ccp-props=\"{&quot;201341983&quot;:0,&quot;335551550&quot;:6,&quot;335551620&quot;:6,&quot;335559739&quot;:160,&quot;335559740&quot;:360}\">\u00a0<\/span><\/p> <p><span data-contrast=\"auto\">Term\u00e9keink\u00a0a\u00a0<\/span><b><span data-contrast=\"auto\">gazdik sz\u00e1m\u00e1ra \u00fczleteinkben \u00e9s a\u00a0<\/span><\/b><a href=\"http:\/\/www.petlegio.hu\/\"><b><span data-contrast=\"none\">www.petlegio.hu<\/span><\/b><\/a><span data-contrast=\"auto\">\u00a0web\u00e1ruh\u00e1zban \u00e9rhet\u0151k el,\u00a0m\u00edg\u00a0\u00e1llatorvos partnereinket rakt\u00e1runkb\u00f3l tudjuk kiszolg\u00e1lni.<\/span><span data-ccp-props=\"{&quot;201341983&quot;:0,&quot;335551550&quot;:6,&quot;335551620&quot;:6,&quot;335559731&quot;:708,&quot;335559739&quot;:160,&quot;335559740&quot;:360}\">\u00a0<\/span><\/p> <p>&nbsp;<\/p> <p style=\"text-align: left\">Tov\u00e1bbi inform\u00e1ci\u00f3k:\u00a0<a href=\"https:\/\/trovethungary.hu\/home-hu\/\">https:\/\/trovethungary.hu\/home-hu\/<\/a><\/p>","protected":false},"excerpt":{"rendered":"<p>F\u0151 tev\u00e9kenys\u00e9g\u00fcnk az\u00a0\u00e1llateg\u00e9szs\u00e9g\u00fcgyi szolg\u00e1ltat\u00e1s mellett\u00a0a\u00a0gy\u00f3gy\u00e1szati\u00a0k\u00e9sz\u00edtm\u00e9nyek,\u00a0t\u00e1pl\u00e1l\u00e9kkieg\u00e9sz\u00edt\u0151k\u00a0forgalmaz\u00e1sa. Jelenleg\u00a0h\u00e1rom egys\u00e9g\u00fcnk\u00a0van Budapesten; a VI. \u00e9s XXI. ker\u00fcletben \u00e1llatorvosi rendel\u0151 \u00e9s \u00e1llatpatika, a XII. ker\u00fcletben pedig egy \u00e1llatpatik\u00e1nk m\u0171k\u00f6dik. Itt hobbi\u00e1llat-tart\u00e1shoz sz\u00fcks\u00e9ges kieg\u00e9sz\u00edt\u0151k is megtal\u00e1lhat\u00f3k.\u00a0\u00a0 C\u00e9g\u00fcnk kiz\u00e1r\u00f3lagos forgalmaz\u00f3ja a\u00a0TROVET\u00a0gy\u00f3gyt\u00e1poknak, a\u00a0Dermoscent\u00a0dermokozmetikumoknak, a\u00a0Candioli\u00a0\u00e9s a\u00a0Woykoff\u00a0gy\u00f3gyhat\u00e1s\u00fa k\u00e9sz\u00edtm\u00e9nyeknek, \u00e9s a\u00a0Cannavet\u00a0kendermag \u00e9s CBD olajainak. T\u00f6bb, mint 200 \u00e1llatorvost l\u00e1tunk el term\u00e9keinkkel, akik viszontelad\u00f3k\u00e9nt is jelen vannak<\/p>\n","protected":false},"author":2518,"featured_media":0,"parent":69676,"menu_order":0,"comment_status":"open","ping_status":"open","template":"","meta":{"_acf_changed":false,"footnotes":""},"categories":[],"tags":[],"class_list":["post-70827","page","type-page","status-publish","hentry"],"acf":[],"yoast_head":"<!-- This site is optimized with the Yoast SEO plugin v27.2 - https:\/\/yoast.com\/product\/yoast-seo-wordpress\/ -->\n<title>Trovet Hungary - \u00c1ll\u00e1sb\u00f6rze<\/title>\n<meta name=\"robots\" content=\"index, follow, max-snippet:-1, max-image-preview:large, max-video-preview:-1\" \/>\n<link rel=\"canonical\" href=\"https:\/\/univet.hu\/allasborze\/allasborze-2022\/kiallitok\/trovet-hungary\/\" \/>\n<meta property=\"og:locale\" content=\"hu_HU\" \/>\n<meta property=\"og:type\" content=\"article\" \/>\n<meta property=\"og:title\" content=\"Trovet Hungary - \u00c1ll\u00e1sb\u00f6rze\" \/>\n<meta property=\"og:description\" content=\"F\u0151 tev\u00e9kenys\u00e9g\u00fcnk az\u00a0\u00e1llateg\u00e9szs\u00e9g\u00fcgyi szolg\u00e1ltat\u00e1s mellett\u00a0a\u00a0gy\u00f3gy\u00e1szati\u00a0k\u00e9sz\u00edtm\u00e9nyek,\u00a0t\u00e1pl\u00e1l\u00e9kkieg\u00e9sz\u00edt\u0151k\u00a0forgalmaz\u00e1sa. Jelenleg\u00a0h\u00e1rom egys\u00e9g\u00fcnk\u00a0van Budapesten; a VI. \u00e9s XXI. ker\u00fcletben \u00e1llatorvosi rendel\u0151 \u00e9s \u00e1llatpatika, a XII. ker\u00fcletben pedig egy \u00e1llatpatik\u00e1nk m\u0171k\u00f6dik. Itt hobbi\u00e1llat-tart\u00e1shoz sz\u00fcks\u00e9ges kieg\u00e9sz\u00edt\u0151k is megtal\u00e1lhat\u00f3k.\u00a0\u00a0 C\u00e9g\u00fcnk kiz\u00e1r\u00f3lagos forgalmaz\u00f3ja a\u00a0TROVET\u00a0gy\u00f3gyt\u00e1poknak, a\u00a0Dermoscent\u00a0dermokozmetikumoknak, a\u00a0Candioli\u00a0\u00e9s a\u00a0Woykoff\u00a0gy\u00f3gyhat\u00e1s\u00fa k\u00e9sz\u00edtm\u00e9nyeknek, \u00e9s a\u00a0Cannavet\u00a0kendermag \u00e9s CBD olajainak. T\u00f6bb, mint 200 \u00e1llatorvost l\u00e1tunk el term\u00e9keinkkel, akik viszontelad\u00f3k\u00e9nt is jelen vannak\" \/>\n<meta property=\"og:url\" content=\"https:\/\/univet.hu\/allasborze\/allasborze-2022\/kiallitok\/trovet-hungary\/\" \/>\n<meta property=\"og:site_name\" content=\"\u00c1ll\u00e1sb\u00f6rze\" \/>\n<meta property=\"article:modified_time\" content=\"2025-01-10T12:55:00+00:00\" \/>\n<meta property=\"og:image\" content=\"https:\/\/univet.hu\/allasborze\/wp-content\/uploads\/sites\/2\/2022\/01\/trovetlogo-320x116.jpg\" \/>\n<meta name=\"twitter:card\" content=\"summary_large_image\" \/>\n<meta name=\"twitter:label1\" content=\"Becs\u00fclt olvas\u00e1si id\u0151\" \/>\n\t<meta name=\"twitter:data1\" content=\"1 perc\" \/>\n<script type=\"application\/ld+json\" class=\"yoast-schema-graph\">{\"@context\":\"https:\/\/schema.org\",\"@graph\":[{\"@type\":\"WebPage\",\"@id\":\"https:\/\/univet.hu\/allasborze\/allasborze-2022\/kiallitok\/trovet-hungary\/\",\"url\":\"https:\/\/univet.hu\/allasborze\/allasborze-2022\/kiallitok\/trovet-hungary\/\",\"name\":\"Trovet Hungary - \u00c1ll\u00e1sb\u00f6rze\",\"isPartOf\":{\"@id\":\"https:\/\/univet.hu\/allasborze\/#website\"},\"primaryImageOfPage\":{\"@id\":\"https:\/\/univet.hu\/allasborze\/allasborze-2022\/kiallitok\/trovet-hungary\/#primaryimage\"},\"image\":{\"@id\":\"https:\/\/univet.hu\/allasborze\/allasborze-2022\/kiallitok\/trovet-hungary\/#primaryimage\"},\"thumbnailUrl\":\"https:\/\/univet.hu\/allasborze\/wp-content\/uploads\/sites\/2\/2022\/01\/trovetlogo-320x116.jpg\",\"datePublished\":\"2022-01-17T09:02:19+00:00\",\"dateModified\":\"2025-01-10T12:55:00+00:00\",\"breadcrumb\":{\"@id\":\"https:\/\/univet.hu\/allasborze\/allasborze-2022\/kiallitok\/trovet-hungary\/#breadcrumb\"},\"inLanguage\":\"hu\",\"potentialAction\":[{\"@type\":\"ReadAction\",\"target\":[\"https:\/\/univet.hu\/allasborze\/allasborze-2022\/kiallitok\/trovet-hungary\/\"]}]},{\"@type\":\"ImageObject\",\"inLanguage\":\"hu\",\"@id\":\"https:\/\/univet.hu\/allasborze\/allasborze-2022\/kiallitok\/trovet-hungary\/#primaryimage\",\"url\":\"https:\/\/univet.hu\/allasborze\/wp-content\/uploads\/sites\/2\/2022\/01\/trovetlogo.jpg\",\"contentUrl\":\"https:\/\/univet.hu\/allasborze\/wp-content\/uploads\/sites\/2\/2022\/01\/trovetlogo.jpg\",\"width\":500,\"height\":181},{\"@type\":\"BreadcrumbList\",\"@id\":\"https:\/\/univet.hu\/allasborze\/allasborze-2022\/kiallitok\/trovet-hungary\/#breadcrumb\",\"itemListElement\":[{\"@type\":\"ListItem\",\"position\":1,\"name\":\"Kezd\u0151lap\",\"item\":\"https:\/\/univet.hu\/allasborze\/\"},{\"@type\":\"ListItem\",\"position\":2,\"name\":\"\u00c1ll\u00e1sb\u00f6rze 2022\",\"item\":\"https:\/\/univet.hu\/allasborze\/allasborze-2022\/\"},{\"@type\":\"ListItem\",\"position\":3,\"name\":\"Ki\u00e1ll\u00edt\u00f3k\",\"item\":\"https:\/\/univet.hu\/allasborze\/allasborze-2022\/kiallitok\/\"},{\"@type\":\"ListItem\",\"position\":4,\"name\":\"Trovet Hungary\"}]},{\"@type\":\"WebSite\",\"@id\":\"https:\/\/univet.hu\/allasborze\/#website\",\"url\":\"https:\/\/univet.hu\/allasborze\/\",\"name\":\"\u00c1ll\u00e1sb\u00f6rze\",\"description\":\"\",\"potentialAction\":[{\"@type\":\"SearchAction\",\"target\":{\"@type\":\"EntryPoint\",\"urlTemplate\":\"https:\/\/univet.hu\/allasborze\/?s={search_term_string}\"},\"query-input\":{\"@type\":\"PropertyValueSpecification\",\"valueRequired\":true,\"valueName\":\"search_term_string\"}}],\"inLanguage\":\"hu\"}]}<\/script>\n<!-- \/ Yoast SEO plugin. -->","yoast_head_json":{"title":"Trovet Hungary - \u00c1ll\u00e1sb\u00f6rze","robots":{"index":"index","follow":"follow","max-snippet":"max-snippet:-1","max-image-preview":"max-image-preview:large","max-video-preview":"max-video-preview:-1"},"canonical":"https:\/\/univet.hu\/allasborze\/allasborze-2022\/kiallitok\/trovet-hungary\/","og_locale":"hu_HU","og_type":"article","og_title":"Trovet Hungary - \u00c1ll\u00e1sb\u00f6rze","og_description":"F\u0151 tev\u00e9kenys\u00e9g\u00fcnk az\u00a0\u00e1llateg\u00e9szs\u00e9g\u00fcgyi szolg\u00e1ltat\u00e1s mellett\u00a0a\u00a0gy\u00f3gy\u00e1szati\u00a0k\u00e9sz\u00edtm\u00e9nyek,\u00a0t\u00e1pl\u00e1l\u00e9kkieg\u00e9sz\u00edt\u0151k\u00a0forgalmaz\u00e1sa. Jelenleg\u00a0h\u00e1rom egys\u00e9g\u00fcnk\u00a0van Budapesten; a VI. \u00e9s XXI. ker\u00fcletben \u00e1llatorvosi rendel\u0151 \u00e9s \u00e1llatpatika, a XII. ker\u00fcletben pedig egy \u00e1llatpatik\u00e1nk m\u0171k\u00f6dik. Itt hobbi\u00e1llat-tart\u00e1shoz sz\u00fcks\u00e9ges kieg\u00e9sz\u00edt\u0151k is megtal\u00e1lhat\u00f3k.\u00a0\u00a0 C\u00e9g\u00fcnk kiz\u00e1r\u00f3lagos forgalmaz\u00f3ja a\u00a0TROVET\u00a0gy\u00f3gyt\u00e1poknak, a\u00a0Dermoscent\u00a0dermokozmetikumoknak, a\u00a0Candioli\u00a0\u00e9s a\u00a0Woykoff\u00a0gy\u00f3gyhat\u00e1s\u00fa k\u00e9sz\u00edtm\u00e9nyeknek, \u00e9s a\u00a0Cannavet\u00a0kendermag \u00e9s CBD olajainak. T\u00f6bb, mint 200 \u00e1llatorvost l\u00e1tunk el term\u00e9keinkkel, akik viszontelad\u00f3k\u00e9nt is jelen vannak","og_url":"https:\/\/univet.hu\/allasborze\/allasborze-2022\/kiallitok\/trovet-hungary\/","og_site_name":"\u00c1ll\u00e1sb\u00f6rze","article_modified_time":"2025-01-10T12:55:00+00:00","og_image":[{"url":"https:\/\/univet.hu\/allasborze\/wp-content\/uploads\/sites\/2\/2022\/01\/trovetlogo-320x116.jpg","type":"","width":"","height":""}],"twitter_card":"summary_large_image","twitter_misc":{"Becs\u00fclt olvas\u00e1si id\u0151":"1 perc"},"schema":{"@context":"https:\/\/schema.org","@graph":[{"@type":"WebPage","@id":"https:\/\/univet.hu\/allasborze\/allasborze-2022\/kiallitok\/trovet-hungary\/","url":"https:\/\/univet.hu\/allasborze\/allasborze-2022\/kiallitok\/trovet-hungary\/","name":"Trovet Hungary - \u00c1ll\u00e1sb\u00f6rze","isPartOf":{"@id":"https:\/\/univet.hu\/allasborze\/#website"},"primaryImageOfPage":{"@id":"https:\/\/univet.hu\/allasborze\/allasborze-2022\/kiallitok\/trovet-hungary\/#primaryimage"},"image":{"@id":"https:\/\/univet.hu\/allasborze\/allasborze-2022\/kiallitok\/trovet-hungary\/#primaryimage"},"thumbnailUrl":"https:\/\/univet.hu\/allasborze\/wp-content\/uploads\/sites\/2\/2022\/01\/trovetlogo-320x116.jpg","datePublished":"2022-01-17T09:02:19+00:00","dateModified":"2025-01-10T12:55:00+00:00","breadcrumb":{"@id":"https:\/\/univet.hu\/allasborze\/allasborze-2022\/kiallitok\/trovet-hungary\/#breadcrumb"},"inLanguage":"hu","potentialAction":[{"@type":"ReadAction","target":["https:\/\/univet.hu\/allasborze\/allasborze-2022\/kiallitok\/trovet-hungary\/"]}]},{"@type":"ImageObject","inLanguage":"hu","@id":"https:\/\/univet.hu\/allasborze\/allasborze-2022\/kiallitok\/trovet-hungary\/#primaryimage","url":"https:\/\/univet.hu\/allasborze\/wp-content\/uploads\/sites\/2\/2022\/01\/trovetlogo.jpg","contentUrl":"https:\/\/univet.hu\/allasborze\/wp-content\/uploads\/sites\/2\/2022\/01\/trovetlogo.jpg","width":500,"height":181},{"@type":"BreadcrumbList","@id":"https:\/\/univet.hu\/allasborze\/allasborze-2022\/kiallitok\/trovet-hungary\/#breadcrumb","itemListElement":[{"@type":"ListItem","position":1,"name":"Kezd\u0151lap","item":"https:\/\/univet.hu\/allasborze\/"},{"@type":"ListItem","position":2,"name":"\u00c1ll\u00e1sb\u00f6rze 2022","item":"https:\/\/univet.hu\/allasborze\/allasborze-2022\/"},{"@type":"ListItem","position":3,"name":"Ki\u00e1ll\u00edt\u00f3k","item":"https:\/\/univet.hu\/allasborze\/allasborze-2022\/kiallitok\/"},{"@type":"ListItem","position":4,"name":"Trovet Hungary"}]},{"@type":"WebSite","@id":"https:\/\/univet.hu\/allasborze\/#website","url":"https:\/\/univet.hu\/allasborze\/","name":"\u00c1ll\u00e1sb\u00f6rze","description":"","potentialAction":[{"@type":"SearchAction","target":{"@type":"EntryPoint","urlTemplate":"https:\/\/univet.hu\/allasborze\/?s={search_term_string}"},"query-input":{"@type":"PropertyValueSpecification","valueRequired":true,"valueName":"search_term_string"}}],"inLanguage":"hu"}]}},"_links":{"self":[{"href":"https:\/\/univet.hu\/allasborze\/wp-json\/wp\/v2\/pages\/70827","targetHints":{"allow":["GET"]}}],"collection":[{"href":"https:\/\/univet.hu\/allasborze\/wp-json\/wp\/v2\/pages"}],"about":[{"href":"https:\/\/univet.hu\/allasborze\/wp-json\/wp\/v2\/types\/page"}],"author":[{"embeddable":true,"href":"https:\/\/univet.hu\/allasborze\/wp-json\/wp\/v2\/users\/2518"}],"replies":[{"embeddable":true,"href":"https:\/\/univet.hu\/allasborze\/wp-json\/wp\/v2\/comments?post=70827"}],"version-history":[{"count":1,"href":"https:\/\/univet.hu\/allasborze\/wp-json\/wp\/v2\/pages\/70827\/revisions"}],"predecessor-version":[{"id":172657,"href":"https:\/\/univet.hu\/allasborze\/wp-json\/wp\/v2\/pages\/70827\/revisions\/172657"}],"up":[{"embeddable":true,"href":"https:\/\/univet.hu\/allasborze\/wp-json\/wp\/v2\/pages\/69676"}],"wp:attachment":[{"href":"https:\/\/univet.hu\/allasborze\/wp-json\/wp\/v2\/media?parent=70827"}],"wp:term":[{"taxonomy":"category","embeddable":true,"href":"https:\/\/univet.hu\/allasborze\/wp-json\/wp\/v2\/categories?post=70827"},{"taxonomy":"post_tag","embeddable":true,"href":"https:\/\/univet.hu\/allasborze\/wp-json\/wp\/v2\/tags?post=70827"}],"curies":[{"name":"wp","href":"https:\/\/api.w.org\/{rel}","templated":true}]}}