{"id":70946,"date":"2022-01-20T12:45:31","date_gmt":"2022-01-20T11:45:31","guid":{"rendered":"https:\/\/univet.hu\/hu\/allasborze-2022\/kiallitok\/name\/"},"modified":"2025-01-10T13:54:58","modified_gmt":"2025-01-10T12:54:58","slug":"bonafarm-csoport","status":"publish","type":"page","link":"https:\/\/univet.hu\/allasborze\/allasborze-2022\/kiallitok\/bonafarm-csoport\/","title":{"rendered":"Bonafarm Csoport"},"content":{"rendered":"<p><a href=\"https:\/\/univet.hu\/en\/allasborze-2022\/kiallitok\/bonafarm-csoport\/bf_cs_logo-2\/\" rel=\"attachment wp-att-71060\"><img loading=\"lazy\" decoding=\"async\" class=\"aligncenter size-medium wp-image-71060\" src=\"https:\/\/univet.hu\/allasborze\/wp-content\/uploads\/sites\/2\/2022\/01\/BFCS_szines_HUN-320x125.jpg\" alt=\"\" width=\"320\" height=\"125\" srcset=\"https:\/\/univet.hu\/allasborze\/wp-content\/uploads\/sites\/2\/2022\/01\/BFCS_szines_HUN-320x125.jpg 320w, https:\/\/univet.hu\/allasborze\/wp-content\/uploads\/sites\/2\/2022\/01\/BFCS_szines_HUN-768x299.jpg 768w, https:\/\/univet.hu\/allasborze\/wp-content\/uploads\/sites\/2\/2022\/01\/BFCS_szines_HUN-1024x398.jpg 1024w, https:\/\/univet.hu\/allasborze\/wp-content\/uploads\/sites\/2\/2022\/01\/BFCS_szines_HUN-1536x598.jpg 1536w, https:\/\/univet.hu\/allasborze\/wp-content\/uploads\/sites\/2\/2022\/01\/BFCS_szines_HUN-300x117.jpg 300w, https:\/\/univet.hu\/allasborze\/wp-content\/uploads\/sites\/2\/2022\/01\/BFCS_szines_HUN.jpg 1614w\" sizes=\"auto, (max-width: 320px) 100vw, 320px\" \/><\/a><\/p> <p>&nbsp;<\/p> <p><span data-contrast=\"auto\">A\u00a0Bonafarm\u00a0Csoport a r\u00e9gi\u00f3 egyik meghat\u00e1roz\u00f3, vertik\u00e1lisan integr\u00e1lt \u00e9lelmiszergazdas\u00e1gi v\u00e1llalatcsoportja. A c\u00e9gcsoport 5 mez\u0151gazdas\u00e1gi, 3 \u00e9lelmiszer-feldolgoz\u00f3 v\u00e1llalatb\u00f3l, valamint 2 \u00e9lelmiszeripari strat\u00e9giai partnerb\u0151l\u00a0\u00e1ll, melyek \u00f6sszesen k\u00f6zel 8.400 munkav\u00e1llal\u00f3t foglalkoztatnak. A\u00a0Bonafarm\u00a0Mez\u0151gazdas\u00e1got a B\u00f3ly Zrt., a Dalmand Zrt., a\u00a0Fior\u00e1cs\u00a0Kft., a\u00a0Bonafarm-B\u00e1bolna Takarm\u00e1ny Kft., valamint az\u00a0Agroprodukt\u00a0Zrt. alkotja, m\u00edg az \u00e9lelmiszeriparban a Pick Szeged Zrt., a Sole-Mizo\u00a0Zrt. \u00e9s\u00a0a Cs\u00e1nyi Pinc\u00e9szet Zrt. r\u00e9v\u00e9n k\u00e9pviselteti mag\u00e1t a v\u00e1llalatcsoport, valamint egy\u00fcttm\u0171k\u00f6dik k\u00e9t strat\u00e9giai partner\u00e9vel, az MCS V\u00e1g\u00f3h\u00edd Zrt.-vel \u00e9s a Hungerit Zrt.-vel. A\u00a0Bonafarm\u00a0Csoport portf\u00f3li\u00f3j\u00e1ban t\u00f6bbek k\u00f6z\u00f6tt szerepel a n\u00f6v\u00e9nytermeszt\u00e9s, a takarm\u00e1nygy\u00e1rt\u00e1s, az \u00e1llatteny\u00e9szt\u00e9s (sert\u00e9s, tejel\u0151 szarvasmarha, baromfi), a h\u00fasfeldolgoz\u00e1s \u00e9s h\u00fask\u00e9sz\u00edtm\u00e9ny-el\u0151\u00e1ll\u00edt\u00e1s, a tejterm\u00e9k-el\u0151\u00e1ll\u00edt\u00e1s, valamint a bor\u00e1szat.\u00a0<\/span><span data-ccp-props=\"{&quot;201341983&quot;:0,&quot;335551550&quot;:6,&quot;335551620&quot;:6,&quot;335559739&quot;:200,&quot;335559740&quot;:360}\">\u00a0<\/span><\/p> <p><span data-ccp-props=\"{&quot;201341983&quot;:0,&quot;335551550&quot;:6,&quot;335551620&quot;:6,&quot;335559739&quot;:200,&quot;335559740&quot;:360}\">\u00a0<\/span><span data-contrast=\"auto\">Az integr\u00e1lt strat\u00e9gia biztos\u00edtja a c\u00e9gcsoport sz\u00e1m\u00e1ra, hogy teljes term\u00e9kp\u00e1ly\u00e1kon \u00e1t\u00edvel\u0151, ir\u00e1ny\u00edtott, \u00e9lelmiszerbiztons\u00e1gi \u00e9s min\u0151s\u00e9gir\u00e1ny\u00edt\u00e1si szempontb\u00f3l szigor\u00faan ellen\u0151rz\u00f6tt rendszerben \u00e1ll\u00edthassa el\u0151 mez\u0151gazdas\u00e1gi \u00e9s \u00e9lelmiszeripari term\u00e9keit. Ezekhez a term\u00e9kekhez \u2013 szint\u00e9n a vertik\u00e1lis integr\u00e1ci\u00f3nak k\u00f6sz\u00f6nhet\u0151en \u2013 jelent\u0151s r\u00e9szben saj\u00e1t termel\u00e9sb\u0151l \u00e9s teny\u00e9szt\u00e9sb\u0151l sz\u00e1rmaz\u00f3 alapanyagokat haszn\u00e1lnak fel. Ilyen m\u00f3don, az egyes tagv\u00e1llalatok \u00e9s a strat\u00e9giai partnerek k\u00f6z\u00f6tt megl\u00e9v\u0151 szinergi\u00e1kra \u00e9s a k\u00f6z\u00f6s alap\u00e9rt\u00e9kekre \u00e9p\u00edtve ker\u00fclnek fogyaszt\u00f3k milli\u00f3ihoz a n\u00e9pszer\u0171, min\u0151s\u00e9gi, friss, magyar term\u00e9kek, itthon \u00e9s k\u00fclf\u00f6ld\u00f6n egyar\u00e1nt.<\/span><span data-ccp-props=\"{&quot;201341983&quot;:0,&quot;335551550&quot;:6,&quot;335551620&quot;:6,&quot;335559739&quot;:200,&quot;335559740&quot;:360}\">\u00a0<\/span><\/p> <p><span data-ccp-props=\"{&quot;201341983&quot;:0,&quot;335559739&quot;:200,&quot;335559740&quot;:360}\">\u00a0<\/span><\/p> <p><strong>Tov\u00e1bbi inform\u00e1ci\u00f3k:<\/strong>\u00a0<a href=\"https:\/\/bonafarmcsoport.hu\/\">https:\/\/bonafarmcsoport.hu\/<\/a><\/p>","protected":false},"excerpt":{"rendered":"<p>&nbsp; A\u00a0Bonafarm\u00a0Csoport a r\u00e9gi\u00f3 egyik meghat\u00e1roz\u00f3, vertik\u00e1lisan integr\u00e1lt \u00e9lelmiszergazdas\u00e1gi v\u00e1llalatcsoportja. A c\u00e9gcsoport 5 mez\u0151gazdas\u00e1gi, 3 \u00e9lelmiszer-feldolgoz\u00f3 v\u00e1llalatb\u00f3l, valamint 2 \u00e9lelmiszeripari strat\u00e9giai partnerb\u0151l\u00a0\u00e1ll, melyek \u00f6sszesen k\u00f6zel 8.400 munkav\u00e1llal\u00f3t foglalkoztatnak. A\u00a0Bonafarm\u00a0Mez\u0151gazdas\u00e1got a B\u00f3ly Zrt., a Dalmand Zrt., a\u00a0Fior\u00e1cs\u00a0Kft., a\u00a0Bonafarm-B\u00e1bolna Takarm\u00e1ny Kft., valamint az\u00a0Agroprodukt\u00a0Zrt. alkotja, m\u00edg az \u00e9lelmiszeriparban a Pick Szeged Zrt., a Sole-Mizo\u00a0Zrt. \u00e9s\u00a0a Cs\u00e1nyi Pinc\u00e9szet Zrt.<\/p>\n","protected":false},"author":2518,"featured_media":0,"parent":69676,"menu_order":0,"comment_status":"open","ping_status":"open","template":"","meta":{"_acf_changed":false,"footnotes":""},"categories":[],"tags":[],"class_list":["post-70946","page","type-page","status-publish","hentry"],"acf":[],"yoast_head":"<!-- This site is optimized with the Yoast SEO plugin v27.2 - https:\/\/yoast.com\/product\/yoast-seo-wordpress\/ -->\n<title>Bonafarm Csoport - \u00c1ll\u00e1sb\u00f6rze<\/title>\n<meta name=\"robots\" content=\"index, follow, max-snippet:-1, max-image-preview:large, max-video-preview:-1\" \/>\n<link rel=\"canonical\" href=\"https:\/\/univet.hu\/allasborze\/allasborze-2022\/kiallitok\/bonafarm-csoport\/\" \/>\n<meta property=\"og:locale\" content=\"hu_HU\" \/>\n<meta property=\"og:type\" content=\"article\" \/>\n<meta property=\"og:title\" content=\"Bonafarm Csoport - \u00c1ll\u00e1sb\u00f6rze\" \/>\n<meta property=\"og:description\" content=\"&nbsp; A\u00a0Bonafarm\u00a0Csoport a r\u00e9gi\u00f3 egyik meghat\u00e1roz\u00f3, vertik\u00e1lisan integr\u00e1lt \u00e9lelmiszergazdas\u00e1gi v\u00e1llalatcsoportja. A c\u00e9gcsoport 5 mez\u0151gazdas\u00e1gi, 3 \u00e9lelmiszer-feldolgoz\u00f3 v\u00e1llalatb\u00f3l, valamint 2 \u00e9lelmiszeripari strat\u00e9giai partnerb\u0151l\u00a0\u00e1ll, melyek \u00f6sszesen k\u00f6zel 8.400 munkav\u00e1llal\u00f3t foglalkoztatnak. A\u00a0Bonafarm\u00a0Mez\u0151gazdas\u00e1got a B\u00f3ly Zrt., a Dalmand Zrt., a\u00a0Fior\u00e1cs\u00a0Kft., a\u00a0Bonafarm-B\u00e1bolna Takarm\u00e1ny Kft., valamint az\u00a0Agroprodukt\u00a0Zrt. alkotja, m\u00edg az \u00e9lelmiszeriparban a Pick Szeged Zrt., a Sole-Mizo\u00a0Zrt. \u00e9s\u00a0a Cs\u00e1nyi Pinc\u00e9szet Zrt.\" \/>\n<meta property=\"og:url\" content=\"https:\/\/univet.hu\/allasborze\/allasborze-2022\/kiallitok\/bonafarm-csoport\/\" \/>\n<meta property=\"og:site_name\" content=\"\u00c1ll\u00e1sb\u00f6rze\" \/>\n<meta property=\"article:modified_time\" content=\"2025-01-10T12:54:58+00:00\" \/>\n<meta property=\"og:image\" content=\"https:\/\/univet.hu\/allasborze\/wp-content\/uploads\/sites\/2\/2022\/01\/BFCS_szines_HUN-320x125.jpg\" \/>\n<meta name=\"twitter:card\" content=\"summary_large_image\" \/>\n<meta name=\"twitter:label1\" content=\"Becs\u00fclt olvas\u00e1si id\u0151\" \/>\n\t<meta name=\"twitter:data1\" content=\"2 perc\" \/>\n<script type=\"application\/ld+json\" class=\"yoast-schema-graph\">{\"@context\":\"https:\/\/schema.org\",\"@graph\":[{\"@type\":\"WebPage\",\"@id\":\"https:\/\/univet.hu\/allasborze\/allasborze-2022\/kiallitok\/bonafarm-csoport\/\",\"url\":\"https:\/\/univet.hu\/allasborze\/allasborze-2022\/kiallitok\/bonafarm-csoport\/\",\"name\":\"Bonafarm Csoport - \u00c1ll\u00e1sb\u00f6rze\",\"isPartOf\":{\"@id\":\"https:\/\/univet.hu\/allasborze\/#website\"},\"primaryImageOfPage\":{\"@id\":\"https:\/\/univet.hu\/allasborze\/allasborze-2022\/kiallitok\/bonafarm-csoport\/#primaryimage\"},\"image\":{\"@id\":\"https:\/\/univet.hu\/allasborze\/allasborze-2022\/kiallitok\/bonafarm-csoport\/#primaryimage\"},\"thumbnailUrl\":\"https:\/\/univet.hu\/allasborze\/wp-content\/uploads\/sites\/2\/2022\/01\/BFCS_szines_HUN-320x125.jpg\",\"datePublished\":\"2022-01-20T11:45:31+00:00\",\"dateModified\":\"2025-01-10T12:54:58+00:00\",\"breadcrumb\":{\"@id\":\"https:\/\/univet.hu\/allasborze\/allasborze-2022\/kiallitok\/bonafarm-csoport\/#breadcrumb\"},\"inLanguage\":\"hu\",\"potentialAction\":[{\"@type\":\"ReadAction\",\"target\":[\"https:\/\/univet.hu\/allasborze\/allasborze-2022\/kiallitok\/bonafarm-csoport\/\"]}]},{\"@type\":\"ImageObject\",\"inLanguage\":\"hu\",\"@id\":\"https:\/\/univet.hu\/allasborze\/allasborze-2022\/kiallitok\/bonafarm-csoport\/#primaryimage\",\"url\":\"https:\/\/univet.hu\/allasborze\/wp-content\/uploads\/sites\/2\/2022\/01\/BFCS_szines_HUN.jpg\",\"contentUrl\":\"https:\/\/univet.hu\/allasborze\/wp-content\/uploads\/sites\/2\/2022\/01\/BFCS_szines_HUN.jpg\",\"width\":1614,\"height\":628},{\"@type\":\"BreadcrumbList\",\"@id\":\"https:\/\/univet.hu\/allasborze\/allasborze-2022\/kiallitok\/bonafarm-csoport\/#breadcrumb\",\"itemListElement\":[{\"@type\":\"ListItem\",\"position\":1,\"name\":\"Kezd\u0151lap\",\"item\":\"https:\/\/univet.hu\/allasborze\/\"},{\"@type\":\"ListItem\",\"position\":2,\"name\":\"\u00c1ll\u00e1sb\u00f6rze 2022\",\"item\":\"https:\/\/univet.hu\/allasborze\/allasborze-2022\/\"},{\"@type\":\"ListItem\",\"position\":3,\"name\":\"Ki\u00e1ll\u00edt\u00f3k\",\"item\":\"https:\/\/univet.hu\/allasborze\/allasborze-2022\/kiallitok\/\"},{\"@type\":\"ListItem\",\"position\":4,\"name\":\"Bonafarm Csoport\"}]},{\"@type\":\"WebSite\",\"@id\":\"https:\/\/univet.hu\/allasborze\/#website\",\"url\":\"https:\/\/univet.hu\/allasborze\/\",\"name\":\"\u00c1ll\u00e1sb\u00f6rze\",\"description\":\"\",\"potentialAction\":[{\"@type\":\"SearchAction\",\"target\":{\"@type\":\"EntryPoint\",\"urlTemplate\":\"https:\/\/univet.hu\/allasborze\/?s={search_term_string}\"},\"query-input\":{\"@type\":\"PropertyValueSpecification\",\"valueRequired\":true,\"valueName\":\"search_term_string\"}}],\"inLanguage\":\"hu\"}]}<\/script>\n<!-- \/ Yoast SEO plugin. -->","yoast_head_json":{"title":"Bonafarm Csoport - \u00c1ll\u00e1sb\u00f6rze","robots":{"index":"index","follow":"follow","max-snippet":"max-snippet:-1","max-image-preview":"max-image-preview:large","max-video-preview":"max-video-preview:-1"},"canonical":"https:\/\/univet.hu\/allasborze\/allasborze-2022\/kiallitok\/bonafarm-csoport\/","og_locale":"hu_HU","og_type":"article","og_title":"Bonafarm Csoport - \u00c1ll\u00e1sb\u00f6rze","og_description":"&nbsp; A\u00a0Bonafarm\u00a0Csoport a r\u00e9gi\u00f3 egyik meghat\u00e1roz\u00f3, vertik\u00e1lisan integr\u00e1lt \u00e9lelmiszergazdas\u00e1gi v\u00e1llalatcsoportja. A c\u00e9gcsoport 5 mez\u0151gazdas\u00e1gi, 3 \u00e9lelmiszer-feldolgoz\u00f3 v\u00e1llalatb\u00f3l, valamint 2 \u00e9lelmiszeripari strat\u00e9giai partnerb\u0151l\u00a0\u00e1ll, melyek \u00f6sszesen k\u00f6zel 8.400 munkav\u00e1llal\u00f3t foglalkoztatnak. A\u00a0Bonafarm\u00a0Mez\u0151gazdas\u00e1got a B\u00f3ly Zrt., a Dalmand Zrt., a\u00a0Fior\u00e1cs\u00a0Kft., a\u00a0Bonafarm-B\u00e1bolna Takarm\u00e1ny Kft., valamint az\u00a0Agroprodukt\u00a0Zrt. alkotja, m\u00edg az \u00e9lelmiszeriparban a Pick Szeged Zrt., a Sole-Mizo\u00a0Zrt. \u00e9s\u00a0a Cs\u00e1nyi Pinc\u00e9szet Zrt.","og_url":"https:\/\/univet.hu\/allasborze\/allasborze-2022\/kiallitok\/bonafarm-csoport\/","og_site_name":"\u00c1ll\u00e1sb\u00f6rze","article_modified_time":"2025-01-10T12:54:58+00:00","og_image":[{"url":"https:\/\/univet.hu\/allasborze\/wp-content\/uploads\/sites\/2\/2022\/01\/BFCS_szines_HUN-320x125.jpg","type":"","width":"","height":""}],"twitter_card":"summary_large_image","twitter_misc":{"Becs\u00fclt olvas\u00e1si id\u0151":"2 perc"},"schema":{"@context":"https:\/\/schema.org","@graph":[{"@type":"WebPage","@id":"https:\/\/univet.hu\/allasborze\/allasborze-2022\/kiallitok\/bonafarm-csoport\/","url":"https:\/\/univet.hu\/allasborze\/allasborze-2022\/kiallitok\/bonafarm-csoport\/","name":"Bonafarm Csoport - \u00c1ll\u00e1sb\u00f6rze","isPartOf":{"@id":"https:\/\/univet.hu\/allasborze\/#website"},"primaryImageOfPage":{"@id":"https:\/\/univet.hu\/allasborze\/allasborze-2022\/kiallitok\/bonafarm-csoport\/#primaryimage"},"image":{"@id":"https:\/\/univet.hu\/allasborze\/allasborze-2022\/kiallitok\/bonafarm-csoport\/#primaryimage"},"thumbnailUrl":"https:\/\/univet.hu\/allasborze\/wp-content\/uploads\/sites\/2\/2022\/01\/BFCS_szines_HUN-320x125.jpg","datePublished":"2022-01-20T11:45:31+00:00","dateModified":"2025-01-10T12:54:58+00:00","breadcrumb":{"@id":"https:\/\/univet.hu\/allasborze\/allasborze-2022\/kiallitok\/bonafarm-csoport\/#breadcrumb"},"inLanguage":"hu","potentialAction":[{"@type":"ReadAction","target":["https:\/\/univet.hu\/allasborze\/allasborze-2022\/kiallitok\/bonafarm-csoport\/"]}]},{"@type":"ImageObject","inLanguage":"hu","@id":"https:\/\/univet.hu\/allasborze\/allasborze-2022\/kiallitok\/bonafarm-csoport\/#primaryimage","url":"https:\/\/univet.hu\/allasborze\/wp-content\/uploads\/sites\/2\/2022\/01\/BFCS_szines_HUN.jpg","contentUrl":"https:\/\/univet.hu\/allasborze\/wp-content\/uploads\/sites\/2\/2022\/01\/BFCS_szines_HUN.jpg","width":1614,"height":628},{"@type":"BreadcrumbList","@id":"https:\/\/univet.hu\/allasborze\/allasborze-2022\/kiallitok\/bonafarm-csoport\/#breadcrumb","itemListElement":[{"@type":"ListItem","position":1,"name":"Kezd\u0151lap","item":"https:\/\/univet.hu\/allasborze\/"},{"@type":"ListItem","position":2,"name":"\u00c1ll\u00e1sb\u00f6rze 2022","item":"https:\/\/univet.hu\/allasborze\/allasborze-2022\/"},{"@type":"ListItem","position":3,"name":"Ki\u00e1ll\u00edt\u00f3k","item":"https:\/\/univet.hu\/allasborze\/allasborze-2022\/kiallitok\/"},{"@type":"ListItem","position":4,"name":"Bonafarm Csoport"}]},{"@type":"WebSite","@id":"https:\/\/univet.hu\/allasborze\/#website","url":"https:\/\/univet.hu\/allasborze\/","name":"\u00c1ll\u00e1sb\u00f6rze","description":"","potentialAction":[{"@type":"SearchAction","target":{"@type":"EntryPoint","urlTemplate":"https:\/\/univet.hu\/allasborze\/?s={search_term_string}"},"query-input":{"@type":"PropertyValueSpecification","valueRequired":true,"valueName":"search_term_string"}}],"inLanguage":"hu"}]}},"_links":{"self":[{"href":"https:\/\/univet.hu\/allasborze\/wp-json\/wp\/v2\/pages\/70946","targetHints":{"allow":["GET"]}}],"collection":[{"href":"https:\/\/univet.hu\/allasborze\/wp-json\/wp\/v2\/pages"}],"about":[{"href":"https:\/\/univet.hu\/allasborze\/wp-json\/wp\/v2\/types\/page"}],"author":[{"embeddable":true,"href":"https:\/\/univet.hu\/allasborze\/wp-json\/wp\/v2\/users\/2518"}],"replies":[{"embeddable":true,"href":"https:\/\/univet.hu\/allasborze\/wp-json\/wp\/v2\/comments?post=70946"}],"version-history":[{"count":1,"href":"https:\/\/univet.hu\/allasborze\/wp-json\/wp\/v2\/pages\/70946\/revisions"}],"predecessor-version":[{"id":172642,"href":"https:\/\/univet.hu\/allasborze\/wp-json\/wp\/v2\/pages\/70946\/revisions\/172642"}],"up":[{"embeddable":true,"href":"https:\/\/univet.hu\/allasborze\/wp-json\/wp\/v2\/pages\/69676"}],"wp:attachment":[{"href":"https:\/\/univet.hu\/allasborze\/wp-json\/wp\/v2\/media?parent=70946"}],"wp:term":[{"taxonomy":"category","embeddable":true,"href":"https:\/\/univet.hu\/allasborze\/wp-json\/wp\/v2\/categories?post=70946"},{"taxonomy":"post_tag","embeddable":true,"href":"https:\/\/univet.hu\/allasborze\/wp-json\/wp\/v2\/tags?post=70946"}],"curies":[{"name":"wp","href":"https:\/\/api.w.org\/{rel}","templated":true}]}}