{"id":70952,"date":"2022-01-20T12:56:17","date_gmt":"2022-01-20T11:56:17","guid":{"rendered":"https:\/\/univet.hu\/hu\/allasborze-2022\/kiallitok\/name\/"},"modified":"2025-01-10T13:54:58","modified_gmt":"2025-01-10T12:54:58","slug":"dunakeszi-allatkorhaz-veresvet-allatkorhaz","status":"publish","type":"page","link":"https:\/\/univet.hu\/allasborze\/allasborze-2022\/kiallitok\/dunakeszi-allatkorhaz-veresvet-allatkorhaz\/","title":{"rendered":"Dunakeszi \u00c1llatk\u00f3rh\u00e1z\/ Veresvet \u00c1llatk\u00f3rh\u00e1z"},"content":{"rendered":"<p><a href=\"https:\/\/univet.hu\/en\/allasborze-2022\/kiallitok\/dunakeszi-allatkorhaz-veresvet-allatkorhaz\/veresvet_logo_vector-1\/\" rel=\"attachment wp-att-71065\"><img loading=\"lazy\" decoding=\"async\" class=\"size-medium wp-image-71065 alignleft\" src=\"https:\/\/univet.hu\/allasborze\/wp-content\/uploads\/sites\/2\/2022\/01\/veresvet_logo_vector-1-320x82.jpg\" alt=\"\" width=\"320\" height=\"82\" srcset=\"https:\/\/univet.hu\/allasborze\/wp-content\/uploads\/sites\/2\/2022\/01\/veresvet_logo_vector-1-320x82.jpg 320w, https:\/\/univet.hu\/allasborze\/wp-content\/uploads\/sites\/2\/2022\/01\/veresvet_logo_vector-1-768x197.jpg 768w, https:\/\/univet.hu\/allasborze\/wp-content\/uploads\/sites\/2\/2022\/01\/veresvet_logo_vector-1-300x77.jpg 300w, https:\/\/univet.hu\/allasborze\/wp-content\/uploads\/sites\/2\/2022\/01\/veresvet_logo_vector-1.jpg 788w\" sizes=\"auto, (max-width: 320px) 100vw, 320px\" \/><\/a> <a href=\"https:\/\/univet.hu\/en\/allasborze-2022\/kiallitok\/dunakeszi-allatkorhaz-veresvet-allatkorhaz\/dklog-blue-1\/\" rel=\"attachment wp-att-71064\"><img loading=\"lazy\" decoding=\"async\" class=\"size-medium wp-image-71064 alignright\" src=\"https:\/\/univet.hu\/allasborze\/wp-content\/uploads\/sites\/2\/2022\/01\/DKlog-blue-1-320x84.jpg\" alt=\"\" width=\"320\" height=\"84\" srcset=\"https:\/\/univet.hu\/allasborze\/wp-content\/uploads\/sites\/2\/2022\/01\/DKlog-blue-1-320x84.jpg 320w, https:\/\/univet.hu\/allasborze\/wp-content\/uploads\/sites\/2\/2022\/01\/DKlog-blue-1-768x201.jpg 768w, https:\/\/univet.hu\/allasborze\/wp-content\/uploads\/sites\/2\/2022\/01\/DKlog-blue-1-1024x268.jpg 1024w, https:\/\/univet.hu\/allasborze\/wp-content\/uploads\/sites\/2\/2022\/01\/DKlog-blue-1-1536x402.jpg 1536w, https:\/\/univet.hu\/allasborze\/wp-content\/uploads\/sites\/2\/2022\/01\/DKlog-blue-1-300x79.jpg 300w, https:\/\/univet.hu\/allasborze\/wp-content\/uploads\/sites\/2\/2022\/01\/DKlog-blue-1.jpg 1546w\" sizes=\"auto, (max-width: 320px) 100vw, 320px\" \/><\/a><\/p> <p>&nbsp;<\/p> <p>&nbsp;<\/p> <p>&nbsp;<\/p> <p><b><span data-contrast=\"auto\">Dunakeszi \u00c1llatk\u00f3rh\u00e1z, 2120 Dunakeszi, Szent Istv\u00e1n u. 59\/A. web: dunakesziallatorvos.hu<\/span><\/b><span data-ccp-props=\"{&quot;201341983&quot;:0,&quot;335559739&quot;:160,&quot;335559740&quot;:259}\">\u00a0<\/span><\/p> <p><b><span data-contrast=\"auto\">Veresvet\u00a0\u00c1llatk\u00f3rh\u00e1z, 2112 Veresegyh\u00e1z, Erkel Ferenc u. 3\/G.\u00a0 web: veresvet.hu<\/span><\/b><span data-ccp-props=\"{&quot;201341983&quot;:0,&quot;335559739&quot;:160,&quot;335559740&quot;:259}\">\u00a0<\/span><\/p> <p><span data-contrast=\"auto\">Pest megye legdinamikusabban fejl\u0151d\u0151 r\u00e9gi\u00f3j\u00e1ban (Dunakeszi \u00e9s Veresegyh\u00e1z) m\u0171k\u00f6d\u0151 \u00e1llatk\u00f3rh\u00e1zaink a megye legnagyobb kedvtel\u00e9sb\u0151l tartott kedvencek ell\u00e1t\u00e1s\u00e1ra szakosodott int\u00e9zm\u00e9nyei.\u00a0<\/span><span data-ccp-props=\"{&quot;201341983&quot;:0,&quot;335551550&quot;:6,&quot;335551620&quot;:6,&quot;335559739&quot;:160,&quot;335559740&quot;:259}\">\u00a0<\/span><\/p> <p><span data-contrast=\"auto\">Jelenleg 16 \u00e1llatorvos dolgozik a k\u00e9t \u00e1llatk\u00f3rh\u00e1zban. Koll\u00e9g\u00e1ink 1\u00a0phD\u00a0fokozattal, 1\u00a0phD\u00a0\u00f6szt\u00f6nd\u00edjas 10 szak\u00e1llatorvos v\u00e9gzets\u00e9ggel rendelkeznek.\u00a0<\/span><span data-ccp-props=\"{&quot;201341983&quot;:0,&quot;335551550&quot;:6,&quot;335551620&quot;:6,&quot;335559739&quot;:160,&quot;335559740&quot;:259}\">\u00a0<\/span><\/p> <p><span data-contrast=\"auto\">\u00a0\u00c1llatorvosaink \u00e9s asszisztenseink professzion\u00e1lis csapata egyar\u00e1nt felk\u00e9sz\u00fclt a s\u00fcrg\u0151ss\u00e9gi ell\u00e1t\u00e1st ig\u00e9nyl\u0151 \u00e1llapotok \u00e9s s\u00e9r\u00fcl\u00e9sek, a rutin betegs\u00e9gek, \u00e9s a h\u00e1zi- \u00e9s egzotikus \u00e1llatok \u00e1ltal\u00e1nos orvosi ell\u00e1t\u00e1s\u00e1nak sz\u00e9les k\u00f6r\u00e9re. Diagnosztikai munk\u00e1ban saj\u00e1t labor, UH, endoszk\u00f3p,\u00a0artroszk\u00f3p, RTG \u00e1ll rendelkez\u00e9sre. Fog\u00e1szati p\u00e1cienseink ell\u00e1t\u00e1s\u00e1ban professzion\u00e1lis fog\u00e1szati egys\u00e9g seg\u00edt.\u00a0 Seb\u00e9szeti ell\u00e1t\u00e1sunk kiterjed a l\u00e1gyszervi (has, mellkas), mind pedig a csont- \u00e9s \u00edz\u00fcleti, valamint gerincseb\u00e9szetre is. Az ortop\u00e9diai esetek teljes gy\u00f3gyul\u00e1s\u00e1t seg\u00edt\u0151 fizioter\u00e1pi\u00e1t is \u00e1llatorvos v\u00e9gzi. Nagy b\u00fcszkes\u00e9get jelent nek\u00fcnk, hogy tud\u00e1sunkkal seg\u00edthetj\u00fck a k\u00fcl\u00f6nf\u00e9le sportkuty\u00e1k, \u00edgy a versenyagarak speci\u00e1lis felk\u00e9sz\u00fclts\u00e9get ig\u00e9nyl\u0151 gy\u00f3gy\u00edt\u00e1s\u00e1t is, hogy min\u00e9l hamarabb \u00fajra eg\u00e9szs\u00e9gesen \u00e9lhessenek teljes \u00e9rt\u00e9k\u0171 \u00e9letet.\u00a0<\/span><span data-ccp-props=\"{&quot;201341983&quot;:0,&quot;335551550&quot;:6,&quot;335551620&quot;:6,&quot;335559739&quot;:160,&quot;335559740&quot;:259}\">\u00a0<\/span><\/p> <p><span data-contrast=\"auto\">2022-ben mindk\u00e9t helysz\u00ednen jelent\u0151s ingatlan \u00e9s berendez\u00e9s fejleszt\u00e9st hajtunk v\u00e9gre, mely \u00fajabb kezel\u0151 helys\u00e9gek, m\u0171t\u0151k kialak\u00edt\u00e1s\u00e1t is jelenti. Dunakeszi \u00c1llatk\u00f3rh\u00e1zunkban egy CT berendez\u00e9s is helyet kap az \u00faj \u00e9p\u00fcletsz\u00e1rnyban.<\/span><span data-ccp-props=\"{&quot;201341983&quot;:0,&quot;335551550&quot;:6,&quot;335551620&quot;:6,&quot;335559739&quot;:160,&quot;335559740&quot;:259}\">\u00a0<\/span><\/p> <p>&nbsp;<\/p> <p>Tov\u00e1bbi inform\u00e1ci\u00f3k:\u00a0<a href=\"https:\/\/www.dunakesziallatorvos.hu\/\">https:\/\/www.dunakesziallatorvos.hu\/<\/a><\/p> <p><a href=\"https:\/\/univet.hu\/en\/allasborze-2022\/kiallitok\/dunakeszi-allatkorhaz-veresvet-allatkorhaz\/dklog-blue-1\/\" rel=\"attachment wp-att-71064\">\u00a0<\/a><\/p>","protected":false},"excerpt":{"rendered":"<p>&nbsp; &nbsp; &nbsp; Dunakeszi \u00c1llatk\u00f3rh\u00e1z, 2120 Dunakeszi, Szent Istv\u00e1n u. 59\/A. web: dunakesziallatorvos.hu\u00a0 Veresvet\u00a0\u00c1llatk\u00f3rh\u00e1z, 2112 Veresegyh\u00e1z, Erkel Ferenc u. 3\/G.\u00a0 web: veresvet.hu\u00a0 Pest megye legdinamikusabban fejl\u0151d\u0151 r\u00e9gi\u00f3j\u00e1ban (Dunakeszi \u00e9s Veresegyh\u00e1z) m\u0171k\u00f6d\u0151 \u00e1llatk\u00f3rh\u00e1zaink a megye legnagyobb kedvtel\u00e9sb\u0151l tartott kedvencek ell\u00e1t\u00e1s\u00e1ra szakosodott int\u00e9zm\u00e9nyei.\u00a0\u00a0 Jelenleg 16 \u00e1llatorvos dolgozik a k\u00e9t \u00e1llatk\u00f3rh\u00e1zban. Koll\u00e9g\u00e1ink 1\u00a0phD\u00a0fokozattal, 1\u00a0phD\u00a0\u00f6szt\u00f6nd\u00edjas 10 szak\u00e1llatorvos v\u00e9gzets\u00e9ggel rendelkeznek.\u00a0\u00a0<\/p>\n","protected":false},"author":2518,"featured_media":0,"parent":69676,"menu_order":0,"comment_status":"open","ping_status":"open","template":"","meta":{"_acf_changed":false,"footnotes":""},"categories":[],"tags":[],"class_list":["post-70952","page","type-page","status-publish","hentry"],"acf":[],"yoast_head":"<!-- This site is optimized with the Yoast SEO plugin v27.2 - https:\/\/yoast.com\/product\/yoast-seo-wordpress\/ -->\n<title>Dunakeszi \u00c1llatk\u00f3rh\u00e1z\/ Veresvet \u00c1llatk\u00f3rh\u00e1z - \u00c1ll\u00e1sb\u00f6rze<\/title>\n<meta name=\"robots\" content=\"index, follow, max-snippet:-1, max-image-preview:large, max-video-preview:-1\" \/>\n<link rel=\"canonical\" href=\"https:\/\/univet.hu\/allasborze\/allasborze-2022\/kiallitok\/dunakeszi-allatkorhaz-veresvet-allatkorhaz\/\" \/>\n<meta property=\"og:locale\" content=\"hu_HU\" \/>\n<meta property=\"og:type\" content=\"article\" \/>\n<meta property=\"og:title\" content=\"Dunakeszi \u00c1llatk\u00f3rh\u00e1z\/ Veresvet \u00c1llatk\u00f3rh\u00e1z - \u00c1ll\u00e1sb\u00f6rze\" \/>\n<meta property=\"og:description\" content=\"&nbsp; &nbsp; &nbsp; Dunakeszi \u00c1llatk\u00f3rh\u00e1z, 2120 Dunakeszi, Szent Istv\u00e1n u. 59\/A. web: dunakesziallatorvos.hu\u00a0 Veresvet\u00a0\u00c1llatk\u00f3rh\u00e1z, 2112 Veresegyh\u00e1z, Erkel Ferenc u. 3\/G.\u00a0 web: veresvet.hu\u00a0 Pest megye legdinamikusabban fejl\u0151d\u0151 r\u00e9gi\u00f3j\u00e1ban (Dunakeszi \u00e9s Veresegyh\u00e1z) m\u0171k\u00f6d\u0151 \u00e1llatk\u00f3rh\u00e1zaink a megye legnagyobb kedvtel\u00e9sb\u0151l tartott kedvencek ell\u00e1t\u00e1s\u00e1ra szakosodott int\u00e9zm\u00e9nyei.\u00a0\u00a0 Jelenleg 16 \u00e1llatorvos dolgozik a k\u00e9t \u00e1llatk\u00f3rh\u00e1zban. Koll\u00e9g\u00e1ink 1\u00a0phD\u00a0fokozattal, 1\u00a0phD\u00a0\u00f6szt\u00f6nd\u00edjas 10 szak\u00e1llatorvos v\u00e9gzets\u00e9ggel rendelkeznek.\u00a0\u00a0\" \/>\n<meta property=\"og:url\" content=\"https:\/\/univet.hu\/allasborze\/allasborze-2022\/kiallitok\/dunakeszi-allatkorhaz-veresvet-allatkorhaz\/\" \/>\n<meta property=\"og:site_name\" content=\"\u00c1ll\u00e1sb\u00f6rze\" \/>\n<meta property=\"article:modified_time\" content=\"2025-01-10T12:54:58+00:00\" \/>\n<meta property=\"og:image\" content=\"https:\/\/univet.hu\/allasborze\/wp-content\/uploads\/sites\/2\/2022\/01\/veresvet_logo_vector-1-320x82.jpg\" \/>\n<meta name=\"twitter:card\" content=\"summary_large_image\" \/>\n<meta name=\"twitter:label1\" content=\"Becs\u00fclt olvas\u00e1si id\u0151\" \/>\n\t<meta name=\"twitter:data1\" content=\"2 perc\" \/>\n<script type=\"application\/ld+json\" class=\"yoast-schema-graph\">{\"@context\":\"https:\/\/schema.org\",\"@graph\":[{\"@type\":\"WebPage\",\"@id\":\"https:\/\/univet.hu\/allasborze\/allasborze-2022\/kiallitok\/dunakeszi-allatkorhaz-veresvet-allatkorhaz\/\",\"url\":\"https:\/\/univet.hu\/allasborze\/allasborze-2022\/kiallitok\/dunakeszi-allatkorhaz-veresvet-allatkorhaz\/\",\"name\":\"Dunakeszi \u00c1llatk\u00f3rh\u00e1z\/ Veresvet \u00c1llatk\u00f3rh\u00e1z - \u00c1ll\u00e1sb\u00f6rze\",\"isPartOf\":{\"@id\":\"https:\/\/univet.hu\/allasborze\/#website\"},\"primaryImageOfPage\":{\"@id\":\"https:\/\/univet.hu\/allasborze\/allasborze-2022\/kiallitok\/dunakeszi-allatkorhaz-veresvet-allatkorhaz\/#primaryimage\"},\"image\":{\"@id\":\"https:\/\/univet.hu\/allasborze\/allasborze-2022\/kiallitok\/dunakeszi-allatkorhaz-veresvet-allatkorhaz\/#primaryimage\"},\"thumbnailUrl\":\"https:\/\/univet.hu\/allasborze\/wp-content\/uploads\/sites\/2\/2022\/01\/veresvet_logo_vector-1-320x82.jpg\",\"datePublished\":\"2022-01-20T11:56:17+00:00\",\"dateModified\":\"2025-01-10T12:54:58+00:00\",\"breadcrumb\":{\"@id\":\"https:\/\/univet.hu\/allasborze\/allasborze-2022\/kiallitok\/dunakeszi-allatkorhaz-veresvet-allatkorhaz\/#breadcrumb\"},\"inLanguage\":\"hu\",\"potentialAction\":[{\"@type\":\"ReadAction\",\"target\":[\"https:\/\/univet.hu\/allasborze\/allasborze-2022\/kiallitok\/dunakeszi-allatkorhaz-veresvet-allatkorhaz\/\"]}]},{\"@type\":\"ImageObject\",\"inLanguage\":\"hu\",\"@id\":\"https:\/\/univet.hu\/allasborze\/allasborze-2022\/kiallitok\/dunakeszi-allatkorhaz-veresvet-allatkorhaz\/#primaryimage\",\"url\":\"https:\/\/univet.hu\/allasborze\/wp-content\/uploads\/sites\/2\/2022\/01\/veresvet_logo_vector-1.jpg\",\"contentUrl\":\"https:\/\/univet.hu\/allasborze\/wp-content\/uploads\/sites\/2\/2022\/01\/veresvet_logo_vector-1.jpg\",\"width\":788,\"height\":202},{\"@type\":\"BreadcrumbList\",\"@id\":\"https:\/\/univet.hu\/allasborze\/allasborze-2022\/kiallitok\/dunakeszi-allatkorhaz-veresvet-allatkorhaz\/#breadcrumb\",\"itemListElement\":[{\"@type\":\"ListItem\",\"position\":1,\"name\":\"Kezd\u0151lap\",\"item\":\"https:\/\/univet.hu\/allasborze\/\"},{\"@type\":\"ListItem\",\"position\":2,\"name\":\"\u00c1ll\u00e1sb\u00f6rze 2022\",\"item\":\"https:\/\/univet.hu\/allasborze\/allasborze-2022\/\"},{\"@type\":\"ListItem\",\"position\":3,\"name\":\"Ki\u00e1ll\u00edt\u00f3k\",\"item\":\"https:\/\/univet.hu\/allasborze\/allasborze-2022\/kiallitok\/\"},{\"@type\":\"ListItem\",\"position\":4,\"name\":\"Dunakeszi \u00c1llatk\u00f3rh\u00e1z\/ Veresvet \u00c1llatk\u00f3rh\u00e1z\"}]},{\"@type\":\"WebSite\",\"@id\":\"https:\/\/univet.hu\/allasborze\/#website\",\"url\":\"https:\/\/univet.hu\/allasborze\/\",\"name\":\"\u00c1ll\u00e1sb\u00f6rze\",\"description\":\"\",\"potentialAction\":[{\"@type\":\"SearchAction\",\"target\":{\"@type\":\"EntryPoint\",\"urlTemplate\":\"https:\/\/univet.hu\/allasborze\/?s={search_term_string}\"},\"query-input\":{\"@type\":\"PropertyValueSpecification\",\"valueRequired\":true,\"valueName\":\"search_term_string\"}}],\"inLanguage\":\"hu\"}]}<\/script>\n<!-- \/ Yoast SEO plugin. -->","yoast_head_json":{"title":"Dunakeszi \u00c1llatk\u00f3rh\u00e1z\/ Veresvet \u00c1llatk\u00f3rh\u00e1z - \u00c1ll\u00e1sb\u00f6rze","robots":{"index":"index","follow":"follow","max-snippet":"max-snippet:-1","max-image-preview":"max-image-preview:large","max-video-preview":"max-video-preview:-1"},"canonical":"https:\/\/univet.hu\/allasborze\/allasborze-2022\/kiallitok\/dunakeszi-allatkorhaz-veresvet-allatkorhaz\/","og_locale":"hu_HU","og_type":"article","og_title":"Dunakeszi \u00c1llatk\u00f3rh\u00e1z\/ Veresvet \u00c1llatk\u00f3rh\u00e1z - \u00c1ll\u00e1sb\u00f6rze","og_description":"&nbsp; &nbsp; &nbsp; Dunakeszi \u00c1llatk\u00f3rh\u00e1z, 2120 Dunakeszi, Szent Istv\u00e1n u. 59\/A. web: dunakesziallatorvos.hu\u00a0 Veresvet\u00a0\u00c1llatk\u00f3rh\u00e1z, 2112 Veresegyh\u00e1z, Erkel Ferenc u. 3\/G.\u00a0 web: veresvet.hu\u00a0 Pest megye legdinamikusabban fejl\u0151d\u0151 r\u00e9gi\u00f3j\u00e1ban (Dunakeszi \u00e9s Veresegyh\u00e1z) m\u0171k\u00f6d\u0151 \u00e1llatk\u00f3rh\u00e1zaink a megye legnagyobb kedvtel\u00e9sb\u0151l tartott kedvencek ell\u00e1t\u00e1s\u00e1ra szakosodott int\u00e9zm\u00e9nyei.\u00a0\u00a0 Jelenleg 16 \u00e1llatorvos dolgozik a k\u00e9t \u00e1llatk\u00f3rh\u00e1zban. Koll\u00e9g\u00e1ink 1\u00a0phD\u00a0fokozattal, 1\u00a0phD\u00a0\u00f6szt\u00f6nd\u00edjas 10 szak\u00e1llatorvos v\u00e9gzets\u00e9ggel rendelkeznek.\u00a0\u00a0","og_url":"https:\/\/univet.hu\/allasborze\/allasborze-2022\/kiallitok\/dunakeszi-allatkorhaz-veresvet-allatkorhaz\/","og_site_name":"\u00c1ll\u00e1sb\u00f6rze","article_modified_time":"2025-01-10T12:54:58+00:00","og_image":[{"url":"https:\/\/univet.hu\/allasborze\/wp-content\/uploads\/sites\/2\/2022\/01\/veresvet_logo_vector-1-320x82.jpg","type":"","width":"","height":""}],"twitter_card":"summary_large_image","twitter_misc":{"Becs\u00fclt olvas\u00e1si id\u0151":"2 perc"},"schema":{"@context":"https:\/\/schema.org","@graph":[{"@type":"WebPage","@id":"https:\/\/univet.hu\/allasborze\/allasborze-2022\/kiallitok\/dunakeszi-allatkorhaz-veresvet-allatkorhaz\/","url":"https:\/\/univet.hu\/allasborze\/allasborze-2022\/kiallitok\/dunakeszi-allatkorhaz-veresvet-allatkorhaz\/","name":"Dunakeszi \u00c1llatk\u00f3rh\u00e1z\/ Veresvet \u00c1llatk\u00f3rh\u00e1z - \u00c1ll\u00e1sb\u00f6rze","isPartOf":{"@id":"https:\/\/univet.hu\/allasborze\/#website"},"primaryImageOfPage":{"@id":"https:\/\/univet.hu\/allasborze\/allasborze-2022\/kiallitok\/dunakeszi-allatkorhaz-veresvet-allatkorhaz\/#primaryimage"},"image":{"@id":"https:\/\/univet.hu\/allasborze\/allasborze-2022\/kiallitok\/dunakeszi-allatkorhaz-veresvet-allatkorhaz\/#primaryimage"},"thumbnailUrl":"https:\/\/univet.hu\/allasborze\/wp-content\/uploads\/sites\/2\/2022\/01\/veresvet_logo_vector-1-320x82.jpg","datePublished":"2022-01-20T11:56:17+00:00","dateModified":"2025-01-10T12:54:58+00:00","breadcrumb":{"@id":"https:\/\/univet.hu\/allasborze\/allasborze-2022\/kiallitok\/dunakeszi-allatkorhaz-veresvet-allatkorhaz\/#breadcrumb"},"inLanguage":"hu","potentialAction":[{"@type":"ReadAction","target":["https:\/\/univet.hu\/allasborze\/allasborze-2022\/kiallitok\/dunakeszi-allatkorhaz-veresvet-allatkorhaz\/"]}]},{"@type":"ImageObject","inLanguage":"hu","@id":"https:\/\/univet.hu\/allasborze\/allasborze-2022\/kiallitok\/dunakeszi-allatkorhaz-veresvet-allatkorhaz\/#primaryimage","url":"https:\/\/univet.hu\/allasborze\/wp-content\/uploads\/sites\/2\/2022\/01\/veresvet_logo_vector-1.jpg","contentUrl":"https:\/\/univet.hu\/allasborze\/wp-content\/uploads\/sites\/2\/2022\/01\/veresvet_logo_vector-1.jpg","width":788,"height":202},{"@type":"BreadcrumbList","@id":"https:\/\/univet.hu\/allasborze\/allasborze-2022\/kiallitok\/dunakeszi-allatkorhaz-veresvet-allatkorhaz\/#breadcrumb","itemListElement":[{"@type":"ListItem","position":1,"name":"Kezd\u0151lap","item":"https:\/\/univet.hu\/allasborze\/"},{"@type":"ListItem","position":2,"name":"\u00c1ll\u00e1sb\u00f6rze 2022","item":"https:\/\/univet.hu\/allasborze\/allasborze-2022\/"},{"@type":"ListItem","position":3,"name":"Ki\u00e1ll\u00edt\u00f3k","item":"https:\/\/univet.hu\/allasborze\/allasborze-2022\/kiallitok\/"},{"@type":"ListItem","position":4,"name":"Dunakeszi \u00c1llatk\u00f3rh\u00e1z\/ Veresvet \u00c1llatk\u00f3rh\u00e1z"}]},{"@type":"WebSite","@id":"https:\/\/univet.hu\/allasborze\/#website","url":"https:\/\/univet.hu\/allasborze\/","name":"\u00c1ll\u00e1sb\u00f6rze","description":"","potentialAction":[{"@type":"SearchAction","target":{"@type":"EntryPoint","urlTemplate":"https:\/\/univet.hu\/allasborze\/?s={search_term_string}"},"query-input":{"@type":"PropertyValueSpecification","valueRequired":true,"valueName":"search_term_string"}}],"inLanguage":"hu"}]}},"_links":{"self":[{"href":"https:\/\/univet.hu\/allasborze\/wp-json\/wp\/v2\/pages\/70952","targetHints":{"allow":["GET"]}}],"collection":[{"href":"https:\/\/univet.hu\/allasborze\/wp-json\/wp\/v2\/pages"}],"about":[{"href":"https:\/\/univet.hu\/allasborze\/wp-json\/wp\/v2\/types\/page"}],"author":[{"embeddable":true,"href":"https:\/\/univet.hu\/allasborze\/wp-json\/wp\/v2\/users\/2518"}],"replies":[{"embeddable":true,"href":"https:\/\/univet.hu\/allasborze\/wp-json\/wp\/v2\/comments?post=70952"}],"version-history":[{"count":1,"href":"https:\/\/univet.hu\/allasborze\/wp-json\/wp\/v2\/pages\/70952\/revisions"}],"predecessor-version":[{"id":172643,"href":"https:\/\/univet.hu\/allasborze\/wp-json\/wp\/v2\/pages\/70952\/revisions\/172643"}],"up":[{"embeddable":true,"href":"https:\/\/univet.hu\/allasborze\/wp-json\/wp\/v2\/pages\/69676"}],"wp:attachment":[{"href":"https:\/\/univet.hu\/allasborze\/wp-json\/wp\/v2\/media?parent=70952"}],"wp:term":[{"taxonomy":"category","embeddable":true,"href":"https:\/\/univet.hu\/allasborze\/wp-json\/wp\/v2\/categories?post=70952"},{"taxonomy":"post_tag","embeddable":true,"href":"https:\/\/univet.hu\/allasborze\/wp-json\/wp\/v2\/tags?post=70952"}],"curies":[{"name":"wp","href":"https:\/\/api.w.org\/{rel}","templated":true}]}}