{"id":71089,"date":"2022-01-25T14:17:57","date_gmt":"2022-01-25T13:17:57","guid":{"rendered":"https:\/\/univet.hu\/hu\/allasborze-2022\/kiallitok\/name\/"},"modified":"2025-01-10T13:54:59","modified_gmt":"2025-01-10T12:54:59","slug":"medicus-partner","status":"publish","type":"page","link":"https:\/\/univet.hu\/allasborze\/allasborze-2022\/kiallitok\/medicus-partner\/","title":{"rendered":"Medicus Partner"},"content":{"rendered":"<p><a href=\"https:\/\/univet.hu\/en\/allasborze-2022\/kiallitok\/medicus-partner\/medicus\/\" rel=\"attachment wp-att-71090\"><img loading=\"lazy\" decoding=\"async\" class=\"aligncenter size-full wp-image-71090\" src=\"https:\/\/univet.hu\/allasborze\/wp-content\/uploads\/sites\/2\/2022\/01\/medicus.jpg\" alt=\"\" width=\"248\" height=\"159\" \/><\/a><\/p> <p>A Medicus Partner Kft. t\u00f6bb mint 30 \u00e9ve a magyarorsz\u00e1gi \u00e1llateg\u00e9szs\u00e9g\u00fcgy szerves r\u00e9sze, \u00e1llatorvosi gy\u00f3gyszerek \u00e9s m\u0171szerek importj\u00e1val, illetve \u00e9rt\u00e9kes\u00edt\u00e9s\u00e9vel foglalkozunk. C\u00e9g\u00fcnk t\u00f6bb mint 15 kiv\u00e1l\u00f3 min\u0151s\u00e9get b\u00edztos\u00edt\u00f3 partner\u00e9t\u0151l v\u00e1s\u00e1r\u00f3lja a term\u00e9keit. Minden \u00e1llatfajra k\u00fcl\u00f6n programot biztos\u00edt (l\u00f3, szarvasmarha, sert\u00e9s, kutya, macska, ny\u00fal, h\u00f6rcs\u00f6g, postagalamb stb.)<\/p> <p>2003-ban megalakult a K\u00f6z\u00e9p-Eur\u00f3pai \u00c1llatorvosi K\u00f6zpont Kft. C\u00e9g\u00fcnket az \u00e1tl\u00e1that\u00f3s\u00e1g \u00e9s a korrekts\u00e9g jellemzi.<\/p> <p>Hozz\u00e1nk f\u0171z\u0151dik az els\u0151 \u00e1llatorvosi web\u00e1ruh\u00e1z, ahol a term\u00e9keink mellett sz\u00e1mos hasznos inform\u00e1ci\u00f3, p\u00e9ld\u00e1ul szakcikkek, vide\u00f3k \u00e9s programjaink is megtal\u00e1lhat\u00f3k.<\/p> <p><a href=\"http:\/\/www.vetcentre.com\">www.vetcentre.com<\/a><\/p> <p><a href=\"https:\/\/univet.hu\/en\/allasborze-2022\/kiallitok\/medicus-partner\/medicus2\/\" rel=\"attachment wp-att-71091\"><img loading=\"lazy\" decoding=\"async\" class=\"alignleft size-full wp-image-71091\" src=\"https:\/\/univet.hu\/allasborze\/wp-content\/uploads\/sites\/2\/2022\/01\/medicus2.jpg\" alt=\"\" width=\"165\" height=\"124\" \/><\/a><\/p> <p>&nbsp;<\/p> <p>2051 Biatorb\u00e1gy, Vendel Park, Torm\u00e1sr\u00e9t u.12<\/p> <p><strong>Telefon:<\/strong>+36 23 530-540\u00a0 <strong>Mobil:<\/strong> +36 70 417-3973\u00a0 <strong>E-mail:<\/strong> <a class=\"decrypt\" rel=\"jogpAwfudfousf\/dpn\" href=\"javascript:void(0);\">[Kattintson az emailc\u00edmhez]<\/a><\/p> <p>&nbsp;<\/p>","protected":false},"excerpt":{"rendered":"<p>A Medicus Partner Kft. t\u00f6bb mint 30 \u00e9ve a magyarorsz\u00e1gi \u00e1llateg\u00e9szs\u00e9g\u00fcgy szerves r\u00e9sze, \u00e1llatorvosi gy\u00f3gyszerek \u00e9s m\u0171szerek importj\u00e1val, illetve \u00e9rt\u00e9kes\u00edt\u00e9s\u00e9vel foglalkozunk. C\u00e9g\u00fcnk t\u00f6bb mint 15 kiv\u00e1l\u00f3 min\u0151s\u00e9get b\u00edztos\u00edt\u00f3 partner\u00e9t\u0151l v\u00e1s\u00e1r\u00f3lja a term\u00e9keit. Minden \u00e1llatfajra k\u00fcl\u00f6n programot biztos\u00edt (l\u00f3, szarvasmarha, sert\u00e9s, kutya, macska, ny\u00fal, h\u00f6rcs\u00f6g, postagalamb stb.) 2003-ban megalakult a K\u00f6z\u00e9p-Eur\u00f3pai \u00c1llatorvosi K\u00f6zpont Kft. C\u00e9g\u00fcnket az<\/p>\n","protected":false},"author":2518,"featured_media":0,"parent":69676,"menu_order":0,"comment_status":"open","ping_status":"open","template":"","meta":{"_acf_changed":false,"footnotes":""},"categories":[],"tags":[],"class_list":["post-71089","page","type-page","status-publish","hentry"],"acf":[],"yoast_head":"<!-- This site is optimized with the Yoast SEO plugin v27.2 - https:\/\/yoast.com\/product\/yoast-seo-wordpress\/ -->\n<title>Medicus Partner - \u00c1ll\u00e1sb\u00f6rze<\/title>\n<meta name=\"robots\" content=\"index, follow, max-snippet:-1, max-image-preview:large, max-video-preview:-1\" \/>\n<link rel=\"canonical\" href=\"https:\/\/univet.hu\/allasborze\/allasborze-2022\/kiallitok\/medicus-partner\/\" \/>\n<meta property=\"og:locale\" content=\"hu_HU\" \/>\n<meta property=\"og:type\" content=\"article\" \/>\n<meta property=\"og:title\" content=\"Medicus Partner - \u00c1ll\u00e1sb\u00f6rze\" \/>\n<meta property=\"og:description\" content=\"A Medicus Partner Kft. t\u00f6bb mint 30 \u00e9ve a magyarorsz\u00e1gi \u00e1llateg\u00e9szs\u00e9g\u00fcgy szerves r\u00e9sze, \u00e1llatorvosi gy\u00f3gyszerek \u00e9s m\u0171szerek importj\u00e1val, illetve \u00e9rt\u00e9kes\u00edt\u00e9s\u00e9vel foglalkozunk. C\u00e9g\u00fcnk t\u00f6bb mint 15 kiv\u00e1l\u00f3 min\u0151s\u00e9get b\u00edztos\u00edt\u00f3 partner\u00e9t\u0151l v\u00e1s\u00e1r\u00f3lja a term\u00e9keit. Minden \u00e1llatfajra k\u00fcl\u00f6n programot biztos\u00edt (l\u00f3, szarvasmarha, sert\u00e9s, kutya, macska, ny\u00fal, h\u00f6rcs\u00f6g, postagalamb stb.) 2003-ban megalakult a K\u00f6z\u00e9p-Eur\u00f3pai \u00c1llatorvosi K\u00f6zpont Kft. C\u00e9g\u00fcnket az\" \/>\n<meta property=\"og:url\" content=\"https:\/\/univet.hu\/allasborze\/allasborze-2022\/kiallitok\/medicus-partner\/\" \/>\n<meta property=\"og:site_name\" content=\"\u00c1ll\u00e1sb\u00f6rze\" \/>\n<meta property=\"article:modified_time\" content=\"2025-01-10T12:54:59+00:00\" \/>\n<meta property=\"og:image\" content=\"https:\/\/univet.hu\/allasborze\/wp-content\/uploads\/sites\/2\/2022\/01\/medicus.jpg\" \/>\n<meta name=\"twitter:card\" content=\"summary_large_image\" \/>\n<meta name=\"twitter:label1\" content=\"Becs\u00fclt olvas\u00e1si id\u0151\" \/>\n\t<meta name=\"twitter:data1\" content=\"1 perc\" \/>\n<script type=\"application\/ld+json\" class=\"yoast-schema-graph\">{\"@context\":\"https:\/\/schema.org\",\"@graph\":[{\"@type\":\"WebPage\",\"@id\":\"https:\/\/univet.hu\/allasborze\/allasborze-2022\/kiallitok\/medicus-partner\/\",\"url\":\"https:\/\/univet.hu\/allasborze\/allasborze-2022\/kiallitok\/medicus-partner\/\",\"name\":\"Medicus Partner - \u00c1ll\u00e1sb\u00f6rze\",\"isPartOf\":{\"@id\":\"https:\/\/univet.hu\/allasborze\/#website\"},\"primaryImageOfPage\":{\"@id\":\"https:\/\/univet.hu\/allasborze\/allasborze-2022\/kiallitok\/medicus-partner\/#primaryimage\"},\"image\":{\"@id\":\"https:\/\/univet.hu\/allasborze\/allasborze-2022\/kiallitok\/medicus-partner\/#primaryimage\"},\"thumbnailUrl\":\"https:\/\/univet.hu\/allasborze\/wp-content\/uploads\/sites\/2\/2022\/01\/medicus.jpg\",\"datePublished\":\"2022-01-25T13:17:57+00:00\",\"dateModified\":\"2025-01-10T12:54:59+00:00\",\"breadcrumb\":{\"@id\":\"https:\/\/univet.hu\/allasborze\/allasborze-2022\/kiallitok\/medicus-partner\/#breadcrumb\"},\"inLanguage\":\"hu\",\"potentialAction\":[{\"@type\":\"ReadAction\",\"target\":[\"https:\/\/univet.hu\/allasborze\/allasborze-2022\/kiallitok\/medicus-partner\/\"]}]},{\"@type\":\"ImageObject\",\"inLanguage\":\"hu\",\"@id\":\"https:\/\/univet.hu\/allasborze\/allasborze-2022\/kiallitok\/medicus-partner\/#primaryimage\",\"url\":\"https:\/\/univet.hu\/allasborze\/wp-content\/uploads\/sites\/2\/2022\/01\/medicus.jpg\",\"contentUrl\":\"https:\/\/univet.hu\/allasborze\/wp-content\/uploads\/sites\/2\/2022\/01\/medicus.jpg\",\"width\":248,\"height\":159},{\"@type\":\"BreadcrumbList\",\"@id\":\"https:\/\/univet.hu\/allasborze\/allasborze-2022\/kiallitok\/medicus-partner\/#breadcrumb\",\"itemListElement\":[{\"@type\":\"ListItem\",\"position\":1,\"name\":\"Kezd\u0151lap\",\"item\":\"https:\/\/univet.hu\/allasborze\/\"},{\"@type\":\"ListItem\",\"position\":2,\"name\":\"\u00c1ll\u00e1sb\u00f6rze 2022\",\"item\":\"https:\/\/univet.hu\/allasborze\/allasborze-2022\/\"},{\"@type\":\"ListItem\",\"position\":3,\"name\":\"Ki\u00e1ll\u00edt\u00f3k\",\"item\":\"https:\/\/univet.hu\/allasborze\/allasborze-2022\/kiallitok\/\"},{\"@type\":\"ListItem\",\"position\":4,\"name\":\"Medicus Partner\"}]},{\"@type\":\"WebSite\",\"@id\":\"https:\/\/univet.hu\/allasborze\/#website\",\"url\":\"https:\/\/univet.hu\/allasborze\/\",\"name\":\"\u00c1ll\u00e1sb\u00f6rze\",\"description\":\"\",\"potentialAction\":[{\"@type\":\"SearchAction\",\"target\":{\"@type\":\"EntryPoint\",\"urlTemplate\":\"https:\/\/univet.hu\/allasborze\/?s={search_term_string}\"},\"query-input\":{\"@type\":\"PropertyValueSpecification\",\"valueRequired\":true,\"valueName\":\"search_term_string\"}}],\"inLanguage\":\"hu\"}]}<\/script>\n<!-- \/ Yoast SEO plugin. -->","yoast_head_json":{"title":"Medicus Partner - \u00c1ll\u00e1sb\u00f6rze","robots":{"index":"index","follow":"follow","max-snippet":"max-snippet:-1","max-image-preview":"max-image-preview:large","max-video-preview":"max-video-preview:-1"},"canonical":"https:\/\/univet.hu\/allasborze\/allasborze-2022\/kiallitok\/medicus-partner\/","og_locale":"hu_HU","og_type":"article","og_title":"Medicus Partner - \u00c1ll\u00e1sb\u00f6rze","og_description":"A Medicus Partner Kft. t\u00f6bb mint 30 \u00e9ve a magyarorsz\u00e1gi \u00e1llateg\u00e9szs\u00e9g\u00fcgy szerves r\u00e9sze, \u00e1llatorvosi gy\u00f3gyszerek \u00e9s m\u0171szerek importj\u00e1val, illetve \u00e9rt\u00e9kes\u00edt\u00e9s\u00e9vel foglalkozunk. C\u00e9g\u00fcnk t\u00f6bb mint 15 kiv\u00e1l\u00f3 min\u0151s\u00e9get b\u00edztos\u00edt\u00f3 partner\u00e9t\u0151l v\u00e1s\u00e1r\u00f3lja a term\u00e9keit. Minden \u00e1llatfajra k\u00fcl\u00f6n programot biztos\u00edt (l\u00f3, szarvasmarha, sert\u00e9s, kutya, macska, ny\u00fal, h\u00f6rcs\u00f6g, postagalamb stb.) 2003-ban megalakult a K\u00f6z\u00e9p-Eur\u00f3pai \u00c1llatorvosi K\u00f6zpont Kft. C\u00e9g\u00fcnket az","og_url":"https:\/\/univet.hu\/allasborze\/allasborze-2022\/kiallitok\/medicus-partner\/","og_site_name":"\u00c1ll\u00e1sb\u00f6rze","article_modified_time":"2025-01-10T12:54:59+00:00","og_image":[{"url":"https:\/\/univet.hu\/allasborze\/wp-content\/uploads\/sites\/2\/2022\/01\/medicus.jpg","type":"","width":"","height":""}],"twitter_card":"summary_large_image","twitter_misc":{"Becs\u00fclt olvas\u00e1si id\u0151":"1 perc"},"schema":{"@context":"https:\/\/schema.org","@graph":[{"@type":"WebPage","@id":"https:\/\/univet.hu\/allasborze\/allasborze-2022\/kiallitok\/medicus-partner\/","url":"https:\/\/univet.hu\/allasborze\/allasborze-2022\/kiallitok\/medicus-partner\/","name":"Medicus Partner - \u00c1ll\u00e1sb\u00f6rze","isPartOf":{"@id":"https:\/\/univet.hu\/allasborze\/#website"},"primaryImageOfPage":{"@id":"https:\/\/univet.hu\/allasborze\/allasborze-2022\/kiallitok\/medicus-partner\/#primaryimage"},"image":{"@id":"https:\/\/univet.hu\/allasborze\/allasborze-2022\/kiallitok\/medicus-partner\/#primaryimage"},"thumbnailUrl":"https:\/\/univet.hu\/allasborze\/wp-content\/uploads\/sites\/2\/2022\/01\/medicus.jpg","datePublished":"2022-01-25T13:17:57+00:00","dateModified":"2025-01-10T12:54:59+00:00","breadcrumb":{"@id":"https:\/\/univet.hu\/allasborze\/allasborze-2022\/kiallitok\/medicus-partner\/#breadcrumb"},"inLanguage":"hu","potentialAction":[{"@type":"ReadAction","target":["https:\/\/univet.hu\/allasborze\/allasborze-2022\/kiallitok\/medicus-partner\/"]}]},{"@type":"ImageObject","inLanguage":"hu","@id":"https:\/\/univet.hu\/allasborze\/allasborze-2022\/kiallitok\/medicus-partner\/#primaryimage","url":"https:\/\/univet.hu\/allasborze\/wp-content\/uploads\/sites\/2\/2022\/01\/medicus.jpg","contentUrl":"https:\/\/univet.hu\/allasborze\/wp-content\/uploads\/sites\/2\/2022\/01\/medicus.jpg","width":248,"height":159},{"@type":"BreadcrumbList","@id":"https:\/\/univet.hu\/allasborze\/allasborze-2022\/kiallitok\/medicus-partner\/#breadcrumb","itemListElement":[{"@type":"ListItem","position":1,"name":"Kezd\u0151lap","item":"https:\/\/univet.hu\/allasborze\/"},{"@type":"ListItem","position":2,"name":"\u00c1ll\u00e1sb\u00f6rze 2022","item":"https:\/\/univet.hu\/allasborze\/allasborze-2022\/"},{"@type":"ListItem","position":3,"name":"Ki\u00e1ll\u00edt\u00f3k","item":"https:\/\/univet.hu\/allasborze\/allasborze-2022\/kiallitok\/"},{"@type":"ListItem","position":4,"name":"Medicus Partner"}]},{"@type":"WebSite","@id":"https:\/\/univet.hu\/allasborze\/#website","url":"https:\/\/univet.hu\/allasborze\/","name":"\u00c1ll\u00e1sb\u00f6rze","description":"","potentialAction":[{"@type":"SearchAction","target":{"@type":"EntryPoint","urlTemplate":"https:\/\/univet.hu\/allasborze\/?s={search_term_string}"},"query-input":{"@type":"PropertyValueSpecification","valueRequired":true,"valueName":"search_term_string"}}],"inLanguage":"hu"}]}},"_links":{"self":[{"href":"https:\/\/univet.hu\/allasborze\/wp-json\/wp\/v2\/pages\/71089","targetHints":{"allow":["GET"]}}],"collection":[{"href":"https:\/\/univet.hu\/allasborze\/wp-json\/wp\/v2\/pages"}],"about":[{"href":"https:\/\/univet.hu\/allasborze\/wp-json\/wp\/v2\/types\/page"}],"author":[{"embeddable":true,"href":"https:\/\/univet.hu\/allasborze\/wp-json\/wp\/v2\/users\/2518"}],"replies":[{"embeddable":true,"href":"https:\/\/univet.hu\/allasborze\/wp-json\/wp\/v2\/comments?post=71089"}],"version-history":[{"count":1,"href":"https:\/\/univet.hu\/allasborze\/wp-json\/wp\/v2\/pages\/71089\/revisions"}],"predecessor-version":[{"id":172647,"href":"https:\/\/univet.hu\/allasborze\/wp-json\/wp\/v2\/pages\/71089\/revisions\/172647"}],"up":[{"embeddable":true,"href":"https:\/\/univet.hu\/allasborze\/wp-json\/wp\/v2\/pages\/69676"}],"wp:attachment":[{"href":"https:\/\/univet.hu\/allasborze\/wp-json\/wp\/v2\/media?parent=71089"}],"wp:term":[{"taxonomy":"category","embeddable":true,"href":"https:\/\/univet.hu\/allasborze\/wp-json\/wp\/v2\/categories?post=71089"},{"taxonomy":"post_tag","embeddable":true,"href":"https:\/\/univet.hu\/allasborze\/wp-json\/wp\/v2\/tags?post=71089"}],"curies":[{"name":"wp","href":"https:\/\/api.w.org\/{rel}","templated":true}]}}