{"id":71137,"date":"2022-01-26T15:00:03","date_gmt":"2022-01-26T14:00:03","guid":{"rendered":"https:\/\/univet.hu\/hu\/allasborze-2022\/kiallitok\/name\/"},"modified":"2025-01-10T13:54:57","modified_gmt":"2025-01-10T12:54:57","slug":"allatorvostudomanyi-kutatointezet","status":"publish","type":"page","link":"https:\/\/univet.hu\/allasborze\/allasborze-2022\/kiallitok\/allatorvostudomanyi-kutatointezet\/","title":{"rendered":"\u00c1llatorvostudom\u00e1nyi Kutat\u00f3int\u00e9zet"},"content":{"rendered":"<p><a href=\"https:\/\/univet.hu\/en\/allasborze-2022\/kiallitok\/allatorvostudomanyi-kutatointezet\/atki\/\" rel=\"attachment wp-att-71139\"><img loading=\"lazy\" decoding=\"async\" class=\"aligncenter wp-image-71139 size-large\" src=\"https:\/\/univet.hu\/allasborze\/wp-content\/uploads\/sites\/2\/2022\/01\/atki-960x285.jpg\" alt=\"\" width=\"640\" height=\"190\" \/><\/a><\/p> <p>&nbsp;<\/p> <p>Az \u00c1llatorvostudom\u00e1nyi Kutat\u00f3int\u00e9zet (\u00c1TKI) az \u00e1llatorvos-tudom\u00e1ny egyetlen hazai f\u0151hivat\u00e1s\u00fa kutat\u00f3helye, e ter\u00fclet molekul\u00e1ris mikrobiol\u00f3giai kutat\u00e1si b\u00e1zisa. A t\u00f6bb mint 70 \u00e9ve m\u0171k\u00f6d\u0151 int\u00e9zet legf\u0151bb feladata az alapkutat\u00e1sok v\u00e9gz\u00e9se \u00e1llateg\u00e9szs\u00e9g\u00fcgyi szempontb\u00f3l jelent\u0151s k\u00f3rokoz\u00f3k (v\u00edrusok, bakt\u00e9riumok, parazit\u00e1k) jobb megismer\u00e9s\u00e9re. Emellett kiemelten fontos az eredm\u00e9nyek gyakorlatban val\u00f3 hasznos\u00edt\u00e1s\u00e1nak el\u0151k\u00e9sz\u00edt\u00e9se, korszer\u0171 \u00e9s hat\u00e9kony diagnosztikai m\u00f3dszerek, vakcin\u00e1k \u00e9s v\u00e9dekez\u00e9si elj\u00e1r\u00e1sok kidolgoz\u00e1sa. A kutat\u00f3k jelent\u0151s szerepet v\u00e1llalnak az agr\u00e1r- \u00e9s term\u00e9szettudom\u00e1nyi fels\u0151oktat\u00e1sban, f\u0151leg a posztgradu\u00e1lis (PhD) k\u00e9pz\u00e9sben, valamint \u00e1llatorvosok tov\u00e1bbk\u00e9pz\u00e9s\u00e9ben is.<\/p> <p><strong>Tov\u00e1bbi inform\u00e1ci\u00f3k<\/strong>: <a href=\"https:\/\/vmri.hu\">https:\/\/vmri.hu<\/a><\/p>","protected":false},"excerpt":{"rendered":"<p>&nbsp; Az \u00c1llatorvostudom\u00e1nyi Kutat\u00f3int\u00e9zet (\u00c1TKI) az \u00e1llatorvos-tudom\u00e1ny egyetlen hazai f\u0151hivat\u00e1s\u00fa kutat\u00f3helye, e ter\u00fclet molekul\u00e1ris mikrobiol\u00f3giai kutat\u00e1si b\u00e1zisa. A t\u00f6bb mint 70 \u00e9ve m\u0171k\u00f6d\u0151 int\u00e9zet legf\u0151bb feladata az alapkutat\u00e1sok v\u00e9gz\u00e9se \u00e1llateg\u00e9szs\u00e9g\u00fcgyi szempontb\u00f3l jelent\u0151s k\u00f3rokoz\u00f3k (v\u00edrusok, bakt\u00e9riumok, parazit\u00e1k) jobb megismer\u00e9s\u00e9re. Emellett kiemelten fontos az eredm\u00e9nyek gyakorlatban val\u00f3 hasznos\u00edt\u00e1s\u00e1nak el\u0151k\u00e9sz\u00edt\u00e9se, korszer\u0171 \u00e9s hat\u00e9kony diagnosztikai m\u00f3dszerek, vakcin\u00e1k \u00e9s v\u00e9dekez\u00e9si<\/p>\n","protected":false},"author":2518,"featured_media":0,"parent":69676,"menu_order":0,"comment_status":"open","ping_status":"open","template":"","meta":{"_acf_changed":false,"footnotes":""},"categories":[],"tags":[],"class_list":["post-71137","page","type-page","status-publish","hentry"],"acf":[],"yoast_head":"<!-- This site is optimized with the Yoast SEO plugin v27.2 - https:\/\/yoast.com\/product\/yoast-seo-wordpress\/ -->\n<title>\u00c1llatorvostudom\u00e1nyi Kutat\u00f3int\u00e9zet - \u00c1ll\u00e1sb\u00f6rze<\/title>\n<meta name=\"robots\" content=\"index, follow, max-snippet:-1, max-image-preview:large, max-video-preview:-1\" \/>\n<link rel=\"canonical\" href=\"https:\/\/univet.hu\/allasborze\/allasborze-2022\/kiallitok\/allatorvostudomanyi-kutatointezet\/\" \/>\n<meta property=\"og:locale\" content=\"hu_HU\" \/>\n<meta property=\"og:type\" content=\"article\" \/>\n<meta property=\"og:title\" content=\"\u00c1llatorvostudom\u00e1nyi Kutat\u00f3int\u00e9zet - \u00c1ll\u00e1sb\u00f6rze\" \/>\n<meta property=\"og:description\" content=\"&nbsp; Az \u00c1llatorvostudom\u00e1nyi Kutat\u00f3int\u00e9zet (\u00c1TKI) az \u00e1llatorvos-tudom\u00e1ny egyetlen hazai f\u0151hivat\u00e1s\u00fa kutat\u00f3helye, e ter\u00fclet molekul\u00e1ris mikrobiol\u00f3giai kutat\u00e1si b\u00e1zisa. A t\u00f6bb mint 70 \u00e9ve m\u0171k\u00f6d\u0151 int\u00e9zet legf\u0151bb feladata az alapkutat\u00e1sok v\u00e9gz\u00e9se \u00e1llateg\u00e9szs\u00e9g\u00fcgyi szempontb\u00f3l jelent\u0151s k\u00f3rokoz\u00f3k (v\u00edrusok, bakt\u00e9riumok, parazit\u00e1k) jobb megismer\u00e9s\u00e9re. Emellett kiemelten fontos az eredm\u00e9nyek gyakorlatban val\u00f3 hasznos\u00edt\u00e1s\u00e1nak el\u0151k\u00e9sz\u00edt\u00e9se, korszer\u0171 \u00e9s hat\u00e9kony diagnosztikai m\u00f3dszerek, vakcin\u00e1k \u00e9s v\u00e9dekez\u00e9si\" \/>\n<meta property=\"og:url\" content=\"https:\/\/univet.hu\/allasborze\/allasborze-2022\/kiallitok\/allatorvostudomanyi-kutatointezet\/\" \/>\n<meta property=\"og:site_name\" content=\"\u00c1ll\u00e1sb\u00f6rze\" \/>\n<meta property=\"article:modified_time\" content=\"2025-01-10T12:54:57+00:00\" \/>\n<meta property=\"og:image\" content=\"https:\/\/univet.hu\/allasborze\/wp-content\/uploads\/sites\/2\/2022\/01\/atki-960x285.jpg\" \/>\n<meta name=\"twitter:card\" content=\"summary_large_image\" \/>\n<meta name=\"twitter:label1\" content=\"Becs\u00fclt olvas\u00e1si id\u0151\" \/>\n\t<meta name=\"twitter:data1\" content=\"1 perc\" \/>\n<script type=\"application\/ld+json\" class=\"yoast-schema-graph\">{\"@context\":\"https:\/\/schema.org\",\"@graph\":[{\"@type\":\"WebPage\",\"@id\":\"https:\/\/univet.hu\/allasborze\/allasborze-2022\/kiallitok\/allatorvostudomanyi-kutatointezet\/\",\"url\":\"https:\/\/univet.hu\/allasborze\/allasborze-2022\/kiallitok\/allatorvostudomanyi-kutatointezet\/\",\"name\":\"\u00c1llatorvostudom\u00e1nyi Kutat\u00f3int\u00e9zet - \u00c1ll\u00e1sb\u00f6rze\",\"isPartOf\":{\"@id\":\"https:\/\/univet.hu\/allasborze\/#website\"},\"primaryImageOfPage\":{\"@id\":\"https:\/\/univet.hu\/allasborze\/allasborze-2022\/kiallitok\/allatorvostudomanyi-kutatointezet\/#primaryimage\"},\"image\":{\"@id\":\"https:\/\/univet.hu\/allasborze\/allasborze-2022\/kiallitok\/allatorvostudomanyi-kutatointezet\/#primaryimage\"},\"thumbnailUrl\":\"https:\/\/univet.hu\/allasborze\/wp-content\/uploads\/sites\/2\/2022\/01\/atki-960x285.jpg\",\"datePublished\":\"2022-01-26T14:00:03+00:00\",\"dateModified\":\"2025-01-10T12:54:57+00:00\",\"breadcrumb\":{\"@id\":\"https:\/\/univet.hu\/allasborze\/allasborze-2022\/kiallitok\/allatorvostudomanyi-kutatointezet\/#breadcrumb\"},\"inLanguage\":\"hu\",\"potentialAction\":[{\"@type\":\"ReadAction\",\"target\":[\"https:\/\/univet.hu\/allasborze\/allasborze-2022\/kiallitok\/allatorvostudomanyi-kutatointezet\/\"]}]},{\"@type\":\"ImageObject\",\"inLanguage\":\"hu\",\"@id\":\"https:\/\/univet.hu\/allasborze\/allasborze-2022\/kiallitok\/allatorvostudomanyi-kutatointezet\/#primaryimage\",\"url\":\"https:\/\/univet.hu\/allasborze\/wp-content\/uploads\/sites\/2\/2022\/01\/atki.jpg\",\"contentUrl\":\"https:\/\/univet.hu\/allasborze\/wp-content\/uploads\/sites\/2\/2022\/01\/atki.jpg\",\"width\":1386,\"height\":412},{\"@type\":\"BreadcrumbList\",\"@id\":\"https:\/\/univet.hu\/allasborze\/allasborze-2022\/kiallitok\/allatorvostudomanyi-kutatointezet\/#breadcrumb\",\"itemListElement\":[{\"@type\":\"ListItem\",\"position\":1,\"name\":\"Kezd\u0151lap\",\"item\":\"https:\/\/univet.hu\/allasborze\/\"},{\"@type\":\"ListItem\",\"position\":2,\"name\":\"\u00c1ll\u00e1sb\u00f6rze 2022\",\"item\":\"https:\/\/univet.hu\/allasborze\/allasborze-2022\/\"},{\"@type\":\"ListItem\",\"position\":3,\"name\":\"Ki\u00e1ll\u00edt\u00f3k\",\"item\":\"https:\/\/univet.hu\/allasborze\/allasborze-2022\/kiallitok\/\"},{\"@type\":\"ListItem\",\"position\":4,\"name\":\"\u00c1llatorvostudom\u00e1nyi Kutat\u00f3int\u00e9zet\"}]},{\"@type\":\"WebSite\",\"@id\":\"https:\/\/univet.hu\/allasborze\/#website\",\"url\":\"https:\/\/univet.hu\/allasborze\/\",\"name\":\"\u00c1ll\u00e1sb\u00f6rze\",\"description\":\"\",\"potentialAction\":[{\"@type\":\"SearchAction\",\"target\":{\"@type\":\"EntryPoint\",\"urlTemplate\":\"https:\/\/univet.hu\/allasborze\/?s={search_term_string}\"},\"query-input\":{\"@type\":\"PropertyValueSpecification\",\"valueRequired\":true,\"valueName\":\"search_term_string\"}}],\"inLanguage\":\"hu\"}]}<\/script>\n<!-- \/ Yoast SEO plugin. -->","yoast_head_json":{"title":"\u00c1llatorvostudom\u00e1nyi Kutat\u00f3int\u00e9zet - \u00c1ll\u00e1sb\u00f6rze","robots":{"index":"index","follow":"follow","max-snippet":"max-snippet:-1","max-image-preview":"max-image-preview:large","max-video-preview":"max-video-preview:-1"},"canonical":"https:\/\/univet.hu\/allasborze\/allasborze-2022\/kiallitok\/allatorvostudomanyi-kutatointezet\/","og_locale":"hu_HU","og_type":"article","og_title":"\u00c1llatorvostudom\u00e1nyi Kutat\u00f3int\u00e9zet - \u00c1ll\u00e1sb\u00f6rze","og_description":"&nbsp; Az \u00c1llatorvostudom\u00e1nyi Kutat\u00f3int\u00e9zet (\u00c1TKI) az \u00e1llatorvos-tudom\u00e1ny egyetlen hazai f\u0151hivat\u00e1s\u00fa kutat\u00f3helye, e ter\u00fclet molekul\u00e1ris mikrobiol\u00f3giai kutat\u00e1si b\u00e1zisa. A t\u00f6bb mint 70 \u00e9ve m\u0171k\u00f6d\u0151 int\u00e9zet legf\u0151bb feladata az alapkutat\u00e1sok v\u00e9gz\u00e9se \u00e1llateg\u00e9szs\u00e9g\u00fcgyi szempontb\u00f3l jelent\u0151s k\u00f3rokoz\u00f3k (v\u00edrusok, bakt\u00e9riumok, parazit\u00e1k) jobb megismer\u00e9s\u00e9re. Emellett kiemelten fontos az eredm\u00e9nyek gyakorlatban val\u00f3 hasznos\u00edt\u00e1s\u00e1nak el\u0151k\u00e9sz\u00edt\u00e9se, korszer\u0171 \u00e9s hat\u00e9kony diagnosztikai m\u00f3dszerek, vakcin\u00e1k \u00e9s v\u00e9dekez\u00e9si","og_url":"https:\/\/univet.hu\/allasborze\/allasborze-2022\/kiallitok\/allatorvostudomanyi-kutatointezet\/","og_site_name":"\u00c1ll\u00e1sb\u00f6rze","article_modified_time":"2025-01-10T12:54:57+00:00","og_image":[{"url":"https:\/\/univet.hu\/allasborze\/wp-content\/uploads\/sites\/2\/2022\/01\/atki-960x285.jpg","type":"","width":"","height":""}],"twitter_card":"summary_large_image","twitter_misc":{"Becs\u00fclt olvas\u00e1si id\u0151":"1 perc"},"schema":{"@context":"https:\/\/schema.org","@graph":[{"@type":"WebPage","@id":"https:\/\/univet.hu\/allasborze\/allasborze-2022\/kiallitok\/allatorvostudomanyi-kutatointezet\/","url":"https:\/\/univet.hu\/allasborze\/allasborze-2022\/kiallitok\/allatorvostudomanyi-kutatointezet\/","name":"\u00c1llatorvostudom\u00e1nyi Kutat\u00f3int\u00e9zet - \u00c1ll\u00e1sb\u00f6rze","isPartOf":{"@id":"https:\/\/univet.hu\/allasborze\/#website"},"primaryImageOfPage":{"@id":"https:\/\/univet.hu\/allasborze\/allasborze-2022\/kiallitok\/allatorvostudomanyi-kutatointezet\/#primaryimage"},"image":{"@id":"https:\/\/univet.hu\/allasborze\/allasborze-2022\/kiallitok\/allatorvostudomanyi-kutatointezet\/#primaryimage"},"thumbnailUrl":"https:\/\/univet.hu\/allasborze\/wp-content\/uploads\/sites\/2\/2022\/01\/atki-960x285.jpg","datePublished":"2022-01-26T14:00:03+00:00","dateModified":"2025-01-10T12:54:57+00:00","breadcrumb":{"@id":"https:\/\/univet.hu\/allasborze\/allasborze-2022\/kiallitok\/allatorvostudomanyi-kutatointezet\/#breadcrumb"},"inLanguage":"hu","potentialAction":[{"@type":"ReadAction","target":["https:\/\/univet.hu\/allasborze\/allasborze-2022\/kiallitok\/allatorvostudomanyi-kutatointezet\/"]}]},{"@type":"ImageObject","inLanguage":"hu","@id":"https:\/\/univet.hu\/allasborze\/allasborze-2022\/kiallitok\/allatorvostudomanyi-kutatointezet\/#primaryimage","url":"https:\/\/univet.hu\/allasborze\/wp-content\/uploads\/sites\/2\/2022\/01\/atki.jpg","contentUrl":"https:\/\/univet.hu\/allasborze\/wp-content\/uploads\/sites\/2\/2022\/01\/atki.jpg","width":1386,"height":412},{"@type":"BreadcrumbList","@id":"https:\/\/univet.hu\/allasborze\/allasborze-2022\/kiallitok\/allatorvostudomanyi-kutatointezet\/#breadcrumb","itemListElement":[{"@type":"ListItem","position":1,"name":"Kezd\u0151lap","item":"https:\/\/univet.hu\/allasborze\/"},{"@type":"ListItem","position":2,"name":"\u00c1ll\u00e1sb\u00f6rze 2022","item":"https:\/\/univet.hu\/allasborze\/allasborze-2022\/"},{"@type":"ListItem","position":3,"name":"Ki\u00e1ll\u00edt\u00f3k","item":"https:\/\/univet.hu\/allasborze\/allasborze-2022\/kiallitok\/"},{"@type":"ListItem","position":4,"name":"\u00c1llatorvostudom\u00e1nyi Kutat\u00f3int\u00e9zet"}]},{"@type":"WebSite","@id":"https:\/\/univet.hu\/allasborze\/#website","url":"https:\/\/univet.hu\/allasborze\/","name":"\u00c1ll\u00e1sb\u00f6rze","description":"","potentialAction":[{"@type":"SearchAction","target":{"@type":"EntryPoint","urlTemplate":"https:\/\/univet.hu\/allasborze\/?s={search_term_string}"},"query-input":{"@type":"PropertyValueSpecification","valueRequired":true,"valueName":"search_term_string"}}],"inLanguage":"hu"}]}},"_links":{"self":[{"href":"https:\/\/univet.hu\/allasborze\/wp-json\/wp\/v2\/pages\/71137","targetHints":{"allow":["GET"]}}],"collection":[{"href":"https:\/\/univet.hu\/allasborze\/wp-json\/wp\/v2\/pages"}],"about":[{"href":"https:\/\/univet.hu\/allasborze\/wp-json\/wp\/v2\/types\/page"}],"author":[{"embeddable":true,"href":"https:\/\/univet.hu\/allasborze\/wp-json\/wp\/v2\/users\/2518"}],"replies":[{"embeddable":true,"href":"https:\/\/univet.hu\/allasborze\/wp-json\/wp\/v2\/comments?post=71137"}],"version-history":[{"count":1,"href":"https:\/\/univet.hu\/allasborze\/wp-json\/wp\/v2\/pages\/71137\/revisions"}],"predecessor-version":[{"id":172635,"href":"https:\/\/univet.hu\/allasborze\/wp-json\/wp\/v2\/pages\/71137\/revisions\/172635"}],"up":[{"embeddable":true,"href":"https:\/\/univet.hu\/allasborze\/wp-json\/wp\/v2\/pages\/69676"}],"wp:attachment":[{"href":"https:\/\/univet.hu\/allasborze\/wp-json\/wp\/v2\/media?parent=71137"}],"wp:term":[{"taxonomy":"category","embeddable":true,"href":"https:\/\/univet.hu\/allasborze\/wp-json\/wp\/v2\/categories?post=71137"},{"taxonomy":"post_tag","embeddable":true,"href":"https:\/\/univet.hu\/allasborze\/wp-json\/wp\/v2\/tags?post=71137"}],"curies":[{"name":"wp","href":"https:\/\/api.w.org\/{rel}","templated":true}]}}