{"id":80230,"date":"2022-11-07T10:51:48","date_gmt":"2022-11-07T09:51:48","guid":{"rendered":"https:\/\/univet.hu\/hu\/allasborze-2023\/name\/"},"modified":"2025-01-10T13:55:01","modified_gmt":"2025-01-10T12:55:01","slug":"aktualis-allasajanlatok","status":"publish","type":"page","link":"https:\/\/univet.hu\/allasborze\/allasborze-2023\/aktualis-allasajanlatok\/","title":{"rendered":"Aktu\u00e1lis \u00e1ll\u00e1saj\u00e1nlatok"},"content":{"rendered":"<p><em>Oldalunkat folyamatosan t\u00f6ltj\u00fck!<\/em><\/p> <p><span class=\"emphasis\">Magyarorsz\u00e1g<\/span><\/p> <p><a href=\"https:\/\/univet.hu\/allasborze\/wp-content\/uploads\/sites\/2\/2023\/12\/palyazati-felhivas-ELFF-allategeszsegugyi-referens.pdf\" target=\"_blank\" rel=\"noopener\">\u00c1llateg\u00e9szs\u00e9g\u00fcgyi referens &#8211; Agr\u00e1rminiszt\u00e9rium<\/a><\/p> <p><a href=\"https:\/\/mme.hu\/hirek\/2023\/09\/27\/az_mme_baranya_megyei_csoportjanak_irodaja_munkatarsat_keres\">Az MME Baranya Megyei Csoportj\u00e1nak Irod\u00e1ja munkat\u00e1rsat keres | Magyar Mad\u00e1rtani \u00e9s Term\u00e9szetv\u00e9delmi Egyes\u00fclet<\/a><\/p> <p><a href=\"https:\/\/univet.hu\/en\/allasborze-2023\/aktualis-allasajanlatok\/allashirdetes-1\/\" target=\"_blank\" rel=\"attachment noopener wp-att-91041\">\u00c1llatorvos &#8211; Vitavet \u00c1llatorvosi Rendel\u0151, P\u00e9cs<\/a><\/p> <p><a href=\"https:\/\/univet.hu\/en\/allasborze-2023\/aktualis-allasajanlatok\/allashirdetes-2023-2\/\" rel=\"attachment wp-att-90737\">\u00c1llatorvos (teljes vagy r\u00e9szmunkaid\u0151) &#8211; Profivet, G\u00f6d<\/a><\/p> <p><a href=\"https:\/\/univet.hu\/en\/allasborze-2023\/aktualis-allasajanlatok\/allatorvos2023\/\" rel=\"attachment wp-att-88832\">\u00c1llatorvos &#8211; Prophyl, B\u00e1r<\/a><\/p> <p><a href=\"https:\/\/univet.hu\/en\/allasborze-2023\/aktualis-allasajanlatok\/patologus_allatorvos2023\/\" rel=\"attachment wp-att-88833\">Patol\u00f3gus \u00e1llatorvos &#8211; Prophyl, B\u00e1r<\/a><\/p> <p><a href=\"https:\/\/univet.hu\/en\/allasborze-2023\/aktualis-allasajanlatok\/advimi\/\" rel=\"attachment wp-att-84833\">\u00c1llatorvos &#8211; Advimi-vet Kft., Beretty\u00f3\u00fajfalu<\/a><\/p> <p><a href=\"https:\/\/univet.hu\/en\/allasborze-2023\/aktualis-allasajanlatok\/allatorvos-allashirdetes-2\/\" rel=\"attachment wp-att-84553\">\u00c1llatorvos &#8211; D\u00e9lpesti \u00c1llatgy\u00f3gy\u00e1szati K\u00f6zpont<\/a><\/p> <p><a href=\"https:\/\/univet.hu\/en\/allasborze-2023\/aktualis-allasajanlatok\/prophyl_allas\/\" rel=\"attachment wp-att-83130\">Vizsg\u00e1latvezet\u0151-jel\u00f6lt &#8211; Prophyl, B\u00e1r<\/a><\/p> <p><a href=\"https:\/\/univet.hu\/en\/allasborze-2023\/aktualis-allasajanlatok\/iranytu_allatorvos-hirdetes_3-0_zs-2\/\" rel=\"attachment wp-att-83097\">\u00c1llatorvos gyakornoki program &#8211; Bonafarm Ir\u00e1nyt\u0171<\/a><\/p> <p><a href=\"https:\/\/univet.hu\/en\/allasborze-2023\/aktualis-allasajanlatok\/allatorvosi-asszisztens\/\" rel=\"attachment wp-att-82906\">\u00c1llatorvosi asszisztens\/recepci\u00f3s &#8211; A Chiru-Vet \u00c1llatorvosi Szakrendel\u0151, Budapest<\/a><\/p> <p><a href=\"https:\/\/univet.hu\/en\/allasborze-2023\/aktualis-allasajanlatok\/internshippannon\/\" rel=\"attachment wp-att-82751\">Fizetett gyakornok \u00e1llatorvos &#8211; Pannon L\u00f3gy\u00f3gy\u00e1szati \u00e9s Rehabilit\u00e1ci\u00f3s Kft.<\/a><\/p> <p><a href=\"https:\/\/univet.hu\/en\/allasborze-2023\/aktualis-allasajanlatok\/allaspalyazat_dokumentum2022jav\/\" rel=\"attachment wp-att-82715\">\u00c1llatorvos (szarvasmarha) &#8211; Barbo Cattle &#8211; B\u00e9k\u00e9s megye<\/a><\/p> <p><a href=\"https:\/\/univet.hu\/en\/allasborze-2023\/aktualis-allasajanlatok\/mastergoodhirdetes_modositott_20230125\/\" rel=\"attachment wp-att-82709\">\u00c1llatorvos &#8211; Master Good, Szabolcs-Szatm\u00e1r-Bereg \u00e9s Hajd\u00fa V\u00e1rmegye<\/a><\/p> <p><a href=\"https:\/\/univet.hu\/en\/allasborze-2023\/aktualis-allasajanlatok\/hays_aoe_allaspalyazat_dokumentum_allatorvosi-latogato\/\" rel=\"attachment wp-att-82258\">\u00c1llatorvosi l\u00e1togat\u00f3 &#8211; Hays Hungary<\/a><\/p> <p><a href=\"https:\/\/univet.hu\/en\/allasborze-2023\/aktualis-allasajanlatok\/hays_aoe_allaspalyazat_dokumentum_digital-marketing-specialist\/\" rel=\"attachment wp-att-82259\">Digital Marketing Specialist &#8211; Hays Hungary<\/a><\/p> <p><a href=\"https:\/\/univet.hu\/en\/allasborze-2023\/aktualis-allasajanlatok\/hays_aoe_allaspalyazat_dokumentum_key-account-manager\/\" rel=\"attachment wp-att-82260\">Key Account Manager &#8211; Hays Hungary<\/a><\/p> <p><a href=\"https:\/\/univet.hu\/en\/allasborze-2023\/aktualis-allasajanlatok\/hays_aoe_allaspalyazat_dokumentum_poultry-sales-representative\/\" rel=\"attachment wp-att-82261\">Poultry Sales Representative &#8211; Hays Hungary<\/a><\/p> <p><a href=\"https:\/\/univet.hu\/en\/allasborze-2023\/aktualis-allasajanlatok\/elanco_key_account_manager_delkelet-magyarorszag\/\" rel=\"attachment wp-att-81657\">Key account manager &#8211; Elanco &#8211; D\u00e9lkelet Magyarorsz\u00e1g<\/a><\/p> <p><a href=\"https:\/\/univet.hu\/en\/allasborze-2023\/aktualis-allasajanlatok\/elanco_key_account_manager_eszak-kelet-magyarorszag\/\" rel=\"attachment wp-att-81658\">Key account manager &#8211; Elanco &#8211; \u00c9szak-kelet Magyarorsz\u00e1g<\/a><\/p> <p><a href=\"https:\/\/univet.hu\/en\/allasborze-2023\/aktualis-allasajanlatok\/elanco_sales_representative_baromfi\/\" rel=\"attachment wp-att-81659\">Sales representative (Baromfi) &#8211; Elanco &#8211; Magyarorsz\u00e1g<\/a><\/p> <p><a href=\"https:\/\/univet.hu\/en\/allasborze-2023\/aktualis-allasajanlatok\/all4dog\/\" rel=\"attachment wp-att-81547\">\u00c1llatorvos &#8211; ALL4DOG &#8211; Beretty\u00f3\u00fajfalu<\/a><\/p> <p><a href=\"https:\/\/univet.hu\/en\/allasborze-2023\/aktualis-allasajanlatok\/vetteam\/\" rel=\"attachment wp-att-81526\">\u00c1llatorvos &#8211; VetTeam &#8211; Budapest<\/a><\/p> <p>Junior \u00e1llatorvos \u2013 Szarvasmarha \u00e1gazat &#8211; Bonafarm:\u00a0<a href=\"https:\/\/bit.ly\/3FZItne\">https:\/\/bit.ly\/3FZItne<\/a><\/p> <p>Sert\u00e9s integr\u00e1ci\u00f3s \u00e1llatorvos &#8211; Bonafarm: <a href=\"https:\/\/bit.ly\/3WPXbDt\">https:\/\/bit.ly\/3WPXbDt<\/a><\/p> <p><a href=\"https:\/\/www.kormanyhivatal.hu\/hu\/hajdu-bihar\/hirek\/hatosagi-allatorvosi-allaslehetoseg-a-kormanyhivatalban-0921\">Hat\u00f3s\u00e1gi \u00e1llatorvos &#8211; Hajd\u00fa-Bihar Megyei Korm\u00e1nyhivatal<\/a><\/p> <p><a href=\"https:\/\/www.kormanyhivatal.hu\/hu\/hajdu-bihar\/hirek\/jarasi-foallatorvos-munkatarsat-keres-a-kormanyhivatal-0921\">Oszt\u00e1lyvezet\u0151\/j\u00e1r\u00e1si f\u0151\u00e1llatorvos &#8211; Hajd\u00fa-Bihar Megyei Korm\u00e1nyhivatal<\/a><\/p> <p><span class=\"emphasis\">K\u00fclf\u00f6ld<\/span><\/p> <p><a href=\"https:\/\/univet.hu\/allasborze\/wp-content\/uploads\/sites\/2\/2023\/11\/Job-offer-brief_UVMB2022-abivet.pdf\">Veterinarian &#8211; ABIVET, Rome, Italy<\/a>\u00a0<a href=\"https:\/\/univet.hu\/allasborze\/wp-content\/uploads\/sites\/2\/2023\/11\/Loc_VETROMANIA.pdf\" target=\"_blank\" rel=\"noopener\">Advertisement<\/a><\/p> <p><a href=\"https:\/\/univet.hu\/allasborze\/wp-content\/uploads\/sites\/2\/2023\/11\/Stellenausschreibung-TA_Rind-11_2023.pdf\" target=\"_blank\" rel=\"noopener\">Rindertierarzt\/-\u00e4rztin &#8211; PFI DR. VET &#8211; Die Tierarzte OG, Austria<\/a><\/p> <p><a href=\"https:\/\/univet.hu\/allasborze\/wp-content\/uploads\/sites\/2\/2023\/11\/Job-offer-brief_UVMB_rutlandvets.pdf\" target=\"_blank\" rel=\"noopener\">Graduate Small Animal Vet &#8211; Rutland Veterinary Centre, Uppingham, UK<\/a><\/p> <p><a href=\"https:\/\/univet.hu\/allasborze\/wp-content\/uploads\/sites\/2\/2023\/10\/Stellenanzeige-KT-2023-new.pdf\">KleintiermedizinerIn &#8211; PFI DR. VET &#8211; Die Tierarzte OG, Austria<\/a><\/p> <p><a href=\"https:\/\/univet.hu\/allasborze\/wp-content\/uploads\/sites\/2\/2023\/11\/Stellenanzeige-KT-2023-new1121-1.pdf\">Schweinetierarztin &#8211; PFI DR. VET &#8211; Die Tierarzte OG, Austria<\/a><\/p> <p><a href=\"https:\/\/univet.hu\/allasborze\/wp-content\/uploads\/sites\/2\/2023\/10\/Job-offer-brief_UVMB20231012.pdf\" target=\"_blank\" rel=\"noopener\">Intern &#8211; Sussex Equine Hospital &#8211; UK<\/a><\/p> <p><a href=\"https:\/\/univet.hu\/en\/job-fair-2023\/job-offers\/job-offer-brief_uvmb2022_230731_125621\/\" rel=\"attachment wp-att-90397\">Veterinarian &#8211; Tierklinik Mitterndorf, Atzenbrugg &#8211; Austria<\/a><\/p> <p><a href=\"https:\/\/univet.hu\/en\/job-fair-2023\/job-offers\/pdf-curie\/\" rel=\"attachment wp-att-88727\">Veterinary Surgeon &#8211; Centre Veterinarie Curie D&#8217;MOTTOUL &#8211; Calais, France<\/a><\/p> <p><a href=\"https:\/\/univet.hu\/en\/allasborze-2023\/aktualis-allasajanlatok\/ausschreibung-internship-pferdeklinik\/\" rel=\"attachment wp-att-86565\">Ausschreibung Internship Pferdeklinik<\/a><\/p> <p><a href=\"https:\/\/univet.hu\/en\/allasborze-2023\/aktualis-allasajanlatok\/job-offer-brief_rm\/\" rel=\"attachment wp-att-86563\">New graduate &#8211; mixed practice &#8211; New Era Veterinary Hospital, Jersey, Channel Islands &#8211; UK<\/a><\/p> <p><a href=\"https:\/\/univet.hu\/en\/allasborze-2023\/aktualis-allasajanlatok\/jobanzeige-internship-karthaus-202302\/\" rel=\"attachment wp-att-84502\">Internship &#8211; Tier\u00e4rztliches Kompetenzzentrum Karthaus, D\u00fclmen, Germany<\/a><\/p> <p><a href=\"https:\/\/univet.hu\/en\/allasborze-2023\/aktualis-allasajanlatok\/job-offer\/\" rel=\"attachment wp-att-84497\">Veterinarian\/ veterinary surgeon &#8211; Kleintierzentrum Iffezheim, Deutschland<\/a><\/p> <p><a href=\"https:\/\/univet.hu\/en\/job-fair-2023\/job-offers\/the-lodge-vet-centre\/\" rel=\"attachment wp-att-83852\">Veterinary Surgeon &#8211; Small animal &#8211; The Lodge Vet Centre &#8211; Birmingham\/UK<\/a><\/p> <p><a href=\"https:\/\/univet.hu\/en\/allasborze-2023\/aktualis-allasajanlatok\/general-job-offers\/\" rel=\"attachment wp-att-82933\">General Job offers &#8211; Hardenberg Consulting<\/a><\/p> <p><a href=\"https:\/\/univet.hu\/en\/allasborze-2023\/aktualis-allasajanlatok\/small_animal_surgeon\/\" rel=\"attachment wp-att-82934\">Veterinarian &#8211; Small animal surgeon &#8211; Hardenberg Consulting<\/a><\/p> <p><a href=\"https:\/\/univet.hu\/en\/allasborze-2023\/aktualis-allasajanlatok\/2078911_senior_dentist\/\" rel=\"attachment wp-att-82917\">Veterinarian &#8211; Senior dentist &#8211; Hardenberg Consulting<\/a><\/p> <p><a href=\"https:\/\/univet.hu\/en\/allasborze-2023\/aktualis-allasajanlatok\/2175811_small-animal_ophthalmologist\/\" rel=\"attachment wp-att-82918\">Veterinarian &#8211; Small animal ophthalmologist &#8211; Hardenberg Consulting<\/a><\/p> <p><a href=\"https:\/\/univet.hu\/en\/allasborze-2023\/aktualis-allasajanlatok\/2179811_diplomate_ecvn\/\" rel=\"attachment wp-att-82919\">Diplomate veterinary neurology ECVN\/ACVIM &#8211; Hardenberg Consulting<\/a><\/p> <p><a href=\"https:\/\/univet.hu\/en\/allasborze-2023\/aktualis-allasajanlatok\/2180111_senior_equine_surgeon\/\" rel=\"attachment wp-att-82920\">Veterinarian &#8211; Senior equine surgeon &#8211; Hardenberg Consulting<\/a><\/p> <p><a href=\"https:\/\/univet.hu\/en\/allasborze-2023\/aktualis-allasajanlatok\/2180311_head_of_internal_medicine\/\" rel=\"attachment wp-att-82921\">Veterinarian &#8211; Head of internal medicine department &#8211; Hardenberg Consulting<\/a><\/p> <p><a href=\"https:\/\/univet.hu\/en\/allasborze-2023\/aktualis-allasajanlatok\/2180711_allrounder_equine-medicine\/\" rel=\"attachment wp-att-82922\">Allrounder Equine Medicine &#8211; Hardenberg Consulting<\/a><\/p> <p><a href=\"https:\/\/univet.hu\/en\/allasborze-2023\/aktualis-allasajanlatok\/2275813_-small_animal_oncologist\/\" rel=\"attachment wp-att-82923\">Veterinarian &#8211; Small animal oncologist &#8211; Herdenberg Consulting<\/a><\/p> <p><a href=\"https:\/\/univet.hu\/en\/allasborze-2023\/aktualis-allasajanlatok\/vet-record-sep-2022-2\/\" rel=\"attachment wp-att-82811\">Mixed practice veterinarian &#8211; Fishguard Veterinary Service &#8211; UK<\/a><\/p> <p><a href=\"https:\/\/univet.hu\/en\/allasborze-2023\/aktualis-allasajanlatok\/ivc-intern-job-advert-jan-2023\/\" rel=\"attachment wp-att-82689\">Internship &#8211; Sussex Equine Hospital, UK<\/a><\/p> <p><a href=\"https:\/\/univet.hu\/en\/job-fair-2023\/job-offers\/tierklinik-3\/\" rel=\"attachment wp-att-82202\">Assitenztierarzt Teil &#8211; oder Vollzeit, Tierklinik Altheim GmbH, Austria<\/a><\/p> <p><a href=\"https:\/\/univet.hu\/en\/job-fair-2023\/job-offers\/tierklinik2\/\" rel=\"attachment wp-att-82203\">Doppelpack Assistenztierarzt Teil &#8211; oder Vollzeit, Tierklinik Altheim GmbH, Austria<\/a><\/p> <p><a href=\"https:\/\/univet.hu\/en\/job-fair-2023\/job-offers\/budapest-uni-job-advert-2022\/\" rel=\"attachment wp-att-81034\">Assistant Veterinary Surgeon &#8211; Meadows Veterinary Centre &#8211; Aberdeenshire, Scotland<\/a><\/p> <p><a href=\"https:\/\/univet.hu\/en\/allasborze-2023\/aktualis-allasajanlatok\/jobofferhvc\/\" rel=\"attachment wp-att-80559\">Full-time veterinary (mixed) &#8211; Hospital Veterinary Centre &#8211; Limerick, Ireland<\/a><\/p> <p><a href=\"https:\/\/univet.hu\/en\/job-fair-2023\/job-offers\/job_offer_univ_vet_budapest\/\" rel=\"attachment wp-att-80240\">Veterinarian &#8211; SILABE Universite de Strasbourg &#8211; France<\/a><\/p> <p><a href=\"https:\/\/univet.hu\/en\/allasborze-2023\/aktualis-allasajanlatok\/stellenanzeige-englisch\/\" rel=\"attachment wp-att-80233\">Equine Veterinary Practicioner &#8211; Pferdepraxis Lichtenbusch &#8211; Germany<\/a><\/p> <p><a href=\"https:\/\/univet.hu\/en\/allasborze-2023\/aktualis-allasajanlatok\/allas\/\" rel=\"attachment wp-att-80234\">Initial assistant\/assistant (equine vet) &#8211; Pferdepraxis Lichtenbusch &#8211; Germany<\/a><\/p> <p><a href=\"https:\/\/univet.hu\/en\/allasborze-2022\/aktualis-allasajanlatok\/job-offer-brief_uvmb2022-002\/\" target=\"_blank\" rel=\"attachment noopener wp-att-79773\">Veterinarian &#8211; Sevetys, France<\/a><\/p> <p><a href=\"https:\/\/univet.hu\/en\/job-fair-2022\/job-offers\/job-offer-brief_uvmb2022fra\/\" rel=\"attachment wp-att-78061\">Veterinarian (with basic French knowledge) &#8211; Saint Gaultier, France<\/a><\/p> <p><a href=\"https:\/\/univet.hu\/en\/allasborze-2022\/aktualis-allasajanlatok\/job-offer-brief_uvmb20220711\/\" rel=\"attachment wp-att-76901\">Volunteer veterinarian &#8211; Atoll Marine Centre, Naifaru &#8211; Maldives<\/a><\/p> <p><a href=\"https:\/\/univet.hu\/en\/allasborze-2022\/aktualis-allasajanlatok\/job_ad_internship_karthaus-2\/\" rel=\"attachment wp-att-72520\">One-year Internship Programme in Equine Medicine &#8211; Altano &#8211; D\u00fclmen, Germany<\/a><\/p> <p><a href=\"https:\/\/anicuraglobal.teamtailor.com\/jobs\/1568118-anicura-veterinary-graduate-programme-september-2022-start\">Anicura veterinary graduate programme &#8211; September 2022<\/a><\/p> <p><a href=\"https:\/\/univet.hu\/en\/allasborze-2022\/aktualis-allasajanlatok\/20220901-0922_5_n\/\" rel=\"attachment wp-att-78588\">Tier\u00e4rztin\/Tierarzt f\u00fcr ein \u201eRotating Internship\u201c f\u00fcr Pferdemedizin &#8211; Wien, Austria<\/a><\/p> <p><a href=\"https:\/\/univet.hu\/en\/allasborze-2022\/aktualis-allasajanlatok\/job-offer-brief_uvmb2022aust\/\" rel=\"attachment wp-att-78057\">Veterinarian &#8211; large animal practice, Waldneukircen, Austria<\/a>,\u00a0<a href=\"https:\/\/univet.hu\/en\/allasborze-2022\/aktualis-allasajanlatok\/jobinserat-08_2022_en\/\" rel=\"attachment wp-att-78058\">Jobinserat ENG<\/a><\/p> <p><a href=\"https:\/\/univet.hu\/en\/allasborze-2022\/aktualis-allasajanlatok\/job-offer-brief_uvmb2022-2\/\" rel=\"attachment wp-att-77935\">Internship &#8211; Stiftung Tier\u00e4rztliche Hochschule, Hannover<\/a><\/p> <p>&nbsp;<\/p>","protected":false},"excerpt":{"rendered":"<p>Oldalunkat folyamatosan t\u00f6ltj\u00fck! Magyarorsz\u00e1g \u00c1llateg\u00e9szs\u00e9g\u00fcgyi referens &#8211; Agr\u00e1rminiszt\u00e9rium Az MME Baranya Megyei Csoportj\u00e1nak Irod\u00e1ja munkat\u00e1rsat keres | Magyar Mad\u00e1rtani \u00e9s Term\u00e9szetv\u00e9delmi Egyes\u00fclet \u00c1llatorvos &#8211; Vitavet \u00c1llatorvosi Rendel\u0151, P\u00e9cs \u00c1llatorvos (teljes vagy r\u00e9szmunkaid\u0151) &#8211; Profivet, G\u00f6d \u00c1llatorvos &#8211; Prophyl, B\u00e1r Patol\u00f3gus \u00e1llatorvos &#8211; Prophyl, B\u00e1r \u00c1llatorvos &#8211; Advimi-vet Kft., Beretty\u00f3\u00fajfalu \u00c1llatorvos &#8211; D\u00e9lpesti \u00c1llatgy\u00f3gy\u00e1szati K\u00f6zpont Vizsg\u00e1latvezet\u0151-jel\u00f6lt<\/p>\n","protected":false},"author":2518,"featured_media":0,"parent":77756,"menu_order":0,"comment_status":"open","ping_status":"open","template":"","meta":{"_acf_changed":false,"footnotes":""},"categories":[],"tags":[],"class_list":["post-80230","page","type-page","status-publish","hentry"],"acf":[],"yoast_head":"<!-- This site is optimized with the Yoast SEO plugin v27.2 - https:\/\/yoast.com\/product\/yoast-seo-wordpress\/ -->\n<title>Aktu\u00e1lis \u00e1ll\u00e1saj\u00e1nlatok - \u00c1ll\u00e1sb\u00f6rze<\/title>\n<meta name=\"robots\" content=\"index, follow, max-snippet:-1, max-image-preview:large, max-video-preview:-1\" \/>\n<link rel=\"canonical\" href=\"https:\/\/univet.hu\/allasborze\/allasborze-2023\/aktualis-allasajanlatok\/\" \/>\n<meta property=\"og:locale\" content=\"hu_HU\" \/>\n<meta property=\"og:type\" content=\"article\" \/>\n<meta property=\"og:title\" content=\"Aktu\u00e1lis \u00e1ll\u00e1saj\u00e1nlatok - \u00c1ll\u00e1sb\u00f6rze\" \/>\n<meta property=\"og:description\" content=\"Oldalunkat folyamatosan t\u00f6ltj\u00fck! Magyarorsz\u00e1g \u00c1llateg\u00e9szs\u00e9g\u00fcgyi referens &#8211; Agr\u00e1rminiszt\u00e9rium Az MME Baranya Megyei Csoportj\u00e1nak Irod\u00e1ja munkat\u00e1rsat keres | Magyar Mad\u00e1rtani \u00e9s Term\u00e9szetv\u00e9delmi Egyes\u00fclet \u00c1llatorvos &#8211; Vitavet \u00c1llatorvosi Rendel\u0151, P\u00e9cs \u00c1llatorvos (teljes vagy r\u00e9szmunkaid\u0151) &#8211; Profivet, G\u00f6d \u00c1llatorvos &#8211; Prophyl, B\u00e1r Patol\u00f3gus \u00e1llatorvos &#8211; Prophyl, B\u00e1r \u00c1llatorvos &#8211; Advimi-vet Kft., Beretty\u00f3\u00fajfalu \u00c1llatorvos &#8211; D\u00e9lpesti \u00c1llatgy\u00f3gy\u00e1szati K\u00f6zpont Vizsg\u00e1latvezet\u0151-jel\u00f6lt\" \/>\n<meta property=\"og:url\" content=\"https:\/\/univet.hu\/allasborze\/allasborze-2023\/aktualis-allasajanlatok\/\" \/>\n<meta property=\"og:site_name\" content=\"\u00c1ll\u00e1sb\u00f6rze\" \/>\n<meta property=\"article:modified_time\" content=\"2025-01-10T12:55:01+00:00\" \/>\n<meta name=\"twitter:card\" content=\"summary_large_image\" \/>\n<meta name=\"twitter:label1\" content=\"Becs\u00fclt olvas\u00e1si id\u0151\" \/>\n\t<meta name=\"twitter:data1\" content=\"3 perc\" \/>\n<script type=\"application\/ld+json\" class=\"yoast-schema-graph\">{\"@context\":\"https:\/\/schema.org\",\"@graph\":[{\"@type\":\"WebPage\",\"@id\":\"https:\/\/univet.hu\/allasborze\/allasborze-2023\/aktualis-allasajanlatok\/\",\"url\":\"https:\/\/univet.hu\/allasborze\/allasborze-2023\/aktualis-allasajanlatok\/\",\"name\":\"Aktu\u00e1lis \u00e1ll\u00e1saj\u00e1nlatok - \u00c1ll\u00e1sb\u00f6rze\",\"isPartOf\":{\"@id\":\"https:\/\/univet.hu\/allasborze\/#website\"},\"datePublished\":\"2022-11-07T09:51:48+00:00\",\"dateModified\":\"2025-01-10T12:55:01+00:00\",\"breadcrumb\":{\"@id\":\"https:\/\/univet.hu\/allasborze\/allasborze-2023\/aktualis-allasajanlatok\/#breadcrumb\"},\"inLanguage\":\"hu\",\"potentialAction\":[{\"@type\":\"ReadAction\",\"target\":[\"https:\/\/univet.hu\/allasborze\/allasborze-2023\/aktualis-allasajanlatok\/\"]}]},{\"@type\":\"BreadcrumbList\",\"@id\":\"https:\/\/univet.hu\/allasborze\/allasborze-2023\/aktualis-allasajanlatok\/#breadcrumb\",\"itemListElement\":[{\"@type\":\"ListItem\",\"position\":1,\"name\":\"Kezd\u0151lap\",\"item\":\"https:\/\/univet.hu\/allasborze\/\"},{\"@type\":\"ListItem\",\"position\":2,\"name\":\"\u00c1ll\u00e1sb\u00f6rze 2023\",\"item\":\"https:\/\/univet.hu\/allasborze\/allasborze-2023\/\"},{\"@type\":\"ListItem\",\"position\":3,\"name\":\"Aktu\u00e1lis \u00e1ll\u00e1saj\u00e1nlatok\"}]},{\"@type\":\"WebSite\",\"@id\":\"https:\/\/univet.hu\/allasborze\/#website\",\"url\":\"https:\/\/univet.hu\/allasborze\/\",\"name\":\"\u00c1ll\u00e1sb\u00f6rze\",\"description\":\"\",\"potentialAction\":[{\"@type\":\"SearchAction\",\"target\":{\"@type\":\"EntryPoint\",\"urlTemplate\":\"https:\/\/univet.hu\/allasborze\/?s={search_term_string}\"},\"query-input\":{\"@type\":\"PropertyValueSpecification\",\"valueRequired\":true,\"valueName\":\"search_term_string\"}}],\"inLanguage\":\"hu\"}]}<\/script>\n<!-- \/ Yoast SEO plugin. -->","yoast_head_json":{"title":"Aktu\u00e1lis \u00e1ll\u00e1saj\u00e1nlatok - \u00c1ll\u00e1sb\u00f6rze","robots":{"index":"index","follow":"follow","max-snippet":"max-snippet:-1","max-image-preview":"max-image-preview:large","max-video-preview":"max-video-preview:-1"},"canonical":"https:\/\/univet.hu\/allasborze\/allasborze-2023\/aktualis-allasajanlatok\/","og_locale":"hu_HU","og_type":"article","og_title":"Aktu\u00e1lis \u00e1ll\u00e1saj\u00e1nlatok - \u00c1ll\u00e1sb\u00f6rze","og_description":"Oldalunkat folyamatosan t\u00f6ltj\u00fck! Magyarorsz\u00e1g \u00c1llateg\u00e9szs\u00e9g\u00fcgyi referens &#8211; Agr\u00e1rminiszt\u00e9rium Az MME Baranya Megyei Csoportj\u00e1nak Irod\u00e1ja munkat\u00e1rsat keres | Magyar Mad\u00e1rtani \u00e9s Term\u00e9szetv\u00e9delmi Egyes\u00fclet \u00c1llatorvos &#8211; Vitavet \u00c1llatorvosi Rendel\u0151, P\u00e9cs \u00c1llatorvos (teljes vagy r\u00e9szmunkaid\u0151) &#8211; Profivet, G\u00f6d \u00c1llatorvos &#8211; Prophyl, B\u00e1r Patol\u00f3gus \u00e1llatorvos &#8211; Prophyl, B\u00e1r \u00c1llatorvos &#8211; Advimi-vet Kft., Beretty\u00f3\u00fajfalu \u00c1llatorvos &#8211; D\u00e9lpesti \u00c1llatgy\u00f3gy\u00e1szati K\u00f6zpont Vizsg\u00e1latvezet\u0151-jel\u00f6lt","og_url":"https:\/\/univet.hu\/allasborze\/allasborze-2023\/aktualis-allasajanlatok\/","og_site_name":"\u00c1ll\u00e1sb\u00f6rze","article_modified_time":"2025-01-10T12:55:01+00:00","twitter_card":"summary_large_image","twitter_misc":{"Becs\u00fclt olvas\u00e1si id\u0151":"3 perc"},"schema":{"@context":"https:\/\/schema.org","@graph":[{"@type":"WebPage","@id":"https:\/\/univet.hu\/allasborze\/allasborze-2023\/aktualis-allasajanlatok\/","url":"https:\/\/univet.hu\/allasborze\/allasborze-2023\/aktualis-allasajanlatok\/","name":"Aktu\u00e1lis \u00e1ll\u00e1saj\u00e1nlatok - \u00c1ll\u00e1sb\u00f6rze","isPartOf":{"@id":"https:\/\/univet.hu\/allasborze\/#website"},"datePublished":"2022-11-07T09:51:48+00:00","dateModified":"2025-01-10T12:55:01+00:00","breadcrumb":{"@id":"https:\/\/univet.hu\/allasborze\/allasborze-2023\/aktualis-allasajanlatok\/#breadcrumb"},"inLanguage":"hu","potentialAction":[{"@type":"ReadAction","target":["https:\/\/univet.hu\/allasborze\/allasborze-2023\/aktualis-allasajanlatok\/"]}]},{"@type":"BreadcrumbList","@id":"https:\/\/univet.hu\/allasborze\/allasborze-2023\/aktualis-allasajanlatok\/#breadcrumb","itemListElement":[{"@type":"ListItem","position":1,"name":"Kezd\u0151lap","item":"https:\/\/univet.hu\/allasborze\/"},{"@type":"ListItem","position":2,"name":"\u00c1ll\u00e1sb\u00f6rze 2023","item":"https:\/\/univet.hu\/allasborze\/allasborze-2023\/"},{"@type":"ListItem","position":3,"name":"Aktu\u00e1lis \u00e1ll\u00e1saj\u00e1nlatok"}]},{"@type":"WebSite","@id":"https:\/\/univet.hu\/allasborze\/#website","url":"https:\/\/univet.hu\/allasborze\/","name":"\u00c1ll\u00e1sb\u00f6rze","description":"","potentialAction":[{"@type":"SearchAction","target":{"@type":"EntryPoint","urlTemplate":"https:\/\/univet.hu\/allasborze\/?s={search_term_string}"},"query-input":{"@type":"PropertyValueSpecification","valueRequired":true,"valueName":"search_term_string"}}],"inLanguage":"hu"}]}},"_links":{"self":[{"href":"https:\/\/univet.hu\/allasborze\/wp-json\/wp\/v2\/pages\/80230","targetHints":{"allow":["GET"]}}],"collection":[{"href":"https:\/\/univet.hu\/allasborze\/wp-json\/wp\/v2\/pages"}],"about":[{"href":"https:\/\/univet.hu\/allasborze\/wp-json\/wp\/v2\/types\/page"}],"author":[{"embeddable":true,"href":"https:\/\/univet.hu\/allasborze\/wp-json\/wp\/v2\/users\/2518"}],"replies":[{"embeddable":true,"href":"https:\/\/univet.hu\/allasborze\/wp-json\/wp\/v2\/comments?post=80230"}],"version-history":[{"count":1,"href":"https:\/\/univet.hu\/allasborze\/wp-json\/wp\/v2\/pages\/80230\/revisions"}],"predecessor-version":[{"id":172663,"href":"https:\/\/univet.hu\/allasborze\/wp-json\/wp\/v2\/pages\/80230\/revisions\/172663"}],"up":[{"embeddable":true,"href":"https:\/\/univet.hu\/allasborze\/wp-json\/wp\/v2\/pages\/77756"}],"wp:attachment":[{"href":"https:\/\/univet.hu\/allasborze\/wp-json\/wp\/v2\/media?parent=80230"}],"wp:term":[{"taxonomy":"category","embeddable":true,"href":"https:\/\/univet.hu\/allasborze\/wp-json\/wp\/v2\/categories?post=80230"},{"taxonomy":"post_tag","embeddable":true,"href":"https:\/\/univet.hu\/allasborze\/wp-json\/wp\/v2\/tags?post=80230"}],"curies":[{"name":"wp","href":"https:\/\/api.w.org\/{rel}","templated":true}]}}