{"id":81041,"date":"2022-12-08T11:14:48","date_gmt":"2022-12-08T10:14:48","guid":{"rendered":"https:\/\/univet.hu\/hu\/allasborze-2023\/kiallitok\/name\/"},"modified":"2025-01-10T13:55:04","modified_gmt":"2025-01-10T12:55:04","slug":"tolnagro","status":"publish","type":"page","link":"https:\/\/univet.hu\/allasborze\/allasborze-2023\/kiallitok\/tolnagro\/","title":{"rendered":"Tolnagro"},"content":{"rendered":"<p><a href=\"https:\/\/univet.hu\/en\/allasborze-2023\/kiallitok\/tolnagro\/letoltes-3\/\" rel=\"attachment wp-att-82671\"><img loading=\"lazy\" decoding=\"async\" class=\"aligncenter size-medium wp-image-82671\" src=\"https:\/\/univet.hu\/allasborze\/wp-content\/uploads\/sites\/2\/2023\/01\/letoltes-1-320x117.png\" alt=\"\" width=\"320\" height=\"117\" srcset=\"https:\/\/univet.hu\/allasborze\/wp-content\/uploads\/sites\/2\/2023\/01\/letoltes-1-320x117.png 320w, https:\/\/univet.hu\/allasborze\/wp-content\/uploads\/sites\/2\/2023\/01\/letoltes-1-300x110.png 300w, https:\/\/univet.hu\/allasborze\/wp-content\/uploads\/sites\/2\/2023\/01\/letoltes-1.png 349w\" sizes=\"auto, (max-width: 320px) 100vw, 320px\" \/><\/a><\/p> <p>&nbsp;<\/p> <p><b><span data-contrast=\"auto\">Tolnagro Kft. \u2013 Az agr\u00e1rium patik\u00e1ja m\u00e1r t\u00f6bb, mint 25 \u00e9ve\u2026<\/span><\/b><span data-ccp-props=\"{&quot;201341983&quot;:0,&quot;335559738&quot;:30,&quot;335559739&quot;:30,&quot;335559740&quot;:240}\">\u00a0<\/span><\/p> <p><span data-contrast=\"auto\">7100 Szeksz\u00e1rd, R\u00e1k\u00f3czi u. 142-146.<\/span><span data-ccp-props=\"{&quot;201341983&quot;:0,&quot;335559738&quot;:30,&quot;335559739&quot;:30,&quot;335559740&quot;:240}\">\u00a0<\/span><\/p> <p><a href=\"http:\/\/www.tolnagro.hu\/\"><span data-contrast=\"none\">www.tolnagro.hu<\/span><\/a><span data-ccp-props=\"{&quot;201341983&quot;:0,&quot;335559738&quot;:30,&quot;335559739&quot;:30,&quot;335559740&quot;:240}\">\u00a0<\/span><\/p> <p><span data-ccp-props=\"{&quot;201341983&quot;:0,&quot;335559738&quot;:30,&quot;335559739&quot;:30,&quot;335559740&quot;:240}\">\u00a0<\/span><\/p> <p><span data-contrast=\"auto\">A Tolnagro Kft. m\u00e1r t\u00f6bb mint 25 \u00e9ve foglalkozik k\u00fcl\u00f6nb\u00f6z\u0151 \u00e1llatgy\u00f3gy\u00e1szati k\u00e9sz\u00edtm\u00e9nyek, \u00e1llatgy\u00f3gyszerek forgalmaz\u00e1s\u00e1val. Az elm\u00falt negyed \u00e9vsz\u00e1zad sor\u00e1n c\u00e9gcsoportt\u00e1 alakult v\u00e1llalat term\u00e9kportf\u00f3li\u00f3ja \u00e9vr\u0151l \u00e9vre n\u00f6vekedett, \u00edgy akt\u00edv term\u00e9keink sz\u00e1ma m\u00e1ra meghaladja a 13.000-et. Szortiment\u00fcnk n\u00f6veked\u00e9se megk\u00f6vetelte rakt\u00e1ri kapacit\u00e1sunk folyamatosan b\u0151v\u00fcl\u00e9s\u00e9t is, amely most m\u00e1r meghaladja a 19.500 m2-t. Ezen fel\u00fcl rendk\u00edv\u00fcl fontosnak tartjuk a szoros egy\u00fcttm\u0171k\u00f6d\u00e9st az \u00c1llatorvostudom\u00e1nyi Egyetemmel, \u00edgy akt\u00edv kapcsolatot \u00e1polunk a hallgat\u00f3kkal t\u00f6bbek k\u00f6z\u00f6tt, az \u00f6szt\u00f6nd\u00edjprogramunkon kereszt\u00fcl is.<\/span><span data-ccp-props=\"{&quot;201341983&quot;:0,&quot;335559739&quot;:0,&quot;335559740&quot;:240}\">\u00a0<\/span><\/p>","protected":false},"excerpt":{"rendered":"<p>&nbsp; Tolnagro Kft. \u2013 Az agr\u00e1rium patik\u00e1ja m\u00e1r t\u00f6bb, mint 25 \u00e9ve\u2026\u00a0 7100 Szeksz\u00e1rd, R\u00e1k\u00f3czi u. 142-146.\u00a0 www.tolnagro.hu\u00a0 \u00a0 A Tolnagro Kft. m\u00e1r t\u00f6bb mint 25 \u00e9ve foglalkozik k\u00fcl\u00f6nb\u00f6z\u0151 \u00e1llatgy\u00f3gy\u00e1szati k\u00e9sz\u00edtm\u00e9nyek, \u00e1llatgy\u00f3gyszerek forgalmaz\u00e1s\u00e1val. Az elm\u00falt negyed \u00e9vsz\u00e1zad sor\u00e1n c\u00e9gcsoportt\u00e1 alakult v\u00e1llalat term\u00e9kportf\u00f3li\u00f3ja \u00e9vr\u0151l \u00e9vre n\u00f6vekedett, \u00edgy akt\u00edv term\u00e9keink sz\u00e1ma m\u00e1ra meghaladja a 13.000-et. Szortiment\u00fcnk n\u00f6veked\u00e9se<\/p>\n","protected":false},"author":2518,"featured_media":0,"parent":80830,"menu_order":0,"comment_status":"open","ping_status":"open","template":"","meta":{"_acf_changed":false,"footnotes":""},"categories":[],"tags":[],"class_list":["post-81041","page","type-page","status-publish","hentry"],"acf":[],"yoast_head":"<!-- This site is optimized with the Yoast SEO plugin v27.2 - https:\/\/yoast.com\/product\/yoast-seo-wordpress\/ -->\n<title>Tolnagro - \u00c1ll\u00e1sb\u00f6rze<\/title>\n<meta name=\"robots\" content=\"index, follow, max-snippet:-1, max-image-preview:large, max-video-preview:-1\" \/>\n<link rel=\"canonical\" href=\"https:\/\/univet.hu\/allasborze\/allasborze-2023\/kiallitok\/tolnagro\/\" \/>\n<meta property=\"og:locale\" content=\"hu_HU\" \/>\n<meta property=\"og:type\" content=\"article\" \/>\n<meta property=\"og:title\" content=\"Tolnagro - \u00c1ll\u00e1sb\u00f6rze\" \/>\n<meta property=\"og:description\" content=\"&nbsp; Tolnagro Kft. \u2013 Az agr\u00e1rium patik\u00e1ja m\u00e1r t\u00f6bb, mint 25 \u00e9ve\u2026\u00a0 7100 Szeksz\u00e1rd, R\u00e1k\u00f3czi u. 142-146.\u00a0 www.tolnagro.hu\u00a0 \u00a0 A Tolnagro Kft. m\u00e1r t\u00f6bb mint 25 \u00e9ve foglalkozik k\u00fcl\u00f6nb\u00f6z\u0151 \u00e1llatgy\u00f3gy\u00e1szati k\u00e9sz\u00edtm\u00e9nyek, \u00e1llatgy\u00f3gyszerek forgalmaz\u00e1s\u00e1val. Az elm\u00falt negyed \u00e9vsz\u00e1zad sor\u00e1n c\u00e9gcsoportt\u00e1 alakult v\u00e1llalat term\u00e9kportf\u00f3li\u00f3ja \u00e9vr\u0151l \u00e9vre n\u00f6vekedett, \u00edgy akt\u00edv term\u00e9keink sz\u00e1ma m\u00e1ra meghaladja a 13.000-et. Szortiment\u00fcnk n\u00f6veked\u00e9se\" \/>\n<meta property=\"og:url\" content=\"https:\/\/univet.hu\/allasborze\/allasborze-2023\/kiallitok\/tolnagro\/\" \/>\n<meta property=\"og:site_name\" content=\"\u00c1ll\u00e1sb\u00f6rze\" \/>\n<meta property=\"article:modified_time\" content=\"2025-01-10T12:55:04+00:00\" \/>\n<meta property=\"og:image\" content=\"https:\/\/univet.hu\/allasborze\/wp-content\/uploads\/sites\/2\/2023\/01\/letoltes-1-320x117.png\" \/>\n<meta name=\"twitter:card\" content=\"summary_large_image\" \/>\n<meta name=\"twitter:label1\" content=\"Becs\u00fclt olvas\u00e1si id\u0151\" \/>\n\t<meta name=\"twitter:data1\" content=\"1 perc\" \/>\n<script type=\"application\/ld+json\" class=\"yoast-schema-graph\">{\"@context\":\"https:\/\/schema.org\",\"@graph\":[{\"@type\":\"WebPage\",\"@id\":\"https:\/\/univet.hu\/allasborze\/allasborze-2023\/kiallitok\/tolnagro\/\",\"url\":\"https:\/\/univet.hu\/allasborze\/allasborze-2023\/kiallitok\/tolnagro\/\",\"name\":\"Tolnagro - \u00c1ll\u00e1sb\u00f6rze\",\"isPartOf\":{\"@id\":\"https:\/\/univet.hu\/allasborze\/#website\"},\"primaryImageOfPage\":{\"@id\":\"https:\/\/univet.hu\/allasborze\/allasborze-2023\/kiallitok\/tolnagro\/#primaryimage\"},\"image\":{\"@id\":\"https:\/\/univet.hu\/allasborze\/allasborze-2023\/kiallitok\/tolnagro\/#primaryimage\"},\"thumbnailUrl\":\"https:\/\/univet.hu\/allasborze\/wp-content\/uploads\/sites\/2\/2023\/01\/letoltes-1-320x117.png\",\"datePublished\":\"2022-12-08T10:14:48+00:00\",\"dateModified\":\"2025-01-10T12:55:04+00:00\",\"breadcrumb\":{\"@id\":\"https:\/\/univet.hu\/allasborze\/allasborze-2023\/kiallitok\/tolnagro\/#breadcrumb\"},\"inLanguage\":\"hu\",\"potentialAction\":[{\"@type\":\"ReadAction\",\"target\":[\"https:\/\/univet.hu\/allasborze\/allasborze-2023\/kiallitok\/tolnagro\/\"]}]},{\"@type\":\"ImageObject\",\"inLanguage\":\"hu\",\"@id\":\"https:\/\/univet.hu\/allasborze\/allasborze-2023\/kiallitok\/tolnagro\/#primaryimage\",\"url\":\"https:\/\/univet.hu\/allasborze\/wp-content\/uploads\/sites\/2\/2023\/01\/letoltes-1.png\",\"contentUrl\":\"https:\/\/univet.hu\/allasborze\/wp-content\/uploads\/sites\/2\/2023\/01\/letoltes-1.png\",\"width\":349,\"height\":128},{\"@type\":\"BreadcrumbList\",\"@id\":\"https:\/\/univet.hu\/allasborze\/allasborze-2023\/kiallitok\/tolnagro\/#breadcrumb\",\"itemListElement\":[{\"@type\":\"ListItem\",\"position\":1,\"name\":\"Kezd\u0151lap\",\"item\":\"https:\/\/univet.hu\/allasborze\/\"},{\"@type\":\"ListItem\",\"position\":2,\"name\":\"\u00c1ll\u00e1sb\u00f6rze 2023\",\"item\":\"https:\/\/univet.hu\/allasborze\/allasborze-2023\/\"},{\"@type\":\"ListItem\",\"position\":3,\"name\":\"Ki\u00e1ll\u00edt\u00f3k\",\"item\":\"https:\/\/univet.hu\/allasborze\/allasborze-2023\/kiallitok\/\"},{\"@type\":\"ListItem\",\"position\":4,\"name\":\"Tolnagro\"}]},{\"@type\":\"WebSite\",\"@id\":\"https:\/\/univet.hu\/allasborze\/#website\",\"url\":\"https:\/\/univet.hu\/allasborze\/\",\"name\":\"\u00c1ll\u00e1sb\u00f6rze\",\"description\":\"\",\"potentialAction\":[{\"@type\":\"SearchAction\",\"target\":{\"@type\":\"EntryPoint\",\"urlTemplate\":\"https:\/\/univet.hu\/allasborze\/?s={search_term_string}\"},\"query-input\":{\"@type\":\"PropertyValueSpecification\",\"valueRequired\":true,\"valueName\":\"search_term_string\"}}],\"inLanguage\":\"hu\"}]}<\/script>\n<!-- \/ Yoast SEO plugin. -->","yoast_head_json":{"title":"Tolnagro - \u00c1ll\u00e1sb\u00f6rze","robots":{"index":"index","follow":"follow","max-snippet":"max-snippet:-1","max-image-preview":"max-image-preview:large","max-video-preview":"max-video-preview:-1"},"canonical":"https:\/\/univet.hu\/allasborze\/allasborze-2023\/kiallitok\/tolnagro\/","og_locale":"hu_HU","og_type":"article","og_title":"Tolnagro - \u00c1ll\u00e1sb\u00f6rze","og_description":"&nbsp; Tolnagro Kft. \u2013 Az agr\u00e1rium patik\u00e1ja m\u00e1r t\u00f6bb, mint 25 \u00e9ve\u2026\u00a0 7100 Szeksz\u00e1rd, R\u00e1k\u00f3czi u. 142-146.\u00a0 www.tolnagro.hu\u00a0 \u00a0 A Tolnagro Kft. m\u00e1r t\u00f6bb mint 25 \u00e9ve foglalkozik k\u00fcl\u00f6nb\u00f6z\u0151 \u00e1llatgy\u00f3gy\u00e1szati k\u00e9sz\u00edtm\u00e9nyek, \u00e1llatgy\u00f3gyszerek forgalmaz\u00e1s\u00e1val. Az elm\u00falt negyed \u00e9vsz\u00e1zad sor\u00e1n c\u00e9gcsoportt\u00e1 alakult v\u00e1llalat term\u00e9kportf\u00f3li\u00f3ja \u00e9vr\u0151l \u00e9vre n\u00f6vekedett, \u00edgy akt\u00edv term\u00e9keink sz\u00e1ma m\u00e1ra meghaladja a 13.000-et. Szortiment\u00fcnk n\u00f6veked\u00e9se","og_url":"https:\/\/univet.hu\/allasborze\/allasborze-2023\/kiallitok\/tolnagro\/","og_site_name":"\u00c1ll\u00e1sb\u00f6rze","article_modified_time":"2025-01-10T12:55:04+00:00","og_image":[{"url":"https:\/\/univet.hu\/allasborze\/wp-content\/uploads\/sites\/2\/2023\/01\/letoltes-1-320x117.png","type":"","width":"","height":""}],"twitter_card":"summary_large_image","twitter_misc":{"Becs\u00fclt olvas\u00e1si id\u0151":"1 perc"},"schema":{"@context":"https:\/\/schema.org","@graph":[{"@type":"WebPage","@id":"https:\/\/univet.hu\/allasborze\/allasborze-2023\/kiallitok\/tolnagro\/","url":"https:\/\/univet.hu\/allasborze\/allasborze-2023\/kiallitok\/tolnagro\/","name":"Tolnagro - \u00c1ll\u00e1sb\u00f6rze","isPartOf":{"@id":"https:\/\/univet.hu\/allasborze\/#website"},"primaryImageOfPage":{"@id":"https:\/\/univet.hu\/allasborze\/allasborze-2023\/kiallitok\/tolnagro\/#primaryimage"},"image":{"@id":"https:\/\/univet.hu\/allasborze\/allasborze-2023\/kiallitok\/tolnagro\/#primaryimage"},"thumbnailUrl":"https:\/\/univet.hu\/allasborze\/wp-content\/uploads\/sites\/2\/2023\/01\/letoltes-1-320x117.png","datePublished":"2022-12-08T10:14:48+00:00","dateModified":"2025-01-10T12:55:04+00:00","breadcrumb":{"@id":"https:\/\/univet.hu\/allasborze\/allasborze-2023\/kiallitok\/tolnagro\/#breadcrumb"},"inLanguage":"hu","potentialAction":[{"@type":"ReadAction","target":["https:\/\/univet.hu\/allasborze\/allasborze-2023\/kiallitok\/tolnagro\/"]}]},{"@type":"ImageObject","inLanguage":"hu","@id":"https:\/\/univet.hu\/allasborze\/allasborze-2023\/kiallitok\/tolnagro\/#primaryimage","url":"https:\/\/univet.hu\/allasborze\/wp-content\/uploads\/sites\/2\/2023\/01\/letoltes-1.png","contentUrl":"https:\/\/univet.hu\/allasborze\/wp-content\/uploads\/sites\/2\/2023\/01\/letoltes-1.png","width":349,"height":128},{"@type":"BreadcrumbList","@id":"https:\/\/univet.hu\/allasborze\/allasborze-2023\/kiallitok\/tolnagro\/#breadcrumb","itemListElement":[{"@type":"ListItem","position":1,"name":"Kezd\u0151lap","item":"https:\/\/univet.hu\/allasborze\/"},{"@type":"ListItem","position":2,"name":"\u00c1ll\u00e1sb\u00f6rze 2023","item":"https:\/\/univet.hu\/allasborze\/allasborze-2023\/"},{"@type":"ListItem","position":3,"name":"Ki\u00e1ll\u00edt\u00f3k","item":"https:\/\/univet.hu\/allasborze\/allasborze-2023\/kiallitok\/"},{"@type":"ListItem","position":4,"name":"Tolnagro"}]},{"@type":"WebSite","@id":"https:\/\/univet.hu\/allasborze\/#website","url":"https:\/\/univet.hu\/allasborze\/","name":"\u00c1ll\u00e1sb\u00f6rze","description":"","potentialAction":[{"@type":"SearchAction","target":{"@type":"EntryPoint","urlTemplate":"https:\/\/univet.hu\/allasborze\/?s={search_term_string}"},"query-input":{"@type":"PropertyValueSpecification","valueRequired":true,"valueName":"search_term_string"}}],"inLanguage":"hu"}]}},"_links":{"self":[{"href":"https:\/\/univet.hu\/allasborze\/wp-json\/wp\/v2\/pages\/81041","targetHints":{"allow":["GET"]}}],"collection":[{"href":"https:\/\/univet.hu\/allasborze\/wp-json\/wp\/v2\/pages"}],"about":[{"href":"https:\/\/univet.hu\/allasborze\/wp-json\/wp\/v2\/types\/page"}],"author":[{"embeddable":true,"href":"https:\/\/univet.hu\/allasborze\/wp-json\/wp\/v2\/users\/2518"}],"replies":[{"embeddable":true,"href":"https:\/\/univet.hu\/allasborze\/wp-json\/wp\/v2\/comments?post=81041"}],"version-history":[{"count":1,"href":"https:\/\/univet.hu\/allasborze\/wp-json\/wp\/v2\/pages\/81041\/revisions"}],"predecessor-version":[{"id":172687,"href":"https:\/\/univet.hu\/allasborze\/wp-json\/wp\/v2\/pages\/81041\/revisions\/172687"}],"up":[{"embeddable":true,"href":"https:\/\/univet.hu\/allasborze\/wp-json\/wp\/v2\/pages\/80830"}],"wp:attachment":[{"href":"https:\/\/univet.hu\/allasborze\/wp-json\/wp\/v2\/media?parent=81041"}],"wp:term":[{"taxonomy":"category","embeddable":true,"href":"https:\/\/univet.hu\/allasborze\/wp-json\/wp\/v2\/categories?post=81041"},{"taxonomy":"post_tag","embeddable":true,"href":"https:\/\/univet.hu\/allasborze\/wp-json\/wp\/v2\/tags?post=81041"}],"curies":[{"name":"wp","href":"https:\/\/api.w.org\/{rel}","templated":true}]}}