{"id":81043,"date":"2022-12-08T11:16:25","date_gmt":"2022-12-08T10:16:25","guid":{"rendered":"https:\/\/univet.hu\/hu\/allasborze-2023\/kiallitok\/name\/"},"modified":"2025-01-10T13:55:02","modified_gmt":"2025-01-10T12:55:02","slug":"ate-doktori-iskola","status":"publish","type":"page","link":"https:\/\/univet.hu\/allasborze\/allasborze-2023\/kiallitok\/ate-doktori-iskola\/","title":{"rendered":"\u00c1TE Doktori Iskola"},"content":{"rendered":"<p>&nbsp;<\/p> <p><span data-contrast=\"none\">Az \u00c1llatorvostudom\u00e1nyi Egyetem keretei k\u00f6z\u00f6tt 1994-ben indult a k\u00e9pz\u00e9s doktori programok form\u00e1j\u00e1ban. 2000-ben rendelte az oktat\u00e1si korm\u00e1nyzat a doktori iskol\u00e1k megalap\u00edt\u00e1s\u00e1t. Az \u00c1llatorvostudom\u00e1nyi Doktori Iskola a kor\u00e1bban ind\u00edtott programokra alapozva j\u00f6tt l\u00e9tre, nyerte a MAB \u201emegfelel\u201d elismer\u00e9s\u00e9t, \u00e9s kezdte meg m\u0171k\u00f6d\u00e9s\u00e9t\u202f2001.01.01.-\u00e9n. Az\u00f3ta a\u202ffolyamatos\u202fjav\u00edt\u00e1s, \u201emin\u0151s\u00e9g fejleszt\u00e9s\u201d jegy\u00e9ben t\u00f6reksz\u00fcnk, mind szakmailag, mind szervezetileg egyre jobbat ny\u00fajtani.<\/span><span data-ccp-props=\"{&quot;134233118&quot;:true,&quot;201341983&quot;:0,&quot;335559739&quot;:160,&quot;335559740&quot;:240}\">\u00a0<\/span><\/p> <p><span data-contrast=\"none\">K\u00fcldet\u00e9s\u00fcnk:<\/span><span data-ccp-props=\"{&quot;134233118&quot;:true,&quot;201341983&quot;:0,&quot;335559739&quot;:160,&quot;335559740&quot;:240}\">\u00a0<\/span><\/p> <ul> <li data-leveltext=\"\uf0b7\" data-font=\"Symbol\" data-listid=\"1\" data-list-defn-props=\"{&quot;335552541&quot;:1,&quot;335559684&quot;:-2,&quot;335559685&quot;:720,&quot;335559991&quot;:360,&quot;469769226&quot;:&quot;Symbol&quot;,&quot;469769242&quot;:[8226],&quot;469777803&quot;:&quot;left&quot;,&quot;469777804&quot;:&quot;\uf0b7&quot;,&quot;469777815&quot;:&quot;multilevel&quot;}\" data-aria-posinset=\"1\" data-aria-level=\"1\"><span data-contrast=\"none\">az \u00c1llatorvostudom\u00e1nyi Egyetem t\u00f6rt\u00e9nelmi hagyom\u00e1nyait k\u00f6vetve<\/span><span data-ccp-props=\"{&quot;134233117&quot;:true,&quot;134233118&quot;:true,&quot;201341983&quot;:0,&quot;335559685&quot;:1920,&quot;335559739&quot;:160,&quot;335559740&quot;:240}\">\u00a0<\/span><\/li> <li data-leveltext=\"\uf0b7\" data-font=\"Symbol\" data-listid=\"1\" data-list-defn-props=\"{&quot;335552541&quot;:1,&quot;335559684&quot;:-2,&quot;335559685&quot;:720,&quot;335559991&quot;:360,&quot;469769226&quot;:&quot;Symbol&quot;,&quot;469769242&quot;:[8226],&quot;469777803&quot;:&quot;left&quot;,&quot;469777804&quot;:&quot;\uf0b7&quot;,&quot;469777815&quot;:&quot;multilevel&quot;}\" data-aria-posinset=\"2\" data-aria-level=\"1\"><span data-contrast=\"none\">a\u202ffenntarthat\u00f3 mez\u0151gazdas\u00e1gi termel\u00e9sben,<\/span><span data-ccp-props=\"{&quot;134233117&quot;:true,&quot;134233118&quot;:true,&quot;201341983&quot;:0,&quot;335559685&quot;:1920,&quot;335559739&quot;:160,&quot;335559740&quot;:240}\">\u00a0<\/span><\/li> <li data-leveltext=\"\uf0b7\" data-font=\"Symbol\" data-listid=\"1\" data-list-defn-props=\"{&quot;335552541&quot;:1,&quot;335559684&quot;:-2,&quot;335559685&quot;:720,&quot;335559991&quot;:360,&quot;469769226&quot;:&quot;Symbol&quot;,&quot;469769242&quot;:[8226],&quot;469777803&quot;:&quot;left&quot;,&quot;469777804&quot;:&quot;\uf0b7&quot;,&quot;469777815&quot;:&quot;multilevel&quot;}\" data-aria-posinset=\"3\" data-aria-level=\"1\"><span data-contrast=\"none\">a\u202fbiztons\u00e1gos \u00e9lelmiszer-el\u0151\u00e1ll\u00edt\u00e1sban \u00e9s<\/span><span data-ccp-props=\"{&quot;134233117&quot;:true,&quot;134233118&quot;:true,&quot;201341983&quot;:0,&quot;335559685&quot;:1920,&quot;335559739&quot;:160,&quot;335559740&quot;:240}\">\u00a0<\/span><\/li> <\/ul> <ul> <li data-leveltext=\"\uf0b7\" data-font=\"Symbol\" data-listid=\"1\" data-list-defn-props=\"{&quot;335552541&quot;:1,&quot;335559684&quot;:-2,&quot;335559685&quot;:720,&quot;335559991&quot;:360,&quot;469769226&quot;:&quot;Symbol&quot;,&quot;469769242&quot;:[8226],&quot;469777803&quot;:&quot;left&quot;,&quot;469777804&quot;:&quot;\uf0b7&quot;,&quot;469777815&quot;:&quot;multilevel&quot;}\" data-aria-posinset=\"1\" data-aria-level=\"1\"><span data-contrast=\"none\">az \u00e1llatorvosi \u00e9s hat\u00e1rter\u00fcleti tudom\u00e1nyok m\u0171vel\u00e9s\u00e9ben<\/span><span data-ccp-props=\"{&quot;134233117&quot;:true,&quot;134233118&quot;:true,&quot;201341983&quot;:0,&quot;335559685&quot;:1920,&quot;335559739&quot;:160,&quot;335559740&quot;:240}\">\u00a0<\/span><\/li> <li data-leveltext=\"\uf0b7\" data-font=\"Symbol\" data-listid=\"1\" data-list-defn-props=\"{&quot;335552541&quot;:1,&quot;335559684&quot;:-2,&quot;335559685&quot;:720,&quot;335559991&quot;:360,&quot;469769226&quot;:&quot;Symbol&quot;,&quot;469769242&quot;:[8226],&quot;469777803&quot;:&quot;left&quot;,&quot;469777804&quot;:&quot;\uf0b7&quot;,&quot;469777815&quot;:&quot;multilevel&quot;}\" data-aria-posinset=\"2\" data-aria-level=\"1\"><span data-contrast=\"none\">hazai \u00e9s nemzetk\u00f6zi szinten kiv\u00e1l\u00f3,<\/span><span data-ccp-props=\"{&quot;134233117&quot;:true,&quot;134233118&quot;:true,&quot;201341983&quot;:0,&quot;335559685&quot;:1920,&quot;335559739&quot;:160,&quot;335559740&quot;:240}\">\u00a0<\/span><\/li> <li data-leveltext=\"\uf0b7\" data-font=\"Symbol\" data-listid=\"1\" data-list-defn-props=\"{&quot;335552541&quot;:1,&quot;335559684&quot;:-2,&quot;335559685&quot;:720,&quot;335559991&quot;:360,&quot;469769226&quot;:&quot;Symbol&quot;,&quot;469769242&quot;:[8226],&quot;469777803&quot;:&quot;left&quot;,&quot;469777804&quot;:&quot;\uf0b7&quot;,&quot;469777815&quot;:&quot;multilevel&quot;}\" data-aria-posinset=\"3\" data-aria-level=\"1\"><span data-contrast=\"none\">a tud\u00e1salap\u00fa t\u00e1rsadalom \u00e9s a k\u00f6rnyezet v\u00e9delme elv\u00e1r\u00e1sainak megfelelni k\u00e9pes\u202fvezet\u0151\u202foktat\u00f3k \u00e9s kutat\u00f3k j\u00f6v\u0151 gener\u00e1ci\u00f3j\u00e1nak k\u00e9pz\u00e9se.<\/span><span data-ccp-props=\"{&quot;134233117&quot;:true,&quot;134233118&quot;:true,&quot;201341983&quot;:0,&quot;335559685&quot;:1920,&quot;335559739&quot;:160,&quot;335559740&quot;:240}\">\u00a0<\/span><\/li> <\/ul> <p><span data-contrast=\"none\">A magyar vagy angol nyelven foly\u00f3 k\u00e9pz\u00e9s az MTA \u00c1llatorvos-tudom\u00e1nyi Kutat\u00f3 Int\u00e9zet\u00e9vel, a Nemzeti \u00c9lelmiszerl\u00e1nc-biztons\u00e1gi Hivatallal\u202f\u00e9s m\u00e1s akad\u00e9miai kutat\u00f3helyekkel szoros egy\u00fcttm\u0171k\u00f6d\u00e9sben val\u00f3sul meg els\u0151dlegesen az al\u00e1bbi ter\u00fcleteken:<\/span><span data-ccp-props=\"{&quot;134233118&quot;:true,&quot;201341983&quot;:0,&quot;335559739&quot;:160,&quot;335559740&quot;:240}\">\u00a0<\/span><\/p> <ul> <li data-leveltext=\"\uf0b7\" data-font=\"Symbol\" data-listid=\"2\" data-list-defn-props=\"{&quot;335552541&quot;:1,&quot;335559684&quot;:-2,&quot;335559685&quot;:720,&quot;335559991&quot;:360,&quot;469769226&quot;:&quot;Symbol&quot;,&quot;469769242&quot;:[8226],&quot;469777803&quot;:&quot;left&quot;,&quot;469777804&quot;:&quot;\uf0b7&quot;,&quot;469777815&quot;:&quot;multilevel&quot;}\" data-aria-posinset=\"4\" data-aria-level=\"1\"><span data-contrast=\"none\">\u00e1llatorvosi alaptudom\u00e1nyok (sejtbiol\u00f3gia, fejl\u0151d\u00e9stan, anat\u00f3mia \u00e9s sz\u00f6vettan; \u00e9lettan \u00e9s biok\u00e9mia; \u00e1ltal\u00e1nos \u00e1llattan, zool\u00f3gia, \u00f6kol\u00f3gia \u00e9s etol\u00f3gia)<\/span><span data-ccp-props=\"{&quot;134233117&quot;:true,&quot;134233118&quot;:true,&quot;201341983&quot;:0,&quot;335559685&quot;:1920,&quot;335559739&quot;:160,&quot;335559740&quot;:240}\">\u00a0<\/span><\/li> <\/ul> <ul> <li data-leveltext=\"\uf0b7\" data-font=\"Symbol\" data-listid=\"2\" data-list-defn-props=\"{&quot;335552541&quot;:1,&quot;335559684&quot;:-2,&quot;335559685&quot;:720,&quot;335559991&quot;:360,&quot;469769226&quot;:&quot;Symbol&quot;,&quot;469769242&quot;:[8226],&quot;469777803&quot;:&quot;left&quot;,&quot;469777804&quot;:&quot;\uf0b7&quot;,&quot;469777815&quot;:&quot;multilevel&quot;}\" data-aria-posinset=\"1\" data-aria-level=\"1\"><span data-contrast=\"none\">Preklinikai\u202f\u00e1llatorvos-tudom\u00e1nyok (mikrobiol\u00f3giai; immunol\u00f3gia; parazitol\u00f3gia; \u00e1ltal\u00e1nos k\u00f3rtan \u00e9s k\u00f3r\u00e9lettan; \u00e1llatteny\u00e9szt\u00e9s- \u00e9s takarm\u00e1nyoz\u00e1stan; labor\u00e1llat-tudom\u00e1ny; szaporod\u00e1sbiol\u00f3gia; gy\u00f3gyszertan \u00e9s toxikol\u00f3gia)<\/span><span data-ccp-props=\"{&quot;134233117&quot;:true,&quot;134233118&quot;:true,&quot;201341983&quot;:0,&quot;335559685&quot;:1920,&quot;335559739&quot;:160,&quot;335559740&quot;:240}\">\u00a0<\/span><\/li> <li data-leveltext=\"\uf0b7\" data-font=\"Symbol\" data-listid=\"2\" data-list-defn-props=\"{&quot;335552541&quot;:1,&quot;335559684&quot;:-2,&quot;335559685&quot;:720,&quot;335559991&quot;:360,&quot;469769226&quot;:&quot;Symbol&quot;,&quot;469769242&quot;:[8226],&quot;469777803&quot;:&quot;left&quot;,&quot;469777804&quot;:&quot;\uf0b7&quot;,&quot;469777815&quot;:&quot;multilevel&quot;}\" data-aria-posinset=\"2\" data-aria-level=\"1\"><span data-contrast=\"none\">Klinikai \u00e1llatorvos-tudom\u00e1nyok (labordiagnosztikai \u00e9s m\u0171szeres diagnosztikai elj\u00e1r\u00e1sok; belgy\u00f3gy\u00e1szat; seb\u00e9szet \u00e9s szem\u00e9szet; sz\u00fcl\u00e9szet, t\u0151gyeg\u00e9szs\u00e9gtan, klinikai szaporod\u00e1sbiol\u00f3gia \u00e9s assziszt\u00e1lt reprodukci\u00f3s elj\u00e1r\u00e1sok; \u00e1llom\u00e1ny-eg\u00e9szs\u00e9gtan; bakt\u00e9riumok, v\u00edrusok \u00e9s parazit\u00e1k okozta megbeteged\u00e9sek)<\/span><span data-ccp-props=\"{&quot;134233117&quot;:true,&quot;134233118&quot;:true,&quot;201341983&quot;:0,&quot;335559685&quot;:1920,&quot;335559739&quot;:160,&quot;335559740&quot;:240}\">\u00a0<\/span><\/li> <li data-leveltext=\"\uf0b7\" data-font=\"Symbol\" data-listid=\"2\" data-list-defn-props=\"{&quot;335552541&quot;:1,&quot;335559684&quot;:-2,&quot;335559685&quot;:720,&quot;335559991&quot;:360,&quot;469769226&quot;:&quot;Symbol&quot;,&quot;469769242&quot;:[8226],&quot;469777803&quot;:&quot;left&quot;,&quot;469777804&quot;:&quot;\uf0b7&quot;,&quot;469777815&quot;:&quot;multilevel&quot;}\" data-aria-posinset=\"3\" data-aria-level=\"1\"><span data-contrast=\"none\">Paraklinikai\u202f\u00e1llatorvos-tudom\u00e1nyok (\u00e1llateg\u00e9szs\u00e9g\u00fcgyi igazgat\u00e1s; igazs\u00e1g\u00fcgyi \u00e1llatorvostan; praxismanagement; \u00e1llateg\u00e9szs\u00e9g\u00fcgyi \u00f6kon\u00f3mia \u00e9s szervez\u00e9studom\u00e1ny)<\/span><span data-ccp-props=\"{&quot;134233117&quot;:true,&quot;134233118&quot;:true,&quot;201341983&quot;:0,&quot;335559685&quot;:1920,&quot;335559739&quot;:160,&quot;335559740&quot;:240}\">\u00a0<\/span><\/li> <li data-leveltext=\"\uf0b7\" data-font=\"Symbol\" data-listid=\"2\" data-list-defn-props=\"{&quot;335552541&quot;:1,&quot;335559684&quot;:-2,&quot;335559685&quot;:720,&quot;335559991&quot;:360,&quot;469769226&quot;:&quot;Symbol&quot;,&quot;469769242&quot;:[8226],&quot;469777803&quot;:&quot;left&quot;,&quot;469777804&quot;:&quot;\uf0b7&quot;,&quot;469777815&quot;:&quot;multilevel&quot;}\" data-aria-posinset=\"4\" data-aria-level=\"1\"><span data-contrast=\"none\">\u00c9lelmiszerhigi\u00e9niai \u00e9s \u00e9lelmiszerbiztons\u00e1gi tudom\u00e1nyok<\/span><span data-ccp-props=\"{&quot;134233117&quot;:true,&quot;134233118&quot;:true,&quot;201341983&quot;:0,&quot;335559685&quot;:1920,&quot;335559739&quot;:160,&quot;335559740&quot;:240}\">\u00a0<\/span><\/li> <li data-leveltext=\"\uf0b7\" data-font=\"Symbol\" data-listid=\"2\" data-list-defn-props=\"{&quot;335552541&quot;:1,&quot;335559684&quot;:-2,&quot;335559685&quot;:720,&quot;335559991&quot;:360,&quot;469769226&quot;:&quot;Symbol&quot;,&quot;469769242&quot;:[8226],&quot;469777803&quot;:&quot;left&quot;,&quot;469777804&quot;:&quot;\uf0b7&quot;,&quot;469777815&quot;:&quot;multilevel&quot;}\" data-aria-posinset=\"5\" data-aria-level=\"1\"><span data-contrast=\"none\">Inter-\u202f\u00e9s\u202fmultidiszciplin\u00e1lis\u202f(hat\u00e1rter\u00fcleti) tudom\u00e1nyok<\/span><\/li> <\/ul> <p><strong>Tov\u00e1bbi inform\u00e1ci\u00f3k:<\/strong>\u00a0<a href=\"https:\/\/univet.hu\/hu\/oktatas\/doktori-iskola\/\">https:\/\/univet.hu\/hu\/oktatas\/doktori-iskola\/<\/a><\/p>","protected":false},"excerpt":{"rendered":"<p>&nbsp; Az \u00c1llatorvostudom\u00e1nyi Egyetem keretei k\u00f6z\u00f6tt 1994-ben indult a k\u00e9pz\u00e9s doktori programok form\u00e1j\u00e1ban. 2000-ben rendelte az oktat\u00e1si korm\u00e1nyzat a doktori iskol\u00e1k megalap\u00edt\u00e1s\u00e1t. Az \u00c1llatorvostudom\u00e1nyi Doktori Iskola a kor\u00e1bban ind\u00edtott programokra alapozva j\u00f6tt l\u00e9tre, nyerte a MAB \u201emegfelel\u201d elismer\u00e9s\u00e9t, \u00e9s kezdte meg m\u0171k\u00f6d\u00e9s\u00e9t\u202f2001.01.01.-\u00e9n. Az\u00f3ta a\u202ffolyamatos\u202fjav\u00edt\u00e1s, \u201emin\u0151s\u00e9g fejleszt\u00e9s\u201d jegy\u00e9ben t\u00f6reksz\u00fcnk, mind szakmailag, mind szervezetileg egyre jobbat ny\u00fajtani.\u00a0<\/p>\n","protected":false},"author":2518,"featured_media":0,"parent":80830,"menu_order":0,"comment_status":"open","ping_status":"open","template":"","meta":{"_acf_changed":false,"footnotes":""},"categories":[],"tags":[],"class_list":["post-81043","page","type-page","status-publish","hentry"],"acf":[],"yoast_head":"<!-- This site is optimized with the Yoast SEO plugin v27.2 - https:\/\/yoast.com\/product\/yoast-seo-wordpress\/ -->\n<title>\u00c1TE Doktori Iskola - \u00c1ll\u00e1sb\u00f6rze<\/title>\n<meta name=\"robots\" content=\"index, follow, max-snippet:-1, max-image-preview:large, max-video-preview:-1\" \/>\n<link rel=\"canonical\" href=\"https:\/\/univet.hu\/allasborze\/allasborze-2023\/kiallitok\/ate-doktori-iskola\/\" \/>\n<meta property=\"og:locale\" content=\"hu_HU\" \/>\n<meta property=\"og:type\" content=\"article\" \/>\n<meta property=\"og:title\" content=\"\u00c1TE Doktori Iskola - \u00c1ll\u00e1sb\u00f6rze\" \/>\n<meta property=\"og:description\" content=\"&nbsp; Az \u00c1llatorvostudom\u00e1nyi Egyetem keretei k\u00f6z\u00f6tt 1994-ben indult a k\u00e9pz\u00e9s doktori programok form\u00e1j\u00e1ban. 2000-ben rendelte az oktat\u00e1si korm\u00e1nyzat a doktori iskol\u00e1k megalap\u00edt\u00e1s\u00e1t. Az \u00c1llatorvostudom\u00e1nyi Doktori Iskola a kor\u00e1bban ind\u00edtott programokra alapozva j\u00f6tt l\u00e9tre, nyerte a MAB \u201emegfelel\u201d elismer\u00e9s\u00e9t, \u00e9s kezdte meg m\u0171k\u00f6d\u00e9s\u00e9t\u202f2001.01.01.-\u00e9n. Az\u00f3ta a\u202ffolyamatos\u202fjav\u00edt\u00e1s, \u201emin\u0151s\u00e9g fejleszt\u00e9s\u201d jegy\u00e9ben t\u00f6reksz\u00fcnk, mind szakmailag, mind szervezetileg egyre jobbat ny\u00fajtani.\u00a0\" \/>\n<meta property=\"og:url\" content=\"https:\/\/univet.hu\/allasborze\/allasborze-2023\/kiallitok\/ate-doktori-iskola\/\" \/>\n<meta property=\"og:site_name\" content=\"\u00c1ll\u00e1sb\u00f6rze\" \/>\n<meta property=\"article:modified_time\" content=\"2025-01-10T12:55:02+00:00\" \/>\n<meta name=\"twitter:card\" content=\"summary_large_image\" \/>\n<meta name=\"twitter:label1\" content=\"Becs\u00fclt olvas\u00e1si id\u0151\" \/>\n\t<meta name=\"twitter:data1\" content=\"2 perc\" \/>\n<script type=\"application\/ld+json\" class=\"yoast-schema-graph\">{\"@context\":\"https:\/\/schema.org\",\"@graph\":[{\"@type\":\"WebPage\",\"@id\":\"https:\/\/univet.hu\/allasborze\/allasborze-2023\/kiallitok\/ate-doktori-iskola\/\",\"url\":\"https:\/\/univet.hu\/allasborze\/allasborze-2023\/kiallitok\/ate-doktori-iskola\/\",\"name\":\"\u00c1TE Doktori Iskola - \u00c1ll\u00e1sb\u00f6rze\",\"isPartOf\":{\"@id\":\"https:\/\/univet.hu\/allasborze\/#website\"},\"datePublished\":\"2022-12-08T10:16:25+00:00\",\"dateModified\":\"2025-01-10T12:55:02+00:00\",\"breadcrumb\":{\"@id\":\"https:\/\/univet.hu\/allasborze\/allasborze-2023\/kiallitok\/ate-doktori-iskola\/#breadcrumb\"},\"inLanguage\":\"hu\",\"potentialAction\":[{\"@type\":\"ReadAction\",\"target\":[\"https:\/\/univet.hu\/allasborze\/allasborze-2023\/kiallitok\/ate-doktori-iskola\/\"]}]},{\"@type\":\"BreadcrumbList\",\"@id\":\"https:\/\/univet.hu\/allasborze\/allasborze-2023\/kiallitok\/ate-doktori-iskola\/#breadcrumb\",\"itemListElement\":[{\"@type\":\"ListItem\",\"position\":1,\"name\":\"Kezd\u0151lap\",\"item\":\"https:\/\/univet.hu\/allasborze\/\"},{\"@type\":\"ListItem\",\"position\":2,\"name\":\"\u00c1ll\u00e1sb\u00f6rze 2023\",\"item\":\"https:\/\/univet.hu\/allasborze\/allasborze-2023\/\"},{\"@type\":\"ListItem\",\"position\":3,\"name\":\"Ki\u00e1ll\u00edt\u00f3k\",\"item\":\"https:\/\/univet.hu\/allasborze\/allasborze-2023\/kiallitok\/\"},{\"@type\":\"ListItem\",\"position\":4,\"name\":\"\u00c1TE Doktori Iskola\"}]},{\"@type\":\"WebSite\",\"@id\":\"https:\/\/univet.hu\/allasborze\/#website\",\"url\":\"https:\/\/univet.hu\/allasborze\/\",\"name\":\"\u00c1ll\u00e1sb\u00f6rze\",\"description\":\"\",\"potentialAction\":[{\"@type\":\"SearchAction\",\"target\":{\"@type\":\"EntryPoint\",\"urlTemplate\":\"https:\/\/univet.hu\/allasborze\/?s={search_term_string}\"},\"query-input\":{\"@type\":\"PropertyValueSpecification\",\"valueRequired\":true,\"valueName\":\"search_term_string\"}}],\"inLanguage\":\"hu\"}]}<\/script>\n<!-- \/ Yoast SEO plugin. -->","yoast_head_json":{"title":"\u00c1TE Doktori Iskola - \u00c1ll\u00e1sb\u00f6rze","robots":{"index":"index","follow":"follow","max-snippet":"max-snippet:-1","max-image-preview":"max-image-preview:large","max-video-preview":"max-video-preview:-1"},"canonical":"https:\/\/univet.hu\/allasborze\/allasborze-2023\/kiallitok\/ate-doktori-iskola\/","og_locale":"hu_HU","og_type":"article","og_title":"\u00c1TE Doktori Iskola - \u00c1ll\u00e1sb\u00f6rze","og_description":"&nbsp; Az \u00c1llatorvostudom\u00e1nyi Egyetem keretei k\u00f6z\u00f6tt 1994-ben indult a k\u00e9pz\u00e9s doktori programok form\u00e1j\u00e1ban. 2000-ben rendelte az oktat\u00e1si korm\u00e1nyzat a doktori iskol\u00e1k megalap\u00edt\u00e1s\u00e1t. Az \u00c1llatorvostudom\u00e1nyi Doktori Iskola a kor\u00e1bban ind\u00edtott programokra alapozva j\u00f6tt l\u00e9tre, nyerte a MAB \u201emegfelel\u201d elismer\u00e9s\u00e9t, \u00e9s kezdte meg m\u0171k\u00f6d\u00e9s\u00e9t\u202f2001.01.01.-\u00e9n. Az\u00f3ta a\u202ffolyamatos\u202fjav\u00edt\u00e1s, \u201emin\u0151s\u00e9g fejleszt\u00e9s\u201d jegy\u00e9ben t\u00f6reksz\u00fcnk, mind szakmailag, mind szervezetileg egyre jobbat ny\u00fajtani.\u00a0","og_url":"https:\/\/univet.hu\/allasborze\/allasborze-2023\/kiallitok\/ate-doktori-iskola\/","og_site_name":"\u00c1ll\u00e1sb\u00f6rze","article_modified_time":"2025-01-10T12:55:02+00:00","twitter_card":"summary_large_image","twitter_misc":{"Becs\u00fclt olvas\u00e1si id\u0151":"2 perc"},"schema":{"@context":"https:\/\/schema.org","@graph":[{"@type":"WebPage","@id":"https:\/\/univet.hu\/allasborze\/allasborze-2023\/kiallitok\/ate-doktori-iskola\/","url":"https:\/\/univet.hu\/allasborze\/allasborze-2023\/kiallitok\/ate-doktori-iskola\/","name":"\u00c1TE Doktori Iskola - \u00c1ll\u00e1sb\u00f6rze","isPartOf":{"@id":"https:\/\/univet.hu\/allasborze\/#website"},"datePublished":"2022-12-08T10:16:25+00:00","dateModified":"2025-01-10T12:55:02+00:00","breadcrumb":{"@id":"https:\/\/univet.hu\/allasborze\/allasborze-2023\/kiallitok\/ate-doktori-iskola\/#breadcrumb"},"inLanguage":"hu","potentialAction":[{"@type":"ReadAction","target":["https:\/\/univet.hu\/allasborze\/allasborze-2023\/kiallitok\/ate-doktori-iskola\/"]}]},{"@type":"BreadcrumbList","@id":"https:\/\/univet.hu\/allasborze\/allasborze-2023\/kiallitok\/ate-doktori-iskola\/#breadcrumb","itemListElement":[{"@type":"ListItem","position":1,"name":"Kezd\u0151lap","item":"https:\/\/univet.hu\/allasborze\/"},{"@type":"ListItem","position":2,"name":"\u00c1ll\u00e1sb\u00f6rze 2023","item":"https:\/\/univet.hu\/allasborze\/allasborze-2023\/"},{"@type":"ListItem","position":3,"name":"Ki\u00e1ll\u00edt\u00f3k","item":"https:\/\/univet.hu\/allasborze\/allasborze-2023\/kiallitok\/"},{"@type":"ListItem","position":4,"name":"\u00c1TE Doktori Iskola"}]},{"@type":"WebSite","@id":"https:\/\/univet.hu\/allasborze\/#website","url":"https:\/\/univet.hu\/allasborze\/","name":"\u00c1ll\u00e1sb\u00f6rze","description":"","potentialAction":[{"@type":"SearchAction","target":{"@type":"EntryPoint","urlTemplate":"https:\/\/univet.hu\/allasborze\/?s={search_term_string}"},"query-input":{"@type":"PropertyValueSpecification","valueRequired":true,"valueName":"search_term_string"}}],"inLanguage":"hu"}]}},"_links":{"self":[{"href":"https:\/\/univet.hu\/allasborze\/wp-json\/wp\/v2\/pages\/81043","targetHints":{"allow":["GET"]}}],"collection":[{"href":"https:\/\/univet.hu\/allasborze\/wp-json\/wp\/v2\/pages"}],"about":[{"href":"https:\/\/univet.hu\/allasborze\/wp-json\/wp\/v2\/types\/page"}],"author":[{"embeddable":true,"href":"https:\/\/univet.hu\/allasborze\/wp-json\/wp\/v2\/users\/2518"}],"replies":[{"embeddable":true,"href":"https:\/\/univet.hu\/allasborze\/wp-json\/wp\/v2\/comments?post=81043"}],"version-history":[{"count":1,"href":"https:\/\/univet.hu\/allasborze\/wp-json\/wp\/v2\/pages\/81043\/revisions"}],"predecessor-version":[{"id":172669,"href":"https:\/\/univet.hu\/allasborze\/wp-json\/wp\/v2\/pages\/81043\/revisions\/172669"}],"up":[{"embeddable":true,"href":"https:\/\/univet.hu\/allasborze\/wp-json\/wp\/v2\/pages\/80830"}],"wp:attachment":[{"href":"https:\/\/univet.hu\/allasborze\/wp-json\/wp\/v2\/media?parent=81043"}],"wp:term":[{"taxonomy":"category","embeddable":true,"href":"https:\/\/univet.hu\/allasborze\/wp-json\/wp\/v2\/categories?post=81043"},{"taxonomy":"post_tag","embeddable":true,"href":"https:\/\/univet.hu\/allasborze\/wp-json\/wp\/v2\/tags?post=81043"}],"curies":[{"name":"wp","href":"https:\/\/api.w.org\/{rel}","templated":true}]}}