{"id":81529,"date":"2023-01-09T08:38:21","date_gmt":"2023-01-09T07:38:21","guid":{"rendered":"https:\/\/univet.hu\/hu\/allasborze-2023\/kiallitok\/name\/"},"modified":"2025-01-10T13:55:03","modified_gmt":"2025-01-10T12:55:03","slug":"hunland-production-kft","status":"publish","type":"page","link":"https:\/\/univet.hu\/allasborze\/allasborze-2023\/kiallitok\/hunland-production-kft\/","title":{"rendered":"Hunland Production Kft."},"content":{"rendered":"<p style=\"text-align: center\"><b><span data-contrast=\"none\"><a href=\"https:\/\/univet.hu\/en\/allasborze-2023\/kiallitok\/hunland-production-kft\/hunland_logo_zold\/\" rel=\"attachment wp-att-82310\"><img loading=\"lazy\" decoding=\"async\" class=\"aligncenter size-medium wp-image-82310\" src=\"https:\/\/univet.hu\/allasborze\/wp-content\/uploads\/sites\/2\/2023\/01\/hunland_logo_zold-320x105.jpg\" alt=\"\" width=\"320\" height=\"105\" srcset=\"https:\/\/univet.hu\/allasborze\/wp-content\/uploads\/sites\/2\/2023\/01\/hunland_logo_zold-320x105.jpg 320w, https:\/\/univet.hu\/allasborze\/wp-content\/uploads\/sites\/2\/2023\/01\/hunland_logo_zold-2048x669.jpg 2048w, https:\/\/univet.hu\/allasborze\/wp-content\/uploads\/sites\/2\/2023\/01\/hunland_logo_zold-768x251.jpg 768w, https:\/\/univet.hu\/allasborze\/wp-content\/uploads\/sites\/2\/2023\/01\/hunland_logo_zold-1024x335.jpg 1024w, https:\/\/univet.hu\/allasborze\/wp-content\/uploads\/sites\/2\/2023\/01\/hunland_logo_zold-1536x502.jpg 1536w, https:\/\/univet.hu\/allasborze\/wp-content\/uploads\/sites\/2\/2023\/01\/hunland_logo_zold-300x98.jpg 300w\" sizes=\"auto, (max-width: 320px) 100vw, 320px\" \/><\/a>HUNLAND C\u00c9GCSOPORT &#8211; <\/span><\/b><br \/> <b><span data-contrast=\"none\">CSAL\u00c1DIAS, BAR\u00c1TS\u00c1GOS K\u00d6RNYEZET <\/span><\/b><span data-contrast=\"none\">\u202f<\/span><br \/> <b><span data-contrast=\"none\">STABIL NEMZETK\u00d6ZI C\u00c9GH\u00c1L\u00d3BAN<\/span><\/b><span data-ccp-props=\"{&quot;134233117&quot;:false,&quot;134233118&quot;:false,&quot;201341983&quot;:0,&quot;335551550&quot;:2,&quot;335551620&quot;:2,&quot;335559738&quot;:240,&quot;335559739&quot;:0,&quot;335559740&quot;:240}\">\u00a0<\/span><\/p> <p><span data-contrast=\"none\">C\u00e9gcsoportunk imm\u00e1ron 30 \u00e9ves m\u00faltra visszatekint\u0151, m\u00e1ra t\u00f6bb, mint 700 f\u0151t sz\u00e1ml\u00e1l\u00f3, folyamatos fejl\u0151d\u00e9sben l\u00e9v\u0151 piacvezet\u0151 v\u00e1llalat, mely jelenleg is az \u00e9l\u0151\u00e1llat kereskedelem glob\u00e1lis piactere &#8211; kapocs az \u00e1llatteny\u00e9szt\u0151k \u00e9s keresked\u0151k k\u00f6z\u00f6tt.<\/span><span data-ccp-props=\"{&quot;134233117&quot;:false,&quot;134233118&quot;:false,&quot;201341983&quot;:0,&quot;335551550&quot;:6,&quot;335551620&quot;:6,&quot;335559738&quot;:240,&quot;335559739&quot;:0,&quot;335559740&quot;:240}\">\u00a0<\/span><\/p> <p><span data-contrast=\"none\">A Hunland azon t\u00e1mogat\u00f3 szervezeti kult\u00far\u00e1val b\u00edr\u00f3 munkahelyek k\u00f6z\u00e9 tartozik, ahol nagy hangs\u00falyt helyez\u00fcnk a munkav\u00e1llal\u00f3k ig\u00e9nyeire. Hisz\u00fcnk a nyitott ajt\u00f3k elv\u00e9ben, ennek \u00e9rdek\u00e9ben sz\u00e1mos olyan lehet\u0151s\u00e9get biztos\u00edtunk, ahol munkav\u00e1llal\u00f3ink elk\u00e9pzel\u00e9seiket, v\u00e9lem\u00e9nyeiket nem csak elmondhatj\u00e1k, de maxim\u00e1lisan sz\u00e1m\u00edthatnak a t\u00e1mogat\u00e1sra is. Folyamatosan azon dolgozunk, hogy a Hunland egy szerethet\u0151, csal\u00e1dias, de egyben professzion\u00e1lis \u00e9s eredm\u00e9nyes multinacion\u00e1lis v\u00e1llalat legyen.\u00a0<\/span><span data-ccp-props=\"{&quot;134233117&quot;:false,&quot;134233118&quot;:false,&quot;201341983&quot;:0,&quot;335551550&quot;:6,&quot;335551620&quot;:6,&quot;335559738&quot;:240,&quot;335559739&quot;:0,&quot;335559740&quot;:240}\">\u00a0<\/span><\/p> <p><span data-contrast=\"none\">Minden v\u00e1llalkoz\u00e1s legf\u0151bb pill\u00e9re az ut\u00e1np\u00f3tl\u00e1s nevel\u00e9s \u00e9s az \u00faj gener\u00e1ci\u00f3 beilleszt\u00e9se a szervezetbe. A Hunlandn\u00e1l sincs ez m\u00e1sk\u00e9pp. M\u00e1r \u00e1ltal\u00e1nos iskol\u00e1s kort\u00f3l szervez\u00fcnk telepl\u00e1togat\u00e1sokat, a lehet\u0151 leghamarabb fel szeretn\u00e9nk kelteni az \u00e9rdekl\u0151d\u00e9st tev\u00e9kenys\u00e9g\u00fcnk, illetve az agr\u00e1r szektor ir\u00e1nt.<\/span><span data-ccp-props=\"{&quot;134233117&quot;:false,&quot;134233118&quot;:false,&quot;201341983&quot;:0,&quot;335551550&quot;:6,&quot;335551620&quot;:6,&quot;335559738&quot;:240,&quot;335559739&quot;:0,&quot;335559740&quot;:240}\">\u00a0<\/span><\/p> <p><span data-contrast=\"none\">Az egyetemist\u00e1k r\u00e9sz\u00e9re 5 \u00e9ve fut gyakornoki programunk, legyen az <\/span><b><span data-contrast=\"none\">\u00e1llatorvosi, agr\u00e1rm\u00e9rn\u00f6ki, logisztikai vagy kereskedelmi<\/span><\/b><span data-contrast=\"none\"> szakir\u00e1ny. A hallgat\u00f3k v\u00e1laszthatnak telepeink k\u00f6z\u00f6tt, t\u00f6bbf\u00e9le tev\u00e9kenys\u00e9g megismer\u00e9se, kipr\u00f3b\u00e1l\u00e1sa ut\u00e1n lehet\u0151s\u00e9g\u00fck van tanulm\u00e1nyaik befejezt\u00e9vel munkav\u00e1llal\u00f3k\u00e9nt csatlakozni hozz\u00e1nk.<\/span><span data-ccp-props=\"{&quot;134233117&quot;:false,&quot;134233118&quot;:false,&quot;201341983&quot;:0,&quot;335551550&quot;:6,&quot;335551620&quot;:6,&quot;335559738&quot;:240,&quot;335559739&quot;:0,&quot;335559740&quot;:240}\">\u00a0<\/span><\/p> <p><span data-contrast=\"auto\">C\u00e9gcsoportunk 30 \u00e9ves t\u00f6retlen fejl\u0151d\u00e9se, diverzifik\u00e1lts\u00e1ga, v\u00e1ls\u00e1g\u00e1ll\u00f3s\u00e1ga minden olyan kolleg\u00e1nak hossz\u00fa t\u00e1v\u00fa biztos meg\u00e9lhet\u00e9st biztos\u00edt, akik elk\u00f6telezettek a min\u0151s\u00e9gi, lend\u00fcletes \u00e9s kih\u00edv\u00e1sokkal teli munkav\u00e9gz\u00e9s ir\u00e1nt.<\/span><span data-ccp-props=\"{&quot;134233117&quot;:false,&quot;134233118&quot;:false,&quot;201341983&quot;:0,&quot;335551550&quot;:6,&quot;335551620&quot;:6,&quot;335559738&quot;:240,&quot;335559739&quot;:0,&quot;335559740&quot;:240}\">\u00a0<\/span><\/p> <p><span data-ccp-props=\"{&quot;201341983&quot;:0,&quot;335559738&quot;:120,&quot;335559739&quot;:40,&quot;335559740&quot;:240}\">\u00a0<\/span><\/p> <p><span data-contrast=\"auto\"><strong>Tov\u00e1bbi inform\u00e1ci\u00f3k:<\/strong>\u00a0<\/span><a href=\"https:\/\/www.hunland.com\/hu\"><span data-contrast=\"none\">F\u0151oldal &#8211; Hunland<\/span><\/a><span data-ccp-props=\"{&quot;134233117&quot;:false,&quot;134233118&quot;:false,&quot;201341983&quot;:0,&quot;335559738&quot;:0,&quot;335559739&quot;:0,&quot;335559740&quot;:240}\">\u00a0<\/span><\/p> <p><span data-contrast=\"auto\"><strong>Telefonsz\u00e1m:<\/strong> +36 70\u202f198 5151<\/span><span data-ccp-props=\"{&quot;134233117&quot;:false,&quot;134233118&quot;:false,&quot;201341983&quot;:0,&quot;335559738&quot;:0,&quot;335559739&quot;:0,&quot;335559740&quot;:240}\">\u00a0<\/span><\/p> <p><span data-contrast=\"auto\"><strong>E-mail:<\/strong> <a class=\"decrypt\" rel=\"lbssjfsAivomboe\/iv\" href=\"javascript:void(0);\">[Kattintson az emailc\u00edmhez]<\/a><\/span><span data-ccp-props=\"{&quot;134233117&quot;:false,&quot;134233118&quot;:false,&quot;201341983&quot;:0,&quot;335559738&quot;:0,&quot;335559739&quot;:0,&quot;335559740&quot;:240}\">\u00a0<\/span><\/p> <p>&nbsp;<\/p> <p style=\"text-align: center\"><strong>INTERJ\u00da BALAJTHY B\u00c1LINT \u00c1LLATORVOSSAL\u00a0<\/strong><\/p> <p><span data-ccp-props=\"{&quot;134233117&quot;:false,&quot;134233118&quot;:false,&quot;201341983&quot;:0,&quot;335551550&quot;:2,&quot;335551620&quot;:2,&quot;335559738&quot;:0,&quot;335559739&quot;:0,&quot;335559740&quot;:240}\">\u00a0<\/span><\/p> <p><b><i><span data-contrast=\"none\">Mindig is \u00e1llatorvos szerett\u00e9l volna lenni?<\/span><\/i><\/b><b><span data-contrast=\"none\">\u202f<\/span><\/b><span data-ccp-props=\"{&quot;134233117&quot;:false,&quot;134233118&quot;:false,&quot;201341983&quot;:0,&quot;335551550&quot;:6,&quot;335551620&quot;:6,&quot;335559738&quot;:0,&quot;335559739&quot;:0,&quot;335559740&quot;:240}\">\u00a0<\/span><\/p> <p><span data-contrast=\"none\">Kor\u00e1bban mez\u0151gazdas\u00e1gi m\u00e9rn\u00f6k szerettem volna lenni, mert mindig is vonzott az agr\u00e1rium, ezen bel\u00fcl is a n\u00f6v\u00e9nytermeszt\u00e9s \u00e9s \u00e1llatteny\u00e9szt\u00e9s az, ami \u00e9rdekelt. Azt\u00e1n a k\u00f6z\u00e9piskola m\u00e1sodik fel\u00e9ben eld\u00f6nt\u00f6ttem, hogy \u00e1llatorvos leszek. Ez \u00edgy is lett, a n\u00f6v\u00e9nytermeszt\u00e9st pedig hobbik\u00e9nt \u0171z\u00f6m, nagyon szeretek gy\u00fcm\u00f6lcsf\u00e1kkal \u00e9s konyhakert\u00e9szettel foglalkozni.\u202f<\/span><span data-ccp-props=\"{&quot;134233117&quot;:false,&quot;134233118&quot;:false,&quot;201341983&quot;:0,&quot;335551550&quot;:6,&quot;335551620&quot;:6,&quot;335559738&quot;:0,&quot;335559739&quot;:0,&quot;335559740&quot;:240}\">\u00a0<\/span><\/p> <p><b><i><span data-contrast=\"none\">Hogyan ker\u00fclt\u00e9l a Hunlandhoz?<\/span><\/i><\/b><b><span data-contrast=\"none\">\u202f<\/span><\/b><span data-ccp-props=\"{&quot;134233117&quot;:false,&quot;134233118&quot;:false,&quot;201341983&quot;:0,&quot;335551550&quot;:6,&quot;335551620&quot;:6,&quot;335559738&quot;:0,&quot;335559739&quot;:0,&quot;335559740&quot;:240}\">\u00a0<\/span><\/p> <p><span data-contrast=\"none\">2016-ban gyakornokk\u00e9nt kezdtem el a p\u00e1lyafut\u00e1som a B\u00e1r\u00e1ny oszt\u00e1lyon, az izraeli export el\u0151k\u00e9sz\u00edt\u00e9s\u00e9ben vettem r\u00e9szt. M\u00e1r akkor nagyon megtetszett a p\u00f6rg\u00e9s \u00e9s a Hunland atmoszf\u00e9r\u00e1ja, \u00edgy elhat\u00e1roztam, hogy itt szeretn\u00e9k dolgozni.\u202f<\/span><span data-ccp-props=\"{&quot;134233117&quot;:false,&quot;134233118&quot;:false,&quot;201341983&quot;:0,&quot;335551550&quot;:6,&quot;335551620&quot;:6,&quot;335559738&quot;:0,&quot;335559739&quot;:0,&quot;335559740&quot;:240}\">\u00a0<\/span><\/p> <p><b><i><span data-contrast=\"none\">Mit szeretsz legink\u00e1bb a munk\u00e1dban?<\/span><\/i><\/b><b><span data-contrast=\"none\">\u202f<\/span><\/b><span data-ccp-props=\"{&quot;134233117&quot;:false,&quot;134233118&quot;:false,&quot;201341983&quot;:0,&quot;335551550&quot;:6,&quot;335551620&quot;:6,&quot;335559738&quot;:0,&quot;335559739&quot;:0,&quot;335559740&quot;:240}\">\u00a0<\/span><\/p> <p><span data-contrast=\"none\">Alapvet\u0151en a komplexit\u00e1s\u00e1t. Egy ekkora szervezetn\u00e9l, mint a Hunland az \u00e1llatorvosl\u00e1s nem csak a t\u0171r\u0151l, a fecskend\u0151kr\u0151l sz\u00f3l.\u202f Az \u00e1llateg\u00e9szs\u00e9g\u00fcgy legfontosabb eszk\u00f6ze a telepek technikai h\u00e1ttere, hum\u00e1ner\u0151forr\u00e1sa \u00e9s az adatok elemz\u00e9se. Szeretem, hogy a munk\u00e1m sor\u00e1n sokf\u00e9le emberrel ker\u00fcl\u00f6k kapcsolatba \u00e9s azt is, hogy sokf\u00e9le k\u00e9pz\u00e9st kell tartani a munkav\u00e1llal\u00f3knak.\u202f<\/span><span data-ccp-props=\"{&quot;134233117&quot;:false,&quot;134233118&quot;:false,&quot;201341983&quot;:0,&quot;335551550&quot;:6,&quot;335551620&quot;:6,&quot;335559738&quot;:0,&quot;335559739&quot;:0,&quot;335559740&quot;:240}\">\u00a0<\/span><\/p> <p><span data-contrast=\"none\">A m\u00e1sik, amit nagyon \u00e9lvezek, hogy rengeteg orsz\u00e1gban j\u00e1rtam az elm\u00falt \u00e9vben, a fejlett nyugat-eur\u00f3pai orsz\u00e1gokt\u00f3l kezdve eg\u00e9szen K\u00f6zel-Keletig, ami \u00e1ltal rengeteg tapasztalattal \u00e9s tud\u00e1ssal lettem gazdagabb, s\u0151t m\u00e9g bar\u00e1tokat is siker\u00fclt szereznem.\u202f<\/span><span data-ccp-props=\"{&quot;134233117&quot;:false,&quot;134233118&quot;:false,&quot;201341983&quot;:0,&quot;335551550&quot;:6,&quot;335551620&quot;:6,&quot;335559738&quot;:0,&quot;335559739&quot;:0,&quot;335559740&quot;:240}\">\u00a0<\/span><\/p> <p><b><i><span data-contrast=\"none\">Mi\u00e9rt tekinted sz\u00edv\u00fcgyednek az ut\u00e1np\u00f3tl\u00e1s nevel\u00e9st?<\/span><\/i><\/b><b><span data-contrast=\"none\">\u202f<\/span><\/b><span data-ccp-props=\"{&quot;134233117&quot;:false,&quot;134233118&quot;:false,&quot;201341983&quot;:0,&quot;335551550&quot;:6,&quot;335551620&quot;:6,&quot;335559738&quot;:0,&quot;335559739&quot;:0,&quot;335559740&quot;:240}\">\u00a0<\/span><\/p> <p><span data-contrast=\"none\">Amikor \u00e1llatorvos hallgat\u00f3 voltam, rengeteg k\u00fcls\u0151s \u00e1llatorvossal volt lehet\u0151s\u00e9gem egy\u00fctt dolgozni. Eml\u00e9kszem, m\u00e1r akkor elhat\u00e1roztam, ha egyszer \u00e1llatorvos leszek, ugyan\u00fagy szeretn\u00e9k b\u00e1nni a di\u00e1kokkal, mint ahogy velem foglalkoztak. Nagyon sok mentorom lett akkoriban, akikkel mai napig j\u00f3 kapcsolatban vagyok, tulajdonk\u00e9ppen ennek k\u00f6sz\u00f6nhet\u0151 az, hogy sz\u00edv\u00fcgyemnek tekintem ezt a ter\u00fcletet \u00e9s \u00f6r\u00fcl\u00f6k, hogy nagyon sok tanul\u00f3 j\u00e1r m\u00e1r hozz\u00e1m.\u202f<\/span><span data-ccp-props=\"{&quot;134233117&quot;:false,&quot;134233118&quot;:false,&quot;201341983&quot;:0,&quot;335551550&quot;:6,&quot;335551620&quot;:6,&quot;335559738&quot;:0,&quot;335559739&quot;:0,&quot;335559740&quot;:240}\">\u00a0<\/span><\/p> <p><b><i><span data-contrast=\"none\">Milyen terveid\/c\u00e9ljaid vannak?<\/span><\/i><\/b><b><span data-contrast=\"none\">\u202f<\/span><\/b><span data-ccp-props=\"{&quot;134233117&quot;:false,&quot;134233118&quot;:false,&quot;201341983&quot;:0,&quot;335551550&quot;:6,&quot;335551620&quot;:6,&quot;335559738&quot;:0,&quot;335559739&quot;:0,&quot;335559740&quot;:240}\">\u00a0<\/span><\/p> <p><span data-contrast=\"none\">Eddig szarvasmarh\u00e1kkal \u00e9s kisk\u00e9r\u0151dz\u0151kkel foglalkoztam, de az\u00e1ltal, hogy sert\u00e9steleppel is b\u0151v\u00fcl a c\u00e9gcsoport, az sz\u00e1momra egy \u00faj ir\u00e1ny, de m\u00e1r most k\u00e9sz\u00fcl\u00f6k r\u00e1. Tov\u00e1bb\u00e1 c\u00e9lom, hogy t\u00e1g\u00edtsam az ut\u00e1np\u00f3tl\u00e1s-nevel\u00e9st, ennek \u00e9rdek\u00e9ben, min\u00e9l t\u00f6bb agr\u00e1rint\u00e9zm\u00e9nnyel szeretn\u00e9k kapcsolatot kialak\u00edtani, hogy megmutathassam a j\u00f6v\u0151 gener\u00e1ci\u00f3j\u00e1nak az \u00e1llatorvosi hivat\u00e1s sz\u00e9ps\u00e9g\u00e9t.\u202f\u202f<\/span><span data-ccp-props=\"{&quot;134233117&quot;:false,&quot;134233118&quot;:false,&quot;201341983&quot;:0,&quot;335551550&quot;:6,&quot;335551620&quot;:6,&quot;335559738&quot;:0,&quot;335559739&quot;:0,&quot;335559740&quot;:240}\">\u00a0<\/span><\/p> <p><span data-ccp-props=\"{&quot;201341983&quot;:0,&quot;335559739&quot;:160,&quot;335559740&quot;:259}\">\u00a0<\/span><\/p>","protected":false},"excerpt":{"rendered":"<p>HUNLAND C\u00c9GCSOPORT &#8211; CSAL\u00c1DIAS, BAR\u00c1TS\u00c1GOS K\u00d6RNYEZET \u202f STABIL NEMZETK\u00d6ZI C\u00c9GH\u00c1L\u00d3BAN\u00a0 C\u00e9gcsoportunk imm\u00e1ron 30 \u00e9ves m\u00faltra visszatekint\u0151, m\u00e1ra t\u00f6bb, mint 700 f\u0151t sz\u00e1ml\u00e1l\u00f3, folyamatos fejl\u0151d\u00e9sben l\u00e9v\u0151 piacvezet\u0151 v\u00e1llalat, mely jelenleg is az \u00e9l\u0151\u00e1llat kereskedelem glob\u00e1lis piactere &#8211; kapocs az \u00e1llatteny\u00e9szt\u0151k \u00e9s keresked\u0151k k\u00f6z\u00f6tt.\u00a0 A Hunland azon t\u00e1mogat\u00f3 szervezeti kult\u00far\u00e1val b\u00edr\u00f3 munkahelyek k\u00f6z\u00e9 tartozik, ahol nagy hangs\u00falyt<\/p>\n","protected":false},"author":2518,"featured_media":0,"parent":80830,"menu_order":0,"comment_status":"open","ping_status":"open","template":"","meta":{"_acf_changed":false,"footnotes":""},"categories":[],"tags":[],"class_list":["post-81529","page","type-page","status-publish","hentry"],"acf":[],"yoast_head":"<!-- This site is optimized with the Yoast SEO plugin v27.2 - https:\/\/yoast.com\/product\/yoast-seo-wordpress\/ -->\n<title>Hunland Production Kft. - \u00c1ll\u00e1sb\u00f6rze<\/title>\n<meta name=\"robots\" content=\"index, follow, max-snippet:-1, max-image-preview:large, max-video-preview:-1\" \/>\n<link rel=\"canonical\" href=\"https:\/\/univet.hu\/allasborze\/allasborze-2023\/kiallitok\/hunland-production-kft\/\" \/>\n<meta property=\"og:locale\" content=\"hu_HU\" \/>\n<meta property=\"og:type\" content=\"article\" \/>\n<meta property=\"og:title\" content=\"Hunland Production Kft. - \u00c1ll\u00e1sb\u00f6rze\" \/>\n<meta property=\"og:description\" content=\"HUNLAND C\u00c9GCSOPORT &#8211; CSAL\u00c1DIAS, BAR\u00c1TS\u00c1GOS K\u00d6RNYEZET \u202f STABIL NEMZETK\u00d6ZI C\u00c9GH\u00c1L\u00d3BAN\u00a0 C\u00e9gcsoportunk imm\u00e1ron 30 \u00e9ves m\u00faltra visszatekint\u0151, m\u00e1ra t\u00f6bb, mint 700 f\u0151t sz\u00e1ml\u00e1l\u00f3, folyamatos fejl\u0151d\u00e9sben l\u00e9v\u0151 piacvezet\u0151 v\u00e1llalat, mely jelenleg is az \u00e9l\u0151\u00e1llat kereskedelem glob\u00e1lis piactere &#8211; kapocs az \u00e1llatteny\u00e9szt\u0151k \u00e9s keresked\u0151k k\u00f6z\u00f6tt.\u00a0 A Hunland azon t\u00e1mogat\u00f3 szervezeti kult\u00far\u00e1val b\u00edr\u00f3 munkahelyek k\u00f6z\u00e9 tartozik, ahol nagy hangs\u00falyt\" \/>\n<meta property=\"og:url\" content=\"https:\/\/univet.hu\/allasborze\/allasborze-2023\/kiallitok\/hunland-production-kft\/\" \/>\n<meta property=\"og:site_name\" content=\"\u00c1ll\u00e1sb\u00f6rze\" \/>\n<meta property=\"article:modified_time\" content=\"2025-01-10T12:55:03+00:00\" \/>\n<meta property=\"og:image\" content=\"https:\/\/univet.hu\/allasborze\/wp-content\/uploads\/sites\/2\/2023\/01\/hunland_logo_zold-320x105.jpg\" \/>\n<meta name=\"twitter:card\" content=\"summary_large_image\" \/>\n<meta name=\"twitter:label1\" content=\"Becs\u00fclt olvas\u00e1si id\u0151\" \/>\n\t<meta name=\"twitter:data1\" content=\"4 perc\" \/>\n<script type=\"application\/ld+json\" class=\"yoast-schema-graph\">{\"@context\":\"https:\/\/schema.org\",\"@graph\":[{\"@type\":\"WebPage\",\"@id\":\"https:\/\/univet.hu\/allasborze\/allasborze-2023\/kiallitok\/hunland-production-kft\/\",\"url\":\"https:\/\/univet.hu\/allasborze\/allasborze-2023\/kiallitok\/hunland-production-kft\/\",\"name\":\"Hunland Production Kft. - \u00c1ll\u00e1sb\u00f6rze\",\"isPartOf\":{\"@id\":\"https:\/\/univet.hu\/allasborze\/#website\"},\"primaryImageOfPage\":{\"@id\":\"https:\/\/univet.hu\/allasborze\/allasborze-2023\/kiallitok\/hunland-production-kft\/#primaryimage\"},\"image\":{\"@id\":\"https:\/\/univet.hu\/allasborze\/allasborze-2023\/kiallitok\/hunland-production-kft\/#primaryimage\"},\"thumbnailUrl\":\"https:\/\/univet.hu\/allasborze\/wp-content\/uploads\/sites\/2\/2023\/01\/hunland_logo_zold-320x105.jpg\",\"datePublished\":\"2023-01-09T07:38:21+00:00\",\"dateModified\":\"2025-01-10T12:55:03+00:00\",\"breadcrumb\":{\"@id\":\"https:\/\/univet.hu\/allasborze\/allasborze-2023\/kiallitok\/hunland-production-kft\/#breadcrumb\"},\"inLanguage\":\"hu\",\"potentialAction\":[{\"@type\":\"ReadAction\",\"target\":[\"https:\/\/univet.hu\/allasborze\/allasborze-2023\/kiallitok\/hunland-production-kft\/\"]}]},{\"@type\":\"ImageObject\",\"inLanguage\":\"hu\",\"@id\":\"https:\/\/univet.hu\/allasborze\/allasborze-2023\/kiallitok\/hunland-production-kft\/#primaryimage\",\"url\":\"https:\/\/univet.hu\/allasborze\/wp-content\/uploads\/sites\/2\/2023\/01\/hunland_logo_zold-scaled.jpg\",\"contentUrl\":\"https:\/\/univet.hu\/allasborze\/wp-content\/uploads\/sites\/2\/2023\/01\/hunland_logo_zold-scaled.jpg\",\"width\":2560,\"height\":837},{\"@type\":\"BreadcrumbList\",\"@id\":\"https:\/\/univet.hu\/allasborze\/allasborze-2023\/kiallitok\/hunland-production-kft\/#breadcrumb\",\"itemListElement\":[{\"@type\":\"ListItem\",\"position\":1,\"name\":\"Kezd\u0151lap\",\"item\":\"https:\/\/univet.hu\/allasborze\/\"},{\"@type\":\"ListItem\",\"position\":2,\"name\":\"\u00c1ll\u00e1sb\u00f6rze 2023\",\"item\":\"https:\/\/univet.hu\/allasborze\/allasborze-2023\/\"},{\"@type\":\"ListItem\",\"position\":3,\"name\":\"Ki\u00e1ll\u00edt\u00f3k\",\"item\":\"https:\/\/univet.hu\/allasborze\/allasborze-2023\/kiallitok\/\"},{\"@type\":\"ListItem\",\"position\":4,\"name\":\"Hunland Production Kft.\"}]},{\"@type\":\"WebSite\",\"@id\":\"https:\/\/univet.hu\/allasborze\/#website\",\"url\":\"https:\/\/univet.hu\/allasborze\/\",\"name\":\"\u00c1ll\u00e1sb\u00f6rze\",\"description\":\"\",\"potentialAction\":[{\"@type\":\"SearchAction\",\"target\":{\"@type\":\"EntryPoint\",\"urlTemplate\":\"https:\/\/univet.hu\/allasborze\/?s={search_term_string}\"},\"query-input\":{\"@type\":\"PropertyValueSpecification\",\"valueRequired\":true,\"valueName\":\"search_term_string\"}}],\"inLanguage\":\"hu\"}]}<\/script>\n<!-- \/ Yoast SEO plugin. -->","yoast_head_json":{"title":"Hunland Production Kft. - \u00c1ll\u00e1sb\u00f6rze","robots":{"index":"index","follow":"follow","max-snippet":"max-snippet:-1","max-image-preview":"max-image-preview:large","max-video-preview":"max-video-preview:-1"},"canonical":"https:\/\/univet.hu\/allasborze\/allasborze-2023\/kiallitok\/hunland-production-kft\/","og_locale":"hu_HU","og_type":"article","og_title":"Hunland Production Kft. - \u00c1ll\u00e1sb\u00f6rze","og_description":"HUNLAND C\u00c9GCSOPORT &#8211; CSAL\u00c1DIAS, BAR\u00c1TS\u00c1GOS K\u00d6RNYEZET \u202f STABIL NEMZETK\u00d6ZI C\u00c9GH\u00c1L\u00d3BAN\u00a0 C\u00e9gcsoportunk imm\u00e1ron 30 \u00e9ves m\u00faltra visszatekint\u0151, m\u00e1ra t\u00f6bb, mint 700 f\u0151t sz\u00e1ml\u00e1l\u00f3, folyamatos fejl\u0151d\u00e9sben l\u00e9v\u0151 piacvezet\u0151 v\u00e1llalat, mely jelenleg is az \u00e9l\u0151\u00e1llat kereskedelem glob\u00e1lis piactere &#8211; kapocs az \u00e1llatteny\u00e9szt\u0151k \u00e9s keresked\u0151k k\u00f6z\u00f6tt.\u00a0 A Hunland azon t\u00e1mogat\u00f3 szervezeti kult\u00far\u00e1val b\u00edr\u00f3 munkahelyek k\u00f6z\u00e9 tartozik, ahol nagy hangs\u00falyt","og_url":"https:\/\/univet.hu\/allasborze\/allasborze-2023\/kiallitok\/hunland-production-kft\/","og_site_name":"\u00c1ll\u00e1sb\u00f6rze","article_modified_time":"2025-01-10T12:55:03+00:00","og_image":[{"url":"https:\/\/univet.hu\/allasborze\/wp-content\/uploads\/sites\/2\/2023\/01\/hunland_logo_zold-320x105.jpg","type":"","width":"","height":""}],"twitter_card":"summary_large_image","twitter_misc":{"Becs\u00fclt olvas\u00e1si id\u0151":"4 perc"},"schema":{"@context":"https:\/\/schema.org","@graph":[{"@type":"WebPage","@id":"https:\/\/univet.hu\/allasborze\/allasborze-2023\/kiallitok\/hunland-production-kft\/","url":"https:\/\/univet.hu\/allasborze\/allasborze-2023\/kiallitok\/hunland-production-kft\/","name":"Hunland Production Kft. - \u00c1ll\u00e1sb\u00f6rze","isPartOf":{"@id":"https:\/\/univet.hu\/allasborze\/#website"},"primaryImageOfPage":{"@id":"https:\/\/univet.hu\/allasborze\/allasborze-2023\/kiallitok\/hunland-production-kft\/#primaryimage"},"image":{"@id":"https:\/\/univet.hu\/allasborze\/allasborze-2023\/kiallitok\/hunland-production-kft\/#primaryimage"},"thumbnailUrl":"https:\/\/univet.hu\/allasborze\/wp-content\/uploads\/sites\/2\/2023\/01\/hunland_logo_zold-320x105.jpg","datePublished":"2023-01-09T07:38:21+00:00","dateModified":"2025-01-10T12:55:03+00:00","breadcrumb":{"@id":"https:\/\/univet.hu\/allasborze\/allasborze-2023\/kiallitok\/hunland-production-kft\/#breadcrumb"},"inLanguage":"hu","potentialAction":[{"@type":"ReadAction","target":["https:\/\/univet.hu\/allasborze\/allasborze-2023\/kiallitok\/hunland-production-kft\/"]}]},{"@type":"ImageObject","inLanguage":"hu","@id":"https:\/\/univet.hu\/allasborze\/allasborze-2023\/kiallitok\/hunland-production-kft\/#primaryimage","url":"https:\/\/univet.hu\/allasborze\/wp-content\/uploads\/sites\/2\/2023\/01\/hunland_logo_zold-scaled.jpg","contentUrl":"https:\/\/univet.hu\/allasborze\/wp-content\/uploads\/sites\/2\/2023\/01\/hunland_logo_zold-scaled.jpg","width":2560,"height":837},{"@type":"BreadcrumbList","@id":"https:\/\/univet.hu\/allasborze\/allasborze-2023\/kiallitok\/hunland-production-kft\/#breadcrumb","itemListElement":[{"@type":"ListItem","position":1,"name":"Kezd\u0151lap","item":"https:\/\/univet.hu\/allasborze\/"},{"@type":"ListItem","position":2,"name":"\u00c1ll\u00e1sb\u00f6rze 2023","item":"https:\/\/univet.hu\/allasborze\/allasborze-2023\/"},{"@type":"ListItem","position":3,"name":"Ki\u00e1ll\u00edt\u00f3k","item":"https:\/\/univet.hu\/allasborze\/allasborze-2023\/kiallitok\/"},{"@type":"ListItem","position":4,"name":"Hunland Production Kft."}]},{"@type":"WebSite","@id":"https:\/\/univet.hu\/allasborze\/#website","url":"https:\/\/univet.hu\/allasborze\/","name":"\u00c1ll\u00e1sb\u00f6rze","description":"","potentialAction":[{"@type":"SearchAction","target":{"@type":"EntryPoint","urlTemplate":"https:\/\/univet.hu\/allasborze\/?s={search_term_string}"},"query-input":{"@type":"PropertyValueSpecification","valueRequired":true,"valueName":"search_term_string"}}],"inLanguage":"hu"}]}},"_links":{"self":[{"href":"https:\/\/univet.hu\/allasborze\/wp-json\/wp\/v2\/pages\/81529","targetHints":{"allow":["GET"]}}],"collection":[{"href":"https:\/\/univet.hu\/allasborze\/wp-json\/wp\/v2\/pages"}],"about":[{"href":"https:\/\/univet.hu\/allasborze\/wp-json\/wp\/v2\/types\/page"}],"author":[{"embeddable":true,"href":"https:\/\/univet.hu\/allasborze\/wp-json\/wp\/v2\/users\/2518"}],"replies":[{"embeddable":true,"href":"https:\/\/univet.hu\/allasborze\/wp-json\/wp\/v2\/comments?post=81529"}],"version-history":[{"count":1,"href":"https:\/\/univet.hu\/allasborze\/wp-json\/wp\/v2\/pages\/81529\/revisions"}],"predecessor-version":[{"id":172677,"href":"https:\/\/univet.hu\/allasborze\/wp-json\/wp\/v2\/pages\/81529\/revisions\/172677"}],"up":[{"embeddable":true,"href":"https:\/\/univet.hu\/allasborze\/wp-json\/wp\/v2\/pages\/80830"}],"wp:attachment":[{"href":"https:\/\/univet.hu\/allasborze\/wp-json\/wp\/v2\/media?parent=81529"}],"wp:term":[{"taxonomy":"category","embeddable":true,"href":"https:\/\/univet.hu\/allasborze\/wp-json\/wp\/v2\/categories?post=81529"},{"taxonomy":"post_tag","embeddable":true,"href":"https:\/\/univet.hu\/allasborze\/wp-json\/wp\/v2\/tags?post=81529"}],"curies":[{"name":"wp","href":"https:\/\/api.w.org\/{rel}","templated":true}]}}