{"id":81531,"date":"2023-01-09T08:39:54","date_gmt":"2023-01-09T07:39:54","guid":{"rendered":"https:\/\/univet.hu\/hu\/allasborze-2023\/kiallitok\/name\/"},"modified":"2025-01-10T13:55:02","modified_gmt":"2025-01-10T12:55:02","slug":"bonafarm-csoport","status":"publish","type":"page","link":"https:\/\/univet.hu\/allasborze\/allasborze-2023\/kiallitok\/bonafarm-csoport\/","title":{"rendered":"Bonafarm csoport"},"content":{"rendered":"<p>&nbsp;<\/p> <p><a href=\"https:\/\/univet.hu\/en\/allasborze-2023\/kiallitok\/bonafarm-csoport\/bf_cs_logo-3\/\" rel=\"attachment wp-att-82306\"><img loading=\"lazy\" decoding=\"async\" class=\"aligncenter size-medium wp-image-82306\" src=\"https:\/\/univet.hu\/allasborze\/wp-content\/uploads\/sites\/2\/2023\/01\/BFCS_szines_HUN-320x125.jpg\" alt=\"\" width=\"320\" height=\"125\" srcset=\"https:\/\/univet.hu\/allasborze\/wp-content\/uploads\/sites\/2\/2023\/01\/BFCS_szines_HUN-320x125.jpg 320w, https:\/\/univet.hu\/allasborze\/wp-content\/uploads\/sites\/2\/2023\/01\/BFCS_szines_HUN-768x299.jpg 768w, https:\/\/univet.hu\/allasborze\/wp-content\/uploads\/sites\/2\/2023\/01\/BFCS_szines_HUN-1024x398.jpg 1024w, https:\/\/univet.hu\/allasborze\/wp-content\/uploads\/sites\/2\/2023\/01\/BFCS_szines_HUN-1536x598.jpg 1536w, https:\/\/univet.hu\/allasborze\/wp-content\/uploads\/sites\/2\/2023\/01\/BFCS_szines_HUN-300x117.jpg 300w, https:\/\/univet.hu\/allasborze\/wp-content\/uploads\/sites\/2\/2023\/01\/BFCS_szines_HUN.jpg 1614w\" sizes=\"auto, (max-width: 320px) 100vw, 320px\" \/><\/a><\/p> <p>&nbsp;<\/p> <p>A Bonafarm Csoport a r\u00e9gi\u00f3 egyik meghat\u00e1roz\u00f3, vertik\u00e1lisan integr\u00e1lt \u00e9lelmiszergazdas\u00e1gi v\u00e1llalatcsoportja. A c\u00e9gcsoport 5 mez\u0151gazdas\u00e1gi, 4 \u00e9lelmiszer-feldolgoz\u00f3 v\u00e1llalatb\u00f3l, valamint 1 \u00e9lelmiszeripari strat\u00e9giai partnerb\u0151l \u00e1ll, ahol \u00f6sszesen k\u00f6zel 8400 munkav\u00e1llal\u00f3t foglalkoztatunk. A Bonafarm Csoport portf\u00f3li\u00f3j\u00e1ban t\u00f6bbek k\u00f6z\u00f6tt szerepel a n\u00f6v\u00e9nytermeszt\u00e9s, a takarm\u00e1nygy\u00e1rt\u00e1s, az \u00e1llatteny\u00e9szt\u00e9s, a h\u00fasfeldolgoz\u00e1s \u00e9s h\u00fask\u00e9sz\u00edtm\u00e9ny-el\u0151\u00e1ll\u00edt\u00e1s, a tejterm\u00e9k-el\u0151\u00e1ll\u00edt\u00e1s, valamint a bor\u00e1szat. A c\u00e9gcsoport integr\u00e1lt strat\u00e9gi\u00e1ja biztos\u00edtja, hogy teljes term\u00e9kp\u00e1ly\u00e1kon \u00e1t\u00edvel\u0151, ir\u00e1ny\u00edtott, \u00e9lelmiszerbiztons\u00e1gi \u00e9s min\u0151s\u00e9gir\u00e1ny\u00edt\u00e1si szempontb\u00f3l szigor\u00faan ellen\u0151rz\u00f6tt rendszerben \u00e1ll\u00edthassuk el\u0151 mez\u0151gazdas\u00e1gi \u00e9s \u00e9lelmiszeripari term\u00e9keinket.<\/p> <p>A Bonafarm Mez\u0151gazdas\u00e1g egyik legfontosabb eleme az \u00e1llatteny\u00e9szt\u00e9si \u00e1gazatunk, ahol sert\u00e9steny\u00e9szt\u00e9ssel \u00e9s tejel\u0151szarvasmarha-teny\u00e9szt\u00e9ssel foglalkozunk. A Bonafarm \u00e1ltal m\u0171k\u00f6dtetett sert\u00e9sintegr\u00e1ci\u00f3s rendszerben \u00e9vente el\u0151\u00e1ll\u00edtott t\u00f6bb mint 700 000 v\u00e1g\u00f3sert\u00e9s kiemelked\u0151nek sz\u00e1m\u00edt a r\u00e9gi\u00f3ban csak\u00fagy, mint a 3000-es tejel\u0151szarvasmarha-\u00e1llom\u00e1ny. Mindk\u00e9t \u00e1gazatban nemzetk\u00f6zi szinten is kiemelked\u0151 eredm\u00e9nyekkel termel\u00fcnk a korszer\u0171 technol\u00f3gi\u00e1k alkalmaz\u00e1s\u00e1nak k\u00f6sz\u00f6nhet\u0151en, \u00e1llataink pedig megfelel\u0151 k\u00f6rnyezetben, szak\u00e9rt\u0151 koll\u00e9g\u00e1ink gondoskod\u00e1sa mellett nevelkednek fel n\u00e1lunk.<\/p> <p>Ha egy inspir\u00e1l\u00f3 \u00e9s t\u00e1mogat\u00f3 munkak\u00f6rnyezetben, szak\u00e9rt\u0151 \u00e9s tapasztalt koll\u00e9g\u00e1k k\u00f6r\u00e9ben szeretn\u00e9d \u00fatj\u00e1ra ind\u00edtani \u00e1llatorvosi karriered, akkor jelentkezz a Bonafarmhoz! N\u00e1lunk t\u00f6bb \u00e1gazatban is kipr\u00f3b\u00e1lhatod magad, folyamatosan fejl\u0151dhetsz \u00e9s izgalmas, v\u00e1ltozatos szakmai kih\u00edv\u00e1sok megold\u00e1s\u00e1n dolgozhatsz!<\/p> <p><strong>Tov\u00e1bbi inform\u00e1ci\u00f3k<\/strong>:\u00a0<a href=\"https:\/\/bonafarmcsoport.hu\/\">https:\/\/bonafarmcsoport.hu\/<\/a><\/p>","protected":false},"excerpt":{"rendered":"<p>&nbsp; &nbsp; A Bonafarm Csoport a r\u00e9gi\u00f3 egyik meghat\u00e1roz\u00f3, vertik\u00e1lisan integr\u00e1lt \u00e9lelmiszergazdas\u00e1gi v\u00e1llalatcsoportja. A c\u00e9gcsoport 5 mez\u0151gazdas\u00e1gi, 4 \u00e9lelmiszer-feldolgoz\u00f3 v\u00e1llalatb\u00f3l, valamint 1 \u00e9lelmiszeripari strat\u00e9giai partnerb\u0151l \u00e1ll, ahol \u00f6sszesen k\u00f6zel 8400 munkav\u00e1llal\u00f3t foglalkoztatunk. A Bonafarm Csoport portf\u00f3li\u00f3j\u00e1ban t\u00f6bbek k\u00f6z\u00f6tt szerepel a n\u00f6v\u00e9nytermeszt\u00e9s, a takarm\u00e1nygy\u00e1rt\u00e1s, az \u00e1llatteny\u00e9szt\u00e9s, a h\u00fasfeldolgoz\u00e1s \u00e9s h\u00fask\u00e9sz\u00edtm\u00e9ny-el\u0151\u00e1ll\u00edt\u00e1s, a tejterm\u00e9k-el\u0151\u00e1ll\u00edt\u00e1s, valamint a bor\u00e1szat. A<\/p>\n","protected":false},"author":2518,"featured_media":0,"parent":80830,"menu_order":0,"comment_status":"open","ping_status":"open","template":"","meta":{"_acf_changed":false,"footnotes":""},"categories":[],"tags":[],"class_list":["post-81531","page","type-page","status-publish","hentry"],"acf":[],"yoast_head":"<!-- This site is optimized with the Yoast SEO plugin v27.2 - https:\/\/yoast.com\/product\/yoast-seo-wordpress\/ -->\n<title>Bonafarm csoport - \u00c1ll\u00e1sb\u00f6rze<\/title>\n<meta name=\"robots\" content=\"index, follow, max-snippet:-1, max-image-preview:large, max-video-preview:-1\" \/>\n<link rel=\"canonical\" href=\"https:\/\/univet.hu\/allasborze\/allasborze-2023\/kiallitok\/bonafarm-csoport\/\" \/>\n<meta property=\"og:locale\" content=\"hu_HU\" \/>\n<meta property=\"og:type\" content=\"article\" \/>\n<meta property=\"og:title\" content=\"Bonafarm csoport - \u00c1ll\u00e1sb\u00f6rze\" \/>\n<meta property=\"og:description\" content=\"&nbsp; &nbsp; A Bonafarm Csoport a r\u00e9gi\u00f3 egyik meghat\u00e1roz\u00f3, vertik\u00e1lisan integr\u00e1lt \u00e9lelmiszergazdas\u00e1gi v\u00e1llalatcsoportja. A c\u00e9gcsoport 5 mez\u0151gazdas\u00e1gi, 4 \u00e9lelmiszer-feldolgoz\u00f3 v\u00e1llalatb\u00f3l, valamint 1 \u00e9lelmiszeripari strat\u00e9giai partnerb\u0151l \u00e1ll, ahol \u00f6sszesen k\u00f6zel 8400 munkav\u00e1llal\u00f3t foglalkoztatunk. A Bonafarm Csoport portf\u00f3li\u00f3j\u00e1ban t\u00f6bbek k\u00f6z\u00f6tt szerepel a n\u00f6v\u00e9nytermeszt\u00e9s, a takarm\u00e1nygy\u00e1rt\u00e1s, az \u00e1llatteny\u00e9szt\u00e9s, a h\u00fasfeldolgoz\u00e1s \u00e9s h\u00fask\u00e9sz\u00edtm\u00e9ny-el\u0151\u00e1ll\u00edt\u00e1s, a tejterm\u00e9k-el\u0151\u00e1ll\u00edt\u00e1s, valamint a bor\u00e1szat. A\" \/>\n<meta property=\"og:url\" content=\"https:\/\/univet.hu\/allasborze\/allasborze-2023\/kiallitok\/bonafarm-csoport\/\" \/>\n<meta property=\"og:site_name\" content=\"\u00c1ll\u00e1sb\u00f6rze\" \/>\n<meta property=\"article:modified_time\" content=\"2025-01-10T12:55:02+00:00\" \/>\n<meta property=\"og:image\" content=\"https:\/\/univet.hu\/allasborze\/wp-content\/uploads\/sites\/2\/2023\/01\/BFCS_szines_HUN-320x125.jpg\" \/>\n<meta name=\"twitter:card\" content=\"summary_large_image\" \/>\n<meta name=\"twitter:label1\" content=\"Becs\u00fclt olvas\u00e1si id\u0151\" \/>\n\t<meta name=\"twitter:data1\" content=\"2 perc\" \/>\n<script type=\"application\/ld+json\" class=\"yoast-schema-graph\">{\"@context\":\"https:\/\/schema.org\",\"@graph\":[{\"@type\":\"WebPage\",\"@id\":\"https:\/\/univet.hu\/allasborze\/allasborze-2023\/kiallitok\/bonafarm-csoport\/\",\"url\":\"https:\/\/univet.hu\/allasborze\/allasborze-2023\/kiallitok\/bonafarm-csoport\/\",\"name\":\"Bonafarm csoport - \u00c1ll\u00e1sb\u00f6rze\",\"isPartOf\":{\"@id\":\"https:\/\/univet.hu\/allasborze\/#website\"},\"primaryImageOfPage\":{\"@id\":\"https:\/\/univet.hu\/allasborze\/allasborze-2023\/kiallitok\/bonafarm-csoport\/#primaryimage\"},\"image\":{\"@id\":\"https:\/\/univet.hu\/allasborze\/allasborze-2023\/kiallitok\/bonafarm-csoport\/#primaryimage\"},\"thumbnailUrl\":\"https:\/\/univet.hu\/allasborze\/wp-content\/uploads\/sites\/2\/2023\/01\/BFCS_szines_HUN-320x125.jpg\",\"datePublished\":\"2023-01-09T07:39:54+00:00\",\"dateModified\":\"2025-01-10T12:55:02+00:00\",\"breadcrumb\":{\"@id\":\"https:\/\/univet.hu\/allasborze\/allasborze-2023\/kiallitok\/bonafarm-csoport\/#breadcrumb\"},\"inLanguage\":\"hu\",\"potentialAction\":[{\"@type\":\"ReadAction\",\"target\":[\"https:\/\/univet.hu\/allasborze\/allasborze-2023\/kiallitok\/bonafarm-csoport\/\"]}]},{\"@type\":\"ImageObject\",\"inLanguage\":\"hu\",\"@id\":\"https:\/\/univet.hu\/allasborze\/allasborze-2023\/kiallitok\/bonafarm-csoport\/#primaryimage\",\"url\":\"https:\/\/univet.hu\/allasborze\/wp-content\/uploads\/sites\/2\/2023\/01\/BFCS_szines_HUN.jpg\",\"contentUrl\":\"https:\/\/univet.hu\/allasborze\/wp-content\/uploads\/sites\/2\/2023\/01\/BFCS_szines_HUN.jpg\",\"width\":1614,\"height\":628},{\"@type\":\"BreadcrumbList\",\"@id\":\"https:\/\/univet.hu\/allasborze\/allasborze-2023\/kiallitok\/bonafarm-csoport\/#breadcrumb\",\"itemListElement\":[{\"@type\":\"ListItem\",\"position\":1,\"name\":\"Kezd\u0151lap\",\"item\":\"https:\/\/univet.hu\/allasborze\/\"},{\"@type\":\"ListItem\",\"position\":2,\"name\":\"\u00c1ll\u00e1sb\u00f6rze 2023\",\"item\":\"https:\/\/univet.hu\/allasborze\/allasborze-2023\/\"},{\"@type\":\"ListItem\",\"position\":3,\"name\":\"Ki\u00e1ll\u00edt\u00f3k\",\"item\":\"https:\/\/univet.hu\/allasborze\/allasborze-2023\/kiallitok\/\"},{\"@type\":\"ListItem\",\"position\":4,\"name\":\"Bonafarm csoport\"}]},{\"@type\":\"WebSite\",\"@id\":\"https:\/\/univet.hu\/allasborze\/#website\",\"url\":\"https:\/\/univet.hu\/allasborze\/\",\"name\":\"\u00c1ll\u00e1sb\u00f6rze\",\"description\":\"\",\"potentialAction\":[{\"@type\":\"SearchAction\",\"target\":{\"@type\":\"EntryPoint\",\"urlTemplate\":\"https:\/\/univet.hu\/allasborze\/?s={search_term_string}\"},\"query-input\":{\"@type\":\"PropertyValueSpecification\",\"valueRequired\":true,\"valueName\":\"search_term_string\"}}],\"inLanguage\":\"hu\"}]}<\/script>\n<!-- \/ Yoast SEO plugin. -->","yoast_head_json":{"title":"Bonafarm csoport - \u00c1ll\u00e1sb\u00f6rze","robots":{"index":"index","follow":"follow","max-snippet":"max-snippet:-1","max-image-preview":"max-image-preview:large","max-video-preview":"max-video-preview:-1"},"canonical":"https:\/\/univet.hu\/allasborze\/allasborze-2023\/kiallitok\/bonafarm-csoport\/","og_locale":"hu_HU","og_type":"article","og_title":"Bonafarm csoport - \u00c1ll\u00e1sb\u00f6rze","og_description":"&nbsp; &nbsp; A Bonafarm Csoport a r\u00e9gi\u00f3 egyik meghat\u00e1roz\u00f3, vertik\u00e1lisan integr\u00e1lt \u00e9lelmiszergazdas\u00e1gi v\u00e1llalatcsoportja. A c\u00e9gcsoport 5 mez\u0151gazdas\u00e1gi, 4 \u00e9lelmiszer-feldolgoz\u00f3 v\u00e1llalatb\u00f3l, valamint 1 \u00e9lelmiszeripari strat\u00e9giai partnerb\u0151l \u00e1ll, ahol \u00f6sszesen k\u00f6zel 8400 munkav\u00e1llal\u00f3t foglalkoztatunk. A Bonafarm Csoport portf\u00f3li\u00f3j\u00e1ban t\u00f6bbek k\u00f6z\u00f6tt szerepel a n\u00f6v\u00e9nytermeszt\u00e9s, a takarm\u00e1nygy\u00e1rt\u00e1s, az \u00e1llatteny\u00e9szt\u00e9s, a h\u00fasfeldolgoz\u00e1s \u00e9s h\u00fask\u00e9sz\u00edtm\u00e9ny-el\u0151\u00e1ll\u00edt\u00e1s, a tejterm\u00e9k-el\u0151\u00e1ll\u00edt\u00e1s, valamint a bor\u00e1szat. A","og_url":"https:\/\/univet.hu\/allasborze\/allasborze-2023\/kiallitok\/bonafarm-csoport\/","og_site_name":"\u00c1ll\u00e1sb\u00f6rze","article_modified_time":"2025-01-10T12:55:02+00:00","og_image":[{"url":"https:\/\/univet.hu\/allasborze\/wp-content\/uploads\/sites\/2\/2023\/01\/BFCS_szines_HUN-320x125.jpg","type":"","width":"","height":""}],"twitter_card":"summary_large_image","twitter_misc":{"Becs\u00fclt olvas\u00e1si id\u0151":"2 perc"},"schema":{"@context":"https:\/\/schema.org","@graph":[{"@type":"WebPage","@id":"https:\/\/univet.hu\/allasborze\/allasborze-2023\/kiallitok\/bonafarm-csoport\/","url":"https:\/\/univet.hu\/allasborze\/allasborze-2023\/kiallitok\/bonafarm-csoport\/","name":"Bonafarm csoport - \u00c1ll\u00e1sb\u00f6rze","isPartOf":{"@id":"https:\/\/univet.hu\/allasborze\/#website"},"primaryImageOfPage":{"@id":"https:\/\/univet.hu\/allasborze\/allasborze-2023\/kiallitok\/bonafarm-csoport\/#primaryimage"},"image":{"@id":"https:\/\/univet.hu\/allasborze\/allasborze-2023\/kiallitok\/bonafarm-csoport\/#primaryimage"},"thumbnailUrl":"https:\/\/univet.hu\/allasborze\/wp-content\/uploads\/sites\/2\/2023\/01\/BFCS_szines_HUN-320x125.jpg","datePublished":"2023-01-09T07:39:54+00:00","dateModified":"2025-01-10T12:55:02+00:00","breadcrumb":{"@id":"https:\/\/univet.hu\/allasborze\/allasborze-2023\/kiallitok\/bonafarm-csoport\/#breadcrumb"},"inLanguage":"hu","potentialAction":[{"@type":"ReadAction","target":["https:\/\/univet.hu\/allasborze\/allasborze-2023\/kiallitok\/bonafarm-csoport\/"]}]},{"@type":"ImageObject","inLanguage":"hu","@id":"https:\/\/univet.hu\/allasborze\/allasborze-2023\/kiallitok\/bonafarm-csoport\/#primaryimage","url":"https:\/\/univet.hu\/allasborze\/wp-content\/uploads\/sites\/2\/2023\/01\/BFCS_szines_HUN.jpg","contentUrl":"https:\/\/univet.hu\/allasborze\/wp-content\/uploads\/sites\/2\/2023\/01\/BFCS_szines_HUN.jpg","width":1614,"height":628},{"@type":"BreadcrumbList","@id":"https:\/\/univet.hu\/allasborze\/allasborze-2023\/kiallitok\/bonafarm-csoport\/#breadcrumb","itemListElement":[{"@type":"ListItem","position":1,"name":"Kezd\u0151lap","item":"https:\/\/univet.hu\/allasborze\/"},{"@type":"ListItem","position":2,"name":"\u00c1ll\u00e1sb\u00f6rze 2023","item":"https:\/\/univet.hu\/allasborze\/allasborze-2023\/"},{"@type":"ListItem","position":3,"name":"Ki\u00e1ll\u00edt\u00f3k","item":"https:\/\/univet.hu\/allasborze\/allasborze-2023\/kiallitok\/"},{"@type":"ListItem","position":4,"name":"Bonafarm csoport"}]},{"@type":"WebSite","@id":"https:\/\/univet.hu\/allasborze\/#website","url":"https:\/\/univet.hu\/allasborze\/","name":"\u00c1ll\u00e1sb\u00f6rze","description":"","potentialAction":[{"@type":"SearchAction","target":{"@type":"EntryPoint","urlTemplate":"https:\/\/univet.hu\/allasborze\/?s={search_term_string}"},"query-input":{"@type":"PropertyValueSpecification","valueRequired":true,"valueName":"search_term_string"}}],"inLanguage":"hu"}]}},"_links":{"self":[{"href":"https:\/\/univet.hu\/allasborze\/wp-json\/wp\/v2\/pages\/81531","targetHints":{"allow":["GET"]}}],"collection":[{"href":"https:\/\/univet.hu\/allasborze\/wp-json\/wp\/v2\/pages"}],"about":[{"href":"https:\/\/univet.hu\/allasborze\/wp-json\/wp\/v2\/types\/page"}],"author":[{"embeddable":true,"href":"https:\/\/univet.hu\/allasborze\/wp-json\/wp\/v2\/users\/2518"}],"replies":[{"embeddable":true,"href":"https:\/\/univet.hu\/allasborze\/wp-json\/wp\/v2\/comments?post=81531"}],"version-history":[{"count":1,"href":"https:\/\/univet.hu\/allasborze\/wp-json\/wp\/v2\/pages\/81531\/revisions"}],"predecessor-version":[{"id":172672,"href":"https:\/\/univet.hu\/allasborze\/wp-json\/wp\/v2\/pages\/81531\/revisions\/172672"}],"up":[{"embeddable":true,"href":"https:\/\/univet.hu\/allasborze\/wp-json\/wp\/v2\/pages\/80830"}],"wp:attachment":[{"href":"https:\/\/univet.hu\/allasborze\/wp-json\/wp\/v2\/media?parent=81531"}],"wp:term":[{"taxonomy":"category","embeddable":true,"href":"https:\/\/univet.hu\/allasborze\/wp-json\/wp\/v2\/categories?post=81531"},{"taxonomy":"post_tag","embeddable":true,"href":"https:\/\/univet.hu\/allasborze\/wp-json\/wp\/v2\/tags?post=81531"}],"curies":[{"name":"wp","href":"https:\/\/api.w.org\/{rel}","templated":true}]}}