{"id":81533,"date":"2023-01-09T08:42:43","date_gmt":"2023-01-09T07:42:43","guid":{"rendered":"https:\/\/univet.hu\/hu\/allasborze-2023\/kiallitok\/name\/"},"modified":"2025-01-10T13:55:03","modified_gmt":"2025-01-10T12:55:03","slug":"nemzeti-elelmiszerlanc-biztonsagi-hivatal","status":"publish","type":"page","link":"https:\/\/univet.hu\/allasborze\/allasborze-2023\/kiallitok\/nemzeti-elelmiszerlanc-biztonsagi-hivatal\/","title":{"rendered":"Nemzeti \u00c9lelmiszerl\u00e1nc-biztons\u00e1gi Hivatal"},"content":{"rendered":"<p><a href=\"https:\/\/univet.hu\/en\/allasborze-2023\/kiallitok\/nemzeti-elelmiszerlanc-biztonsagi-hivatal\/nebih\/\" rel=\"attachment wp-att-82304\"><img loading=\"lazy\" decoding=\"async\" class=\"aligncenter size-medium wp-image-82304\" src=\"https:\/\/univet.hu\/allasborze\/wp-content\/uploads\/sites\/2\/2023\/01\/nebih-320x144.png\" alt=\"\" width=\"320\" height=\"144\" srcset=\"https:\/\/univet.hu\/allasborze\/wp-content\/uploads\/sites\/2\/2023\/01\/nebih-320x144.png 320w, https:\/\/univet.hu\/allasborze\/wp-content\/uploads\/sites\/2\/2023\/01\/nebih-768x346.png 768w, https:\/\/univet.hu\/allasborze\/wp-content\/uploads\/sites\/2\/2023\/01\/nebih-1024x461.png 1024w, https:\/\/univet.hu\/allasborze\/wp-content\/uploads\/sites\/2\/2023\/01\/nebih-300x135.png 300w, https:\/\/univet.hu\/allasborze\/wp-content\/uploads\/sites\/2\/2023\/01\/nebih.png 1500w\" sizes=\"auto, (max-width: 320px) 100vw, 320px\" \/><\/a><\/p> <p><span data-contrast=\"auto\">A Nemzeti \u00c9lelmiszerl\u00e1nc-biztons\u00e1gi Hivatal (N\u00e9bih) 2012. m\u00e1rcius 15-\u00e9n alakult meg. A hivatal az Agr\u00e1rminiszt\u00e9rium h\u00e1tt\u00e9rint\u00e9zm\u00e9nyek\u00e9nt orsz\u00e1gos hat\u00e1sk\u00f6rben fel\u00fcgyeli az \u00e9lelmiszerl\u00e1nc-biztons\u00e1gi szab\u00e1lyok betart\u00e1s\u00e1t, k\u00fczd az \u00e9lelmiszerhamis\u00edt\u00e1sok \u00e9s a feketegazdas\u00e1g ellen.<\/span><span data-ccp-props=\"{&quot;134233117&quot;:true,&quot;134233118&quot;:true,&quot;201341983&quot;:0,&quot;335551550&quot;:6,&quot;335551620&quot;:6,&quot;335559740&quot;:240}\">\u00a0<\/span><\/p> <p><span data-contrast=\"auto\">A hivatal k\u00fcldet\u00e9se a 2014-ben kidolgozott \u00c9lelmiszerl\u00e1nc-biztons\u00e1gi Strat\u00e9gi\u00e1ban megfogalmazott c\u00e9lkit\u0171z\u00e9sek megval\u00f3s\u00edt\u00e1sa, a magyar \u00e9lelmiszerl\u00e1nc-biztons\u00e1g v\u00e9delme \u00e9s jav\u00edt\u00e1sa a term\u0151f\u00f6ldt\u0151l az asztalig, valamint hozz\u00e1j\u00e1rul ahhoz, hogy a v\u00e1s\u00e1rl\u00f3 min\u0151s\u00e9gi \u00e9lelmiszerrel tal\u00e1lkozzon. Ennek \u00e9rdek\u00e9ben a hagyom\u00e1nyosnak mondott hat\u00f3s\u00e1gi int\u00e9zked\u00e9sek hat\u00e9konys\u00e1g\u00e1nak jav\u00edt\u00e1sa mellett a N\u00e9bih nagy figyelmet ford\u00edt az ellen\u0151rz\u00e9sekb\u0151l, vizsg\u00e1latokb\u00f3l ered\u0151 inform\u00e1ci\u00f3k gy\u0171jt\u00e9s\u00e9re, feldolgoz\u00e1s\u00e1ra \u00e9s k\u00f6z\u00e9rthet\u0151 m\u00f3don val\u00f3 megoszt\u00e1s\u00e1ra, kommunik\u00e1l\u00e1s\u00e1ra.\u00a0<\/span><\/p> <p><span data-contrast=\"auto\"><b>Tov\u00e1bbi inform\u00e1ci\u00f3k:<\/b>\u00a0<\/span><a href=\"https:\/\/portal.nebih.gov.hu\/\"><span data-contrast=\"none\">https:\/\/portal.nebih.gov.hu\/<\/span><\/a><span data-ccp-props=\"{&quot;201341983&quot;:0,&quot;335559739&quot;:160,&quot;335559740&quot;:259}\">\u00a0<\/span><\/p> <p><b><span data-contrast=\"auto\">A term\u0151f\u00f6ldt\u0151l az asztalig<\/span><\/b><span data-ccp-props=\"{&quot;201341983&quot;:0,&quot;335551550&quot;:6,&quot;335551620&quot;:6,&quot;335559739&quot;:0,&quot;335559740&quot;:240}\">\u00a0<\/span><\/p> <p><b><span data-contrast=\"auto\">A Nemzeti \u00c9lelmiszerl\u00e1nc-biztons\u00e1gi Hivatal az Agr\u00e1rminiszt\u00e9rium h\u00e1tt\u00e9rint\u00e9zm\u00e9nyek\u00e9nt orsz\u00e1gos hat\u00e1sk\u00f6rben fel\u00fcgyeli az \u00e9lelmiszerl\u00e1nc-biztons\u00e1gi szab\u00e1lyok betart\u00e1s\u00e1t, k\u00fczd az \u00e9lelmiszerhamis\u00edt\u00e1sok \u00e9s a feketegazdas\u00e1g ellen.<\/span><\/b><span data-ccp-props=\"{&quot;201341983&quot;:0,&quot;335551550&quot;:6,&quot;335551620&quot;:6,&quot;335559739&quot;:0,&quot;335559740&quot;:240}\">\u00a0<\/span><\/p> <p><span data-contrast=\"auto\">A magyarorsz\u00e1gi \u00e1llatorvosok mintegy 130 \u00e9ve, a hazai \u00e1llateg\u00e9szs\u00e9g\u00fcgyi szolg\u00e1lat l\u00e9trehoz\u00e1sa \u00f3ta foglalkoznak int\u00e9zm\u00e9nyesen az \u00e9lelmiszerl\u00e1nc v\u00e9delm\u00e9vel. A kor\u00e1bbi gener\u00e1ci\u00f3k szaktud\u00e1s\u00e1ra, eredm\u00e9nyeire \u00e9s hagyom\u00e1nyaira \u00e9p\u00edtve j\u00f6tt l\u00e9tre 2012-ben a Nemzeti \u00c9lelmiszerl\u00e1nc-biztons\u00e1gi Hivatal (N\u00e9bih), amely t\u00f6bb m\u00e1s szakter\u00fclet mellett integr\u00e1lta a j\u00e1rv\u00e1nyos \u00e1llatbetegs\u00e9gek megel\u0151z\u00e9se \u00e9s visszaszor\u00edt\u00e1sa \u00e9rdek\u00e9ben v\u00e9gzett munk\u00e1t, illetve az \u00e1llati term\u00e9kek el\u0151\u00e1ll\u00edt\u00e1s\u00e1nak \u00e9s forgalmaz\u00e1s\u00e1nak fel\u00fcgyelet\u00e9t.<\/span><span data-ccp-props=\"{&quot;201341983&quot;:0,&quot;335551550&quot;:6,&quot;335551620&quot;:6,&quot;335559739&quot;:0,&quot;335559740&quot;:240}\">\u00a0<\/span><\/p> <p><span data-contrast=\"auto\">Az \u00e1llateg\u00e9szs\u00e9g\u00fcggyel, az \u00e1llatv\u00e9delemmel \u00e9s az \u00e9lelmiszer-biztons\u00e1ggal kapcsolatos feladatokat jelenleg mintegy 200 \u00e1llatorvos l\u00e1tja el a N\u00e9bihben. Munk\u00e1nk rendk\u00edv\u00fcl szerte\u00e1gaz\u00f3, \u00e9s olyan szakter\u00fcleteket is mag\u00e1ba foglal, mint p\u00e9ld\u00e1ul az \u00e1llateg\u00e9szs\u00e9g\u00fcgyi diagnosztika, az \u00e1llatgy\u00f3gy\u00e1szati term\u00e9kek hat\u00f3s\u00e1gi fel\u00fcgyelete, az \u00e9lelmiszer-el\u0151\u00e1ll\u00edt\u00f3 v\u00e1llalkoz\u00e1sok hat\u00f3s\u00e1gi fel\u00fcgyelete, az \u00e1llatgenetika vagy az \u00e9lelmiszer-vizsgal\u00f3 laborat\u00f3riumi munka.<\/span><span data-ccp-props=\"{&quot;201341983&quot;:0,&quot;335551550&quot;:6,&quot;335551620&quot;:6,&quot;335559739&quot;:0,&quot;335559740&quot;:240}\">\u00a0<\/span><\/p> <p><span data-contrast=\"auto\">Ezeken k\u00edv\u00fcl a hivatal egyre t\u00f6bb er\u0151forr\u00e1st \u00e9s figyelmet ford\u00edt a feketegazdas\u00e1g, az \u00e9lelmiszerhamis\u00edt\u00e1s \u00e9s a csal\u00e1s elleni k\u00fczdelemre, illetve a szervezetben felhalmoz\u00f3dott tud\u00e1s megoszt\u00e1s\u00e1ra, a v\u00e1s\u00e1rl\u00f3i t\u00e1j\u00e9koztat\u00e1sra \u00e9s szeml\u00e9letform\u00e1l\u00e1sra. Az \u00e1llatorvos koll\u00e9g\u00e1k e tev\u00e9kenys\u00e9gekben is n\u00f6vekv\u0151 szerepet v\u00e1llalnak.<\/span><span data-ccp-props=\"{&quot;201341983&quot;:0,&quot;335551550&quot;:6,&quot;335551620&quot;:6,&quot;335559739&quot;:0,&quot;335559740&quot;:240}\">\u00a0<\/span><\/p> <p><span data-contrast=\"auto\">A N\u00e9bihben valamennyi felsorolt szakter\u00fcleten kiv\u00e1l\u00f3 lehet\u0151s\u00e9g k\u00edn\u00e1lkozik a kutat\u00f3munk\u00e1ra, a nemzetk\u00f6zi szervezetekkel val\u00f3 kapcsolattart\u00e1sra \u00e9s a szakmai tov\u00e1bbfejl\u0151d\u00e9sre.<\/span><span data-ccp-props=\"{&quot;201341983&quot;:0,&quot;335551550&quot;:6,&quot;335551620&quot;:6,&quot;335559739&quot;:0,&quot;335559740&quot;:240}\">\u00a0<\/span><\/p> <p><span data-contrast=\"auto\">A Nemzeti \u00c9lelmiszerl\u00e1nc-biztons\u00e1gi Hivatal ma egy korszer\u0171, nemzetk\u00f6zi \u00f6sszehasonl\u00edt\u00e1sban is p\u00e9lda\u00e9rt\u00e9k\u0171, hat\u00e9konyan m\u0171k\u00f6d\u0151 szervezet, ahol folyamatosan fejlesztj\u00fck az informatikai h\u00e1tteret \u00e9s a kock\u00e1zatelemz\u0151 rendszereinket. C\u00e9lunk, hogy min\u00e9l kev\u00e9sb\u00e9 zavarjuk meg a j\u00f3l m\u0171k\u00f6d\u0151, tisztess\u00e9ges v\u00e1llalkoz\u00e1sok napi m\u0171k\u00f6d\u00e9s\u00e9t, \u00e1m minden eddigin\u00e9l hat\u00e9konyabban kisz\u0171rhess\u00fck a vissza\u00e9l\u00e9seket, hogy n\u00f6velj\u00fck a v\u00e1s\u00e1rl\u00f3k biztons\u00e1g\u00e1t. Felel\u0151ss\u00e9gteljes, sz\u00e1mos szakmai kih\u00edv\u00e1st \u00e9s j\u00f3 fejl\u0151d\u00e9si lehet\u0151s\u00e9get k\u00edn\u00e1l\u00f3 hat\u00f3s\u00e1gk\u00e9nt m\u0171k\u00f6d\u00fcnk.<\/span><span data-ccp-props=\"{&quot;201341983&quot;:0,&quot;335551550&quot;:6,&quot;335551620&quot;:6,&quot;335559739&quot;:0,&quot;335559740&quot;:240}\">\u00a0<\/span><\/p>","protected":false},"excerpt":{"rendered":"<p>A Nemzeti \u00c9lelmiszerl\u00e1nc-biztons\u00e1gi Hivatal (N\u00e9bih) 2012. m\u00e1rcius 15-\u00e9n alakult meg. A hivatal az Agr\u00e1rminiszt\u00e9rium h\u00e1tt\u00e9rint\u00e9zm\u00e9nyek\u00e9nt orsz\u00e1gos hat\u00e1sk\u00f6rben fel\u00fcgyeli az \u00e9lelmiszerl\u00e1nc-biztons\u00e1gi szab\u00e1lyok betart\u00e1s\u00e1t, k\u00fczd az \u00e9lelmiszerhamis\u00edt\u00e1sok \u00e9s a feketegazdas\u00e1g ellen.\u00a0 A hivatal k\u00fcldet\u00e9se a 2014-ben kidolgozott \u00c9lelmiszerl\u00e1nc-biztons\u00e1gi Strat\u00e9gi\u00e1ban megfogalmazott c\u00e9lkit\u0171z\u00e9sek megval\u00f3s\u00edt\u00e1sa, a magyar \u00e9lelmiszerl\u00e1nc-biztons\u00e1g v\u00e9delme \u00e9s jav\u00edt\u00e1sa a term\u0151f\u00f6ldt\u0151l az asztalig, valamint hozz\u00e1j\u00e1rul ahhoz, hogy a<\/p>\n","protected":false},"author":2518,"featured_media":0,"parent":80830,"menu_order":0,"comment_status":"open","ping_status":"open","template":"","meta":{"_acf_changed":false,"footnotes":""},"categories":[],"tags":[],"class_list":["post-81533","page","type-page","status-publish","hentry"],"acf":[],"yoast_head":"<!-- This site is optimized with the Yoast SEO plugin v27.2 - https:\/\/yoast.com\/product\/yoast-seo-wordpress\/ -->\n<title>Nemzeti \u00c9lelmiszerl\u00e1nc-biztons\u00e1gi Hivatal - \u00c1ll\u00e1sb\u00f6rze<\/title>\n<meta name=\"robots\" content=\"index, follow, max-snippet:-1, max-image-preview:large, max-video-preview:-1\" \/>\n<link rel=\"canonical\" href=\"https:\/\/univet.hu\/allasborze\/allasborze-2023\/kiallitok\/nemzeti-elelmiszerlanc-biztonsagi-hivatal\/\" \/>\n<meta property=\"og:locale\" content=\"hu_HU\" \/>\n<meta property=\"og:type\" content=\"article\" \/>\n<meta property=\"og:title\" content=\"Nemzeti \u00c9lelmiszerl\u00e1nc-biztons\u00e1gi Hivatal - \u00c1ll\u00e1sb\u00f6rze\" \/>\n<meta property=\"og:description\" content=\"A Nemzeti \u00c9lelmiszerl\u00e1nc-biztons\u00e1gi Hivatal (N\u00e9bih) 2012. m\u00e1rcius 15-\u00e9n alakult meg. A hivatal az Agr\u00e1rminiszt\u00e9rium h\u00e1tt\u00e9rint\u00e9zm\u00e9nyek\u00e9nt orsz\u00e1gos hat\u00e1sk\u00f6rben fel\u00fcgyeli az \u00e9lelmiszerl\u00e1nc-biztons\u00e1gi szab\u00e1lyok betart\u00e1s\u00e1t, k\u00fczd az \u00e9lelmiszerhamis\u00edt\u00e1sok \u00e9s a feketegazdas\u00e1g ellen.\u00a0 A hivatal k\u00fcldet\u00e9se a 2014-ben kidolgozott \u00c9lelmiszerl\u00e1nc-biztons\u00e1gi Strat\u00e9gi\u00e1ban megfogalmazott c\u00e9lkit\u0171z\u00e9sek megval\u00f3s\u00edt\u00e1sa, a magyar \u00e9lelmiszerl\u00e1nc-biztons\u00e1g v\u00e9delme \u00e9s jav\u00edt\u00e1sa a term\u0151f\u00f6ldt\u0151l az asztalig, valamint hozz\u00e1j\u00e1rul ahhoz, hogy a\" \/>\n<meta property=\"og:url\" content=\"https:\/\/univet.hu\/allasborze\/allasborze-2023\/kiallitok\/nemzeti-elelmiszerlanc-biztonsagi-hivatal\/\" \/>\n<meta property=\"og:site_name\" content=\"\u00c1ll\u00e1sb\u00f6rze\" \/>\n<meta property=\"article:modified_time\" content=\"2025-01-10T12:55:03+00:00\" \/>\n<meta property=\"og:image\" content=\"https:\/\/univet.hu\/allasborze\/wp-content\/uploads\/sites\/2\/2023\/01\/nebih-320x144.png\" \/>\n<meta name=\"twitter:card\" content=\"summary_large_image\" \/>\n<meta name=\"twitter:label1\" content=\"Becs\u00fclt olvas\u00e1si id\u0151\" \/>\n\t<meta name=\"twitter:data1\" content=\"3 perc\" \/>\n<script type=\"application\/ld+json\" class=\"yoast-schema-graph\">{\"@context\":\"https:\/\/schema.org\",\"@graph\":[{\"@type\":\"WebPage\",\"@id\":\"https:\/\/univet.hu\/allasborze\/allasborze-2023\/kiallitok\/nemzeti-elelmiszerlanc-biztonsagi-hivatal\/\",\"url\":\"https:\/\/univet.hu\/allasborze\/allasborze-2023\/kiallitok\/nemzeti-elelmiszerlanc-biztonsagi-hivatal\/\",\"name\":\"Nemzeti \u00c9lelmiszerl\u00e1nc-biztons\u00e1gi Hivatal - \u00c1ll\u00e1sb\u00f6rze\",\"isPartOf\":{\"@id\":\"https:\/\/univet.hu\/allasborze\/#website\"},\"primaryImageOfPage\":{\"@id\":\"https:\/\/univet.hu\/allasborze\/allasborze-2023\/kiallitok\/nemzeti-elelmiszerlanc-biztonsagi-hivatal\/#primaryimage\"},\"image\":{\"@id\":\"https:\/\/univet.hu\/allasborze\/allasborze-2023\/kiallitok\/nemzeti-elelmiszerlanc-biztonsagi-hivatal\/#primaryimage\"},\"thumbnailUrl\":\"https:\/\/univet.hu\/allasborze\/wp-content\/uploads\/sites\/2\/2023\/01\/nebih-320x144.png\",\"datePublished\":\"2023-01-09T07:42:43+00:00\",\"dateModified\":\"2025-01-10T12:55:03+00:00\",\"breadcrumb\":{\"@id\":\"https:\/\/univet.hu\/allasborze\/allasborze-2023\/kiallitok\/nemzeti-elelmiszerlanc-biztonsagi-hivatal\/#breadcrumb\"},\"inLanguage\":\"hu\",\"potentialAction\":[{\"@type\":\"ReadAction\",\"target\":[\"https:\/\/univet.hu\/allasborze\/allasborze-2023\/kiallitok\/nemzeti-elelmiszerlanc-biztonsagi-hivatal\/\"]}]},{\"@type\":\"ImageObject\",\"inLanguage\":\"hu\",\"@id\":\"https:\/\/univet.hu\/allasborze\/allasborze-2023\/kiallitok\/nemzeti-elelmiszerlanc-biztonsagi-hivatal\/#primaryimage\",\"url\":\"https:\/\/univet.hu\/allasborze\/wp-content\/uploads\/sites\/2\/2023\/01\/nebih.png\",\"contentUrl\":\"https:\/\/univet.hu\/allasborze\/wp-content\/uploads\/sites\/2\/2023\/01\/nebih.png\",\"width\":1500,\"height\":675},{\"@type\":\"BreadcrumbList\",\"@id\":\"https:\/\/univet.hu\/allasborze\/allasborze-2023\/kiallitok\/nemzeti-elelmiszerlanc-biztonsagi-hivatal\/#breadcrumb\",\"itemListElement\":[{\"@type\":\"ListItem\",\"position\":1,\"name\":\"Kezd\u0151lap\",\"item\":\"https:\/\/univet.hu\/allasborze\/\"},{\"@type\":\"ListItem\",\"position\":2,\"name\":\"\u00c1ll\u00e1sb\u00f6rze 2023\",\"item\":\"https:\/\/univet.hu\/allasborze\/allasborze-2023\/\"},{\"@type\":\"ListItem\",\"position\":3,\"name\":\"Ki\u00e1ll\u00edt\u00f3k\",\"item\":\"https:\/\/univet.hu\/allasborze\/allasborze-2023\/kiallitok\/\"},{\"@type\":\"ListItem\",\"position\":4,\"name\":\"Nemzeti \u00c9lelmiszerl\u00e1nc-biztons\u00e1gi Hivatal\"}]},{\"@type\":\"WebSite\",\"@id\":\"https:\/\/univet.hu\/allasborze\/#website\",\"url\":\"https:\/\/univet.hu\/allasborze\/\",\"name\":\"\u00c1ll\u00e1sb\u00f6rze\",\"description\":\"\",\"potentialAction\":[{\"@type\":\"SearchAction\",\"target\":{\"@type\":\"EntryPoint\",\"urlTemplate\":\"https:\/\/univet.hu\/allasborze\/?s={search_term_string}\"},\"query-input\":{\"@type\":\"PropertyValueSpecification\",\"valueRequired\":true,\"valueName\":\"search_term_string\"}}],\"inLanguage\":\"hu\"}]}<\/script>\n<!-- \/ Yoast SEO plugin. -->","yoast_head_json":{"title":"Nemzeti \u00c9lelmiszerl\u00e1nc-biztons\u00e1gi Hivatal - \u00c1ll\u00e1sb\u00f6rze","robots":{"index":"index","follow":"follow","max-snippet":"max-snippet:-1","max-image-preview":"max-image-preview:large","max-video-preview":"max-video-preview:-1"},"canonical":"https:\/\/univet.hu\/allasborze\/allasborze-2023\/kiallitok\/nemzeti-elelmiszerlanc-biztonsagi-hivatal\/","og_locale":"hu_HU","og_type":"article","og_title":"Nemzeti \u00c9lelmiszerl\u00e1nc-biztons\u00e1gi Hivatal - \u00c1ll\u00e1sb\u00f6rze","og_description":"A Nemzeti \u00c9lelmiszerl\u00e1nc-biztons\u00e1gi Hivatal (N\u00e9bih) 2012. m\u00e1rcius 15-\u00e9n alakult meg. A hivatal az Agr\u00e1rminiszt\u00e9rium h\u00e1tt\u00e9rint\u00e9zm\u00e9nyek\u00e9nt orsz\u00e1gos hat\u00e1sk\u00f6rben fel\u00fcgyeli az \u00e9lelmiszerl\u00e1nc-biztons\u00e1gi szab\u00e1lyok betart\u00e1s\u00e1t, k\u00fczd az \u00e9lelmiszerhamis\u00edt\u00e1sok \u00e9s a feketegazdas\u00e1g ellen.\u00a0 A hivatal k\u00fcldet\u00e9se a 2014-ben kidolgozott \u00c9lelmiszerl\u00e1nc-biztons\u00e1gi Strat\u00e9gi\u00e1ban megfogalmazott c\u00e9lkit\u0171z\u00e9sek megval\u00f3s\u00edt\u00e1sa, a magyar \u00e9lelmiszerl\u00e1nc-biztons\u00e1g v\u00e9delme \u00e9s jav\u00edt\u00e1sa a term\u0151f\u00f6ldt\u0151l az asztalig, valamint hozz\u00e1j\u00e1rul ahhoz, hogy a","og_url":"https:\/\/univet.hu\/allasborze\/allasborze-2023\/kiallitok\/nemzeti-elelmiszerlanc-biztonsagi-hivatal\/","og_site_name":"\u00c1ll\u00e1sb\u00f6rze","article_modified_time":"2025-01-10T12:55:03+00:00","og_image":[{"url":"https:\/\/univet.hu\/allasborze\/wp-content\/uploads\/sites\/2\/2023\/01\/nebih-320x144.png","type":"","width":"","height":""}],"twitter_card":"summary_large_image","twitter_misc":{"Becs\u00fclt olvas\u00e1si id\u0151":"3 perc"},"schema":{"@context":"https:\/\/schema.org","@graph":[{"@type":"WebPage","@id":"https:\/\/univet.hu\/allasborze\/allasborze-2023\/kiallitok\/nemzeti-elelmiszerlanc-biztonsagi-hivatal\/","url":"https:\/\/univet.hu\/allasborze\/allasborze-2023\/kiallitok\/nemzeti-elelmiszerlanc-biztonsagi-hivatal\/","name":"Nemzeti \u00c9lelmiszerl\u00e1nc-biztons\u00e1gi Hivatal - \u00c1ll\u00e1sb\u00f6rze","isPartOf":{"@id":"https:\/\/univet.hu\/allasborze\/#website"},"primaryImageOfPage":{"@id":"https:\/\/univet.hu\/allasborze\/allasborze-2023\/kiallitok\/nemzeti-elelmiszerlanc-biztonsagi-hivatal\/#primaryimage"},"image":{"@id":"https:\/\/univet.hu\/allasborze\/allasborze-2023\/kiallitok\/nemzeti-elelmiszerlanc-biztonsagi-hivatal\/#primaryimage"},"thumbnailUrl":"https:\/\/univet.hu\/allasborze\/wp-content\/uploads\/sites\/2\/2023\/01\/nebih-320x144.png","datePublished":"2023-01-09T07:42:43+00:00","dateModified":"2025-01-10T12:55:03+00:00","breadcrumb":{"@id":"https:\/\/univet.hu\/allasborze\/allasborze-2023\/kiallitok\/nemzeti-elelmiszerlanc-biztonsagi-hivatal\/#breadcrumb"},"inLanguage":"hu","potentialAction":[{"@type":"ReadAction","target":["https:\/\/univet.hu\/allasborze\/allasborze-2023\/kiallitok\/nemzeti-elelmiszerlanc-biztonsagi-hivatal\/"]}]},{"@type":"ImageObject","inLanguage":"hu","@id":"https:\/\/univet.hu\/allasborze\/allasborze-2023\/kiallitok\/nemzeti-elelmiszerlanc-biztonsagi-hivatal\/#primaryimage","url":"https:\/\/univet.hu\/allasborze\/wp-content\/uploads\/sites\/2\/2023\/01\/nebih.png","contentUrl":"https:\/\/univet.hu\/allasborze\/wp-content\/uploads\/sites\/2\/2023\/01\/nebih.png","width":1500,"height":675},{"@type":"BreadcrumbList","@id":"https:\/\/univet.hu\/allasborze\/allasborze-2023\/kiallitok\/nemzeti-elelmiszerlanc-biztonsagi-hivatal\/#breadcrumb","itemListElement":[{"@type":"ListItem","position":1,"name":"Kezd\u0151lap","item":"https:\/\/univet.hu\/allasborze\/"},{"@type":"ListItem","position":2,"name":"\u00c1ll\u00e1sb\u00f6rze 2023","item":"https:\/\/univet.hu\/allasborze\/allasborze-2023\/"},{"@type":"ListItem","position":3,"name":"Ki\u00e1ll\u00edt\u00f3k","item":"https:\/\/univet.hu\/allasborze\/allasborze-2023\/kiallitok\/"},{"@type":"ListItem","position":4,"name":"Nemzeti \u00c9lelmiszerl\u00e1nc-biztons\u00e1gi Hivatal"}]},{"@type":"WebSite","@id":"https:\/\/univet.hu\/allasborze\/#website","url":"https:\/\/univet.hu\/allasborze\/","name":"\u00c1ll\u00e1sb\u00f6rze","description":"","potentialAction":[{"@type":"SearchAction","target":{"@type":"EntryPoint","urlTemplate":"https:\/\/univet.hu\/allasborze\/?s={search_term_string}"},"query-input":{"@type":"PropertyValueSpecification","valueRequired":true,"valueName":"search_term_string"}}],"inLanguage":"hu"}]}},"_links":{"self":[{"href":"https:\/\/univet.hu\/allasborze\/wp-json\/wp\/v2\/pages\/81533","targetHints":{"allow":["GET"]}}],"collection":[{"href":"https:\/\/univet.hu\/allasborze\/wp-json\/wp\/v2\/pages"}],"about":[{"href":"https:\/\/univet.hu\/allasborze\/wp-json\/wp\/v2\/types\/page"}],"author":[{"embeddable":true,"href":"https:\/\/univet.hu\/allasborze\/wp-json\/wp\/v2\/users\/2518"}],"replies":[{"embeddable":true,"href":"https:\/\/univet.hu\/allasborze\/wp-json\/wp\/v2\/comments?post=81533"}],"version-history":[{"count":1,"href":"https:\/\/univet.hu\/allasborze\/wp-json\/wp\/v2\/pages\/81533\/revisions"}],"predecessor-version":[{"id":172680,"href":"https:\/\/univet.hu\/allasborze\/wp-json\/wp\/v2\/pages\/81533\/revisions\/172680"}],"up":[{"embeddable":true,"href":"https:\/\/univet.hu\/allasborze\/wp-json\/wp\/v2\/pages\/80830"}],"wp:attachment":[{"href":"https:\/\/univet.hu\/allasborze\/wp-json\/wp\/v2\/media?parent=81533"}],"wp:term":[{"taxonomy":"category","embeddable":true,"href":"https:\/\/univet.hu\/allasborze\/wp-json\/wp\/v2\/categories?post=81533"},{"taxonomy":"post_tag","embeddable":true,"href":"https:\/\/univet.hu\/allasborze\/wp-json\/wp\/v2\/tags?post=81533"}],"curies":[{"name":"wp","href":"https:\/\/api.w.org\/{rel}","templated":true}]}}